{"id":1561,"date":"2024-03-06T13:24:57","date_gmt":"2024-03-06T13:24:57","guid":{"rendered":"https:\/\/twind.io\/cl\/?page_id=1561"},"modified":"2024-08-06T08:11:11","modified_gmt":"2024-08-06T08:11:11","slug":"fortalece-el-control-de-contratistas","status":"publish","type":"page","link":"https:\/\/twind.io\/cl\/fortalece-el-control-de-contratistas\/","title":{"rendered":"Webinar Fortalece el control de contratistas Comercial Marzo"},"content":{"rendered":"<p><span style=\"\"><img decoding=\"async\" alt=\"Logo twind by ctaima\" data-id=\"1293\" width=\"177\" data-init-width=\"697\" height=\"53\" data-init-height=\"209\" title=\"Logo twind by ctaima\" src=\"https:\/\/twind.io\/cl\/wp-content\/uploads\/2024\/03\/logo-twind-by-ctaima.png\" data-width=\"177\" data-height=\"53\" style=\"aspect-ratio: auto 697 \/ 209;\" mt-d=\"-0.5313000000000017\" ml-d=\"0\" center-v-d=\"false\" loading=\"lazy\"><\/span><\/p>\n<p style=\"text-align: center;\">Webinar gratuito<\/p>\n<h2 style=\"text-align: center;\"><strong><span dir=\"ltr\">Fortalece el Control de Contratistas con Twind<\/span><\/strong><\/h2>\n<p style=\"\"><span data-contrast=\"auto\" lang=\"ES-ES\" style=\"\"><strong>\u00bfTe preocupan los riesgos laborales en tu centro de trabajo? <\/strong><strong>\u00bfQuieres llevar al d\u00eda el Control de Contratistas?<\/strong>&nbsp;<\/span><\/p>\n<p style=\"\"><span data-contrast=\"auto\" lang=\"ES-ES\" style=\"\">Descubre c\u00f3mo Twind, el software de control y gesti\u00f3n de contratistas puede ayudarte a mejorar la gesti\u00f3n de la calificaci\u00f3n, la inducci\u00f3n, la documentaci\u00f3n de tus proveedores, los permisos de trabajo y el control de accesos.<\/span><\/p>\n<p style=\"\"><strong><span data-contrast=\"auto\" lang=\"ES-ES\">\u00bfPor qu\u00e9 deber\u00edas unirte a este webinar?<\/span><\/strong><\/p>\n<p><span data-contrast=\"auto\" lang=\"ES-ES\" style=\"font-family: Poppins; font-weight: 400; --tcb-applied-color: var$(--tcb-color-1) !important; color: var(--tcb-color-1) !important;\">\u2705 Aprende sobre la importancia de la gesti\u00f3n efectiva de contratistas en 2024.<\/span><\/p>\n<p><span data-contrast=\"auto\" lang=\"ES-ES\" style=\"font-family: Poppins; font-weight: 400; --tcb-applied-color: var$(--tcb-color-1) !important; color: var(--tcb-color-1) !important;\">\u2705 Descubre c\u00f3mo Twind puede ser la soluci\u00f3n integral para fortalecer tu gesti\u00f3n de riesgos de contratistas y cumplir con las regulaciones.\u2705 Entiende c\u00f3mo Twind configura y gestiona los requisitos de calificaci\u00f3n, el control de accesos y los permisos de trabajo digitalmente. \u2705 Explora c\u00f3mo Twind realiza controles de acceso para garantizar que solo accedan a tus instalaciones trabajadores, veh\u00edculos y maquinaria que cumplan la normativa HSE.<\/span><\/p>\n<h3 style=\"text-align: center;\">Completa el formulario<\/h3>\n<p style=\"text-align: center;\">Te enviaremos el acceso por email<\/p>\n<p style=\"\"><span style=\"font-size: 12px;\">INFORMACI\u00d3N PROTECCI\u00d3N DE DATOS DE GRUPO CTAIMA Finalidades: Responder a sus solicitudes y remitirle informaci\u00f3n comercial de nuestros productos y servicios, incluso por medios electr\u00f3nicos. Derechos: Puede retirar su consentimiento en cualquier momento, as\u00ed como acceder, rectificar, suprimir sus datos y dem\u00e1s derechos en delegado-datos@ctaima.com. Informaci\u00f3n Adicional: Puede ampliar la informaci\u00f3n en el enlace de Pol\u00edtica de Privacidad<\/span>.<\/p>\n<h3 style=\"text-align: center;\"><\/h3>\n<p style=\"text-align: center;\"><span data-ccp-props=\"{&quot;201341983&quot;:0,&quot;335559739&quot;:160,&quot;335559740&quot;:259}\" style=\"\"><strong><strong>Presentado por:<\/strong><\/strong><\/span><\/p>\n<p><span style=\"\"><img decoding=\"async\" alt=\"\" data-id=\"1793\" width=\"181\" data-init-width=\"651\" height=\"143\" data-init-height=\"516\" title=\"Claudio\" src=\"https:\/\/twind.io\/cl\/wp-content\/uploads\/2024\/03\/image-7.png\" data-width=\"181\" data-height=\"143\" style=\"aspect-ratio: auto 651 \/ 516;\" mt-d=\"0\" ml-d=\"-19\" center-v-d=\"false\" mt-t=\"-7.391000000000005\" ml-t=\"0\" center-h-d=\"false\" loading=\"lazy\"><\/span><\/p>\n<p style=\"text-align: left;\"><span data-ccp-props=\"{&quot;201341983&quot;:0,&quot;335559739&quot;:160,&quot;335559740&quot;:259}\"><strong><span style=\"font-size: 16px !important; --tcb-applied-color: var$(--tcb-skin-color-0) !important; color: var(--tcb-skin-color-0) !important;\">Claudio Salvador<\/span><\/strong><\/span><\/p>\n<p style=\"text-align: left;\"><span data-ccp-props=\"{&quot;201341983&quot;:0,&quot;335559739&quot;:160,&quot;335559740&quot;:259}\" style=\"font-size: 14px !important;\">Head of Sales and Operations Chile<\/span><\/p>\n<p style=\"text-align: left;\"><span data-ccp-props=\"{&quot;201341983&quot;:0,&quot;335559739&quot;:160,&quot;335559740&quot;:259}\" style=\"font-size: 14px !important;\">CTAIMA<\/span><\/p>\n<p><span><img decoding=\"async\" alt=\"\" data-id=\"1561\" width=\"144\" data-init-width=\"294\" height=\"144\" data-init-height=\"293\" title=\"IMG_0394 (1) (1)\" src=\"https:\/\/twind.io\/cl\/wp-content\/uploads\/2024\/03\/IMG_0394-1-1.png\" data-width=\"144\" data-height=\"144\" style=\"aspect-ratio: auto 294 \/ 293;\" loading=\"lazy\"><\/span><\/p>\n<p style=\"text-align: left;\"><span data-ccp-props=\"{&quot;201341983&quot;:0,&quot;335559739&quot;:160,&quot;335559740&quot;:259}\"><strong><span style=\"font-size: 16px !important; --tcb-applied-color: var$(--tcb-skin-color-0) !important; color: var(--tcb-skin-color-0) !important;\">M.Pau Moli<\/span><\/strong><\/span><\/p>\n<p style=\"text-align: left;\"><span data-ccp-props=\"{&quot;201341983&quot;:0,&quot;335559739&quot;:160,&quot;335559740&quot;:259}\" style=\"font-size: 14px !important;\">Product Marketing Manager<\/span><\/p>\n<p style=\"text-align: left;\"><span data-ccp-props=\"{&quot;201341983&quot;:0,&quot;335559739&quot;:160,&quot;335559740&quot;:259}\" style=\"font-size: 14px !important;\">CTAIMA<\/span><\/p>\n","protected":false},"excerpt":{"rendered":"<p>Webinar gratuito Fortalece el Control de Contratistas con Twind \u00bfTe preocupan los riesgos laborales en tu centro de trabajo? \u00bfQuieres llevar al d\u00eda el Control de Contratistas?&nbsp; Descubre c\u00f3mo Twind, el software de control y gesti\u00f3n de contratistas puede ayudarte a mejorar la gesti\u00f3n de la calificaci\u00f3n, la inducci\u00f3n, la documentaci\u00f3n de tus proveedores, los [&hellip;]<\/p>\n","protected":false},"author":1,"featured_media":1055,"parent":0,"menu_order":0,"comment_status":"closed","ping_status":"closed","template":"","meta":{"footnotes":""},"class_list":["post-1561","page","type-page","status-publish","has-post-thumbnail","hentry","post-wrapper","thrv_wrapper"],"_links":{"self":[{"href":"https:\/\/twind.io\/cl\/wp-json\/wp\/v2\/pages\/1561","targetHints":{"allow":["GET"]}}],"collection":[{"href":"https:\/\/twind.io\/cl\/wp-json\/wp\/v2\/pages"}],"about":[{"href":"https:\/\/twind.io\/cl\/wp-json\/wp\/v2\/types\/page"}],"author":[{"embeddable":true,"href":"https:\/\/twind.io\/cl\/wp-json\/wp\/v2\/users\/1"}],"replies":[{"embeddable":true,"href":"https:\/\/twind.io\/cl\/wp-json\/wp\/v2\/comments?post=1561"}],"version-history":[{"count":6,"href":"https:\/\/twind.io\/cl\/wp-json\/wp\/v2\/pages\/1561\/revisions"}],"predecessor-version":[{"id":2242,"href":"https:\/\/twind.io\/cl\/wp-json\/wp\/v2\/pages\/1561\/revisions\/2242"}],"wp:featuredmedia":[{"embeddable":true,"href":"https:\/\/twind.io\/cl\/wp-json\/wp\/v2\/media\/1055"}],"wp:attachment":[{"href":"https:\/\/twind.io\/cl\/wp-json\/wp\/v2\/media?parent=1561"}],"curies":[{"name":"wp","href":"https:\/\/api.w.org\/{rel}","templated":true}]}}