{"id":1227,"date":"2023-10-10T06:43:30","date_gmt":"2023-10-10T06:43:30","guid":{"rendered":"https:\/\/twind.io\/co\/?page_id=1227"},"modified":"2025-09-22T09:04:38","modified_gmt":"2025-09-22T09:04:38","slug":"plantilla-de-hse-en-ppt-para-presentaciones-de-sst","status":"publish","type":"page","link":"https:\/\/twind.io\/co\/plantilla-de-hse-en-ppt-para-presentaciones-de-sst\/","title":{"rendered":"Plantilla de HSE en PPT para Presentaciones de SST"},"content":{"rendered":"<p><span style=\"\"><img decoding=\"async\" alt=\"Logo twind by ctaima\" data-id=\"1293\" width=\"270\" data-init-width=\"697\" height=\"81\" data-init-height=\"209\" title=\"Logo twind by ctaima\" src=\"https:\/\/twind.io\/co\/wp-content\/uploads\/2023\/10\/logo-twind-by-ctaima.png\" data-width=\"270\" data-height=\"81\" style=\"aspect-ratio: auto 697 \/ 209;\" mt-d=\"0\" ml-d=\"0\" center-v-d=\"true\" loading=\"lazy\"><\/span><\/p>\n<h3 style=\"text-align: center;\">Plantilla de PowerPoint Gratuita<\/h3>\n<h1 style=\"text-align: center;\"><span data-contrast=\"none\" lang=\"ES-ES\" style=\"\"><span data-ccp-parastyle=\"heading 2\" style=\"\"><span data-contrast=\"auto\" lang=\"ES-ES\" style=\"\"><span dir=\"ltr\" style=\"\">Potencia tus presentaciones de SST<\/span><\/span><\/span><\/span><\/h1>\n<h2 style=\"text-align: center;\"><strong>Descarg<span style=\"\">a gratis la Pl<\/span>antilla en PPT, ed\u00edtala y presenta tus acciones preventivas a la gerencia y stakeholders<\/strong><\/h2>\n<p><span><img decoding=\"async\" alt=\"Plantilla de PowerPoint Gratuita\" data-id=\"26752\" width=\"542\" data-init-width=\"2167\" height=\"640\" data-init-height=\"2560\" title=\"Plantilla de PowerPoint Gratuita\" loading=\"lazy\" src=\"https:\/\/twind.io\/co\/wp-content\/uploads\/2023\/10\/Tavola-da-disegno-1-copia-5-scaled-1.jpg\" data-width=\"542\" style=\"aspect-ratio: auto 2167 \/ 2560;\" data-height=\"640\"><\/span><\/p>\n<p style=\"\">\u00bfNecesitas ense\u00f1ar el plan de auditor\u00eda de la ISO 45001?<\/p>\n<p style=\"\">\u00bfPresentar ideas frescas de programas de bienestar laboral?<\/p>\n<p style=\"\">\u00bfO mostrar tus resultados preventivos con una excelente presentaci\u00f3n de PPT?&nbsp;<\/p>\n<p style=\"\">Nuestra Plantilla de PowerPoint (lista para usar y f\u00e1cilmente editable) te <strong>ahorrar\u00e1 mucho tiempo<\/strong> y te ayudar\u00e1 a <strong>destacar<\/strong>.&nbsp;<\/p>\n\n\t\t\t\t\t\t<script>\n\t\t\t\t\t\t\twindow.hsFormsOnReady = window.hsFormsOnReady || [];\n\t\t\t\t\t\t\twindow.hsFormsOnReady.push(()=>{\n\t\t\t\t\t\t\t\thbspt.forms.create({\n\t\t\t\t\t\t\t\t\tportalId: 146424663,\n\t\t\t\t\t\t\t\t\tformId: \"69597ee1-c7cd-4e5d-9eda-b0ded577e49a\",\n\t\t\t\t\t\t\t\t\ttarget: \"#hbspt-form-1775407863000-0005818655\",\n\t\t\t\t\t\t\t\t\tregion: \"eu1\",\n\t\t\t\t\t\t\t\t\t\n\t\t\t\t\t\t\t})});\n\t\t\t\t\t\t<\/script>\n\t\t\t\t\t\t<div class=\"hbspt-form\" id=\"hbspt-form-1775407863000-0005818655\"><\/div>\n<h3 style=\"text-align: center;\"><\/h3>\n<h1 style=\"text-align: center;\"><span data-contrast=\"none\" lang=\"ES-ES\"><span data-ccp-parastyle=\"heading 2\"><span data-contrast=\"auto\" lang=\"ES-ES\"><span dir=\"ltr\">Presentar las acciones del \u00e1rea de SST y los indicadores preventivos nunca fue tan f\u00e1cil<\/span><\/span><\/span><\/span><\/h1>\n<ul>\n<li style=\"\"><strong>Ahorra tiempo<\/strong>: Olv\u00eddate de crear diapositivas desde cero. Nuestra plantilla lista para usar te permite centrarte en el contenido esencial.<\/li>\n<li style=\"\"><strong>Creatividad sin l\u00edmites<\/strong>: Accede a una amplia selecci\u00f3n de diapositivas creativas de HSE que har\u00e1n que tu presentaci\u00f3n destaque.<\/li>\n<li style=\"\"><strong>Dise\u00f1o de alta calidad<\/strong>: Dise\u00f1ada espec\u00edficamente para el equipo de Seguridad y Salud en el Trabajo, nuestra plantilla resalta tus datos con infograf\u00edas, im\u00e1genes, iconos y m\u00e1s.<\/li>\n<li style=\"\"><strong>Muestra tu valor<\/strong>: Destaca tus ideas y el trabajo de tu equipo de manera profesional y completa.<\/li>\n<li style=\"\"><strong>Totalmente adaptable<\/strong>: Esta plantilla vers\u00e1til se ajusta a tus necesidades para exposiciones impactantes.<\/li>\n<\/ul>\n<p><span style=\"\"><img decoding=\"async\" alt=\"Plantilla para prevencionistas\" data-id=\"26751\" width=\"594\" data-init-width=\"2560\" height=\"424\" data-init-height=\"1829\" title=\"Plantilla para prevencionistas\" loading=\"lazy\" src=\"https:\/\/twind.io\/co\/wp-content\/uploads\/2023\/10\/Mesa-de-trabajo-1-copia-scaled-1.jpg\" data-width=\"594\" data-height=\"424\" style=\"aspect-ratio: auto 2560 \/ 1829;\" mt-d=\"0\" ml-d=\"0\" ml-m=\"0\" mt-m=\"0\" center-h-d=\"true\"><\/span><\/p>\n<h2 style=\"text-align: center;\">\u00bfListo para elevar tus presentaciones al siguiente nivel?&nbsp;<\/h2>\n","protected":false},"excerpt":{"rendered":"<p>Plantilla de PowerPoint Gratuita Potencia tus presentaciones de SST Descarga gratis la Plantilla en PPT, ed\u00edtala y presenta tus acciones preventivas a la gerencia y stakeholders \u00bfNecesitas ense\u00f1ar el plan de auditor\u00eda de la ISO 45001? \u00bfPresentar ideas frescas de programas de bienestar laboral? \u00bfO mostrar tus resultados preventivos con una excelente presentaci\u00f3n de PPT?&nbsp; [&hellip;]<\/p>\n","protected":false},"author":1,"featured_media":1232,"parent":0,"menu_order":0,"comment_status":"closed","ping_status":"closed","template":"","meta":{"content-type":"","footnotes":""},"class_list":["post-1227","page","type-page","status-publish","has-post-thumbnail","hentry","post-wrapper","thrv_wrapper"],"yoast_head":"<!-- This site is optimized with the Yoast SEO plugin v27.2 - https:\/\/yoast.com\/product\/yoast-seo-wordpress\/ -->\n<title>Plantilla de HSE en PPT para Presentaciones de SST<\/title>\n<meta name=\"description\" content=\"Descarga gratis nuestra Plantilla de HSE en PPT, personal\u00edzala y comunica de manera efectiva tus acciones preventivas\" \/>\n<meta name=\"robots\" content=\"noindex, nofollow\" \/>\n<meta property=\"og:locale\" content=\"es_ES\" \/>\n<meta property=\"og:type\" content=\"article\" \/>\n<meta property=\"og:title\" content=\"Plantilla de HSE en PPT para Presentaciones de SST\" \/>\n<meta property=\"og:description\" content=\"Descarga gratis nuestra Plantilla de HSE en PPT, personal\u00edzala y comunica de manera efectiva tus acciones preventivas\" \/>\n<meta property=\"og:url\" content=\"https:\/\/twind.io\/co\/plantilla-de-hse-en-ppt-para-presentaciones-de-sst\/\" \/>\n<meta property=\"og:site_name\" content=\"Twind - Plataforma Gesti\u00f3n Documental de Contratistas\" \/>\n<meta property=\"article:modified_time\" content=\"2025-09-22T09:04:38+00:00\" \/>\n<meta property=\"og:image\" content=\"https:\/\/twind.io\/co\/wp-content\/uploads\/2023\/10\/Tavola-da-disegno-1-copia-5-scaled-1.jpg\" \/>\n\t<meta property=\"og:image:width\" content=\"2167\" \/>\n\t<meta property=\"og:image:height\" content=\"2560\" \/>\n\t<meta property=\"og:image:type\" content=\"image\/jpeg\" \/>\n<meta name=\"twitter:card\" content=\"summary_large_image\" \/>\n<script type=\"application\/ld+json\" class=\"yoast-schema-graph\">{\"@context\":\"https:\/\/schema.org\",\"@graph\":[{\"@type\":\"WebPage\",\"@id\":\"https:\/\/twind.io\/co\/plantilla-de-hse-en-ppt-para-presentaciones-de-sst\/\",\"url\":\"https:\/\/twind.io\/co\/plantilla-de-hse-en-ppt-para-presentaciones-de-sst\/\",\"name\":\"Plantilla de HSE en PPT para Presentaciones de SST\",\"isPartOf\":{\"@id\":\"https:\/\/twind.io\/co\/#website\"},\"primaryImageOfPage\":{\"@id\":\"https:\/\/twind.io\/co\/plantilla-de-hse-en-ppt-para-presentaciones-de-sst\/#primaryimage\"},\"image\":{\"@id\":\"https:\/\/twind.io\/co\/plantilla-de-hse-en-ppt-para-presentaciones-de-sst\/#primaryimage\"},\"thumbnailUrl\":\"https:\/\/twind.io\/co\/wp-content\/uploads\/2023\/10\/Tavola-da-disegno-1-copia-5-scaled-1.jpg\",\"datePublished\":\"2023-10-10T06:43:30+00:00\",\"dateModified\":\"2025-09-22T09:04:38+00:00\",\"description\":\"Descarga gratis nuestra Plantilla de HSE en PPT, personal\u00edzala y comunica de manera efectiva tus acciones preventivas\",\"breadcrumb\":{\"@id\":\"https:\/\/twind.io\/co\/plantilla-de-hse-en-ppt-para-presentaciones-de-sst\/#breadcrumb\"},\"inLanguage\":\"es-CO\",\"potentialAction\":[{\"@type\":\"ReadAction\",\"target\":[\"https:\/\/twind.io\/co\/plantilla-de-hse-en-ppt-para-presentaciones-de-sst\/\"]}]},{\"@type\":\"ImageObject\",\"inLanguage\":\"es-CO\",\"@id\":\"https:\/\/twind.io\/co\/plantilla-de-hse-en-ppt-para-presentaciones-de-sst\/#primaryimage\",\"url\":\"https:\/\/twind.io\/co\/wp-content\/uploads\/2023\/10\/Tavola-da-disegno-1-copia-5-scaled-1.jpg\",\"contentUrl\":\"https:\/\/twind.io\/co\/wp-content\/uploads\/2023\/10\/Tavola-da-disegno-1-copia-5-scaled-1.jpg\",\"width\":2167,\"height\":2560},{\"@type\":\"BreadcrumbList\",\"@id\":\"https:\/\/twind.io\/co\/plantilla-de-hse-en-ppt-para-presentaciones-de-sst\/#breadcrumb\",\"itemListElement\":[{\"@type\":\"ListItem\",\"position\":1,\"name\":\"Portada\",\"item\":\"https:\/\/twind.io\/co\/\"},{\"@type\":\"ListItem\",\"position\":2,\"name\":\"Plantilla de HSE en PPT para Presentaciones de SST\"}]},{\"@type\":\"WebSite\",\"@id\":\"https:\/\/twind.io\/co\/#website\",\"url\":\"https:\/\/twind.io\/co\/\",\"name\":\"Twind - Plataforma Gesti\u00f3n Documental de Contratistas\",\"description\":\"Plataforma para la Gesti\u00f3n Documental de Contratistas para asegurar los est\u00e1ndares de Seguridad y Salud en el Trabajo\",\"publisher\":{\"@id\":\"https:\/\/twind.io\/co\/#organization\"},\"potentialAction\":[{\"@type\":\"SearchAction\",\"target\":{\"@type\":\"EntryPoint\",\"urlTemplate\":\"https:\/\/twind.io\/co\/?s={search_term_string}\"},\"query-input\":{\"@type\":\"PropertyValueSpecification\",\"valueRequired\":true,\"valueName\":\"search_term_string\"}}],\"inLanguage\":\"es-CO\"},{\"@type\":\"Organization\",\"@id\":\"https:\/\/twind.io\/co\/#organization\",\"name\":\"Twind - Plataforma Gesti\u00f3n Documental de Contratistas\",\"url\":\"https:\/\/twind.io\/co\/\",\"logo\":{\"@type\":\"ImageObject\",\"inLanguage\":\"es-CO\",\"@id\":\"https:\/\/twind.io\/co\/#\/schema\/logo\/image\/\",\"url\":\"https:\/\/twind.io\/co\/wp-content\/uploads\/2023\/04\/Logo-Twind.svg\",\"contentUrl\":\"https:\/\/twind.io\/co\/wp-content\/uploads\/2023\/04\/Logo-Twind.svg\",\"width\":1,\"height\":1,\"caption\":\"Twind - Plataforma Gesti\u00f3n Documental de Contratistas\"},\"image\":{\"@id\":\"https:\/\/twind.io\/co\/#\/schema\/logo\/image\/\"}}]}<\/script>\n<!-- \/ Yoast SEO plugin. -->","yoast_head_json":{"title":"Plantilla de HSE en PPT para Presentaciones de SST","description":"Descarga gratis nuestra Plantilla de HSE en PPT, personal\u00edzala y comunica de manera efectiva tus acciones preventivas","robots":{"index":"noindex","follow":"nofollow"},"og_locale":"es_ES","og_type":"article","og_title":"Plantilla de HSE en PPT para Presentaciones de SST","og_description":"Descarga gratis nuestra Plantilla de HSE en PPT, personal\u00edzala y comunica de manera efectiva tus acciones preventivas","og_url":"https:\/\/twind.io\/co\/plantilla-de-hse-en-ppt-para-presentaciones-de-sst\/","og_site_name":"Twind - Plataforma Gesti\u00f3n Documental de Contratistas","article_modified_time":"2025-09-22T09:04:38+00:00","og_image":[{"width":2167,"height":2560,"url":"https:\/\/twind.io\/co\/wp-content\/uploads\/2023\/10\/Tavola-da-disegno-1-copia-5-scaled-1.jpg","type":"image\/jpeg"}],"twitter_card":"summary_large_image","schema":{"@context":"https:\/\/schema.org","@graph":[{"@type":"WebPage","@id":"https:\/\/twind.io\/co\/plantilla-de-hse-en-ppt-para-presentaciones-de-sst\/","url":"https:\/\/twind.io\/co\/plantilla-de-hse-en-ppt-para-presentaciones-de-sst\/","name":"Plantilla de HSE en PPT para Presentaciones de SST","isPartOf":{"@id":"https:\/\/twind.io\/co\/#website"},"primaryImageOfPage":{"@id":"https:\/\/twind.io\/co\/plantilla-de-hse-en-ppt-para-presentaciones-de-sst\/#primaryimage"},"image":{"@id":"https:\/\/twind.io\/co\/plantilla-de-hse-en-ppt-para-presentaciones-de-sst\/#primaryimage"},"thumbnailUrl":"https:\/\/twind.io\/co\/wp-content\/uploads\/2023\/10\/Tavola-da-disegno-1-copia-5-scaled-1.jpg","datePublished":"2023-10-10T06:43:30+00:00","dateModified":"2025-09-22T09:04:38+00:00","description":"Descarga gratis nuestra Plantilla de HSE en PPT, personal\u00edzala y comunica de manera efectiva tus acciones preventivas","breadcrumb":{"@id":"https:\/\/twind.io\/co\/plantilla-de-hse-en-ppt-para-presentaciones-de-sst\/#breadcrumb"},"inLanguage":"es-CO","potentialAction":[{"@type":"ReadAction","target":["https:\/\/twind.io\/co\/plantilla-de-hse-en-ppt-para-presentaciones-de-sst\/"]}]},{"@type":"ImageObject","inLanguage":"es-CO","@id":"https:\/\/twind.io\/co\/plantilla-de-hse-en-ppt-para-presentaciones-de-sst\/#primaryimage","url":"https:\/\/twind.io\/co\/wp-content\/uploads\/2023\/10\/Tavola-da-disegno-1-copia-5-scaled-1.jpg","contentUrl":"https:\/\/twind.io\/co\/wp-content\/uploads\/2023\/10\/Tavola-da-disegno-1-copia-5-scaled-1.jpg","width":2167,"height":2560},{"@type":"BreadcrumbList","@id":"https:\/\/twind.io\/co\/plantilla-de-hse-en-ppt-para-presentaciones-de-sst\/#breadcrumb","itemListElement":[{"@type":"ListItem","position":1,"name":"Portada","item":"https:\/\/twind.io\/co\/"},{"@type":"ListItem","position":2,"name":"Plantilla de HSE en PPT para Presentaciones de SST"}]},{"@type":"WebSite","@id":"https:\/\/twind.io\/co\/#website","url":"https:\/\/twind.io\/co\/","name":"Twind - Plataforma Gesti\u00f3n Documental de Contratistas","description":"Plataforma para la Gesti\u00f3n Documental de Contratistas para asegurar los est\u00e1ndares de Seguridad y Salud en el Trabajo","publisher":{"@id":"https:\/\/twind.io\/co\/#organization"},"potentialAction":[{"@type":"SearchAction","target":{"@type":"EntryPoint","urlTemplate":"https:\/\/twind.io\/co\/?s={search_term_string}"},"query-input":{"@type":"PropertyValueSpecification","valueRequired":true,"valueName":"search_term_string"}}],"inLanguage":"es-CO"},{"@type":"Organization","@id":"https:\/\/twind.io\/co\/#organization","name":"Twind - Plataforma Gesti\u00f3n Documental de Contratistas","url":"https:\/\/twind.io\/co\/","logo":{"@type":"ImageObject","inLanguage":"es-CO","@id":"https:\/\/twind.io\/co\/#\/schema\/logo\/image\/","url":"https:\/\/twind.io\/co\/wp-content\/uploads\/2023\/04\/Logo-Twind.svg","contentUrl":"https:\/\/twind.io\/co\/wp-content\/uploads\/2023\/04\/Logo-Twind.svg","width":1,"height":1,"caption":"Twind - Plataforma Gesti\u00f3n Documental de Contratistas"},"image":{"@id":"https:\/\/twind.io\/co\/#\/schema\/logo\/image\/"}}]}},"_links":{"self":[{"href":"https:\/\/twind.io\/co\/wp-json\/wp\/v2\/pages\/1227","targetHints":{"allow":["GET"]}}],"collection":[{"href":"https:\/\/twind.io\/co\/wp-json\/wp\/v2\/pages"}],"about":[{"href":"https:\/\/twind.io\/co\/wp-json\/wp\/v2\/types\/page"}],"author":[{"embeddable":true,"href":"https:\/\/twind.io\/co\/wp-json\/wp\/v2\/users\/1"}],"replies":[{"embeddable":true,"href":"https:\/\/twind.io\/co\/wp-json\/wp\/v2\/comments?post=1227"}],"version-history":[{"count":41,"href":"https:\/\/twind.io\/co\/wp-json\/wp\/v2\/pages\/1227\/revisions"}],"predecessor-version":[{"id":3692,"href":"https:\/\/twind.io\/co\/wp-json\/wp\/v2\/pages\/1227\/revisions\/3692"}],"wp:featuredmedia":[{"embeddable":true,"href":"https:\/\/twind.io\/co\/wp-json\/wp\/v2\/media\/1232"}],"wp:attachment":[{"href":"https:\/\/twind.io\/co\/wp-json\/wp\/v2\/media?parent=1227"}],"curies":[{"name":"wp","href":"https:\/\/api.w.org\/{rel}","templated":true}]}}