{"id":2197,"date":"2024-08-02T05:54:12","date_gmt":"2024-08-02T05:54:12","guid":{"rendered":"https:\/\/twind.io\/co\/?page_id=2197"},"modified":"2025-09-16T13:31:13","modified_gmt":"2025-09-16T13:31:13","slug":"4-imprescindibles-en-una-plataforma-de-gestion-de-contratistas","status":"publish","type":"page","link":"https:\/\/twind.io\/co\/4-imprescindibles-en-una-plataforma-de-gestion-de-contratistas\/","title":{"rendered":"4 Imprescindibles en una Plataforma de Gesti\u00f3n de Contratistas"},"content":{"rendered":"<p><span style=\"\"><img decoding=\"async\" alt=\"Logo twind by ctaima\" data-id=\"1293\" width=\"162\" data-init-width=\"697\" height=\"49\" data-init-height=\"209\" title=\"Logo twind by ctaima\" src=\"https:\/\/twind.io\/co\/wp-content\/uploads\/2023\/10\/logo-twind-by-ctaima.png\" data-width=\"162\" data-height=\"49\" style=\"aspect-ratio: auto 697 \/ 209;\" mt-d=\"0\" ml-d=\"0\" center-v-d=\"true\" loading=\"lazy\"><\/span><\/p>\n<h3 style=\"text-align: center;\"><span data-contrast=\"auto\" lang=\"ES-ES\">\u00bfEst\u00e1s considerando digitalizar la gesti\u00f3n de contratistas?<\/span><\/h3>\n<h1 style=\"text-align: center;\"><span style=\"--tcb-applied-color: var$(--tcb-color-4) !important; color: var(--tcb-color-4) !important;\">4 Imprescindibles<\/span> en una Plataforma de Gesti\u00f3n de Contratistas<\/h1>\n<h2 style=\"text-align: center;\"><strong><span data-contrast=\"auto\" lang=\"ES-ES\">Entendemos que investigar sobre plataformas puede ser un verdadero desaf\u00edo: <\/span><\/strong><\/h2>\n<h2 style=\"text-align: center;\"><strong><span data-contrast=\"auto\" lang=\"ES-ES\">\u00bfPor d\u00f3nde empezar y qu\u00e9 factores tener en cuenta?<\/span><span data-ccp-props=\"{&quot;201341983&quot;:0,&quot;335559739&quot;:160,&quot;335559740&quot;:259}\">&nbsp;<\/span><\/strong><\/h2>\n<p><span style=\"\"><img decoding=\"async\" alt=\"\" data-id=\"2250\" width=\"622\" data-init-width=\"1872\" height=\"711\" data-init-height=\"2140\" title=\"4 Imprescindibles en una Plataforma de Gesti\u00f3n de Contratistas\" src=\"https:\/\/twind.io\/co\/wp-content\/uploads\/2024\/08\/imagen-landing.png\" data-width=\"622\" style=\"aspect-ratio: auto 1872 \/ 2140;\" data-height=\"711\" mt-d=\"0\" ml-d=\"0\" center-v-d=\"false\" mt-m=\"0\" ml-m=\"0\" loading=\"lazy\"><\/span><\/p>\n<p style=\"\"><span data-ccp-props=\"{&quot;201341983&quot;:0,&quot;335559739&quot;:160,&quot;335559740&quot;:259}\">Investigar y elegir una plataforma de gesti\u00f3n de contratistas puede ser un proceso complicado. Sabes que necesitas tenerlo <strong>todo bajo control y cumplir con las normativas<\/strong> r\u00e1pidamente. Y que una plataforma automatizada puede ayudarte a lograrlo.<\/span><\/p>\n<p style=\"\"><span data-ccp-props=\"{&quot;201341983&quot;:0,&quot;335559739&quot;:160,&quot;335559740&quot;:259}\">Pero, <strong>\u00bfen qu\u00e9 deber\u00edas enfocarte al decidir cu\u00e1l es la mejor para ti?<\/strong><\/span><\/p>\n\n\t\t\t\t\t\t<script>\n\t\t\t\t\t\t\twindow.hsFormsOnReady = window.hsFormsOnReady || [];\n\t\t\t\t\t\t\twindow.hsFormsOnReady.push(()=>{\n\t\t\t\t\t\t\t\thbspt.forms.create({\n\t\t\t\t\t\t\t\t\tportalId: 146424663,\n\t\t\t\t\t\t\t\t\tformId: \"6b71ab94-29b6-48e5-b5ea-c79d2015f028\",\n\t\t\t\t\t\t\t\t\ttarget: \"#hbspt-form-1775407550000-6280963993\",\n\t\t\t\t\t\t\t\t\tregion: \"eu1\",\n\t\t\t\t\t\t\t\t\t\n\t\t\t\t\t\t\t})});\n\t\t\t\t\t\t<\/script>\n\t\t\t\t\t\t<div class=\"hbspt-form\" id=\"hbspt-form-1775407550000-6280963993\"><\/div>\n<h3 style=\"text-align: center;\"><\/h3>\n<h1 style=\"text-align: left;\"><span data-contrast=\"none\" lang=\"ES-ES\"><span data-ccp-parastyle=\"heading 2\"><span data-contrast=\"auto\" lang=\"ES-ES\"><span dir=\"ltr\"><strong>La gu\u00eda que hemos preparado tiene todas las respuestas&nbsp;<\/strong>para <span data-contrast=\"none\" lang=\"ES-ES\"><span data-ccp-parastyle=\"heading 2\">una correcta elecci\u00f3n<\/span><\/span><\/span><\/span><\/span><\/span><\/h1>\n<ul>\n<li style=\"\">Las cuatro funcionalidades clave que debe tener una plataforma de gesti\u00f3n de contratistas.<\/li>\n<li style=\"\">C\u00f3mo estas funcionalidades pueden acelerar tu proceso de cumplimiento y gesti\u00f3n del riesgo con proveedores y contratistas.<\/li>\n<li style=\"\">Por qu\u00e9 invertir en la plataforma de gesti\u00f3n de contratistas adecuada ahora puede mejorar la eficiencia y los indicadores de seguridad en el corto plazo.<\/li>\n<li style=\"\">Los beneficios de la gesti\u00f3n de contratistas automatizada para cumplir con la ISO 45001.<\/li>\n<li style=\"\">La importancia de controlar toda la cadena de subcontrataci\u00f3n.<\/li>\n<\/ul>\n<p><span style=\"\"><img decoding=\"async\" alt=\"\" data-id=\"2220\" width=\"651\" data-init-width=\"2765\" height=\"420\" data-init-height=\"1784\" title=\"Mockup H\" src=\"https:\/\/twind.io\/co\/wp-content\/uploads\/2024\/08\/Mockup-H.png\" data-width=\"651\" data-height=\"420\" style=\"aspect-ratio: auto 2765 \/ 1784;\" mt-d=\"0\" ml-d=\"0\" ml-m=\"0\" mt-m=\"0\" center-h-d=\"true\" loading=\"lazy\"><\/span><\/p>\n<h2 style=\"text-align: center;\">\u00bfListo para conocer todo lo que necesitas de una plataforma de Gesti\u00f3n de Contratistas?&nbsp;<\/h2>\n","protected":false},"excerpt":{"rendered":"<p>\u00bfEst\u00e1s considerando digitalizar la gesti\u00f3n de contratistas? 4 Imprescindibles en una Plataforma de Gesti\u00f3n de Contratistas Entendemos que investigar sobre plataformas puede ser un verdadero desaf\u00edo: \u00bfPor d\u00f3nde empezar y qu\u00e9 factores tener en cuenta?&nbsp; Investigar y elegir una plataforma de gesti\u00f3n de contratistas puede ser un proceso complicado. Sabes que necesitas tenerlo todo bajo [&hellip;]<\/p>\n","protected":false},"author":1,"featured_media":1232,"parent":0,"menu_order":0,"comment_status":"closed","ping_status":"closed","template":"","meta":{"content-type":"","footnotes":""},"class_list":["post-2197","page","type-page","status-publish","has-post-thumbnail","hentry","post-wrapper","thrv_wrapper"],"yoast_head":"<!-- This site is optimized with the Yoast SEO plugin v27.2 - https:\/\/yoast.com\/product\/yoast-seo-wordpress\/ -->\n<title>4 Imprescindibles en una Plataforma de Gesti\u00f3n de Contratistas<\/title>\n<meta name=\"description\" content=\"4 Imprescindibles en una Plataforma de Gesti\u00f3n de Contratistas\" \/>\n<meta name=\"robots\" content=\"index, follow, max-snippet:-1, max-image-preview:large, max-video-preview:-1\" \/>\n<link rel=\"canonical\" href=\"https:\/\/twind.io\/co\/4-imprescindibles-en-una-plataforma-de-gestion-de-contratistas\/\" \/>\n<meta property=\"og:locale\" content=\"es_ES\" \/>\n<meta property=\"og:type\" content=\"article\" \/>\n<meta property=\"og:title\" content=\"4 Imprescindibles en una Plataforma de Gesti\u00f3n de Contratistas\" \/>\n<meta property=\"og:description\" content=\"4 Imprescindibles en una Plataforma de Gesti\u00f3n de Contratistas\" \/>\n<meta property=\"og:url\" content=\"https:\/\/twind.io\/co\/4-imprescindibles-en-una-plataforma-de-gestion-de-contratistas\/\" \/>\n<meta property=\"og:site_name\" content=\"Twind - Plataforma Gesti\u00f3n Documental de Contratistas\" \/>\n<meta property=\"article:modified_time\" content=\"2025-09-16T13:31:13+00:00\" \/>\n<meta property=\"og:image\" content=\"https:\/\/twind.io\/co\/wp-content\/uploads\/2023\/10\/Tavola-da-disegno-1-copia-5-scaled-1.jpg\" \/>\n\t<meta property=\"og:image:width\" content=\"2167\" \/>\n\t<meta property=\"og:image:height\" content=\"2560\" \/>\n\t<meta property=\"og:image:type\" content=\"image\/jpeg\" \/>\n<meta name=\"twitter:card\" content=\"summary_large_image\" \/>\n<meta name=\"twitter:label1\" content=\"Tiempo de lectura\" \/>\n\t<meta name=\"twitter:data1\" content=\"5 minutos\" \/>\n<script type=\"application\/ld+json\" class=\"yoast-schema-graph\">{\"@context\":\"https:\/\/schema.org\",\"@graph\":[{\"@type\":\"WebPage\",\"@id\":\"https:\/\/twind.io\/co\/4-imprescindibles-en-una-plataforma-de-gestion-de-contratistas\/\",\"url\":\"https:\/\/twind.io\/co\/4-imprescindibles-en-una-plataforma-de-gestion-de-contratistas\/\",\"name\":\"4 Imprescindibles en una Plataforma de Gesti\u00f3n de Contratistas\",\"isPartOf\":{\"@id\":\"https:\/\/twind.io\/co\/#website\"},\"primaryImageOfPage\":{\"@id\":\"https:\/\/twind.io\/co\/4-imprescindibles-en-una-plataforma-de-gestion-de-contratistas\/#primaryimage\"},\"image\":{\"@id\":\"https:\/\/twind.io\/co\/4-imprescindibles-en-una-plataforma-de-gestion-de-contratistas\/#primaryimage\"},\"thumbnailUrl\":\"https:\/\/twind.io\/co\/wp-content\/uploads\/2023\/10\/Tavola-da-disegno-1-copia-5-scaled-1.jpg\",\"datePublished\":\"2024-08-02T05:54:12+00:00\",\"dateModified\":\"2025-09-16T13:31:13+00:00\",\"description\":\"4 Imprescindibles en una Plataforma de Gesti\u00f3n de Contratistas\",\"breadcrumb\":{\"@id\":\"https:\/\/twind.io\/co\/4-imprescindibles-en-una-plataforma-de-gestion-de-contratistas\/#breadcrumb\"},\"inLanguage\":\"es-CO\",\"potentialAction\":[{\"@type\":\"ReadAction\",\"target\":[\"https:\/\/twind.io\/co\/4-imprescindibles-en-una-plataforma-de-gestion-de-contratistas\/\"]}]},{\"@type\":\"ImageObject\",\"inLanguage\":\"es-CO\",\"@id\":\"https:\/\/twind.io\/co\/4-imprescindibles-en-una-plataforma-de-gestion-de-contratistas\/#primaryimage\",\"url\":\"https:\/\/twind.io\/co\/wp-content\/uploads\/2023\/10\/Tavola-da-disegno-1-copia-5-scaled-1.jpg\",\"contentUrl\":\"https:\/\/twind.io\/co\/wp-content\/uploads\/2023\/10\/Tavola-da-disegno-1-copia-5-scaled-1.jpg\",\"width\":2167,\"height\":2560},{\"@type\":\"BreadcrumbList\",\"@id\":\"https:\/\/twind.io\/co\/4-imprescindibles-en-una-plataforma-de-gestion-de-contratistas\/#breadcrumb\",\"itemListElement\":[{\"@type\":\"ListItem\",\"position\":1,\"name\":\"Portada\",\"item\":\"https:\/\/twind.io\/co\/\"},{\"@type\":\"ListItem\",\"position\":2,\"name\":\"4 Imprescindibles en una Plataforma de Gesti\u00f3n de Contratistas\"}]},{\"@type\":\"WebSite\",\"@id\":\"https:\/\/twind.io\/co\/#website\",\"url\":\"https:\/\/twind.io\/co\/\",\"name\":\"Twind - Plataforma Gesti\u00f3n Documental de Contratistas\",\"description\":\"Plataforma para la Gesti\u00f3n Documental de Contratistas para asegurar los est\u00e1ndares de Seguridad y Salud en el Trabajo\",\"publisher\":{\"@id\":\"https:\/\/twind.io\/co\/#organization\"},\"potentialAction\":[{\"@type\":\"SearchAction\",\"target\":{\"@type\":\"EntryPoint\",\"urlTemplate\":\"https:\/\/twind.io\/co\/?s={search_term_string}\"},\"query-input\":{\"@type\":\"PropertyValueSpecification\",\"valueRequired\":true,\"valueName\":\"search_term_string\"}}],\"inLanguage\":\"es-CO\"},{\"@type\":\"Organization\",\"@id\":\"https:\/\/twind.io\/co\/#organization\",\"name\":\"Twind - Plataforma Gesti\u00f3n Documental de Contratistas\",\"url\":\"https:\/\/twind.io\/co\/\",\"logo\":{\"@type\":\"ImageObject\",\"inLanguage\":\"es-CO\",\"@id\":\"https:\/\/twind.io\/co\/#\/schema\/logo\/image\/\",\"url\":\"https:\/\/twind.io\/co\/wp-content\/uploads\/2023\/04\/Logo-Twind.svg\",\"contentUrl\":\"https:\/\/twind.io\/co\/wp-content\/uploads\/2023\/04\/Logo-Twind.svg\",\"width\":1,\"height\":1,\"caption\":\"Twind - Plataforma Gesti\u00f3n Documental de Contratistas\"},\"image\":{\"@id\":\"https:\/\/twind.io\/co\/#\/schema\/logo\/image\/\"}}]}<\/script>\n<!-- \/ Yoast SEO plugin. -->","yoast_head_json":{"title":"4 Imprescindibles en una Plataforma de Gesti\u00f3n de Contratistas","description":"4 Imprescindibles en una Plataforma de Gesti\u00f3n de Contratistas","robots":{"index":"index","follow":"follow","max-snippet":"max-snippet:-1","max-image-preview":"max-image-preview:large","max-video-preview":"max-video-preview:-1"},"canonical":"https:\/\/twind.io\/co\/4-imprescindibles-en-una-plataforma-de-gestion-de-contratistas\/","og_locale":"es_ES","og_type":"article","og_title":"4 Imprescindibles en una Plataforma de Gesti\u00f3n de Contratistas","og_description":"4 Imprescindibles en una Plataforma de Gesti\u00f3n de Contratistas","og_url":"https:\/\/twind.io\/co\/4-imprescindibles-en-una-plataforma-de-gestion-de-contratistas\/","og_site_name":"Twind - Plataforma Gesti\u00f3n Documental de Contratistas","article_modified_time":"2025-09-16T13:31:13+00:00","og_image":[{"width":2167,"height":2560,"url":"https:\/\/twind.io\/co\/wp-content\/uploads\/2023\/10\/Tavola-da-disegno-1-copia-5-scaled-1.jpg","type":"image\/jpeg"}],"twitter_card":"summary_large_image","twitter_misc":{"Tiempo de lectura":"5 minutos"},"schema":{"@context":"https:\/\/schema.org","@graph":[{"@type":"WebPage","@id":"https:\/\/twind.io\/co\/4-imprescindibles-en-una-plataforma-de-gestion-de-contratistas\/","url":"https:\/\/twind.io\/co\/4-imprescindibles-en-una-plataforma-de-gestion-de-contratistas\/","name":"4 Imprescindibles en una Plataforma de Gesti\u00f3n de Contratistas","isPartOf":{"@id":"https:\/\/twind.io\/co\/#website"},"primaryImageOfPage":{"@id":"https:\/\/twind.io\/co\/4-imprescindibles-en-una-plataforma-de-gestion-de-contratistas\/#primaryimage"},"image":{"@id":"https:\/\/twind.io\/co\/4-imprescindibles-en-una-plataforma-de-gestion-de-contratistas\/#primaryimage"},"thumbnailUrl":"https:\/\/twind.io\/co\/wp-content\/uploads\/2023\/10\/Tavola-da-disegno-1-copia-5-scaled-1.jpg","datePublished":"2024-08-02T05:54:12+00:00","dateModified":"2025-09-16T13:31:13+00:00","description":"4 Imprescindibles en una Plataforma de Gesti\u00f3n de Contratistas","breadcrumb":{"@id":"https:\/\/twind.io\/co\/4-imprescindibles-en-una-plataforma-de-gestion-de-contratistas\/#breadcrumb"},"inLanguage":"es-CO","potentialAction":[{"@type":"ReadAction","target":["https:\/\/twind.io\/co\/4-imprescindibles-en-una-plataforma-de-gestion-de-contratistas\/"]}]},{"@type":"ImageObject","inLanguage":"es-CO","@id":"https:\/\/twind.io\/co\/4-imprescindibles-en-una-plataforma-de-gestion-de-contratistas\/#primaryimage","url":"https:\/\/twind.io\/co\/wp-content\/uploads\/2023\/10\/Tavola-da-disegno-1-copia-5-scaled-1.jpg","contentUrl":"https:\/\/twind.io\/co\/wp-content\/uploads\/2023\/10\/Tavola-da-disegno-1-copia-5-scaled-1.jpg","width":2167,"height":2560},{"@type":"BreadcrumbList","@id":"https:\/\/twind.io\/co\/4-imprescindibles-en-una-plataforma-de-gestion-de-contratistas\/#breadcrumb","itemListElement":[{"@type":"ListItem","position":1,"name":"Portada","item":"https:\/\/twind.io\/co\/"},{"@type":"ListItem","position":2,"name":"4 Imprescindibles en una Plataforma de Gesti\u00f3n de Contratistas"}]},{"@type":"WebSite","@id":"https:\/\/twind.io\/co\/#website","url":"https:\/\/twind.io\/co\/","name":"Twind - Plataforma Gesti\u00f3n Documental de Contratistas","description":"Plataforma para la Gesti\u00f3n Documental de Contratistas para asegurar los est\u00e1ndares de Seguridad y Salud en el Trabajo","publisher":{"@id":"https:\/\/twind.io\/co\/#organization"},"potentialAction":[{"@type":"SearchAction","target":{"@type":"EntryPoint","urlTemplate":"https:\/\/twind.io\/co\/?s={search_term_string}"},"query-input":{"@type":"PropertyValueSpecification","valueRequired":true,"valueName":"search_term_string"}}],"inLanguage":"es-CO"},{"@type":"Organization","@id":"https:\/\/twind.io\/co\/#organization","name":"Twind - Plataforma Gesti\u00f3n Documental de Contratistas","url":"https:\/\/twind.io\/co\/","logo":{"@type":"ImageObject","inLanguage":"es-CO","@id":"https:\/\/twind.io\/co\/#\/schema\/logo\/image\/","url":"https:\/\/twind.io\/co\/wp-content\/uploads\/2023\/04\/Logo-Twind.svg","contentUrl":"https:\/\/twind.io\/co\/wp-content\/uploads\/2023\/04\/Logo-Twind.svg","width":1,"height":1,"caption":"Twind - Plataforma Gesti\u00f3n Documental de Contratistas"},"image":{"@id":"https:\/\/twind.io\/co\/#\/schema\/logo\/image\/"}}]}},"_links":{"self":[{"href":"https:\/\/twind.io\/co\/wp-json\/wp\/v2\/pages\/2197","targetHints":{"allow":["GET"]}}],"collection":[{"href":"https:\/\/twind.io\/co\/wp-json\/wp\/v2\/pages"}],"about":[{"href":"https:\/\/twind.io\/co\/wp-json\/wp\/v2\/types\/page"}],"author":[{"embeddable":true,"href":"https:\/\/twind.io\/co\/wp-json\/wp\/v2\/users\/1"}],"replies":[{"embeddable":true,"href":"https:\/\/twind.io\/co\/wp-json\/wp\/v2\/comments?post=2197"}],"version-history":[{"count":59,"href":"https:\/\/twind.io\/co\/wp-json\/wp\/v2\/pages\/2197\/revisions"}],"predecessor-version":[{"id":3687,"href":"https:\/\/twind.io\/co\/wp-json\/wp\/v2\/pages\/2197\/revisions\/3687"}],"wp:featuredmedia":[{"embeddable":true,"href":"https:\/\/twind.io\/co\/wp-json\/wp\/v2\/media\/1232"}],"wp:attachment":[{"href":"https:\/\/twind.io\/co\/wp-json\/wp\/v2\/media?parent=2197"}],"curies":[{"name":"wp","href":"https:\/\/api.w.org\/{rel}","templated":true}]}}