{"id":2441,"date":"2024-12-04T08:31:52","date_gmt":"2024-12-04T08:31:52","guid":{"rendered":"https:\/\/twind.io\/co\/?page_id=2441"},"modified":"2025-09-16T12:58:24","modified_gmt":"2025-09-16T12:58:24","slug":"guia-completa-sobre-tercerizacion-laboral","status":"publish","type":"page","link":"https:\/\/twind.io\/co\/guia-completa-sobre-tercerizacion-laboral\/","title":{"rendered":"Gu\u00eda Todo lo que necesitas saber sobre la tercerizaci\u00f3n en Colombia"},"content":{"rendered":"<p><span style=\"\"><img decoding=\"async\" alt=\"Logo twind by ctaima\" data-id=\"1293\" width=\"183\" data-init-width=\"697\" height=\"55\" data-init-height=\"209\" title=\"Logo twind by ctaima\" src=\"https:\/\/twind.io\/co\/wp-content\/uploads\/2023\/10\/logo-twind-by-ctaima.png\" data-width=\"183\" data-height=\"55\" style=\"aspect-ratio: auto 697 \/ 209;\" mt-d=\"0\" ml-d=\"0\" center-v-d=\"true\" loading=\"lazy\"><\/span><\/p>\n<h3 style=\"text-align: center;\">Gu\u00eda Gratuita<\/h3>\n<h1 style=\"text-align: center;\"><span data-contrast=\"none\" lang=\"ES-ES\" style=\"\"><span data-ccp-parastyle=\"heading 2\" style=\"\"><span data-contrast=\"auto\" lang=\"ES-ES\" style=\"\"><span dir=\"ltr\" style=\"\">Todo lo que necesitas saber sobre<\/span><\/span><\/span><\/span><span data-contrast=\"none\" lang=\"ES-ES\" style=\"\"><span data-ccp-parastyle=\"heading 2\" style=\"\"><span data-contrast=\"auto\" lang=\"ES-ES\" style=\"\"><span dir=\"ltr\" style=\"\"><\/span><\/span><\/span><\/span><span data-contrast=\"none\" lang=\"ES-ES\" style=\"\"><span data-ccp-parastyle=\"heading 2\" style=\"\"><span data-contrast=\"auto\" lang=\"ES-ES\" style=\"\"><span dir=\"ltr\" style=\"\">la tercerizaci\u00f3n laboral<\/span><\/span><\/span><\/span><\/h1>\n<h2 style=\"text-align: center;\"><strong>Simplifica tu gesti\u00f3n documental y asegura el cumplimiento normativo.<\/strong><\/h2>\n<p><span style=\"\"><img decoding=\"async\" alt=\"\" data-id=\"2467\" width=\"542\" data-init-width=\"1461\" height=\"667\" data-init-height=\"1799\" title=\"Frame 102\" src=\"https:\/\/twind.io\/co\/wp-content\/uploads\/2024\/12\/Frame-102-1.png\" data-width=\"542\" style=\"aspect-ratio: auto 1461 \/ 1799;\" data-height=\"667\" mt-d=\"-19\" ml-d=\"0\" center-v-d=\"false\" loading=\"lazy\"><\/span><\/p>\n<p style=\"\"><strong>Descubre respuestas claras a 42 preguntas clave sobre normatividad laboral.<\/strong><\/p>\n<p style=\"\">Desde modalidades de tercerizaci\u00f3n hasta tus responsabilidades legales como contratante, esta gu\u00eda te lo explica todo.Con esta gu\u00eda, sabr\u00e1s c\u00f3mo gestionar de forma eficiente a tus contratistas mientras proteges a tu empresa y a tus trabajadores.<\/p>\n\n\t\t\t\t\t\t<script>\n\t\t\t\t\t\t\twindow.hsFormsOnReady = window.hsFormsOnReady || [];\n\t\t\t\t\t\t\twindow.hsFormsOnReady.push(()=>{\n\t\t\t\t\t\t\t\thbspt.forms.create({\n\t\t\t\t\t\t\t\t\tportalId: 146424663,\n\t\t\t\t\t\t\t\t\tformId: \"1832f4cf-3db3-4e2d-9cf0-ea18705377f6\",\n\t\t\t\t\t\t\t\t\ttarget: \"#hbspt-form-1776293685000-0350764544\",\n\t\t\t\t\t\t\t\t\tregion: \"eu1\",\n\t\t\t\t\t\t\t\t\t\n\t\t\t\t\t\t\t})});\n\t\t\t\t\t\t<\/script>\n\t\t\t\t\t\t<div class=\"hbspt-form\" id=\"hbspt-form-1776293685000-0350764544\"><\/div>\n<h3 style=\"text-align: center;\"><\/h3>\n<h1 style=\"text-align: center;\"><span data-contrast=\"none\" lang=\"ES-ES\" style=\"\"><span data-ccp-parastyle=\"heading 2\" style=\"\"><span data-contrast=\"auto\" lang=\"ES-ES\" style=\"\"><span dir=\"ltr\" style=\"\">Descarga ahora esta gu\u00eda gratuita y mejora tu gesti\u00f3n de contratistas<\/span><\/span><\/span><\/span><\/h1>\n<p><strong><span style=\"font-family: Poppins; font-weight: 400; --tcb-applied-color: var$(--tcb-skin-color-23) !important; color: var(--tcb-skin-color-23) !important;\">Incluye informaci\u00f3n clave:<\/span><\/strong><strong><\/strong><strong><\/strong><\/p>\n<ul>\n<li><strong>Modalidades de tercerizaci\u00f3n permitidas:<\/strong> Conoce los tipos de subcontrataci\u00f3n autorizados por la normativa colombiana.<\/li>\n<li><strong>Responsabilidades legales del contratante:<\/strong> Entiende c\u00f3mo garantizar el cumplimiento normativo y evitar sanciones.<\/li>\n<li><strong>Prevenci\u00f3n de riesgos laborales:<\/strong> Aprende a supervisar a los contratistas para cumplir con los est\u00e1ndares de SST.<\/li>\n<li><strong>Consecuencias del incumplimiento:<\/strong> Descubre los riesgos econ\u00f3micos y legales asociados a una gesti\u00f3n inadecuada.<\/li>\n<li><strong>Casos pr\u00e1cticos y ejemplos: <\/strong>Aplica estrategias claras para implementar buenas pr\u00e1cticas de tercerizaci\u00f3n.<\/li>\n<li style=\"\"><strong>Cambios normativos recientes:<\/strong> Mantente actualizado sobre las \u00faltimas reformas que afectan la tercerizaci\u00f3n laboral.<\/li>\n<\/ul>\n<p><span style=\"\"><img decoding=\"async\" alt=\"\" data-id=\"2466\" width=\"619\" data-init-width=\"1383\" height=\"399\" data-init-height=\"892\" title=\"Frame 100-compressed\" src=\"https:\/\/twind.io\/co\/wp-content\/uploads\/2024\/12\/Frame-100-compressed.png\" data-width=\"619\" data-height=\"399\" style=\"aspect-ratio: auto 1383 \/ 892;\" mt-d=\"0\" ml-d=\"0\" ml-m=\"0\" mt-m=\"0\" center-h-d=\"true\" loading=\"lazy\"><\/span><\/p>\n<h2 style=\"text-align: center;\">M\u00e1s de 20 a\u00f1os de experiencia en gesti\u00f3n de contratistas y normativas laborales nos respaldan&nbsp;<\/h2>\n","protected":false},"excerpt":{"rendered":"<p>Gu\u00eda Gratuita Todo lo que necesitas saber sobrela tercerizaci\u00f3n laboral Simplifica tu gesti\u00f3n documental y asegura el cumplimiento normativo. Descubre respuestas claras a 42 preguntas clave sobre normatividad laboral. Desde modalidades de tercerizaci\u00f3n hasta tus responsabilidades legales como contratante, esta gu\u00eda te lo explica todo.Con esta gu\u00eda, sabr\u00e1s c\u00f3mo gestionar de forma eficiente a tus [&hellip;]<\/p>\n","protected":false},"author":1,"featured_media":1232,"parent":0,"menu_order":0,"comment_status":"closed","ping_status":"closed","template":"","meta":{"content-type":"","footnotes":""},"class_list":["post-2441","page","type-page","status-publish","has-post-thumbnail","hentry","post-wrapper","thrv_wrapper"],"yoast_head":"<!-- This site is optimized with the Yoast SEO plugin v27.2 - https:\/\/yoast.com\/product\/yoast-seo-wordpress\/ -->\n<title>Gu\u00eda completa sobre tercerizaci\u00f3n laboral | Descarga gratis<\/title>\n<meta name=\"description\" content=\"Descubre todo sobre la tercerizaci\u00f3n laboral en Colombia con nuestra gu\u00eda gratuita. Aprende a cumplir la normativa y gestionar contratistas.\" \/>\n<meta name=\"robots\" content=\"noindex, nofollow\" \/>\n<meta property=\"og:locale\" content=\"es_ES\" \/>\n<meta property=\"og:type\" content=\"article\" \/>\n<meta property=\"og:title\" content=\"Gu\u00eda completa sobre tercerizaci\u00f3n laboral | Descarga gratis\" \/>\n<meta property=\"og:description\" content=\"Descubre todo sobre la tercerizaci\u00f3n laboral en Colombia con nuestra gu\u00eda gratuita. Aprende a cumplir la normativa y gestionar contratistas.\" \/>\n<meta property=\"og:url\" content=\"https:\/\/twind.io\/co\/guia-completa-sobre-tercerizacion-laboral\/\" \/>\n<meta property=\"og:site_name\" content=\"Twind - Plataforma Gesti\u00f3n Documental de Contratistas\" \/>\n<meta property=\"article:modified_time\" content=\"2025-09-16T12:58:24+00:00\" \/>\n<meta property=\"og:image\" content=\"https:\/\/twind.io\/co\/wp-content\/uploads\/2023\/10\/Tavola-da-disegno-1-copia-5-scaled-1.jpg\" \/>\n\t<meta property=\"og:image:width\" content=\"2167\" \/>\n\t<meta property=\"og:image:height\" content=\"2560\" \/>\n\t<meta property=\"og:image:type\" content=\"image\/jpeg\" \/>\n<meta name=\"twitter:card\" content=\"summary_large_image\" \/>\n<meta name=\"twitter:label1\" content=\"Tiempo de lectura\" \/>\n\t<meta name=\"twitter:data1\" content=\"5 minutos\" \/>\n<script type=\"application\/ld+json\" class=\"yoast-schema-graph\">{\"@context\":\"https:\/\/schema.org\",\"@graph\":[{\"@type\":\"WebPage\",\"@id\":\"https:\/\/twind.io\/co\/guia-completa-sobre-tercerizacion-laboral\/\",\"url\":\"https:\/\/twind.io\/co\/guia-completa-sobre-tercerizacion-laboral\/\",\"name\":\"Gu\u00eda completa sobre tercerizaci\u00f3n laboral | Descarga gratis\",\"isPartOf\":{\"@id\":\"https:\/\/twind.io\/co\/#website\"},\"primaryImageOfPage\":{\"@id\":\"https:\/\/twind.io\/co\/guia-completa-sobre-tercerizacion-laboral\/#primaryimage\"},\"image\":{\"@id\":\"https:\/\/twind.io\/co\/guia-completa-sobre-tercerizacion-laboral\/#primaryimage\"},\"thumbnailUrl\":\"https:\/\/twind.io\/co\/wp-content\/uploads\/2023\/10\/Tavola-da-disegno-1-copia-5-scaled-1.jpg\",\"datePublished\":\"2024-12-04T08:31:52+00:00\",\"dateModified\":\"2025-09-16T12:58:24+00:00\",\"description\":\"Descubre todo sobre la tercerizaci\u00f3n laboral en Colombia con nuestra gu\u00eda gratuita. Aprende a cumplir la normativa y gestionar contratistas.\",\"breadcrumb\":{\"@id\":\"https:\/\/twind.io\/co\/guia-completa-sobre-tercerizacion-laboral\/#breadcrumb\"},\"inLanguage\":\"es-CO\",\"potentialAction\":[{\"@type\":\"ReadAction\",\"target\":[\"https:\/\/twind.io\/co\/guia-completa-sobre-tercerizacion-laboral\/\"]}]},{\"@type\":\"ImageObject\",\"inLanguage\":\"es-CO\",\"@id\":\"https:\/\/twind.io\/co\/guia-completa-sobre-tercerizacion-laboral\/#primaryimage\",\"url\":\"https:\/\/twind.io\/co\/wp-content\/uploads\/2023\/10\/Tavola-da-disegno-1-copia-5-scaled-1.jpg\",\"contentUrl\":\"https:\/\/twind.io\/co\/wp-content\/uploads\/2023\/10\/Tavola-da-disegno-1-copia-5-scaled-1.jpg\",\"width\":2167,\"height\":2560},{\"@type\":\"BreadcrumbList\",\"@id\":\"https:\/\/twind.io\/co\/guia-completa-sobre-tercerizacion-laboral\/#breadcrumb\",\"itemListElement\":[{\"@type\":\"ListItem\",\"position\":1,\"name\":\"Portada\",\"item\":\"https:\/\/twind.io\/co\/\"},{\"@type\":\"ListItem\",\"position\":2,\"name\":\"Gu\u00eda Todo lo que necesitas saber sobre la tercerizaci\u00f3n en Colombia\"}]},{\"@type\":\"WebSite\",\"@id\":\"https:\/\/twind.io\/co\/#website\",\"url\":\"https:\/\/twind.io\/co\/\",\"name\":\"Twind - Plataforma Gesti\u00f3n Documental de Contratistas\",\"description\":\"Plataforma para la Gesti\u00f3n Documental de Contratistas para asegurar los est\u00e1ndares de Seguridad y Salud en el Trabajo\",\"publisher\":{\"@id\":\"https:\/\/twind.io\/co\/#organization\"},\"potentialAction\":[{\"@type\":\"SearchAction\",\"target\":{\"@type\":\"EntryPoint\",\"urlTemplate\":\"https:\/\/twind.io\/co\/?s={search_term_string}\"},\"query-input\":{\"@type\":\"PropertyValueSpecification\",\"valueRequired\":true,\"valueName\":\"search_term_string\"}}],\"inLanguage\":\"es-CO\"},{\"@type\":\"Organization\",\"@id\":\"https:\/\/twind.io\/co\/#organization\",\"name\":\"Twind - Plataforma Gesti\u00f3n Documental de Contratistas\",\"url\":\"https:\/\/twind.io\/co\/\",\"logo\":{\"@type\":\"ImageObject\",\"inLanguage\":\"es-CO\",\"@id\":\"https:\/\/twind.io\/co\/#\/schema\/logo\/image\/\",\"url\":\"https:\/\/twind.io\/co\/wp-content\/uploads\/2023\/04\/Logo-Twind.svg\",\"contentUrl\":\"https:\/\/twind.io\/co\/wp-content\/uploads\/2023\/04\/Logo-Twind.svg\",\"width\":1,\"height\":1,\"caption\":\"Twind - Plataforma Gesti\u00f3n Documental de Contratistas\"},\"image\":{\"@id\":\"https:\/\/twind.io\/co\/#\/schema\/logo\/image\/\"}}]}<\/script>\n<!-- \/ Yoast SEO plugin. -->","yoast_head_json":{"title":"Gu\u00eda completa sobre tercerizaci\u00f3n laboral | Descarga gratis","description":"Descubre todo sobre la tercerizaci\u00f3n laboral en Colombia con nuestra gu\u00eda gratuita. Aprende a cumplir la normativa y gestionar contratistas.","robots":{"index":"noindex","follow":"nofollow"},"og_locale":"es_ES","og_type":"article","og_title":"Gu\u00eda completa sobre tercerizaci\u00f3n laboral | Descarga gratis","og_description":"Descubre todo sobre la tercerizaci\u00f3n laboral en Colombia con nuestra gu\u00eda gratuita. Aprende a cumplir la normativa y gestionar contratistas.","og_url":"https:\/\/twind.io\/co\/guia-completa-sobre-tercerizacion-laboral\/","og_site_name":"Twind - Plataforma Gesti\u00f3n Documental de Contratistas","article_modified_time":"2025-09-16T12:58:24+00:00","og_image":[{"width":2167,"height":2560,"url":"https:\/\/twind.io\/co\/wp-content\/uploads\/2023\/10\/Tavola-da-disegno-1-copia-5-scaled-1.jpg","type":"image\/jpeg"}],"twitter_card":"summary_large_image","twitter_misc":{"Tiempo de lectura":"5 minutos"},"schema":{"@context":"https:\/\/schema.org","@graph":[{"@type":"WebPage","@id":"https:\/\/twind.io\/co\/guia-completa-sobre-tercerizacion-laboral\/","url":"https:\/\/twind.io\/co\/guia-completa-sobre-tercerizacion-laboral\/","name":"Gu\u00eda completa sobre tercerizaci\u00f3n laboral | Descarga gratis","isPartOf":{"@id":"https:\/\/twind.io\/co\/#website"},"primaryImageOfPage":{"@id":"https:\/\/twind.io\/co\/guia-completa-sobre-tercerizacion-laboral\/#primaryimage"},"image":{"@id":"https:\/\/twind.io\/co\/guia-completa-sobre-tercerizacion-laboral\/#primaryimage"},"thumbnailUrl":"https:\/\/twind.io\/co\/wp-content\/uploads\/2023\/10\/Tavola-da-disegno-1-copia-5-scaled-1.jpg","datePublished":"2024-12-04T08:31:52+00:00","dateModified":"2025-09-16T12:58:24+00:00","description":"Descubre todo sobre la tercerizaci\u00f3n laboral en Colombia con nuestra gu\u00eda gratuita. Aprende a cumplir la normativa y gestionar contratistas.","breadcrumb":{"@id":"https:\/\/twind.io\/co\/guia-completa-sobre-tercerizacion-laboral\/#breadcrumb"},"inLanguage":"es-CO","potentialAction":[{"@type":"ReadAction","target":["https:\/\/twind.io\/co\/guia-completa-sobre-tercerizacion-laboral\/"]}]},{"@type":"ImageObject","inLanguage":"es-CO","@id":"https:\/\/twind.io\/co\/guia-completa-sobre-tercerizacion-laboral\/#primaryimage","url":"https:\/\/twind.io\/co\/wp-content\/uploads\/2023\/10\/Tavola-da-disegno-1-copia-5-scaled-1.jpg","contentUrl":"https:\/\/twind.io\/co\/wp-content\/uploads\/2023\/10\/Tavola-da-disegno-1-copia-5-scaled-1.jpg","width":2167,"height":2560},{"@type":"BreadcrumbList","@id":"https:\/\/twind.io\/co\/guia-completa-sobre-tercerizacion-laboral\/#breadcrumb","itemListElement":[{"@type":"ListItem","position":1,"name":"Portada","item":"https:\/\/twind.io\/co\/"},{"@type":"ListItem","position":2,"name":"Gu\u00eda Todo lo que necesitas saber sobre la tercerizaci\u00f3n en Colombia"}]},{"@type":"WebSite","@id":"https:\/\/twind.io\/co\/#website","url":"https:\/\/twind.io\/co\/","name":"Twind - Plataforma Gesti\u00f3n Documental de Contratistas","description":"Plataforma para la Gesti\u00f3n Documental de Contratistas para asegurar los est\u00e1ndares de Seguridad y Salud en el Trabajo","publisher":{"@id":"https:\/\/twind.io\/co\/#organization"},"potentialAction":[{"@type":"SearchAction","target":{"@type":"EntryPoint","urlTemplate":"https:\/\/twind.io\/co\/?s={search_term_string}"},"query-input":{"@type":"PropertyValueSpecification","valueRequired":true,"valueName":"search_term_string"}}],"inLanguage":"es-CO"},{"@type":"Organization","@id":"https:\/\/twind.io\/co\/#organization","name":"Twind - Plataforma Gesti\u00f3n Documental de Contratistas","url":"https:\/\/twind.io\/co\/","logo":{"@type":"ImageObject","inLanguage":"es-CO","@id":"https:\/\/twind.io\/co\/#\/schema\/logo\/image\/","url":"https:\/\/twind.io\/co\/wp-content\/uploads\/2023\/04\/Logo-Twind.svg","contentUrl":"https:\/\/twind.io\/co\/wp-content\/uploads\/2023\/04\/Logo-Twind.svg","width":1,"height":1,"caption":"Twind - Plataforma Gesti\u00f3n Documental de Contratistas"},"image":{"@id":"https:\/\/twind.io\/co\/#\/schema\/logo\/image\/"}}]}},"_links":{"self":[{"href":"https:\/\/twind.io\/co\/wp-json\/wp\/v2\/pages\/2441","targetHints":{"allow":["GET"]}}],"collection":[{"href":"https:\/\/twind.io\/co\/wp-json\/wp\/v2\/pages"}],"about":[{"href":"https:\/\/twind.io\/co\/wp-json\/wp\/v2\/types\/page"}],"author":[{"embeddable":true,"href":"https:\/\/twind.io\/co\/wp-json\/wp\/v2\/users\/1"}],"replies":[{"embeddable":true,"href":"https:\/\/twind.io\/co\/wp-json\/wp\/v2\/comments?post=2441"}],"version-history":[{"count":21,"href":"https:\/\/twind.io\/co\/wp-json\/wp\/v2\/pages\/2441\/revisions"}],"predecessor-version":[{"id":3684,"href":"https:\/\/twind.io\/co\/wp-json\/wp\/v2\/pages\/2441\/revisions\/3684"}],"wp:featuredmedia":[{"embeddable":true,"href":"https:\/\/twind.io\/co\/wp-json\/wp\/v2\/media\/1232"}],"wp:attachment":[{"href":"https:\/\/twind.io\/co\/wp-json\/wp\/v2\/media?parent=2441"}],"curies":[{"name":"wp","href":"https:\/\/api.w.org\/{rel}","templated":true}]}}