{"id":2449,"date":"2024-12-04T10:23:29","date_gmt":"2024-12-04T10:23:29","guid":{"rendered":"https:\/\/twind.io\/co\/?page_id=2449"},"modified":"2025-09-16T09:56:55","modified_gmt":"2025-09-16T09:56:55","slug":"checklist-charlas-seguridad","status":"publish","type":"page","link":"https:\/\/twind.io\/co\/checklist-charlas-seguridad\/","title":{"rendered":"Leadmagnet &#8211; Checklist para Charlas de Seguridad Efectivas"},"content":{"rendered":"<p><span style=\"\"><img decoding=\"async\" alt=\"Logo twind by ctaima\" data-id=\"1293\" width=\"197\" data-init-width=\"697\" height=\"59\" data-init-height=\"209\" title=\"Logo twind by ctaima\" src=\"https:\/\/twind.io\/co\/wp-content\/uploads\/2023\/10\/logo-twind-by-ctaima.png\" data-width=\"197\" data-height=\"59\" style=\"aspect-ratio: auto 697 \/ 209;\" mt-d=\"0\" ml-d=\"0\" center-v-d=\"true\" loading=\"lazy\"><\/span><\/p>\n<h3 style=\"text-align: center;\">Checklist Gratuita<\/h3>\n<h1 style=\"text-align: center;\"><span data-contrast=\"none\" lang=\"ES-ES\"><span data-ccp-parastyle=\"heading 2\"><span data-contrast=\"auto\" lang=\"ES-ES\"><span dir=\"ltr\">Charlas de Seguridad: <\/span><\/span><\/span><\/span><\/h1>\n<h1 style=\"text-align: center;\"><span data-contrast=\"none\" lang=\"ES-ES\"><span data-ccp-parastyle=\"heading 2\"><span data-contrast=\"auto\" lang=\"ES-ES\"><span dir=\"ltr\">Gu\u00eda Pr\u00e1ctica para Profesionales SST<\/span><\/span><\/span><\/span><\/h1>\n<h2 style=\"text-align: center;\"><strong>Optimiza el aprendizaje con charlas de seguridad efectivas<\/strong><\/h2>\n<p><span style=\"\"><img decoding=\"async\" alt=\"\" data-id=\"2478\" width=\"542\" data-init-width=\"1461\" height=\"661\" data-init-height=\"1784\" title=\"Mockup vertical\" src=\"https:\/\/twind.io\/co\/wp-content\/uploads\/2024\/12\/Mockup-vertical-1.png\" data-width=\"542\" style=\"aspect-ratio: auto 1461 \/ 1784;\" data-height=\"661\" mt-d=\"-12\" ml-d=\"0\" center-v-d=\"false\" loading=\"lazy\"><\/span>\n\t\t\t\t\t\t<script>\n\t\t\t\t\t\t\twindow.hsFormsOnReady = window.hsFormsOnReady || [];\n\t\t\t\t\t\t\twindow.hsFormsOnReady.push(()=>{\n\t\t\t\t\t\t\t\thbspt.forms.create({\n\t\t\t\t\t\t\t\t\tportalId: 146424663,\n\t\t\t\t\t\t\t\t\tformId: \"fb000f67-4da3-4f59-b7b3-5b042deba79a\",\n\t\t\t\t\t\t\t\t\ttarget: \"#hbspt-form-1775237785000-1674074596\",\n\t\t\t\t\t\t\t\t\tregion: \"eu1\",\n\t\t\t\t\t\t\t\t\t\n\t\t\t\t\t\t\t})});\n\t\t\t\t\t\t<\/script>\n\t\t\t\t\t\t<div class=\"hbspt-form\" id=\"hbspt-form-1775237785000-1674074596\"><\/div><\/p>\n<p style=\"\"><strong>\u00bfTe enfrentas al desaf\u00edo de asegurar que los trabajadores y todos los subcontratistas cumplan con los est\u00e1ndares de seguridad?&nbsp;<\/strong><\/p>\n<p \"=\"\" tve-droppable\"=\"\">Las charlas de seguridad son tu mejor aliado, pero solo cuando est\u00e1n bien estructuradas y ejecutadas. Como profesional de Seguridad y Salud en el Trabajo, sabes que una charla de seguridad mal planificada puede ser una oportunidad perdida para prevenir accidentes. Especialmente cuando trabajas con diferentes subcontratas, cada minuto cuenta y necesitas herramientas que realmente funcionen.<strong>Hemos creado una checklist completa que te ayudar\u00e1 a:<\/strong><\/p>\n<ul>\n<li \"=\"\" tve-droppable\"=\"\">Planificar charlas de seguridad que captan la atenci\u00f3n desde el primer minuto<\/li>\n<li \"=\"\" tve-droppable\"=\"\">Asegurar que todos los subcontratistas comprendan y apliquen los procedimientos<\/li>\n<li \"=\"\" tve-droppable\"=\"\">Documentar y hacer seguimiento de forma eficiente<\/li>\n<li \"=\"\" tve-droppable\"=\"\">Adaptar el contenido a diferentes perfiles y sectores<\/li>\n<li \"=\"\" tve-droppable\"=\"\">Medir el impacto real de tus intervenciones<\/li>\n<\/ul>\n<h3 style=\"text-align: center;\"><\/h3>\n<p style=\"\"><strong><span style=\"\"><span style=\"\">Esta checklist incluye:<\/span><\/span><\/strong><\/p>\n<p style=\"\">\n<p style=\"\"><span style=\"--tcb-applied-color: var$(--tcb-skin-color-23) !important; color: var(--tcb-skin-color-23) !important;\">\u2713 Plantilla paso a paso para estructurar charlas efectivas\u2713 Ideas pr\u00e1cticas para dinamizar las sesiones\u2713 Actividades de participaci\u00f3n probadas en campo<\/span><\/p>\n<p style=\"\"><span style=\"--tcb-applied-color: var$(--tcb-skin-color-23) !important; color: var(--tcb-skin-color-23) !important;\">\u2713 Consejos PRO para mejorar tus charlas<\/span><\/p>\n<p><span style=\"\"><img decoding=\"async\" alt=\"\" data-id=\"2473\" width=\"610\" data-init-width=\"1383\" height=\"393\" data-init-height=\"892\" title=\"Mockup horizontal\" src=\"https:\/\/twind.io\/co\/wp-content\/uploads\/2024\/12\/Mockup-horizontal.png\" data-width=\"610\" data-height=\"393\" style=\"aspect-ratio: auto 1383 \/ 892;\" mt-d=\"0\" ml-d=\"0\" ml-m=\"0\" mt-m=\"0\" center-h-d=\"true\" loading=\"lazy\"><\/span><\/p>\n<h2 style=\"text-align: center;\">Reduce el tiempo de preparaci\u00f3n de tus charlas y mejora los resultados&nbsp;<\/h2>\n","protected":false},"excerpt":{"rendered":"<p>Checklist Gratuita Charlas de Seguridad: Gu\u00eda Pr\u00e1ctica para Profesionales SST Optimiza el aprendizaje con charlas de seguridad efectivas \u00bfTe enfrentas al desaf\u00edo de asegurar que los trabajadores y todos los subcontratistas cumplan con los est\u00e1ndares de seguridad?&nbsp; Las charlas de seguridad son tu mejor aliado, pero solo cuando est\u00e1n bien estructuradas y ejecutadas. Como profesional [&hellip;]<\/p>\n","protected":false},"author":1,"featured_media":1232,"parent":0,"menu_order":0,"comment_status":"closed","ping_status":"closed","template":"","meta":{"content-type":"","footnotes":""},"class_list":["post-2449","page","type-page","status-publish","has-post-thumbnail","hentry","post-wrapper","thrv_wrapper"],"yoast_head":"<!-- This site is optimized with the Yoast SEO plugin v27.2 - https:\/\/yoast.com\/product\/yoast-seo-wordpress\/ -->\n<title>Checklist para Charlas de Seguridad | Gu\u00eda Gratuita PRL<\/title>\n<meta name=\"description\" content=\"Descarga la checklist gratuita para charlas de seguridad efectivas. +20 ideas pr\u00e1cticas para profesionales PRL. \u00a1Optimiza tus charlas!\" \/>\n<meta name=\"robots\" content=\"noindex, nofollow\" \/>\n<meta property=\"og:locale\" content=\"es_ES\" \/>\n<meta property=\"og:type\" content=\"article\" \/>\n<meta property=\"og:title\" content=\"Checklist para Charlas de Seguridad | Gu\u00eda Gratuita PRL\" \/>\n<meta property=\"og:description\" content=\"Descarga la checklist gratuita para charlas de seguridad efectivas. +20 ideas pr\u00e1cticas para profesionales PRL. \u00a1Optimiza tus charlas!\" \/>\n<meta property=\"og:url\" content=\"https:\/\/twind.io\/co\/checklist-charlas-seguridad\/\" \/>\n<meta property=\"og:site_name\" content=\"Twind - Plataforma Gesti\u00f3n Documental de Contratistas\" \/>\n<meta property=\"article:modified_time\" content=\"2025-09-16T09:56:55+00:00\" \/>\n<meta property=\"og:image\" content=\"https:\/\/twind.io\/co\/wp-content\/uploads\/2023\/10\/Tavola-da-disegno-1-copia-5-scaled-1.jpg\" \/>\n\t<meta property=\"og:image:width\" content=\"2167\" \/>\n\t<meta property=\"og:image:height\" content=\"2560\" \/>\n\t<meta property=\"og:image:type\" content=\"image\/jpeg\" \/>\n<meta name=\"twitter:card\" content=\"summary_large_image\" \/>\n<meta name=\"twitter:label1\" content=\"Tiempo de lectura\" \/>\n\t<meta name=\"twitter:data1\" content=\"4 minutos\" \/>\n<script type=\"application\/ld+json\" class=\"yoast-schema-graph\">{\"@context\":\"https:\/\/schema.org\",\"@graph\":[{\"@type\":\"WebPage\",\"@id\":\"https:\/\/twind.io\/co\/checklist-charlas-seguridad\/\",\"url\":\"https:\/\/twind.io\/co\/checklist-charlas-seguridad\/\",\"name\":\"Checklist para Charlas de Seguridad | Gu\u00eda Gratuita PRL\",\"isPartOf\":{\"@id\":\"https:\/\/twind.io\/co\/#website\"},\"primaryImageOfPage\":{\"@id\":\"https:\/\/twind.io\/co\/checklist-charlas-seguridad\/#primaryimage\"},\"image\":{\"@id\":\"https:\/\/twind.io\/co\/checklist-charlas-seguridad\/#primaryimage\"},\"thumbnailUrl\":\"https:\/\/twind.io\/co\/wp-content\/uploads\/2023\/10\/Tavola-da-disegno-1-copia-5-scaled-1.jpg\",\"datePublished\":\"2024-12-04T10:23:29+00:00\",\"dateModified\":\"2025-09-16T09:56:55+00:00\",\"description\":\"Descarga la checklist gratuita para charlas de seguridad efectivas. +20 ideas pr\u00e1cticas para profesionales PRL. \u00a1Optimiza tus charlas!\",\"breadcrumb\":{\"@id\":\"https:\/\/twind.io\/co\/checklist-charlas-seguridad\/#breadcrumb\"},\"inLanguage\":\"es-CO\",\"potentialAction\":[{\"@type\":\"ReadAction\",\"target\":[\"https:\/\/twind.io\/co\/checklist-charlas-seguridad\/\"]}]},{\"@type\":\"ImageObject\",\"inLanguage\":\"es-CO\",\"@id\":\"https:\/\/twind.io\/co\/checklist-charlas-seguridad\/#primaryimage\",\"url\":\"https:\/\/twind.io\/co\/wp-content\/uploads\/2023\/10\/Tavola-da-disegno-1-copia-5-scaled-1.jpg\",\"contentUrl\":\"https:\/\/twind.io\/co\/wp-content\/uploads\/2023\/10\/Tavola-da-disegno-1-copia-5-scaled-1.jpg\",\"width\":2167,\"height\":2560},{\"@type\":\"BreadcrumbList\",\"@id\":\"https:\/\/twind.io\/co\/checklist-charlas-seguridad\/#breadcrumb\",\"itemListElement\":[{\"@type\":\"ListItem\",\"position\":1,\"name\":\"Portada\",\"item\":\"https:\/\/twind.io\/co\/\"},{\"@type\":\"ListItem\",\"position\":2,\"name\":\"Leadmagnet &#8211; Checklist para Charlas de Seguridad Efectivas\"}]},{\"@type\":\"WebSite\",\"@id\":\"https:\/\/twind.io\/co\/#website\",\"url\":\"https:\/\/twind.io\/co\/\",\"name\":\"Twind - Plataforma Gesti\u00f3n Documental de Contratistas\",\"description\":\"Plataforma para la Gesti\u00f3n Documental de Contratistas para asegurar los est\u00e1ndares de Seguridad y Salud en el Trabajo\",\"publisher\":{\"@id\":\"https:\/\/twind.io\/co\/#organization\"},\"potentialAction\":[{\"@type\":\"SearchAction\",\"target\":{\"@type\":\"EntryPoint\",\"urlTemplate\":\"https:\/\/twind.io\/co\/?s={search_term_string}\"},\"query-input\":{\"@type\":\"PropertyValueSpecification\",\"valueRequired\":true,\"valueName\":\"search_term_string\"}}],\"inLanguage\":\"es-CO\"},{\"@type\":\"Organization\",\"@id\":\"https:\/\/twind.io\/co\/#organization\",\"name\":\"Twind - Plataforma Gesti\u00f3n Documental de Contratistas\",\"url\":\"https:\/\/twind.io\/co\/\",\"logo\":{\"@type\":\"ImageObject\",\"inLanguage\":\"es-CO\",\"@id\":\"https:\/\/twind.io\/co\/#\/schema\/logo\/image\/\",\"url\":\"https:\/\/twind.io\/co\/wp-content\/uploads\/2023\/04\/Logo-Twind.svg\",\"contentUrl\":\"https:\/\/twind.io\/co\/wp-content\/uploads\/2023\/04\/Logo-Twind.svg\",\"width\":1,\"height\":1,\"caption\":\"Twind - Plataforma Gesti\u00f3n Documental de Contratistas\"},\"image\":{\"@id\":\"https:\/\/twind.io\/co\/#\/schema\/logo\/image\/\"}}]}<\/script>\n<!-- \/ Yoast SEO plugin. -->","yoast_head_json":{"title":"Checklist para Charlas de Seguridad | Gu\u00eda Gratuita PRL","description":"Descarga la checklist gratuita para charlas de seguridad efectivas. +20 ideas pr\u00e1cticas para profesionales PRL. \u00a1Optimiza tus charlas!","robots":{"index":"noindex","follow":"nofollow"},"og_locale":"es_ES","og_type":"article","og_title":"Checklist para Charlas de Seguridad | Gu\u00eda Gratuita PRL","og_description":"Descarga la checklist gratuita para charlas de seguridad efectivas. +20 ideas pr\u00e1cticas para profesionales PRL. \u00a1Optimiza tus charlas!","og_url":"https:\/\/twind.io\/co\/checklist-charlas-seguridad\/","og_site_name":"Twind - Plataforma Gesti\u00f3n Documental de Contratistas","article_modified_time":"2025-09-16T09:56:55+00:00","og_image":[{"width":2167,"height":2560,"url":"https:\/\/twind.io\/co\/wp-content\/uploads\/2023\/10\/Tavola-da-disegno-1-copia-5-scaled-1.jpg","type":"image\/jpeg"}],"twitter_card":"summary_large_image","twitter_misc":{"Tiempo de lectura":"4 minutos"},"schema":{"@context":"https:\/\/schema.org","@graph":[{"@type":"WebPage","@id":"https:\/\/twind.io\/co\/checklist-charlas-seguridad\/","url":"https:\/\/twind.io\/co\/checklist-charlas-seguridad\/","name":"Checklist para Charlas de Seguridad | Gu\u00eda Gratuita PRL","isPartOf":{"@id":"https:\/\/twind.io\/co\/#website"},"primaryImageOfPage":{"@id":"https:\/\/twind.io\/co\/checklist-charlas-seguridad\/#primaryimage"},"image":{"@id":"https:\/\/twind.io\/co\/checklist-charlas-seguridad\/#primaryimage"},"thumbnailUrl":"https:\/\/twind.io\/co\/wp-content\/uploads\/2023\/10\/Tavola-da-disegno-1-copia-5-scaled-1.jpg","datePublished":"2024-12-04T10:23:29+00:00","dateModified":"2025-09-16T09:56:55+00:00","description":"Descarga la checklist gratuita para charlas de seguridad efectivas. +20 ideas pr\u00e1cticas para profesionales PRL. \u00a1Optimiza tus charlas!","breadcrumb":{"@id":"https:\/\/twind.io\/co\/checklist-charlas-seguridad\/#breadcrumb"},"inLanguage":"es-CO","potentialAction":[{"@type":"ReadAction","target":["https:\/\/twind.io\/co\/checklist-charlas-seguridad\/"]}]},{"@type":"ImageObject","inLanguage":"es-CO","@id":"https:\/\/twind.io\/co\/checklist-charlas-seguridad\/#primaryimage","url":"https:\/\/twind.io\/co\/wp-content\/uploads\/2023\/10\/Tavola-da-disegno-1-copia-5-scaled-1.jpg","contentUrl":"https:\/\/twind.io\/co\/wp-content\/uploads\/2023\/10\/Tavola-da-disegno-1-copia-5-scaled-1.jpg","width":2167,"height":2560},{"@type":"BreadcrumbList","@id":"https:\/\/twind.io\/co\/checklist-charlas-seguridad\/#breadcrumb","itemListElement":[{"@type":"ListItem","position":1,"name":"Portada","item":"https:\/\/twind.io\/co\/"},{"@type":"ListItem","position":2,"name":"Leadmagnet &#8211; Checklist para Charlas de Seguridad Efectivas"}]},{"@type":"WebSite","@id":"https:\/\/twind.io\/co\/#website","url":"https:\/\/twind.io\/co\/","name":"Twind - Plataforma Gesti\u00f3n Documental de Contratistas","description":"Plataforma para la Gesti\u00f3n Documental de Contratistas para asegurar los est\u00e1ndares de Seguridad y Salud en el Trabajo","publisher":{"@id":"https:\/\/twind.io\/co\/#organization"},"potentialAction":[{"@type":"SearchAction","target":{"@type":"EntryPoint","urlTemplate":"https:\/\/twind.io\/co\/?s={search_term_string}"},"query-input":{"@type":"PropertyValueSpecification","valueRequired":true,"valueName":"search_term_string"}}],"inLanguage":"es-CO"},{"@type":"Organization","@id":"https:\/\/twind.io\/co\/#organization","name":"Twind - Plataforma Gesti\u00f3n Documental de Contratistas","url":"https:\/\/twind.io\/co\/","logo":{"@type":"ImageObject","inLanguage":"es-CO","@id":"https:\/\/twind.io\/co\/#\/schema\/logo\/image\/","url":"https:\/\/twind.io\/co\/wp-content\/uploads\/2023\/04\/Logo-Twind.svg","contentUrl":"https:\/\/twind.io\/co\/wp-content\/uploads\/2023\/04\/Logo-Twind.svg","width":1,"height":1,"caption":"Twind - Plataforma Gesti\u00f3n Documental de Contratistas"},"image":{"@id":"https:\/\/twind.io\/co\/#\/schema\/logo\/image\/"}}]}},"_links":{"self":[{"href":"https:\/\/twind.io\/co\/wp-json\/wp\/v2\/pages\/2449","targetHints":{"allow":["GET"]}}],"collection":[{"href":"https:\/\/twind.io\/co\/wp-json\/wp\/v2\/pages"}],"about":[{"href":"https:\/\/twind.io\/co\/wp-json\/wp\/v2\/types\/page"}],"author":[{"embeddable":true,"href":"https:\/\/twind.io\/co\/wp-json\/wp\/v2\/users\/1"}],"replies":[{"embeddable":true,"href":"https:\/\/twind.io\/co\/wp-json\/wp\/v2\/comments?post=2449"}],"version-history":[{"count":17,"href":"https:\/\/twind.io\/co\/wp-json\/wp\/v2\/pages\/2449\/revisions"}],"predecessor-version":[{"id":3681,"href":"https:\/\/twind.io\/co\/wp-json\/wp\/v2\/pages\/2449\/revisions\/3681"}],"wp:featuredmedia":[{"embeddable":true,"href":"https:\/\/twind.io\/co\/wp-json\/wp\/v2\/media\/1232"}],"wp:attachment":[{"href":"https:\/\/twind.io\/co\/wp-json\/wp\/v2\/media?parent=2449"}],"curies":[{"name":"wp","href":"https:\/\/api.w.org\/{rel}","templated":true}]}}