{"id":2637,"date":"2025-01-09T13:05:53","date_gmt":"2025-01-09T13:05:53","guid":{"rendered":"https:\/\/twind.io\/co\/?page_id=2637"},"modified":"2025-09-22T08:14:51","modified_gmt":"2025-09-22T08:14:51","slug":"checklist-para-capacitaciones-de-seguridad-laboral","status":"publish","type":"page","link":"https:\/\/twind.io\/co\/checklist-para-capacitaciones-de-seguridad-laboral\/","title":{"rendered":"Leadmagnet &#8211; Checklist para Capacitaciones de Seguridad"},"content":{"rendered":"<p><span style=\"\"><img decoding=\"async\" alt=\"Logo twind by ctaima\" data-id=\"1293\" width=\"163\" data-init-width=\"697\" height=\"49\" data-init-height=\"209\" title=\"Logo twind by ctaima\" src=\"https:\/\/twind.io\/co\/wp-content\/uploads\/2023\/10\/logo-twind-by-ctaima.png\" data-width=\"163\" data-height=\"49\" style=\"aspect-ratio: auto 697 \/ 209;\" mt-d=\"0\" ml-d=\"0\" center-v-d=\"true\" loading=\"lazy\"><\/span><\/p>\n<h3 style=\"text-align: center;\">Checklist Gratuita<\/h3>\n<h1 style=\"text-align: center;\"><span data-contrast=\"none\" lang=\"ES-ES\"><span data-ccp-parastyle=\"heading 2\"><span data-contrast=\"auto\" lang=\"ES-ES\"><span dir=\"ltr\">Capacitaciones de Seguridad:&nbsp;<\/span><\/span><\/span><\/span><\/h1>\n<h1 style=\"text-align: center;\"><span data-contrast=\"none\" lang=\"ES-ES\"><span data-ccp-parastyle=\"heading 2\"><span data-contrast=\"auto\" lang=\"ES-ES\"><span dir=\"ltr\">Gu\u00eda paso a paso<\/span><\/span><\/span><\/span><\/h1>\n<h2 style=\"text-align: center;\"><strong>Una lista de verificaci\u00f3n para Capacitadores y Expertos en Seguridad<\/strong><\/h2>\n<p><span style=\"\"><img decoding=\"async\" alt=\"\" data-id=\"2649\" width=\"558\" data-init-width=\"1298\" height=\"690\" data-init-height=\"1605\" title=\"Capacitaciones - V\" src=\"https:\/\/twind.io\/co\/wp-content\/uploads\/2025\/01\/Capacitaciones-V.png\" data-width=\"558\" style=\"aspect-ratio: auto 1298 \/ 1605;\" data-height=\"690\" mt-d=\"-14\" ml-d=\"0\" center-v-d=\"false\" loading=\"lazy\"><\/span>\n\t\t\t\t\t\t<script>\n\t\t\t\t\t\t\twindow.hsFormsOnReady = window.hsFormsOnReady || [];\n\t\t\t\t\t\t\twindow.hsFormsOnReady.push(()=>{\n\t\t\t\t\t\t\t\thbspt.forms.create({\n\t\t\t\t\t\t\t\t\tportalId: 146424663,\n\t\t\t\t\t\t\t\t\tformId: \"e61208ba-9426-461a-9f4a-8e620fa27bed\",\n\t\t\t\t\t\t\t\t\ttarget: \"#hbspt-form-1775407674000-9352229251\",\n\t\t\t\t\t\t\t\t\tregion: \"eu1\",\n\t\t\t\t\t\t\t\t\t\n\t\t\t\t\t\t\t})});\n\t\t\t\t\t\t<\/script>\n\t\t\t\t\t\t<div class=\"hbspt-form\" id=\"hbspt-form-1775407674000-9352229251\"><\/div><\/p>\n<p><strong>\u00bfTe enfrentas al desaf\u00edo de asegurar que los trabajadores y todos los subcontratistas est\u00e9n capacitados y listos para cumplir con los est\u00e1ndares de seguridad?&nbsp;<\/strong><\/p>\n<p \"=\"\" tve-droppable\"=\"\">La preparaci\u00f3n efectiva de capacitaciones en seguridad es crucial para garantizar su impacto y cumplimiento normativo. Sin embargo, gestionar todos los aspectos involucrados puede ser abrumador: desde la log\u00edstica hasta la documentaci\u00f3n, pasando por la metodolog\u00eda y el seguimiento. Esta checklist integral te ayudar\u00e1 a mantener todo bajo control y asegurar el \u00e9xito de tus formaciones.<\/p>\n<p \"=\"\" tve-droppable\"=\"\"><strong>\u00bfPara qu\u00e9 sirve esta checklist?<\/strong>&#8211; Sistematiza todo el proceso de capacitaci\u00f3n, asegurando que no se pase por alto ning\u00fan aspecto cr\u00edtico.- Proporciona una estructura clara para la planificaci\u00f3n y ejecuci\u00f3n de las formaciones.- Facilita el cumplimiento de requisitos legales y documentales, manteniendo un registro ordenado y profesional de todas las actividades formativas.- Permite evaluar y mejorar continuamente la calidad de las capacitaciones, identificando \u00e1reas de oportunidad y midiendo su efectividad.<\/p>\n<h3 style=\"text-align: center;\"><\/h3>\n<p style=\"\"><strong>\u00bfC\u00f3mo usarla?<\/strong><\/p>\n<p>Esta checklist ha sido dise\u00f1ada para ser completamente adaptable a diferentes contextos y necesidades empresariales.<\/p>\n<p><strong>Puedes utilizarla tal cual est\u00e1 o tomarla como base para crear tu propia versi\u00f3n personalizada.<\/strong><\/p>\n<p>Es una herramienta ideal tanto para verificar si est\u00e1s considerando todos los aspectos importantes en tus capacitaciones actuales, como para descubrir elementos que quiz\u00e1s no hab\u00edas contemplado.<\/p>\n<p><span style=\"\"><img decoding=\"async\" alt=\"\" data-id=\"2648\" width=\"657\" data-init-width=\"2074\" height=\"424\" data-init-height=\"1338\" title=\"Capacitaciones - H\" src=\"https:\/\/twind.io\/co\/wp-content\/uploads\/2025\/01\/Capacitaciones-H.png\" data-width=\"657\" data-height=\"424\" style=\"aspect-ratio: auto 2074 \/ 1338;\" mt-d=\"0\" ml-d=\"0\" ml-m=\"0\" mt-m=\"0\" center-h-d=\"true\" loading=\"lazy\"><\/span><\/p>\n<h2 style=\"text-align: center;\">Reduce el tiempo de preparaci\u00f3n de tus capacitaciones y mejora los resultados&nbsp;<\/h2>\n","protected":false},"excerpt":{"rendered":"<p>Checklist Gratuita Capacitaciones de Seguridad:&nbsp; Gu\u00eda paso a paso Una lista de verificaci\u00f3n para Capacitadores y Expertos en Seguridad \u00bfTe enfrentas al desaf\u00edo de asegurar que los trabajadores y todos los subcontratistas est\u00e9n capacitados y listos para cumplir con los est\u00e1ndares de seguridad?&nbsp; La preparaci\u00f3n efectiva de capacitaciones en seguridad es crucial para garantizar su [&hellip;]<\/p>\n","protected":false},"author":1,"featured_media":1232,"parent":0,"menu_order":0,"comment_status":"closed","ping_status":"closed","template":"","meta":{"content-type":"","footnotes":""},"class_list":["post-2637","page","type-page","status-publish","has-post-thumbnail","hentry","post-wrapper","thrv_wrapper"],"yoast_head":"<!-- This site is optimized with the Yoast SEO plugin v27.2 - https:\/\/yoast.com\/product\/yoast-seo-wordpress\/ -->\n<title>Checklist para Capacitaciones de Seguridad Laboral | Gratuita<\/title>\n<meta name=\"description\" content=\"Descarga gratis nuestra checklist para planificar y ejecutar capacitaciones de seguridad laboral. Herramienta pr\u00e1ctica para expertos en SST.\" \/>\n<meta name=\"robots\" content=\"noindex, nofollow\" \/>\n<meta property=\"og:locale\" content=\"es_ES\" \/>\n<meta property=\"og:type\" content=\"article\" \/>\n<meta property=\"og:title\" content=\"Checklist para Capacitaciones de Seguridad Laboral | Gratuita\" \/>\n<meta property=\"og:description\" content=\"Descarga gratis nuestra checklist para planificar y ejecutar capacitaciones de seguridad laboral. Herramienta pr\u00e1ctica para expertos en SST.\" \/>\n<meta property=\"og:url\" content=\"https:\/\/twind.io\/co\/checklist-para-capacitaciones-de-seguridad-laboral\/\" \/>\n<meta property=\"og:site_name\" content=\"Twind - Plataforma Gesti\u00f3n Documental de Contratistas\" \/>\n<meta property=\"article:modified_time\" content=\"2025-09-22T08:14:51+00:00\" \/>\n<meta property=\"og:image\" content=\"https:\/\/twind.io\/co\/wp-content\/uploads\/2023\/10\/Tavola-da-disegno-1-copia-5-scaled-1.jpg\" \/>\n\t<meta property=\"og:image:width\" content=\"2167\" \/>\n\t<meta property=\"og:image:height\" content=\"2560\" \/>\n\t<meta property=\"og:image:type\" content=\"image\/jpeg\" \/>\n<meta name=\"twitter:card\" content=\"summary_large_image\" \/>\n<meta name=\"twitter:label1\" content=\"Tiempo de lectura\" \/>\n\t<meta name=\"twitter:data1\" content=\"4 minutos\" \/>\n<script type=\"application\/ld+json\" class=\"yoast-schema-graph\">{\"@context\":\"https:\/\/schema.org\",\"@graph\":[{\"@type\":\"WebPage\",\"@id\":\"https:\/\/twind.io\/co\/checklist-para-capacitaciones-de-seguridad-laboral\/\",\"url\":\"https:\/\/twind.io\/co\/checklist-para-capacitaciones-de-seguridad-laboral\/\",\"name\":\"Checklist para Capacitaciones de Seguridad Laboral | Gratuita\",\"isPartOf\":{\"@id\":\"https:\/\/twind.io\/co\/#website\"},\"primaryImageOfPage\":{\"@id\":\"https:\/\/twind.io\/co\/checklist-para-capacitaciones-de-seguridad-laboral\/#primaryimage\"},\"image\":{\"@id\":\"https:\/\/twind.io\/co\/checklist-para-capacitaciones-de-seguridad-laboral\/#primaryimage\"},\"thumbnailUrl\":\"https:\/\/twind.io\/co\/wp-content\/uploads\/2023\/10\/Tavola-da-disegno-1-copia-5-scaled-1.jpg\",\"datePublished\":\"2025-01-09T13:05:53+00:00\",\"dateModified\":\"2025-09-22T08:14:51+00:00\",\"description\":\"Descarga gratis nuestra checklist para planificar y ejecutar capacitaciones de seguridad laboral. Herramienta pr\u00e1ctica para expertos en SST.\",\"breadcrumb\":{\"@id\":\"https:\/\/twind.io\/co\/checklist-para-capacitaciones-de-seguridad-laboral\/#breadcrumb\"},\"inLanguage\":\"es-CO\",\"potentialAction\":[{\"@type\":\"ReadAction\",\"target\":[\"https:\/\/twind.io\/co\/checklist-para-capacitaciones-de-seguridad-laboral\/\"]}]},{\"@type\":\"ImageObject\",\"inLanguage\":\"es-CO\",\"@id\":\"https:\/\/twind.io\/co\/checklist-para-capacitaciones-de-seguridad-laboral\/#primaryimage\",\"url\":\"https:\/\/twind.io\/co\/wp-content\/uploads\/2023\/10\/Tavola-da-disegno-1-copia-5-scaled-1.jpg\",\"contentUrl\":\"https:\/\/twind.io\/co\/wp-content\/uploads\/2023\/10\/Tavola-da-disegno-1-copia-5-scaled-1.jpg\",\"width\":2167,\"height\":2560},{\"@type\":\"BreadcrumbList\",\"@id\":\"https:\/\/twind.io\/co\/checklist-para-capacitaciones-de-seguridad-laboral\/#breadcrumb\",\"itemListElement\":[{\"@type\":\"ListItem\",\"position\":1,\"name\":\"Portada\",\"item\":\"https:\/\/twind.io\/co\/\"},{\"@type\":\"ListItem\",\"position\":2,\"name\":\"Leadmagnet &#8211; Checklist para Capacitaciones de Seguridad\"}]},{\"@type\":\"WebSite\",\"@id\":\"https:\/\/twind.io\/co\/#website\",\"url\":\"https:\/\/twind.io\/co\/\",\"name\":\"Twind - Plataforma Gesti\u00f3n Documental de Contratistas\",\"description\":\"Plataforma para la Gesti\u00f3n Documental de Contratistas para asegurar los est\u00e1ndares de Seguridad y Salud en el Trabajo\",\"publisher\":{\"@id\":\"https:\/\/twind.io\/co\/#organization\"},\"potentialAction\":[{\"@type\":\"SearchAction\",\"target\":{\"@type\":\"EntryPoint\",\"urlTemplate\":\"https:\/\/twind.io\/co\/?s={search_term_string}\"},\"query-input\":{\"@type\":\"PropertyValueSpecification\",\"valueRequired\":true,\"valueName\":\"search_term_string\"}}],\"inLanguage\":\"es-CO\"},{\"@type\":\"Organization\",\"@id\":\"https:\/\/twind.io\/co\/#organization\",\"name\":\"Twind - Plataforma Gesti\u00f3n Documental de Contratistas\",\"url\":\"https:\/\/twind.io\/co\/\",\"logo\":{\"@type\":\"ImageObject\",\"inLanguage\":\"es-CO\",\"@id\":\"https:\/\/twind.io\/co\/#\/schema\/logo\/image\/\",\"url\":\"https:\/\/twind.io\/co\/wp-content\/uploads\/2023\/04\/Logo-Twind.svg\",\"contentUrl\":\"https:\/\/twind.io\/co\/wp-content\/uploads\/2023\/04\/Logo-Twind.svg\",\"width\":1,\"height\":1,\"caption\":\"Twind - Plataforma Gesti\u00f3n Documental de Contratistas\"},\"image\":{\"@id\":\"https:\/\/twind.io\/co\/#\/schema\/logo\/image\/\"}}]}<\/script>\n<!-- \/ Yoast SEO plugin. -->","yoast_head_json":{"title":"Checklist para Capacitaciones de Seguridad Laboral | Gratuita","description":"Descarga gratis nuestra checklist para planificar y ejecutar capacitaciones de seguridad laboral. Herramienta pr\u00e1ctica para expertos en SST.","robots":{"index":"noindex","follow":"nofollow"},"og_locale":"es_ES","og_type":"article","og_title":"Checklist para Capacitaciones de Seguridad Laboral | Gratuita","og_description":"Descarga gratis nuestra checklist para planificar y ejecutar capacitaciones de seguridad laboral. Herramienta pr\u00e1ctica para expertos en SST.","og_url":"https:\/\/twind.io\/co\/checklist-para-capacitaciones-de-seguridad-laboral\/","og_site_name":"Twind - Plataforma Gesti\u00f3n Documental de Contratistas","article_modified_time":"2025-09-22T08:14:51+00:00","og_image":[{"width":2167,"height":2560,"url":"https:\/\/twind.io\/co\/wp-content\/uploads\/2023\/10\/Tavola-da-disegno-1-copia-5-scaled-1.jpg","type":"image\/jpeg"}],"twitter_card":"summary_large_image","twitter_misc":{"Tiempo de lectura":"4 minutos"},"schema":{"@context":"https:\/\/schema.org","@graph":[{"@type":"WebPage","@id":"https:\/\/twind.io\/co\/checklist-para-capacitaciones-de-seguridad-laboral\/","url":"https:\/\/twind.io\/co\/checklist-para-capacitaciones-de-seguridad-laboral\/","name":"Checklist para Capacitaciones de Seguridad Laboral | Gratuita","isPartOf":{"@id":"https:\/\/twind.io\/co\/#website"},"primaryImageOfPage":{"@id":"https:\/\/twind.io\/co\/checklist-para-capacitaciones-de-seguridad-laboral\/#primaryimage"},"image":{"@id":"https:\/\/twind.io\/co\/checklist-para-capacitaciones-de-seguridad-laboral\/#primaryimage"},"thumbnailUrl":"https:\/\/twind.io\/co\/wp-content\/uploads\/2023\/10\/Tavola-da-disegno-1-copia-5-scaled-1.jpg","datePublished":"2025-01-09T13:05:53+00:00","dateModified":"2025-09-22T08:14:51+00:00","description":"Descarga gratis nuestra checklist para planificar y ejecutar capacitaciones de seguridad laboral. Herramienta pr\u00e1ctica para expertos en SST.","breadcrumb":{"@id":"https:\/\/twind.io\/co\/checklist-para-capacitaciones-de-seguridad-laboral\/#breadcrumb"},"inLanguage":"es-CO","potentialAction":[{"@type":"ReadAction","target":["https:\/\/twind.io\/co\/checklist-para-capacitaciones-de-seguridad-laboral\/"]}]},{"@type":"ImageObject","inLanguage":"es-CO","@id":"https:\/\/twind.io\/co\/checklist-para-capacitaciones-de-seguridad-laboral\/#primaryimage","url":"https:\/\/twind.io\/co\/wp-content\/uploads\/2023\/10\/Tavola-da-disegno-1-copia-5-scaled-1.jpg","contentUrl":"https:\/\/twind.io\/co\/wp-content\/uploads\/2023\/10\/Tavola-da-disegno-1-copia-5-scaled-1.jpg","width":2167,"height":2560},{"@type":"BreadcrumbList","@id":"https:\/\/twind.io\/co\/checklist-para-capacitaciones-de-seguridad-laboral\/#breadcrumb","itemListElement":[{"@type":"ListItem","position":1,"name":"Portada","item":"https:\/\/twind.io\/co\/"},{"@type":"ListItem","position":2,"name":"Leadmagnet &#8211; Checklist para Capacitaciones de Seguridad"}]},{"@type":"WebSite","@id":"https:\/\/twind.io\/co\/#website","url":"https:\/\/twind.io\/co\/","name":"Twind - Plataforma Gesti\u00f3n Documental de Contratistas","description":"Plataforma para la Gesti\u00f3n Documental de Contratistas para asegurar los est\u00e1ndares de Seguridad y Salud en el Trabajo","publisher":{"@id":"https:\/\/twind.io\/co\/#organization"},"potentialAction":[{"@type":"SearchAction","target":{"@type":"EntryPoint","urlTemplate":"https:\/\/twind.io\/co\/?s={search_term_string}"},"query-input":{"@type":"PropertyValueSpecification","valueRequired":true,"valueName":"search_term_string"}}],"inLanguage":"es-CO"},{"@type":"Organization","@id":"https:\/\/twind.io\/co\/#organization","name":"Twind - Plataforma Gesti\u00f3n Documental de Contratistas","url":"https:\/\/twind.io\/co\/","logo":{"@type":"ImageObject","inLanguage":"es-CO","@id":"https:\/\/twind.io\/co\/#\/schema\/logo\/image\/","url":"https:\/\/twind.io\/co\/wp-content\/uploads\/2023\/04\/Logo-Twind.svg","contentUrl":"https:\/\/twind.io\/co\/wp-content\/uploads\/2023\/04\/Logo-Twind.svg","width":1,"height":1,"caption":"Twind - Plataforma Gesti\u00f3n Documental de Contratistas"},"image":{"@id":"https:\/\/twind.io\/co\/#\/schema\/logo\/image\/"}}]}},"_links":{"self":[{"href":"https:\/\/twind.io\/co\/wp-json\/wp\/v2\/pages\/2637","targetHints":{"allow":["GET"]}}],"collection":[{"href":"https:\/\/twind.io\/co\/wp-json\/wp\/v2\/pages"}],"about":[{"href":"https:\/\/twind.io\/co\/wp-json\/wp\/v2\/types\/page"}],"author":[{"embeddable":true,"href":"https:\/\/twind.io\/co\/wp-json\/wp\/v2\/users\/1"}],"replies":[{"embeddable":true,"href":"https:\/\/twind.io\/co\/wp-json\/wp\/v2\/comments?post=2637"}],"version-history":[{"count":20,"href":"https:\/\/twind.io\/co\/wp-json\/wp\/v2\/pages\/2637\/revisions"}],"predecessor-version":[{"id":3690,"href":"https:\/\/twind.io\/co\/wp-json\/wp\/v2\/pages\/2637\/revisions\/3690"}],"wp:featuredmedia":[{"embeddable":true,"href":"https:\/\/twind.io\/co\/wp-json\/wp\/v2\/media\/1232"}],"wp:attachment":[{"href":"https:\/\/twind.io\/co\/wp-json\/wp\/v2\/media?parent=2637"}],"curies":[{"name":"wp","href":"https:\/\/api.w.org\/{rel}","templated":true}]}}