{"id":365,"date":"2023-04-12T14:13:02","date_gmt":"2023-04-12T14:13:02","guid":{"rendered":"https:\/\/twind.io\/?page_id=365"},"modified":"2025-12-18T11:39:53","modified_gmt":"2025-12-18T11:39:53","slug":"contacto","status":"publish","type":"page","link":"https:\/\/twind.io\/co\/contacto\/","title":{"rendered":"Contacto"},"content":{"rendered":"<h1 style=\"text-align: center;\">Descubre <span style=\"--tcb-applied-color: var$(--tcb-skin-color-0)  !important; color: var(--tcb-skin-color-0);\">Twind<\/span><\/h1>\n<h2 style=\"text-align: center;\">Descubre c\u00f3mo <strong>Twind puede ayudarte en el control documental de contratistas y proveedores<\/strong> para cumplir con las obligaciones del SG-SST.<\/h2>\n<h2 style=\"text-align: center;\">&nbsp;<strong>Completa el formulario<\/strong> con tus datos y<strong> te contactaremos<\/strong> para programar una asesor\u00eda gratuita.<\/h2>\n\n\t\t\t\t\t\t<script>\n\t\t\t\t\t\t\twindow.hsFormsOnReady = window.hsFormsOnReady || [];\n\t\t\t\t\t\t\twindow.hsFormsOnReady.push(()=>{\n\t\t\t\t\t\t\t\thbspt.forms.create({\n\t\t\t\t\t\t\t\t\tportalId: 146424663,\n\t\t\t\t\t\t\t\t\tformId: \"6c07c599-4d62-4412-8231-a33a041fb28a\",\n\t\t\t\t\t\t\t\t\ttarget: \"#hbspt-form-1776578482000-4735947369\",\n\t\t\t\t\t\t\t\t\tregion: \"eu1\",\n\t\t\t\t\t\t\t\t\t\n\t\t\t\t\t\t\t})});\n\t\t\t\t\t\t<\/script>\n\t\t\t\t\t\t<div class=\"hbspt-form\" id=\"hbspt-form-1776578482000-4735947369\"><\/div>\n","protected":false},"excerpt":{"rendered":"<p>Descubre Twind Descubre c\u00f3mo Twind puede ayudarte en el control documental de contratistas y proveedores para cumplir con las obligaciones del SG-SST. &nbsp;Completa el formulario con tus datos y te contactaremos para programar una asesor\u00eda gratuita.<\/p>\n","protected":false},"author":1,"featured_media":284,"parent":0,"menu_order":0,"comment_status":"closed","ping_status":"closed","template":"","meta":{"content-type":"","footnotes":""},"class_list":["post-365","page","type-page","status-publish","has-post-thumbnail","hentry","post-wrapper","thrv_wrapper"],"yoast_head":"<!-- This site is optimized with the Yoast SEO plugin v27.2 - https:\/\/yoast.com\/product\/yoast-seo-wordpress\/ -->\n<title>Contacto - TWIND - Plataforma Gesti\u00f3n Documental de Contratistas<\/title>\n<meta name=\"description\" content=\"Contacta con nosotros para recibir m\u00e1s informaci\u00f3n sobre Twind la Plataforma m\u00e1s extendida para la Gesti\u00f3n Documental de Contratistas\" \/>\n<meta name=\"robots\" content=\"index, follow, max-snippet:-1, max-image-preview:large, max-video-preview:-1\" \/>\n<link rel=\"canonical\" href=\"https:\/\/twind.io\/co\/contacto\/\" \/>\n<meta property=\"og:locale\" content=\"es_ES\" \/>\n<meta property=\"og:type\" content=\"article\" \/>\n<meta property=\"og:title\" content=\"Contacto - TWIND - Plataforma Gesti\u00f3n Documental de Contratistas\" \/>\n<meta property=\"og:description\" content=\"Contacta con nosotros para recibir m\u00e1s informaci\u00f3n sobre Twind la Plataforma m\u00e1s extendida para la Gesti\u00f3n Documental de Contratistas\" \/>\n<meta property=\"og:url\" content=\"https:\/\/twind.io\/co\/contacto\/\" \/>\n<meta property=\"og:site_name\" content=\"Twind - Plataforma Gesti\u00f3n Documental de Contratistas\" \/>\n<meta property=\"article:modified_time\" content=\"2025-12-18T11:39:53+00:00\" \/>\n<meta name=\"twitter:card\" content=\"summary_large_image\" \/>\n<meta name=\"twitter:label1\" content=\"Tiempo de lectura\" \/>\n\t<meta name=\"twitter:data1\" content=\"1 minuto\" \/>\n<script type=\"application\/ld+json\" class=\"yoast-schema-graph\">{\"@context\":\"https:\/\/schema.org\",\"@graph\":[{\"@type\":\"WebPage\",\"@id\":\"https:\/\/twind.io\/co\/contacto\/\",\"url\":\"https:\/\/twind.io\/co\/contacto\/\",\"name\":\"Contacto - TWIND - Plataforma Gesti\u00f3n Documental de Contratistas\",\"isPartOf\":{\"@id\":\"https:\/\/twind.io\/co\/#website\"},\"primaryImageOfPage\":{\"@id\":\"https:\/\/twind.io\/co\/contacto\/#primaryimage\"},\"image\":{\"@id\":\"https:\/\/twind.io\/co\/contacto\/#primaryimage\"},\"thumbnailUrl\":\"https:\/\/twind.io\/co\/wp-content\/uploads\/2023\/04\/6-global.svg\",\"datePublished\":\"2023-04-12T14:13:02+00:00\",\"dateModified\":\"2025-12-18T11:39:53+00:00\",\"description\":\"Contacta con nosotros para recibir m\u00e1s informaci\u00f3n sobre Twind la Plataforma m\u00e1s extendida para la Gesti\u00f3n Documental de Contratistas\",\"breadcrumb\":{\"@id\":\"https:\/\/twind.io\/co\/contacto\/#breadcrumb\"},\"inLanguage\":\"es-CO\",\"potentialAction\":[{\"@type\":\"ReadAction\",\"target\":[\"https:\/\/twind.io\/co\/contacto\/\"]}]},{\"@type\":\"ImageObject\",\"inLanguage\":\"es-CO\",\"@id\":\"https:\/\/twind.io\/co\/contacto\/#primaryimage\",\"url\":\"https:\/\/twind.io\/co\/wp-content\/uploads\/2023\/04\/6-global.svg\",\"contentUrl\":\"https:\/\/twind.io\/co\/wp-content\/uploads\/2023\/04\/6-global.svg\",\"caption\":\"Contacto\"},{\"@type\":\"BreadcrumbList\",\"@id\":\"https:\/\/twind.io\/co\/contacto\/#breadcrumb\",\"itemListElement\":[{\"@type\":\"ListItem\",\"position\":1,\"name\":\"Portada\",\"item\":\"https:\/\/twind.io\/co\/\"},{\"@type\":\"ListItem\",\"position\":2,\"name\":\"Contacto\"}]},{\"@type\":\"WebSite\",\"@id\":\"https:\/\/twind.io\/co\/#website\",\"url\":\"https:\/\/twind.io\/co\/\",\"name\":\"Twind - Plataforma Gesti\u00f3n Documental de Contratistas\",\"description\":\"Plataforma para la Gesti\u00f3n Documental de Contratistas para asegurar los est\u00e1ndares de Seguridad y Salud en el Trabajo\",\"publisher\":{\"@id\":\"https:\/\/twind.io\/co\/#organization\"},\"potentialAction\":[{\"@type\":\"SearchAction\",\"target\":{\"@type\":\"EntryPoint\",\"urlTemplate\":\"https:\/\/twind.io\/co\/?s={search_term_string}\"},\"query-input\":{\"@type\":\"PropertyValueSpecification\",\"valueRequired\":true,\"valueName\":\"search_term_string\"}}],\"inLanguage\":\"es-CO\"},{\"@type\":\"Organization\",\"@id\":\"https:\/\/twind.io\/co\/#organization\",\"name\":\"Twind - Plataforma Gesti\u00f3n Documental de Contratistas\",\"url\":\"https:\/\/twind.io\/co\/\",\"logo\":{\"@type\":\"ImageObject\",\"inLanguage\":\"es-CO\",\"@id\":\"https:\/\/twind.io\/co\/#\/schema\/logo\/image\/\",\"url\":\"https:\/\/twind.io\/co\/wp-content\/uploads\/2023\/04\/Logo-Twind.svg\",\"contentUrl\":\"https:\/\/twind.io\/co\/wp-content\/uploads\/2023\/04\/Logo-Twind.svg\",\"width\":1,\"height\":1,\"caption\":\"Twind - Plataforma Gesti\u00f3n Documental de Contratistas\"},\"image\":{\"@id\":\"https:\/\/twind.io\/co\/#\/schema\/logo\/image\/\"}}]}<\/script>\n<!-- \/ Yoast SEO plugin. -->","yoast_head_json":{"title":"Contacto - TWIND - Plataforma Gesti\u00f3n Documental de Contratistas","description":"Contacta con nosotros para recibir m\u00e1s informaci\u00f3n sobre Twind la Plataforma m\u00e1s extendida para la Gesti\u00f3n Documental de Contratistas","robots":{"index":"index","follow":"follow","max-snippet":"max-snippet:-1","max-image-preview":"max-image-preview:large","max-video-preview":"max-video-preview:-1"},"canonical":"https:\/\/twind.io\/co\/contacto\/","og_locale":"es_ES","og_type":"article","og_title":"Contacto - TWIND - Plataforma Gesti\u00f3n Documental de Contratistas","og_description":"Contacta con nosotros para recibir m\u00e1s informaci\u00f3n sobre Twind la Plataforma m\u00e1s extendida para la Gesti\u00f3n Documental de Contratistas","og_url":"https:\/\/twind.io\/co\/contacto\/","og_site_name":"Twind - Plataforma Gesti\u00f3n Documental de Contratistas","article_modified_time":"2025-12-18T11:39:53+00:00","twitter_card":"summary_large_image","twitter_misc":{"Tiempo de lectura":"1 minuto"},"schema":{"@context":"https:\/\/schema.org","@graph":[{"@type":"WebPage","@id":"https:\/\/twind.io\/co\/contacto\/","url":"https:\/\/twind.io\/co\/contacto\/","name":"Contacto - TWIND - Plataforma Gesti\u00f3n Documental de Contratistas","isPartOf":{"@id":"https:\/\/twind.io\/co\/#website"},"primaryImageOfPage":{"@id":"https:\/\/twind.io\/co\/contacto\/#primaryimage"},"image":{"@id":"https:\/\/twind.io\/co\/contacto\/#primaryimage"},"thumbnailUrl":"https:\/\/twind.io\/co\/wp-content\/uploads\/2023\/04\/6-global.svg","datePublished":"2023-04-12T14:13:02+00:00","dateModified":"2025-12-18T11:39:53+00:00","description":"Contacta con nosotros para recibir m\u00e1s informaci\u00f3n sobre Twind la Plataforma m\u00e1s extendida para la Gesti\u00f3n Documental de Contratistas","breadcrumb":{"@id":"https:\/\/twind.io\/co\/contacto\/#breadcrumb"},"inLanguage":"es-CO","potentialAction":[{"@type":"ReadAction","target":["https:\/\/twind.io\/co\/contacto\/"]}]},{"@type":"ImageObject","inLanguage":"es-CO","@id":"https:\/\/twind.io\/co\/contacto\/#primaryimage","url":"https:\/\/twind.io\/co\/wp-content\/uploads\/2023\/04\/6-global.svg","contentUrl":"https:\/\/twind.io\/co\/wp-content\/uploads\/2023\/04\/6-global.svg","caption":"Contacto"},{"@type":"BreadcrumbList","@id":"https:\/\/twind.io\/co\/contacto\/#breadcrumb","itemListElement":[{"@type":"ListItem","position":1,"name":"Portada","item":"https:\/\/twind.io\/co\/"},{"@type":"ListItem","position":2,"name":"Contacto"}]},{"@type":"WebSite","@id":"https:\/\/twind.io\/co\/#website","url":"https:\/\/twind.io\/co\/","name":"Twind - Plataforma Gesti\u00f3n Documental de Contratistas","description":"Plataforma para la Gesti\u00f3n Documental de Contratistas para asegurar los est\u00e1ndares de Seguridad y Salud en el Trabajo","publisher":{"@id":"https:\/\/twind.io\/co\/#organization"},"potentialAction":[{"@type":"SearchAction","target":{"@type":"EntryPoint","urlTemplate":"https:\/\/twind.io\/co\/?s={search_term_string}"},"query-input":{"@type":"PropertyValueSpecification","valueRequired":true,"valueName":"search_term_string"}}],"inLanguage":"es-CO"},{"@type":"Organization","@id":"https:\/\/twind.io\/co\/#organization","name":"Twind - Plataforma Gesti\u00f3n Documental de Contratistas","url":"https:\/\/twind.io\/co\/","logo":{"@type":"ImageObject","inLanguage":"es-CO","@id":"https:\/\/twind.io\/co\/#\/schema\/logo\/image\/","url":"https:\/\/twind.io\/co\/wp-content\/uploads\/2023\/04\/Logo-Twind.svg","contentUrl":"https:\/\/twind.io\/co\/wp-content\/uploads\/2023\/04\/Logo-Twind.svg","width":1,"height":1,"caption":"Twind - Plataforma Gesti\u00f3n Documental de Contratistas"},"image":{"@id":"https:\/\/twind.io\/co\/#\/schema\/logo\/image\/"}}]}},"_links":{"self":[{"href":"https:\/\/twind.io\/co\/wp-json\/wp\/v2\/pages\/365","targetHints":{"allow":["GET"]}}],"collection":[{"href":"https:\/\/twind.io\/co\/wp-json\/wp\/v2\/pages"}],"about":[{"href":"https:\/\/twind.io\/co\/wp-json\/wp\/v2\/types\/page"}],"author":[{"embeddable":true,"href":"https:\/\/twind.io\/co\/wp-json\/wp\/v2\/users\/1"}],"replies":[{"embeddable":true,"href":"https:\/\/twind.io\/co\/wp-json\/wp\/v2\/comments?post=365"}],"version-history":[{"count":85,"href":"https:\/\/twind.io\/co\/wp-json\/wp\/v2\/pages\/365\/revisions"}],"predecessor-version":[{"id":3836,"href":"https:\/\/twind.io\/co\/wp-json\/wp\/v2\/pages\/365\/revisions\/3836"}],"wp:featuredmedia":[{"embeddable":true,"href":"https:\/\/twind.io\/co\/wp-json\/wp\/v2\/media\/284"}],"wp:attachment":[{"href":"https:\/\/twind.io\/co\/wp-json\/wp\/v2\/media?parent=365"}],"curies":[{"name":"wp","href":"https:\/\/api.w.org\/{rel}","templated":true}]}}