{"id":3717,"date":"2025-11-24T11:18:40","date_gmt":"2025-11-24T11:18:40","guid":{"rendered":"https:\/\/twind.io\/co\/?page_id=3717"},"modified":"2025-12-18T10:46:59","modified_gmt":"2025-12-18T10:46:59","slug":"modelo-revision-documental","status":"publish","type":"page","link":"https:\/\/twind.io\/co\/modelo-revision-documental\/","title":{"rendered":"Gesti\u00f3n Documental de contratistas sin complicaciones"},"content":{"rendered":"<h1 style=\"text-align: center;\"><span><span style=\"--tcb-applied-color: var$(--tcb-color-5) !important; color: var(--tcb-color-5) !important;\">Gesti\u00f3n Documental de contratistas sin complicaciones:&nbsp;<\/span>una tarifa fija que lo cambia todo<\/span><\/h1>\n<h2 style=\"text-align: center;\"><span><span><span>Revisamos toda la documentaci\u00f3n de seguridad de tus contratistas y proveedores con una cuota fija, transparente y sin sorpresas en la factura. Un servicio ideal para empresas de cualquier tama\u00f1o.<\/span><\/span><\/span><\/h2>\n<p><span style=\"\"><\/span><span><img decoding=\"async\" alt=\"\" data-id=\"243\" title=\"5\" src=\"https:\/\/twind.io\/co\/wp-content\/uploads\/2025\/11\/5.svg\" data-width=\"40\" data-height=\"40\" style=\"aspect-ratio: auto 371 \/ 371;\" height=\"40\" width=\"40\" data-init-width=\"371\" data-init-height=\"371\" loading=\"lazy\"><\/span><\/p>\n<p style=\"text-align: center;\"><strong><span style=\"font-size: 50px !important; --tcb-applied-color: var$(--tcb-color-4) !important; color: var(--tcb-color-4) !important;\">24h<\/span><\/strong><\/p>\n<h3 style=\"text-align: center;\"><strong><span>Revisi\u00f3n documental m\u00e1s r\u00e1pida<\/span><\/strong><\/h3>\n<h3 style=\"text-align: center;\"><span style=\"font-weight: normal;\"><span>Procesamiento de documentaci\u00f3n SG-SST en tiempo r\u00e9cord para operaciones urgentes.<\/span><\/span><\/h3>\n<p><span><img decoding=\"async\" alt=\"\" data-id=\"245\" title=\"7\" src=\"https:\/\/twind.io\/co\/wp-content\/uploads\/2025\/11\/7.svg\" data-width=\"40\" data-height=\"40\" style=\"aspect-ratio: auto 371 \/ 371;\" height=\"40\" width=\"40\" data-init-width=\"371\" data-init-height=\"371\" loading=\"lazy\"><\/span><\/p>\n<p style=\"text-align: center;\"><strong><span style=\"font-size: 50px !important; --tcb-applied-color: var$(--tcb-color-4) !important; color: var(--tcb-color-4) !important;\">500+<\/span><\/strong><\/p>\n<h3 style=\"text-align: center;\"><strong>Empresas que conf\u00edan<\/strong><\/h3>\n<h3 style=\"text-align: center;\"><span style=\"font-weight: normal;\"><span>Organizaciones l\u00edderes de distintos sectores&nbsp; industriales respaldan nuestra soluci\u00f3n.<\/span><\/span><\/h3>\n<p><span><img decoding=\"async\" alt=\"\" data-id=\"244\" title=\"6\" src=\"https:\/\/twind.io\/co\/wp-content\/uploads\/2025\/11\/6.svg\" data-width=\"40\" data-height=\"40\" style=\"aspect-ratio: auto 371 \/ 371;\" height=\"40\" width=\"40\" data-init-width=\"371\" data-init-height=\"371\" loading=\"lazy\"><\/span><\/p>\n<p style=\"text-align: center;\"><strong><span style=\"font-size: 50px !important; --tcb-applied-color: var$(--tcb-color-4) !important; color: var(--tcb-color-4) !important;\">100%<\/span><\/strong><\/p>\n<h3 style=\"text-align: center;\"><strong>Documentos de contratistas incluidos<\/strong><\/h3>\n<h3 style=\"text-align: center;\"><span style=\"font-weight: normal;\"><span>Cobertura de la documentaci\u00f3n exigida por la normativa de SG-SST y el Decreto 1072 de 2015.<\/span><\/span><\/h3>\n<p style=\"text-align: center;\"><strong>Desarrollado por CTAIMA<\/strong>, todos ellos ya conf\u00edan en nosotros<\/p>\n<p><span><img decoding=\"async\" alt=\"\" data-id=\"3725\" width=\"\" height=\"undefined\" title=\"6-bayer\" src=\"https:\/\/twind.io\/co\/wp-content\/uploads\/2025\/11\/6-bayer.svg\" data-src=\"https:\/\/twind.io\/co\/wp-content\/uploads\/2025\/11\/6-bayer.svg\" data-sizes=\"{&quot;full&quot;:{&quot;url&quot;:&quot;https:\/\/twind.io\/co\/wp-content\/uploads\/2025\/11\/6-bayer.svg&quot;}}\" style=\"\" loading=\"lazy\"><\/span><span><img decoding=\"async\" alt=\"\" data-id=\"3726\" width=\"\" height=\"undefined\" title=\"4-mercedes-benz\" src=\"https:\/\/twind.io\/co\/wp-content\/uploads\/2025\/11\/4-mercedes-benz.svg\" data-src=\"https:\/\/twind.io\/co\/wp-content\/uploads\/2025\/11\/4-mercedes-benz.svg\" data-sizes=\"{&quot;full&quot;:{&quot;url&quot;:&quot;https:\/\/twind.io\/co\/wp-content\/uploads\/2025\/11\/4-mercedes-benz.svg&quot;}}\" style=\"\" loading=\"lazy\"><\/span><span><img decoding=\"async\" alt=\"\" data-id=\"3727\" width=\"\" height=\"undefined\" title=\"5-sodexo\" src=\"https:\/\/twind.io\/co\/wp-content\/uploads\/2025\/11\/5-sodexo.svg\" data-src=\"https:\/\/twind.io\/co\/wp-content\/uploads\/2025\/11\/5-sodexo.svg\" data-sizes=\"{&quot;full&quot;:{&quot;url&quot;:&quot;https:\/\/twind.io\/co\/wp-content\/uploads\/2025\/11\/5-sodexo.svg&quot;}}\" style=\"\" loading=\"lazy\"><\/span><span><img decoding=\"async\" alt=\"\" data-id=\"3728\" width=\"\" height=\"undefined\" title=\"3-nestle\" src=\"https:\/\/twind.io\/co\/wp-content\/uploads\/2025\/11\/3-nestle.svg\" data-src=\"https:\/\/twind.io\/co\/wp-content\/uploads\/2025\/11\/3-nestle.svg\" data-sizes=\"{&quot;full&quot;:{&quot;url&quot;:&quot;https:\/\/twind.io\/co\/wp-content\/uploads\/2025\/11\/3-nestle.svg&quot;}}\" style=\"\" loading=\"lazy\"><\/span><span><img decoding=\"async\" alt=\"\" data-id=\"3729\" width=\"\" height=\"undefined\" title=\"1-adidas\" src=\"https:\/\/twind.io\/co\/wp-content\/uploads\/2025\/11\/1-adidas.svg\" data-src=\"https:\/\/twind.io\/co\/wp-content\/uploads\/2025\/11\/1-adidas.svg\" data-sizes=\"{&quot;full&quot;:{&quot;url&quot;:&quot;https:\/\/twind.io\/co\/wp-content\/uploads\/2025\/11\/1-adidas.svg&quot;}}\" style=\"\" loading=\"lazy\"><\/span><span><img decoding=\"async\" alt=\"\" data-id=\"3730\" width=\"\" height=\"undefined\" title=\"8-nippon-gases\" src=\"https:\/\/twind.io\/co\/wp-content\/uploads\/2025\/11\/8-nippon-gases.svg\" data-src=\"https:\/\/twind.io\/co\/wp-content\/uploads\/2025\/11\/8-nippon-gases.svg\" data-sizes=\"{&quot;full&quot;:{&quot;url&quot;:&quot;https:\/\/twind.io\/co\/wp-content\/uploads\/2025\/11\/8-nippon-gases.svg&quot;}}\" style=\"\" loading=\"lazy\"><\/span><span><img decoding=\"async\" alt=\"\" data-id=\"3731\" width=\"\" height=\"undefined\" title=\"7-mango\" src=\"https:\/\/twind.io\/co\/wp-content\/uploads\/2025\/11\/7-mango.svg\" data-src=\"https:\/\/twind.io\/co\/wp-content\/uploads\/2025\/11\/7-mango.svg\" data-sizes=\"{&quot;full&quot;:{&quot;url&quot;:&quot;https:\/\/twind.io\/co\/wp-content\/uploads\/2025\/11\/7-mango.svg&quot;}}\" style=\"\" loading=\"lazy\"><\/span><\/p>\n<h2 style=\"\"><span style=\"\">\u00bfQu\u00e9 es la <span style=\"--tcb-applied-color: var$(--tcb-skin-color-0) !important; color: var(--tcb-skin-color-0) !important;\">Gesti\u00f3n Documental<\/span><\/span><span style=\"\">?<\/span><\/h2>\n<h2 style=\"text-align: left;\"><span><span><span><span style=\"font-weight: normal;\">Es <\/span><strong>nuestro servicio de revisi\u00f3n documental<\/strong><span style=\"font-weight: normal;\">: nos encargamos de recibir, revisar y validar todos los documentos exigidos a contratistas y subcontratistas.<\/span><strong>Un equipo experto en normativa de contratistas y SG-SST analiza cada documento<\/strong><span style=\"font-weight: normal;\"> y verifica su cumplimiento con la legislaci\u00f3n vigente.Si algo no cumple, <\/span><strong>notificamos a tus contratistas a trav\u00e9s de la plataforma<\/strong><span style=\"font-weight: normal;\"> y les explicamos qu\u00e9 deben corregir y, para que lleguen con la documentaci\u00f3n lista y en regla desde el primer d\u00eda.<\/span><\/span><\/span><\/span><\/h2>\n<h2 style=\"text-align: center;\"><strong>Tarifa plana por contratistas: Simplifica la <span style=\"--tcb-applied-color: var$(--tcb-color-4) !important; color: var(--tcb-color-4) !important;\">Gesti\u00f3n Documental<\/span><\/strong><\/h2>\n<h2 style=\"text-align: center;\"><span><span><span>Durante a\u00f1os, la gesti\u00f3n documental se ha trabajado con modelos de precio por documento, bolsas de documentos o consumos variables. Ahora lo simplificamos todo con un sistema mucho m\u00e1s claro, estable y eficiente.<\/span><\/span><\/span><span><span><span><\/span><\/span><\/span><\/h2>\n<p><!--! Font Awesome Free 6.7.1 by @fontawesome - https:\/\/fontawesome.com License - https:\/\/fontawesome.com\/license\/free (Icons: CC BY 4.0, Fonts: SIL OFL 1.1, Code: MIT License) Copyright 2024 Fonticons, Inc. --><\/p>\n<h3 style=\"\"><strong>Documentos ilimitados<\/strong><\/h3>\n<p><strong> <\/strong><\/p>\n<p style=\"\">Revisamos todos los documentos sin l\u00edmites de cantidad.<\/p>\n<p><strong> <\/strong><\/p>\n<p><!--! Font Awesome Free 6.7.1 by @fontawesome - https:\/\/fontawesome.com License - https:\/\/fontawesome.com\/license\/free (Icons: CC BY 4.0, Fonts: SIL OFL 1.1, Code: MIT License) Copyright 2024 Fonticons, Inc. --><\/p>\n<h3 style=\"\"><strong>Costo predecible<\/strong><\/h3>\n<p style=\"\">Sin consumos variables y sin sobrecostos por documentos invalidados.<\/p>\n<p><strong> <\/strong><\/p>\n<p><!--! Font Awesome Free 6.7.1 by @fontawesome - https:\/\/fontawesome.com License - https:\/\/fontawesome.com\/license\/free (Icons: CC BY 4.0, Fonts: SIL OFL 1.1, Code: MIT License) Copyright 2024 Fonticons, Inc. --><\/p>\n<h3 style=\"\"><strong>Cobertura global<\/strong><\/h3>\n<p><strong> <\/strong><\/p>\n<p style=\"\">Documentos en m\u00faltiples idiomas incluidos sin costos adicionales.<\/p>\n<p><strong> <\/strong><\/p>\n<p><!--! Font Awesome Free 6.7.1 by @fontawesome - https:\/\/fontawesome.com License - https:\/\/fontawesome.com\/license\/free (Icons: CC BY 4.0, Fonts: SIL OFL 1.1, Code: MIT License) Copyright 2024 Fonticons, Inc. --><\/p>\n<h3 style=\"\"><strong>Equipo experto<\/strong><\/h3>\n<p style=\"\">Revisi\u00f3n centralizada realizada por un equipo de m\u00e1s de 300 expertos.<\/p>\n<p><strong> <\/strong><\/p>\n<p><strong> <\/strong><\/p>\n<h2 style=\"text-align: center;\">\u00bfC\u00f3mo funciona nuestro servicio de <span>Gesti\u00f3n Documental<\/span>?<\/h2>\n<p style=\"\">Elige cu\u00e1ntos contratistas gestionas.&nbsp;<\/p>\n<p><strong> <\/strong><\/p>\n<p style=\"\">Pagas una tarifa fija por contratista por el servicio de revisi\u00f3n documental.&nbsp;<\/p>\n<p><strong> <\/strong><\/p>\n<p style=\"\">Nuestro equipo recibe, revisa y valida la documentaci\u00f3n en el plazo contratado, 24h o 48h.<\/p>\n<p><strong> <\/strong><\/p>\n<p style=\"\">Accede en tiempo real al estado de cada documento.&nbsp;<\/p>\n<p><strong> <\/strong><\/p>\n<h2 style=\"text-align: left;\"><span style=\"\">\u00bfQuieres ver c\u00f3mo podr\u00eda funcionar en tu empresa?<\/span><\/h2>\n<p style=\"\"><span style=\"--tcb-applied-color: rgb(26, 48, 55) !important; color: rgb(26, 48, 55) !important;\"><strong>La gesti\u00f3n documental no es solo un requisito legal:<\/strong> es un pilar fundamental para garantizar la seguridad, la trazabilidad y el cumplimiento normativo.<\/span><\/p>\n<p style=\"\"><strong><span style=\"--tcb-applied-color: rgb(26, 48, 55) !important; color: rgb(26, 48, 55) !important;\">Rellena el formulario para hablar con nuestro equipo.<\/span><\/strong><span style=\"color: rgb(26, 48, 55) !important;\"><span style=\"--tcb-applied-color: rgb(26, 48, 55) !important;\"><\/span><\/span><span style=\"font-weight: normal;\"><\/span><\/p>\n\n\t\t\t\t\t\t<script>\n\t\t\t\t\t\t\twindow.hsFormsOnReady = window.hsFormsOnReady || [];\n\t\t\t\t\t\t\twindow.hsFormsOnReady.push(()=>{\n\t\t\t\t\t\t\t\thbspt.forms.create({\n\t\t\t\t\t\t\t\t\tportalId: 146424663,\n\t\t\t\t\t\t\t\t\tformId: \"6c07c599-4d62-4412-8231-a33a041fb28a\",\n\t\t\t\t\t\t\t\t\ttarget: \"#hbspt-form-1776418828000-7634129666\",\n\t\t\t\t\t\t\t\t\tregion: \"eu1\",\n\t\t\t\t\t\t\t\t\t\n\t\t\t\t\t\t\t})});\n\t\t\t\t\t\t<\/script>\n\t\t\t\t\t\t<div class=\"hbspt-form\" id=\"hbspt-form-1776418828000-7634129666\"><\/div>\n","protected":false},"excerpt":{"rendered":"<p>Gesti\u00f3n Documental de contratistas sin complicaciones:&nbsp;una tarifa fija que lo cambia todo Revisamos toda la documentaci\u00f3n de seguridad de tus contratistas y proveedores con una cuota fija, transparente y sin sorpresas en la factura. Un servicio ideal para empresas de cualquier tama\u00f1o. 24h Revisi\u00f3n documental m\u00e1s r\u00e1pida Procesamiento de documentaci\u00f3n SG-SST en tiempo r\u00e9cord para [&hellip;]<\/p>\n","protected":false},"author":1,"featured_media":2313,"parent":0,"menu_order":0,"comment_status":"closed","ping_status":"closed","template":"","meta":{"content-type":"","footnotes":""},"class_list":["post-3717","page","type-page","status-publish","has-post-thumbnail","hentry","post-wrapper","thrv_wrapper"],"yoast_head":"<!-- This site is optimized with the Yoast SEO plugin v27.2 - https:\/\/yoast.com\/product\/yoast-seo-wordpress\/ -->\n<title>Gesti\u00f3n Documental de Contratistas ilimitada con Tarifa Fija - Twind<\/title>\n<meta name=\"description\" content=\"Revoluciona tu gesti\u00f3n documental de contratistas con tarifa fija: validaciones ilimitadas, sin sobrecostos ni sorpresas.\" \/>\n<meta name=\"robots\" content=\"index, follow, max-snippet:-1, max-image-preview:large, max-video-preview:-1\" \/>\n<link rel=\"canonical\" href=\"https:\/\/twind.io\/co\/modelo-revision-documental\/\" \/>\n<meta property=\"og:locale\" content=\"es_ES\" \/>\n<meta property=\"og:type\" content=\"article\" \/>\n<meta property=\"og:title\" content=\"Gesti\u00f3n Documental de Contratistas ilimitada con Tarifa Fija - Twind\" \/>\n<meta property=\"og:description\" content=\"Revoluciona tu gesti\u00f3n documental de contratistas con tarifa fija: validaciones ilimitadas, sin sobrecostos ni sorpresas.\" \/>\n<meta property=\"og:url\" content=\"https:\/\/twind.io\/co\/modelo-revision-documental\/\" \/>\n<meta property=\"og:site_name\" content=\"Twind - Plataforma Gesti\u00f3n Documental de Contratistas\" \/>\n<meta property=\"article:modified_time\" content=\"2025-12-18T10:46:59+00:00\" \/>\n<meta property=\"og:image\" content=\"https:\/\/twind.io\/co\/wp-content\/uploads\/2023\/03\/img-hero-1-1.webp\" \/>\n\t<meta property=\"og:image:width\" content=\"1320\" \/>\n\t<meta property=\"og:image:height\" content=\"632\" \/>\n\t<meta property=\"og:image:type\" content=\"image\/webp\" \/>\n<meta name=\"twitter:card\" content=\"summary_large_image\" \/>\n<meta name=\"twitter:label1\" content=\"Tiempo de lectura\" \/>\n\t<meta name=\"twitter:data1\" content=\"5 minutos\" \/>\n<script type=\"application\/ld+json\" class=\"yoast-schema-graph\">{\"@context\":\"https:\/\/schema.org\",\"@graph\":[{\"@type\":\"WebPage\",\"@id\":\"https:\/\/twind.io\/co\/modelo-revision-documental\/\",\"url\":\"https:\/\/twind.io\/co\/modelo-revision-documental\/\",\"name\":\"Gesti\u00f3n Documental de Contratistas ilimitada con Tarifa Fija - Twind\",\"isPartOf\":{\"@id\":\"https:\/\/twind.io\/co\/#website\"},\"primaryImageOfPage\":{\"@id\":\"https:\/\/twind.io\/co\/modelo-revision-documental\/#primaryimage\"},\"image\":{\"@id\":\"https:\/\/twind.io\/co\/modelo-revision-documental\/#primaryimage\"},\"thumbnailUrl\":\"https:\/\/twind.io\/co\/wp-content\/uploads\/2023\/03\/img-hero-1-1.webp\",\"datePublished\":\"2025-11-24T11:18:40+00:00\",\"dateModified\":\"2025-12-18T10:46:59+00:00\",\"description\":\"Revoluciona tu gesti\u00f3n documental de contratistas con tarifa fija: validaciones ilimitadas, sin sobrecostos ni sorpresas.\",\"breadcrumb\":{\"@id\":\"https:\/\/twind.io\/co\/modelo-revision-documental\/#breadcrumb\"},\"inLanguage\":\"es-CO\",\"potentialAction\":[{\"@type\":\"ReadAction\",\"target\":[\"https:\/\/twind.io\/co\/modelo-revision-documental\/\"]}]},{\"@type\":\"ImageObject\",\"inLanguage\":\"es-CO\",\"@id\":\"https:\/\/twind.io\/co\/modelo-revision-documental\/#primaryimage\",\"url\":\"https:\/\/twind.io\/co\/wp-content\/uploads\/2023\/03\/img-hero-1-1.webp\",\"contentUrl\":\"https:\/\/twind.io\/co\/wp-content\/uploads\/2023\/03\/img-hero-1-1.webp\",\"width\":1320,\"height\":632,\"caption\":\"Twind\"},{\"@type\":\"BreadcrumbList\",\"@id\":\"https:\/\/twind.io\/co\/modelo-revision-documental\/#breadcrumb\",\"itemListElement\":[{\"@type\":\"ListItem\",\"position\":1,\"name\":\"Portada\",\"item\":\"https:\/\/twind.io\/co\/\"},{\"@type\":\"ListItem\",\"position\":2,\"name\":\"Gesti\u00f3n Documental de contratistas sin complicaciones\"}]},{\"@type\":\"WebSite\",\"@id\":\"https:\/\/twind.io\/co\/#website\",\"url\":\"https:\/\/twind.io\/co\/\",\"name\":\"Twind - Plataforma Gesti\u00f3n Documental de Contratistas\",\"description\":\"Plataforma para la Gesti\u00f3n Documental de Contratistas para asegurar los est\u00e1ndares de Seguridad y Salud en el Trabajo\",\"publisher\":{\"@id\":\"https:\/\/twind.io\/co\/#organization\"},\"potentialAction\":[{\"@type\":\"SearchAction\",\"target\":{\"@type\":\"EntryPoint\",\"urlTemplate\":\"https:\/\/twind.io\/co\/?s={search_term_string}\"},\"query-input\":{\"@type\":\"PropertyValueSpecification\",\"valueRequired\":true,\"valueName\":\"search_term_string\"}}],\"inLanguage\":\"es-CO\"},{\"@type\":\"Organization\",\"@id\":\"https:\/\/twind.io\/co\/#organization\",\"name\":\"Twind - Plataforma Gesti\u00f3n Documental de Contratistas\",\"url\":\"https:\/\/twind.io\/co\/\",\"logo\":{\"@type\":\"ImageObject\",\"inLanguage\":\"es-CO\",\"@id\":\"https:\/\/twind.io\/co\/#\/schema\/logo\/image\/\",\"url\":\"https:\/\/twind.io\/co\/wp-content\/uploads\/2023\/04\/Logo-Twind.svg\",\"contentUrl\":\"https:\/\/twind.io\/co\/wp-content\/uploads\/2023\/04\/Logo-Twind.svg\",\"width\":1,\"height\":1,\"caption\":\"Twind - Plataforma Gesti\u00f3n Documental de Contratistas\"},\"image\":{\"@id\":\"https:\/\/twind.io\/co\/#\/schema\/logo\/image\/\"}}]}<\/script>\n<!-- \/ Yoast SEO plugin. -->","yoast_head_json":{"title":"Gesti\u00f3n Documental de Contratistas ilimitada con Tarifa Fija - Twind","description":"Revoluciona tu gesti\u00f3n documental de contratistas con tarifa fija: validaciones ilimitadas, sin sobrecostos ni sorpresas.","robots":{"index":"index","follow":"follow","max-snippet":"max-snippet:-1","max-image-preview":"max-image-preview:large","max-video-preview":"max-video-preview:-1"},"canonical":"https:\/\/twind.io\/co\/modelo-revision-documental\/","og_locale":"es_ES","og_type":"article","og_title":"Gesti\u00f3n Documental de Contratistas ilimitada con Tarifa Fija - Twind","og_description":"Revoluciona tu gesti\u00f3n documental de contratistas con tarifa fija: validaciones ilimitadas, sin sobrecostos ni sorpresas.","og_url":"https:\/\/twind.io\/co\/modelo-revision-documental\/","og_site_name":"Twind - Plataforma Gesti\u00f3n Documental de Contratistas","article_modified_time":"2025-12-18T10:46:59+00:00","og_image":[{"width":1320,"height":632,"url":"https:\/\/twind.io\/co\/wp-content\/uploads\/2023\/03\/img-hero-1-1.webp","type":"image\/webp"}],"twitter_card":"summary_large_image","twitter_misc":{"Tiempo de lectura":"5 minutos"},"schema":{"@context":"https:\/\/schema.org","@graph":[{"@type":"WebPage","@id":"https:\/\/twind.io\/co\/modelo-revision-documental\/","url":"https:\/\/twind.io\/co\/modelo-revision-documental\/","name":"Gesti\u00f3n Documental de Contratistas ilimitada con Tarifa Fija - Twind","isPartOf":{"@id":"https:\/\/twind.io\/co\/#website"},"primaryImageOfPage":{"@id":"https:\/\/twind.io\/co\/modelo-revision-documental\/#primaryimage"},"image":{"@id":"https:\/\/twind.io\/co\/modelo-revision-documental\/#primaryimage"},"thumbnailUrl":"https:\/\/twind.io\/co\/wp-content\/uploads\/2023\/03\/img-hero-1-1.webp","datePublished":"2025-11-24T11:18:40+00:00","dateModified":"2025-12-18T10:46:59+00:00","description":"Revoluciona tu gesti\u00f3n documental de contratistas con tarifa fija: validaciones ilimitadas, sin sobrecostos ni sorpresas.","breadcrumb":{"@id":"https:\/\/twind.io\/co\/modelo-revision-documental\/#breadcrumb"},"inLanguage":"es-CO","potentialAction":[{"@type":"ReadAction","target":["https:\/\/twind.io\/co\/modelo-revision-documental\/"]}]},{"@type":"ImageObject","inLanguage":"es-CO","@id":"https:\/\/twind.io\/co\/modelo-revision-documental\/#primaryimage","url":"https:\/\/twind.io\/co\/wp-content\/uploads\/2023\/03\/img-hero-1-1.webp","contentUrl":"https:\/\/twind.io\/co\/wp-content\/uploads\/2023\/03\/img-hero-1-1.webp","width":1320,"height":632,"caption":"Twind"},{"@type":"BreadcrumbList","@id":"https:\/\/twind.io\/co\/modelo-revision-documental\/#breadcrumb","itemListElement":[{"@type":"ListItem","position":1,"name":"Portada","item":"https:\/\/twind.io\/co\/"},{"@type":"ListItem","position":2,"name":"Gesti\u00f3n Documental de contratistas sin complicaciones"}]},{"@type":"WebSite","@id":"https:\/\/twind.io\/co\/#website","url":"https:\/\/twind.io\/co\/","name":"Twind - Plataforma Gesti\u00f3n Documental de Contratistas","description":"Plataforma para la Gesti\u00f3n Documental de Contratistas para asegurar los est\u00e1ndares de Seguridad y Salud en el Trabajo","publisher":{"@id":"https:\/\/twind.io\/co\/#organization"},"potentialAction":[{"@type":"SearchAction","target":{"@type":"EntryPoint","urlTemplate":"https:\/\/twind.io\/co\/?s={search_term_string}"},"query-input":{"@type":"PropertyValueSpecification","valueRequired":true,"valueName":"search_term_string"}}],"inLanguage":"es-CO"},{"@type":"Organization","@id":"https:\/\/twind.io\/co\/#organization","name":"Twind - Plataforma Gesti\u00f3n Documental de Contratistas","url":"https:\/\/twind.io\/co\/","logo":{"@type":"ImageObject","inLanguage":"es-CO","@id":"https:\/\/twind.io\/co\/#\/schema\/logo\/image\/","url":"https:\/\/twind.io\/co\/wp-content\/uploads\/2023\/04\/Logo-Twind.svg","contentUrl":"https:\/\/twind.io\/co\/wp-content\/uploads\/2023\/04\/Logo-Twind.svg","width":1,"height":1,"caption":"Twind - Plataforma Gesti\u00f3n Documental de Contratistas"},"image":{"@id":"https:\/\/twind.io\/co\/#\/schema\/logo\/image\/"}}]}},"_links":{"self":[{"href":"https:\/\/twind.io\/co\/wp-json\/wp\/v2\/pages\/3717","targetHints":{"allow":["GET"]}}],"collection":[{"href":"https:\/\/twind.io\/co\/wp-json\/wp\/v2\/pages"}],"about":[{"href":"https:\/\/twind.io\/co\/wp-json\/wp\/v2\/types\/page"}],"author":[{"embeddable":true,"href":"https:\/\/twind.io\/co\/wp-json\/wp\/v2\/users\/1"}],"replies":[{"embeddable":true,"href":"https:\/\/twind.io\/co\/wp-json\/wp\/v2\/comments?post=3717"}],"version-history":[{"count":14,"href":"https:\/\/twind.io\/co\/wp-json\/wp\/v2\/pages\/3717\/revisions"}],"predecessor-version":[{"id":3859,"href":"https:\/\/twind.io\/co\/wp-json\/wp\/v2\/pages\/3717\/revisions\/3859"}],"wp:featuredmedia":[{"embeddable":true,"href":"https:\/\/twind.io\/co\/wp-json\/wp\/v2\/media\/2313"}],"wp:attachment":[{"href":"https:\/\/twind.io\/co\/wp-json\/wp\/v2\/media?parent=3717"}],"curies":[{"name":"wp","href":"https:\/\/api.w.org\/{rel}","templated":true}]}}