{"id":4018,"date":"2026-04-29T07:41:36","date_gmt":"2026-04-29T07:41:36","guid":{"rendered":"https:\/\/twind.io\/co\/?page_id=4018"},"modified":"2026-05-04T06:58:52","modified_gmt":"2026-05-04T06:58:52","slug":"geiss-software-de-gestion-sst","status":"publish","type":"page","link":"https:\/\/twind.io\/co\/geiss-software-de-gestion-sst\/","title":{"rendered":"GeISS &#8211; Software de Gesti\u00f3n SST"},"content":{"rendered":"<h1 style=\"text-align: center;\"><span>GeISS<\/span><br \/><span><span><span>Software de Seguridad y Salud en el Trabajo<\/span> <\/span><\/span><\/h1>\n<h2 style=\"text-align: center;\"><span style=\"font-weight: normal;\"><span>Gestiona la Seguridad y Salud en el Trabajo con GeISS, la plataforma integral dise\u00f1ada por CTAIMA y Twind para ayudarte a cumplir con el SG-SST y reducir riesgos laborales en tu organizaci\u00f3n.<\/span><\/span><\/h2>\n<p><span><img decoding=\"async\" alt=\"GeISS Plataforma SST - Software\" data-id=\"4509\" width=\"864\" data-init-width=\"2552\" height=\"557\" data-init-height=\"1644\" title=\"geiss-plataforma-sst-img\" src=\"https:\/\/twind.io\/co\/wp-content\/uploads\/2026\/04\/geiss-plataforma-sst-img.webp\" data-width=\"864\" data-height=\"557\" style=\"aspect-ratio: auto 2552 \/ 1644;\" loading=\"lazy\"><\/span><\/p>\n<h3 style=\"text-align: center;\"><strong><span style=\"font-size: 50px !important; --tcb-applied-color: var$(--tcb-color-4) !important; color: var(--tcb-color-4) !important;\">100%<\/span><\/strong><\/h3>\n<h3 style=\"text-align: center;\"><strong><span>riesgos, planes y formaci\u00f3n bajo control<\/span><\/strong><\/h3>\n<h3 style=\"text-align: center;\"><strong><span style=\"font-size: 50px !important; --tcb-applied-color: var$(--tcb-color-4) !important; color: var(--tcb-color-4) !important;\">-50%<\/span><\/strong><\/h3>\n<h3 style=\"text-align: center;\"><strong><span>tiempo dedicado a la gesti\u00f3n de SST<\/span><\/strong><\/h3>\n<h3 style=\"text-align: center;\"><strong><span style=\"font-size: 50px !important; --tcb-applied-color: var$(--tcb-color-4) !important; color: var(--tcb-color-4) !important;\">100%<\/span><\/strong><\/h3>\n<h3 style=\"text-align: center;\"><strong>trazabilidad ante inspecciones<\/strong><\/h3>\n<p style=\"text-align: center;\"><strong><strong>Desarrollado por CTAIMA y Twind.&nbsp;<\/strong><\/strong>Empresas l\u00edderes ya conf\u00edan en nosotros.<\/p>\n<p><span><img decoding=\"async\" alt=\"Logos clientes CTAIMA\" data-id=\"4486\" width=\"1050\" data-init-width=\"2000\" height=\"49\" data-init-height=\"93\" title=\"logos_clientes_desktop\" src=\"https:\/\/twind.io\/co\/wp-content\/uploads\/2026\/04\/logos_clientes_desktop.png\" data-width=\"1050\" data-height=\"49\" style=\"aspect-ratio: auto 2000 \/ 93;\" loading=\"lazy\"><\/span><span><img decoding=\"async\" alt=\"Logos Clientes Grupo Ctaima\" data-id=\"4488\" width=\"643\" data-init-width=\"643\" height=\"414\" data-init-height=\"458\" title=\"logos_clientes_mob\" src=\"https:\/\/twind.io\/co\/wp-content\/uploads\/2026\/04\/logos_clientes_mob-1.png\" data-width=\"643\" data-height=\"414\" style=\"aspect-ratio: auto 643 \/ 458;\" loading=\"lazy\"><\/span><\/p>\n<h2 style=\"text-align: center; color: rgb(26, 48, 55) !important; --tcb-applied-color: rgb(26, 48, 55) !important;\">Todo lo que necesitas para <span style=\"--tcb-applied-color: var$(--tcb-color-4) !important; color: var(--tcb-color-4) !important;\">gestionar la SST<\/span> en un solo lugar<\/h2>\n<h2 style=\"text-align: center;\"><span style=\"font-weight: normal; --tcb-applied-color: rgb(26, 48, 55) !important; color: rgb(26, 48, 55) !important;\">GeISS te permite contratar solo los m\u00f3dulos que realmente necesitas, adaptando la soluci\u00f3n a los requerimientos espec\u00edficos de tu empresa y a las obligaciones establecidas por el Ministerio de Trabajo. Una implementaci\u00f3n accesible, \u00e1gil y alineada con la normatividad colombiana vigente.<\/span><\/h2>\n<p><!--! Font Awesome Free 6.7.1 by @fontawesome - https:\/\/fontawesome.com License - https:\/\/fontawesome.com\/license\/free (Icons: CC BY 4.0, Fonts: SIL OFL 1.1, Code: MIT License) Copyright 2024 Fonticons, Inc. --><\/p>\n<h3 style=\"text-align: left;\"><strong>Gesti\u00f3n de accidentes e incidentes<\/strong><\/h3>\n<h3 style=\"text-align: left;\"><span style=\"font-weight: normal;\">Registra y reporta accidentes e incidentes de manera inmediata, cumpliendo con la Resoluci\u00f3n 0312 y el Decreto 1072.<br \/><\/span><\/h3>\n<h3 style=\"text-align: left;\"><strong>Planes de emergencia y evacuaci\u00f3n<\/strong><\/h3>\n<h3 style=\"text-align: left;\"><span style=\"font-weight: normal;\">Elabora, documenta y actualiza tus planes de emergencia. Centraliza brigadas, rutas de evacuaci\u00f3n y simulacros.<br \/><\/span><\/h3>\n<p><!--! Font Awesome Free 6.7.1 by @fontawesome - https:\/\/fontawesome.com License - https:\/\/fontawesome.com\/license\/free (Icons: CC BY 4.0, Fonts: SIL OFL 1.1, Code: MIT License) Copyright 2024 Fonticons, Inc. --><\/p>\n<h3 style=\"text-align: left;\"><strong>Control de Equipo de Protecci\u00f3n Personal (EPP)<\/strong><\/h3>\n<h3 style=\"text-align: left;\"><span style=\"font-weight: normal;\">Digitaliza la asignaci\u00f3n, entrega y seguimiento del EPP en tu organizaci\u00f3n. Mant\u00e9n trazabilidad total por trabajador.<\/span><\/h3>\n<h3 style=\"text-align: left;\"><strong>Identificaci\u00f3n y evaluaci\u00f3n de riesgos laborales<\/strong><\/h3>\n<h3 style=\"text-align: left;\"><span style=\"font-weight: normal;\">Identifica, eval\u00faa y controla los riesgos. Asigna responsables y da seguimiento a las medidas preventivas y correctivas.<\/span><\/h3>\n<h3 style=\"text-align: left;\"><strong>Indicadores, estad\u00edsticas e informes de SST<\/strong><\/h3>\n<h3 style=\"text-align: left;\"><span style=\"font-weight: normal;\">Genera autom\u00e1ticamente KPI de SST: frecuencia, gravedad, d\u00edas perdidos y m\u00e1s, listos para auditor\u00edas del Ministerio.<\/span><\/h3>\n<h3 style=\"text-align: left;\"><strong>Capacitaci\u00f3n y formaci\u00f3n en seguridad<\/strong><\/h3>\n<h3 style=\"text-align: left;\"><span style=\"font-weight: normal;\">Gestiona la capacitaci\u00f3n obligatoria y registra asistencias, constancias y vencimientos autom\u00e1ticamente.<\/span><\/h3>\n<h2 style=\"text-align: center; color: rgb(26, 48, 55) !important; --tcb-applied-color: rgb(26, 48, 55) !important;\">\u00bfQu\u00e9 hace diferente a <span style=\"--tcb-applied-color: var$(--tcb-color-4) !important; color: var(--tcb-color-4) !important;\">GeISS<\/span> de otras soluciones de SST?<\/h2>\n<h2 style=\"text-align: center;\"><span style=\"font-weight: normal; --tcb-applied-color: rgb(26, 48, 55) !important; color: rgb(26, 48, 55) !important;\">GeISS ofrece una soluci\u00f3n integral que se adapta a las necesidades y al tama\u00f1o de cada empresa, con total autonom\u00eda para configurar la plataforma, optimizando la gesti\u00f3n de SST de forma pr\u00e1ctica y eficaz.<\/span><\/h2>\n<h3 style=\"text-align: left;\"><span><strong>Visual, flexible y f\u00e1cil de usar<\/strong><br \/><\/span><\/h3>\n<h3 style=\"text-align: left;\"><span style=\"font-weight: normal;\">Adapta la plataforma a tu empresa de forma aut\u00f3noma, sin depender del \u00e1rea de tecnolog\u00eda ni de un consultor externo para cada ajuste.<\/span><\/h3>\n<h3 style=\"text-align: left;\"><span><strong>Compatible con otros sistemas<\/strong><br \/><\/span><\/h3>\n<h3 style=\"text-align: left;\"><span style=\"font-weight: normal;\">Facilita integraciones personalizadas con otros sistemas de gesti\u00f3n y la conexi\u00f3n de dispositivos y sensores como c\u00e1maras, medidores, entre otros.<\/span><\/h3>\n<h3 style=\"text-align: left;\"><strong>Dise\u00f1ado por expertos en SST<\/strong><\/h3>\n<h3 style=\"text-align: left;\"><span style=\"font-weight: normal;\">Creado espec\u00edficamente por profesionales en Seguridad y Salud Laboral, pensando en las necesidades de los responsables de SST.<br \/><\/span><\/h3>\n<h2 style=\"text-align: left;\"><span style=\"--tcb-applied-color: var$(--tcb-skin-color-0) !important;\">Solicita tu demostraci\u00f3n y empieza a cumplir con el SG-SST sin estr\u00e9s<br \/><\/span><\/h2>\n<p style=\"\"><span style=\"--tcb-applied-color: rgb(26, 48, 55) !important; color: rgb(26, 48, 55) !important;\">Descubre c\u00f3mo las empresas que ya utilizan GeISS cumplen con los est\u00e1ndares m\u00e1s exigentes de Seguridad y Salud en el Trabajo en Colombia y reducen sus \u00edndices de accidentabilidad.<br \/><\/span><\/p>\n<p style=\"text-align: left;\"><strong>Seguridad de primer nivel<\/strong><br \/>Tu seguridad es nuestra prioridad. Tus datos siempre protegidos.<\/p>\n<p><span><img decoding=\"async\" alt=\"Microsoft Partners\" data-id=\"302\" width=\"45\" data-init-width=\"106\" height=\"46\" data-init-height=\"108\" title=\"Microsoft Partners\" src=\"https:\/\/twind.io\/wp-content\/uploads\/2023\/04\/certificados-_0002_Capa-1.webp\" data-width=\"45\" style=\"aspect-ratio: auto 106 \/ 108;\" data-height=\"46\" loading=\"lazy\"><\/span><\/p>\n<h2 style=\"text-align: left;\"><strong><span style=\"\">Microsoft Partners<\/span><\/strong><\/h2>\n<p><span><img decoding=\"async\" alt=\"ISO 27001\" data-id=\"304\" width=\"70\" data-init-width=\"106\" height=\"71\" data-init-height=\"107\" title=\"ISO 27001\" src=\"https:\/\/twind.io\/wp-content\/uploads\/2023\/04\/certificados-_0001_Capa-2.webp\" data-width=\"70\" style=\"aspect-ratio: auto 106 \/ 107;\" data-height=\"71\" loading=\"lazy\"><\/span><\/p>\n<h2 style=\"text-align: left;\"><strong><span style=\"\">ISO 27001 Certified<\/span><\/strong><\/h2>\n<p><span><img decoding=\"async\" alt=\"GDPR Compliant\" data-id=\"305\" width=\"70\" data-init-width=\"106\" height=\"71\" data-init-height=\"108\" title=\"GDPR Compliant\" src=\"https:\/\/twind.io\/wp-content\/uploads\/2023\/04\/certificados-_0000_Capa-3.webp\" data-width=\"70\" style=\"aspect-ratio: auto 106 \/ 108;\" data-height=\"71\" loading=\"lazy\"><\/span><\/p>\n<h2 style=\"text-align: left;\"><strong><span style=\"\">GDPR Compliant<\/span><\/strong><\/h2>\n<p style=\"text-align: left; color: rgb(26, 48, 55) !important; --tcb-applied-color: rgb(26, 48, 55) !important;\"><span style=\"--tcb-applied-color: rgb(26, 48, 55) !important;\"><strong>Lo que dicen nuestros clientes<\/strong><br \/><\/span><\/p>\n<blockquote style=\"\"><p><span style=\"font-weight: normal;\"><span style=\"--tcb-applied-color: rgb(26, 48, 55) !important; color: rgb(26, 48, 55) !important;\"><em><span style=\"font-size: 15px !important;\">&#8220;GeISS nos ha ayudado a crear un entorno laboral mucho m\u00e1s productivo y eficiente en nuestra organizaci\u00f3n.&#8221;<\/span><\/em><\/span><\/span><\/p><\/blockquote>\n<blockquote style=\"\"><p><span style=\"font-weight: normal;\"><em>&#8220;Con GeISS tenemos la seguridad de cumplir con todos los requisitos necesarios para garantizar un espacio de trabajo m\u00e1s seguro en nuestra empresa.&#8221;<\/em><\/span><\/p><\/blockquote>\n<p>[tcb-script charset=&#8221;utf-8&#8243; type=&#8221;text\/javascript&#8221; src=&#8221;\/\/js-eu1.hsforms.net\/forms\/embed\/v2.js&#8221;][\/tcb-script][tcb-script]  hbspt.forms.create({    portalId: &#8220;146424663&#8221;,    formId: &#8220;462af40b-6007-48f0-a353-a8e749c131bc&#8221;,    region: &#8220;eu1&#8221;  });[\/tcb-script]<\/p>\n","protected":false},"excerpt":{"rendered":"<p>GeISSSoftware de Seguridad y Salud en el Trabajo Gestiona la Seguridad y Salud en el Trabajo con GeISS, la plataforma integral dise\u00f1ada por CTAIMA y Twind para ayudarte a cumplir con el SG-SST y reducir riesgos laborales en tu organizaci\u00f3n. 100% riesgos, planes y formaci\u00f3n bajo control -50% tiempo dedicado a la gesti\u00f3n de SST [&hellip;]<\/p>\n","protected":false},"author":1,"featured_media":0,"parent":0,"menu_order":0,"comment_status":"closed","ping_status":"closed","template":"","meta":{"content-type":"","footnotes":""},"class_list":["post-4018","page","type-page","status-publish","hentry","post-wrapper","thrv_wrapper"],"yoast_head":"<!-- This site is optimized with the Yoast SEO plugin v27.5 - https:\/\/yoast.com\/product\/yoast-seo-wordpress\/ -->\n<title>GeISS \u2013 Software de Seguridad y Salud en el Trabajo | Twind<\/title>\n<meta name=\"description\" content=\"Gestiona la Seguridad y Salud en el Trabajo con GeISS: cumple con el SG-SST, reduce riesgos y digitaliza tu gesti\u00f3n en una sola plataforma.\" \/>\n<meta name=\"robots\" content=\"index, follow, max-snippet:-1, max-image-preview:large, max-video-preview:-1\" \/>\n<link rel=\"canonical\" href=\"https:\/\/twind.io\/co\/geiss-software-de-gestion-sst\/\" \/>\n<meta property=\"og:locale\" content=\"es_ES\" \/>\n<meta property=\"og:type\" content=\"article\" \/>\n<meta property=\"og:title\" content=\"GeISS \u2013 Software de Seguridad y Salud en el Trabajo | Twind\" \/>\n<meta property=\"og:description\" content=\"Gestiona la Seguridad y Salud en el Trabajo con GeISS: cumple con el SG-SST, reduce riesgos y digitaliza tu gesti\u00f3n en una sola plataforma.\" \/>\n<meta property=\"og:url\" content=\"https:\/\/twind.io\/co\/geiss-software-de-gestion-sst\/\" \/>\n<meta property=\"og:site_name\" content=\"Twind - Plataforma Gesti\u00f3n Documental de Contratistas\" \/>\n<meta property=\"article:modified_time\" content=\"2026-05-04T06:58:52+00:00\" \/>\n<meta property=\"og:image\" content=\"https:\/\/twind.io\/co\/wp-content\/uploads\/2026\/04\/geiss-plataforma-sst-img.webp\" \/>\n<meta name=\"twitter:card\" content=\"summary_large_image\" \/>\n<meta name=\"twitter:label1\" content=\"Tiempo de lectura\" \/>\n\t<meta name=\"twitter:data1\" content=\"5 minutos\" \/>\n<script type=\"application\/ld+json\" class=\"yoast-schema-graph\">{\"@context\":\"https:\\\/\\\/schema.org\",\"@graph\":[{\"@type\":\"WebPage\",\"@id\":\"https:\\\/\\\/twind.io\\\/co\\\/geiss-software-de-gestion-sst\\\/\",\"url\":\"https:\\\/\\\/twind.io\\\/co\\\/geiss-software-de-gestion-sst\\\/\",\"name\":\"GeISS \u2013 Software de Seguridad y Salud en el Trabajo | Twind\",\"isPartOf\":{\"@id\":\"https:\\\/\\\/twind.io\\\/co\\\/#website\"},\"primaryImageOfPage\":{\"@id\":\"https:\\\/\\\/twind.io\\\/co\\\/geiss-software-de-gestion-sst\\\/#primaryimage\"},\"image\":{\"@id\":\"https:\\\/\\\/twind.io\\\/co\\\/geiss-software-de-gestion-sst\\\/#primaryimage\"},\"thumbnailUrl\":\"https:\\\/\\\/twind.io\\\/co\\\/wp-content\\\/uploads\\\/2026\\\/04\\\/geiss-plataforma-sst-img.webp\",\"datePublished\":\"2026-04-29T07:41:36+00:00\",\"dateModified\":\"2026-05-04T06:58:52+00:00\",\"description\":\"Gestiona la Seguridad y Salud en el Trabajo con GeISS: cumple con el SG-SST, reduce riesgos y digitaliza tu gesti\u00f3n en una sola plataforma.\",\"breadcrumb\":{\"@id\":\"https:\\\/\\\/twind.io\\\/co\\\/geiss-software-de-gestion-sst\\\/#breadcrumb\"},\"inLanguage\":\"es-CO\",\"potentialAction\":[{\"@type\":\"ReadAction\",\"target\":[\"https:\\\/\\\/twind.io\\\/co\\\/geiss-software-de-gestion-sst\\\/\"]}]},{\"@type\":\"ImageObject\",\"inLanguage\":\"es-CO\",\"@id\":\"https:\\\/\\\/twind.io\\\/co\\\/geiss-software-de-gestion-sst\\\/#primaryimage\",\"url\":\"https:\\\/\\\/twind.io\\\/co\\\/wp-content\\\/uploads\\\/2026\\\/04\\\/geiss-plataforma-sst-img.webp\",\"contentUrl\":\"https:\\\/\\\/twind.io\\\/co\\\/wp-content\\\/uploads\\\/2026\\\/04\\\/geiss-plataforma-sst-img.webp\",\"width\":2552,\"height\":1644},{\"@type\":\"BreadcrumbList\",\"@id\":\"https:\\\/\\\/twind.io\\\/co\\\/geiss-software-de-gestion-sst\\\/#breadcrumb\",\"itemListElement\":[{\"@type\":\"ListItem\",\"position\":1,\"name\":\"Portada\",\"item\":\"https:\\\/\\\/twind.io\\\/co\\\/\"},{\"@type\":\"ListItem\",\"position\":2,\"name\":\"GeISS &#8211; Software de Gesti\u00f3n SST\"}]},{\"@type\":\"WebSite\",\"@id\":\"https:\\\/\\\/twind.io\\\/co\\\/#website\",\"url\":\"https:\\\/\\\/twind.io\\\/co\\\/\",\"name\":\"Twind - Plataforma Gesti\u00f3n Documental de Contratistas\",\"description\":\"Plataforma para la Gesti\u00f3n Documental de Contratistas para asegurar los est\u00e1ndares de Seguridad y Salud en el Trabajo\",\"publisher\":{\"@id\":\"https:\\\/\\\/twind.io\\\/co\\\/#organization\"},\"potentialAction\":[{\"@type\":\"SearchAction\",\"target\":{\"@type\":\"EntryPoint\",\"urlTemplate\":\"https:\\\/\\\/twind.io\\\/co\\\/?s={search_term_string}\"},\"query-input\":{\"@type\":\"PropertyValueSpecification\",\"valueRequired\":true,\"valueName\":\"search_term_string\"}}],\"inLanguage\":\"es-CO\"},{\"@type\":\"Organization\",\"@id\":\"https:\\\/\\\/twind.io\\\/co\\\/#organization\",\"name\":\"Twind - Plataforma Gesti\u00f3n Documental de Contratistas\",\"url\":\"https:\\\/\\\/twind.io\\\/co\\\/\",\"logo\":{\"@type\":\"ImageObject\",\"inLanguage\":\"es-CO\",\"@id\":\"https:\\\/\\\/twind.io\\\/co\\\/#\\\/schema\\\/logo\\\/image\\\/\",\"url\":\"https:\\\/\\\/twind.io\\\/co\\\/wp-content\\\/uploads\\\/2023\\\/04\\\/Logo-Twind.svg\",\"contentUrl\":\"https:\\\/\\\/twind.io\\\/co\\\/wp-content\\\/uploads\\\/2023\\\/04\\\/Logo-Twind.svg\",\"width\":1,\"height\":1,\"caption\":\"Twind - Plataforma Gesti\u00f3n Documental de Contratistas\"},\"image\":{\"@id\":\"https:\\\/\\\/twind.io\\\/co\\\/#\\\/schema\\\/logo\\\/image\\\/\"}}]}<\/script>\n<!-- \/ Yoast SEO plugin. -->","yoast_head_json":{"title":"GeISS \u2013 Software de Seguridad y Salud en el Trabajo | Twind","description":"Gestiona la Seguridad y Salud en el Trabajo con GeISS: cumple con el SG-SST, reduce riesgos y digitaliza tu gesti\u00f3n en una sola plataforma.","robots":{"index":"index","follow":"follow","max-snippet":"max-snippet:-1","max-image-preview":"max-image-preview:large","max-video-preview":"max-video-preview:-1"},"canonical":"https:\/\/twind.io\/co\/geiss-software-de-gestion-sst\/","og_locale":"es_ES","og_type":"article","og_title":"GeISS \u2013 Software de Seguridad y Salud en el Trabajo | Twind","og_description":"Gestiona la Seguridad y Salud en el Trabajo con GeISS: cumple con el SG-SST, reduce riesgos y digitaliza tu gesti\u00f3n en una sola plataforma.","og_url":"https:\/\/twind.io\/co\/geiss-software-de-gestion-sst\/","og_site_name":"Twind - Plataforma Gesti\u00f3n Documental de Contratistas","article_modified_time":"2026-05-04T06:58:52+00:00","og_image":[{"url":"https:\/\/twind.io\/co\/wp-content\/uploads\/2026\/04\/geiss-plataforma-sst-img.webp","type":"","width":"","height":""}],"twitter_card":"summary_large_image","twitter_misc":{"Tiempo de lectura":"5 minutos"},"schema":{"@context":"https:\/\/schema.org","@graph":[{"@type":"WebPage","@id":"https:\/\/twind.io\/co\/geiss-software-de-gestion-sst\/","url":"https:\/\/twind.io\/co\/geiss-software-de-gestion-sst\/","name":"GeISS \u2013 Software de Seguridad y Salud en el Trabajo | Twind","isPartOf":{"@id":"https:\/\/twind.io\/co\/#website"},"primaryImageOfPage":{"@id":"https:\/\/twind.io\/co\/geiss-software-de-gestion-sst\/#primaryimage"},"image":{"@id":"https:\/\/twind.io\/co\/geiss-software-de-gestion-sst\/#primaryimage"},"thumbnailUrl":"https:\/\/twind.io\/co\/wp-content\/uploads\/2026\/04\/geiss-plataforma-sst-img.webp","datePublished":"2026-04-29T07:41:36+00:00","dateModified":"2026-05-04T06:58:52+00:00","description":"Gestiona la Seguridad y Salud en el Trabajo con GeISS: cumple con el SG-SST, reduce riesgos y digitaliza tu gesti\u00f3n en una sola plataforma.","breadcrumb":{"@id":"https:\/\/twind.io\/co\/geiss-software-de-gestion-sst\/#breadcrumb"},"inLanguage":"es-CO","potentialAction":[{"@type":"ReadAction","target":["https:\/\/twind.io\/co\/geiss-software-de-gestion-sst\/"]}]},{"@type":"ImageObject","inLanguage":"es-CO","@id":"https:\/\/twind.io\/co\/geiss-software-de-gestion-sst\/#primaryimage","url":"https:\/\/twind.io\/co\/wp-content\/uploads\/2026\/04\/geiss-plataforma-sst-img.webp","contentUrl":"https:\/\/twind.io\/co\/wp-content\/uploads\/2026\/04\/geiss-plataforma-sst-img.webp","width":2552,"height":1644},{"@type":"BreadcrumbList","@id":"https:\/\/twind.io\/co\/geiss-software-de-gestion-sst\/#breadcrumb","itemListElement":[{"@type":"ListItem","position":1,"name":"Portada","item":"https:\/\/twind.io\/co\/"},{"@type":"ListItem","position":2,"name":"GeISS &#8211; Software de Gesti\u00f3n SST"}]},{"@type":"WebSite","@id":"https:\/\/twind.io\/co\/#website","url":"https:\/\/twind.io\/co\/","name":"Twind - Plataforma Gesti\u00f3n Documental de Contratistas","description":"Plataforma para la Gesti\u00f3n Documental de Contratistas para asegurar los est\u00e1ndares de Seguridad y Salud en el Trabajo","publisher":{"@id":"https:\/\/twind.io\/co\/#organization"},"potentialAction":[{"@type":"SearchAction","target":{"@type":"EntryPoint","urlTemplate":"https:\/\/twind.io\/co\/?s={search_term_string}"},"query-input":{"@type":"PropertyValueSpecification","valueRequired":true,"valueName":"search_term_string"}}],"inLanguage":"es-CO"},{"@type":"Organization","@id":"https:\/\/twind.io\/co\/#organization","name":"Twind - Plataforma Gesti\u00f3n Documental de Contratistas","url":"https:\/\/twind.io\/co\/","logo":{"@type":"ImageObject","inLanguage":"es-CO","@id":"https:\/\/twind.io\/co\/#\/schema\/logo\/image\/","url":"https:\/\/twind.io\/co\/wp-content\/uploads\/2023\/04\/Logo-Twind.svg","contentUrl":"https:\/\/twind.io\/co\/wp-content\/uploads\/2023\/04\/Logo-Twind.svg","width":1,"height":1,"caption":"Twind - Plataforma Gesti\u00f3n Documental de Contratistas"},"image":{"@id":"https:\/\/twind.io\/co\/#\/schema\/logo\/image\/"}}]}},"_links":{"self":[{"href":"https:\/\/twind.io\/co\/wp-json\/wp\/v2\/pages\/4018","targetHints":{"allow":["GET"]}}],"collection":[{"href":"https:\/\/twind.io\/co\/wp-json\/wp\/v2\/pages"}],"about":[{"href":"https:\/\/twind.io\/co\/wp-json\/wp\/v2\/types\/page"}],"author":[{"embeddable":true,"href":"https:\/\/twind.io\/co\/wp-json\/wp\/v2\/users\/1"}],"replies":[{"embeddable":true,"href":"https:\/\/twind.io\/co\/wp-json\/wp\/v2\/comments?post=4018"}],"version-history":[{"count":16,"href":"https:\/\/twind.io\/co\/wp-json\/wp\/v2\/pages\/4018\/revisions"}],"predecessor-version":[{"id":4043,"href":"https:\/\/twind.io\/co\/wp-json\/wp\/v2\/pages\/4018\/revisions\/4043"}],"wp:attachment":[{"href":"https:\/\/twind.io\/co\/wp-json\/wp\/v2\/media?parent=4018"}],"curies":[{"name":"wp","href":"https:\/\/api.w.org\/{rel}","templated":true}]}}