{"id":678,"date":"2023-05-02T06:31:49","date_gmt":"2023-05-02T06:31:49","guid":{"rendered":"https:\/\/twind.io\/co\/?page_id=678"},"modified":"2025-12-02T08:15:58","modified_gmt":"2025-12-02T08:15:58","slug":"sobre-nosotros","status":"publish","type":"page","link":"https:\/\/twind.io\/co\/sobre-nosotros\/","title":{"rendered":"Sobre Nosotros"},"content":{"rendered":"<h1 style=\"text-align: center;\"><strong><span style=\"color: var(--tcb-color-1); --tcb-applied-color: var$(--tcb-skin-color-0)  !important;\">Te ayudamos a construir un proceso de contrataci\u00f3n m\u00e1s<\/span><span style=\"color: var(--tcb-color-4); --tcb-applied-color: var$(--tcb-skin-color-0)  !important;\"> seguro y sostenible<\/span><\/strong><\/h1>\n<h2 style=\"\"><span data-contrast=\"none\" lang=\"ES-ES\">Por qu\u00e9 lo hacemos<\/span><\/h2>\n<h2 style=\"\"><span data-contrast=\"none\" lang=\"ES-ES\"><span data-contrast=\"none\" lang=\"ES-ES\">Queremos que trabajes seguro y tranquilo<\/span><\/span><\/h2>\n<p style=\"\"><span data-contrast=\"none\" lang=\"ES-ES\">Existe la idea de que trabajar en prevenci\u00f3n es ejercer de \u201cpolic\u00eda\u201d. Nosotros sabemos que no es as\u00ed. Sabemos que hay una forma mejor de fomentar la cultura preventiva; una en la que lo que es bueno para la seguridad y salud de los trabajadores, tanto internos como externos, tambi\u00e9n lo es para el crecimiento econ\u00f3mico del negocio.<\/span>&nbsp;<\/p>\n<p style=\"\"><span data-contrast=\"auto\" lang=\"ES-ES\">Estamos convencidos de que las empresas pueden crecer sin descuidar la cultura preventiva, y que pueden hacerlo empoderando a los profesionales de la prevenci\u00f3n. Por eso, hemos creado un ecosistema que a\u00fana software, servicios especializados, formaci\u00f3n y comunidad para ayudar a los h\u00e9roes prevencionistas a un mejor desempe\u00f1o y visibilidad de su trabajo diario.<\/span><span data-ccp-props=\"{&quot;201341983&quot;:0,&quot;335559739&quot;:160,&quot;335559740&quot;:259}\">&nbsp;<\/span><\/p>\n<p><span><img decoding=\"async\" alt=\"Twind\" data-id=\"203\" title=\"Twind\" loading=\"lazy\" src=\"https:\/\/twind.io\/co\/wp-content\/uploads\/2023\/04\/1-built-for-multi.svg\" data-link-wrap=\"true\" data-width=\"357\" style=\"aspect-ratio: auto 100 \/ 100;\" width=\"357\" data-init-width=\"100\" height=\"100\" data-init-height=\"100\"><\/span><\/p>\n<h2 style=\"\"><span data-contrast=\"none\" lang=\"ES-ES\" style=\"\"><span data-contrast=\"none\" lang=\"ES-ES\" style=\"\">Orientaci\u00f3n al cliente<\/span><\/span><\/h2>\n<p style=\"\"><span data-contrast=\"auto\" lang=\"ES-ES\">Nos comprometemos a que nuestros clientes se sientan felices al utilizar nuestros productos y servicios, ayud\u00e1ndoles a hacer sus tareas de EHS de manera m\u00e1s saludable, segura y eficiente. \u00danete a nuestra comunidad para disfrutar de los beneficios que ofrecemos.<\/span><span data-ccp-props=\"{&quot;201341983&quot;:0,&quot;335559739&quot;:160,&quot;335559740&quot;:259}\">&nbsp;<\/span><\/p>\n<h2 style=\"\"><span data-contrast=\"none\" lang=\"ES-ES\" style=\"\"><span data-contrast=\"none\" lang=\"ES-ES\" style=\"\">Excelencia<\/span><\/span><\/h2>\n<p style=\"\"><span data-ccp-props=\"{&quot;201341983&quot;:0,&quot;335559739&quot;:160,&quot;335559740&quot;:259}\"><span data-contrast=\"auto\" lang=\"ES-ES\">Nuestro compromiso con la excelencia nos impulsa a mejorar continuamente, para que siempre recibas lo mejor de nosotros.<\/span><\/span><\/p>\n<h2 style=\"\"><span data-contrast=\"none\" lang=\"ES-ES\" style=\"\"><span data-contrast=\"none\" lang=\"ES-ES\" style=\"\">Integridad<\/span><\/span><\/h2>\n<p style=\"\"><span data-ccp-props=\"{&quot;201341983&quot;:0,&quot;335559739&quot;:160,&quot;335559740&quot;:259}\"><span data-contrast=\"auto\" lang=\"ES-ES\"><span data-contrast=\"auto\" lang=\"ES-ES\">En Twind, la integridad es sin\u00f3nimo de transparencia y responsabilidad, valores que nos permiten construir relaciones duraderas con nuestros clientes.<\/span><span data-ccp-props=\"{&quot;201341983&quot;:0,&quot;335559739&quot;:160,&quot;335559740&quot;:259}\">&nbsp;<\/span><\/span><\/span><\/p>\n<p style=\"\"><span data-ccp-props=\"{&quot;201341983&quot;:0,&quot;335559739&quot;:160,&quot;335559740&quot;:259}\"><span data-contrast=\"auto\" lang=\"ES-ES\"><span data-ccp-props=\"{&quot;201341983&quot;:0,&quot;335559739&quot;:160,&quot;335559740&quot;:259}\"><\/span><\/span><\/span><\/p>\n<p style=\"\"><span data-ccp-props=\"{&quot;201341983&quot;:0,&quot;335559739&quot;:160,&quot;335559740&quot;:259}\"><span data-contrast=\"auto\" lang=\"ES-ES\"><span data-ccp-props=\"{&quot;201341983&quot;:0,&quot;335559739&quot;:160,&quot;335559740&quot;:259}\"><\/span><\/span><\/span><\/p>\n<p style=\"\"><span data-ccp-props=\"{&quot;201341983&quot;:0,&quot;335559739&quot;:160,&quot;335559740&quot;:259}\"><span data-contrast=\"auto\" lang=\"ES-ES\"><span data-ccp-props=\"{&quot;201341983&quot;:0,&quot;335559739&quot;:160,&quot;335559740&quot;:259}\"><\/span><\/span><\/span><\/p>\n<h2 style=\"\"><span data-contrast=\"none\" lang=\"ES-ES\" style=\"\"><span data-contrast=\"none\" lang=\"ES-ES\" style=\"\">Trabajo en equipo<\/span><\/span><\/h2>\n<p style=\"\"><span data-ccp-props=\"{&quot;201341983&quot;:0,&quot;335559739&quot;:160,&quot;335559740&quot;:259}\"><span data-contrast=\"auto\" lang=\"ES-ES\"><span data-contrast=\"auto\" lang=\"ES-ES\"><\/span><span data-ccp-props=\"{&quot;201341983&quot;:0,&quot;335559739&quot;:160,&quot;335559740&quot;:259}\"><span data-contrast=\"auto\" lang=\"ES-ES\">Valoramos el equipo en todo lo que hacemos, desde la forma en que colaboramos internamente hasta la forma en que trabajamos contigo para entender tus necesidades y brindarte soluciones personalizadas.<\/span><span data-ccp-props=\"{&quot;201341983&quot;:0,&quot;335559739&quot;:160,&quot;335559740&quot;:259}\">&nbsp;<\/span><\/span><\/span><\/span><\/p>\n<h2 style=\"\"><span data-contrast=\"none\" lang=\"ES-ES\"><\/span><span>M\u00e1s de 20 a\u00f1os de experiencia<\/span><\/h2>\n<h2 style=\"\"><span data-contrast=\"none\" lang=\"ES-ES\"><span data-contrast=\"none\" lang=\"ES-ES\"><span data-contrast=\"none\" lang=\"ES-ES\">Trabajamos con m\u00e1s de 3.000 clientes por todo el mundo<\/span><\/span><\/span><\/h2>\n<p style=\"\"><span data-contrast=\"none\" lang=\"ES-ES\"><\/span><\/p>\n<p><span data-ccp-props=\"{&quot;201341983&quot;:0,&quot;335559739&quot;:160,&quot;335559740&quot;:259}\"><span data-contrast=\"none\" lang=\"ES-ES\">Durante los m\u00e1s de 20 a\u00f1os de historia de Grupo CTAIMA, hemos podido observar c\u00f3mo los prevencionistas resuelven problemas de alto impacto en la seguridad, el bienestar y la salud de las personas, en el \u00e1mbito profesional y a menudo tambi\u00e9n en el personal.<\/span>&nbsp;<\/span><\/p>\n<p><span data-ccp-props=\"{&quot;201341983&quot;:0,&quot;335559739&quot;:160,&quot;335559740&quot;:259}\"><span data-contrast=\"none\" lang=\"ES-ES\">Ser prevencionista es un reto constante: situaciones de riesgo y alta responsabilidad, cambios de normativas, factores humanos, gesti\u00f3n de personas, tr\u00e1mites burocr\u00e1ticos, alta presi\u00f3n\u2026<\/span>&nbsp;<\/span><\/p>\n<p><span data-ccp-props=\"{&quot;201341983&quot;:0,&quot;335559739&quot;:160,&quot;335559740&quot;:259}\"><span data-contrast=\"none\" lang=\"ES-ES\">Y todo ello desde una posici\u00f3n a menudo malentendida como de penumbra.<\/span>&nbsp;<\/span><\/p>\n<p><span data-ccp-props=\"{&quot;201341983&quot;:0,&quot;335559739&quot;:160,&quot;335559740&quot;:259}\"><span data-contrast=\"none\" lang=\"ES-ES\">Para nosotros, el prevencionista es un h\u00e9roe, un l\u00edder al que queremos ayudar a resolver los problemas de forma innovadora, elevando su rol a la posici\u00f3n reconocida y admirada que merece.<\/span>&nbsp;<\/span><\/p>\n<p><span data-ccp-props=\"{&quot;201341983&quot;:0,&quot;335559739&quot;:160,&quot;335559740&quot;:259}\"><span data-contrast=\"none\" lang=\"ES-ES\">Por ello, CTAIMA lanza TWIND, la nueva soluci\u00f3n internacional para los h\u00e9roes de la prevenci\u00f3n.<\/span><span data-ccp-props=\"{&quot;201341983&quot;:0,&quot;335559739&quot;:160,&quot;335559740&quot;:259}\">&nbsp;<\/span><\/span><\/p>\n<p><span><img decoding=\"async\" alt=\"Historia Twind\" data-id=\"682\" title=\"Historia Twind\" loading=\"lazy\" src=\"https:\/\/twind.io\/co\/wp-content\/uploads\/2023\/05\/History.svg\" data-link-wrap=\"true\" data-width=\"344\" width=\"344\" data-init-width=\"332\" style=\"\"><\/span><span><img decoding=\"async\" alt=\"ISO 9001\" data-id=\"726\" width=\"115\" data-init-width=\"1000\" height=\"1021\" data-init-height=\"1021\" title=\"ISO 9001\" loading=\"lazy\" src=\"https:\/\/twind.io\/co\/wp-content\/uploads\/2023\/05\/ISO_9001-2015-1.webp\" data-width=\"115\" style=\"aspect-ratio: auto 1000 \/ 1021;\"><\/span><span><img decoding=\"async\" alt=\"ISO 27001\" data-id=\"736\" width=\"195\" data-init-width=\"650\" height=\"400\" data-init-height=\"400\" title=\"ISO 27001\" loading=\"lazy\" src=\"https:\/\/twind.io\/co\/wp-content\/uploads\/2023\/05\/ISO-27001-1.webp\" data-width=\"195\" style=\"aspect-ratio: auto 650 \/ 400;\"><\/span><span><img decoding=\"async\" alt=\"ISO 45001\" data-id=\"739\" width=\"150\" data-init-width=\"646\" height=\"651\" data-init-height=\"651\" title=\"ISO 45001\" loading=\"lazy\" src=\"https:\/\/twind.io\/co\/wp-content\/uploads\/2023\/05\/iso-45001-1.webp\" data-width=\"150\" style=\"aspect-ratio: auto 646 \/ 651;\"><\/span><span><img decoding=\"async\" alt=\"PYME innovadora\" data-id=\"793\" width=\"150\" data-init-width=\"230\" height=\"300\" data-init-height=\"300\" title=\"PYME innovadora\" loading=\"lazy\" src=\"https:\/\/twind.io\/co\/wp-content\/uploads\/2023\/05\/pyme_innovadora_meic-SP_web-230x300-1-1.webp\" data-width=\"150\" style=\"aspect-ratio: auto 230 \/ 300;\"><\/span><span><img decoding=\"async\" alt=\"Premio Empresa Feliz\" data-id=\"731\" width=\"198\" data-init-width=\"300\" height=\"300\" data-init-height=\"300\" title=\"Premio Empresa Feliz\" loading=\"lazy\" src=\"https:\/\/twind.io\/co\/wp-content\/uploads\/2023\/05\/premioEmpresaFeliz-1.webp\" data-width=\"198\" style=\"aspect-ratio: auto 300 \/ 300;\"><\/span><span><img decoding=\"async\" alt=\"Gold Parthner Microsoft\" data-id=\"791\" width=\"198\" data-init-width=\"300\" height=\"300\" data-init-height=\"300\" title=\"Gold Parthner Microsoft\" loading=\"lazy\" src=\"https:\/\/twind.io\/co\/wp-content\/uploads\/2023\/05\/gold-parthner-microsoft-1.webp\" data-width=\"198\" style=\"aspect-ratio: auto 300 \/ 300;\"><\/span><\/p>\n","protected":false},"excerpt":{"rendered":"<p>Te ayudamos a construir un proceso de contrataci\u00f3n m\u00e1s seguro y sostenible Por qu\u00e9 lo hacemos Queremos que trabajes seguro y tranquilo Existe la idea de que trabajar en prevenci\u00f3n es ejercer de \u201cpolic\u00eda\u201d. Nosotros sabemos que no es as\u00ed. Sabemos que hay una forma mejor de fomentar la cultura preventiva; una en la que [&hellip;]<\/p>\n","protected":false},"author":1,"featured_media":203,"parent":0,"menu_order":0,"comment_status":"closed","ping_status":"closed","template":"","meta":{"content-type":"","footnotes":""},"class_list":["post-678","page","type-page","status-publish","has-post-thumbnail","hentry","post-wrapper","thrv_wrapper"],"yoast_head":"<!-- This site is optimized with the Yoast SEO plugin v27.2 - https:\/\/yoast.com\/product\/yoast-seo-wordpress\/ -->\n<title>Sobre TWIND - Plataforma Gesti\u00f3n Documental de Contratistas<\/title>\n<meta name=\"description\" content=\"Descubre m\u00e1s sobre Twind la mejor Plataforma de Gesti\u00f3n Documental de Contratistas. Garantiza la eficiencia en tus procesos de gesti\u00f3n\" \/>\n<meta name=\"robots\" content=\"index, follow, max-snippet:-1, max-image-preview:large, max-video-preview:-1\" \/>\n<link rel=\"canonical\" href=\"https:\/\/twind.io\/co\/sobre-nosotros\/\" \/>\n<meta property=\"og:locale\" content=\"es_ES\" \/>\n<meta property=\"og:type\" content=\"article\" \/>\n<meta property=\"og:title\" content=\"Sobre TWIND - Plataforma Gesti\u00f3n Documental de Contratistas\" \/>\n<meta property=\"og:description\" content=\"Descubre m\u00e1s sobre Twind la mejor Plataforma de Gesti\u00f3n Documental de Contratistas. Garantiza la eficiencia en tus procesos de gesti\u00f3n\" \/>\n<meta property=\"og:url\" content=\"https:\/\/twind.io\/co\/sobre-nosotros\/\" \/>\n<meta property=\"og:site_name\" content=\"Twind - Plataforma Gesti\u00f3n Documental de Contratistas\" \/>\n<meta property=\"article:modified_time\" content=\"2025-12-02T08:15:58+00:00\" \/>\n<meta name=\"twitter:card\" content=\"summary_large_image\" \/>\n<meta name=\"twitter:label1\" content=\"Tiempo de lectura\" \/>\n\t<meta name=\"twitter:data1\" content=\"4 minutos\" \/>\n<script type=\"application\/ld+json\" class=\"yoast-schema-graph\">{\"@context\":\"https:\/\/schema.org\",\"@graph\":[{\"@type\":\"WebPage\",\"@id\":\"https:\/\/twind.io\/co\/sobre-nosotros\/\",\"url\":\"https:\/\/twind.io\/co\/sobre-nosotros\/\",\"name\":\"Sobre TWIND - Plataforma Gesti\u00f3n Documental de Contratistas\",\"isPartOf\":{\"@id\":\"https:\/\/twind.io\/co\/#website\"},\"primaryImageOfPage\":{\"@id\":\"https:\/\/twind.io\/co\/sobre-nosotros\/#primaryimage\"},\"image\":{\"@id\":\"https:\/\/twind.io\/co\/sobre-nosotros\/#primaryimage\"},\"thumbnailUrl\":\"https:\/\/twind.io\/co\/wp-content\/uploads\/2023\/04\/1-built-for-multi.svg\",\"datePublished\":\"2023-05-02T06:31:49+00:00\",\"dateModified\":\"2025-12-02T08:15:58+00:00\",\"description\":\"Descubre m\u00e1s sobre Twind la mejor Plataforma de Gesti\u00f3n Documental de Contratistas. Garantiza la eficiencia en tus procesos de gesti\u00f3n\",\"breadcrumb\":{\"@id\":\"https:\/\/twind.io\/co\/sobre-nosotros\/#breadcrumb\"},\"inLanguage\":\"es-CO\",\"potentialAction\":[{\"@type\":\"ReadAction\",\"target\":[\"https:\/\/twind.io\/co\/sobre-nosotros\/\"]}]},{\"@type\":\"ImageObject\",\"inLanguage\":\"es-CO\",\"@id\":\"https:\/\/twind.io\/co\/sobre-nosotros\/#primaryimage\",\"url\":\"https:\/\/twind.io\/co\/wp-content\/uploads\/2023\/04\/1-built-for-multi.svg\",\"contentUrl\":\"https:\/\/twind.io\/co\/wp-content\/uploads\/2023\/04\/1-built-for-multi.svg\",\"caption\":\"Twind\"},{\"@type\":\"BreadcrumbList\",\"@id\":\"https:\/\/twind.io\/co\/sobre-nosotros\/#breadcrumb\",\"itemListElement\":[{\"@type\":\"ListItem\",\"position\":1,\"name\":\"Portada\",\"item\":\"https:\/\/twind.io\/co\/\"},{\"@type\":\"ListItem\",\"position\":2,\"name\":\"Sobre Nosotros\"}]},{\"@type\":\"WebSite\",\"@id\":\"https:\/\/twind.io\/co\/#website\",\"url\":\"https:\/\/twind.io\/co\/\",\"name\":\"Twind - Plataforma Gesti\u00f3n Documental de Contratistas\",\"description\":\"Plataforma para la Gesti\u00f3n Documental de Contratistas para asegurar los est\u00e1ndares de Seguridad y Salud en el Trabajo\",\"publisher\":{\"@id\":\"https:\/\/twind.io\/co\/#organization\"},\"potentialAction\":[{\"@type\":\"SearchAction\",\"target\":{\"@type\":\"EntryPoint\",\"urlTemplate\":\"https:\/\/twind.io\/co\/?s={search_term_string}\"},\"query-input\":{\"@type\":\"PropertyValueSpecification\",\"valueRequired\":true,\"valueName\":\"search_term_string\"}}],\"inLanguage\":\"es-CO\"},{\"@type\":\"Organization\",\"@id\":\"https:\/\/twind.io\/co\/#organization\",\"name\":\"Twind - Plataforma Gesti\u00f3n Documental de Contratistas\",\"url\":\"https:\/\/twind.io\/co\/\",\"logo\":{\"@type\":\"ImageObject\",\"inLanguage\":\"es-CO\",\"@id\":\"https:\/\/twind.io\/co\/#\/schema\/logo\/image\/\",\"url\":\"https:\/\/twind.io\/co\/wp-content\/uploads\/2023\/04\/Logo-Twind.svg\",\"contentUrl\":\"https:\/\/twind.io\/co\/wp-content\/uploads\/2023\/04\/Logo-Twind.svg\",\"width\":1,\"height\":1,\"caption\":\"Twind - Plataforma Gesti\u00f3n Documental de Contratistas\"},\"image\":{\"@id\":\"https:\/\/twind.io\/co\/#\/schema\/logo\/image\/\"}}]}<\/script>\n<!-- \/ Yoast SEO plugin. -->","yoast_head_json":{"title":"Sobre TWIND - Plataforma Gesti\u00f3n Documental de Contratistas","description":"Descubre m\u00e1s sobre Twind la mejor Plataforma de Gesti\u00f3n Documental de Contratistas. Garantiza la eficiencia en tus procesos de gesti\u00f3n","robots":{"index":"index","follow":"follow","max-snippet":"max-snippet:-1","max-image-preview":"max-image-preview:large","max-video-preview":"max-video-preview:-1"},"canonical":"https:\/\/twind.io\/co\/sobre-nosotros\/","og_locale":"es_ES","og_type":"article","og_title":"Sobre TWIND - Plataforma Gesti\u00f3n Documental de Contratistas","og_description":"Descubre m\u00e1s sobre Twind la mejor Plataforma de Gesti\u00f3n Documental de Contratistas. Garantiza la eficiencia en tus procesos de gesti\u00f3n","og_url":"https:\/\/twind.io\/co\/sobre-nosotros\/","og_site_name":"Twind - Plataforma Gesti\u00f3n Documental de Contratistas","article_modified_time":"2025-12-02T08:15:58+00:00","twitter_card":"summary_large_image","twitter_misc":{"Tiempo de lectura":"4 minutos"},"schema":{"@context":"https:\/\/schema.org","@graph":[{"@type":"WebPage","@id":"https:\/\/twind.io\/co\/sobre-nosotros\/","url":"https:\/\/twind.io\/co\/sobre-nosotros\/","name":"Sobre TWIND - Plataforma Gesti\u00f3n Documental de Contratistas","isPartOf":{"@id":"https:\/\/twind.io\/co\/#website"},"primaryImageOfPage":{"@id":"https:\/\/twind.io\/co\/sobre-nosotros\/#primaryimage"},"image":{"@id":"https:\/\/twind.io\/co\/sobre-nosotros\/#primaryimage"},"thumbnailUrl":"https:\/\/twind.io\/co\/wp-content\/uploads\/2023\/04\/1-built-for-multi.svg","datePublished":"2023-05-02T06:31:49+00:00","dateModified":"2025-12-02T08:15:58+00:00","description":"Descubre m\u00e1s sobre Twind la mejor Plataforma de Gesti\u00f3n Documental de Contratistas. Garantiza la eficiencia en tus procesos de gesti\u00f3n","breadcrumb":{"@id":"https:\/\/twind.io\/co\/sobre-nosotros\/#breadcrumb"},"inLanguage":"es-CO","potentialAction":[{"@type":"ReadAction","target":["https:\/\/twind.io\/co\/sobre-nosotros\/"]}]},{"@type":"ImageObject","inLanguage":"es-CO","@id":"https:\/\/twind.io\/co\/sobre-nosotros\/#primaryimage","url":"https:\/\/twind.io\/co\/wp-content\/uploads\/2023\/04\/1-built-for-multi.svg","contentUrl":"https:\/\/twind.io\/co\/wp-content\/uploads\/2023\/04\/1-built-for-multi.svg","caption":"Twind"},{"@type":"BreadcrumbList","@id":"https:\/\/twind.io\/co\/sobre-nosotros\/#breadcrumb","itemListElement":[{"@type":"ListItem","position":1,"name":"Portada","item":"https:\/\/twind.io\/co\/"},{"@type":"ListItem","position":2,"name":"Sobre Nosotros"}]},{"@type":"WebSite","@id":"https:\/\/twind.io\/co\/#website","url":"https:\/\/twind.io\/co\/","name":"Twind - Plataforma Gesti\u00f3n Documental de Contratistas","description":"Plataforma para la Gesti\u00f3n Documental de Contratistas para asegurar los est\u00e1ndares de Seguridad y Salud en el Trabajo","publisher":{"@id":"https:\/\/twind.io\/co\/#organization"},"potentialAction":[{"@type":"SearchAction","target":{"@type":"EntryPoint","urlTemplate":"https:\/\/twind.io\/co\/?s={search_term_string}"},"query-input":{"@type":"PropertyValueSpecification","valueRequired":true,"valueName":"search_term_string"}}],"inLanguage":"es-CO"},{"@type":"Organization","@id":"https:\/\/twind.io\/co\/#organization","name":"Twind - Plataforma Gesti\u00f3n Documental de Contratistas","url":"https:\/\/twind.io\/co\/","logo":{"@type":"ImageObject","inLanguage":"es-CO","@id":"https:\/\/twind.io\/co\/#\/schema\/logo\/image\/","url":"https:\/\/twind.io\/co\/wp-content\/uploads\/2023\/04\/Logo-Twind.svg","contentUrl":"https:\/\/twind.io\/co\/wp-content\/uploads\/2023\/04\/Logo-Twind.svg","width":1,"height":1,"caption":"Twind - Plataforma Gesti\u00f3n Documental de Contratistas"},"image":{"@id":"https:\/\/twind.io\/co\/#\/schema\/logo\/image\/"}}]}},"_links":{"self":[{"href":"https:\/\/twind.io\/co\/wp-json\/wp\/v2\/pages\/678","targetHints":{"allow":["GET"]}}],"collection":[{"href":"https:\/\/twind.io\/co\/wp-json\/wp\/v2\/pages"}],"about":[{"href":"https:\/\/twind.io\/co\/wp-json\/wp\/v2\/types\/page"}],"author":[{"embeddable":true,"href":"https:\/\/twind.io\/co\/wp-json\/wp\/v2\/users\/1"}],"replies":[{"embeddable":true,"href":"https:\/\/twind.io\/co\/wp-json\/wp\/v2\/comments?post=678"}],"version-history":[{"count":11,"href":"https:\/\/twind.io\/co\/wp-json\/wp\/v2\/pages\/678\/revisions"}],"predecessor-version":[{"id":3834,"href":"https:\/\/twind.io\/co\/wp-json\/wp\/v2\/pages\/678\/revisions\/3834"}],"wp:featuredmedia":[{"embeddable":true,"href":"https:\/\/twind.io\/co\/wp-json\/wp\/v2\/media\/203"}],"wp:attachment":[{"href":"https:\/\/twind.io\/co\/wp-json\/wp\/v2\/media?parent=678"}],"curies":[{"name":"wp","href":"https:\/\/api.w.org\/{rel}","templated":true}]}}