{"id":365,"date":"2023-04-12T14:13:02","date_gmt":"2023-04-12T14:13:02","guid":{"rendered":"https:\/\/twind.io\/?page_id=365"},"modified":"2025-10-14T09:48:11","modified_gmt":"2025-10-14T09:48:11","slug":"kontakt","status":"publish","type":"page","link":"https:\/\/twind.io\/de\/kontakt\/","title":{"rendered":"Kontakt"},"content":{"rendered":"<h1 style=\"text-align: center;\"><strong><span style=\"color: var(--tcb-color-3); --tcb-applied-color: var$(--tcb-skin-color-0) !important;\"><\/span><span style=\"color: var(--tcb-color-3) !important; --tcb-applied-color: var$(--tcb-color-3) !important;\">Lernen sie Twind<\/span><span style=\"--tcb-applied-color: var$(--tcb-skin-color-0)  !important; color: var(--tcb-skin-color-0);\"> mit uns zusammen kennen<\/span><\/strong><\/h1>\n<h2 style=\"text-align: center;\">Vereinbaren Sie einen Termin f\u00fcr eine 1:1-Demo mit einem Mitarbeiter unseres Kundenerfolgsteams und erfahren Sie, wie Twind ihr Unternehmen weiterbringen kann<\/h2>\n\n\t\t\t\t\t\t<script>\n\t\t\t\t\t\t\twindow.hsFormsOnReady = window.hsFormsOnReady || [];\n\t\t\t\t\t\t\twindow.hsFormsOnReady.push(()=>{\n\t\t\t\t\t\t\t\thbspt.forms.create({\n\t\t\t\t\t\t\t\t\tportalId: 146424663,\n\t\t\t\t\t\t\t\t\tformId: \"7387f58b-cd45-4fab-8fed-6eaf4bc83d8c\",\n\t\t\t\t\t\t\t\t\ttarget: \"#hbspt-form-1776372587000-0514165899\",\n\t\t\t\t\t\t\t\t\tregion: \"eu1\",\n\t\t\t\t\t\t\t\t\t\n\t\t\t\t\t\t\t})});\n\t\t\t\t\t\t<\/script>\n\t\t\t\t\t\t<div class=\"hbspt-form\" id=\"hbspt-form-1776372587000-0514165899\"><\/div>\n","protected":false},"excerpt":{"rendered":"<p>Lernen sie Twind mit uns zusammen kennen Vereinbaren Sie einen Termin f\u00fcr eine 1:1-Demo mit einem Mitarbeiter unseres Kundenerfolgsteams und erfahren Sie, wie Twind ihr Unternehmen weiterbringen kann<\/p>\n","protected":false},"author":1,"featured_media":0,"parent":0,"menu_order":0,"comment_status":"closed","ping_status":"closed","template":"","meta":{"content-type":"","footnotes":""},"class_list":["post-365","page","type-page","status-publish","hentry","post-wrapper","thrv_wrapper"],"yoast_head":"<!-- This site is optimized with the Yoast SEO plugin v26.9 - https:\/\/yoast.com\/product\/yoast-seo-wordpress\/ -->\n<title>Kontakt \u2013 Kontaktieren Sie unser Vertriebsteam \u2013 Twind<\/title>\n<meta name=\"description\" content=\"Kontaktieren Sie uns f\u00fcr Unterst\u00fctzung, Verkaufsanfragen oder um mehr \u00fcber unsere leistungsstarke L\u00f6sung zu erfahren.\" \/>\n<meta name=\"robots\" content=\"index, follow, max-snippet:-1, max-image-preview:large, max-video-preview:-1\" \/>\n<link rel=\"canonical\" href=\"https:\/\/twind.io\/de\/kontakt\/\" \/>\n<meta property=\"og:locale\" content=\"es_ES\" \/>\n<meta property=\"og:type\" content=\"article\" \/>\n<meta property=\"og:title\" content=\"Kontakt \u2013 Kontaktieren Sie unser Vertriebsteam \u2013 Twind\" \/>\n<meta property=\"og:description\" content=\"Kontaktieren Sie uns f\u00fcr Unterst\u00fctzung, Verkaufsanfragen oder um mehr \u00fcber unsere leistungsstarke L\u00f6sung zu erfahren.\" \/>\n<meta property=\"og:url\" content=\"https:\/\/twind.io\/de\/kontakt\/\" \/>\n<meta property=\"og:site_name\" content=\"Twind \u2013 Lieferanten- und Dienstleister-Management-Software\" \/>\n<meta property=\"article:modified_time\" content=\"2025-10-14T09:48:11+00:00\" \/>\n<meta name=\"twitter:card\" content=\"summary_large_image\" \/>\n<meta name=\"twitter:label1\" content=\"Tiempo de lectura\" \/>\n\t<meta name=\"twitter:data1\" content=\"1 minuto\" \/>\n<script type=\"application\/ld+json\" class=\"yoast-schema-graph\">{\"@context\":\"https:\/\/schema.org\",\"@graph\":[{\"@type\":\"WebPage\",\"@id\":\"https:\/\/twind.io\/de\/kontakt\/\",\"url\":\"https:\/\/twind.io\/de\/kontakt\/\",\"name\":\"Kontakt \u2013 Kontaktieren Sie unser Vertriebsteam \u2013 Twind\",\"isPartOf\":{\"@id\":\"https:\/\/twind.io\/de\/#website\"},\"datePublished\":\"2023-04-12T14:13:02+00:00\",\"dateModified\":\"2025-10-14T09:48:11+00:00\",\"description\":\"Kontaktieren Sie uns f\u00fcr Unterst\u00fctzung, Verkaufsanfragen oder um mehr \u00fcber unsere leistungsstarke L\u00f6sung zu erfahren.\",\"breadcrumb\":{\"@id\":\"https:\/\/twind.io\/de\/kontakt\/#breadcrumb\"},\"inLanguage\":\"es\",\"potentialAction\":[{\"@type\":\"ReadAction\",\"target\":[\"https:\/\/twind.io\/de\/kontakt\/\"]}]},{\"@type\":\"BreadcrumbList\",\"@id\":\"https:\/\/twind.io\/de\/kontakt\/#breadcrumb\",\"itemListElement\":[{\"@type\":\"ListItem\",\"position\":1,\"name\":\"Portada\",\"item\":\"https:\/\/twind.io\/de\/\"},{\"@type\":\"ListItem\",\"position\":2,\"name\":\"Kontakt\"}]},{\"@type\":\"WebSite\",\"@id\":\"https:\/\/twind.io\/de\/#website\",\"url\":\"https:\/\/twind.io\/de\/\",\"name\":\"Twind \u2013 Lieferanten- und Dienstleister-Management-Software\",\"description\":\"Die Auftragnehmerverwaltungssoftware von Twind optimiert Ihre Abl\u00e4ufe und verbessert die Effizienz. Erfahren Sie mehr \u00fcber die Vorteile, die es Ihrem Unternehmen bringen kann\",\"publisher\":{\"@id\":\"https:\/\/twind.io\/de\/#organization\"},\"potentialAction\":[{\"@type\":\"SearchAction\",\"target\":{\"@type\":\"EntryPoint\",\"urlTemplate\":\"https:\/\/twind.io\/de\/?s={search_term_string}\"},\"query-input\":{\"@type\":\"PropertyValueSpecification\",\"valueRequired\":true,\"valueName\":\"search_term_string\"}}],\"inLanguage\":\"es\"},{\"@type\":\"Organization\",\"@id\":\"https:\/\/twind.io\/de\/#organization\",\"name\":\"Twind \u2013 Lieferanten- und Dienstleister-Management-Software\",\"url\":\"https:\/\/twind.io\/de\/\",\"logo\":{\"@type\":\"ImageObject\",\"inLanguage\":\"es\",\"@id\":\"https:\/\/twind.io\/de\/#\/schema\/logo\/image\/\",\"url\":\"https:\/\/twind.io\/wp-content\/uploads\/2023\/04\/Logo-Twind.svg\",\"contentUrl\":\"https:\/\/twind.io\/wp-content\/uploads\/2023\/04\/Logo-Twind.svg\",\"width\":1,\"height\":1,\"caption\":\"Twind \u2013 Lieferanten- und Dienstleister-Management-Software\"},\"image\":{\"@id\":\"https:\/\/twind.io\/de\/#\/schema\/logo\/image\/\"}}]}<\/script>\n<!-- \/ Yoast SEO plugin. -->","yoast_head_json":{"title":"Kontakt \u2013 Kontaktieren Sie unser Vertriebsteam \u2013 Twind","description":"Kontaktieren Sie uns f\u00fcr Unterst\u00fctzung, Verkaufsanfragen oder um mehr \u00fcber unsere leistungsstarke L\u00f6sung zu erfahren.","robots":{"index":"index","follow":"follow","max-snippet":"max-snippet:-1","max-image-preview":"max-image-preview:large","max-video-preview":"max-video-preview:-1"},"canonical":"https:\/\/twind.io\/de\/kontakt\/","og_locale":"es_ES","og_type":"article","og_title":"Kontakt \u2013 Kontaktieren Sie unser Vertriebsteam \u2013 Twind","og_description":"Kontaktieren Sie uns f\u00fcr Unterst\u00fctzung, Verkaufsanfragen oder um mehr \u00fcber unsere leistungsstarke L\u00f6sung zu erfahren.","og_url":"https:\/\/twind.io\/de\/kontakt\/","og_site_name":"Twind \u2013 Lieferanten- und Dienstleister-Management-Software","article_modified_time":"2025-10-14T09:48:11+00:00","twitter_card":"summary_large_image","twitter_misc":{"Tiempo de lectura":"1 minuto"},"schema":{"@context":"https:\/\/schema.org","@graph":[{"@type":"WebPage","@id":"https:\/\/twind.io\/de\/kontakt\/","url":"https:\/\/twind.io\/de\/kontakt\/","name":"Kontakt \u2013 Kontaktieren Sie unser Vertriebsteam \u2013 Twind","isPartOf":{"@id":"https:\/\/twind.io\/de\/#website"},"datePublished":"2023-04-12T14:13:02+00:00","dateModified":"2025-10-14T09:48:11+00:00","description":"Kontaktieren Sie uns f\u00fcr Unterst\u00fctzung, Verkaufsanfragen oder um mehr \u00fcber unsere leistungsstarke L\u00f6sung zu erfahren.","breadcrumb":{"@id":"https:\/\/twind.io\/de\/kontakt\/#breadcrumb"},"inLanguage":"es","potentialAction":[{"@type":"ReadAction","target":["https:\/\/twind.io\/de\/kontakt\/"]}]},{"@type":"BreadcrumbList","@id":"https:\/\/twind.io\/de\/kontakt\/#breadcrumb","itemListElement":[{"@type":"ListItem","position":1,"name":"Portada","item":"https:\/\/twind.io\/de\/"},{"@type":"ListItem","position":2,"name":"Kontakt"}]},{"@type":"WebSite","@id":"https:\/\/twind.io\/de\/#website","url":"https:\/\/twind.io\/de\/","name":"Twind \u2013 Lieferanten- und Dienstleister-Management-Software","description":"Die Auftragnehmerverwaltungssoftware von Twind optimiert Ihre Abl\u00e4ufe und verbessert die Effizienz. Erfahren Sie mehr \u00fcber die Vorteile, die es Ihrem Unternehmen bringen kann","publisher":{"@id":"https:\/\/twind.io\/de\/#organization"},"potentialAction":[{"@type":"SearchAction","target":{"@type":"EntryPoint","urlTemplate":"https:\/\/twind.io\/de\/?s={search_term_string}"},"query-input":{"@type":"PropertyValueSpecification","valueRequired":true,"valueName":"search_term_string"}}],"inLanguage":"es"},{"@type":"Organization","@id":"https:\/\/twind.io\/de\/#organization","name":"Twind \u2013 Lieferanten- und Dienstleister-Management-Software","url":"https:\/\/twind.io\/de\/","logo":{"@type":"ImageObject","inLanguage":"es","@id":"https:\/\/twind.io\/de\/#\/schema\/logo\/image\/","url":"https:\/\/twind.io\/wp-content\/uploads\/2023\/04\/Logo-Twind.svg","contentUrl":"https:\/\/twind.io\/wp-content\/uploads\/2023\/04\/Logo-Twind.svg","width":1,"height":1,"caption":"Twind \u2013 Lieferanten- und Dienstleister-Management-Software"},"image":{"@id":"https:\/\/twind.io\/de\/#\/schema\/logo\/image\/"}}]}},"_links":{"self":[{"href":"https:\/\/twind.io\/de\/wp-json\/wp\/v2\/pages\/365","targetHints":{"allow":["GET"]}}],"collection":[{"href":"https:\/\/twind.io\/de\/wp-json\/wp\/v2\/pages"}],"about":[{"href":"https:\/\/twind.io\/de\/wp-json\/wp\/v2\/types\/page"}],"author":[{"embeddable":true,"href":"https:\/\/twind.io\/de\/wp-json\/wp\/v2\/users\/1"}],"replies":[{"embeddable":true,"href":"https:\/\/twind.io\/de\/wp-json\/wp\/v2\/comments?post=365"}],"version-history":[{"count":130,"href":"https:\/\/twind.io\/de\/wp-json\/wp\/v2\/pages\/365\/revisions"}],"predecessor-version":[{"id":840,"href":"https:\/\/twind.io\/de\/wp-json\/wp\/v2\/pages\/365\/revisions\/840"}],"wp:attachment":[{"href":"https:\/\/twind.io\/de\/wp-json\/wp\/v2\/media?parent=365"}],"curies":[{"name":"wp","href":"https:\/\/api.w.org\/{rel}","templated":true}]}}