{"id":554,"date":"2023-05-02T06:39:03","date_gmt":"2023-05-02T06:39:03","guid":{"rendered":"https:\/\/twind.io\/?page_id=554"},"modified":"2025-04-15T09:16:29","modified_gmt":"2025-04-15T09:16:29","slug":"uber-uns","status":"publish","type":"page","link":"https:\/\/twind.io\/de\/uber-uns\/","title":{"rendered":"\u00dcber uns"},"content":{"rendered":"<h1 style=\"text-align: center;\"><strong><span style=\"color: var(--tcb-color-3); --tcb-applied-color: var$(--tcb-skin-color-0)  !important;\"><\/span><span style=\"color: var(--tcb-color-3) !important; --tcb-applied-color: var$(--tcb-color-3) !important;\">Mit uns wird ihr Fremdfirmenmanagement<\/span><span style=\"color: var(--tcb-color-1); --tcb-applied-color: var$(--tcb-skin-color-0) !important;\"> sicherer und nachhaltiger<\/span><\/strong><\/h1>\n<h2 style=\"\"><span data-contrast=\"none\" lang=\"ES-ES\"><span data-contrast=\"auto\" lang=\"EN-US\">Unsere Motivation<\/span><span data-ccp-props=\"{&quot;201341983&quot;:0,&quot;335559739&quot;:160,&quot;335559740&quot;:259}\">&nbsp;<\/span><\/span><\/h2>\n<h2 style=\"\"><span data-contrast=\"none\" lang=\"ES-ES\"><span data-contrast=\"none\" lang=\"ES-ES\">Wir wollen, dass Sie in einer sicheren Umgebung arbeiten<\/span><\/span><\/h2>\n<p style=\"\"><span data-contrast=\"auto\" lang=\"EN-US\">In der schnelllebigen Gesch\u00e4ftswelt von heute gehen Sicherheit und Effizienz Hand in Hand. Als Fachleute f\u00fcr Gesundheit und Arbeitsschutz wissen wir, wie wichtig es ist, Risiken effektiv zu managen um Unf\u00e4lle von Anfang an zu verhindern.<\/span><\/p>\n<p style=\"\">\n<p style=\"\"><span data-contrast=\"auto\" lang=\"EN-US\">Unser Ziel ist es, ein vertrauensvoller Partner unserer Kunden zu sein, wenn es um zuverl\u00e4ssige und personalisierte L\u00f6sungen f\u00fcr Fremdfirmenmanagement geht. Indem wir Fachleute f\u00fcr Sicherheit und Gesundheitsschutz mit den richtigen Tools und Ressourcen ausstatten, helfen wir Unternehmen dabei, nachhaltige Lieferketten aufzubauen und somit Sicherheit, Produktivit\u00e4t und Wachstum zu f\u00f6rdern.<\/span><\/p>\n<p><span><img decoding=\"async\" alt=\"Unsere Motivation\" data-id=\"203\" title=\"Unsere Motivation\" loading=\"lazy\" src=\"https:\/\/twind.io\/wp-content\/uploads\/2023\/04\/1-built-for-multi.svg\" data-link-wrap=\"true\" data-width=\"357\" style=\"aspect-ratio: auto 100 \/ 100;\" width=\"357\" data-init-width=\"100\" height=\"199\" data-init-height=\"100\" data-height=\"199\"><\/span><\/p>\n<h2 style=\"\"><span data-contrast=\"none\" lang=\"ES-ES\" style=\"\"><span data-contrast=\"none\" lang=\"ES-ES\" style=\"\"><span data-contrast=\"auto\" lang=\"EN-US\">Kundenfokus<\/span><\/span><\/span><\/h2>\n<p style=\"\"><span data-contrast=\"auto\" lang=\"ES-ES\" style=\"\"><span data-ccp-props=\"{&quot;201341983&quot;:0,&quot;335559739&quot;:160,&quot;335559740&quot;:259}\" style=\"\">Unsere Kunden sind unsere Partner in Sachen Sicherheit. Wir arbeiten mit ihnen Hand in Hand, um ihre individuellen Bed\u00fcrfnisse zu verstehen und massgeschneiderte L\u00f6sungen zu entwickeln. Unser gemeinsames Ziel ist es ihre Sicherheitskultur zu st\u00e4rken, Mitarbeiter zu sch\u00fctzen und nachhaltige Lieferketten aufzubauen.<\/span><\/span><\/p>\n<h2 style=\"\"><span data-contrast=\"none\" lang=\"ES-ES\" style=\"\"><span data-contrast=\"none\" lang=\"ES-ES\" style=\"\"><span data-contrast=\"auto\" lang=\"EN-US\"><\/span><span data-ccp-props=\"{&quot;201341983&quot;:0,&quot;335559739&quot;:160,&quot;335559740&quot;:259}\">Exzellenz<\/span><\/span><\/span><\/h2>\n<p style=\"\"><span data-ccp-props=\"{&quot;201341983&quot;:0,&quot;335559739&quot;:160,&quot;335559740&quot;:259}\"><span data-contrast=\"auto\" lang=\"ES-ES\"><span data-ccp-props=\"{&quot;201341983&quot;:0,&quot;335559739&quot;:160,&quot;335559740&quot;:259}\">Unser Exzellensanspruch bedeutet, dass wir stets nach M\u00f6glichkeiten suchen um unsere Produkte und Dienstleistungen zu verbessern. Wir holen regelm\u00e4\u00dfig das Feedback unserer Kunden ein, um unser Angebot zu optimierem. Damit stellen wir sicher, dass wir ihre individuellen Bed\u00fcrfnisse erf\u00fcllen und Erwartungen stets \u00fcbertreffen.<\/span><\/span><\/span><\/p>\n<h2 style=\"\"><span data-contrast=\"none\" lang=\"ES-ES\" style=\"\"><span data-contrast=\"none\" lang=\"ES-ES\" style=\"\"><span data-contrast=\"auto\" lang=\"EN-US\">Integrit\u00e4t<\/span><span data-ccp-props=\"{&quot;201341983&quot;:0,&quot;335559739&quot;:160,&quot;335559740&quot;:259}\">&nbsp;<\/span><\/span><\/span><\/h2>\n<p style=\"\"><span data-ccp-props=\"{&quot;201341983&quot;:0,&quot;335559739&quot;:160,&quot;335559740&quot;:259}\"><span data-contrast=\"auto\" lang=\"ES-ES\"><span data-ccp-props=\"{&quot;201341983&quot;:0,&quot;335559739&quot;:160,&quot;335559740&quot;:259}\"><span data-ccp-props=\"{&quot;201341983&quot;:0,&quot;335559739&quot;:160,&quot;335559740&quot;:259}\">Wir sind davon \u00fcberzeugt, dass Integrit\u00e4t der Grundstein f\u00fcr Vertrauen ist, und Vertrauen widerum die Voraussetzung f\u00fcr starke und dauerhafte Kundenbeziehungen ist.<\/span><\/span><\/span><\/span><\/p>\n<p style=\"\">\n<p style=\"\">\n<h2 style=\"\"><span data-contrast=\"none\" lang=\"ES-ES\" style=\"\"><span data-contrast=\"none\" lang=\"ES-ES\" style=\"\"><span data-contrast=\"auto\" lang=\"EN-US\">Teamarbeit<\/span><span data-ccp-props=\"{&quot;201341983&quot;:0,&quot;335559739&quot;:160,&quot;335559740&quot;:259}\">&nbsp;<\/span><\/span><\/span><\/h2>\n<p style=\"\"><span data-ccp-props=\"{&quot;201341983&quot;:0,&quot;335559739&quot;:160,&quot;335559740&quot;:259}\"><span data-contrast=\"auto\" lang=\"ES-ES\"><span data-ccp-props=\"{&quot;201341983&quot;:0,&quot;335559739&quot;:160,&quot;335559740&quot;:259}\"><span data-ccp-props=\"{&quot;201341983&quot;:0,&quot;335559739&quot;:160,&quot;335559740&quot;:259}\">Wir streben immer danach m\u00f6glichst effektiv mit unseren Kunden und Partnern zusammenzuarbeiten, und wir sind davon \u00fcberzeugt, dass wir dadurch hervorragende Ergebnisse f\u00fcr alle erzielen.<\/span><\/span><\/span><\/span><\/p>\n<p style=\"\">\n<p style=\"\">\n<h2 style=\"\"><span><span data-contrast=\"auto\" lang=\"EN-US\">\u00dcber 20 Jahre Erfahrung<\/span><span data-ccp-props=\"{&quot;201341983&quot;:0,&quot;335559739&quot;:160,&quot;335559740&quot;:259}\">&nbsp;<\/span><\/span><\/h2>\n<h2 style=\"\"><span data-contrast=\"none\" lang=\"ES-ES\"><span data-contrast=\"none\" lang=\"ES-ES\"><span data-contrast=\"none\" lang=\"ES-ES\"><span data-contrast=\"auto\" lang=\"EN-US\">Wir arbeiten mit mehr als 3&#8217;000 Unternehmen auf der ganzen Welt zusammen<\/span><\/span><\/span><\/span><\/h2>\n<p><span data-ccp-props=\"{&quot;201341983&quot;:0,&quot;335559739&quot;:160,&quot;335559740&quot;:259}\"><span data-ccp-props=\"{&quot;201341983&quot;:0,&quot;335559739&quot;:160,&quot;335559740&quot;:259}\">Twind ist das Ergebnis jahrzehntelanger Erfahrung im Dienste anspruchsvollster Kunden in den komplexesten Branchen.In den vergangenen 20 Jahren haben wir ein tiefes Verst\u00e4ndnis f\u00fcr die Herausforderungen entwickelt, mit denen Fachkr\u00e4fte f\u00fcr Sicherheit und Arbeitsschutz tatt\u00e4glich konfrontiert werden. Basierend darauf haben wir eine innovative L\u00f6sung entwickelt, die den einzigartigen Bed\u00fcrfnissen der Fachexperten gerecht wird.Twind kombiniert neusten Technologien sowie altbew\u00e4hrte Standards zu einem leistungsf\u00e4higen Werkzeug f\u00fcr Risikomanagement, Sicherung von Compliance und dem Gesundheitsschutz ihrer Mitarbeiter und Auftragnehmer.Unabh\u00e4ngig davon, wie komplex Ihre Lieferkette ist oder wie stark Ihre Branche reguliert ist, Twind verf\u00fcgt \u00fcber das Know-how und die Ressourcen, um Ihnen und Ihrem Unternehmen zum Erfolg zu verhelfen.<\/span><\/span><\/p>\n<p><span><img decoding=\"async\" alt=\"\u00dcber 20 Jahre Erfahrung \" data-id=\"803\" title=\"\u00dcber 20 Jahre Erfahrung \" loading=\"lazy\" src=\"https:\/\/twind.io\/wp-content\/uploads\/2023\/05\/History-1.svg\" data-link-wrap=\"true\" data-width=\"357\" width=\"357\" data-init-width=\"332\" data-height=\"275\" height=\"275\" data-init-height=\"275\" style=\"aspect-ratio: auto 332 \/ 275;\"><\/span><span><img decoding=\"async\" alt=\"ISO 9001\" data-id=\"726\" width=\"115\" data-init-width=\"1000\" height=\"117\" data-init-height=\"1021\" title=\"ISO 9001\" loading=\"lazy\" src=\"https:\/\/twind.io\/wp-content\/uploads\/2023\/05\/ISO_9001-2015-1.webp\" data-width=\"115\" style=\"aspect-ratio: auto 1000 \/ 1021;\" data-height=\"117\"><\/span><span><img decoding=\"async\" alt=\"ISO 27001\" data-id=\"736\" width=\"195\" data-init-width=\"650\" height=\"120\" data-init-height=\"400\" title=\"ISO 27001\" loading=\"lazy\" src=\"https:\/\/twind.io\/wp-content\/uploads\/2023\/05\/ISO-27001-1.webp\" data-width=\"195\" style=\"aspect-ratio: auto 650 \/ 400;\" data-height=\"120\"><\/span><span><img decoding=\"async\" alt=\"ISO 45001\" data-id=\"739\" width=\"150\" data-init-width=\"646\" height=\"151\" data-init-height=\"651\" title=\"ISO 45001\" loading=\"lazy\" src=\"https:\/\/twind.io\/wp-content\/uploads\/2023\/05\/iso-45001-1.webp\" data-width=\"150\" style=\"aspect-ratio: auto 646 \/ 651;\" data-height=\"151\"><\/span><span><img decoding=\"async\" alt=\"PYME innovadora\" data-id=\"793\" width=\"150\" data-init-width=\"230\" height=\"196\" data-init-height=\"300\" title=\"PYME innovadora\" loading=\"lazy\" src=\"https:\/\/twind.io\/wp-content\/uploads\/2023\/05\/pyme_innovadora_meic-SP_web-230x300-1-1.webp\" data-width=\"150\" style=\"aspect-ratio: auto 230 \/ 300;\" data-height=\"196\"><\/span><span><img decoding=\"async\" alt=\"Premio Empresa Feliz\" data-id=\"731\" width=\"198\" data-init-width=\"300\" height=\"198\" data-init-height=\"300\" title=\"Premio Empresa Feliz\" loading=\"lazy\" src=\"https:\/\/twind.io\/wp-content\/uploads\/2023\/05\/premioEmpresaFeliz-1.webp\" data-width=\"198\" style=\"aspect-ratio: auto 300 \/ 300;\" data-height=\"198\"><\/span><span><img decoding=\"async\" alt=\"Gold Parthner Microsoft\" data-id=\"791\" width=\"198\" data-init-width=\"300\" height=\"198\" data-init-height=\"300\" title=\"Gold Parthner Microsoft\" loading=\"lazy\" src=\"https:\/\/twind.io\/wp-content\/uploads\/2023\/05\/gold-parthner-microsoft-1.webp\" data-width=\"198\" style=\"aspect-ratio: auto 300 \/ 300;\" data-height=\"198\"><\/span><\/p>\n","protected":false},"excerpt":{"rendered":"<p>Mit uns wird ihr Fremdfirmenmanagement sicherer und nachhaltiger Unsere Motivation&nbsp; Wir wollen, dass Sie in einer sicheren Umgebung arbeiten In der schnelllebigen Gesch\u00e4ftswelt von heute gehen Sicherheit und Effizienz Hand in Hand. Als Fachleute f\u00fcr Gesundheit und Arbeitsschutz wissen wir, wie wichtig es ist, Risiken effektiv zu managen um Unf\u00e4lle von Anfang an zu verhindern. [&hellip;]<\/p>\n","protected":false},"author":1,"featured_media":578,"parent":0,"menu_order":0,"comment_status":"closed","ping_status":"closed","template":"","meta":{"content-type":"","footnotes":""},"class_list":["post-554","page","type-page","status-publish","has-post-thumbnail","hentry","post-wrapper","thrv_wrapper"],"yoast_head":"<!-- This site is optimized with the Yoast SEO plugin v26.9 - https:\/\/yoast.com\/product\/yoast-seo-wordpress\/ -->\n<title>\u00dcber uns<\/title>\n<meta name=\"robots\" content=\"index, follow, max-snippet:-1, max-image-preview:large, max-video-preview:-1\" \/>\n<link rel=\"canonical\" href=\"https:\/\/twind.io\/de\/uber-uns\/\" \/>\n<meta property=\"og:locale\" content=\"es_ES\" \/>\n<meta property=\"og:type\" content=\"article\" \/>\n<meta property=\"og:title\" content=\"\u00dcber uns\" \/>\n<meta property=\"og:description\" content=\"Mit uns wird ihr Fremdfirmenmanagement sicherer und nachhaltiger Unsere Motivation&nbsp; Wir wollen, dass Sie in einer sicheren Umgebung arbeiten In der schnelllebigen Gesch\u00e4ftswelt von heute gehen Sicherheit und Effizienz Hand in Hand. Als Fachleute f\u00fcr Gesundheit und Arbeitsschutz wissen wir, wie wichtig es ist, Risiken effektiv zu managen um Unf\u00e4lle von Anfang an zu verhindern. [&hellip;]\" \/>\n<meta property=\"og:url\" content=\"https:\/\/twind.io\/de\/uber-uns\/\" \/>\n<meta property=\"og:site_name\" content=\"Twind \u2013 Lieferanten- und Dienstleister-Management-Software\" \/>\n<meta property=\"article:modified_time\" content=\"2025-04-15T09:16:29+00:00\" \/>\n<meta name=\"twitter:card\" content=\"summary_large_image\" \/>\n<meta name=\"twitter:label1\" content=\"Tiempo de lectura\" \/>\n\t<meta name=\"twitter:data1\" content=\"4 minutos\" \/>\n<script type=\"application\/ld+json\" class=\"yoast-schema-graph\">{\"@context\":\"https:\/\/schema.org\",\"@graph\":[{\"@type\":\"WebPage\",\"@id\":\"https:\/\/twind.io\/de\/uber-uns\/\",\"url\":\"https:\/\/twind.io\/de\/uber-uns\/\",\"name\":\"\u00dcber uns\",\"isPartOf\":{\"@id\":\"https:\/\/twind.io\/de\/#website\"},\"primaryImageOfPage\":{\"@id\":\"https:\/\/twind.io\/de\/uber-uns\/#primaryimage\"},\"image\":{\"@id\":\"https:\/\/twind.io\/de\/uber-uns\/#primaryimage\"},\"thumbnailUrl\":\"https:\/\/twind.io\/de\/wp-content\/uploads\/2023\/05\/History-1.svg\",\"datePublished\":\"2023-05-02T06:39:03+00:00\",\"dateModified\":\"2025-04-15T09:16:29+00:00\",\"breadcrumb\":{\"@id\":\"https:\/\/twind.io\/de\/uber-uns\/#breadcrumb\"},\"inLanguage\":\"es\",\"potentialAction\":[{\"@type\":\"ReadAction\",\"target\":[\"https:\/\/twind.io\/de\/uber-uns\/\"]}]},{\"@type\":\"ImageObject\",\"inLanguage\":\"es\",\"@id\":\"https:\/\/twind.io\/de\/uber-uns\/#primaryimage\",\"url\":\"https:\/\/twind.io\/de\/wp-content\/uploads\/2023\/05\/History-1.svg\",\"contentUrl\":\"https:\/\/twind.io\/de\/wp-content\/uploads\/2023\/05\/History-1.svg\"},{\"@type\":\"BreadcrumbList\",\"@id\":\"https:\/\/twind.io\/de\/uber-uns\/#breadcrumb\",\"itemListElement\":[{\"@type\":\"ListItem\",\"position\":1,\"name\":\"Portada\",\"item\":\"https:\/\/twind.io\/de\/\"},{\"@type\":\"ListItem\",\"position\":2,\"name\":\"\u00dcber uns\"}]},{\"@type\":\"WebSite\",\"@id\":\"https:\/\/twind.io\/de\/#website\",\"url\":\"https:\/\/twind.io\/de\/\",\"name\":\"Twind \u2013 Lieferanten- und Dienstleister-Management-Software\",\"description\":\"Die Auftragnehmerverwaltungssoftware von Twind optimiert Ihre Abl\u00e4ufe und verbessert die Effizienz. Erfahren Sie mehr \u00fcber die Vorteile, die es Ihrem Unternehmen bringen kann\",\"publisher\":{\"@id\":\"https:\/\/twind.io\/de\/#organization\"},\"potentialAction\":[{\"@type\":\"SearchAction\",\"target\":{\"@type\":\"EntryPoint\",\"urlTemplate\":\"https:\/\/twind.io\/de\/?s={search_term_string}\"},\"query-input\":{\"@type\":\"PropertyValueSpecification\",\"valueRequired\":true,\"valueName\":\"search_term_string\"}}],\"inLanguage\":\"es\"},{\"@type\":\"Organization\",\"@id\":\"https:\/\/twind.io\/de\/#organization\",\"name\":\"Twind \u2013 Lieferanten- und Dienstleister-Management-Software\",\"url\":\"https:\/\/twind.io\/de\/\",\"logo\":{\"@type\":\"ImageObject\",\"inLanguage\":\"es\",\"@id\":\"https:\/\/twind.io\/de\/#\/schema\/logo\/image\/\",\"url\":\"https:\/\/twind.io\/wp-content\/uploads\/2023\/04\/Logo-Twind.svg\",\"contentUrl\":\"https:\/\/twind.io\/wp-content\/uploads\/2023\/04\/Logo-Twind.svg\",\"width\":1,\"height\":1,\"caption\":\"Twind \u2013 Lieferanten- und Dienstleister-Management-Software\"},\"image\":{\"@id\":\"https:\/\/twind.io\/de\/#\/schema\/logo\/image\/\"}}]}<\/script>\n<!-- \/ Yoast SEO plugin. -->","yoast_head_json":{"title":"\u00dcber uns","robots":{"index":"index","follow":"follow","max-snippet":"max-snippet:-1","max-image-preview":"max-image-preview:large","max-video-preview":"max-video-preview:-1"},"canonical":"https:\/\/twind.io\/de\/uber-uns\/","og_locale":"es_ES","og_type":"article","og_title":"\u00dcber uns","og_description":"Mit uns wird ihr Fremdfirmenmanagement sicherer und nachhaltiger Unsere Motivation&nbsp; Wir wollen, dass Sie in einer sicheren Umgebung arbeiten In der schnelllebigen Gesch\u00e4ftswelt von heute gehen Sicherheit und Effizienz Hand in Hand. Als Fachleute f\u00fcr Gesundheit und Arbeitsschutz wissen wir, wie wichtig es ist, Risiken effektiv zu managen um Unf\u00e4lle von Anfang an zu verhindern. [&hellip;]","og_url":"https:\/\/twind.io\/de\/uber-uns\/","og_site_name":"Twind \u2013 Lieferanten- und Dienstleister-Management-Software","article_modified_time":"2025-04-15T09:16:29+00:00","twitter_card":"summary_large_image","twitter_misc":{"Tiempo de lectura":"4 minutos"},"schema":{"@context":"https:\/\/schema.org","@graph":[{"@type":"WebPage","@id":"https:\/\/twind.io\/de\/uber-uns\/","url":"https:\/\/twind.io\/de\/uber-uns\/","name":"\u00dcber uns","isPartOf":{"@id":"https:\/\/twind.io\/de\/#website"},"primaryImageOfPage":{"@id":"https:\/\/twind.io\/de\/uber-uns\/#primaryimage"},"image":{"@id":"https:\/\/twind.io\/de\/uber-uns\/#primaryimage"},"thumbnailUrl":"https:\/\/twind.io\/de\/wp-content\/uploads\/2023\/05\/History-1.svg","datePublished":"2023-05-02T06:39:03+00:00","dateModified":"2025-04-15T09:16:29+00:00","breadcrumb":{"@id":"https:\/\/twind.io\/de\/uber-uns\/#breadcrumb"},"inLanguage":"es","potentialAction":[{"@type":"ReadAction","target":["https:\/\/twind.io\/de\/uber-uns\/"]}]},{"@type":"ImageObject","inLanguage":"es","@id":"https:\/\/twind.io\/de\/uber-uns\/#primaryimage","url":"https:\/\/twind.io\/de\/wp-content\/uploads\/2023\/05\/History-1.svg","contentUrl":"https:\/\/twind.io\/de\/wp-content\/uploads\/2023\/05\/History-1.svg"},{"@type":"BreadcrumbList","@id":"https:\/\/twind.io\/de\/uber-uns\/#breadcrumb","itemListElement":[{"@type":"ListItem","position":1,"name":"Portada","item":"https:\/\/twind.io\/de\/"},{"@type":"ListItem","position":2,"name":"\u00dcber uns"}]},{"@type":"WebSite","@id":"https:\/\/twind.io\/de\/#website","url":"https:\/\/twind.io\/de\/","name":"Twind \u2013 Lieferanten- und Dienstleister-Management-Software","description":"Die Auftragnehmerverwaltungssoftware von Twind optimiert Ihre Abl\u00e4ufe und verbessert die Effizienz. Erfahren Sie mehr \u00fcber die Vorteile, die es Ihrem Unternehmen bringen kann","publisher":{"@id":"https:\/\/twind.io\/de\/#organization"},"potentialAction":[{"@type":"SearchAction","target":{"@type":"EntryPoint","urlTemplate":"https:\/\/twind.io\/de\/?s={search_term_string}"},"query-input":{"@type":"PropertyValueSpecification","valueRequired":true,"valueName":"search_term_string"}}],"inLanguage":"es"},{"@type":"Organization","@id":"https:\/\/twind.io\/de\/#organization","name":"Twind \u2013 Lieferanten- und Dienstleister-Management-Software","url":"https:\/\/twind.io\/de\/","logo":{"@type":"ImageObject","inLanguage":"es","@id":"https:\/\/twind.io\/de\/#\/schema\/logo\/image\/","url":"https:\/\/twind.io\/wp-content\/uploads\/2023\/04\/Logo-Twind.svg","contentUrl":"https:\/\/twind.io\/wp-content\/uploads\/2023\/04\/Logo-Twind.svg","width":1,"height":1,"caption":"Twind \u2013 Lieferanten- und Dienstleister-Management-Software"},"image":{"@id":"https:\/\/twind.io\/de\/#\/schema\/logo\/image\/"}}]}},"_links":{"self":[{"href":"https:\/\/twind.io\/de\/wp-json\/wp\/v2\/pages\/554","targetHints":{"allow":["GET"]}}],"collection":[{"href":"https:\/\/twind.io\/de\/wp-json\/wp\/v2\/pages"}],"about":[{"href":"https:\/\/twind.io\/de\/wp-json\/wp\/v2\/types\/page"}],"author":[{"embeddable":true,"href":"https:\/\/twind.io\/de\/wp-json\/wp\/v2\/users\/1"}],"replies":[{"embeddable":true,"href":"https:\/\/twind.io\/de\/wp-json\/wp\/v2\/comments?post=554"}],"version-history":[{"count":34,"href":"https:\/\/twind.io\/de\/wp-json\/wp\/v2\/pages\/554\/revisions"}],"predecessor-version":[{"id":832,"href":"https:\/\/twind.io\/de\/wp-json\/wp\/v2\/pages\/554\/revisions\/832"}],"wp:featuredmedia":[{"embeddable":true,"href":"https:\/\/twind.io\/de\/wp-json\/wp\/v2\/media\/578"}],"wp:attachment":[{"href":"https:\/\/twind.io\/de\/wp-json\/wp\/v2\/media?parent=554"}],"curies":[{"name":"wp","href":"https:\/\/api.w.org\/{rel}","templated":true}]}}