{"id":1854,"date":"2024-04-10T07:10:20","date_gmt":"2024-04-10T07:10:20","guid":{"rendered":"https:\/\/twind.io\/es\/?page_id=1854"},"modified":"2026-03-12T09:46:14","modified_gmt":"2026-03-12T09:46:14","slug":"control-de-accesos","status":"publish","type":"page","link":"https:\/\/twind.io\/es\/control-de-accesos\/","title":{"rendered":"Control de accesos"},"content":{"rendered":"<h1 style=\"text-align: center;\"><span data-ccp-parastyle=\"heading 3\">Control de accesos<\/span><\/h1>\n<h2 style=\"text-align: center;\">Garantiza el a<span data-contrast=\"auto\" lang=\"ES-ES\">cceso solo a aquellos que cumplen con tus est\u00e1ndares y con la normativa aplicable<\/span><span data-ccp-props=\"{&quot;201341983&quot;:0,&quot;335559739&quot;:160,&quot;335559740&quot;:259}\">&nbsp;<\/span><\/h2>\n<p style=\"text-align: center;\">Nuestro m\u00f3dulo de Control de Accesos te permite <span data-contrast=\"auto\" lang=\"ES-ES\">saber en todo momento qu\u00e9 personas externas tienes en tus centros de trabajo y garantizar que cumplen con la normativa<\/span><span data-contrast=\"auto\" lang=\"ES-ES\">; esto da una gran tranquilidad en el caso de que sea necesaria una evacuaci\u00f3n.<\/span><\/p>\n<h2><span data-contrast=\"none\" lang=\"ES-ES\"><span data-ccp-parastyle=\"heading 3\">M\u00f3dulo de Control de Accesos<\/span><\/span><\/h2>\n<p style=\"\">Twind facilita la localizaci\u00f3n de empleados, equipos de trabajo o veh\u00edculos externos, permitiendo verificar si se encuentran autorizados o rechazados, al tiempo que proporciona informaci\u00f3n sobre el motivo de incumplimiento que impide el acceso.<\/p>\n<ul>\n<li><strong>B<span data-contrast=\"auto\" lang=\"ES-ES\">\u00fasqueda sencilla<\/span><\/strong><span data-contrast=\"auto\" lang=\"ES-ES\"><strong>&nbsp;de trabajadores:<\/strong>&nbsp;Agiliza el proceso de entrada con solo unos clics para aquellos que cumplen con los requisitos.\u202f<\/span><span data-ccp-props=\"{&quot;201341983&quot;:0,&quot;335559739&quot;:160,&quot;335559740&quot;:259}\">&nbsp;<\/span><\/li>\n<li><strong>F\u00e1cil registro de entradas y salidas:&nbsp;<\/strong><span data-contrast=\"auto\" lang=\"ES-ES\">Con un clic se realiza el \u00abcheck-in\u00bb y Twind&nbsp;<\/span><span data-contrast=\"auto\" lang=\"ES-ES\">registra la presencia de la persona<\/span><span data-contrast=\"auto\" lang=\"ES-ES\">&nbsp;en el centro correspondiente.<\/span><\/li>\n<li><strong><span data-contrast=\"auto\" lang=\"ES-ES\">Custodia y trazabilidad<\/span><span data-contrast=\"auto\" lang=\"ES-ES\">&nbsp;del registro:&nbsp;<\/span><\/strong><span data-contrast=\"auto\" lang=\"ES-ES\">G<\/span><span data-contrast=\"auto\" lang=\"ES-ES\"><span data-contrast=\"auto\" lang=\"ES-ES\">racias a los<\/span><span data-contrast=\"auto\" lang=\"ES-ES\">&nbsp;informes&nbsp;<\/span><span data-contrast=\"auto\" lang=\"ES-ES\">disponibles, podr\u00e1s consultar los trabajadores que han accedido a tus centros y el tiempo que han permanecido en ellos.<\/span><\/span><\/li>\n<\/ul>\n<p><span><img decoding=\"async\" alt=\"M\u00f3dulo de Control de Accesos\" data-id=\"1704\" width=\"620\" data-init-width=\"1205\" height=\"578\" data-init-height=\"1124\" title=\"M\u00f3dulo de Control de Accesos\" src=\"https:\/\/twind.io\/es\/wp-content\/uploads\/2024\/04\/modulo-control-de-accesos.png\" data-width=\"620\" data-height=\"578\" style=\"aspect-ratio: auto 1205 \/ 1124;\" loading=\"lazy\"><\/span><span><img decoding=\"async\" alt=\"Gesti\u00f3n visitas\" data-id=\"1708\" width=\"620\" data-init-width=\"1274\" height=\"559\" data-init-height=\"1149\" title=\"Gesti\u00f3n visitas\" src=\"https:\/\/twind.io\/es\/wp-content\/uploads\/2024\/04\/gestion-visitas.png\" data-width=\"620\" data-height=\"559\" style=\"aspect-ratio: auto 1274 \/ 1149;\" loading=\"lazy\"><\/span><\/p>\n<h2><span data-contrast=\"none\" lang=\"ES-ES\"><span data-ccp-parastyle=\"heading 3\">Gesti\u00f3n de Visitas\u202f<\/span><\/span><span data-ccp-props=\"{&quot;134245418&quot;:true,&quot;134245529&quot;:true,&quot;201341983&quot;:0,&quot;335559738&quot;:160,&quot;335559739&quot;:80,&quot;335559740&quot;:259}\">&nbsp;<\/span><\/h2>\n<p style=\"\"><span data-contrast=\"auto\" lang=\"ES-ES\">Twind te permite mantener un control eficiente y seguro sobre las visitas en tus instalaciones. El apartado Visitas ofrece una experiencia sin complicaciones y una gesti\u00f3n transparente en todo momento. \u202f<\/span><span data-ccp-props=\"{&quot;201341983&quot;:0,&quot;335559739&quot;:160,&quot;335559740&quot;:259}\">&nbsp;<\/span><\/p>\n<ul>\n<li><strong><span data-contrast=\"auto\" lang=\"ES-ES\">Control en Tiempo Real:&nbsp;<\/span><\/strong><span data-contrast=\"auto\" lang=\"ES-ES\">Mant\u00e9n un seguimiento en tiempo real de todas las visitas en tus centros de trabajo. Identifica y monitorea a los visitantes de manera instant\u00e1nea.\u202f<\/span><span data-ccp-props=\"{&quot;201341983&quot;:0,&quot;335559739&quot;:160,&quot;335559740&quot;:259}\">&nbsp;<\/span><\/li>\n<li><span data-contrast=\"auto\" lang=\"ES-ES\"><strong>Personalizaci\u00f3n y Flexibilidad:<\/strong>&nbsp;Personaliza la visualizaci\u00f3n de la tabla de visitas seg\u00fan tus preferencias, a\u00f1adiendo o quitando columnas de informaci\u00f3n para una gesti\u00f3n m\u00e1s eficiente.<\/span><\/li>\n<li><span data-contrast=\"auto\" lang=\"ES-ES\"><span data-contrast=\"auto\" lang=\"ES-ES\"><strong>Generaci\u00f3n de Informes:<\/strong>&nbsp;Descarga informes detallados en formato Excel, con filtros personalizados por fechas y centros.<\/span><\/span><\/li>\n<\/ul>\n<h2 style=\"text-align: center;\"><span style=\"--tcb-applied-color: rgb(106, 107, 108)  !important; color: rgb(33, 37, 41);\"><\/span><span>Ventajas del m\u00f3dulo de&nbsp;<\/span><span>control de accesos<\/span><\/h2>\n<p style=\"text-align: center;\"><span data-contrast=\"auto\" lang=\"ES-ES\">Nuestro <strong>control de acceso<\/strong>&nbsp;permite comprobar la informaci\u00f3n de su trabajador&nbsp;<\/span><span data-contrast=\"auto\" lang=\"ES-ES\"><strong>incluso sin estar conectado a internet (modo offline)<\/strong>.<\/span><span data-contrast=\"auto\" lang=\"ES-ES\">&nbsp;Esto es posible gracias a Twind, que obtiene peri\u00f3dicamente de nuestros servidores informaci\u00f3n y la guarda en su memoria. Esto permite a la&nbsp;<strong>APP de Control de Accesos de Twind<\/strong>, verificar la informaci\u00f3n de los trabajadores externos incluso cuando no hay conexi\u00f3n a internet.\u202f<\/span><span data-ccp-props=\"{&quot;201341983&quot;:0,&quot;335559739&quot;:160,&quot;335559740&quot;:259}\">&nbsp;<\/span><\/p>\n<p style=\"text-align: center;\">\n<p style=\"text-align: center;\"><span data-ccp-props=\"{&quot;201341983&quot;:0,&quot;335559739&quot;:160,&quot;335559740&quot;:259}\"><span data-contrast=\"auto\" lang=\"ES-ES\">Twind&nbsp;<strong>se integra mediante nuestra API con cualquier sistema de control de accesos f\u00edsicos<\/strong>&nbsp;(tornos, lectores de huella o tarjetas\u2026) para vincular el acceso (permitido o rechazado) con el estado de la documentaci\u00f3n de los empleados, veh\u00edculos y maquinaria de los proveedores en Twind.\u202f\u202f\u202f\u202f<\/span><span data-ccp-props=\"{&quot;201341983&quot;:0,&quot;335559739&quot;:160,&quot;335559740&quot;:259}\">&nbsp;<\/span><\/span><\/p>\n<p style=\"text-align: center;\"><strong><span data-contrast=\"auto\" lang=\"ES-ES\"><strong><span data-contrast=\"auto\" lang=\"ES-ES\">Automatizaci\u00f3n eficiente<\/span><\/strong><\/span><\/strong><\/p>\n<p style=\"text-align: left;\"><span data-contrast=\"auto\" lang=\"ES-ES\">Simplifica y agiliza el acceso seguro a tus centros de trabajo de visitantes y contratistas, reduciendo significativamente el tiempo administrativo y el riesgo de errores humanos.\u202f<\/span><\/p>\n<p style=\"text-align: left;\">\n<p style=\"text-align: center;\"><strong><span data-contrast=\"auto\" lang=\"ES-ES\"><strong><span data-contrast=\"auto\" lang=\"ES-ES\">Modo offline<\/span><\/strong><\/span><\/strong><\/p>\n<p>L<span data-contrast=\"auto\" lang=\"ES-ES\">a APP de Twind est\u00e1 dise\u00f1ada para funcionar incluso sin conexi\u00f3n a internet, garantizando as\u00ed su disponibilidad en todo momento, incluso en \u00e1reas con poca cobertura. Esto permite que el control de accesos y la gesti\u00f3n de contratistas contin\u00faen sin interrupciones, brindando tranquilidad en cualquier situaci\u00f3n.\u202f<\/span><span data-ccp-props=\"{&quot;201341983&quot;:0,&quot;335559739&quot;:160,&quot;335559740&quot;:259}\">&nbsp;<\/span><\/p>\n<p style=\"text-align: center;\"><strong><span data-contrast=\"auto\" lang=\"ES-ES\"><strong><span data-contrast=\"auto\" lang=\"ES-ES\">Facilidad de uso<\/span><\/strong><\/span><\/strong><\/p>\n<p style=\"text-align: left;\"><span data-contrast=\"auto\" lang=\"ES-ES\"><span data-contrast=\"auto\" lang=\"ES-ES\">Twind es una plataforma muy intuitiva y f\u00e1cil de usar tanto para visitantes, contratistas como para el personal de tu organizaci\u00f3n, lo que promueve la adopci\u00f3n y proporciona un control de Contratistas sin problemas.\u202f<\/span><span data-ccp-props=\"{&quot;201341983&quot;:0,&quot;335559739&quot;:160,&quot;335559740&quot;:259}\">&nbsp;<\/span><\/span><\/p>\n<p style=\"text-align: left;\"><span data-contrast=\"auto\" lang=\"ES-ES\"><\/span><\/p>\n<p style=\"text-align: center;\"><strong><span data-contrast=\"auto\" lang=\"ES-ES\"><strong><span data-contrast=\"auto\" lang=\"ES-ES\">Cumplimiento simplificado<\/span><\/strong><\/span><\/strong><\/p>\n<p style=\"text-align: left;\"><span data-contrast=\"auto\" lang=\"ES-ES\"><span data-contrast=\"auto\" lang=\"ES-ES\">Ayuda a cumplir con los est\u00e1ndares regulatorios mediante la automatizaci\u00f3n de procesos y la generaci\u00f3n de informes detallados, lo que garantiza una gesti\u00f3n eficiente y transparente del cumplimiento normativo.\u202f<\/span><span data-ccp-props=\"{&quot;201341983&quot;:0,&quot;335559739&quot;:160,&quot;335559740&quot;:259}\">&nbsp;<\/span><\/span><\/p>\n<p style=\"text-align: center;\"><strong><span data-contrast=\"auto\" lang=\"ES-ES\"><strong><span data-contrast=\"auto\" lang=\"ES-ES\">A<span data-contrast=\"auto\" lang=\"ES-ES\">visos Sistem\u00e1ticos<\/span><\/span><\/strong><\/span><\/strong><\/p>\n<p style=\"text-align: left;\"><span data-ccp-props=\"{&quot;201341983&quot;:0,&quot;335559739&quot;:160,&quot;335559740&quot;:259}\"><span data-contrast=\"auto\" lang=\"ES-ES\"><span data-contrast=\"auto\" lang=\"ES-ES\">Implementa un sistema de avisos para garantizar que tus contratistas han anexado la documentaci\u00f3n solicitada y est\u00e1 correctamente validada, para evitar accesos rechazados paros, y demoras operativas.\u202f\u202f<\/span><span data-ccp-props=\"{&quot;201341983&quot;:0,&quot;335559739&quot;:160,&quot;335559740&quot;:259}\">&nbsp;<\/span><\/span><\/span><\/p>\n<p style=\"text-align: left;\">\n<p style=\"text-align: center;\"><strong><span data-contrast=\"auto\" lang=\"ES-ES\"><strong><span data-contrast=\"auto\" lang=\"ES-ES\">Confidencialidad Garantizada<\/span><\/strong><\/span><\/strong><\/p>\n<p style=\"text-align: left;\"><span data-contrast=\"auto\" lang=\"ES-ES\"><span data-contrast=\"auto\" lang=\"ES-ES\">Asegura la confidencialidad de la informaci\u00f3n tratada, protegiendo datos sensibles y cumpliendo con est\u00e1ndares de privacidad y seguridad inform\u00e1tica.\u202f\u202f<\/span><span data-ccp-props=\"{&quot;201341983&quot;:0,&quot;335559739&quot;:160,&quot;335559740&quot;:259}\">&nbsp;<\/span><\/span><\/p>\n<p style=\"text-align: left;\"><span data-contrast=\"auto\" lang=\"ES-ES\"><\/span><\/p>\n<h2 style=\"text-align: center;\"><span style=\"--tcb-applied-color: rgb(26, 48, 55) !important; color: rgb(26, 48, 55) !important;\">Descubre el<\/span> m\u00f3dulo de Control de Accesos<\/h2>\n<p style=\"text-align: center;\"><strong><\/strong><strong>Rellena el formulario<\/strong> para recibir m\u00e1s informaci\u00f3n&nbsp;<\/p>\n\n\t\t\t\t\t\t<script>\n\t\t\t\t\t\t\twindow.hsFormsOnReady = window.hsFormsOnReady || [];\n\t\t\t\t\t\t\twindow.hsFormsOnReady.push(()=>{\n\t\t\t\t\t\t\t\thbspt.forms.create({\n\t\t\t\t\t\t\t\t\tportalId: 146424663,\n\t\t\t\t\t\t\t\t\tformId: \"ff1caae1-1822-4204-9180-178e4dff625b\",\n\t\t\t\t\t\t\t\t\ttarget: \"#hbspt-form-1775250061000-1107733201\",\n\t\t\t\t\t\t\t\t\tregion: \"eu1\",\n\t\t\t\t\t\t\t\t\t\n\t\t\t\t\t\t\t})});\n\t\t\t\t\t\t<\/script>\n\t\t\t\t\t\t<div class=\"hbspt-form\" id=\"hbspt-form-1775250061000-1107733201\"><\/div>\n","protected":false},"excerpt":{"rendered":"<p>Control de accesos Garantiza el acceso solo a aquellos que cumplen con tus est\u00e1ndares y con la normativa aplicable&nbsp; Nuestro m\u00f3dulo de Control de Accesos te permite saber en todo momento qu\u00e9 personas externas tienes en tus centros de trabajo y garantizar que cumplen con la normativa; esto da una gran tranquilidad en el caso [&hellip;]<\/p>\n","protected":false},"author":1,"featured_media":0,"parent":0,"menu_order":0,"comment_status":"closed","ping_status":"closed","template":"","meta":{"content-type":"","footnotes":""},"class_list":["post-1854","page","type-page","status-publish","hentry","post-wrapper","thrv_wrapper"],"yoast_head":"<!-- This site is optimized with the Yoast SEO plugin v27.3 - https:\/\/yoast.com\/product\/yoast-seo-wordpress\/ -->\n<title>Control de accesos - Twind<\/title>\n<meta name=\"description\" content=\"Garantiza el acceso solo a aquellos trabajadores que cumplen con tus est\u00e1ndares y con la normativa aplicable\" \/>\n<meta name=\"robots\" content=\"index, follow, max-snippet:-1, max-image-preview:large, max-video-preview:-1\" \/>\n<link rel=\"canonical\" href=\"https:\/\/twind.io\/es\/control-de-accesos\/\" \/>\n<meta property=\"og:locale\" content=\"es_ES\" \/>\n<meta property=\"og:type\" content=\"article\" \/>\n<meta property=\"og:title\" content=\"Control de accesos - Twind\" \/>\n<meta property=\"og:description\" content=\"Garantiza el acceso solo a aquellos trabajadores que cumplen con tus est\u00e1ndares y con la normativa aplicable\" \/>\n<meta property=\"og:url\" content=\"https:\/\/twind.io\/es\/control-de-accesos\/\" \/>\n<meta property=\"og:site_name\" content=\"Twind - Plataforma de Coordinaci\u00f3n de Actividades Empresariales\" \/>\n<meta property=\"article:modified_time\" content=\"2026-03-12T09:46:14+00:00\" \/>\n<meta property=\"og:image\" content=\"https:\/\/twind.io\/es\/wp-content\/uploads\/2024\/04\/modulo-control-de-accesos.png\" \/>\n<meta name=\"twitter:card\" content=\"summary_large_image\" \/>\n<meta name=\"twitter:label1\" content=\"Tiempo de lectura\" \/>\n\t<meta name=\"twitter:data1\" content=\"4 minutos\" \/>\n<script type=\"application\/ld+json\" class=\"yoast-schema-graph\">{\"@context\":\"https:\\\/\\\/schema.org\",\"@graph\":[{\"@type\":\"WebPage\",\"@id\":\"https:\\\/\\\/twind.io\\\/es\\\/control-de-accesos\\\/\",\"url\":\"https:\\\/\\\/twind.io\\\/es\\\/control-de-accesos\\\/\",\"name\":\"Control de accesos - Twind\",\"isPartOf\":{\"@id\":\"https:\\\/\\\/twind.io\\\/es\\\/#website\"},\"primaryImageOfPage\":{\"@id\":\"https:\\\/\\\/twind.io\\\/es\\\/control-de-accesos\\\/#primaryimage\"},\"image\":{\"@id\":\"https:\\\/\\\/twind.io\\\/es\\\/control-de-accesos\\\/#primaryimage\"},\"thumbnailUrl\":\"https:\\\/\\\/twind.io\\\/es\\\/wp-content\\\/uploads\\\/2024\\\/04\\\/modulo-control-de-accesos.png\",\"datePublished\":\"2024-04-10T07:10:20+00:00\",\"dateModified\":\"2026-03-12T09:46:14+00:00\",\"description\":\"Garantiza el acceso solo a aquellos trabajadores que cumplen con tus est\u00e1ndares y con la normativa aplicable\",\"breadcrumb\":{\"@id\":\"https:\\\/\\\/twind.io\\\/es\\\/control-de-accesos\\\/#breadcrumb\"},\"inLanguage\":\"es\",\"potentialAction\":[{\"@type\":\"ReadAction\",\"target\":[\"https:\\\/\\\/twind.io\\\/es\\\/control-de-accesos\\\/\"]}]},{\"@type\":\"ImageObject\",\"inLanguage\":\"es\",\"@id\":\"https:\\\/\\\/twind.io\\\/es\\\/control-de-accesos\\\/#primaryimage\",\"url\":\"https:\\\/\\\/twind.io\\\/es\\\/wp-content\\\/uploads\\\/2024\\\/04\\\/modulo-control-de-accesos.png\",\"contentUrl\":\"https:\\\/\\\/twind.io\\\/es\\\/wp-content\\\/uploads\\\/2024\\\/04\\\/modulo-control-de-accesos.png\",\"width\":1205,\"height\":1124},{\"@type\":\"BreadcrumbList\",\"@id\":\"https:\\\/\\\/twind.io\\\/es\\\/control-de-accesos\\\/#breadcrumb\",\"itemListElement\":[{\"@type\":\"ListItem\",\"position\":1,\"name\":\"Portada\",\"item\":\"https:\\\/\\\/twind.io\\\/es\\\/\"},{\"@type\":\"ListItem\",\"position\":2,\"name\":\"Control de accesos\"}]},{\"@type\":\"WebSite\",\"@id\":\"https:\\\/\\\/twind.io\\\/es\\\/#website\",\"url\":\"https:\\\/\\\/twind.io\\\/es\\\/\",\"name\":\"Twind - Plataforma de Coordinaci\u00f3n de Actividades Empresariales\",\"description\":\"Coordina los procesos de gesti\u00f3n documental y control de contratistas y proveedores, respetando la normativa en materia de Seguridad y Salud en el Trabajo.\",\"potentialAction\":[{\"@type\":\"SearchAction\",\"target\":{\"@type\":\"EntryPoint\",\"urlTemplate\":\"https:\\\/\\\/twind.io\\\/es\\\/?s={search_term_string}\"},\"query-input\":{\"@type\":\"PropertyValueSpecification\",\"valueRequired\":true,\"valueName\":\"search_term_string\"}}],\"inLanguage\":\"es\"}]}<\/script>\n<!-- \/ Yoast SEO plugin. -->","yoast_head_json":{"title":"Control de accesos - Twind","description":"Garantiza el acceso solo a aquellos trabajadores que cumplen con tus est\u00e1ndares y con la normativa aplicable","robots":{"index":"index","follow":"follow","max-snippet":"max-snippet:-1","max-image-preview":"max-image-preview:large","max-video-preview":"max-video-preview:-1"},"canonical":"https:\/\/twind.io\/es\/control-de-accesos\/","og_locale":"es_ES","og_type":"article","og_title":"Control de accesos - Twind","og_description":"Garantiza el acceso solo a aquellos trabajadores que cumplen con tus est\u00e1ndares y con la normativa aplicable","og_url":"https:\/\/twind.io\/es\/control-de-accesos\/","og_site_name":"Twind - Plataforma de Coordinaci\u00f3n de Actividades Empresariales","article_modified_time":"2026-03-12T09:46:14+00:00","og_image":[{"url":"https:\/\/twind.io\/es\/wp-content\/uploads\/2024\/04\/modulo-control-de-accesos.png","type":"","width":"","height":""}],"twitter_card":"summary_large_image","twitter_misc":{"Tiempo de lectura":"4 minutos"},"schema":{"@context":"https:\/\/schema.org","@graph":[{"@type":"WebPage","@id":"https:\/\/twind.io\/es\/control-de-accesos\/","url":"https:\/\/twind.io\/es\/control-de-accesos\/","name":"Control de accesos - Twind","isPartOf":{"@id":"https:\/\/twind.io\/es\/#website"},"primaryImageOfPage":{"@id":"https:\/\/twind.io\/es\/control-de-accesos\/#primaryimage"},"image":{"@id":"https:\/\/twind.io\/es\/control-de-accesos\/#primaryimage"},"thumbnailUrl":"https:\/\/twind.io\/es\/wp-content\/uploads\/2024\/04\/modulo-control-de-accesos.png","datePublished":"2024-04-10T07:10:20+00:00","dateModified":"2026-03-12T09:46:14+00:00","description":"Garantiza el acceso solo a aquellos trabajadores que cumplen con tus est\u00e1ndares y con la normativa aplicable","breadcrumb":{"@id":"https:\/\/twind.io\/es\/control-de-accesos\/#breadcrumb"},"inLanguage":"es","potentialAction":[{"@type":"ReadAction","target":["https:\/\/twind.io\/es\/control-de-accesos\/"]}]},{"@type":"ImageObject","inLanguage":"es","@id":"https:\/\/twind.io\/es\/control-de-accesos\/#primaryimage","url":"https:\/\/twind.io\/es\/wp-content\/uploads\/2024\/04\/modulo-control-de-accesos.png","contentUrl":"https:\/\/twind.io\/es\/wp-content\/uploads\/2024\/04\/modulo-control-de-accesos.png","width":1205,"height":1124},{"@type":"BreadcrumbList","@id":"https:\/\/twind.io\/es\/control-de-accesos\/#breadcrumb","itemListElement":[{"@type":"ListItem","position":1,"name":"Portada","item":"https:\/\/twind.io\/es\/"},{"@type":"ListItem","position":2,"name":"Control de accesos"}]},{"@type":"WebSite","@id":"https:\/\/twind.io\/es\/#website","url":"https:\/\/twind.io\/es\/","name":"Twind - Plataforma de Coordinaci\u00f3n de Actividades Empresariales","description":"Coordina los procesos de gesti\u00f3n documental y control de contratistas y proveedores, respetando la normativa en materia de Seguridad y Salud en el Trabajo.","potentialAction":[{"@type":"SearchAction","target":{"@type":"EntryPoint","urlTemplate":"https:\/\/twind.io\/es\/?s={search_term_string}"},"query-input":{"@type":"PropertyValueSpecification","valueRequired":true,"valueName":"search_term_string"}}],"inLanguage":"es"}]}},"_links":{"self":[{"href":"https:\/\/twind.io\/es\/wp-json\/wp\/v2\/pages\/1854","targetHints":{"allow":["GET"]}}],"collection":[{"href":"https:\/\/twind.io\/es\/wp-json\/wp\/v2\/pages"}],"about":[{"href":"https:\/\/twind.io\/es\/wp-json\/wp\/v2\/types\/page"}],"author":[{"embeddable":true,"href":"https:\/\/twind.io\/es\/wp-json\/wp\/v2\/users\/1"}],"replies":[{"embeddable":true,"href":"https:\/\/twind.io\/es\/wp-json\/wp\/v2\/comments?post=1854"}],"version-history":[{"count":41,"href":"https:\/\/twind.io\/es\/wp-json\/wp\/v2\/pages\/1854\/revisions"}],"predecessor-version":[{"id":38337,"href":"https:\/\/twind.io\/es\/wp-json\/wp\/v2\/pages\/1854\/revisions\/38337"}],"wp:attachment":[{"href":"https:\/\/twind.io\/es\/wp-json\/wp\/v2\/media?parent=1854"}],"curies":[{"name":"wp","href":"https:\/\/api.w.org\/{rel}","templated":true}]}}