{"id":2911,"date":"2025-02-12T14:31:30","date_gmt":"2025-02-12T14:31:30","guid":{"rendered":"https:\/\/twind.io\/es\/?page_id=2911"},"modified":"2026-01-07T15:05:35","modified_gmt":"2026-01-07T15:05:35","slug":"preguntas-actualizacion-twind","status":"publish","type":"page","link":"https:\/\/twind.io\/es\/preguntas-actualizacion-twind\/","title":{"rendered":"FAQs &#8211; Actualizaci\u00f3n a Twind"},"content":{"rendered":"<h1 style=\"text-align: center;\"><span>Lleg\u00f3 <\/span><span>Twind<\/span><span>: La plataforma CAE <\/span><span>que&nbsp;<\/span><span>hace&nbsp;<\/span><span>f\u00e1cil&nbsp;<\/span><span>la gesti\u00f3n de contratistas<\/span><\/h1>\n<p style=\"text-align: center;\"><span style=\"\"><span style=\"\">CTAIMACAE y e-coordina evolucionamos, y t\u00fa eres parte de este cambio.&nbsp;<\/span><\/span><span style=\"\"><span style=\"\">Te damos la bienvenida a Twind, la primera plataforma CAE de nueva generaci\u00f3n en Espa\u00f1a, dise\u00f1ada para ofrecerte una gesti\u00f3n documental m\u00e1s \u00e1gil, intuitiva y sin complicaciones.<\/span><\/span><\/p>\n<h1 style=\"text-align: left;\">Un salto a la <span style=\"--tcb-applied-color: var$(--tcb-color-4) !important; color: var(--tcb-color-4) !important;\">tecnolog\u00eda del futuro<\/span><\/h1>\n<p style=\"\"><strong>Con Twind, la gesti\u00f3n de la CAE y la seguridad laboral alcanza un nuevo nivel. <\/strong>Como cliente de CTAIMACAE o e-Coordina, ser\u00e1s de los primeros en operar en Twind y experimentar de primera mano la plataforma m\u00e1s avanzada y f\u00e1cil de usar del mercado.<\/p>\n<p style=\"\"><strong>Twind no es solo una evoluci\u00f3n<\/strong>: es el resultado de m\u00e1s de 20 a\u00f1os de experiencia, innovaci\u00f3n y el feedback de miles de usuarios, combinado con la \u00faltima tecnolog\u00eda para transformar la coordinaci\u00f3n de actividades empresariales y marcar un antes y un despu\u00e9s en el sector.<\/p>\n<p><span><img decoding=\"async\" alt=\"\" data-id=\"3138\" width=\"652\" data-init-width=\"1157\" height=\"491\" data-init-height=\"872\" title=\"mockup plataforma\" loading=\"lazy\" src=\"https:\/\/twind.io\/es\/wp-content\/uploads\/2025\/03\/mockup-plataforma.png\" data-width=\"652\" data-height=\"491\" style=\"aspect-ratio: auto 1157 \/ 872;\"><\/span><\/p>\n<h1 style=\"text-align: center;\">Con <span style=\"--tcb-applied-color: var$(--tcb-color-4) !important; color: var(--tcb-color-4) !important;\">Twind<\/span>, est\u00e1s en las mejores manos<\/h1>\n<p style=\"text-align: center;\">Sabemos que los cambios pueden parecer dif\u00edciles, pero te acompa\u00f1aremos en todo el proceso. <strong>La actualizaci\u00f3n a Twind te dar\u00e1 acceso a una plataforma m\u00e1s \u00e1gil, precisa y eficiente.<\/strong> Si ya eres cliente de CTAIMACAE o e-coordina, ahora disfrutar\u00e1s de una gesti\u00f3n optimizada que transforma la forma en que trabajas.<strong><\/strong><\/p>\n<h1 style=\"text-align: left;\">Descubre<span style=\"--tcb-applied-color: var$(--tcb-color-4) !important; color: var(--tcb-color-4) !important;\"><\/span><\/h1>\n<h1 style=\"text-align: left;\"><span style=\"--tcb-applied-color: var$(--tcb-color-4) !important; color: var(--tcb-color-4) !important;\">las ventajas<\/span><\/h1>\n<p style=\"\"><strong><span style=\"--tcb-applied-color: var$(--tcb-color-4) !important; color: var(--tcb-color-4) !important;\"><img decoding=\"async\" role=\"img\" alt=\"\u2714\" src=\"https:\/\/s.w.org\/images\/core\/emoji\/17.0.2\/svg\/2714.svg\"><\/span> Mayor productividad<\/strong> en la administraci\u00f3n de la cadena de subcontrataci\u00f3n.<\/p>\n<p style=\"\"><strong><span style=\"--tcb-applied-color: var$(--tcb-color-4) !important; color: var(--tcb-color-4) !important;\"><img decoding=\"async\" role=\"img\" alt=\"\u2714\" src=\"https:\/\/s.w.org\/images\/core\/emoji\/17.0.2\/svg\/2714.svg\"><\/span> Mayor control y comunicaci\u00f3n fluida<\/strong> en todo el ciclo de gesti\u00f3n de la CAE. Para que sepas en todo momento el estado de tus requerimientos.<\/p>\n<p style=\"\"><strong><span style=\"--tcb-applied-color: var$(--tcb-color-4) !important; color: var(--tcb-color-4) !important;\"><img decoding=\"async\" role=\"img\" alt=\"\u2714\" src=\"https:\/\/s.w.org\/images\/core\/emoji\/17.0.2\/svg\/2714.svg\"><\/span> Experiencia de usuario mejorada<\/strong>, tanto en web como en m\u00f3vil, facilitando la colaboraci\u00f3n y la conectividad.<\/p>\n<p style=\"\"><strong><span style=\"--tcb-applied-color: var$(--tcb-color-4) !important; color: var(--tcb-color-4) !important;\"><img decoding=\"async\" role=\"img\" alt=\"\u2714\" src=\"https:\/\/s.w.org\/images\/core\/emoji\/17.0.2\/svg\/2714.svg\"><\/span> Gesti\u00f3n de contratistas y seguridad proactiva<\/strong>, desde la firma del contrato hasta la finalizaci\u00f3n de los trabajos en tus instalaciones.&nbsp;<\/p>\n<h1 style=\"text-align: center;\">Todo listo para pasarte a&nbsp;<span style=\"--tcb-applied-color: var$(--tcb-color-4) !important; color: var(--tcb-color-4) !important;\">Twind<\/span><\/h1>\n<p style=\"text-align: center;\">Preguntas Frecuentes sobre la Actualizaci\u00f3n a Twind<\/p>\n<p style=\"text-align: center;\"><strong>Clientes<\/strong><\/p>\n<p style=\"text-align: center;\"><strong>Contratistas<\/strong><\/p>\n<p style=\"\"><span data-contrast=\"auto\" lang=\"ES-ES\"> <strong><span style=\"--tcb-applied-color: rgb(26, 48, 55) !important; color: rgb(26, 48, 55) !important;\">\u00bfQu\u00e9 pasa si mis contratistas tienen dudas o necesitan ayuda?<\/span><\/strong><\/span><\/p>\n<p style=\"\"><span style=\"color: rgb(26, 48, 55) !important;\"><span style=\"--tcb-applied-color: rgb(26, 48, 55) !important;\"><strong><\/strong><span data-contrast=\"auto\" lang=\"ES-ES\">Si t\u00fa o tus contratistas ten\u00e9is dudas, pod\u00e9is contactarnos en&nbsp;<\/span><\/span><\/span><span style=\"font-weight: normal;\"><span style=\"color: var(--tcb-color-4) !important; --tcb-applied-color: var$(--tcb-color-4) !important;\"><a href=\"\" data-shortcode-id=\"mail\" data-dynamic-link=\"thrive_global_fields_url\" data-custom-shortcode=\"\" target=\"_blank\" style=\"outline: none;\" data-lt-tmp-id=\"lt-22253\" spellcheck=\"false\"><span data-contrast=\"auto\" lang=\"ES-ES\">help@twind.io<\/span><\/a>.<\/span><\/span><span style=\"color: rgb(26, 48, 55) !important;\"><span style=\"--tcb-applied-color: rgb(26, 48, 55) !important;\"><span data-contrast=\"auto\" lang=\"ES-ES\"><\/span><\/span><\/span><\/p>\n<p style=\"\">\n<p style=\"\"><span style=\"color: rgb(26, 48, 55) !important;\"><span style=\"--tcb-applied-color: rgb(26, 48, 55) !important;\"><span data-contrast=\"auto\" lang=\"ES-ES\">Tambi\u00e9n pod\u00e9is encontrar m\u00e1s informaci\u00f3n<\/span><\/span><\/span><span style=\"color: rgb(26, 48, 55) !important;\"><span style=\"--tcb-applied-color: rgb(26, 48, 55) !important;\"><span data-contrast=\"auto\" lang=\"ES-ES\">sobre la plataforma Twind:&nbsp;<\/span><\/span><\/span><span style=\"color: var(--tcb-color-4) !important; --tcb-applied-color: var$(--tcb-color-4) !important;\"><a href=\"https:\/\/help.twind.io\/es\/\" target=\"_blank\" data-lt-tmp-id=\"lt-829524\" spellcheck=\"false\" style=\"outline: none;\"><span data-contrast=\"auto\" lang=\"ES-ES\">Acceso al Centro de Ayuda<\/span><\/a><\/span><span style=\"color: rgb(26, 48, 55) !important;\"><span style=\"--tcb-applied-color: rgb(26, 48, 55) !important;\"><span data-contrast=\"auto\" lang=\"ES-ES\"><\/span><\/span><\/span><\/p>\n<p><span><img decoding=\"async\" alt=\"\" data-id=\"252\" title=\"5-real-time\" loading=\"lazy\" src=\"https:\/\/twind.io\/es\/wp-content\/uploads\/2023\/04\/5-real-time.svg\" data-width=\"406\" data-height=\"308\" style=\"\" height=\"308\" width=\"406\"><\/span><\/p>\n","protected":false},"excerpt":{"rendered":"<p>Lleg\u00f3 Twind: La plataforma CAE que&nbsp;hace&nbsp;f\u00e1cil&nbsp;la gesti\u00f3n de contratistas CTAIMACAE y e-coordina evolucionamos, y t\u00fa eres parte de este cambio.&nbsp;Te damos la bienvenida a Twind, la primera plataforma CAE de nueva generaci\u00f3n en Espa\u00f1a, dise\u00f1ada para ofrecerte una gesti\u00f3n documental m\u00e1s \u00e1gil, intuitiva y sin complicaciones. Un salto a la tecnolog\u00eda del futuro Con Twind, [&hellip;]<\/p>\n","protected":false},"author":1,"featured_media":295,"parent":0,"menu_order":0,"comment_status":"closed","ping_status":"closed","template":"","meta":{"content-type":"","footnotes":""},"class_list":["post-2911","page","type-page","status-publish","has-post-thumbnail","hentry","post-wrapper","thrv_wrapper"],"yoast_head":"<!-- This site is optimized with the Yoast SEO plugin v27.3 - https:\/\/yoast.com\/product\/yoast-seo-wordpress\/ -->\n<title>FAQs - Actualizaci\u00f3n a Twind<\/title>\n<meta name=\"description\" content=\"Respondemos a tus preguntas sobre la actualizaci\u00f3n a Twind, la Plataforma de Coordinaci\u00f3n de Actividades Empresariales\" \/>\n<meta name=\"robots\" content=\"noindex, nofollow\" \/>\n<meta property=\"og:locale\" content=\"es_ES\" \/>\n<meta property=\"og:type\" content=\"article\" \/>\n<meta property=\"og:title\" content=\"FAQs - Actualizaci\u00f3n a Twind\" \/>\n<meta property=\"og:description\" content=\"Respondemos a tus preguntas sobre la actualizaci\u00f3n a Twind, la Plataforma de Coordinaci\u00f3n de Actividades Empresariales\" \/>\n<meta property=\"og:url\" content=\"https:\/\/twind.io\/es\/preguntas-actualizacion-twind\/\" \/>\n<meta property=\"og:site_name\" content=\"Twind - Plataforma de Coordinaci\u00f3n de Actividades Empresariales\" \/>\n<meta property=\"article:modified_time\" content=\"2026-01-07T15:05:35+00:00\" \/>\n<meta name=\"twitter:card\" content=\"summary_large_image\" \/>\n<meta name=\"twitter:label1\" content=\"Tiempo de lectura\" \/>\n\t<meta name=\"twitter:data1\" content=\"7 minutos\" \/>\n<script type=\"application\/ld+json\" class=\"yoast-schema-graph\">{\"@context\":\"https:\\\/\\\/schema.org\",\"@graph\":[{\"@type\":\"WebPage\",\"@id\":\"https:\\\/\\\/twind.io\\\/es\\\/preguntas-actualizacion-twind\\\/\",\"url\":\"https:\\\/\\\/twind.io\\\/es\\\/preguntas-actualizacion-twind\\\/\",\"name\":\"FAQs - Actualizaci\u00f3n a Twind\",\"isPartOf\":{\"@id\":\"https:\\\/\\\/twind.io\\\/es\\\/#website\"},\"primaryImageOfPage\":{\"@id\":\"https:\\\/\\\/twind.io\\\/es\\\/preguntas-actualizacion-twind\\\/#primaryimage\"},\"image\":{\"@id\":\"https:\\\/\\\/twind.io\\\/es\\\/preguntas-actualizacion-twind\\\/#primaryimage\"},\"thumbnailUrl\":\"https:\\\/\\\/twind.io\\\/es\\\/wp-content\\\/uploads\\\/2023\\\/04\\\/7-faqs.svg\",\"datePublished\":\"2025-02-12T14:31:30+00:00\",\"dateModified\":\"2026-01-07T15:05:35+00:00\",\"description\":\"Respondemos a tus preguntas sobre la actualizaci\u00f3n a Twind, la Plataforma de Coordinaci\u00f3n de Actividades Empresariales\",\"breadcrumb\":{\"@id\":\"https:\\\/\\\/twind.io\\\/es\\\/preguntas-actualizacion-twind\\\/#breadcrumb\"},\"inLanguage\":\"es\",\"potentialAction\":[{\"@type\":\"ReadAction\",\"target\":[\"https:\\\/\\\/twind.io\\\/es\\\/preguntas-actualizacion-twind\\\/\"]}]},{\"@type\":\"ImageObject\",\"inLanguage\":\"es\",\"@id\":\"https:\\\/\\\/twind.io\\\/es\\\/preguntas-actualizacion-twind\\\/#primaryimage\",\"url\":\"https:\\\/\\\/twind.io\\\/es\\\/wp-content\\\/uploads\\\/2023\\\/04\\\/7-faqs.svg\",\"contentUrl\":\"https:\\\/\\\/twind.io\\\/es\\\/wp-content\\\/uploads\\\/2023\\\/04\\\/7-faqs.svg\",\"caption\":\"FAQs\"},{\"@type\":\"BreadcrumbList\",\"@id\":\"https:\\\/\\\/twind.io\\\/es\\\/preguntas-actualizacion-twind\\\/#breadcrumb\",\"itemListElement\":[{\"@type\":\"ListItem\",\"position\":1,\"name\":\"Portada\",\"item\":\"https:\\\/\\\/twind.io\\\/es\\\/\"},{\"@type\":\"ListItem\",\"position\":2,\"name\":\"FAQs &#8211; Actualizaci\u00f3n a Twind\"}]},{\"@type\":\"WebSite\",\"@id\":\"https:\\\/\\\/twind.io\\\/es\\\/#website\",\"url\":\"https:\\\/\\\/twind.io\\\/es\\\/\",\"name\":\"Twind - Plataforma de Coordinaci\u00f3n de Actividades Empresariales\",\"description\":\"Coordina los procesos de gesti\u00f3n documental y control de contratistas y proveedores, respetando la normativa en materia de Seguridad y Salud en el Trabajo.\",\"potentialAction\":[{\"@type\":\"SearchAction\",\"target\":{\"@type\":\"EntryPoint\",\"urlTemplate\":\"https:\\\/\\\/twind.io\\\/es\\\/?s={search_term_string}\"},\"query-input\":{\"@type\":\"PropertyValueSpecification\",\"valueRequired\":true,\"valueName\":\"search_term_string\"}}],\"inLanguage\":\"es\"}]}<\/script>\n<!-- \/ Yoast SEO plugin. -->","yoast_head_json":{"title":"FAQs - Actualizaci\u00f3n a Twind","description":"Respondemos a tus preguntas sobre la actualizaci\u00f3n a Twind, la Plataforma de Coordinaci\u00f3n de Actividades Empresariales","robots":{"index":"noindex","follow":"nofollow"},"og_locale":"es_ES","og_type":"article","og_title":"FAQs - Actualizaci\u00f3n a Twind","og_description":"Respondemos a tus preguntas sobre la actualizaci\u00f3n a Twind, la Plataforma de Coordinaci\u00f3n de Actividades Empresariales","og_url":"https:\/\/twind.io\/es\/preguntas-actualizacion-twind\/","og_site_name":"Twind - Plataforma de Coordinaci\u00f3n de Actividades Empresariales","article_modified_time":"2026-01-07T15:05:35+00:00","twitter_card":"summary_large_image","twitter_misc":{"Tiempo de lectura":"7 minutos"},"schema":{"@context":"https:\/\/schema.org","@graph":[{"@type":"WebPage","@id":"https:\/\/twind.io\/es\/preguntas-actualizacion-twind\/","url":"https:\/\/twind.io\/es\/preguntas-actualizacion-twind\/","name":"FAQs - Actualizaci\u00f3n a Twind","isPartOf":{"@id":"https:\/\/twind.io\/es\/#website"},"primaryImageOfPage":{"@id":"https:\/\/twind.io\/es\/preguntas-actualizacion-twind\/#primaryimage"},"image":{"@id":"https:\/\/twind.io\/es\/preguntas-actualizacion-twind\/#primaryimage"},"thumbnailUrl":"https:\/\/twind.io\/es\/wp-content\/uploads\/2023\/04\/7-faqs.svg","datePublished":"2025-02-12T14:31:30+00:00","dateModified":"2026-01-07T15:05:35+00:00","description":"Respondemos a tus preguntas sobre la actualizaci\u00f3n a Twind, la Plataforma de Coordinaci\u00f3n de Actividades Empresariales","breadcrumb":{"@id":"https:\/\/twind.io\/es\/preguntas-actualizacion-twind\/#breadcrumb"},"inLanguage":"es","potentialAction":[{"@type":"ReadAction","target":["https:\/\/twind.io\/es\/preguntas-actualizacion-twind\/"]}]},{"@type":"ImageObject","inLanguage":"es","@id":"https:\/\/twind.io\/es\/preguntas-actualizacion-twind\/#primaryimage","url":"https:\/\/twind.io\/es\/wp-content\/uploads\/2023\/04\/7-faqs.svg","contentUrl":"https:\/\/twind.io\/es\/wp-content\/uploads\/2023\/04\/7-faqs.svg","caption":"FAQs"},{"@type":"BreadcrumbList","@id":"https:\/\/twind.io\/es\/preguntas-actualizacion-twind\/#breadcrumb","itemListElement":[{"@type":"ListItem","position":1,"name":"Portada","item":"https:\/\/twind.io\/es\/"},{"@type":"ListItem","position":2,"name":"FAQs &#8211; Actualizaci\u00f3n a Twind"}]},{"@type":"WebSite","@id":"https:\/\/twind.io\/es\/#website","url":"https:\/\/twind.io\/es\/","name":"Twind - Plataforma de Coordinaci\u00f3n de Actividades Empresariales","description":"Coordina los procesos de gesti\u00f3n documental y control de contratistas y proveedores, respetando la normativa en materia de Seguridad y Salud en el Trabajo.","potentialAction":[{"@type":"SearchAction","target":{"@type":"EntryPoint","urlTemplate":"https:\/\/twind.io\/es\/?s={search_term_string}"},"query-input":{"@type":"PropertyValueSpecification","valueRequired":true,"valueName":"search_term_string"}}],"inLanguage":"es"}]}},"_links":{"self":[{"href":"https:\/\/twind.io\/es\/wp-json\/wp\/v2\/pages\/2911","targetHints":{"allow":["GET"]}}],"collection":[{"href":"https:\/\/twind.io\/es\/wp-json\/wp\/v2\/pages"}],"about":[{"href":"https:\/\/twind.io\/es\/wp-json\/wp\/v2\/types\/page"}],"author":[{"embeddable":true,"href":"https:\/\/twind.io\/es\/wp-json\/wp\/v2\/users\/1"}],"replies":[{"embeddable":true,"href":"https:\/\/twind.io\/es\/wp-json\/wp\/v2\/comments?post=2911"}],"version-history":[{"count":59,"href":"https:\/\/twind.io\/es\/wp-json\/wp\/v2\/pages\/2911\/revisions"}],"predecessor-version":[{"id":37891,"href":"https:\/\/twind.io\/es\/wp-json\/wp\/v2\/pages\/2911\/revisions\/37891"}],"wp:featuredmedia":[{"embeddable":true,"href":"https:\/\/twind.io\/es\/wp-json\/wp\/v2\/media\/295"}],"wp:attachment":[{"href":"https:\/\/twind.io\/es\/wp-json\/wp\/v2\/media?parent=2911"}],"curies":[{"name":"wp","href":"https:\/\/api.w.org\/{rel}","templated":true}]}}