{"id":3053,"date":"2025-03-10T13:44:28","date_gmt":"2025-03-10T13:44:28","guid":{"rendered":"https:\/\/twind.io\/es\/?page_id=3053"},"modified":"2025-10-10T10:03:40","modified_gmt":"2025-10-10T10:03:40","slug":"ctaima-ecoordina-evolucionamos-a-twind","status":"publish","type":"page","link":"https:\/\/twind.io\/es\/ctaima-ecoordina-evolucionamos-a-twind\/","title":{"rendered":"Landing Difusi\u00f3n Twind"},"content":{"rendered":"<h1 style=\"text-align: center;\"><span>Lleg\u00f3 <\/span><span>Twind<\/span><span>: La plataforma CAE <\/span><span>que&nbsp;<\/span><span>hace&nbsp;<\/span><span>f\u00e1cil&nbsp;<\/span><span>la gesti\u00f3n de contratistas<\/span><\/h1>\n<p style=\"text-align: center;\"><span><span><strong>CTAIMACAE y e-coordina evolucionamos.<\/strong> Te presentamos la primera plataforma CAE de nueva generaci\u00f3n, dise\u00f1ada para ofrecerte una gesti\u00f3n documental m\u00e1s \u00e1gil, intuitiva y sin complicaciones. <strong>Ya disponible en Espa\u00f1a.<\/strong><\/span><\/span><\/p>\n<h1 style=\"text-align: center;\"><span style=\"--tcb-applied-color: var$(--tcb-color-4) !important; color: var(--tcb-color-4) !important;\">Nueva plataforma. <\/span>Mismo compromiso.<\/h1>\n<p style=\"text-align: center;\">Twind no es solo una evoluci\u00f3n, es un nuevo est\u00e1ndar en la CAE.Di adi\u00f3s a los procesos lentos y complejos: ahora todo es m\u00e1s r\u00e1pido, intuitivo y optimizado para ti y tus contratistas<\/p>\n<p style=\"text-align: center;\"><strong>M\u00e1s \u00e1gil<\/strong><\/p>\n<p style=\"text-align: center;\">Velocidad imbatible para que nada te frene. Con flujos m\u00e1s inteligentes y menos pasos innecesarios, reduces tiempos y avanzas m\u00e1s r\u00e1pido en cada validaci\u00f3n.<\/p>\n<p style=\"text-align: center;\"><strong>M\u00e1s intuitiva<\/strong><\/p>\n<p style=\"text-align: center;\">Procesos dise\u00f1ados para que todo fluya. Twind simplifica la gesti\u00f3n CAE con una interfaz clara y pasos l\u00f3gicos que eliminan la confusi\u00f3n. Encuentra lo que necesitas al instante y gestiona todo sin complicaciones.<\/p>\n<p style=\"text-align: center;\"><strong>M\u00e1s eficiente<\/strong><\/p>\n<p style=\"text-align: center;\">Menos tiempo gestionando, m\u00e1s tiempo avanzando. Twind automatiza tareas repetitivas, minimiza errores y te da acceso instant\u00e1neo a la informaci\u00f3n que realmente importa.<\/p>\n<h1 style=\"text-align: center;\">\u00bfPor qu\u00e9 <span style=\"--tcb-applied-color: var$(--tcb-color-4) !important; color: var(--tcb-color-4) !important;\">Twind<\/span> es una plataforma de nueva generaci\u00f3n?<\/h1>\n<p style=\"text-align: left;\"><strong>Plataforma moderna e intuitiva<\/strong><\/p>\n<p style=\"color: rgb(26, 48, 55) !important; --tcb-applied-color: rgb(26, 48, 55) !important; text-align: left;\">Dise\u00f1ada para optimizar la experiencia de los profesionales de SST y contratistas con una navegaci\u00f3n mejorada.<\/p>\n<p style=\"text-align: left;\"><strong>Velocidad Imbatible<\/strong><\/p>\n<p style=\"color: rgb(26, 48, 55) !important; --tcb-applied-color: rgb(26, 48, 55) !important; text-align: left;\">Flujos simplificados que reducen dr\u00e1sticamente los tiempos de gesti\u00f3n para t\u00e9cnicos y contratistas.<\/p>\n<p style=\"text-align: left;\"><strong>Tecnolog\u00eda avanzada y escalable<\/strong><\/p>\n<p style=\"color: rgb(26, 48, 55) !important; --tcb-applied-color: rgb(26, 48, 55) !important; text-align: left;\">Innovamos la plataforma constantemente para adaptarnos a las necesidades tanto de los t\u00e9cnicos como de los contratistas.<\/p>\n<p><strong>\u00daltimas tecnolog\u00edas aplicadas a la validaci\u00f3n documental<\/strong><\/p>\n<p style=\"color: rgb(26, 48, 55) !important; --tcb-applied-color: rgb(26, 48, 55) !important;\">Reducci\u00f3n de errores y procesamiento autom\u00e1tico.<\/p>\n<p style=\"\"><strong>Gesti\u00f3n unificada para contratistas<\/strong><\/p>\n<p style=\"color: rgb(26, 48, 55) !important; --tcb-applied-color: rgb(26, 48, 55) !important;\">Acceso \u00fanico y procesos centralizados para una operativa m\u00e1s r\u00e1pida y m\u00e1s f\u00e1cil.<\/p>\n<p><strong>Panel de control optimizado<\/strong><\/p>\n<p style=\"color: rgb(26, 48, 55) !important; --tcb-applied-color: rgb(26, 48, 55) !important;\">Visi\u00f3n en tiempo real del estado documental.<\/p>\n<p><!--! Font Awesome Free 6.7.1 by @fontawesome - https:\/\/fontawesome.com License - https:\/\/fontawesome.com\/license\/free (Icons: CC BY 4.0, Fonts: SIL OFL 1.1, Code: MIT License) Copyright 2024 Fonticons, Inc. --><\/p>\n<p><strong>Mayor control de los accesos<\/strong><\/p>\n<p style=\"color: rgb(26, 48, 55) !important; --tcb-applied-color: rgb(26, 48, 55) !important;\">Informaci\u00f3n granular para detectar incidencias al instante.<\/p>\n<p style=\"\"><strong>Accede a la informaci\u00f3n m\u00e1s r\u00e1pido<\/strong><\/p>\n<p style=\"color: rgb(26, 48, 55) !important; --tcb-applied-color: rgb(26, 48, 55) !important;\">Dashboards inteligentes con la data m\u00e1s relevante.<\/p>\n<p style=\"\"><strong>M\u00e1xima seguridad y protecci\u00f3n de datos<\/strong><\/p>\n<p style=\"color: rgb(26, 48, 55) !important; --tcb-applied-color: rgb(26, 48, 55) !important;\">Cumplimos con los est\u00e1ndares m\u00e1s exigentes para garantizar tu tranquilidad.<\/p>\n<p><strong>Experiencia \u00abMobile First\u00bb<\/strong><\/p>\n<p style=\"color: rgb(26, 48, 55) !important; --tcb-applied-color: rgb(26, 48, 55) !important;\">Accede y gestiona todo desde cualquier dispositivo, conectando oficina y campo sin barreras.<\/p>\n<p><!--! Font Awesome Free 6.7.1 by @fontawesome - https:\/\/fontawesome.com License - https:\/\/fontawesome.com\/license\/free (Icons: CC BY 4.0, Fonts: SIL OFL 1.1, Code: MIT License) Copyright 2024 Fonticons, Inc. --><\/p>\n<p style=\"\"><strong>Accesible en +10 idiomas<\/strong><\/p>\n<p style=\"color: rgb(26, 48, 55) !important; --tcb-applied-color: rgb(26, 48, 55) !important;\">Adaptado a clientes y contratistas a nivel global.<\/p>\n<p><strong>Soporte en tiempo real<\/strong><\/p>\n<p style=\"color: rgb(26, 48, 55) !important; --tcb-applied-color: rgb(26, 48, 55) !important;\">Chat en vivo para resolver dudas al momento.<\/p>\n<h1 style=\"\">Completa tus datos y solicita una demo de Twind<\/h1>\n<p style=\"\"><span data-contrast=\"auto\" lang=\"ES-ES\" style=\"\"><strong><span style=\"\">\u00bfA\u00fan sin plataforma CAE?<\/span><\/strong><\/span><\/p>\n<p style=\"\"><span data-contrast=\"auto\" lang=\"ES-ES\"><span style=\"color: rgb(26, 48, 55) !important;\"><span style=\"--tcb-applied-color: rgb(26, 48, 55) !important;\"><span style=\"font-size: 16px !important;\">Te mostraremos por qu\u00e9 Twind es el mejor paso para optimizar tu gesti\u00f3n documental, h<\/span><\/span><\/span><\/span><span style=\"color: rgb(26, 48, 55) !important;\"><span style=\"--tcb-applied-color: rgb(26, 48, 55) !important;\"><span data-contrast=\"auto\" lang=\"ES-ES\"><span style=\"font-size: 16px !important;\">ablaremos sobre lo que necesitas y c\u00f3mo podemos ayudarte.<\/span><\/span><\/span><\/span><\/p>\n<p style=\"\">\n<p style=\"\"><span data-contrast=\"auto\" lang=\"ES-ES\" style=\"\"><strong><span style=\"\">\u00bfYa usas otra plataforma CAE, pero no mejora?<\/span><\/strong><\/span><\/p>\n<p style=\"\"><span style=\"font-size: 16px !important; --tcb-applied-color: rgb(26, 48, 55) !important; color: rgb(26, 48, 55) !important;\">Descubre c\u00f3mo migrar desde otras plataformas a Twind de forma f\u00e1cil y segura, sin interrupciones y con el mejor soporte.<\/span><span style=\"font-size: 16px !important; --tcb-applied-color: rgb(26, 48, 55) !important; color: rgb(26, 48, 55) !important;\"><\/span><\/p>\n\n\t\t\t\t\t\t<script>\n\t\t\t\t\t\t\twindow.hsFormsOnReady = window.hsFormsOnReady || [];\n\t\t\t\t\t\t\twindow.hsFormsOnReady.push(()=>{\n\t\t\t\t\t\t\t\thbspt.forms.create({\n\t\t\t\t\t\t\t\t\tportalId: 146424663,\n\t\t\t\t\t\t\t\t\tformId: \"ff1caae1-1822-4204-9180-178e4dff625b\",\n\t\t\t\t\t\t\t\t\ttarget: \"#hbspt-form-1775918614000-4493869192\",\n\t\t\t\t\t\t\t\t\tregion: \"eu1\",\n\t\t\t\t\t\t\t\t\t\n\t\t\t\t\t\t\t})});\n\t\t\t\t\t\t<\/script>\n\t\t\t\t\t\t<div class=\"hbspt-form\" id=\"hbspt-form-1775918614000-4493869192\"><\/div>\n","protected":false},"excerpt":{"rendered":"<p>Lleg\u00f3 Twind: La plataforma CAE que&nbsp;hace&nbsp;f\u00e1cil&nbsp;la gesti\u00f3n de contratistas CTAIMACAE y e-coordina evolucionamos. Te presentamos la primera plataforma CAE de nueva generaci\u00f3n, dise\u00f1ada para ofrecerte una gesti\u00f3n documental m\u00e1s \u00e1gil, intuitiva y sin complicaciones. Ya disponible en Espa\u00f1a. Nueva plataforma. Mismo compromiso. Twind no es solo una evoluci\u00f3n, es un nuevo est\u00e1ndar en la CAE.Di [&hellip;]<\/p>\n","protected":false},"author":1,"featured_media":295,"parent":0,"menu_order":0,"comment_status":"closed","ping_status":"closed","template":"","meta":{"content-type":"","footnotes":""},"class_list":["post-3053","page","type-page","status-publish","has-post-thumbnail","hentry","post-wrapper","thrv_wrapper"],"yoast_head":"<!-- This site is optimized with the Yoast SEO plugin v27.3 - https:\/\/yoast.com\/product\/yoast-seo-wordpress\/ -->\n<title>Twind | La Plataforma CAE m\u00e1s \u00e1gil e intuitiva<\/title>\n<meta name=\"description\" content=\"Descubre Twind, la evoluci\u00f3n de CTAIMACAE y e-coordina. Plataforma CAE revolucionaria que simplifica la gesti\u00f3n de contratistas\" \/>\n<meta name=\"robots\" content=\"index, follow, max-snippet:-1, max-image-preview:large, max-video-preview:-1\" \/>\n<link rel=\"canonical\" href=\"https:\/\/twind.io\/es\/ctaima-ecoordina-evolucionamos-a-twind\/\" \/>\n<meta property=\"og:locale\" content=\"es_ES\" \/>\n<meta property=\"og:type\" content=\"article\" \/>\n<meta property=\"og:title\" content=\"Twind | La Plataforma CAE m\u00e1s \u00e1gil e intuitiva\" \/>\n<meta property=\"og:description\" content=\"Descubre Twind, la evoluci\u00f3n de CTAIMACAE y e-coordina. Plataforma CAE revolucionaria que simplifica la gesti\u00f3n de contratistas\" \/>\n<meta property=\"og:url\" content=\"https:\/\/twind.io\/es\/ctaima-ecoordina-evolucionamos-a-twind\/\" \/>\n<meta property=\"og:site_name\" content=\"Twind - Plataforma de Coordinaci\u00f3n de Actividades Empresariales\" \/>\n<meta property=\"article:modified_time\" content=\"2025-10-10T10:03:40+00:00\" \/>\n<meta name=\"twitter:card\" content=\"summary_large_image\" \/>\n<meta name=\"twitter:label1\" content=\"Tiempo de lectura\" \/>\n\t<meta name=\"twitter:data1\" content=\"3 minutos\" \/>\n<script type=\"application\/ld+json\" class=\"yoast-schema-graph\">{\"@context\":\"https:\\\/\\\/schema.org\",\"@graph\":[{\"@type\":\"WebPage\",\"@id\":\"https:\\\/\\\/twind.io\\\/es\\\/ctaima-ecoordina-evolucionamos-a-twind\\\/\",\"url\":\"https:\\\/\\\/twind.io\\\/es\\\/ctaima-ecoordina-evolucionamos-a-twind\\\/\",\"name\":\"Twind | La Plataforma CAE m\u00e1s \u00e1gil e intuitiva\",\"isPartOf\":{\"@id\":\"https:\\\/\\\/twind.io\\\/es\\\/#website\"},\"primaryImageOfPage\":{\"@id\":\"https:\\\/\\\/twind.io\\\/es\\\/ctaima-ecoordina-evolucionamos-a-twind\\\/#primaryimage\"},\"image\":{\"@id\":\"https:\\\/\\\/twind.io\\\/es\\\/ctaima-ecoordina-evolucionamos-a-twind\\\/#primaryimage\"},\"thumbnailUrl\":\"https:\\\/\\\/twind.io\\\/es\\\/wp-content\\\/uploads\\\/2023\\\/04\\\/7-faqs.svg\",\"datePublished\":\"2025-03-10T13:44:28+00:00\",\"dateModified\":\"2025-10-10T10:03:40+00:00\",\"description\":\"Descubre Twind, la evoluci\u00f3n de CTAIMACAE y e-coordina. Plataforma CAE revolucionaria que simplifica la gesti\u00f3n de contratistas\",\"breadcrumb\":{\"@id\":\"https:\\\/\\\/twind.io\\\/es\\\/ctaima-ecoordina-evolucionamos-a-twind\\\/#breadcrumb\"},\"inLanguage\":\"es\",\"potentialAction\":[{\"@type\":\"ReadAction\",\"target\":[\"https:\\\/\\\/twind.io\\\/es\\\/ctaima-ecoordina-evolucionamos-a-twind\\\/\"]}]},{\"@type\":\"ImageObject\",\"inLanguage\":\"es\",\"@id\":\"https:\\\/\\\/twind.io\\\/es\\\/ctaima-ecoordina-evolucionamos-a-twind\\\/#primaryimage\",\"url\":\"https:\\\/\\\/twind.io\\\/es\\\/wp-content\\\/uploads\\\/2023\\\/04\\\/7-faqs.svg\",\"contentUrl\":\"https:\\\/\\\/twind.io\\\/es\\\/wp-content\\\/uploads\\\/2023\\\/04\\\/7-faqs.svg\",\"caption\":\"FAQs\"},{\"@type\":\"BreadcrumbList\",\"@id\":\"https:\\\/\\\/twind.io\\\/es\\\/ctaima-ecoordina-evolucionamos-a-twind\\\/#breadcrumb\",\"itemListElement\":[{\"@type\":\"ListItem\",\"position\":1,\"name\":\"Portada\",\"item\":\"https:\\\/\\\/twind.io\\\/es\\\/\"},{\"@type\":\"ListItem\",\"position\":2,\"name\":\"Landing Difusi\u00f3n Twind\"}]},{\"@type\":\"WebSite\",\"@id\":\"https:\\\/\\\/twind.io\\\/es\\\/#website\",\"url\":\"https:\\\/\\\/twind.io\\\/es\\\/\",\"name\":\"Twind - Plataforma de Coordinaci\u00f3n de Actividades Empresariales\",\"description\":\"Coordina los procesos de gesti\u00f3n documental y control de contratistas y proveedores, respetando la normativa en materia de Seguridad y Salud en el Trabajo.\",\"potentialAction\":[{\"@type\":\"SearchAction\",\"target\":{\"@type\":\"EntryPoint\",\"urlTemplate\":\"https:\\\/\\\/twind.io\\\/es\\\/?s={search_term_string}\"},\"query-input\":{\"@type\":\"PropertyValueSpecification\",\"valueRequired\":true,\"valueName\":\"search_term_string\"}}],\"inLanguage\":\"es\"}]}<\/script>\n<!-- \/ Yoast SEO plugin. -->","yoast_head_json":{"title":"Twind | La Plataforma CAE m\u00e1s \u00e1gil e intuitiva","description":"Descubre Twind, la evoluci\u00f3n de CTAIMACAE y e-coordina. Plataforma CAE revolucionaria que simplifica la gesti\u00f3n de contratistas","robots":{"index":"index","follow":"follow","max-snippet":"max-snippet:-1","max-image-preview":"max-image-preview:large","max-video-preview":"max-video-preview:-1"},"canonical":"https:\/\/twind.io\/es\/ctaima-ecoordina-evolucionamos-a-twind\/","og_locale":"es_ES","og_type":"article","og_title":"Twind | La Plataforma CAE m\u00e1s \u00e1gil e intuitiva","og_description":"Descubre Twind, la evoluci\u00f3n de CTAIMACAE y e-coordina. Plataforma CAE revolucionaria que simplifica la gesti\u00f3n de contratistas","og_url":"https:\/\/twind.io\/es\/ctaima-ecoordina-evolucionamos-a-twind\/","og_site_name":"Twind - Plataforma de Coordinaci\u00f3n de Actividades Empresariales","article_modified_time":"2025-10-10T10:03:40+00:00","twitter_card":"summary_large_image","twitter_misc":{"Tiempo de lectura":"3 minutos"},"schema":{"@context":"https:\/\/schema.org","@graph":[{"@type":"WebPage","@id":"https:\/\/twind.io\/es\/ctaima-ecoordina-evolucionamos-a-twind\/","url":"https:\/\/twind.io\/es\/ctaima-ecoordina-evolucionamos-a-twind\/","name":"Twind | La Plataforma CAE m\u00e1s \u00e1gil e intuitiva","isPartOf":{"@id":"https:\/\/twind.io\/es\/#website"},"primaryImageOfPage":{"@id":"https:\/\/twind.io\/es\/ctaima-ecoordina-evolucionamos-a-twind\/#primaryimage"},"image":{"@id":"https:\/\/twind.io\/es\/ctaima-ecoordina-evolucionamos-a-twind\/#primaryimage"},"thumbnailUrl":"https:\/\/twind.io\/es\/wp-content\/uploads\/2023\/04\/7-faqs.svg","datePublished":"2025-03-10T13:44:28+00:00","dateModified":"2025-10-10T10:03:40+00:00","description":"Descubre Twind, la evoluci\u00f3n de CTAIMACAE y e-coordina. Plataforma CAE revolucionaria que simplifica la gesti\u00f3n de contratistas","breadcrumb":{"@id":"https:\/\/twind.io\/es\/ctaima-ecoordina-evolucionamos-a-twind\/#breadcrumb"},"inLanguage":"es","potentialAction":[{"@type":"ReadAction","target":["https:\/\/twind.io\/es\/ctaima-ecoordina-evolucionamos-a-twind\/"]}]},{"@type":"ImageObject","inLanguage":"es","@id":"https:\/\/twind.io\/es\/ctaima-ecoordina-evolucionamos-a-twind\/#primaryimage","url":"https:\/\/twind.io\/es\/wp-content\/uploads\/2023\/04\/7-faqs.svg","contentUrl":"https:\/\/twind.io\/es\/wp-content\/uploads\/2023\/04\/7-faqs.svg","caption":"FAQs"},{"@type":"BreadcrumbList","@id":"https:\/\/twind.io\/es\/ctaima-ecoordina-evolucionamos-a-twind\/#breadcrumb","itemListElement":[{"@type":"ListItem","position":1,"name":"Portada","item":"https:\/\/twind.io\/es\/"},{"@type":"ListItem","position":2,"name":"Landing Difusi\u00f3n Twind"}]},{"@type":"WebSite","@id":"https:\/\/twind.io\/es\/#website","url":"https:\/\/twind.io\/es\/","name":"Twind - Plataforma de Coordinaci\u00f3n de Actividades Empresariales","description":"Coordina los procesos de gesti\u00f3n documental y control de contratistas y proveedores, respetando la normativa en materia de Seguridad y Salud en el Trabajo.","potentialAction":[{"@type":"SearchAction","target":{"@type":"EntryPoint","urlTemplate":"https:\/\/twind.io\/es\/?s={search_term_string}"},"query-input":{"@type":"PropertyValueSpecification","valueRequired":true,"valueName":"search_term_string"}}],"inLanguage":"es"}]}},"_links":{"self":[{"href":"https:\/\/twind.io\/es\/wp-json\/wp\/v2\/pages\/3053","targetHints":{"allow":["GET"]}}],"collection":[{"href":"https:\/\/twind.io\/es\/wp-json\/wp\/v2\/pages"}],"about":[{"href":"https:\/\/twind.io\/es\/wp-json\/wp\/v2\/types\/page"}],"author":[{"embeddable":true,"href":"https:\/\/twind.io\/es\/wp-json\/wp\/v2\/users\/1"}],"replies":[{"embeddable":true,"href":"https:\/\/twind.io\/es\/wp-json\/wp\/v2\/comments?post=3053"}],"version-history":[{"count":70,"href":"https:\/\/twind.io\/es\/wp-json\/wp\/v2\/pages\/3053\/revisions"}],"predecessor-version":[{"id":36724,"href":"https:\/\/twind.io\/es\/wp-json\/wp\/v2\/pages\/3053\/revisions\/36724"}],"wp:featuredmedia":[{"embeddable":true,"href":"https:\/\/twind.io\/es\/wp-json\/wp\/v2\/media\/295"}],"wp:attachment":[{"href":"https:\/\/twind.io\/es\/wp-json\/wp\/v2\/media?parent=3053"}],"curies":[{"name":"wp","href":"https:\/\/api.w.org\/{rel}","templated":true}]}}