{"id":3093,"date":"2025-03-11T12:03:47","date_gmt":"2025-03-11T12:03:47","guid":{"rendered":"https:\/\/twind.io\/es\/?page_id=3093"},"modified":"2025-11-13T12:20:09","modified_gmt":"2025-11-13T12:20:09","slug":"webinar-comercial-twind","status":"publish","type":"page","link":"https:\/\/twind.io\/es\/webinar-comercial-twind\/","title":{"rendered":"Webinar comercial Twind"},"content":{"rendered":"<p><span style=\"\"><img decoding=\"async\" alt=\"Logo twind by ctaima\" data-id=\"1293\" width=\"177\" data-init-width=\"697\" height=\"53\" data-init-height=\"209\" title=\"Logo twind by ctaima\" src=\"https:\/\/twind.io\/es\/wp-content\/uploads\/2025\/03\/logo-twind-by-ctaima.png\" data-width=\"177\" data-height=\"53\" style=\"aspect-ratio: auto 697 \/ 209;\" mt-d=\"-0.5313000000000017\" ml-d=\"0\" center-v-d=\"false\" loading=\"lazy\"><\/span><\/p>\n<p style=\"text-align: center;\"><strong>WEBINAR EXCLUSIVO<\/strong><\/p>\n<h2 style=\"text-align: center;\"><strong>Twind: La evoluci\u00f3n en la gesti\u00f3n CAE<\/strong><\/h2>\n<p style=\"\"><strong><span style=\"--tcb-applied-color: var$(--tcb-color-4) !important; color: var(--tcb-color-4) !important;\">Cuando los mejores se unen, todo cambia<\/span><\/strong><\/p>\n<p>Dos referentes en la gesti\u00f3n CAE se han unido para crear algo extraordinario. <strong>CTAIMA y e-coordina presentan Twind, la primera plataforma que hace que la CAE sea tan intuitiva, r\u00e1pida y f\u00e1cil que olvidar\u00e1s que est\u00e1s gestionando documentaci\u00f3n.<\/strong><\/p>\n<p>Twind no es solo una evoluci\u00f3n: <strong>es la revoluci\u00f3n que cambiar\u00e1 la forma en que las empresas gestionan contratistas.<\/strong> M\u00e1s \u00e1gil, m\u00e1s simple y con tecnolog\u00eda de \u00faltima generaci\u00f3n que sigue evolucionando.<\/p>\n<p>Si la CAE siempre te ha parecido lenta y complicada, <strong>es hora de descubrir una plataforma que s\u00ed te gustar\u00e1 usar.<\/strong><\/p>\n<\/p>\n<h3 data-block-id=\"block-17458968-bdd8-405b-bfc4-8cbe6e5c0384\" style=\"\"><img decoding=\"async\" role=\"img\" alt=\"\ud83d\ude80\" src=\"https:\/\/s.w.org\/images\/core\/emoji\/15.0.3\/svg\/1f680.svg\">&nbsp;<span style=\"--tcb-applied-color: var$(--tcb-color-4) !important; color: var(--tcb-color-4) !important;\">\u00bfPor q<span>u\u00e9 no puedes perderte este webinar?<\/span><\/span><\/h3>\n<p><img decoding=\"async\" role=\"img\" alt=\"\u2714\" src=\"https:\/\/s.w.org\/images\/core\/emoji\/15.0.3\/svg\/2714.svg\"><strong>Descubre por qu\u00e9 Twind es la primera plataforma CAE que no parece una CAE<\/strong><\/p>\n<p><img decoding=\"async\" role=\"img\" alt=\"\u2714\" src=\"https:\/\/s.w.org\/images\/core\/emoji\/15.0.3\/svg\/2714.svg\"><strong>Adi\u00f3s a los procesos lentos y confusos: menos clics, m\u00e1s resultados<\/strong><\/p>\n<p><img decoding=\"async\" role=\"img\" alt=\"\u2714\" src=\"https:\/\/s.w.org\/images\/core\/emoji\/15.0.3\/svg\/2714.svg\"><strong>Tecnolog\u00eda que no se queda atr\u00e1s: una plataforma que evoluciona contigo<\/strong><\/p>\n<p><img decoding=\"async\" role=\"img\" alt=\"\u2714\" src=\"https:\/\/s.w.org\/images\/core\/emoji\/15.0.3\/svg\/2714.svg\"><strong>Demo en vivo: Te mostramos Twind en acci\u00f3n y todas sus novedades<\/strong><\/p>\n<p><img decoding=\"async\" role=\"img\" alt=\"\u2714\" src=\"https:\/\/s.w.org\/images\/core\/emoji\/15.0.3\/svg\/2714.svg\"><strong>Resuelve tus dudas en directo con nuestros expertos<\/strong><\/p>\n<h3 style=\"text-align: center;\">Completa el formulario<\/h3>\n<p style=\"text-align: center;\">Te enviaremos el acceso por email<\/p>\n\n\t\t\t\t\t\t<script>\n\t\t\t\t\t\t\twindow.hsFormsOnReady = window.hsFormsOnReady || [];\n\t\t\t\t\t\t\twindow.hsFormsOnReady.push(()=>{\n\t\t\t\t\t\t\t\thbspt.forms.create({\n\t\t\t\t\t\t\t\t\tportalId: 146424663,\n\t\t\t\t\t\t\t\t\tformId: \"fc1fbba5-82a6-48f2-8a0b-c4dccd256068\",\n\t\t\t\t\t\t\t\t\ttarget: \"#hbspt-form-1775408075000-0918992188\",\n\t\t\t\t\t\t\t\t\tregion: \"eu1\",\n\t\t\t\t\t\t\t\t\t\n\t\t\t\t\t\t\t})});\n\t\t\t\t\t\t<\/script>\n\t\t\t\t\t\t<div class=\"hbspt-form\" id=\"hbspt-form-1775408075000-0918992188\"><\/div>\n<h3 style=\"text-align: center;\"><\/h3>\n<p style=\"text-align: center;\"><strong><span style=\"\"><\/span><span style=\"\"><\/span><\/strong><img decoding=\"async\" role=\"img\" alt=\"\ud83c\udfa4\" src=\"https:\/\/s.w.org\/images\/core\/emoji\/15.0.3\/svg\/1f3a4.svg\"><strong>Nuestros speakers<\/strong><\/p>\n<p style=\"text-align: center;\"><span data-contrast=\"auto\" lang=\"ES-ES\">Expertos en gesti\u00f3n CAE y digitalizaci\u00f3n compartir\u00e1n c\u00f3mo Twind est\u00e1 redefiniendo los est\u00e1ndares del sector y c\u00f3mo puede transformar tu forma de trabajar.<\/span><\/p>\n<p><span style=\"\"><img decoding=\"async\" alt=\"\" data-id=\"1810\" width=\"148\" data-init-width=\"800\" height=\"148\" data-init-height=\"800\" title=\"Quique\" src=\"https:\/\/twind.io\/es\/wp-content\/uploads\/2025\/03\/1688376380350.jpg\" data-width=\"148\" data-height=\"148\" style=\"aspect-ratio: auto 800 \/ 800;\" mt-d=\"0\" ml-d=\"0\" center-v-d=\"false\" mt-t=\"0\" ml-t=\"0\" center-h-d=\"false\" loading=\"lazy\" mt-m=\"0\" ml-m=\"0\"><\/span><\/p>\n<p style=\"text-align: left;\"><span data-ccp-props=\"{&quot;201341983&quot;:0,&quot;335559739&quot;:160,&quot;335559740&quot;:259}\"><strong><span style=\"font-size: 19px !important; --tcb-applied-color: var$(--tcb-skin-color-0) !important; color: var(--tcb-skin-color-0) !important;\">Enrique Escolar Noriega<\/span><\/strong><\/span><\/p>\n<p style=\"text-align: left;\"><span data-ccp-props=\"{&quot;201341983&quot;:0,&quot;335559739&quot;:160,&quot;335559740&quot;:259}\" style=\"font-size: 16px !important;\"><span data-teams=\"true\">Head of International Growth<\/span><\/span><\/p>\n<p style=\"text-align: left;\"><span data-ccp-props=\"{&quot;201341983&quot;:0,&quot;335559739&quot;:160,&quot;335559740&quot;:259}\" style=\"font-size: 16px !important;\">CTAIMA<\/span><\/p>\n<p><span style=\"\"><img decoding=\"async\" alt=\"Mari Pau\" data-id=\"3357\" width=\"148\" data-init-width=\"294\" height=\"147\" data-init-height=\"293\" title=\"Mari Pau\" src=\"https:\/\/twind.io\/es\/wp-content\/uploads\/2025\/03\/IMG_0394-1-1.png\" data-width=\"148\" data-height=\"147\" style=\"aspect-ratio: auto 294 \/ 293;\" mt-d=\"0\" ml-d=\"0\" center-v-d=\"false\" mt-t=\"0\" ml-t=\"0\" center-h-d=\"false\" loading=\"lazy\" mt-m=\"0\" ml-m=\"0\"><\/span><\/p>\n<p style=\"text-align: left;\"><span data-ccp-props=\"{&quot;201341983&quot;:0,&quot;335559739&quot;:160,&quot;335559740&quot;:259}\"><strong><span style=\"font-size: 19px !important; --tcb-applied-color: var$(--tcb-skin-color-0) !important; color: var(--tcb-skin-color-0) !important;\">Mari Pau Moli<\/span><\/strong><\/span><\/p>\n<p style=\"text-align: left;\"><span data-ccp-props=\"{&quot;201341983&quot;:0,&quot;335559739&quot;:160,&quot;335559740&quot;:259}\" style=\"font-size: 16px !important;\"><span data-teams=\"true\">Product Marketing Manager<\/span><\/span><\/p>\n<p style=\"text-align: left;\"><span data-ccp-props=\"{&quot;201341983&quot;:0,&quot;335559739&quot;:160,&quot;335559740&quot;:259}\" style=\"font-size: 16px !important;\">CTAIMA<\/span><\/p>\n","protected":false},"excerpt":{"rendered":"<p>WEBINAR EXCLUSIVO Twind: La evoluci\u00f3n en la gesti\u00f3n CAE Cuando los mejores se unen, todo cambia Dos referentes en la gesti\u00f3n CAE se han unido para crear algo extraordinario. CTAIMA y e-coordina presentan Twind, la primera plataforma que hace que la CAE sea tan intuitiva, r\u00e1pida y f\u00e1cil que olvidar\u00e1s que est\u00e1s gestionando documentaci\u00f3n. Twind [&hellip;]<\/p>\n","protected":false},"author":1,"featured_media":0,"parent":0,"menu_order":0,"comment_status":"closed","ping_status":"closed","template":"","meta":{"content-type":"","footnotes":""},"class_list":["post-3093","page","type-page","status-publish","hentry","post-wrapper","thrv_wrapper"],"yoast_head":"<!-- This site is optimized with the Yoast SEO plugin v27.3 - https:\/\/yoast.com\/product\/yoast-seo-wordpress\/ -->\n<title>Webinar comercial Twind<\/title>\n<meta name=\"description\" content=\"Webinar comercial Twind\" \/>\n<meta name=\"robots\" content=\"noindex, nofollow\" \/>\n<meta property=\"og:locale\" content=\"es_ES\" \/>\n<meta property=\"og:type\" content=\"article\" \/>\n<meta property=\"og:title\" content=\"Webinar comercial Twind\" \/>\n<meta property=\"og:description\" content=\"Webinar comercial Twind\" \/>\n<meta property=\"og:url\" content=\"https:\/\/twind.io\/es\/webinar-comercial-twind\/\" \/>\n<meta property=\"og:site_name\" content=\"Twind - Plataforma de Coordinaci\u00f3n de Actividades Empresariales\" \/>\n<meta property=\"article:modified_time\" content=\"2025-11-13T12:20:09+00:00\" \/>\n<meta property=\"og:image\" content=\"https:\/\/twind.io\/es\/wp-content\/uploads\/2025\/03\/logo-twind-by-ctaima.png\" \/>\n<meta name=\"twitter:card\" content=\"summary_large_image\" \/>\n<meta name=\"twitter:label1\" content=\"Tiempo de lectura\" \/>\n\t<meta name=\"twitter:data1\" content=\"1 minuto\" \/>\n<script type=\"application\/ld+json\" class=\"yoast-schema-graph\">{\"@context\":\"https:\\\/\\\/schema.org\",\"@graph\":[{\"@type\":\"WebPage\",\"@id\":\"https:\\\/\\\/twind.io\\\/es\\\/webinar-comercial-twind\\\/\",\"url\":\"https:\\\/\\\/twind.io\\\/es\\\/webinar-comercial-twind\\\/\",\"name\":\"Webinar comercial Twind\",\"isPartOf\":{\"@id\":\"https:\\\/\\\/twind.io\\\/es\\\/#website\"},\"primaryImageOfPage\":{\"@id\":\"https:\\\/\\\/twind.io\\\/es\\\/webinar-comercial-twind\\\/#primaryimage\"},\"image\":{\"@id\":\"https:\\\/\\\/twind.io\\\/es\\\/webinar-comercial-twind\\\/#primaryimage\"},\"thumbnailUrl\":\"https:\\\/\\\/twind.io\\\/es\\\/wp-content\\\/uploads\\\/2025\\\/03\\\/logo-twind-by-ctaima.png\",\"datePublished\":\"2025-03-11T12:03:47+00:00\",\"dateModified\":\"2025-11-13T12:20:09+00:00\",\"description\":\"Webinar comercial Twind\",\"breadcrumb\":{\"@id\":\"https:\\\/\\\/twind.io\\\/es\\\/webinar-comercial-twind\\\/#breadcrumb\"},\"inLanguage\":\"es\",\"potentialAction\":[{\"@type\":\"ReadAction\",\"target\":[\"https:\\\/\\\/twind.io\\\/es\\\/webinar-comercial-twind\\\/\"]}]},{\"@type\":\"ImageObject\",\"inLanguage\":\"es\",\"@id\":\"https:\\\/\\\/twind.io\\\/es\\\/webinar-comercial-twind\\\/#primaryimage\",\"url\":\"https:\\\/\\\/twind.io\\\/es\\\/wp-content\\\/uploads\\\/2025\\\/03\\\/logo-twind-by-ctaima.png\",\"contentUrl\":\"https:\\\/\\\/twind.io\\\/es\\\/wp-content\\\/uploads\\\/2025\\\/03\\\/logo-twind-by-ctaima.png\",\"width\":697,\"height\":209},{\"@type\":\"BreadcrumbList\",\"@id\":\"https:\\\/\\\/twind.io\\\/es\\\/webinar-comercial-twind\\\/#breadcrumb\",\"itemListElement\":[{\"@type\":\"ListItem\",\"position\":1,\"name\":\"Portada\",\"item\":\"https:\\\/\\\/twind.io\\\/es\\\/\"},{\"@type\":\"ListItem\",\"position\":2,\"name\":\"Webinar comercial Twind\"}]},{\"@type\":\"WebSite\",\"@id\":\"https:\\\/\\\/twind.io\\\/es\\\/#website\",\"url\":\"https:\\\/\\\/twind.io\\\/es\\\/\",\"name\":\"Twind - Plataforma de Coordinaci\u00f3n de Actividades Empresariales\",\"description\":\"Coordina los procesos de gesti\u00f3n documental y control de contratistas y proveedores, respetando la normativa en materia de Seguridad y Salud en el Trabajo.\",\"potentialAction\":[{\"@type\":\"SearchAction\",\"target\":{\"@type\":\"EntryPoint\",\"urlTemplate\":\"https:\\\/\\\/twind.io\\\/es\\\/?s={search_term_string}\"},\"query-input\":{\"@type\":\"PropertyValueSpecification\",\"valueRequired\":true,\"valueName\":\"search_term_string\"}}],\"inLanguage\":\"es\"}]}<\/script>\n<!-- \/ Yoast SEO plugin. -->","yoast_head_json":{"title":"Webinar comercial Twind","description":"Webinar comercial Twind","robots":{"index":"noindex","follow":"nofollow"},"og_locale":"es_ES","og_type":"article","og_title":"Webinar comercial Twind","og_description":"Webinar comercial Twind","og_url":"https:\/\/twind.io\/es\/webinar-comercial-twind\/","og_site_name":"Twind - Plataforma de Coordinaci\u00f3n de Actividades Empresariales","article_modified_time":"2025-11-13T12:20:09+00:00","og_image":[{"url":"https:\/\/twind.io\/es\/wp-content\/uploads\/2025\/03\/logo-twind-by-ctaima.png","type":"","width":"","height":""}],"twitter_card":"summary_large_image","twitter_misc":{"Tiempo de lectura":"1 minuto"},"schema":{"@context":"https:\/\/schema.org","@graph":[{"@type":"WebPage","@id":"https:\/\/twind.io\/es\/webinar-comercial-twind\/","url":"https:\/\/twind.io\/es\/webinar-comercial-twind\/","name":"Webinar comercial Twind","isPartOf":{"@id":"https:\/\/twind.io\/es\/#website"},"primaryImageOfPage":{"@id":"https:\/\/twind.io\/es\/webinar-comercial-twind\/#primaryimage"},"image":{"@id":"https:\/\/twind.io\/es\/webinar-comercial-twind\/#primaryimage"},"thumbnailUrl":"https:\/\/twind.io\/es\/wp-content\/uploads\/2025\/03\/logo-twind-by-ctaima.png","datePublished":"2025-03-11T12:03:47+00:00","dateModified":"2025-11-13T12:20:09+00:00","description":"Webinar comercial Twind","breadcrumb":{"@id":"https:\/\/twind.io\/es\/webinar-comercial-twind\/#breadcrumb"},"inLanguage":"es","potentialAction":[{"@type":"ReadAction","target":["https:\/\/twind.io\/es\/webinar-comercial-twind\/"]}]},{"@type":"ImageObject","inLanguage":"es","@id":"https:\/\/twind.io\/es\/webinar-comercial-twind\/#primaryimage","url":"https:\/\/twind.io\/es\/wp-content\/uploads\/2025\/03\/logo-twind-by-ctaima.png","contentUrl":"https:\/\/twind.io\/es\/wp-content\/uploads\/2025\/03\/logo-twind-by-ctaima.png","width":697,"height":209},{"@type":"BreadcrumbList","@id":"https:\/\/twind.io\/es\/webinar-comercial-twind\/#breadcrumb","itemListElement":[{"@type":"ListItem","position":1,"name":"Portada","item":"https:\/\/twind.io\/es\/"},{"@type":"ListItem","position":2,"name":"Webinar comercial Twind"}]},{"@type":"WebSite","@id":"https:\/\/twind.io\/es\/#website","url":"https:\/\/twind.io\/es\/","name":"Twind - Plataforma de Coordinaci\u00f3n de Actividades Empresariales","description":"Coordina los procesos de gesti\u00f3n documental y control de contratistas y proveedores, respetando la normativa en materia de Seguridad y Salud en el Trabajo.","potentialAction":[{"@type":"SearchAction","target":{"@type":"EntryPoint","urlTemplate":"https:\/\/twind.io\/es\/?s={search_term_string}"},"query-input":{"@type":"PropertyValueSpecification","valueRequired":true,"valueName":"search_term_string"}}],"inLanguage":"es"}]}},"_links":{"self":[{"href":"https:\/\/twind.io\/es\/wp-json\/wp\/v2\/pages\/3093","targetHints":{"allow":["GET"]}}],"collection":[{"href":"https:\/\/twind.io\/es\/wp-json\/wp\/v2\/pages"}],"about":[{"href":"https:\/\/twind.io\/es\/wp-json\/wp\/v2\/types\/page"}],"author":[{"embeddable":true,"href":"https:\/\/twind.io\/es\/wp-json\/wp\/v2\/users\/1"}],"replies":[{"embeddable":true,"href":"https:\/\/twind.io\/es\/wp-json\/wp\/v2\/comments?post=3093"}],"version-history":[{"count":79,"href":"https:\/\/twind.io\/es\/wp-json\/wp\/v2\/pages\/3093\/revisions"}],"predecessor-version":[{"id":37379,"href":"https:\/\/twind.io\/es\/wp-json\/wp\/v2\/pages\/3093\/revisions\/37379"}],"wp:attachment":[{"href":"https:\/\/twind.io\/es\/wp-json\/wp\/v2\/media?parent=3093"}],"curies":[{"name":"wp","href":"https:\/\/api.w.org\/{rel}","templated":true}]}}