{"id":3336,"date":"2025-03-20T11:30:24","date_gmt":"2025-03-20T11:30:24","guid":{"rendered":"https:\/\/twind.io\/es\/?page_id=3336"},"modified":"2026-02-17T14:59:31","modified_gmt":"2026-02-17T14:59:31","slug":"errores-frecuentes-en-la-cae","status":"publish","type":"page","link":"https:\/\/twind.io\/es\/errores-frecuentes-en-la-cae\/","title":{"rendered":"Gu\u00eda Errores en la CAE"},"content":{"rendered":"<p><a data-id-d=\"0\" data-remove-href=\"1\" data-img-style=\"width: 100%;\"><img decoding=\"async\" src=\"https:\/\/twind.io\/es\/wp-content\/uploads\/2023\/04\/logo.png\" height=\"75\" width=\"220\" alt=\"twind\" style=\"width: 100%;\" loading=\"lazy\"><\/img><\/a><\/p>\n<h1 style=\"text-align: center;\">Descarga Gratuita<\/h1>\n<h1 style=\"text-align: center;\"><strong>Evita los <span>errores m\u00e1s comunes en la CAE<\/span><\/strong><strong>y mejora tu gesti\u00f3n preventiva hoy mismo<\/strong><\/h1>\n<h1 style=\"text-align: center;\"><span>Descarga nuestro e-book gratuito y descubre c\u00f3mo optimizar la coordinaci\u00f3n de actividades preventivas para cumplir con la normativa y proteger a tus trabajadores.<\/span><\/h1>\n<p><span><img decoding=\"async\" alt=\"\" data-id=\"3374\" width=\"537\" data-init-width=\"865\" height=\"642\" data-init-height=\"1034\" title=\"Mockup vertical\" src=\"https:\/\/twind.io\/es\/wp-content\/uploads\/2025\/03\/Mockup-vertical-1.png\" data-width=\"537\" data-height=\"642\" style=\"aspect-ratio: auto 865 \/ 1034;\" loading=\"lazy\"><\/span><\/p>\n<p style=\"\"><strong>En la gesti\u00f3n de la Coordinaci\u00f3n de Actividades Preventivas (CAE), los peque\u00f1os errores pueden tener grandes consecuencias.<\/strong><\/p>\n<p style=\"\"><strong><\/strong>\u00bfEst\u00e1s seguro de que tu empresa est\u00e1 cumpliendo correctamente con todas las normativas? En este e-book, te presentamos los errores m\u00e1s frecuentes en la CAE que ponen en riesgo la seguridad de tus trabajadores y c\u00f3mo resolverlos de manera efectiva.<\/p>\n<p style=\"\">\u00a1No dejes que un fallo administrativo o una falta de seguimiento se convierta en un problema mayor! Con este recurso pr\u00e1ctico, tendr\u00e1s las claves para mejorar la gesti\u00f3n preventiva y evitar sanciones que afecten a tu empresa.<\/p>\n\n\t\t\t\t\t\t<script>\n\t\t\t\t\t\t\twindow.hsFormsOnReady = window.hsFormsOnReady || [];\n\t\t\t\t\t\t\twindow.hsFormsOnReady.push(()=>{\n\t\t\t\t\t\t\t\thbspt.forms.create({\n\t\t\t\t\t\t\t\t\tportalId: 146424663,\n\t\t\t\t\t\t\t\t\tformId: \"82aa2fb8-eb3a-47bb-a9c9-1f65d50ede91\",\n\t\t\t\t\t\t\t\t\ttarget: \"#hbspt-form-1775336902000-4846650931\",\n\t\t\t\t\t\t\t\t\tregion: \"eu1\",\n\t\t\t\t\t\t\t\t\t\n\t\t\t\t\t\t\t})});\n\t\t\t\t\t\t<\/script>\n\t\t\t\t\t\t<div class=\"hbspt-form\" id=\"hbspt-form-1775336902000-4846650931\"><\/div>\n<p><strong>\u00bfQu\u00e9 incluye este e-book?<\/strong><\/p>\n<p style=\"\"><span style=\"font-size: 15px !important;\"><strong><img decoding=\"async\" role=\"img\" alt=\"\ud83d\udd0d\" src=\"https:\/\/s.w.org\/images\/core\/emoji\/15.0.3\/svg\/1f50d.svg\" loading=\"lazy\"> &nbsp; Identificaci\u00f3n de los errores m\u00e1s comunes en la CAE: <\/strong>\u00bfQu\u00e9 fallos suelen cometer las empresas? Desc\u00fabrelo y evita que tu empresa sea una de ellas.<strong><img decoding=\"async\" role=\"img\" alt=\"\ud83d\udcb8\" src=\"https:\/\/s.w.org\/images\/core\/emoji\/15.0.3\/svg\/1f4b8.svg\" loading=\"lazy\"> &nbsp;Consejos pr\u00e1cticos para mejorar la gesti\u00f3n de la CAE:<\/strong> Estrategias f\u00e1ciles de aplicar que optimizar\u00e1n tus procesos de coordinaci\u00f3n de actividades preventivas.<strong><img decoding=\"async\" role=\"img\" alt=\"\u2696\ufe0f\" src=\"https:\/\/s.w.org\/images\/core\/emoji\/15.0.3\/svg\/2696.svg\" loading=\"lazy\"> &nbsp;C\u00f3mo gestionar la documentaci\u00f3n de manera eficiente: <\/strong>Aprende a organizar y controlar la documentaci\u00f3n para cumplir con las normativas sin complicaciones.<strong><img decoding=\"async\" role=\"img\" alt=\"\ud83d\udea8\" src=\"https:\/\/s.w.org\/images\/core\/emoji\/15.0.3\/svg\/1f6a8.svg\" loading=\"lazy\"> &nbsp;Soluciones para evitar sanciones legales: <\/strong>Protege tu empresa de posibles multas y acciones legales con una correcta gesti\u00f3n de la CAE.<\/span><span style=\"font-size: 18px !important;\"><strong>Casos reales y mejores pr\u00e1cticas: Ejemplos de empresas que ya han corregido estos errores y mejorado su desempe\u00f1o.<\/strong><\/span><\/p>\n<p><span><img decoding=\"async\" alt=\"Errores frecuentes de la CAE\" data-id=\"3341\" width=\"548\" data-init-width=\"1383\" height=\"353\" data-init-height=\"892\" title=\"Errores frecuentes de la CAE\" src=\"https:\/\/twind.io\/es\/wp-content\/uploads\/2025\/03\/Mockup-Horizontal.png\" data-width=\"548\" data-height=\"353\" style=\"aspect-ratio: auto 1383 \/ 892;\" loading=\"lazy\"><\/span><\/p>\n<h3 data-block-id=\"block-f2d77e39-d974-43f8-bf1d-585d078661de\" style=\"text-align: center;\"><strong><span style=\"--tcb-applied-color: var$(--tcb-color-4) !important; color: var(--tcb-color-4) !important;\">\u00bfPor qu\u00e9 deber\u00edas descargar este e-book?<\/span><\/strong><\/h3>\n<ol>\n<li left;\"\"=\"\" text-align:=\"\"><strong><span style=\"--tcb-applied-color: rgb(26, 48, 55) !important; color: rgb(26, 48, 55) !important; font-size: 15px !important;\">Cumple con la normativa sin estr\u00e9s:<\/span><\/strong><span style=\"font-size: 15px !important;\"><span style=\"color: rgb(26, 48, 55) !important;\"><span style=\"--tcb-applied-color: rgb(26, 48, 55) !important;\"> Mant\u00e9n tu empresa al d\u00eda con las leyes vigentes de manera sencilla y eficaz.<\/span><\/span><\/span><\/li>\n<li><span style=\"font-size: 15px !important;\"><span style=\"color: rgb(26, 48, 55) !important;\"><span style=\"--tcb-applied-color: rgb(26, 48, 55) !important;\"><strong>Evita sanciones costosas:<\/strong> Los errores en la CAE pueden costarte mucho m\u00e1s que tiempo. Descubre c\u00f3mo prevenir multas y acciones legales.<\/span><\/span><\/span><\/li>\n<li \"=\"\" style=\"\" tve-u-195b4078515\"=\"\"><span style=\"--tcb-applied-color: rgb(26, 48, 55) !important; color: rgb(26, 48, 55) !important; font-size: 15px !important;\"><strong>Mejora la seguridad de tus trabajadores:<\/strong> Un entorno de trabajo seguro es fundamental. Aseg\u00farate de que tu empresa lo ofrece.<\/span><\/li>\n<\/ol>\n<p style=\"text-align: center;\"><strong><span>\u00a1No m\u00e1s errores en la CAE!<\/span><\/strong><\/p>\n<p style=\"text-align: center;\"><strong>Protege a tu empresa y a tus trabajadores con este e-book. Desc\u00e1rgalo ahora y comienza a aplicar los mejores consejos.<\/strong><\/p>\n","protected":false},"excerpt":{"rendered":"<p>Descarga Gratuita Evita los errores m\u00e1s comunes en la CAEy mejora tu gesti\u00f3n preventiva hoy mismo Descarga nuestro e-book gratuito y descubre c\u00f3mo optimizar la coordinaci\u00f3n de actividades preventivas para cumplir con la normativa y proteger a tus trabajadores. En la gesti\u00f3n de la Coordinaci\u00f3n de Actividades Preventivas (CAE), los peque\u00f1os errores pueden tener grandes [&hellip;]<\/p>\n","protected":false},"author":1,"featured_media":0,"parent":0,"menu_order":0,"comment_status":"closed","ping_status":"closed","template":"","meta":{"content-type":"","footnotes":""},"class_list":["post-3336","page","type-page","status-publish","hentry","post-wrapper","thrv_wrapper"],"yoast_head":"<!-- This site is optimized with the Yoast SEO plugin v27.3 - https:\/\/yoast.com\/product\/yoast-seo-wordpress\/ -->\n<title>Gu\u00eda Errores en la CAE - Twind - Plataforma de Coordinaci\u00f3n de Actividades Empresariales<\/title>\n<meta name=\"description\" content=\"Descubre los errores m\u00e1s comunes en la Coordinaci\u00f3n de Actividades Empresariales (CAE) y c\u00f3mo evitarlos.\" \/>\n<meta name=\"robots\" content=\"index, follow, max-snippet:-1, max-image-preview:large, max-video-preview:-1\" \/>\n<link rel=\"canonical\" href=\"https:\/\/twind.io\/es\/errores-frecuentes-en-la-cae\/\" \/>\n<meta property=\"og:locale\" content=\"es_ES\" \/>\n<meta property=\"og:type\" content=\"article\" \/>\n<meta property=\"og:title\" content=\"Gu\u00eda Errores en la CAE - Twind - Plataforma de Coordinaci\u00f3n de Actividades Empresariales\" \/>\n<meta property=\"og:description\" content=\"Descubre los errores m\u00e1s comunes en la Coordinaci\u00f3n de Actividades Empresariales (CAE) y c\u00f3mo evitarlos.\" \/>\n<meta property=\"og:url\" content=\"https:\/\/twind.io\/es\/errores-frecuentes-en-la-cae\/\" \/>\n<meta property=\"og:site_name\" content=\"Twind - Plataforma de Coordinaci\u00f3n de Actividades Empresariales\" \/>\n<meta property=\"article:modified_time\" content=\"2026-02-17T14:59:31+00:00\" \/>\n<meta property=\"og:image\" content=\"https:\/\/twind.io\/es\/wp-content\/uploads\/2023\/04\/logo.png\" \/>\n<meta name=\"twitter:card\" content=\"summary_large_image\" \/>\n<meta name=\"twitter:label1\" content=\"Tiempo de lectura\" \/>\n\t<meta name=\"twitter:data1\" content=\"4 minutos\" \/>\n<script type=\"application\/ld+json\" class=\"yoast-schema-graph\">{\"@context\":\"https:\\\/\\\/schema.org\",\"@graph\":[{\"@type\":\"WebPage\",\"@id\":\"https:\\\/\\\/twind.io\\\/es\\\/errores-frecuentes-en-la-cae\\\/\",\"url\":\"https:\\\/\\\/twind.io\\\/es\\\/errores-frecuentes-en-la-cae\\\/\",\"name\":\"Gu\u00eda Errores en la CAE - Twind - Plataforma de Coordinaci\u00f3n de Actividades Empresariales\",\"isPartOf\":{\"@id\":\"https:\\\/\\\/twind.io\\\/es\\\/#website\"},\"primaryImageOfPage\":{\"@id\":\"https:\\\/\\\/twind.io\\\/es\\\/errores-frecuentes-en-la-cae\\\/#primaryimage\"},\"image\":{\"@id\":\"https:\\\/\\\/twind.io\\\/es\\\/errores-frecuentes-en-la-cae\\\/#primaryimage\"},\"thumbnailUrl\":\"https:\\\/\\\/twind.io\\\/es\\\/wp-content\\\/uploads\\\/2023\\\/04\\\/logo.png\",\"datePublished\":\"2025-03-20T11:30:24+00:00\",\"dateModified\":\"2026-02-17T14:59:31+00:00\",\"description\":\"Descubre los errores m\u00e1s comunes en la Coordinaci\u00f3n de Actividades Empresariales (CAE) y c\u00f3mo evitarlos.\",\"breadcrumb\":{\"@id\":\"https:\\\/\\\/twind.io\\\/es\\\/errores-frecuentes-en-la-cae\\\/#breadcrumb\"},\"inLanguage\":\"es\",\"potentialAction\":[{\"@type\":\"ReadAction\",\"target\":[\"https:\\\/\\\/twind.io\\\/es\\\/errores-frecuentes-en-la-cae\\\/\"]}]},{\"@type\":\"ImageObject\",\"inLanguage\":\"es\",\"@id\":\"https:\\\/\\\/twind.io\\\/es\\\/errores-frecuentes-en-la-cae\\\/#primaryimage\",\"url\":\"https:\\\/\\\/twind.io\\\/es\\\/wp-content\\\/uploads\\\/2023\\\/04\\\/logo.png\",\"contentUrl\":\"https:\\\/\\\/twind.io\\\/es\\\/wp-content\\\/uploads\\\/2023\\\/04\\\/logo.png\",\"width\":220,\"height\":75,\"caption\":\"twind\"},{\"@type\":\"BreadcrumbList\",\"@id\":\"https:\\\/\\\/twind.io\\\/es\\\/errores-frecuentes-en-la-cae\\\/#breadcrumb\",\"itemListElement\":[{\"@type\":\"ListItem\",\"position\":1,\"name\":\"Portada\",\"item\":\"https:\\\/\\\/twind.io\\\/es\\\/\"},{\"@type\":\"ListItem\",\"position\":2,\"name\":\"Gu\u00eda Errores en la CAE\"}]},{\"@type\":\"WebSite\",\"@id\":\"https:\\\/\\\/twind.io\\\/es\\\/#website\",\"url\":\"https:\\\/\\\/twind.io\\\/es\\\/\",\"name\":\"Twind - Plataforma de Coordinaci\u00f3n de Actividades Empresariales\",\"description\":\"Coordina los procesos de gesti\u00f3n documental y control de contratistas y proveedores, respetando la normativa en materia de Seguridad y Salud en el Trabajo.\",\"potentialAction\":[{\"@type\":\"SearchAction\",\"target\":{\"@type\":\"EntryPoint\",\"urlTemplate\":\"https:\\\/\\\/twind.io\\\/es\\\/?s={search_term_string}\"},\"query-input\":{\"@type\":\"PropertyValueSpecification\",\"valueRequired\":true,\"valueName\":\"search_term_string\"}}],\"inLanguage\":\"es\"}]}<\/script>\n<!-- \/ Yoast SEO plugin. -->","yoast_head_json":{"title":"Gu\u00eda Errores en la CAE - Twind - Plataforma de Coordinaci\u00f3n de Actividades Empresariales","description":"Descubre los errores m\u00e1s comunes en la Coordinaci\u00f3n de Actividades Empresariales (CAE) y c\u00f3mo evitarlos.","robots":{"index":"index","follow":"follow","max-snippet":"max-snippet:-1","max-image-preview":"max-image-preview:large","max-video-preview":"max-video-preview:-1"},"canonical":"https:\/\/twind.io\/es\/errores-frecuentes-en-la-cae\/","og_locale":"es_ES","og_type":"article","og_title":"Gu\u00eda Errores en la CAE - Twind - Plataforma de Coordinaci\u00f3n de Actividades Empresariales","og_description":"Descubre los errores m\u00e1s comunes en la Coordinaci\u00f3n de Actividades Empresariales (CAE) y c\u00f3mo evitarlos.","og_url":"https:\/\/twind.io\/es\/errores-frecuentes-en-la-cae\/","og_site_name":"Twind - Plataforma de Coordinaci\u00f3n de Actividades Empresariales","article_modified_time":"2026-02-17T14:59:31+00:00","og_image":[{"url":"https:\/\/twind.io\/es\/wp-content\/uploads\/2023\/04\/logo.png","type":"","width":"","height":""}],"twitter_card":"summary_large_image","twitter_misc":{"Tiempo de lectura":"4 minutos"},"schema":{"@context":"https:\/\/schema.org","@graph":[{"@type":"WebPage","@id":"https:\/\/twind.io\/es\/errores-frecuentes-en-la-cae\/","url":"https:\/\/twind.io\/es\/errores-frecuentes-en-la-cae\/","name":"Gu\u00eda Errores en la CAE - Twind - Plataforma de Coordinaci\u00f3n de Actividades Empresariales","isPartOf":{"@id":"https:\/\/twind.io\/es\/#website"},"primaryImageOfPage":{"@id":"https:\/\/twind.io\/es\/errores-frecuentes-en-la-cae\/#primaryimage"},"image":{"@id":"https:\/\/twind.io\/es\/errores-frecuentes-en-la-cae\/#primaryimage"},"thumbnailUrl":"https:\/\/twind.io\/es\/wp-content\/uploads\/2023\/04\/logo.png","datePublished":"2025-03-20T11:30:24+00:00","dateModified":"2026-02-17T14:59:31+00:00","description":"Descubre los errores m\u00e1s comunes en la Coordinaci\u00f3n de Actividades Empresariales (CAE) y c\u00f3mo evitarlos.","breadcrumb":{"@id":"https:\/\/twind.io\/es\/errores-frecuentes-en-la-cae\/#breadcrumb"},"inLanguage":"es","potentialAction":[{"@type":"ReadAction","target":["https:\/\/twind.io\/es\/errores-frecuentes-en-la-cae\/"]}]},{"@type":"ImageObject","inLanguage":"es","@id":"https:\/\/twind.io\/es\/errores-frecuentes-en-la-cae\/#primaryimage","url":"https:\/\/twind.io\/es\/wp-content\/uploads\/2023\/04\/logo.png","contentUrl":"https:\/\/twind.io\/es\/wp-content\/uploads\/2023\/04\/logo.png","width":220,"height":75,"caption":"twind"},{"@type":"BreadcrumbList","@id":"https:\/\/twind.io\/es\/errores-frecuentes-en-la-cae\/#breadcrumb","itemListElement":[{"@type":"ListItem","position":1,"name":"Portada","item":"https:\/\/twind.io\/es\/"},{"@type":"ListItem","position":2,"name":"Gu\u00eda Errores en la CAE"}]},{"@type":"WebSite","@id":"https:\/\/twind.io\/es\/#website","url":"https:\/\/twind.io\/es\/","name":"Twind - Plataforma de Coordinaci\u00f3n de Actividades Empresariales","description":"Coordina los procesos de gesti\u00f3n documental y control de contratistas y proveedores, respetando la normativa en materia de Seguridad y Salud en el Trabajo.","potentialAction":[{"@type":"SearchAction","target":{"@type":"EntryPoint","urlTemplate":"https:\/\/twind.io\/es\/?s={search_term_string}"},"query-input":{"@type":"PropertyValueSpecification","valueRequired":true,"valueName":"search_term_string"}}],"inLanguage":"es"}]}},"_links":{"self":[{"href":"https:\/\/twind.io\/es\/wp-json\/wp\/v2\/pages\/3336","targetHints":{"allow":["GET"]}}],"collection":[{"href":"https:\/\/twind.io\/es\/wp-json\/wp\/v2\/pages"}],"about":[{"href":"https:\/\/twind.io\/es\/wp-json\/wp\/v2\/types\/page"}],"author":[{"embeddable":true,"href":"https:\/\/twind.io\/es\/wp-json\/wp\/v2\/users\/1"}],"replies":[{"embeddable":true,"href":"https:\/\/twind.io\/es\/wp-json\/wp\/v2\/comments?post=3336"}],"version-history":[{"count":84,"href":"https:\/\/twind.io\/es\/wp-json\/wp\/v2\/pages\/3336\/revisions"}],"predecessor-version":[{"id":38223,"href":"https:\/\/twind.io\/es\/wp-json\/wp\/v2\/pages\/3336\/revisions\/38223"}],"wp:attachment":[{"href":"https:\/\/twind.io\/es\/wp-json\/wp\/v2\/media?parent=3336"}],"curies":[{"name":"wp","href":"https:\/\/api.w.org\/{rel}","templated":true}]}}