{"id":3447,"date":"2025-04-07T07:29:58","date_gmt":"2025-04-07T07:29:58","guid":{"rendered":"https:\/\/twind.io\/es\/?page_id=3447"},"modified":"2025-09-17T07:08:02","modified_gmt":"2025-09-17T07:08:02","slug":"guia-tendencias-clave-en-prevencion-de-riesgos-y-cae-para-2025","status":"publish","type":"page","link":"https:\/\/twind.io\/es\/guia-tendencias-clave-en-prevencion-de-riesgos-y-cae-para-2025\/","title":{"rendered":"LM &#8211; 12 Tendencias clave en prevenci\u00f3n de riesgos y CAE para 2025"},"content":{"rendered":"<h1 style=\"text-align: center;\">e-book gratis<\/h1>\n<h1 style=\"text-align: center;\"><strong>12 Tendencias<\/strong><strong>clave en PRL y CAE&nbsp;<\/strong><\/h1>\n<h1 style=\"text-align: center;\"><span style=\"font-weight: normal;\">Descubre lo que la Inspecci\u00f3n de Trabajo tiene en la mira este 2025<\/span><\/h1>\n<p><span style=\"\"><img decoding=\"async\" alt=\"\" data-id=\"3658\" width=\"447\" data-init-width=\"731\" height=\"615\" data-init-height=\"1005\" title=\"Mockup Vertical\" loading=\"lazy\" src=\"https:\/\/twind.io\/es\/wp-content\/uploads\/2025\/04\/Mockup-Vertical.png\" data-width=\"447\" data-height=\"615\" style=\"aspect-ratio: auto 731 \/ 1005;\" mt-d=\"0\" ml-d=\"0\" center-v-d=\"false\"><\/span><\/p>\n<p style=\"\"><strong>\u00bfEst\u00e1 tu empresa preparada para los cambios que llegan en 2025?<\/strong>Los pr\u00f3ximos a\u00f1os vienen cargados de cambios normativos y nuevas exigencias en cuanto a la prevenci\u00f3n de riesgos laborales (PRL) y la coordinaci\u00f3n de actividades empresariales (CAE). Si no te actualizas, corres el riesgo de enfrentarte a sanciones, reclamaciones e incluso problemas en las inspecciones de trabajo.<strong><\/strong><strong>Este e-book es imprescindible para ti si:<\/strong><\/p>\n<p><span><img decoding=\"async\" role=\"img\" alt=\"\ud83d\ude80\" src=\"https:\/\/s.w.org\/images\/core\/emoji\/15.1.0\/svg\/1f680.svg\"> Quieres asegurarte de que tu empresa cumpla con las \u00faltimas exigencias de la Inspecci\u00f3n de Trabajo.<\/span><\/p>\n<p><span><img decoding=\"async\" role=\"img\" alt=\"\ud83d\ude80\" src=\"https:\/\/s.w.org\/images\/core\/emoji\/15.1.0\/svg\/1f680.svg\"> No quieres perderte las nuevas tendencias y normativas que impactar\u00e1n en la gesti\u00f3n de los riesgos laborales.<img decoding=\"async\" role=\"img\" alt=\"\ud83d\ude80\" src=\"https:\/\/s.w.org\/images\/core\/emoji\/15.1.0\/svg\/1f680.svg\"> Necesitas tener un control exhaustivo sobre la documentaci\u00f3n y procesos de seguridad y salud en el trabajo.<\/span><\/p>\n\n\t\t\t\t\t\t<script>\n\t\t\t\t\t\t\twindow.hsFormsOnReady = window.hsFormsOnReady || [];\n\t\t\t\t\t\t\twindow.hsFormsOnReady.push(()=>{\n\t\t\t\t\t\t\t\thbspt.forms.create({\n\t\t\t\t\t\t\t\t\tportalId: 146424663,\n\t\t\t\t\t\t\t\t\tformId: \"bc05f608-5a09-4b75-ba8d-11763501073c\",\n\t\t\t\t\t\t\t\t\ttarget: \"#hbspt-form-1775358766000-4736460200\",\n\t\t\t\t\t\t\t\t\tregion: \"eu1\",\n\t\t\t\t\t\t\t\t\t\n\t\t\t\t\t\t\t})});\n\t\t\t\t\t\t<\/script>\n\t\t\t\t\t\t<div class=\"hbspt-form\" id=\"hbspt-form-1775358766000-4736460200\"><\/div>\n<p><strong>\u00bfQu\u00e9 incluye este<\/strong><strong>e-book?<\/strong><\/p>\n<p><span style=\"font-size: 15px !important;\">En este documento descubrir\u00e1s:<\/span><span style=\"font-size: 15px !important;\"><img decoding=\"async\" role=\"img\" alt=\"\u2705\" src=\"https:\/\/s.w.org\/images\/core\/emoji\/15.1.0\/svg\/2705.svg\"> <strong>Principales cambios normativos<\/strong> en PRL y CAE que entrar\u00e1n en vigor en 2025.<img decoding=\"async\" role=\"img\" alt=\"\u2705\" src=\"https:\/\/s.w.org\/images\/core\/emoji\/15.1.0\/svg\/2705.svg\"> <strong>Inspecci\u00f3n de Trabajo:<\/strong> qu\u00e9 aspectos reforzar\u00e1 y qu\u00e9 medidas se exigir\u00e1n.<img decoding=\"async\" role=\"img\" alt=\"\u2705\" src=\"https:\/\/s.w.org\/images\/core\/emoji\/15.1.0\/svg\/2705.svg\"> <strong>Nuevas tendencias<\/strong> en seguridad laboral: desde riesgos psicosociales hasta uso irregular de contratos.<img decoding=\"async\" role=\"img\" alt=\"\u2705\" src=\"https:\/\/s.w.org\/images\/core\/emoji\/15.1.0\/svg\/2705.svg\"> <strong>Casos pr\u00e1cticos y recomendaciones<\/strong> para que tu empresa implemente mejoras sin complicaciones.<img decoding=\"async\" role=\"img\" alt=\"\u2705\" src=\"https:\/\/s.w.org\/images\/core\/emoji\/15.1.0\/svg\/2705.svg\"> <strong>Gu\u00edas y documentos clave <\/strong>para cumplir con la normativa de manera eficiente.\u00a1Accede a toda esta informaci\u00f3n crucial! No esperes a que la Inspecci\u00f3n de Trabajo llegue para ponerte al d\u00eda. <strong>Desc\u00e1rgalo ahora y adel\u00e1ntate a las exigencias de 2025.<\/strong><\/span><span style=\"font-size: 15px !important;\"><\/span><\/p>\n<p><span><img decoding=\"async\" alt=\"\" data-id=\"3657\" width=\"661\" data-init-width=\"500\" height=\"465\" data-init-height=\"352\" title=\"Mockup Horizontal (1)\" loading=\"lazy\" src=\"https:\/\/twind.io\/es\/wp-content\/uploads\/2025\/04\/Mockup-Horizontal-1.png\" data-width=\"661\" data-height=\"465\" style=\"aspect-ratio: auto 500 \/ 352;\"><\/span><\/p>\n<h3 data-block-id=\"block-f2d77e39-d974-43f8-bf1d-585d078661de\" style=\"text-align: center;\"><strong><span style=\"--tcb-applied-color: var$(--tcb-color-4) !important; color: var(--tcb-color-4) !important;\">\u00bfPor qu\u00e9 deber\u00edas descargar este e-book?<\/span><\/strong><\/h3>\n<p><span style=\"font-size: 15px !important;\"><span style=\"color: rgb(26, 48, 55) !important;\"><span style=\"--tcb-applied-color: rgb(26, 48, 55) !important;\"><strong><img decoding=\"async\" role=\"img\" alt=\"\ud83d\udd12\" src=\"https:\/\/s.w.org\/images\/core\/emoji\/15.1.0\/svg\/1f512.svg\"> Cumple con la normativa vigente sin sorpresas<\/strong>Las inspecciones de trabajo se est\u00e1n intensificando. No dejes que los cambios legislativos te pillen desprevenido. Este e-book te proporciona todo lo que necesitas saber para estar al d\u00eda y garantizar que tu empresa cumpla con los requisitos de la ley.<strong><img decoding=\"async\" role=\"img\" alt=\"\ud83d\ude80\" src=\"https:\/\/s.w.org\/images\/core\/emoji\/15.1.0\/svg\/1f680.svg\"> Optimiza la gesti\u00f3n de riesgos laborales<\/strong>Descubre c\u00f3mo mejorar la coordinaci\u00f3n de actividades empresariales, reducir la siniestralidad y gestionar eficazmente los riesgos psicosociales. \u00a1Menos papeleo, m\u00e1s seguridad!<strong><img decoding=\"async\" role=\"img\" alt=\"\ud83d\udcca\" src=\"https:\/\/s.w.org\/images\/core\/emoji\/15.1.0\/svg\/1f4ca.svg\"> Mejora la eficiencia y ahorra tiempo<\/strong>Gestionar la documentaci\u00f3n de forma eficiente es clave para evitar sanciones. Este e-book te ayudar\u00e1 a implementar pr\u00e1cticas que optimicen tu tiempo y recursos.<strong><img decoding=\"async\" role=\"img\" alt=\"\ud83d\udd0d\" src=\"https:\/\/s.w.org\/images\/core\/emoji\/15.1.0\/svg\/1f50d.svg\"> Accede a informaci\u00f3n exclusiva.<\/strong>Solo con este e-book podr\u00e1s conocer las tendencias que marcar\u00e1n el panorama de la prevenci\u00f3n de riesgos laborales en los pr\u00f3ximos a\u00f1os. <\/span><\/span><\/span><span style=\"font-size: 15px !important;\"><span style=\"color: rgb(26, 48, 55) !important;\"><span style=\"--tcb-applied-color: rgb(26, 48, 55) !important;\"><\/span><\/span><\/span><span style=\"font-size: 15px !important;\"><span style=\"color: rgb(26, 48, 55) !important;\"><span style=\"--tcb-applied-color: rgb(26, 48, 55) !important;\">\u00a1Convi\u00e9rtete en un experto y lidera la adaptaci\u00f3n al nuevo marco normativo!<\/span><\/span><\/span><\/p>\n<p style=\"text-align: center;\"><strong><span style=\"font-size: 28px !important;\">\u00a1Desc\u00e1rgalo ahora y pon en marcha tu plan de adaptaci\u00f3n!<\/span><\/strong><\/p>\n<p style=\"text-align: center;\"><strong>Completa el formulario para descargar el e-book de forma gratuita y prep\u00e1rate para los cambios que est\u00e1n por llegar<\/strong><\/p>\n","protected":false},"excerpt":{"rendered":"<p>e-book gratis 12 Tendenciasclave en PRL y CAE&nbsp; Descubre lo que la Inspecci\u00f3n de Trabajo tiene en la mira este 2025 \u00bfEst\u00e1 tu empresa preparada para los cambios que llegan en 2025?Los pr\u00f3ximos a\u00f1os vienen cargados de cambios normativos y nuevas exigencias en cuanto a la prevenci\u00f3n de riesgos laborales (PRL) y la coordinaci\u00f3n de [&hellip;]<\/p>\n","protected":false},"author":1,"featured_media":0,"parent":0,"menu_order":0,"comment_status":"closed","ping_status":"closed","template":"","meta":{"content-type":"","footnotes":""},"class_list":["post-3447","page","type-page","status-publish","hentry","post-wrapper","thrv_wrapper"],"yoast_head":"<!-- This site is optimized with the Yoast SEO plugin v27.3 - https:\/\/yoast.com\/product\/yoast-seo-wordpress\/ -->\n<title>Gu\u00eda Gratis | Claves en Prevenci\u00f3n de Riesgos y CAE para 2025<\/title>\n<meta name=\"description\" content=\"12 Tendencias clave en prevenci\u00f3n de riesgos y CAE para 2025\" \/>\n<meta name=\"robots\" content=\"index, follow, max-snippet:-1, max-image-preview:large, max-video-preview:-1\" \/>\n<link rel=\"canonical\" href=\"https:\/\/twind.io\/es\/guia-tendencias-clave-en-prevencion-de-riesgos-y-cae-para-2025\/\" \/>\n<meta property=\"og:locale\" content=\"es_ES\" \/>\n<meta property=\"og:type\" content=\"article\" \/>\n<meta property=\"og:title\" content=\"Gu\u00eda Gratis | Claves en Prevenci\u00f3n de Riesgos y CAE para 2025\" \/>\n<meta property=\"og:description\" content=\"12 Tendencias clave en prevenci\u00f3n de riesgos y CAE para 2025\" \/>\n<meta property=\"og:url\" content=\"https:\/\/twind.io\/es\/guia-tendencias-clave-en-prevencion-de-riesgos-y-cae-para-2025\/\" \/>\n<meta property=\"og:site_name\" content=\"Twind - Plataforma de Coordinaci\u00f3n de Actividades Empresariales\" \/>\n<meta property=\"article:modified_time\" content=\"2025-09-17T07:08:02+00:00\" \/>\n<meta property=\"og:image\" content=\"https:\/\/twind.io\/es\/wp-content\/uploads\/2025\/04\/Mockup-Vertical.png\" \/>\n<meta name=\"twitter:card\" content=\"summary_large_image\" \/>\n<meta name=\"twitter:label1\" content=\"Tiempo de lectura\" \/>\n\t<meta name=\"twitter:data1\" content=\"4 minutos\" \/>\n<script type=\"application\/ld+json\" class=\"yoast-schema-graph\">{\"@context\":\"https:\\\/\\\/schema.org\",\"@graph\":[{\"@type\":\"WebPage\",\"@id\":\"https:\\\/\\\/twind.io\\\/es\\\/guia-tendencias-clave-en-prevencion-de-riesgos-y-cae-para-2025\\\/\",\"url\":\"https:\\\/\\\/twind.io\\\/es\\\/guia-tendencias-clave-en-prevencion-de-riesgos-y-cae-para-2025\\\/\",\"name\":\"Gu\u00eda Gratis | Claves en Prevenci\u00f3n de Riesgos y CAE para 2025\",\"isPartOf\":{\"@id\":\"https:\\\/\\\/twind.io\\\/es\\\/#website\"},\"primaryImageOfPage\":{\"@id\":\"https:\\\/\\\/twind.io\\\/es\\\/guia-tendencias-clave-en-prevencion-de-riesgos-y-cae-para-2025\\\/#primaryimage\"},\"image\":{\"@id\":\"https:\\\/\\\/twind.io\\\/es\\\/guia-tendencias-clave-en-prevencion-de-riesgos-y-cae-para-2025\\\/#primaryimage\"},\"thumbnailUrl\":\"https:\\\/\\\/twind.io\\\/es\\\/wp-content\\\/uploads\\\/2025\\\/04\\\/Mockup-Vertical.png\",\"datePublished\":\"2025-04-07T07:29:58+00:00\",\"dateModified\":\"2025-09-17T07:08:02+00:00\",\"description\":\"12 Tendencias clave en prevenci\u00f3n de riesgos y CAE para 2025\",\"breadcrumb\":{\"@id\":\"https:\\\/\\\/twind.io\\\/es\\\/guia-tendencias-clave-en-prevencion-de-riesgos-y-cae-para-2025\\\/#breadcrumb\"},\"inLanguage\":\"es\",\"potentialAction\":[{\"@type\":\"ReadAction\",\"target\":[\"https:\\\/\\\/twind.io\\\/es\\\/guia-tendencias-clave-en-prevencion-de-riesgos-y-cae-para-2025\\\/\"]}]},{\"@type\":\"ImageObject\",\"inLanguage\":\"es\",\"@id\":\"https:\\\/\\\/twind.io\\\/es\\\/guia-tendencias-clave-en-prevencion-de-riesgos-y-cae-para-2025\\\/#primaryimage\",\"url\":\"https:\\\/\\\/twind.io\\\/es\\\/wp-content\\\/uploads\\\/2025\\\/04\\\/Mockup-Vertical.png\",\"contentUrl\":\"https:\\\/\\\/twind.io\\\/es\\\/wp-content\\\/uploads\\\/2025\\\/04\\\/Mockup-Vertical.png\",\"width\":731,\"height\":1005},{\"@type\":\"BreadcrumbList\",\"@id\":\"https:\\\/\\\/twind.io\\\/es\\\/guia-tendencias-clave-en-prevencion-de-riesgos-y-cae-para-2025\\\/#breadcrumb\",\"itemListElement\":[{\"@type\":\"ListItem\",\"position\":1,\"name\":\"Portada\",\"item\":\"https:\\\/\\\/twind.io\\\/es\\\/\"},{\"@type\":\"ListItem\",\"position\":2,\"name\":\"LM &#8211; 12 Tendencias clave en prevenci\u00f3n de riesgos y CAE para 2025\"}]},{\"@type\":\"WebSite\",\"@id\":\"https:\\\/\\\/twind.io\\\/es\\\/#website\",\"url\":\"https:\\\/\\\/twind.io\\\/es\\\/\",\"name\":\"Twind - Plataforma de Coordinaci\u00f3n de Actividades Empresariales\",\"description\":\"Coordina los procesos de gesti\u00f3n documental y control de contratistas y proveedores, respetando la normativa en materia de Seguridad y Salud en el Trabajo.\",\"potentialAction\":[{\"@type\":\"SearchAction\",\"target\":{\"@type\":\"EntryPoint\",\"urlTemplate\":\"https:\\\/\\\/twind.io\\\/es\\\/?s={search_term_string}\"},\"query-input\":{\"@type\":\"PropertyValueSpecification\",\"valueRequired\":true,\"valueName\":\"search_term_string\"}}],\"inLanguage\":\"es\"}]}<\/script>\n<!-- \/ Yoast SEO plugin. -->","yoast_head_json":{"title":"Gu\u00eda Gratis | Claves en Prevenci\u00f3n de Riesgos y CAE para 2025","description":"12 Tendencias clave en prevenci\u00f3n de riesgos y CAE para 2025","robots":{"index":"index","follow":"follow","max-snippet":"max-snippet:-1","max-image-preview":"max-image-preview:large","max-video-preview":"max-video-preview:-1"},"canonical":"https:\/\/twind.io\/es\/guia-tendencias-clave-en-prevencion-de-riesgos-y-cae-para-2025\/","og_locale":"es_ES","og_type":"article","og_title":"Gu\u00eda Gratis | Claves en Prevenci\u00f3n de Riesgos y CAE para 2025","og_description":"12 Tendencias clave en prevenci\u00f3n de riesgos y CAE para 2025","og_url":"https:\/\/twind.io\/es\/guia-tendencias-clave-en-prevencion-de-riesgos-y-cae-para-2025\/","og_site_name":"Twind - Plataforma de Coordinaci\u00f3n de Actividades Empresariales","article_modified_time":"2025-09-17T07:08:02+00:00","og_image":[{"url":"https:\/\/twind.io\/es\/wp-content\/uploads\/2025\/04\/Mockup-Vertical.png","type":"","width":"","height":""}],"twitter_card":"summary_large_image","twitter_misc":{"Tiempo de lectura":"4 minutos"},"schema":{"@context":"https:\/\/schema.org","@graph":[{"@type":"WebPage","@id":"https:\/\/twind.io\/es\/guia-tendencias-clave-en-prevencion-de-riesgos-y-cae-para-2025\/","url":"https:\/\/twind.io\/es\/guia-tendencias-clave-en-prevencion-de-riesgos-y-cae-para-2025\/","name":"Gu\u00eda Gratis | Claves en Prevenci\u00f3n de Riesgos y CAE para 2025","isPartOf":{"@id":"https:\/\/twind.io\/es\/#website"},"primaryImageOfPage":{"@id":"https:\/\/twind.io\/es\/guia-tendencias-clave-en-prevencion-de-riesgos-y-cae-para-2025\/#primaryimage"},"image":{"@id":"https:\/\/twind.io\/es\/guia-tendencias-clave-en-prevencion-de-riesgos-y-cae-para-2025\/#primaryimage"},"thumbnailUrl":"https:\/\/twind.io\/es\/wp-content\/uploads\/2025\/04\/Mockup-Vertical.png","datePublished":"2025-04-07T07:29:58+00:00","dateModified":"2025-09-17T07:08:02+00:00","description":"12 Tendencias clave en prevenci\u00f3n de riesgos y CAE para 2025","breadcrumb":{"@id":"https:\/\/twind.io\/es\/guia-tendencias-clave-en-prevencion-de-riesgos-y-cae-para-2025\/#breadcrumb"},"inLanguage":"es","potentialAction":[{"@type":"ReadAction","target":["https:\/\/twind.io\/es\/guia-tendencias-clave-en-prevencion-de-riesgos-y-cae-para-2025\/"]}]},{"@type":"ImageObject","inLanguage":"es","@id":"https:\/\/twind.io\/es\/guia-tendencias-clave-en-prevencion-de-riesgos-y-cae-para-2025\/#primaryimage","url":"https:\/\/twind.io\/es\/wp-content\/uploads\/2025\/04\/Mockup-Vertical.png","contentUrl":"https:\/\/twind.io\/es\/wp-content\/uploads\/2025\/04\/Mockup-Vertical.png","width":731,"height":1005},{"@type":"BreadcrumbList","@id":"https:\/\/twind.io\/es\/guia-tendencias-clave-en-prevencion-de-riesgos-y-cae-para-2025\/#breadcrumb","itemListElement":[{"@type":"ListItem","position":1,"name":"Portada","item":"https:\/\/twind.io\/es\/"},{"@type":"ListItem","position":2,"name":"LM &#8211; 12 Tendencias clave en prevenci\u00f3n de riesgos y CAE para 2025"}]},{"@type":"WebSite","@id":"https:\/\/twind.io\/es\/#website","url":"https:\/\/twind.io\/es\/","name":"Twind - Plataforma de Coordinaci\u00f3n de Actividades Empresariales","description":"Coordina los procesos de gesti\u00f3n documental y control de contratistas y proveedores, respetando la normativa en materia de Seguridad y Salud en el Trabajo.","potentialAction":[{"@type":"SearchAction","target":{"@type":"EntryPoint","urlTemplate":"https:\/\/twind.io\/es\/?s={search_term_string}"},"query-input":{"@type":"PropertyValueSpecification","valueRequired":true,"valueName":"search_term_string"}}],"inLanguage":"es"}]}},"_links":{"self":[{"href":"https:\/\/twind.io\/es\/wp-json\/wp\/v2\/pages\/3447","targetHints":{"allow":["GET"]}}],"collection":[{"href":"https:\/\/twind.io\/es\/wp-json\/wp\/v2\/pages"}],"about":[{"href":"https:\/\/twind.io\/es\/wp-json\/wp\/v2\/types\/page"}],"author":[{"embeddable":true,"href":"https:\/\/twind.io\/es\/wp-json\/wp\/v2\/users\/1"}],"replies":[{"embeddable":true,"href":"https:\/\/twind.io\/es\/wp-json\/wp\/v2\/comments?post=3447"}],"version-history":[{"count":20,"href":"https:\/\/twind.io\/es\/wp-json\/wp\/v2\/pages\/3447\/revisions"}],"predecessor-version":[{"id":36392,"href":"https:\/\/twind.io\/es\/wp-json\/wp\/v2\/pages\/3447\/revisions\/36392"}],"wp:attachment":[{"href":"https:\/\/twind.io\/es\/wp-json\/wp\/v2\/media?parent=3447"}],"curies":[{"name":"wp","href":"https:\/\/api.w.org\/{rel}","templated":true}]}}