{"id":35967,"date":"2025-06-25T09:13:00","date_gmt":"2025-06-25T09:13:00","guid":{"rendered":"https:\/\/twind.io\/es\/?page_id=35967"},"modified":"2025-11-25T12:48:09","modified_gmt":"2025-11-25T12:48:09","slug":"coordinacion-actividades-empresariales-obras-construccion","status":"publish","type":"page","link":"https:\/\/twind.io\/es\/coordinacion-actividades-empresariales-obras-construccion\/","title":{"rendered":"Coordinaci\u00f3n de Actividades Empresariales en construcci\u00f3n"},"content":{"rendered":"<p><span><img decoding=\"async\" alt=\"Twind\" data-id=\"309\" title=\"Twind\" loading=\"lazy\" src=\"https:\/\/twind.io\/es\/wp-content\/uploads\/2023\/04\/Logo-Twind.svg\" data-width=\"240\" data-height=\"62\" style=\"\" height=\"62\" width=\"240\"><\/span><\/p>\n<h1 style=\"text-align: center;\"><span>CAE en Obras: digitaliza la&nbsp;<\/span><span>Coordinaci\u00f3n de Actividades Empresariales<\/span><span>&nbsp;en Construcci\u00f3n<\/span><\/h1>\n<p style=\"text-align: center;\">Automatiza tu gesti\u00f3n documental CAE en obras de construcci\u00f3n y cumple f\u00e1cilmente con el <strong data-end=\"821\" data-start=\"805\">RD 1627\/97<\/strong>.Solicita una demo y descubre c\u00f3mo simplificar la <strong data-end=\"928\" data-start=\"874\">Coordinaci\u00f3n de Actividades Empresariales en obras<\/strong> sin perder tiempo ni asumir riesgos.<\/p>\n<h2 style=\"text-align: center;\"><span style=\"color: rgb(255, 255, 255) !important; --tcb-applied-color: rgb(255, 255, 255) !important;\">\u00bfGestionar la<\/span><span style=\"color: rgb(26, 48, 55) !important; --tcb-applied-color: rgb(26, 48, 55) !important;\"> <\/span><span style=\"color: var(--tcb-color-4) !important; --tcb-applied-color: var$(--tcb-color-4) !important;\">CAE en Construcci\u00f3n<\/span><span style=\"color: rgb(26, 48, 55) !important; --tcb-applied-color: rgb(26, 48, 55) !important;\"> <\/span><span style=\"color: rgb(255, 255, 255) !important; --tcb-applied-color: rgb(255, 255, 255) !important;\">te quita tiempo y recursos?<\/span><\/h2>\n<p style=\"text-align: center;\">La <strong data-end=\"1216\" data-start=\"1177\">gesti\u00f3n de subcontratistas en obras<\/strong> implica revisar cientos de documentos, coordinar niveles de subcontrataci\u00f3n y asegurar el cumplimiento del REA y del Libro de Subcontrataci\u00f3n.<\/p>\n<p style=\"text-align: center;\">Con m\u00faltiples oficios en obra y una alta rotaci\u00f3n de empresas, el riesgo de errores y sanciones se multiplica.<\/p>\n<p style=\"text-align: center;\">Twind automatiza y digitaliza todo el proceso de <strong data-end=\"1557\" data-start=\"1525\">CAE en obras de construcci\u00f3n<\/strong>, desde el inicio hasta el cierre de obra.<\/p>\n<h2 style=\"text-align: center;\"><span style=\"color: rgb(26, 48, 55) !important; --tcb-applied-color: rgb(26, 48, 55) !important;\">Soluci\u00f3n <\/span><span style=\"color: var(--tcb-color-4) !important; --tcb-applied-color: var$(--tcb-color-4) !important;\">CAE para Obras:&nbsp;<\/span><span style=\"color: rgb(26, 48, 55) !important; --tcb-applied-color: rgb(26, 48, 55) !important;\">eficiencia y cumplimiento legal<\/span><\/h2>\n<p style=\"text-align: center;\">La gesti\u00f3n de la <strong data-end=\"623\" data-start=\"553\">Coordinaci\u00f3n de Actividades Empresariales en obras de construcci\u00f3n<\/strong> requiere tiempo, rigor documental y conocimiento normativo. Twind centraliza todo el proceso CAE para que cumplas la ley y reduzcas carga administrativa desde el primer d\u00eda.<\/p>\n<p style=\"text-align: center;\">Una herramienta dise\u00f1ada para <strong>t\u00e9cnicos de PRL, jefes de obra y coordinadores<\/strong> que necesitan soluciones reales en entornos complejos.<\/p>\n<p><!--! Font Awesome Free 6.7.1 by @fontawesome - https:\/\/fontawesome.com License - https:\/\/fontawesome.com\/license\/free (Icons: CC BY 4.0, Fonts: SIL OFL 1.1, Code: MIT License) Copyright 2024 Fonticons, Inc. --><\/p>\n<p style=\"text-align: center;\">Control del <strong data-end=\"902\" data-start=\"874\">Libro de Subcontrataci\u00f3n<\/strong> con actualizaciones autom\u00e1ticas<\/p>\n<p><!--! Font Awesome Free 6.7.1 by @fontawesome - https:\/\/fontawesome.com License - https:\/\/fontawesome.com\/license\/free (Icons: CC BY 4.0, Fonts: SIL OFL 1.1, Code: MIT License) Copyright 2024 Fonticons, Inc. --><\/p>\n<p style=\"text-align: center;\">Verificaci\u00f3n de <strong>requisitos legales<\/strong> (REA, formaci\u00f3n, EPIs, autorizaciones&#8230;)<\/p>\n<p style=\"text-align: center;\">Gesti\u00f3n de <strong>subcontratistas por niveles<\/strong>, cumpliendo el l\u00edmite m\u00e1ximo legal de 3<\/p>\n<p style=\"text-align: center;\"><strong>Alertas autom\u00e1ticas<\/strong> de caducidad y bloqueo por incumplimiento<\/p>\n<p><!--! Font Awesome Free 6.7.1 by @fontawesome - https:\/\/fontawesome.com License - https:\/\/fontawesome.com\/license\/free (Icons: CC BY 4.0, Fonts: SIL OFL 1.1, Code: MIT License) Copyright 2024 Fonticons, Inc. --><\/p>\n<p style=\"text-align: center;\"><strong>Cu<span style=\"--tcb-applied-color: rgb(117, 130, 135) !important; color: rgb(117, 130, 135) !important;\">mplimiento l<\/span>egal<\/strong> garantizado con <a href=\"https:\/\/twind.io\/es\/rd-1627-97-seguridad-obras-construccion\/\" target=\"_blank\" style=\"outline: none;\">RD 1627\/1997<\/a>, <span style=\"font-weight: normal;\"><a href=\"https:\/\/twind.io\/es\/real-decreto-171-2004-coordinacion-actividades-empresariales\/\" target=\"_blank\" style=\"outline: none;\">RD 171\/2004<\/a>, <\/span><a href=\"https:\/\/twind.io\/es\/ley-31-1995-prevencion-riesgos-laborales\/\" target=\"_blank\" style=\"outline: none;\"><span style=\"font-weight: normal;\">Ley 31\/1995<\/span><\/a> y <span style=\"font-weight: normal;\"><a href=\"https:\/\/twind.io\/es\/ley-32-2006-subcontratacion-sector-construccion\/\" target=\"_blank\" style=\"outline: none;\">Ley 32\/2006<\/a><\/span><\/p>\n<p><!--! Font Awesome Free 6.7.1 by @fontawesome - https:\/\/fontawesome.com License - https:\/\/fontawesome.com\/license\/free (Icons: CC BY 4.0, Fonts: SIL OFL 1.1, Code: MIT License) Copyright 2024 Fonticons, Inc. --><\/p>\n<p style=\"text-align: center;\"><strong>Reducci\u00f3n de hasta un 60\u202f%<\/strong> del tiempo dedicado a la gesti\u00f3n CAE en obra<\/p>\n<h2 style=\"text-align: center;\"><span style=\"color: rgb(26, 48, 55) !important; --tcb-applied-color: rgb(26, 48, 55) !important;\">Con Twind, la <\/span><span style=\"color: var(--tcb-skin-color-0); --tcb-applied-color: rgb(106, 107, 108)  !important;\"><strong data-end=\"3353\" data-start=\"3319\">gesti\u00f3n de CAE en Construcci\u00f3n<\/strong><\/span><span style=\"color: rgb(26, 48, 55) !important; --tcb-applied-color: rgb(26, 48, 55) !important;\">&nbsp;se adapta al ritmo real de tus obras<\/span><\/h2>\n<h2><span data-contrast=\"auto\" lang=\"ES-ES\">Dise\u00f1ado para la realidad de la obra<\/span><\/h2>\n<ul>\n<li><span style=\"\">Subcontratas de primer, segundo y tercer nivel<\/span><\/li>\n<li><span style=\"\">Documentaci\u00f3n cambiante seg\u00fan oficio (instaladores, estructura, acabados)<\/span><\/li>\n<li><span style=\"\">Riesgos variables: trabajos en altura, espacios confinados, maquinaria pesada<\/span><\/li>\n<li><span style=\"\">Interferencias entre actividades (fontaner\u00eda, electricidad, etc.)<\/span><\/li>\n<li><span style=\"\">Equipos que cambian semana a semana<\/span><\/li>\n<\/ul>\n<h2 style=\"text-align: center;\"><span style=\"color: rgb(26, 48, 55) !important; --tcb-applied-color: rgb(26, 48, 55) !important;\">Algunas empresas que ya conf\u00edan en nosotros:<\/span><\/h2>\n<p style=\"text-align: center;\">&nbsp;Nuestra experiencia abarca desde peque\u00f1as obras hasta grandes proyectos de infraestructura, proporcionando soluciones adaptadas a las necesidades espec\u00edficas de cada cliente.<\/p>\n<p><span><img decoding=\"async\" alt=\"\" data-id=\"35958\" width=\"179\" data-init-width=\"400\" height=\"89\" data-init-height=\"200\" title=\"eiffage-conscytec-logo-bn\" loading=\"lazy\" src=\"https:\/\/twind.io\/es\/wp-content\/uploads\/2025\/06\/eiffage-conscytec-logo-bn.png\" data-width=\"179\" data-height=\"89\" style=\"aspect-ratio: auto 400 \/ 200;\"><\/span><span><img decoding=\"async\" alt=\"\" data-id=\"35959\" width=\"179\" data-init-width=\"400\" height=\"89\" data-init-height=\"200\" title=\"ULMA-Construccion-bn\" loading=\"lazy\" src=\"https:\/\/twind.io\/es\/wp-content\/uploads\/2025\/06\/ULMA-Construccion-bn.png\" data-width=\"179\" data-height=\"89\" style=\"aspect-ratio: auto 400 \/ 200;\"><\/span><span><img decoding=\"async\" alt=\"\" data-id=\"35960\" width=\"179\" data-init-width=\"400\" height=\"89\" data-init-height=\"200\" title=\"elecnor-bn\" loading=\"lazy\" src=\"https:\/\/twind.io\/es\/wp-content\/uploads\/2025\/06\/elecnor-bn.png\" data-width=\"179\" data-height=\"89\" style=\"aspect-ratio: auto 400 \/ 200;\"><\/span><span><img decoding=\"async\" alt=\"OTIS\" data-id=\"35961\" width=\"179\" data-init-width=\"139\" height=\"90\" data-init-height=\"70\" title=\"OTIS\" loading=\"lazy\" src=\"https:\/\/twind.io\/es\/wp-content\/uploads\/2025\/06\/otis-logo-bn_139.png\" data-width=\"179\" data-height=\"90\" style=\"aspect-ratio: auto 139 \/ 70;\"><\/span><\/p>\n<h2 style=\"text-align: center;\"><span style=\"color: var(--tcb-skin-color-0); --tcb-applied-color: rgb(106, 107, 108)  !important;\">Digitaliza la CAE de tus Obras<\/span><span style=\"color: rgb(26, 48, 55) !important; --tcb-applied-color: rgb(26, 48, 55) !important;\"> <\/span><span style=\"color: rgb(255, 255, 255) !important; --tcb-applied-color: rgb(255, 255, 255) !important;\">y gana en seguridad, control y eficiencia<\/span><\/h2>\n<p style=\"text-align: center;\">Solicita ahora tu demo gratuita y descubre c\u00f3mo Twind puede transformar la forma en que gestionas la <strong>Coordinaci\u00f3n de Actividades Empresariales en construcci\u00f3n <\/strong><\/p>\n\n\t\t\t\t\t\t<script>\n\t\t\t\t\t\t\twindow.hsFormsOnReady = window.hsFormsOnReady || [];\n\t\t\t\t\t\t\twindow.hsFormsOnReady.push(()=>{\n\t\t\t\t\t\t\t\thbspt.forms.create({\n\t\t\t\t\t\t\t\t\tportalId: 146424663,\n\t\t\t\t\t\t\t\t\tformId: \"ff1caae1-1822-4204-9180-178e4dff625b\",\n\t\t\t\t\t\t\t\t\ttarget: \"#hbspt-form-1775334626000-0957513953\",\n\t\t\t\t\t\t\t\t\tregion: \"eu1\",\n\t\t\t\t\t\t\t\t\t\n\t\t\t\t\t\t\t})});\n\t\t\t\t\t\t<\/script>\n\t\t\t\t\t\t<div class=\"hbspt-form\" id=\"hbspt-form-1775334626000-0957513953\"><\/div>\n","protected":false},"excerpt":{"rendered":"<p>CAE en Obras: digitaliza la&nbsp;Coordinaci\u00f3n de Actividades Empresariales&nbsp;en Construcci\u00f3n Automatiza tu gesti\u00f3n documental CAE en obras de construcci\u00f3n y cumple f\u00e1cilmente con el RD 1627\/97.Solicita una demo y descubre c\u00f3mo simplificar la Coordinaci\u00f3n de Actividades Empresariales en obras sin perder tiempo ni asumir riesgos. \u00bfGestionar la CAE en Construcci\u00f3n te quita tiempo y recursos? La [&hellip;]<\/p>\n","protected":false},"author":1,"featured_media":2851,"parent":0,"menu_order":0,"comment_status":"closed","ping_status":"closed","template":"","meta":{"content-type":"","footnotes":""},"class_list":["post-35967","page","type-page","status-publish","has-post-thumbnail","hentry","post-wrapper","thrv_wrapper"],"yoast_head":"<!-- This site is optimized with the Yoast SEO plugin v27.3 - https:\/\/yoast.com\/product\/yoast-seo-wordpress\/ -->\n<title>Twind - Plataforma de CAE para la construcci\u00f3n<\/title>\n<meta name=\"description\" content=\"Automatiza la CAE en construcci\u00f3n con Twind. Cumple el RD 1627\/97 y gestiona subcontratistas sin errores ni estr\u00e9s. Solicita tu demo gratuita.\" \/>\n<meta name=\"robots\" content=\"index, follow, max-snippet:-1, max-image-preview:large, max-video-preview:-1\" \/>\n<link rel=\"canonical\" href=\"https:\/\/twind.io\/es\/coordinacion-actividades-empresariales-obras-construccion\/\" \/>\n<meta property=\"og:locale\" content=\"es_ES\" \/>\n<meta property=\"og:type\" content=\"article\" \/>\n<meta property=\"og:title\" content=\"Twind - Plataforma de CAE para la construcci\u00f3n\" \/>\n<meta property=\"og:description\" content=\"Automatiza la CAE en construcci\u00f3n con Twind. Cumple el RD 1627\/97 y gestiona subcontratistas sin errores ni estr\u00e9s. Solicita tu demo gratuita.\" \/>\n<meta property=\"og:url\" content=\"https:\/\/twind.io\/es\/coordinacion-actividades-empresariales-obras-construccion\/\" \/>\n<meta property=\"og:site_name\" content=\"Twind - Plataforma de Coordinaci\u00f3n de Actividades Empresariales\" \/>\n<meta property=\"article:modified_time\" content=\"2025-11-25T12:48:09+00:00\" \/>\n<meta property=\"og:image\" content=\"https:\/\/twind.io\/es\/wp-content\/uploads\/2025\/02\/dashboard-gestion-contratistas-coordinacion-actividades-empresariales.webp\" \/>\n\t<meta property=\"og:image:width\" content=\"1532\" \/>\n\t<meta property=\"og:image:height\" content=\"734\" \/>\n\t<meta property=\"og:image:type\" content=\"image\/webp\" \/>\n<meta name=\"twitter:card\" content=\"summary_large_image\" \/>\n<meta name=\"twitter:label1\" content=\"Tiempo de lectura\" \/>\n\t<meta name=\"twitter:data1\" content=\"4 minutos\" \/>\n<script type=\"application\/ld+json\" class=\"yoast-schema-graph\">{\"@context\":\"https:\\\/\\\/schema.org\",\"@graph\":[{\"@type\":\"WebPage\",\"@id\":\"https:\\\/\\\/twind.io\\\/es\\\/coordinacion-actividades-empresariales-obras-construccion\\\/\",\"url\":\"https:\\\/\\\/twind.io\\\/es\\\/coordinacion-actividades-empresariales-obras-construccion\\\/\",\"name\":\"Twind - Plataforma de CAE para la construcci\u00f3n\",\"isPartOf\":{\"@id\":\"https:\\\/\\\/twind.io\\\/es\\\/#website\"},\"primaryImageOfPage\":{\"@id\":\"https:\\\/\\\/twind.io\\\/es\\\/coordinacion-actividades-empresariales-obras-construccion\\\/#primaryimage\"},\"image\":{\"@id\":\"https:\\\/\\\/twind.io\\\/es\\\/coordinacion-actividades-empresariales-obras-construccion\\\/#primaryimage\"},\"thumbnailUrl\":\"https:\\\/\\\/twind.io\\\/es\\\/wp-content\\\/uploads\\\/2025\\\/02\\\/dashboard-gestion-contratistas-coordinacion-actividades-empresariales.webp\",\"datePublished\":\"2025-06-25T09:13:00+00:00\",\"dateModified\":\"2025-11-25T12:48:09+00:00\",\"description\":\"Automatiza la CAE en construcci\u00f3n con Twind. Cumple el RD 1627\\\/97 y gestiona subcontratistas sin errores ni estr\u00e9s. Solicita tu demo gratuita.\",\"breadcrumb\":{\"@id\":\"https:\\\/\\\/twind.io\\\/es\\\/coordinacion-actividades-empresariales-obras-construccion\\\/#breadcrumb\"},\"inLanguage\":\"es\",\"potentialAction\":[{\"@type\":\"ReadAction\",\"target\":[\"https:\\\/\\\/twind.io\\\/es\\\/coordinacion-actividades-empresariales-obras-construccion\\\/\"]}]},{\"@type\":\"ImageObject\",\"inLanguage\":\"es\",\"@id\":\"https:\\\/\\\/twind.io\\\/es\\\/coordinacion-actividades-empresariales-obras-construccion\\\/#primaryimage\",\"url\":\"https:\\\/\\\/twind.io\\\/es\\\/wp-content\\\/uploads\\\/2025\\\/02\\\/dashboard-gestion-contratistas-coordinacion-actividades-empresariales.webp\",\"contentUrl\":\"https:\\\/\\\/twind.io\\\/es\\\/wp-content\\\/uploads\\\/2025\\\/02\\\/dashboard-gestion-contratistas-coordinacion-actividades-empresariales.webp\",\"width\":1532,\"height\":734,\"caption\":\"Interfaz del dashboard de Twind mostrando m\u00e9tricas de cumplimiento empresarial, control de acceso, proveedores activos y contratos en dispositivos m\u00f3vil y desktop\"},{\"@type\":\"BreadcrumbList\",\"@id\":\"https:\\\/\\\/twind.io\\\/es\\\/coordinacion-actividades-empresariales-obras-construccion\\\/#breadcrumb\",\"itemListElement\":[{\"@type\":\"ListItem\",\"position\":1,\"name\":\"Portada\",\"item\":\"https:\\\/\\\/twind.io\\\/es\\\/\"},{\"@type\":\"ListItem\",\"position\":2,\"name\":\"Coordinaci\u00f3n de Actividades Empresariales en construcci\u00f3n\"}]},{\"@type\":\"WebSite\",\"@id\":\"https:\\\/\\\/twind.io\\\/es\\\/#website\",\"url\":\"https:\\\/\\\/twind.io\\\/es\\\/\",\"name\":\"Twind - Plataforma de Coordinaci\u00f3n de Actividades Empresariales\",\"description\":\"Coordina los procesos de gesti\u00f3n documental y control de contratistas y proveedores, respetando la normativa en materia de Seguridad y Salud en el Trabajo.\",\"potentialAction\":[{\"@type\":\"SearchAction\",\"target\":{\"@type\":\"EntryPoint\",\"urlTemplate\":\"https:\\\/\\\/twind.io\\\/es\\\/?s={search_term_string}\"},\"query-input\":{\"@type\":\"PropertyValueSpecification\",\"valueRequired\":true,\"valueName\":\"search_term_string\"}}],\"inLanguage\":\"es\"}]}<\/script>\n<!-- \/ Yoast SEO plugin. -->","yoast_head_json":{"title":"Twind - Plataforma de CAE para la construcci\u00f3n","description":"Automatiza la CAE en construcci\u00f3n con Twind. Cumple el RD 1627\/97 y gestiona subcontratistas sin errores ni estr\u00e9s. Solicita tu demo gratuita.","robots":{"index":"index","follow":"follow","max-snippet":"max-snippet:-1","max-image-preview":"max-image-preview:large","max-video-preview":"max-video-preview:-1"},"canonical":"https:\/\/twind.io\/es\/coordinacion-actividades-empresariales-obras-construccion\/","og_locale":"es_ES","og_type":"article","og_title":"Twind - Plataforma de CAE para la construcci\u00f3n","og_description":"Automatiza la CAE en construcci\u00f3n con Twind. Cumple el RD 1627\/97 y gestiona subcontratistas sin errores ni estr\u00e9s. Solicita tu demo gratuita.","og_url":"https:\/\/twind.io\/es\/coordinacion-actividades-empresariales-obras-construccion\/","og_site_name":"Twind - Plataforma de Coordinaci\u00f3n de Actividades Empresariales","article_modified_time":"2025-11-25T12:48:09+00:00","og_image":[{"width":1532,"height":734,"url":"https:\/\/twind.io\/es\/wp-content\/uploads\/2025\/02\/dashboard-gestion-contratistas-coordinacion-actividades-empresariales.webp","type":"image\/webp"}],"twitter_card":"summary_large_image","twitter_misc":{"Tiempo de lectura":"4 minutos"},"schema":{"@context":"https:\/\/schema.org","@graph":[{"@type":"WebPage","@id":"https:\/\/twind.io\/es\/coordinacion-actividades-empresariales-obras-construccion\/","url":"https:\/\/twind.io\/es\/coordinacion-actividades-empresariales-obras-construccion\/","name":"Twind - Plataforma de CAE para la construcci\u00f3n","isPartOf":{"@id":"https:\/\/twind.io\/es\/#website"},"primaryImageOfPage":{"@id":"https:\/\/twind.io\/es\/coordinacion-actividades-empresariales-obras-construccion\/#primaryimage"},"image":{"@id":"https:\/\/twind.io\/es\/coordinacion-actividades-empresariales-obras-construccion\/#primaryimage"},"thumbnailUrl":"https:\/\/twind.io\/es\/wp-content\/uploads\/2025\/02\/dashboard-gestion-contratistas-coordinacion-actividades-empresariales.webp","datePublished":"2025-06-25T09:13:00+00:00","dateModified":"2025-11-25T12:48:09+00:00","description":"Automatiza la CAE en construcci\u00f3n con Twind. Cumple el RD 1627\/97 y gestiona subcontratistas sin errores ni estr\u00e9s. Solicita tu demo gratuita.","breadcrumb":{"@id":"https:\/\/twind.io\/es\/coordinacion-actividades-empresariales-obras-construccion\/#breadcrumb"},"inLanguage":"es","potentialAction":[{"@type":"ReadAction","target":["https:\/\/twind.io\/es\/coordinacion-actividades-empresariales-obras-construccion\/"]}]},{"@type":"ImageObject","inLanguage":"es","@id":"https:\/\/twind.io\/es\/coordinacion-actividades-empresariales-obras-construccion\/#primaryimage","url":"https:\/\/twind.io\/es\/wp-content\/uploads\/2025\/02\/dashboard-gestion-contratistas-coordinacion-actividades-empresariales.webp","contentUrl":"https:\/\/twind.io\/es\/wp-content\/uploads\/2025\/02\/dashboard-gestion-contratistas-coordinacion-actividades-empresariales.webp","width":1532,"height":734,"caption":"Interfaz del dashboard de Twind mostrando m\u00e9tricas de cumplimiento empresarial, control de acceso, proveedores activos y contratos en dispositivos m\u00f3vil y desktop"},{"@type":"BreadcrumbList","@id":"https:\/\/twind.io\/es\/coordinacion-actividades-empresariales-obras-construccion\/#breadcrumb","itemListElement":[{"@type":"ListItem","position":1,"name":"Portada","item":"https:\/\/twind.io\/es\/"},{"@type":"ListItem","position":2,"name":"Coordinaci\u00f3n de Actividades Empresariales en construcci\u00f3n"}]},{"@type":"WebSite","@id":"https:\/\/twind.io\/es\/#website","url":"https:\/\/twind.io\/es\/","name":"Twind - Plataforma de Coordinaci\u00f3n de Actividades Empresariales","description":"Coordina los procesos de gesti\u00f3n documental y control de contratistas y proveedores, respetando la normativa en materia de Seguridad y Salud en el Trabajo.","potentialAction":[{"@type":"SearchAction","target":{"@type":"EntryPoint","urlTemplate":"https:\/\/twind.io\/es\/?s={search_term_string}"},"query-input":{"@type":"PropertyValueSpecification","valueRequired":true,"valueName":"search_term_string"}}],"inLanguage":"es"}]}},"_links":{"self":[{"href":"https:\/\/twind.io\/es\/wp-json\/wp\/v2\/pages\/35967","targetHints":{"allow":["GET"]}}],"collection":[{"href":"https:\/\/twind.io\/es\/wp-json\/wp\/v2\/pages"}],"about":[{"href":"https:\/\/twind.io\/es\/wp-json\/wp\/v2\/types\/page"}],"author":[{"embeddable":true,"href":"https:\/\/twind.io\/es\/wp-json\/wp\/v2\/users\/1"}],"replies":[{"embeddable":true,"href":"https:\/\/twind.io\/es\/wp-json\/wp\/v2\/comments?post=35967"}],"version-history":[{"count":4,"href":"https:\/\/twind.io\/es\/wp-json\/wp\/v2\/pages\/35967\/revisions"}],"predecessor-version":[{"id":37646,"href":"https:\/\/twind.io\/es\/wp-json\/wp\/v2\/pages\/35967\/revisions\/37646"}],"wp:featuredmedia":[{"embeddable":true,"href":"https:\/\/twind.io\/es\/wp-json\/wp\/v2\/media\/2851"}],"wp:attachment":[{"href":"https:\/\/twind.io\/es\/wp-json\/wp\/v2\/media?parent=35967"}],"curies":[{"name":"wp","href":"https:\/\/api.w.org\/{rel}","templated":true}]}}