{"id":35987,"date":"2025-06-27T09:04:54","date_gmt":"2025-06-27T09:04:54","guid":{"rendered":"https:\/\/twind.io\/es\/?page_id=35987"},"modified":"2025-11-25T12:48:56","modified_gmt":"2025-11-25T12:48:56","slug":"coordinacion-de-actividades-empresariales-en-logistica-y-transporte","status":"publish","type":"page","link":"https:\/\/twind.io\/es\/coordinacion-de-actividades-empresariales-en-logistica-y-transporte\/","title":{"rendered":"Coordinaci\u00f3n de Actividades Empresariales en log\u00edstica y transporte"},"content":{"rendered":"<p><span><img decoding=\"async\" alt=\"Twind\" data-id=\"309\" title=\"Twind\" loading=\"lazy\" src=\"https:\/\/twind.io\/es\/wp-content\/uploads\/2023\/04\/Logo-Twind.svg\" data-width=\"240\" data-height=\"62\" style=\"\" height=\"62\" width=\"240\"><\/span><\/p>\n<h1 style=\"text-align: center;\"><span><\/span><span>CAE en Log\u00edstica: digitaliza la <span style=\"--tcb-applied-color: var$(--tcb-color-4) !important; color: var(--tcb-color-4) !important;\">Coordinaci\u00f3n de Actividades Empresariales<\/span> en Transporte y Distribuci\u00f3n<\/span><\/h1>\n<p style=\"text-align: center;\">Automatiza tu gesti\u00f3n documental CAE en centros log\u00edsticos y cumple f\u00e1cilmente con el <strong>RD 171\/2004<\/strong>. Solicita una demo y descubre c\u00f3mo simplificar la <strong>Coordinaci\u00f3n de Actividades Empresariales en log\u00edstica<\/strong> sin perder tiempo ni asumir riesgos.<\/p>\n<h2 style=\"text-align: center;\"><span style=\"color: rgb(255, 255, 255) !important; --tcb-applied-color: rgb(255, 255, 255) !important;\">\u00bfGestionar la<\/span><span style=\"color: rgb(26, 48, 55) !important; --tcb-applied-color: rgb(26, 48, 55) !important;\"> <\/span><span style=\"color: var(--tcb-color-4) !important; --tcb-applied-color: var$(--tcb-color-4) !important;\">CAE en Log\u00edstica<\/span><span style=\"color: rgb(26, 48, 55) !important; --tcb-applied-color: rgb(26, 48, 55) !important;\"> <\/span><span style=\"color: rgb(255, 255, 255) !important; --tcb-applied-color: rgb(255, 255, 255) !important;\">te quita tiempo y recursos?<\/span><\/h2>\n<p style=\"text-align: center;\">La <strong>gesti\u00f3n de transportistas y operadores<\/strong> implica revisar miles de documentos diarios, coordinar m\u00faltiples niveles de subcontrataci\u00f3n y asegurar el cumplimiento de normativas nacionales e internacionales. Con operaciones 24\/7, rotaci\u00f3n constante de conductores y la mayor diversidad internacional de trabajadores, el riesgo de errores y sanciones se multiplica exponencialmente.<\/p>\n<p style=\"text-align: center;\">Twind automatiza y digitaliza todo el proceso de <strong>CAE en centros log\u00edsticos<\/strong>, desde el control de acceso hasta la trazabilidad completa de operaciones.<\/p>\n<h2 style=\"text-align: center;\"><span style=\"color: rgb(26, 48, 55) !important; --tcb-applied-color: rgb(26, 48, 55) !important;\">Soluci\u00f3n <\/span><span style=\"color: var(--tcb-color-4) !important; --tcb-applied-color: var$(--tcb-color-4) !important;\">CAE para Log\u00edstica y transporte:&nbsp;<\/span><span style=\"color: rgb(26, 48, 55) !important; --tcb-applied-color: rgb(26, 48, 55) !important;\">eficiencia y cumplimiento legal<\/span><\/h2>\n<p style=\"text-align: center;\">La gesti\u00f3n de la <a href=\"https:\/\/twind.io\/es\/cae-transportistas-control-autonomos-logistica-24-7\/\" target=\"_blank\" style=\"outline: none;\"><strong>Coordinaci\u00f3n de Actividades Empresariales en log\u00edstica y transporte<\/strong><\/a> requiere tiempo, rigor documental y conocimiento normativo especializado. Twind centraliza todo el proceso CAE para que cumplas la ley y reduzcas carga administrativa desde el primer d\u00eda.<\/p>\n<p style=\"text-align: center;\">Una herramienta dise\u00f1ada para <strong>responsables de tr\u00e1fico, jefes de almac\u00e9n y coordinadores log\u00edsticos<\/strong> que necesitan soluciones reales en entornos de m\u00e1xima complejidad.<\/p>\n<p><!--! Font Awesome Free 6.7.1 by @fontawesome - https:\/\/fontawesome.com License - https:\/\/fontawesome.com\/license\/free (Icons: CC BY 4.0, Fonts: SIL OFL 1.1, Code: MIT License) Copyright 2024 Fonticons, Inc. --><\/p>\n<p style=\"text-align: center;\"><strong>Control de acceso 24\/7<\/strong> con validaci\u00f3n autom\u00e1tica de documentaci\u00f3n<\/p>\n<p><!--! Font Awesome Free 6.7.1 by @fontawesome - https:\/\/fontawesome.com License - https:\/\/fontawesome.com\/license\/free (Icons: CC BY 4.0, Fonts: SIL OFL 1.1, Code: MIT License) Copyright 2024 Fonticons, Inc. --><\/p>\n<p style=\"text-align: center;\"><strong>Verificaci\u00f3n de requisitos legales<\/strong> (certificados m\u00e9dicos, ADR, formaci\u00f3n PRL&#8230;)<\/p>\n<p style=\"text-align: center;\"><strong>Gesti\u00f3n de transportistas por niveles<\/strong>: operador \u2192 transportista \u2192 aut\u00f3nomo<\/p>\n<p style=\"text-align: center;\"><strong>Alertas autom\u00e1ticas<\/strong> de caducidad y bloqueo por incumplimiento<\/p>\n<p><!--! Font Awesome Free 6.7.1 by @fontawesome - https:\/\/fontawesome.com License - https:\/\/fontawesome.com\/license\/free (Icons: CC BY 4.0, Fonts: SIL OFL 1.1, Code: MIT License) Copyright 2024 Fonticons, Inc. --><\/p>\n<p style=\"text-align: center;\"><strong>Cu<span style=\"--tcb-applied-color: rgb(117, 130, 135) !important; color: rgb(117, 130, 135) !important;\">mplimiento l<\/span>egal<\/strong> garantizado con <span style=\"font-weight: normal;\"><a href=\"https:\/\/twind.io\/es\/real-decreto-171-2004-coordinacion-actividades-empresariales\/\" target=\"_blank\" style=\"outline: none;\">RD 171\/2004<\/a>, <\/span><a href=\"https:\/\/twind.io\/es\/ley-31-1995-prevencion-riesgos-laborales\/\" target=\"_blank\" style=\"outline: none;\"><span style=\"font-weight: normal;\">Ley 31\/1995<\/span><\/a> y <strong>normativa de trabajadores<\/strong><\/p>\n<p><!--! Font Awesome Free 6.7.1 by @fontawesome - https:\/\/fontawesome.com License - https:\/\/fontawesome.com\/license\/free (Icons: CC BY 4.0, Fonts: SIL OFL 1.1, Code: MIT License) Copyright 2024 Fonticons, Inc. --><\/p>\n<p style=\"text-align: center;\"><strong>Reducci\u00f3n de hasta un 70\u202f%<\/strong> del tiempo dedicado a la gesti\u00f3n CAE log\u00edstica<\/p>\n<h2 style=\"text-align: center;\"><span style=\"color: rgb(26, 48, 55) !important; --tcb-applied-color: rgb(26, 48, 55) !important;\">Con Twind, la <\/span><span style=\"color: var(--tcb-skin-color-0); --tcb-applied-color: rgb(106, 107, 108)  !important;\"><strong data-end=\"3353\" data-start=\"3319\">gesti\u00f3n de CAE en Log\u00edstica<\/strong><\/span><span style=\"color: rgb(26, 48, 55) !important; --tcb-applied-color: rgb(26, 48, 55) !important;\">&nbsp;se adapta al ritmo real de tus operaciones<\/span><\/h2>\n<h2><span data-contrast=\"auto\" lang=\"ES-ES\">Dise\u00f1ado para la realidad log\u00edstica:<\/span><\/h2>\n<ul>\n<li><span style=\"\">Subcontratas en cascada<\/span><\/li>\n<li><span style=\"\">Documentaci\u00f3n especializada seg\u00fan funci\u00f3n<\/span><\/li>\n<li><span style=\"\">Conductores (ADR, CAP, certificados m\u00e9dicos)<\/span><\/li>\n<li><span style=\"\">Operarios de almac\u00e9n (carretillas, equipos industriales)<\/span><\/li>\n<li><span>Personal de carga\/descarga (formaci\u00f3n espec\u00edfica)<\/span><\/li>\n<\/ul>\n<h2 style=\"text-align: center;\"><span style=\"color: rgb(26, 48, 55) !important; --tcb-applied-color: rgb(26, 48, 55) !important;\">Algunas empresas que ya conf\u00edan en nosotros:<\/span><\/h2>\n<p style=\"text-align: center;\">Nuestra experiencia abarca desde peque\u00f1os centros de distribuci\u00f3n hasta grandes hubs log\u00edsticos internacionales, proporcionando soluciones adaptadas a las necesidades espec\u00edficas de cada operaci\u00f3n<\/p>\n<p><span><img decoding=\"async\" alt=\"\" data-id=\"36026\" width=\"164\" data-init-width=\"500\" height=\"131\" data-init-height=\"400\" title=\"CARRERAS\" loading=\"lazy\" src=\"https:\/\/twind.io\/es\/wp-content\/uploads\/2025\/06\/CARRERAS.png\" data-width=\"164\" data-height=\"131\" style=\"aspect-ratio: auto 500 \/ 400;\"><\/span><span><img decoding=\"async\" alt=\"\" data-id=\"36027\" width=\"164\" data-init-width=\"500\" height=\"131\" data-init-height=\"400\" title=\"transegre\" loading=\"lazy\" src=\"https:\/\/twind.io\/es\/wp-content\/uploads\/2025\/06\/transegre.jpg\" data-width=\"164\" data-height=\"131\" style=\"aspect-ratio: auto 500 \/ 400;\"><\/span><span><img decoding=\"async\" alt=\"\" data-id=\"36028\" width=\"164\" data-init-width=\"500\" height=\"131\" data-init-height=\"400\" title=\"transports-prats\" loading=\"lazy\" src=\"https:\/\/twind.io\/es\/wp-content\/uploads\/2025\/06\/transports-prats.png\" data-width=\"164\" data-height=\"131\" style=\"aspect-ratio: auto 500 \/ 400;\"><\/span><span><img decoding=\"async\" alt=\"\" data-id=\"36029\" width=\"164\" data-init-width=\"500\" height=\"131\" data-init-height=\"400\" title=\"transambiental\" loading=\"lazy\" src=\"https:\/\/twind.io\/es\/wp-content\/uploads\/2025\/06\/transambiental.png\" data-width=\"164\" data-height=\"131\" style=\"aspect-ratio: auto 500 \/ 400;\"><\/span><\/p>\n<h2 style=\"text-align: center;\"><span style=\"color: var(--tcb-skin-color-0); --tcb-applied-color: rgb(106, 107, 108)  !important;\">Digitaliza la CAE de tus centros log\u00edsticos<\/span><span style=\"color: rgb(26, 48, 55) !important; --tcb-applied-color: rgb(26, 48, 55) !important;\"> <\/span><span style=\"color: rgb(255, 255, 255) !important; --tcb-applied-color: rgb(255, 255, 255) !important;\">y gana en seguridad, control y eficiencia<\/span><\/h2>\n<p style=\"text-align: center;\">Solicita ahora tu demo gratuita y descubre c\u00f3mo Twind puede transformar la forma en que gestionas la <strong>Coordinaci\u00f3n de Actividades Empresariales en el sector de transporte y log\u00edstica<\/strong><\/p>\n\n\t\t\t\t\t\t<script>\n\t\t\t\t\t\t\twindow.hsFormsOnReady = window.hsFormsOnReady || [];\n\t\t\t\t\t\t\twindow.hsFormsOnReady.push(()=>{\n\t\t\t\t\t\t\t\thbspt.forms.create({\n\t\t\t\t\t\t\t\t\tportalId: 146424663,\n\t\t\t\t\t\t\t\t\tformId: \"ff1caae1-1822-4204-9180-178e4dff625b\",\n\t\t\t\t\t\t\t\t\ttarget: \"#hbspt-form-1775338458000-9501893542\",\n\t\t\t\t\t\t\t\t\tregion: \"eu1\",\n\t\t\t\t\t\t\t\t\t\n\t\t\t\t\t\t\t})});\n\t\t\t\t\t\t<\/script>\n\t\t\t\t\t\t<div class=\"hbspt-form\" id=\"hbspt-form-1775338458000-9501893542\"><\/div>\n","protected":false},"excerpt":{"rendered":"<p>CAE en Log\u00edstica: digitaliza la Coordinaci\u00f3n de Actividades Empresariales en Transporte y Distribuci\u00f3n Automatiza tu gesti\u00f3n documental CAE en centros log\u00edsticos y cumple f\u00e1cilmente con el RD 171\/2004. Solicita una demo y descubre c\u00f3mo simplificar la Coordinaci\u00f3n de Actividades Empresariales en log\u00edstica sin perder tiempo ni asumir riesgos. \u00bfGestionar la CAE en Log\u00edstica te quita [&hellip;]<\/p>\n","protected":false},"author":1,"featured_media":2851,"parent":0,"menu_order":0,"comment_status":"closed","ping_status":"closed","template":"","meta":{"content-type":"","footnotes":""},"class_list":["post-35987","page","type-page","status-publish","has-post-thumbnail","hentry","post-wrapper","thrv_wrapper"],"yoast_head":"<!-- This site is optimized with the Yoast SEO plugin v27.3 - https:\/\/yoast.com\/product\/yoast-seo-wordpress\/ -->\n<title>Twind - Plataforma de CAE para log\u00edstica y transporte<\/title>\n<meta name=\"description\" content=\"Automatiza la CAE en construcci\u00f3n el sector de log\u00edstica y transporte. Cumple el Real Decreto 171\/2004 y gestiona subcontratistas sin errores ni estr\u00e9s.\" \/>\n<meta name=\"robots\" content=\"index, follow, max-snippet:-1, max-image-preview:large, max-video-preview:-1\" \/>\n<link rel=\"canonical\" href=\"https:\/\/twind.io\/es\/coordinacion-de-actividades-empresariales-en-logistica-y-transporte\/\" \/>\n<meta property=\"og:locale\" content=\"es_ES\" \/>\n<meta property=\"og:type\" content=\"article\" \/>\n<meta property=\"og:title\" content=\"Twind - Plataforma de CAE para log\u00edstica y transporte\" \/>\n<meta property=\"og:description\" content=\"Automatiza la CAE en construcci\u00f3n el sector de log\u00edstica y transporte. Cumple el Real Decreto 171\/2004 y gestiona subcontratistas sin errores ni estr\u00e9s.\" \/>\n<meta property=\"og:url\" content=\"https:\/\/twind.io\/es\/coordinacion-de-actividades-empresariales-en-logistica-y-transporte\/\" \/>\n<meta property=\"og:site_name\" content=\"Twind - Plataforma de Coordinaci\u00f3n de Actividades Empresariales\" \/>\n<meta property=\"article:modified_time\" content=\"2025-11-25T12:48:56+00:00\" \/>\n<meta property=\"og:image\" content=\"https:\/\/twind.io\/es\/wp-content\/uploads\/2025\/02\/dashboard-gestion-contratistas-coordinacion-actividades-empresariales.webp\" \/>\n\t<meta property=\"og:image:width\" content=\"1532\" \/>\n\t<meta property=\"og:image:height\" content=\"734\" \/>\n\t<meta property=\"og:image:type\" content=\"image\/webp\" \/>\n<meta name=\"twitter:card\" content=\"summary_large_image\" \/>\n<meta name=\"twitter:label1\" content=\"Tiempo de lectura\" \/>\n\t<meta name=\"twitter:data1\" content=\"4 minutos\" \/>\n<script type=\"application\/ld+json\" class=\"yoast-schema-graph\">{\"@context\":\"https:\\\/\\\/schema.org\",\"@graph\":[{\"@type\":\"WebPage\",\"@id\":\"https:\\\/\\\/twind.io\\\/es\\\/coordinacion-de-actividades-empresariales-en-logistica-y-transporte\\\/\",\"url\":\"https:\\\/\\\/twind.io\\\/es\\\/coordinacion-de-actividades-empresariales-en-logistica-y-transporte\\\/\",\"name\":\"Twind - Plataforma de CAE para log\u00edstica y transporte\",\"isPartOf\":{\"@id\":\"https:\\\/\\\/twind.io\\\/es\\\/#website\"},\"primaryImageOfPage\":{\"@id\":\"https:\\\/\\\/twind.io\\\/es\\\/coordinacion-de-actividades-empresariales-en-logistica-y-transporte\\\/#primaryimage\"},\"image\":{\"@id\":\"https:\\\/\\\/twind.io\\\/es\\\/coordinacion-de-actividades-empresariales-en-logistica-y-transporte\\\/#primaryimage\"},\"thumbnailUrl\":\"https:\\\/\\\/twind.io\\\/es\\\/wp-content\\\/uploads\\\/2025\\\/02\\\/dashboard-gestion-contratistas-coordinacion-actividades-empresariales.webp\",\"datePublished\":\"2025-06-27T09:04:54+00:00\",\"dateModified\":\"2025-11-25T12:48:56+00:00\",\"description\":\"Automatiza la CAE en construcci\u00f3n el sector de log\u00edstica y transporte. Cumple el Real Decreto 171\\\/2004 y gestiona subcontratistas sin errores ni estr\u00e9s.\",\"breadcrumb\":{\"@id\":\"https:\\\/\\\/twind.io\\\/es\\\/coordinacion-de-actividades-empresariales-en-logistica-y-transporte\\\/#breadcrumb\"},\"inLanguage\":\"es\",\"potentialAction\":[{\"@type\":\"ReadAction\",\"target\":[\"https:\\\/\\\/twind.io\\\/es\\\/coordinacion-de-actividades-empresariales-en-logistica-y-transporte\\\/\"]}]},{\"@type\":\"ImageObject\",\"inLanguage\":\"es\",\"@id\":\"https:\\\/\\\/twind.io\\\/es\\\/coordinacion-de-actividades-empresariales-en-logistica-y-transporte\\\/#primaryimage\",\"url\":\"https:\\\/\\\/twind.io\\\/es\\\/wp-content\\\/uploads\\\/2025\\\/02\\\/dashboard-gestion-contratistas-coordinacion-actividades-empresariales.webp\",\"contentUrl\":\"https:\\\/\\\/twind.io\\\/es\\\/wp-content\\\/uploads\\\/2025\\\/02\\\/dashboard-gestion-contratistas-coordinacion-actividades-empresariales.webp\",\"width\":1532,\"height\":734,\"caption\":\"Interfaz del dashboard de Twind mostrando m\u00e9tricas de cumplimiento empresarial, control de acceso, proveedores activos y contratos en dispositivos m\u00f3vil y desktop\"},{\"@type\":\"BreadcrumbList\",\"@id\":\"https:\\\/\\\/twind.io\\\/es\\\/coordinacion-de-actividades-empresariales-en-logistica-y-transporte\\\/#breadcrumb\",\"itemListElement\":[{\"@type\":\"ListItem\",\"position\":1,\"name\":\"Portada\",\"item\":\"https:\\\/\\\/twind.io\\\/es\\\/\"},{\"@type\":\"ListItem\",\"position\":2,\"name\":\"Coordinaci\u00f3n de Actividades Empresariales en log\u00edstica y transporte\"}]},{\"@type\":\"WebSite\",\"@id\":\"https:\\\/\\\/twind.io\\\/es\\\/#website\",\"url\":\"https:\\\/\\\/twind.io\\\/es\\\/\",\"name\":\"Twind - Plataforma de Coordinaci\u00f3n de Actividades Empresariales\",\"description\":\"Coordina los procesos de gesti\u00f3n documental y control de contratistas y proveedores, respetando la normativa en materia de Seguridad y Salud en el Trabajo.\",\"potentialAction\":[{\"@type\":\"SearchAction\",\"target\":{\"@type\":\"EntryPoint\",\"urlTemplate\":\"https:\\\/\\\/twind.io\\\/es\\\/?s={search_term_string}\"},\"query-input\":{\"@type\":\"PropertyValueSpecification\",\"valueRequired\":true,\"valueName\":\"search_term_string\"}}],\"inLanguage\":\"es\"}]}<\/script>\n<!-- \/ Yoast SEO plugin. -->","yoast_head_json":{"title":"Twind - Plataforma de CAE para log\u00edstica y transporte","description":"Automatiza la CAE en construcci\u00f3n el sector de log\u00edstica y transporte. Cumple el Real Decreto 171\/2004 y gestiona subcontratistas sin errores ni estr\u00e9s.","robots":{"index":"index","follow":"follow","max-snippet":"max-snippet:-1","max-image-preview":"max-image-preview:large","max-video-preview":"max-video-preview:-1"},"canonical":"https:\/\/twind.io\/es\/coordinacion-de-actividades-empresariales-en-logistica-y-transporte\/","og_locale":"es_ES","og_type":"article","og_title":"Twind - Plataforma de CAE para log\u00edstica y transporte","og_description":"Automatiza la CAE en construcci\u00f3n el sector de log\u00edstica y transporte. Cumple el Real Decreto 171\/2004 y gestiona subcontratistas sin errores ni estr\u00e9s.","og_url":"https:\/\/twind.io\/es\/coordinacion-de-actividades-empresariales-en-logistica-y-transporte\/","og_site_name":"Twind - Plataforma de Coordinaci\u00f3n de Actividades Empresariales","article_modified_time":"2025-11-25T12:48:56+00:00","og_image":[{"width":1532,"height":734,"url":"https:\/\/twind.io\/es\/wp-content\/uploads\/2025\/02\/dashboard-gestion-contratistas-coordinacion-actividades-empresariales.webp","type":"image\/webp"}],"twitter_card":"summary_large_image","twitter_misc":{"Tiempo de lectura":"4 minutos"},"schema":{"@context":"https:\/\/schema.org","@graph":[{"@type":"WebPage","@id":"https:\/\/twind.io\/es\/coordinacion-de-actividades-empresariales-en-logistica-y-transporte\/","url":"https:\/\/twind.io\/es\/coordinacion-de-actividades-empresariales-en-logistica-y-transporte\/","name":"Twind - Plataforma de CAE para log\u00edstica y transporte","isPartOf":{"@id":"https:\/\/twind.io\/es\/#website"},"primaryImageOfPage":{"@id":"https:\/\/twind.io\/es\/coordinacion-de-actividades-empresariales-en-logistica-y-transporte\/#primaryimage"},"image":{"@id":"https:\/\/twind.io\/es\/coordinacion-de-actividades-empresariales-en-logistica-y-transporte\/#primaryimage"},"thumbnailUrl":"https:\/\/twind.io\/es\/wp-content\/uploads\/2025\/02\/dashboard-gestion-contratistas-coordinacion-actividades-empresariales.webp","datePublished":"2025-06-27T09:04:54+00:00","dateModified":"2025-11-25T12:48:56+00:00","description":"Automatiza la CAE en construcci\u00f3n el sector de log\u00edstica y transporte. Cumple el Real Decreto 171\/2004 y gestiona subcontratistas sin errores ni estr\u00e9s.","breadcrumb":{"@id":"https:\/\/twind.io\/es\/coordinacion-de-actividades-empresariales-en-logistica-y-transporte\/#breadcrumb"},"inLanguage":"es","potentialAction":[{"@type":"ReadAction","target":["https:\/\/twind.io\/es\/coordinacion-de-actividades-empresariales-en-logistica-y-transporte\/"]}]},{"@type":"ImageObject","inLanguage":"es","@id":"https:\/\/twind.io\/es\/coordinacion-de-actividades-empresariales-en-logistica-y-transporte\/#primaryimage","url":"https:\/\/twind.io\/es\/wp-content\/uploads\/2025\/02\/dashboard-gestion-contratistas-coordinacion-actividades-empresariales.webp","contentUrl":"https:\/\/twind.io\/es\/wp-content\/uploads\/2025\/02\/dashboard-gestion-contratistas-coordinacion-actividades-empresariales.webp","width":1532,"height":734,"caption":"Interfaz del dashboard de Twind mostrando m\u00e9tricas de cumplimiento empresarial, control de acceso, proveedores activos y contratos en dispositivos m\u00f3vil y desktop"},{"@type":"BreadcrumbList","@id":"https:\/\/twind.io\/es\/coordinacion-de-actividades-empresariales-en-logistica-y-transporte\/#breadcrumb","itemListElement":[{"@type":"ListItem","position":1,"name":"Portada","item":"https:\/\/twind.io\/es\/"},{"@type":"ListItem","position":2,"name":"Coordinaci\u00f3n de Actividades Empresariales en log\u00edstica y transporte"}]},{"@type":"WebSite","@id":"https:\/\/twind.io\/es\/#website","url":"https:\/\/twind.io\/es\/","name":"Twind - Plataforma de Coordinaci\u00f3n de Actividades Empresariales","description":"Coordina los procesos de gesti\u00f3n documental y control de contratistas y proveedores, respetando la normativa en materia de Seguridad y Salud en el Trabajo.","potentialAction":[{"@type":"SearchAction","target":{"@type":"EntryPoint","urlTemplate":"https:\/\/twind.io\/es\/?s={search_term_string}"},"query-input":{"@type":"PropertyValueSpecification","valueRequired":true,"valueName":"search_term_string"}}],"inLanguage":"es"}]}},"_links":{"self":[{"href":"https:\/\/twind.io\/es\/wp-json\/wp\/v2\/pages\/35987","targetHints":{"allow":["GET"]}}],"collection":[{"href":"https:\/\/twind.io\/es\/wp-json\/wp\/v2\/pages"}],"about":[{"href":"https:\/\/twind.io\/es\/wp-json\/wp\/v2\/types\/page"}],"author":[{"embeddable":true,"href":"https:\/\/twind.io\/es\/wp-json\/wp\/v2\/users\/1"}],"replies":[{"embeddable":true,"href":"https:\/\/twind.io\/es\/wp-json\/wp\/v2\/comments?post=35987"}],"version-history":[{"count":9,"href":"https:\/\/twind.io\/es\/wp-json\/wp\/v2\/pages\/35987\/revisions"}],"predecessor-version":[{"id":37647,"href":"https:\/\/twind.io\/es\/wp-json\/wp\/v2\/pages\/35987\/revisions\/37647"}],"wp:featuredmedia":[{"embeddable":true,"href":"https:\/\/twind.io\/es\/wp-json\/wp\/v2\/media\/2851"}],"wp:attachment":[{"href":"https:\/\/twind.io\/es\/wp-json\/wp\/v2\/media?parent=35987"}],"curies":[{"name":"wp","href":"https:\/\/api.w.org\/{rel}","templated":true}]}}