{"id":36106,"date":"2025-07-11T08:21:15","date_gmt":"2025-07-11T08:21:15","guid":{"rendered":"https:\/\/twind.io\/es\/?page_id=36106"},"modified":"2026-01-30T11:43:30","modified_gmt":"2026-01-30T11:43:30","slug":"webinar-como-evitar-riesgos-de-contratistas-y-proveedores","status":"publish","type":"page","link":"https:\/\/twind.io\/es\/webinar-como-evitar-riesgos-de-contratistas-y-proveedores\/","title":{"rendered":"Webinar &#8211; C\u00f3mo evitar riesgos de contratistas y proveedores"},"content":{"rendered":"<p><span style=\"\"><img decoding=\"async\" alt=\"Logo twind by ctaima\" data-id=\"1293\" width=\"177\" data-init-width=\"697\" height=\"53\" data-init-height=\"209\" title=\"Logo twind by ctaima\" src=\"https:\/\/twind.io\/es\/wp-content\/uploads\/2025\/03\/logo-twind-by-ctaima.png\" data-width=\"177\" data-height=\"53\" style=\"aspect-ratio: auto 697 \/ 209;\" mt-d=\"0\" ml-d=\"0\" center-v-d=\"false\" loading=\"lazy\"><\/span><\/p>\n<p style=\"text-align: left;\">Webinar Gratuito<\/p>\n<h1 style=\"\"><strong><span data-attr-link=\"1\" data-attr-rel=\"0\" data-attr-target=\"0\" data-extra_key=\"\" data-option-inline=\"1\" data-shortcode=\"tva_course_list_item_name\" data-shortcode-name=\"Course title\" style=\"\">C\u00f3mo evitar riesgos de contratistas y proveedores<\/span><\/strong><\/h1>\n<p style=\"text-align: center;\"><span style=\"font-weight: normal;\">Accede a la grabaci\u00f3n<\/span><\/p>\n\n\t\t\t\t\t\t<script>\n\t\t\t\t\t\t\twindow.hsFormsOnReady = window.hsFormsOnReady || [];\n\t\t\t\t\t\t\twindow.hsFormsOnReady.push(()=>{\n\t\t\t\t\t\t\t\thbspt.forms.create({\n\t\t\t\t\t\t\t\t\tportalId: 146424663,\n\t\t\t\t\t\t\t\t\tformId: \"3205495b-0834-474d-a81d-8ad0fffb8812\",\n\t\t\t\t\t\t\t\t\ttarget: \"#hbspt-form-1775407732000-5083356451\",\n\t\t\t\t\t\t\t\t\tregion: \"eu1\",\n\t\t\t\t\t\t\t\t\t\n\t\t\t\t\t\t\t})});\n\t\t\t\t\t\t<\/script>\n\t\t\t\t\t\t<div class=\"hbspt-form\" id=\"hbspt-form-1775407732000-5083356451\"><\/div>\n<p style=\"\"><span style=\"--tcb-applied-color: var$(--tcb-color-4) !important; color: var(--tcb-color-4) !important;\">Antic\u00edpate al caos de fin de a\u00f1o: Digitaliza tu gesti\u00f3n de contratistas antes de septiembre<\/span><\/p>\n<p><span style=\"font-size: 15px !important;\">\u00bfVas a esperar al 2026 para solucionar lo que ya puedes resolver hoy?&nbsp;<\/span><span style=\"font-size: 15px !important;\">Este es el momento ideal para anticiparte a las auditor\u00edas, a las prisas de fin de a\u00f1o y a los riesgos innecesarios.<\/span><span style=\"font-size: 15px !important;\">En este webinar exclusivo, te mostramos c\u00f3mo Twind, la plataforma CAE de nueva generaci\u00f3n de CTAIMA, te ayuda a cerrar el a\u00f1o con los deberes hechos: sin sanciones, sin improvisaciones y con todo bajo control.<\/span><span style=\"font-size: 15px !important;\"><strong>\u00bfPor qu\u00e9 deber\u00edas asistir ahora?<\/strong><\/span><\/p>\n<p><span style=\"font-size: 15px !important;\"><strong><img decoding=\"async\" role=\"img\" alt=\"\ud83d\udd39\" src=\"https:\/\/s.w.org\/images\/core\/emoji\/16.0.1\/svg\/1f539.svg\" loading=\"lazy\"> Todav\u00eda est\u00e1s a tiempo<\/strong>Iniciar tu proyecto de digitalizaci\u00f3n en estos meses te permite llegar a fin de a\u00f1o con una gesti\u00f3n de contratistas ordenada, trazable y 100% alineada con la normativa.<strong><img decoding=\"async\" role=\"img\" alt=\"\ud83d\udd39\" src=\"https:\/\/s.w.org\/images\/core\/emoji\/16.0.1\/svg\/1f539.svg\" loading=\"lazy\"> Evita el colapso del segundo semestre<\/strong>La acumulaci\u00f3n de tareas y el estr\u00e9s de auditor\u00edas o renovaciones no tiene por qu\u00e9 ser parte de tu segundo semestre del a\u00f1o. Automatiza, gana visibilidad y reduce tu carga operativa ahora.<strong><img decoding=\"async\" role=\"img\" alt=\"\ud83d\udd39\" src=\"https:\/\/s.w.org\/images\/core\/emoji\/16.0.1\/svg\/1f539.svg\" loading=\"lazy\"> Cumple sin complicaciones<\/strong>Twind te ayuda a cumplir con las normativas de subcontrataci\u00f3n, SST y fiscales, evitando sanciones y garantizando que solo personal autorizado acceda a tus instalaciones.<\/span><\/p>\n<p style=\"text-align: center;\"><img decoding=\"async\" role=\"img\" alt=\"\ud83c\udfa4\" src=\"https:\/\/s.w.org\/images\/core\/emoji\/15.0.3\/svg\/1f3a4.svg\" loading=\"lazy\"><strong>Presentado por:<\/strong><\/p>\n<p><span style=\"\"><img decoding=\"async\" alt=\"\" data-id=\"36116\" width=\"117\" data-init-width=\"326\" height=\"117\" data-init-height=\"325\" title=\"Mask group-1\" src=\"https:\/\/twind.io\/es\/wp-content\/uploads\/2025\/07\/Mask-group-1.png\" data-width=\"117\" data-height=\"117\" style=\"aspect-ratio: auto 326 \/ 325;\" mt-d=\"0\" ml-d=\"0\" center-v-d=\"false\" mt-t=\"0\" ml-t=\"0\" center-h-d=\"false\" mt-m=\"0\" ml-m=\"0\" loading=\"lazy\"><\/span><\/p>\n<p style=\"text-align: left;\"><span data-ccp-props=\"{&quot;201341983&quot;:0,&quot;335559739&quot;:160,&quot;335559740&quot;:259}\" style=\"\"><strong><span style=\"--tcb-applied-color: var$(--tcb-skin-color-0) !important; color: var(--tcb-skin-color-0) !important;\"><strong>Enrique Escolar<\/strong><\/span><\/strong><\/span><\/p>\n<p style=\"text-align: left;\"><span data-ccp-props=\"{&quot;201341983&quot;:0,&quot;335559739&quot;:160,&quot;335559740&quot;:259}\" style=\"\"><span data-teams=\"true\" style=\"\">General Manager<\/span><\/span><\/p>\n<p style=\"text-align: left;\"><span data-ccp-props=\"{&quot;201341983&quot;:0,&quot;335559739&quot;:160,&quot;335559740&quot;:259}\" style=\"\">CTAIMA<\/span><\/p>\n<p><span style=\"\"><img decoding=\"async\" alt=\"\" data-id=\"36117\" width=\"117\" data-init-width=\"326\" height=\"117\" data-init-height=\"325\" title=\"Mask group\" src=\"https:\/\/twind.io\/es\/wp-content\/uploads\/2025\/07\/Mask-group.png\" data-width=\"117\" data-height=\"117\" style=\"aspect-ratio: auto 326 \/ 325;\" mt-d=\"0\" ml-d=\"0\" center-v-d=\"false\" mt-t=\"0\" ml-t=\"0\" center-h-d=\"false\" mt-m=\"0\" ml-m=\"0\" loading=\"lazy\"><\/span><\/p>\n<p style=\"text-align: left;\"><span data-ccp-props=\"{&quot;201341983&quot;:0,&quot;335559739&quot;:160,&quot;335559740&quot;:259}\" style=\"\"><strong><span style=\"--tcb-applied-color: var$(--tcb-skin-color-0) !important; color: var(--tcb-skin-color-0) !important;\"><strong>Ana Aguirre<\/strong><\/span><\/strong><\/span><\/p>\n<p style=\"text-align: left;\"><span data-ccp-props=\"{&quot;201341983&quot;:0,&quot;335559739&quot;:160,&quot;335559740&quot;:259}\" style=\"\"><span data-teams=\"true\" style=\"\">Customer Success<\/span><\/span><\/p>\n<p style=\"text-align: left;\"><span data-ccp-props=\"{&quot;201341983&quot;:0,&quot;335559739&quot;:160,&quot;335559740&quot;:259}\" style=\"\">CTAIMA<\/span><\/p>\n<h3 style=\"text-align: center;\"><\/h3>\n","protected":false},"excerpt":{"rendered":"<p>Webinar Gratuito C\u00f3mo evitar riesgos de contratistas y proveedores Accede a la grabaci\u00f3n Antic\u00edpate al caos de fin de a\u00f1o: Digitaliza tu gesti\u00f3n de contratistas antes de septiembre \u00bfVas a esperar al 2026 para solucionar lo que ya puedes resolver hoy?&nbsp;Este es el momento ideal para anticiparte a las auditor\u00edas, a las prisas de fin [&hellip;]<\/p>\n","protected":false},"author":1,"featured_media":0,"parent":0,"menu_order":0,"comment_status":"closed","ping_status":"closed","template":"","meta":{"content-type":"","footnotes":""},"class_list":["post-36106","page","type-page","status-publish","hentry","post-wrapper","thrv_wrapper"],"yoast_head":"<!-- This site is optimized with the Yoast SEO plugin v27.3 - https:\/\/yoast.com\/product\/yoast-seo-wordpress\/ -->\n<title>Webinar \u00bfC\u00f3mo evitar riesgos de contratistas y proveedores?<\/title>\n<meta name=\"description\" content=\"Webinar - \u00bfC\u00f3mo evitar riesgos de contratistas y proveedores?\" \/>\n<meta name=\"robots\" content=\"noindex, nofollow\" \/>\n<meta property=\"og:locale\" content=\"es_ES\" \/>\n<meta property=\"og:type\" content=\"article\" \/>\n<meta property=\"og:title\" content=\"Webinar \u00bfC\u00f3mo evitar riesgos de contratistas y proveedores?\" \/>\n<meta property=\"og:description\" content=\"Webinar - \u00bfC\u00f3mo evitar riesgos de contratistas y proveedores?\" \/>\n<meta property=\"og:url\" content=\"https:\/\/twind.io\/es\/webinar-como-evitar-riesgos-de-contratistas-y-proveedores\/\" \/>\n<meta property=\"og:site_name\" content=\"Twind - Plataforma de Coordinaci\u00f3n de Actividades Empresariales\" \/>\n<meta property=\"article:modified_time\" content=\"2026-01-30T11:43:30+00:00\" \/>\n<meta property=\"og:image\" content=\"https:\/\/twind.io\/es\/wp-content\/uploads\/2025\/03\/logo-twind-by-ctaima.png\" \/>\n<meta name=\"twitter:card\" content=\"summary_large_image\" \/>\n<meta name=\"twitter:label1\" content=\"Tiempo de lectura\" \/>\n\t<meta name=\"twitter:data1\" content=\"4 minutos\" \/>\n<script type=\"application\/ld+json\" class=\"yoast-schema-graph\">{\"@context\":\"https:\\\/\\\/schema.org\",\"@graph\":[{\"@type\":\"WebPage\",\"@id\":\"https:\\\/\\\/twind.io\\\/es\\\/webinar-como-evitar-riesgos-de-contratistas-y-proveedores\\\/\",\"url\":\"https:\\\/\\\/twind.io\\\/es\\\/webinar-como-evitar-riesgos-de-contratistas-y-proveedores\\\/\",\"name\":\"Webinar \u00bfC\u00f3mo evitar riesgos de contratistas y proveedores?\",\"isPartOf\":{\"@id\":\"https:\\\/\\\/twind.io\\\/es\\\/#website\"},\"primaryImageOfPage\":{\"@id\":\"https:\\\/\\\/twind.io\\\/es\\\/webinar-como-evitar-riesgos-de-contratistas-y-proveedores\\\/#primaryimage\"},\"image\":{\"@id\":\"https:\\\/\\\/twind.io\\\/es\\\/webinar-como-evitar-riesgos-de-contratistas-y-proveedores\\\/#primaryimage\"},\"thumbnailUrl\":\"https:\\\/\\\/twind.io\\\/es\\\/wp-content\\\/uploads\\\/2025\\\/03\\\/logo-twind-by-ctaima.png\",\"datePublished\":\"2025-07-11T08:21:15+00:00\",\"dateModified\":\"2026-01-30T11:43:30+00:00\",\"description\":\"Webinar - \u00bfC\u00f3mo evitar riesgos de contratistas y proveedores?\",\"breadcrumb\":{\"@id\":\"https:\\\/\\\/twind.io\\\/es\\\/webinar-como-evitar-riesgos-de-contratistas-y-proveedores\\\/#breadcrumb\"},\"inLanguage\":\"es\",\"potentialAction\":[{\"@type\":\"ReadAction\",\"target\":[\"https:\\\/\\\/twind.io\\\/es\\\/webinar-como-evitar-riesgos-de-contratistas-y-proveedores\\\/\"]}]},{\"@type\":\"ImageObject\",\"inLanguage\":\"es\",\"@id\":\"https:\\\/\\\/twind.io\\\/es\\\/webinar-como-evitar-riesgos-de-contratistas-y-proveedores\\\/#primaryimage\",\"url\":\"https:\\\/\\\/twind.io\\\/es\\\/wp-content\\\/uploads\\\/2025\\\/03\\\/logo-twind-by-ctaima.png\",\"contentUrl\":\"https:\\\/\\\/twind.io\\\/es\\\/wp-content\\\/uploads\\\/2025\\\/03\\\/logo-twind-by-ctaima.png\",\"width\":697,\"height\":209},{\"@type\":\"BreadcrumbList\",\"@id\":\"https:\\\/\\\/twind.io\\\/es\\\/webinar-como-evitar-riesgos-de-contratistas-y-proveedores\\\/#breadcrumb\",\"itemListElement\":[{\"@type\":\"ListItem\",\"position\":1,\"name\":\"Portada\",\"item\":\"https:\\\/\\\/twind.io\\\/es\\\/\"},{\"@type\":\"ListItem\",\"position\":2,\"name\":\"Webinar &#8211; C\u00f3mo evitar riesgos de contratistas y proveedores\"}]},{\"@type\":\"WebSite\",\"@id\":\"https:\\\/\\\/twind.io\\\/es\\\/#website\",\"url\":\"https:\\\/\\\/twind.io\\\/es\\\/\",\"name\":\"Twind - Plataforma de Coordinaci\u00f3n de Actividades Empresariales\",\"description\":\"Coordina los procesos de gesti\u00f3n documental y control de contratistas y proveedores, respetando la normativa en materia de Seguridad y Salud en el Trabajo.\",\"potentialAction\":[{\"@type\":\"SearchAction\",\"target\":{\"@type\":\"EntryPoint\",\"urlTemplate\":\"https:\\\/\\\/twind.io\\\/es\\\/?s={search_term_string}\"},\"query-input\":{\"@type\":\"PropertyValueSpecification\",\"valueRequired\":true,\"valueName\":\"search_term_string\"}}],\"inLanguage\":\"es\"}]}<\/script>\n<!-- \/ Yoast SEO plugin. -->","yoast_head_json":{"title":"Webinar \u00bfC\u00f3mo evitar riesgos de contratistas y proveedores?","description":"Webinar - \u00bfC\u00f3mo evitar riesgos de contratistas y proveedores?","robots":{"index":"noindex","follow":"nofollow"},"og_locale":"es_ES","og_type":"article","og_title":"Webinar \u00bfC\u00f3mo evitar riesgos de contratistas y proveedores?","og_description":"Webinar - \u00bfC\u00f3mo evitar riesgos de contratistas y proveedores?","og_url":"https:\/\/twind.io\/es\/webinar-como-evitar-riesgos-de-contratistas-y-proveedores\/","og_site_name":"Twind - Plataforma de Coordinaci\u00f3n de Actividades Empresariales","article_modified_time":"2026-01-30T11:43:30+00:00","og_image":[{"url":"https:\/\/twind.io\/es\/wp-content\/uploads\/2025\/03\/logo-twind-by-ctaima.png","type":"","width":"","height":""}],"twitter_card":"summary_large_image","twitter_misc":{"Tiempo de lectura":"4 minutos"},"schema":{"@context":"https:\/\/schema.org","@graph":[{"@type":"WebPage","@id":"https:\/\/twind.io\/es\/webinar-como-evitar-riesgos-de-contratistas-y-proveedores\/","url":"https:\/\/twind.io\/es\/webinar-como-evitar-riesgos-de-contratistas-y-proveedores\/","name":"Webinar \u00bfC\u00f3mo evitar riesgos de contratistas y proveedores?","isPartOf":{"@id":"https:\/\/twind.io\/es\/#website"},"primaryImageOfPage":{"@id":"https:\/\/twind.io\/es\/webinar-como-evitar-riesgos-de-contratistas-y-proveedores\/#primaryimage"},"image":{"@id":"https:\/\/twind.io\/es\/webinar-como-evitar-riesgos-de-contratistas-y-proveedores\/#primaryimage"},"thumbnailUrl":"https:\/\/twind.io\/es\/wp-content\/uploads\/2025\/03\/logo-twind-by-ctaima.png","datePublished":"2025-07-11T08:21:15+00:00","dateModified":"2026-01-30T11:43:30+00:00","description":"Webinar - \u00bfC\u00f3mo evitar riesgos de contratistas y proveedores?","breadcrumb":{"@id":"https:\/\/twind.io\/es\/webinar-como-evitar-riesgos-de-contratistas-y-proveedores\/#breadcrumb"},"inLanguage":"es","potentialAction":[{"@type":"ReadAction","target":["https:\/\/twind.io\/es\/webinar-como-evitar-riesgos-de-contratistas-y-proveedores\/"]}]},{"@type":"ImageObject","inLanguage":"es","@id":"https:\/\/twind.io\/es\/webinar-como-evitar-riesgos-de-contratistas-y-proveedores\/#primaryimage","url":"https:\/\/twind.io\/es\/wp-content\/uploads\/2025\/03\/logo-twind-by-ctaima.png","contentUrl":"https:\/\/twind.io\/es\/wp-content\/uploads\/2025\/03\/logo-twind-by-ctaima.png","width":697,"height":209},{"@type":"BreadcrumbList","@id":"https:\/\/twind.io\/es\/webinar-como-evitar-riesgos-de-contratistas-y-proveedores\/#breadcrumb","itemListElement":[{"@type":"ListItem","position":1,"name":"Portada","item":"https:\/\/twind.io\/es\/"},{"@type":"ListItem","position":2,"name":"Webinar &#8211; C\u00f3mo evitar riesgos de contratistas y proveedores"}]},{"@type":"WebSite","@id":"https:\/\/twind.io\/es\/#website","url":"https:\/\/twind.io\/es\/","name":"Twind - Plataforma de Coordinaci\u00f3n de Actividades Empresariales","description":"Coordina los procesos de gesti\u00f3n documental y control de contratistas y proveedores, respetando la normativa en materia de Seguridad y Salud en el Trabajo.","potentialAction":[{"@type":"SearchAction","target":{"@type":"EntryPoint","urlTemplate":"https:\/\/twind.io\/es\/?s={search_term_string}"},"query-input":{"@type":"PropertyValueSpecification","valueRequired":true,"valueName":"search_term_string"}}],"inLanguage":"es"}]}},"_links":{"self":[{"href":"https:\/\/twind.io\/es\/wp-json\/wp\/v2\/pages\/36106","targetHints":{"allow":["GET"]}}],"collection":[{"href":"https:\/\/twind.io\/es\/wp-json\/wp\/v2\/pages"}],"about":[{"href":"https:\/\/twind.io\/es\/wp-json\/wp\/v2\/types\/page"}],"author":[{"embeddable":true,"href":"https:\/\/twind.io\/es\/wp-json\/wp\/v2\/users\/1"}],"replies":[{"embeddable":true,"href":"https:\/\/twind.io\/es\/wp-json\/wp\/v2\/comments?post=36106"}],"version-history":[{"count":34,"href":"https:\/\/twind.io\/es\/wp-json\/wp\/v2\/pages\/36106\/revisions"}],"predecessor-version":[{"id":38008,"href":"https:\/\/twind.io\/es\/wp-json\/wp\/v2\/pages\/36106\/revisions\/38008"}],"wp:attachment":[{"href":"https:\/\/twind.io\/es\/wp-json\/wp\/v2\/media?parent=36106"}],"curies":[{"name":"wp","href":"https:\/\/api.w.org\/{rel}","templated":true}]}}