{"id":36406,"date":"2025-09-17T11:32:23","date_gmt":"2025-09-17T11:32:23","guid":{"rendered":"https:\/\/twind.io\/es\/?page_id=36406"},"modified":"2026-01-30T11:25:01","modified_gmt":"2026-01-30T11:25:01","slug":"webinar-caso-de-exito-bunzl","status":"publish","type":"page","link":"https:\/\/twind.io\/es\/webinar-caso-de-exito-bunzl\/","title":{"rendered":"Webinar Caso de \u00e9xito Bunzl \u2013 Transformaci\u00f3n digital de la CAE y gesti\u00f3n de contratistas"},"content":{"rendered":"<p><span style=\"\"><img decoding=\"async\" alt=\"\" data-id=\"36596\" width=\"431\" data-init-width=\"750\" height=\"53\" data-init-height=\"92\" title=\"\" src=\"https:\/\/twind.io\/es\/wp-content\/uploads\/2025\/10\/logos-grupo-ctaima.png\" data-width=\"431\" data-height=\"53\" style=\"aspect-ratio: auto 750 \/ 92;\" mt-d=\"-0.5313000000000017\" ml-d=\"0\" center-v-d=\"false\" loading=\"lazy\"><\/span><\/p>\n<p style=\"\">Webinar exclusivo<\/p>\n<p style=\"\">\n<p style=\"text-align: left;\"><span style=\"\"><span style=\"\">Caso de \u00e9xito Bunzl:<\/span>&nbsp;<\/span><\/p>\n<p style=\"text-align: left;\"><span style=\"\"><span style=\"\">Transformaci\u00f3n digital de la CAE y gesti\u00f3n de contratistas<\/span><\/span><\/p>\n<p style=\"\"><em><span style=\"font-weight: normal;\">Disponible on demand<\/span><\/em><\/p>\n<p style=\"\">\n\n\t\t\t\t\t\t<script>\n\t\t\t\t\t\t\twindow.hsFormsOnReady = window.hsFormsOnReady || [];\n\t\t\t\t\t\t\twindow.hsFormsOnReady.push(()=>{\n\t\t\t\t\t\t\t\thbspt.forms.create({\n\t\t\t\t\t\t\t\t\tportalId: 146424663,\n\t\t\t\t\t\t\t\t\tformId: \"14c5ae9a-0940-4cf7-952e-16e8b636dcbc\",\n\t\t\t\t\t\t\t\t\ttarget: \"#hbspt-form-1775407783000-3502019115\",\n\t\t\t\t\t\t\t\t\tregion: \"eu1\",\n\t\t\t\t\t\t\t\t\t\n\t\t\t\t\t\t\t})});\n\t\t\t\t\t\t<\/script>\n\t\t\t\t\t\t<div class=\"hbspt-form\" id=\"hbspt-form-1775407783000-3502019115\"><\/div>\n<p style=\"\"><span><strong>De la demora al control: c\u00f3mo Bunzl optimiz\u00f3 su CAE a trav\u00e9s de la digitalizaci\u00f3n&nbsp;<\/strong> <\/span><\/p>\n<p style=\"\"><em>Un caso real que te mostrar\u00e1 c\u00f3mo evitar las demoras en los trabajos con contratistas y c\u00f3mo cumplir sin estr\u00e9s en entornos de m\u00e1xima exigencia.<\/em><span>La gesti\u00f3n manual con contratistas y proveedores suele generar riesgos de accidentes e incidentes, retrasos operativos e incumplimientos, as\u00ed como sanciones y responsabilidades. <\/span><\/p>\n<p style=\"\"><span>En este webinar ver\u00e1s un caso real: c\u00f3mo Bunzl digitaliz\u00f3 su cumplimiento y gesti\u00f3n de contratistas para operar en doble rol: como empresa que subcontrata en sus centros y, a la vez, como proveedor que debe cumplir los requisitos de m\u00faltiples clientes. Y todo ello, garantizando cumplimiento de los requisitos de la ISO 45001, que tambi\u00e9n trataremos en esta sesi\u00f3n.&nbsp;<\/span><\/p>\n<p style=\"\"><span style=\"\"><strong><span style=\"\">Agenda<\/span><\/strong><\/span><span style=\"\"><\/span><span style=\"\"><\/span><\/p>\n<ul>\n<li style=\"\"><span style=\"\">El contexto y los grandes retos CAE en Bunzl \u2014 y c\u00f3mo los superaron.<\/span><\/li>\n<li style=\"\"><span style=\"\">ISO 45001 y contratistas: la no conformidad que se repite en todas las auditor\u00edas. Antonio te cuenta por qu\u00e9 siempre cae esa observaci\u00f3n\u2026 y c\u00f3mo la resolvieron en Bunzl.<\/span><\/li>\n<li style=\"\"><span style=\"\">C\u00f3mo la gesti\u00f3n digital evita riesgos, paros y demoras que afectan a tu trabajo.<\/span><\/li>\n<li style=\"\"><span style=\"\">La f\u00f3rmula para garantizar y demostrar el cumplimiento normativo sin perder tiempo.<\/span><\/li>\n<li style=\"\"><span style=\"\">Espacio de preguntas y respuestas: Bloque final para abordar dudas y consultas puntuales.&nbsp;<\/span><\/li>\n<\/ul>\n<p style=\"\"><span style=\"\"><strong><span style=\"\">\u00bfPara qui\u00e9n?<\/span><\/strong><\/span><\/p>\n<p><span>Direcciones HSE\/QHSE, Operaciones, Facility\/Planta y RRHH que gestionan contratistas y\/o deben cumplir requisitos de clientes.<\/span><\/p>\n<p><span><\/span><\/p>\n<p><span><\/span><\/p>\n<p style=\"\"><a href=\"#lg-mfat9vc5\" style=\"outline: none;\" spellcheck=\"false\"><span style=\"\"><strong><span style=\"\">Reg\u00edstrate gratis: Participa del vivo o accede on demand<\/span><\/strong><\/span><\/a>&nbsp;<\/p>\n<p style=\"\"><span data-ccp-props=\"{&quot;201341983&quot;:0,&quot;335559739&quot;:160,&quot;335559740&quot;:259}\" style=\"\"><strong><strong>Speakers:<\/strong><\/strong><\/span><\/p>\n<p><span style=\"\"><img decoding=\"async\" alt=\"\" data-id=\"36437\" width=\"128\" data-init-width=\"500\" height=\"128\" data-init-height=\"500\" title=\"TONI\" src=\"https:\/\/twind.io\/es\/wp-content\/uploads\/2025\/09\/TONI.png\" data-width=\"128\" data-height=\"128\" style=\"aspect-ratio: auto 500 \/ 500;\" mt-d=\"-1.281000000000006\" ml-d=\"0\" center-v-d=\"false\" mt-t=\"-7.391000000000005\" ml-t=\"0\" center-h-d=\"false\" mt-m=\"-1.1089999999999947\" ml-m=\"0\" loading=\"lazy\"><\/span><\/p>\n<p style=\"text-align: left;\"><span data-ccp-props=\"{&quot;201341983&quot;:0,&quot;335559739&quot;:160,&quot;335559740&quot;:259}\"><strong><span style=\"--tcb-applied-color: var$(--tcb-skin-color-0) !important; color: var(--tcb-skin-color-0) !important;\">Antonio Alc\u00e1ntara<\/span><\/strong><\/span><\/p>\n<p style=\"text-align: left;\"><span data-ccp-props=\"{&quot;201341983&quot;:0,&quot;335559739&quot;:160,&quot;335559740&quot;:259}\">EHSQ Manager SE&amp;ME<strong>Bunzl<\/strong><\/span><\/p>\n<p><span style=\"\"><img decoding=\"async\" alt=\"\" data-id=\"36436\" width=\"128\" data-init-width=\"500\" height=\"128\" data-init-height=\"500\" title=\"MARI PAU\" src=\"https:\/\/twind.io\/es\/wp-content\/uploads\/2025\/09\/MARI-PAU.png\" data-width=\"128\" data-height=\"128\" style=\"aspect-ratio: auto 500 \/ 500;\" mt-d=\"-1.1880000000000024\" ml-d=\"0\" center-v-d=\"false\" mt-t=\"-7.391000000000005\" ml-t=\"0\" center-h-d=\"false\" mt-m=\"0\" ml-m=\"-7.688000000000002\" loading=\"lazy\"><\/span><\/p>\n<p style=\"text-align: left;\"><span data-ccp-props=\"{&quot;201341983&quot;:0,&quot;335559739&quot;:160,&quot;335559740&quot;:259}\" style=\"\"><strong><span style=\"--tcb-applied-color: var$(--tcb-skin-color-0) !important; color: var(--tcb-skin-color-0) !important;\">M. Pau Moli<\/span><\/strong><\/span><\/p>\n<p style=\"text-align: left;\"><span data-ccp-props=\"{&quot;201341983&quot;:0,&quot;335559739&quot;:160,&quot;335559740&quot;:259}\" style=\"\"><span data-contrast=\"auto\" lang=\"PT-PT\">Product Marketing Manager<\/span><\/span><\/p>\n<p style=\"text-align: left;\"><span data-ccp-props=\"{&quot;201341983&quot;:0,&quot;335559739&quot;:160,&quot;335559740&quot;:259}\" style=\"\">CTAIMA<\/span><\/p>\n<h3 style=\"text-align: center;\"><\/h3>\n","protected":false},"excerpt":{"rendered":"<p>Webinar exclusivo Caso de \u00e9xito Bunzl:&nbsp; Transformaci\u00f3n digital de la CAE y gesti\u00f3n de contratistas Disponible on demand De la demora al control: c\u00f3mo Bunzl optimiz\u00f3 su CAE a trav\u00e9s de la digitalizaci\u00f3n&nbsp; Un caso real que te mostrar\u00e1 c\u00f3mo evitar las demoras en los trabajos con contratistas y c\u00f3mo cumplir sin estr\u00e9s en entornos [&hellip;]<\/p>\n","protected":false},"author":1,"featured_media":0,"parent":0,"menu_order":0,"comment_status":"closed","ping_status":"closed","template":"","meta":{"content-type":"","footnotes":""},"class_list":["post-36406","page","type-page","status-publish","hentry","post-wrapper","thrv_wrapper"],"yoast_head":"<!-- This site is optimized with the Yoast SEO plugin v27.3 - https:\/\/yoast.com\/product\/yoast-seo-wordpress\/ -->\n<title>Webinar Caso de \u00e9xito Bunzl \u2013 Transformaci\u00f3n digital de la CAE y gesti\u00f3n de contratistas<\/title>\n<meta name=\"description\" content=\"Webinar Caso de \u00e9xito Bunzl\" \/>\n<meta name=\"robots\" content=\"noindex, nofollow\" \/>\n<meta property=\"og:locale\" content=\"es_ES\" \/>\n<meta property=\"og:type\" content=\"article\" \/>\n<meta property=\"og:title\" content=\"Webinar Caso de \u00e9xito Bunzl \u2013 Transformaci\u00f3n digital de la CAE y gesti\u00f3n de contratistas\" \/>\n<meta property=\"og:description\" content=\"Webinar Caso de \u00e9xito Bunzl\" \/>\n<meta property=\"og:url\" content=\"https:\/\/twind.io\/es\/webinar-caso-de-exito-bunzl\/\" \/>\n<meta property=\"og:site_name\" content=\"Twind - Plataforma de Coordinaci\u00f3n de Actividades Empresariales\" \/>\n<meta property=\"article:modified_time\" content=\"2026-01-30T11:25:01+00:00\" \/>\n<meta property=\"og:image\" content=\"https:\/\/twind.io\/es\/wp-content\/uploads\/2025\/10\/logos-grupo-ctaima.png\" \/>\n<meta name=\"twitter:card\" content=\"summary_large_image\" \/>\n<meta name=\"twitter:label1\" content=\"Tiempo de lectura\" \/>\n\t<meta name=\"twitter:data1\" content=\"4 minutos\" \/>\n<script type=\"application\/ld+json\" class=\"yoast-schema-graph\">{\"@context\":\"https:\\\/\\\/schema.org\",\"@graph\":[{\"@type\":\"WebPage\",\"@id\":\"https:\\\/\\\/twind.io\\\/es\\\/webinar-caso-de-exito-bunzl\\\/\",\"url\":\"https:\\\/\\\/twind.io\\\/es\\\/webinar-caso-de-exito-bunzl\\\/\",\"name\":\"Webinar Caso de \u00e9xito Bunzl \u2013 Transformaci\u00f3n digital de la CAE y gesti\u00f3n de contratistas\",\"isPartOf\":{\"@id\":\"https:\\\/\\\/twind.io\\\/es\\\/#website\"},\"primaryImageOfPage\":{\"@id\":\"https:\\\/\\\/twind.io\\\/es\\\/webinar-caso-de-exito-bunzl\\\/#primaryimage\"},\"image\":{\"@id\":\"https:\\\/\\\/twind.io\\\/es\\\/webinar-caso-de-exito-bunzl\\\/#primaryimage\"},\"thumbnailUrl\":\"https:\\\/\\\/twind.io\\\/es\\\/wp-content\\\/uploads\\\/2025\\\/10\\\/logos-grupo-ctaima.png\",\"datePublished\":\"2025-09-17T11:32:23+00:00\",\"dateModified\":\"2026-01-30T11:25:01+00:00\",\"description\":\"Webinar Caso de \u00e9xito Bunzl\",\"breadcrumb\":{\"@id\":\"https:\\\/\\\/twind.io\\\/es\\\/webinar-caso-de-exito-bunzl\\\/#breadcrumb\"},\"inLanguage\":\"es\",\"potentialAction\":[{\"@type\":\"ReadAction\",\"target\":[\"https:\\\/\\\/twind.io\\\/es\\\/webinar-caso-de-exito-bunzl\\\/\"]}]},{\"@type\":\"ImageObject\",\"inLanguage\":\"es\",\"@id\":\"https:\\\/\\\/twind.io\\\/es\\\/webinar-caso-de-exito-bunzl\\\/#primaryimage\",\"url\":\"https:\\\/\\\/twind.io\\\/es\\\/wp-content\\\/uploads\\\/2025\\\/10\\\/logos-grupo-ctaima.png\",\"contentUrl\":\"https:\\\/\\\/twind.io\\\/es\\\/wp-content\\\/uploads\\\/2025\\\/10\\\/logos-grupo-ctaima.png\",\"width\":750,\"height\":92},{\"@type\":\"BreadcrumbList\",\"@id\":\"https:\\\/\\\/twind.io\\\/es\\\/webinar-caso-de-exito-bunzl\\\/#breadcrumb\",\"itemListElement\":[{\"@type\":\"ListItem\",\"position\":1,\"name\":\"Portada\",\"item\":\"https:\\\/\\\/twind.io\\\/es\\\/\"},{\"@type\":\"ListItem\",\"position\":2,\"name\":\"Webinar Caso de \u00e9xito Bunzl \u2013 Transformaci\u00f3n digital de la CAE y gesti\u00f3n de contratistas\"}]},{\"@type\":\"WebSite\",\"@id\":\"https:\\\/\\\/twind.io\\\/es\\\/#website\",\"url\":\"https:\\\/\\\/twind.io\\\/es\\\/\",\"name\":\"Twind - Plataforma de Coordinaci\u00f3n de Actividades Empresariales\",\"description\":\"Coordina los procesos de gesti\u00f3n documental y control de contratistas y proveedores, respetando la normativa en materia de Seguridad y Salud en el Trabajo.\",\"potentialAction\":[{\"@type\":\"SearchAction\",\"target\":{\"@type\":\"EntryPoint\",\"urlTemplate\":\"https:\\\/\\\/twind.io\\\/es\\\/?s={search_term_string}\"},\"query-input\":{\"@type\":\"PropertyValueSpecification\",\"valueRequired\":true,\"valueName\":\"search_term_string\"}}],\"inLanguage\":\"es\"}]}<\/script>\n<!-- \/ Yoast SEO plugin. -->","yoast_head_json":{"title":"Webinar Caso de \u00e9xito Bunzl \u2013 Transformaci\u00f3n digital de la CAE y gesti\u00f3n de contratistas","description":"Webinar Caso de \u00e9xito Bunzl","robots":{"index":"noindex","follow":"nofollow"},"og_locale":"es_ES","og_type":"article","og_title":"Webinar Caso de \u00e9xito Bunzl \u2013 Transformaci\u00f3n digital de la CAE y gesti\u00f3n de contratistas","og_description":"Webinar Caso de \u00e9xito Bunzl","og_url":"https:\/\/twind.io\/es\/webinar-caso-de-exito-bunzl\/","og_site_name":"Twind - Plataforma de Coordinaci\u00f3n de Actividades Empresariales","article_modified_time":"2026-01-30T11:25:01+00:00","og_image":[{"url":"https:\/\/twind.io\/es\/wp-content\/uploads\/2025\/10\/logos-grupo-ctaima.png","type":"","width":"","height":""}],"twitter_card":"summary_large_image","twitter_misc":{"Tiempo de lectura":"4 minutos"},"schema":{"@context":"https:\/\/schema.org","@graph":[{"@type":"WebPage","@id":"https:\/\/twind.io\/es\/webinar-caso-de-exito-bunzl\/","url":"https:\/\/twind.io\/es\/webinar-caso-de-exito-bunzl\/","name":"Webinar Caso de \u00e9xito Bunzl \u2013 Transformaci\u00f3n digital de la CAE y gesti\u00f3n de contratistas","isPartOf":{"@id":"https:\/\/twind.io\/es\/#website"},"primaryImageOfPage":{"@id":"https:\/\/twind.io\/es\/webinar-caso-de-exito-bunzl\/#primaryimage"},"image":{"@id":"https:\/\/twind.io\/es\/webinar-caso-de-exito-bunzl\/#primaryimage"},"thumbnailUrl":"https:\/\/twind.io\/es\/wp-content\/uploads\/2025\/10\/logos-grupo-ctaima.png","datePublished":"2025-09-17T11:32:23+00:00","dateModified":"2026-01-30T11:25:01+00:00","description":"Webinar Caso de \u00e9xito Bunzl","breadcrumb":{"@id":"https:\/\/twind.io\/es\/webinar-caso-de-exito-bunzl\/#breadcrumb"},"inLanguage":"es","potentialAction":[{"@type":"ReadAction","target":["https:\/\/twind.io\/es\/webinar-caso-de-exito-bunzl\/"]}]},{"@type":"ImageObject","inLanguage":"es","@id":"https:\/\/twind.io\/es\/webinar-caso-de-exito-bunzl\/#primaryimage","url":"https:\/\/twind.io\/es\/wp-content\/uploads\/2025\/10\/logos-grupo-ctaima.png","contentUrl":"https:\/\/twind.io\/es\/wp-content\/uploads\/2025\/10\/logos-grupo-ctaima.png","width":750,"height":92},{"@type":"BreadcrumbList","@id":"https:\/\/twind.io\/es\/webinar-caso-de-exito-bunzl\/#breadcrumb","itemListElement":[{"@type":"ListItem","position":1,"name":"Portada","item":"https:\/\/twind.io\/es\/"},{"@type":"ListItem","position":2,"name":"Webinar Caso de \u00e9xito Bunzl \u2013 Transformaci\u00f3n digital de la CAE y gesti\u00f3n de contratistas"}]},{"@type":"WebSite","@id":"https:\/\/twind.io\/es\/#website","url":"https:\/\/twind.io\/es\/","name":"Twind - Plataforma de Coordinaci\u00f3n de Actividades Empresariales","description":"Coordina los procesos de gesti\u00f3n documental y control de contratistas y proveedores, respetando la normativa en materia de Seguridad y Salud en el Trabajo.","potentialAction":[{"@type":"SearchAction","target":{"@type":"EntryPoint","urlTemplate":"https:\/\/twind.io\/es\/?s={search_term_string}"},"query-input":{"@type":"PropertyValueSpecification","valueRequired":true,"valueName":"search_term_string"}}],"inLanguage":"es"}]}},"_links":{"self":[{"href":"https:\/\/twind.io\/es\/wp-json\/wp\/v2\/pages\/36406","targetHints":{"allow":["GET"]}}],"collection":[{"href":"https:\/\/twind.io\/es\/wp-json\/wp\/v2\/pages"}],"about":[{"href":"https:\/\/twind.io\/es\/wp-json\/wp\/v2\/types\/page"}],"author":[{"embeddable":true,"href":"https:\/\/twind.io\/es\/wp-json\/wp\/v2\/users\/1"}],"replies":[{"embeddable":true,"href":"https:\/\/twind.io\/es\/wp-json\/wp\/v2\/comments?post=36406"}],"version-history":[{"count":51,"href":"https:\/\/twind.io\/es\/wp-json\/wp\/v2\/pages\/36406\/revisions"}],"predecessor-version":[{"id":38001,"href":"https:\/\/twind.io\/es\/wp-json\/wp\/v2\/pages\/36406\/revisions\/38001"}],"wp:attachment":[{"href":"https:\/\/twind.io\/es\/wp-json\/wp\/v2\/media?parent=36406"}],"curies":[{"name":"wp","href":"https:\/\/api.w.org\/{rel}","templated":true}]}}