{"id":36510,"date":"2025-09-24T10:35:17","date_gmt":"2025-09-24T10:35:17","guid":{"rendered":"https:\/\/twind.io\/es\/?page_id=36510"},"modified":"2025-09-24T10:52:08","modified_gmt":"2025-09-24T10:52:08","slug":"checklist-evaluacion-de-proveedores-software-gestion-de-contratistas","status":"publish","type":"page","link":"https:\/\/twind.io\/es\/checklist-evaluacion-de-proveedores-software-gestion-de-contratistas\/","title":{"rendered":"Checklist Evaluacion de Proveedores Software Gestion de Contratistas"},"content":{"rendered":"<p><span><img decoding=\"async\" alt=\"Twind\" data-id=\"36409\" width=\"220\" data-init-width=\"697\" height=\"66\" data-init-height=\"209\" title=\"Twind\" src=\"https:\/\/twind.io\/es\/wp-content\/uploads\/2025\/09\/logo-twind-by-ctaima.png\" data-width=\"220\" data-height=\"66\" style=\"aspect-ratio: auto 697 \/ 209;\" loading=\"lazy\"><\/span><\/p>\n<h3 style=\"text-align: center;\">Checklist Gratuito<\/h3>\n<h1 style=\"text-align: center;\"><span data-contrast=\"none\" lang=\"ES-ES\"><span data-ccp-parastyle=\"heading 2\"><span data-contrast=\"auto\" lang=\"ES-ES\"><span dir=\"ltr\"><\/span><\/span><\/span><\/span><strong><span data-ccp-props=\"{&quot;201341983&quot;:0,&quot;335559739&quot;:160,&quot;335559740&quot;:259}\"><span data-contrast=\"auto\" lang=\"ES-ES\">\u00bfListo para tomar la mejor decisi\u00f3n en la compra de tu<\/span><\/span><\/strong><\/h1>\n<h1 style=\"text-align: center;\"><strong><span data-ccp-props=\"{&quot;201341983&quot;:0,&quot;335559739&quot;:160,&quot;335559740&quot;:259}\"><span data-contrast=\"auto\" lang=\"ES-ES\"><\/span><\/span><\/strong><strong><span data-ccp-props=\"{&quot;201341983&quot;:0,&quot;335559739&quot;:160,&quot;335559740&quot;:259}\"><span data-contrast=\"auto\" lang=\"ES-ES\"><span>Software de Gesti\u00f3n de Contratistas?<\/span><\/span><\/span><\/strong><\/h1>\n<h2 style=\"text-align: center;\"><strong>Descubre qu\u00e9 debes considerar al evaluar a&nbsp;<\/strong><strong>un proveedor de Software de Gesti\u00f3n de Contratistas<\/strong><\/h2>\n<p><span><img decoding=\"async\" alt=\"\" data-id=\"36518\" width=\"418\" data-init-width=\"779\" height=\"598\" data-init-height=\"1115\" title=\"checklist twind evaluacion proveedores\" src=\"https:\/\/twind.io\/es\/wp-content\/uploads\/2025\/09\/cover-checklist-twind-evaluacion-proveedores.png\" data-width=\"418\" data-height=\"598\" style=\"aspect-ratio: auto 779 \/ 1115;\" loading=\"lazy\"><\/span><\/p>\n<p style=\"\"><span>Actualmente, digitalizar la gesti\u00f3n de proveedores y contratistas&nbsp;<\/span>est\u00e1 al alcance de todas las organizaciones. Sin embargo, <strong>l<\/strong><strong>o m\u00e1s complicado no es la automatizaci\u00f3n, sino elegir la Plataforma de Gesti\u00f3n de Contratistas adecuada para hacerlo debido a la gran variedad de soluciones existentes<\/strong>.<\/p>\n\n\t\t\t\t\t\t<script>\n\t\t\t\t\t\t\twindow.hsFormsOnReady = window.hsFormsOnReady || [];\n\t\t\t\t\t\t\twindow.hsFormsOnReady.push(()=>{\n\t\t\t\t\t\t\t\thbspt.forms.create({\n\t\t\t\t\t\t\t\t\tportalId: 146424663,\n\t\t\t\t\t\t\t\t\tformId: \"b7b0335b-1151-4051-ae91-3142b2aba0ca\",\n\t\t\t\t\t\t\t\t\ttarget: \"#hbspt-form-1775407572000-6816438906\",\n\t\t\t\t\t\t\t\t\tregion: \"eu1\",\n\t\t\t\t\t\t\t\t\t\n\t\t\t\t\t\t\t})});\n\t\t\t\t\t\t<\/script>\n\t\t\t\t\t\t<div class=\"hbspt-form\" id=\"hbspt-form-1775407572000-6816438906\"><\/div>\n<h3 style=\"text-align: center;\"><\/h3>\n<h2 style=\"text-align: center;\">Checklist para evaluar un Software de Gesti\u00f3n de Contratistas<\/h2>\n<p>La mejor manera de evitar accidentes laborales, multas y sanciones por responsabilidad solidaria es adoptando un Software de Gesti\u00f3n de Contratistas. \u00a1As\u00ed es!<\/p>\n<\/p>\n<p>Si ya identificaste <strong>que tu empresa requiere una Plataforma de Gesti\u00f3n de Contratistas<\/strong>, pero a\u00fan no sabes <strong>c\u00f3mo evaluar el mejor sistema para tu organizaci\u00f3n<\/strong>, te diremos todo lo que debe tener en cuenta para tomar la decisi\u00f3n acertada.&nbsp;<\/p>\n<ul>\n<li style=\"\"><strong><span style=\"font-family: Poppins; font-weight: 400;\">Identificar\u00e1s<\/span><\/strong><span style=\"font-weight: 400;\"><span style=\"font-family: Poppins;\"><strong> tus necesidades <\/strong>en Gesti\u00f3n de Contratistas<\/span><\/span><\/li>\n<li style=\"\"><span style=\"font-family: Poppins; font-weight: 400;\"><strong>Descubrir\u00e1s qu\u00e9 funcionalidades<\/strong> y herramientas buscar<\/span><\/li>\n<li style=\"\">Tendr\u00e1s una <strong><span>Plantilla Checklist<\/span><\/strong> para evaluar las Plataformas de Gesti\u00f3n de Contratistas y proveedores m\u00e1s populares del mercado<\/li>\n<\/ul>\n<p><span><img decoding=\"async\" alt=\"\" data-id=\"36529\" width=\"535\" data-init-width=\"2560\" height=\"350\" data-init-height=\"1675\" title=\"\" loading=\"lazy\" src=\"https:\/\/twind.io\/es\/wp-content\/uploads\/2025\/09\/que-debes-saber-mockup-_1_-scaled.webp\" data-width=\"535\" data-height=\"350\" style=\"aspect-ratio: auto 2560 \/ 1675;\"><\/span><\/p>\n<h2 style=\"text-align: center;\"><span data-contrast=\"auto\" lang=\"ES-ES\" style=\"\"><span data-contrast=\"auto\" lang=\"ES-ES\" style=\"\"><span data-contrast=\"none\" lang=\"ES-ES\" style=\"\"><strong>Rellena el formulario<\/strong> <span style=\"font-weight: normal;\">para recibir el descargable completo en tu correo electr\u00f3nico y<\/span><\/span><\/span><\/span><\/h2>\n<h2 style=\"text-align: center;\"><span data-contrast=\"auto\" lang=\"ES-ES\" style=\"\"><span data-contrast=\"auto\" lang=\"ES-ES\" style=\"\"><span data-contrast=\"none\" lang=\"ES-ES\" style=\"\"><span style=\"font-weight: normal;\"><\/span><\/span><\/span><\/span><span data-contrast=\"auto\" lang=\"ES-ES\" style=\"\"><span data-contrast=\"auto\" lang=\"ES-ES\" style=\"\"><span data-contrast=\"none\" lang=\"ES-ES\" style=\"\">\u00a1Escoge hoy el mejor Software de Gesti\u00f3n de Contratistas para tu empresa!<\/span><\/span><\/span><\/h2>\n","protected":false},"excerpt":{"rendered":"<p>Checklist Gratuito \u00bfListo para tomar la mejor decisi\u00f3n en la compra de tu Software de Gesti\u00f3n de Contratistas? Descubre qu\u00e9 debes considerar al evaluar a&nbsp;un proveedor de Software de Gesti\u00f3n de Contratistas Actualmente, digitalizar la gesti\u00f3n de proveedores y contratistas&nbsp;est\u00e1 al alcance de todas las organizaciones. Sin embargo, lo m\u00e1s complicado no es la automatizaci\u00f3n, [&hellip;]<\/p>\n","protected":false},"author":1,"featured_media":0,"parent":0,"menu_order":0,"comment_status":"closed","ping_status":"closed","template":"","meta":{"content-type":"","footnotes":""},"class_list":["post-36510","page","type-page","status-publish","hentry","post-wrapper","thrv_wrapper"],"yoast_head":"<!-- This site is optimized with the Yoast SEO plugin v27.3 - https:\/\/yoast.com\/product\/yoast-seo-wordpress\/ -->\n<title>Checklist Evaluacion de Proveedores Software Gestion de Contratistas<\/title>\n<meta name=\"description\" content=\"Checklist Evaluacion de Proveedores Software Gestion de Contratistas\" \/>\n<meta name=\"robots\" content=\"index, follow, max-snippet:-1, max-image-preview:large, max-video-preview:-1\" \/>\n<link rel=\"canonical\" href=\"https:\/\/twind.io\/es\/checklist-evaluacion-de-proveedores-software-gestion-de-contratistas\/\" \/>\n<meta property=\"og:locale\" content=\"es_ES\" \/>\n<meta property=\"og:type\" content=\"article\" \/>\n<meta property=\"og:title\" content=\"Checklist Evaluacion de Proveedores Software Gestion de Contratistas\" \/>\n<meta property=\"og:description\" content=\"Checklist Evaluacion de Proveedores Software Gestion de Contratistas\" \/>\n<meta property=\"og:url\" content=\"https:\/\/twind.io\/es\/checklist-evaluacion-de-proveedores-software-gestion-de-contratistas\/\" \/>\n<meta property=\"og:site_name\" content=\"Twind - Plataforma de Coordinaci\u00f3n de Actividades Empresariales\" \/>\n<meta property=\"article:modified_time\" content=\"2025-09-24T10:52:08+00:00\" \/>\n<meta property=\"og:image\" content=\"https:\/\/twind.io\/es\/wp-content\/uploads\/2025\/09\/logo-twind-by-ctaima.png\" \/>\n<meta name=\"twitter:card\" content=\"summary_large_image\" \/>\n<meta name=\"twitter:label1\" content=\"Tiempo de lectura\" \/>\n\t<meta name=\"twitter:data1\" content=\"1 minuto\" \/>\n<script type=\"application\/ld+json\" class=\"yoast-schema-graph\">{\"@context\":\"https:\\\/\\\/schema.org\",\"@graph\":[{\"@type\":\"WebPage\",\"@id\":\"https:\\\/\\\/twind.io\\\/es\\\/checklist-evaluacion-de-proveedores-software-gestion-de-contratistas\\\/\",\"url\":\"https:\\\/\\\/twind.io\\\/es\\\/checklist-evaluacion-de-proveedores-software-gestion-de-contratistas\\\/\",\"name\":\"Checklist Evaluacion de Proveedores Software Gestion de Contratistas\",\"isPartOf\":{\"@id\":\"https:\\\/\\\/twind.io\\\/es\\\/#website\"},\"primaryImageOfPage\":{\"@id\":\"https:\\\/\\\/twind.io\\\/es\\\/checklist-evaluacion-de-proveedores-software-gestion-de-contratistas\\\/#primaryimage\"},\"image\":{\"@id\":\"https:\\\/\\\/twind.io\\\/es\\\/checklist-evaluacion-de-proveedores-software-gestion-de-contratistas\\\/#primaryimage\"},\"thumbnailUrl\":\"https:\\\/\\\/twind.io\\\/es\\\/wp-content\\\/uploads\\\/2025\\\/09\\\/logo-twind-by-ctaima.png\",\"datePublished\":\"2025-09-24T10:35:17+00:00\",\"dateModified\":\"2025-09-24T10:52:08+00:00\",\"description\":\"Checklist Evaluacion de Proveedores Software Gestion de Contratistas\",\"breadcrumb\":{\"@id\":\"https:\\\/\\\/twind.io\\\/es\\\/checklist-evaluacion-de-proveedores-software-gestion-de-contratistas\\\/#breadcrumb\"},\"inLanguage\":\"es\",\"potentialAction\":[{\"@type\":\"ReadAction\",\"target\":[\"https:\\\/\\\/twind.io\\\/es\\\/checklist-evaluacion-de-proveedores-software-gestion-de-contratistas\\\/\"]}]},{\"@type\":\"ImageObject\",\"inLanguage\":\"es\",\"@id\":\"https:\\\/\\\/twind.io\\\/es\\\/checklist-evaluacion-de-proveedores-software-gestion-de-contratistas\\\/#primaryimage\",\"url\":\"https:\\\/\\\/twind.io\\\/es\\\/wp-content\\\/uploads\\\/2025\\\/09\\\/logo-twind-by-ctaima.png\",\"contentUrl\":\"https:\\\/\\\/twind.io\\\/es\\\/wp-content\\\/uploads\\\/2025\\\/09\\\/logo-twind-by-ctaima.png\",\"width\":697,\"height\":209,\"caption\":\"Twind\"},{\"@type\":\"BreadcrumbList\",\"@id\":\"https:\\\/\\\/twind.io\\\/es\\\/checklist-evaluacion-de-proveedores-software-gestion-de-contratistas\\\/#breadcrumb\",\"itemListElement\":[{\"@type\":\"ListItem\",\"position\":1,\"name\":\"Portada\",\"item\":\"https:\\\/\\\/twind.io\\\/es\\\/\"},{\"@type\":\"ListItem\",\"position\":2,\"name\":\"Checklist Evaluacion de Proveedores Software Gestion de Contratistas\"}]},{\"@type\":\"WebSite\",\"@id\":\"https:\\\/\\\/twind.io\\\/es\\\/#website\",\"url\":\"https:\\\/\\\/twind.io\\\/es\\\/\",\"name\":\"Twind - Plataforma de Coordinaci\u00f3n de Actividades Empresariales\",\"description\":\"Coordina los procesos de gesti\u00f3n documental y control de contratistas y proveedores, respetando la normativa en materia de Seguridad y Salud en el Trabajo.\",\"potentialAction\":[{\"@type\":\"SearchAction\",\"target\":{\"@type\":\"EntryPoint\",\"urlTemplate\":\"https:\\\/\\\/twind.io\\\/es\\\/?s={search_term_string}\"},\"query-input\":{\"@type\":\"PropertyValueSpecification\",\"valueRequired\":true,\"valueName\":\"search_term_string\"}}],\"inLanguage\":\"es\"}]}<\/script>\n<!-- \/ Yoast SEO plugin. -->","yoast_head_json":{"title":"Checklist Evaluacion de Proveedores Software Gestion de Contratistas","description":"Checklist Evaluacion de Proveedores Software Gestion de Contratistas","robots":{"index":"index","follow":"follow","max-snippet":"max-snippet:-1","max-image-preview":"max-image-preview:large","max-video-preview":"max-video-preview:-1"},"canonical":"https:\/\/twind.io\/es\/checklist-evaluacion-de-proveedores-software-gestion-de-contratistas\/","og_locale":"es_ES","og_type":"article","og_title":"Checklist Evaluacion de Proveedores Software Gestion de Contratistas","og_description":"Checklist Evaluacion de Proveedores Software Gestion de Contratistas","og_url":"https:\/\/twind.io\/es\/checklist-evaluacion-de-proveedores-software-gestion-de-contratistas\/","og_site_name":"Twind - Plataforma de Coordinaci\u00f3n de Actividades Empresariales","article_modified_time":"2025-09-24T10:52:08+00:00","og_image":[{"url":"https:\/\/twind.io\/es\/wp-content\/uploads\/2025\/09\/logo-twind-by-ctaima.png","type":"","width":"","height":""}],"twitter_card":"summary_large_image","twitter_misc":{"Tiempo de lectura":"1 minuto"},"schema":{"@context":"https:\/\/schema.org","@graph":[{"@type":"WebPage","@id":"https:\/\/twind.io\/es\/checklist-evaluacion-de-proveedores-software-gestion-de-contratistas\/","url":"https:\/\/twind.io\/es\/checklist-evaluacion-de-proveedores-software-gestion-de-contratistas\/","name":"Checklist Evaluacion de Proveedores Software Gestion de Contratistas","isPartOf":{"@id":"https:\/\/twind.io\/es\/#website"},"primaryImageOfPage":{"@id":"https:\/\/twind.io\/es\/checklist-evaluacion-de-proveedores-software-gestion-de-contratistas\/#primaryimage"},"image":{"@id":"https:\/\/twind.io\/es\/checklist-evaluacion-de-proveedores-software-gestion-de-contratistas\/#primaryimage"},"thumbnailUrl":"https:\/\/twind.io\/es\/wp-content\/uploads\/2025\/09\/logo-twind-by-ctaima.png","datePublished":"2025-09-24T10:35:17+00:00","dateModified":"2025-09-24T10:52:08+00:00","description":"Checklist Evaluacion de Proveedores Software Gestion de Contratistas","breadcrumb":{"@id":"https:\/\/twind.io\/es\/checklist-evaluacion-de-proveedores-software-gestion-de-contratistas\/#breadcrumb"},"inLanguage":"es","potentialAction":[{"@type":"ReadAction","target":["https:\/\/twind.io\/es\/checklist-evaluacion-de-proveedores-software-gestion-de-contratistas\/"]}]},{"@type":"ImageObject","inLanguage":"es","@id":"https:\/\/twind.io\/es\/checklist-evaluacion-de-proveedores-software-gestion-de-contratistas\/#primaryimage","url":"https:\/\/twind.io\/es\/wp-content\/uploads\/2025\/09\/logo-twind-by-ctaima.png","contentUrl":"https:\/\/twind.io\/es\/wp-content\/uploads\/2025\/09\/logo-twind-by-ctaima.png","width":697,"height":209,"caption":"Twind"},{"@type":"BreadcrumbList","@id":"https:\/\/twind.io\/es\/checklist-evaluacion-de-proveedores-software-gestion-de-contratistas\/#breadcrumb","itemListElement":[{"@type":"ListItem","position":1,"name":"Portada","item":"https:\/\/twind.io\/es\/"},{"@type":"ListItem","position":2,"name":"Checklist Evaluacion de Proveedores Software Gestion de Contratistas"}]},{"@type":"WebSite","@id":"https:\/\/twind.io\/es\/#website","url":"https:\/\/twind.io\/es\/","name":"Twind - Plataforma de Coordinaci\u00f3n de Actividades Empresariales","description":"Coordina los procesos de gesti\u00f3n documental y control de contratistas y proveedores, respetando la normativa en materia de Seguridad y Salud en el Trabajo.","potentialAction":[{"@type":"SearchAction","target":{"@type":"EntryPoint","urlTemplate":"https:\/\/twind.io\/es\/?s={search_term_string}"},"query-input":{"@type":"PropertyValueSpecification","valueRequired":true,"valueName":"search_term_string"}}],"inLanguage":"es"}]}},"_links":{"self":[{"href":"https:\/\/twind.io\/es\/wp-json\/wp\/v2\/pages\/36510","targetHints":{"allow":["GET"]}}],"collection":[{"href":"https:\/\/twind.io\/es\/wp-json\/wp\/v2\/pages"}],"about":[{"href":"https:\/\/twind.io\/es\/wp-json\/wp\/v2\/types\/page"}],"author":[{"embeddable":true,"href":"https:\/\/twind.io\/es\/wp-json\/wp\/v2\/users\/1"}],"replies":[{"embeddable":true,"href":"https:\/\/twind.io\/es\/wp-json\/wp\/v2\/comments?post=36510"}],"version-history":[{"count":11,"href":"https:\/\/twind.io\/es\/wp-json\/wp\/v2\/pages\/36510\/revisions"}],"predecessor-version":[{"id":36530,"href":"https:\/\/twind.io\/es\/wp-json\/wp\/v2\/pages\/36510\/revisions\/36530"}],"wp:attachment":[{"href":"https:\/\/twind.io\/es\/wp-json\/wp\/v2\/media?parent=36510"}],"curies":[{"name":"wp","href":"https:\/\/api.w.org\/{rel}","templated":true}]}}