{"id":36545,"date":"2025-09-29T14:51:38","date_gmt":"2025-09-29T14:51:38","guid":{"rendered":"https:\/\/twind.io\/es\/?page_id=36545"},"modified":"2026-01-30T11:24:17","modified_gmt":"2026-01-30T11:24:17","slug":"webinar-como-demostrar-el-retorno-de-la-inversion-en-seguridad-a-la-alta-direccion","status":"publish","type":"page","link":"https:\/\/twind.io\/es\/webinar-como-demostrar-el-retorno-de-la-inversion-en-seguridad-a-la-alta-direccion\/","title":{"rendered":"Webinar C\u00f3mo demostrar el retorno de la inversi\u00f3n en seguridad a la alta direcci\u00f3n"},"content":{"rendered":"<p><span style=\"\"><img decoding=\"async\" alt=\"\" data-id=\"36596\" width=\"456\" data-init-width=\"750\" height=\"56\" data-init-height=\"92\" title=\"\" src=\"https:\/\/twind.io\/es\/wp-content\/uploads\/2025\/10\/logos-grupo-ctaima.png\" data-width=\"456\" data-height=\"56\" style=\"aspect-ratio: auto 750 \/ 92;\" mt-d=\"-0.5313000000000017\" ml-d=\"0\" center-v-d=\"false\" loading=\"lazy\"><\/span><\/p>\n<p style=\"\">Webinar exclusivo<\/p>\n<p style=\"\">\n<p style=\"text-align: left;\"><span style=\"\"><span style=\"\">C\u00f3mo demostrar el retorno de la inversi\u00f3n en SST a la alta direcci\u00f3n<\/span><\/span><\/p>\n<p style=\"text-align: left;\"><span style=\"font-weight: normal;\"><span style=\"\"><em><span style=\"\">Accede a la grabaci\u00f3n on demand<\/span><\/em><\/span><\/span><\/p>\n\n\t\t\t\t\t\t<script>\n\t\t\t\t\t\t\twindow.hsFormsOnReady = window.hsFormsOnReady || [];\n\t\t\t\t\t\t\twindow.hsFormsOnReady.push(()=>{\n\t\t\t\t\t\t\t\thbspt.forms.create({\n\t\t\t\t\t\t\t\t\tportalId: 146424663,\n\t\t\t\t\t\t\t\t\tformId: \"d48df435-807c-46a7-b4ff-5e37f31ed8e5\",\n\t\t\t\t\t\t\t\t\ttarget: \"#hbspt-form-1775407314000-0858389164\",\n\t\t\t\t\t\t\t\t\tregion: \"eu1\",\n\t\t\t\t\t\t\t\t\t\n\t\t\t\t\t\t\t})});\n\t\t\t\t\t\t<\/script>\n\t\t\t\t\t\t<div class=\"hbspt-form\" id=\"hbspt-form-1775407314000-0858389164\"><\/div>\n<p><span><strong>Gestionas la SST, PRL en tu compa\u00f1\u00eda\u2026 \u00bfy necesitas que la direcci\u00f3n \u201cvea\u201d todo lo que est\u00e1is logrando?<\/strong><\/span><\/p>\n<p><em>\u00bfTe cuesta justificar el coste de tus programas de prevenci\u00f3n?<\/em><\/p>\n<p>\u00bfSientes que tus iniciativas preventivas se perciben solo como un coste y no como una inversi\u00f3n estrat\u00e9gica?<\/p>\n<p>Si lideras SST, HSE\/QHSE u Operaciones, 2025 te exige hablar el idioma del negocio y de la direcci\u00f3n: rentabilidad, eficiencia y riesgo. Este webinar es tu hoja de ruta para convertir prevenci\u00f3n en resultados.<\/p>\n<p style=\"\"><span style=\"\"><strong><span style=\"\">Lo que te llevar\u00e1s (y podr\u00e1s usar al d\u00eda siguiente)<\/span><\/strong><\/span><span style=\"\"><\/span><span style=\"\"><\/span><\/p>\n<\/p>\n<ul>\n<li><strong>Framework claro<\/strong> para alinear la SST con objetivos de direcci\u00f3n.<\/li>\n<li><strong>C\u00e1lculo de ROI en proyectos de seguridad <\/strong>(con ejemplos reales, tambi\u00e9n en entornos complejos).<\/li>\n<li><strong>Historias y datos <\/strong>que convencen a comit\u00e9s y direcci\u00f3n (no solo cumplimiento).<\/li>\n<li><strong>Ejemplos de indicadores, KPIs y CAPEX de SST. <\/strong><\/li>\n<li><strong>Caso real: <\/strong>Bunzl \u2014 proyectos EHS y su retorno (qu\u00e9 m\u00e9tricas mir\u00f3 direcci\u00f3n).<\/li>\n<li><strong>C\u00f3mo convencer: <\/strong>storytelling con datos, benchmarks, escenarios y \u201cqu\u00e9 pasa si no\u201d.<\/li>\n<li><strong>Q&amp;A: <\/strong>resolvemos tus cifras y tu caso.<span data-teams=\"true\">\n<\/p>\n<p><\/span><\/li>\n<\/ul>\n<p style=\"\"><span style=\"\"><strong><span style=\"\">\u00bfPara qui\u00e9n?<\/span><\/strong><\/span><\/p>\n<p><span>Direcciones HSE\/QHSE, Operaciones, Facility\/Planta y RRHH que gestionan contratistas y\/o deben cumplir requisitos de clientes.<\/span><\/p>\n<\/p>\n<p style=\"\"><span style=\"\"><strong><span style=\"\">Speaker invitado<\/span><\/strong><\/span><\/p>\n<p><span>Acomp\u00e1\u00f1anos junto a <strong>Antonio Alc\u00e1ntara Valero<\/strong>, <em>EHSQ Manager para Europa del Sur y Oriente Medio, de Bunzl<\/em>. <\/span><span><\/span><span>+15 a\u00f1os liderando transformaci\u00f3n de seguridad en 18 centros operativos; ganador de los VIII Premios de Seguridad y Salud Laboral. Te mostrar\u00e1 qu\u00e9 funcion\u00f3, c\u00f3mo lo midi\u00f3 y c\u00f3mo lo present\u00f3 a la direcci\u00f3n.<\/span><\/p>\n<\/p>\n<p style=\"\"><a href=\"#lg-mfat9vc5\" style=\"outline: none;\" spellcheck=\"false\"><span style=\"\"><strong><span style=\"\">Reg\u00edstrate gratis: Podr\u00e1s participar del vivo o acceder on demand<\/span><\/strong><\/span><\/a>&nbsp;<\/p>\n<p style=\"\"><span data-ccp-props=\"{&quot;201341983&quot;:0,&quot;335559739&quot;:160,&quot;335559740&quot;:259}\" style=\"\"><strong><strong>Speakers:<\/strong><\/strong><\/span><\/p>\n<p><span style=\"\"><img decoding=\"async\" alt=\"\" data-id=\"36437\" width=\"128\" data-init-width=\"500\" height=\"128\" data-init-height=\"500\" title=\"TONI\" src=\"https:\/\/twind.io\/es\/wp-content\/uploads\/2025\/09\/TONI.png\" data-width=\"128\" data-height=\"128\" style=\"aspect-ratio: auto 500 \/ 500;\" mt-d=\"-1.281000000000006\" ml-d=\"0\" center-v-d=\"false\" mt-t=\"-7.391000000000005\" ml-t=\"0\" center-h-d=\"false\" mt-m=\"-1.1089999999999947\" ml-m=\"0\" loading=\"lazy\"><\/span><\/p>\n<p style=\"text-align: left;\"><span data-ccp-props=\"{&quot;201341983&quot;:0,&quot;335559739&quot;:160,&quot;335559740&quot;:259}\"><strong><span style=\"--tcb-applied-color: var$(--tcb-skin-color-0) !important; color: var(--tcb-skin-color-0) !important;\">Antonio Alc\u00e1ntara<\/span><\/strong><\/span><\/p>\n<p style=\"text-align: left;\"><span data-ccp-props=\"{&quot;201341983&quot;:0,&quot;335559739&quot;:160,&quot;335559740&quot;:259}\">EHSQ Manager SE&amp;ME<strong>Bunzl<\/strong><\/span><\/p>\n<p><span style=\"\"><img decoding=\"async\" alt=\"\" data-id=\"36436\" width=\"128\" data-init-width=\"500\" height=\"128\" data-init-height=\"500\" title=\"MARI PAU\" src=\"https:\/\/twind.io\/es\/wp-content\/uploads\/2025\/09\/MARI-PAU.png\" data-width=\"128\" data-height=\"128\" style=\"aspect-ratio: auto 500 \/ 500;\" mt-d=\"-1.1880000000000024\" ml-d=\"0\" center-v-d=\"false\" mt-t=\"-7.391000000000005\" ml-t=\"0\" center-h-d=\"false\" mt-m=\"0\" ml-m=\"-7.688000000000002\" loading=\"lazy\"><\/span><\/p>\n<p style=\"text-align: left;\"><span data-ccp-props=\"{&quot;201341983&quot;:0,&quot;335559739&quot;:160,&quot;335559740&quot;:259}\" style=\"\"><strong><span style=\"--tcb-applied-color: var$(--tcb-skin-color-0) !important; color: var(--tcb-skin-color-0) !important;\">M. Pau Moli<\/span><\/strong><\/span><\/p>\n<p style=\"text-align: left;\"><span data-ccp-props=\"{&quot;201341983&quot;:0,&quot;335559739&quot;:160,&quot;335559740&quot;:259}\" style=\"\"><span data-contrast=\"auto\" lang=\"PT-PT\">Product Marketing Manager<\/span><\/span><\/p>\n<p style=\"text-align: left;\"><span data-ccp-props=\"{&quot;201341983&quot;:0,&quot;335559739&quot;:160,&quot;335559740&quot;:259}\" style=\"\">CTAIMA<\/span><\/p>\n<h3 style=\"text-align: center;\"><\/h3>\n","protected":false},"excerpt":{"rendered":"<p>Webinar exclusivo C\u00f3mo demostrar el retorno de la inversi\u00f3n en SST a la alta direcci\u00f3n Accede a la grabaci\u00f3n on demand Gestionas la SST, PRL en tu compa\u00f1\u00eda\u2026 \u00bfy necesitas que la direcci\u00f3n \u201cvea\u201d todo lo que est\u00e1is logrando? \u00bfTe cuesta justificar el coste de tus programas de prevenci\u00f3n? \u00bfSientes que tus iniciativas preventivas se [&hellip;]<\/p>\n","protected":false},"author":1,"featured_media":0,"parent":0,"menu_order":0,"comment_status":"closed","ping_status":"closed","template":"","meta":{"content-type":"","footnotes":""},"class_list":["post-36545","page","type-page","status-publish","hentry","post-wrapper","thrv_wrapper"],"yoast_head":"<!-- This site is optimized with the Yoast SEO plugin v27.3 - https:\/\/yoast.com\/product\/yoast-seo-wordpress\/ -->\n<title>Webinar C\u00f3mo demostrar el retorno de la inversi\u00f3n en seguridad a la alta direcci\u00f3n<\/title>\n<meta name=\"description\" content=\"Webinar C\u00f3mo demostrar el retorno de la inversi\u00f3n en seguridad a la alta direcci\u00f3n\" \/>\n<meta name=\"robots\" content=\"noindex, nofollow\" \/>\n<meta property=\"og:locale\" content=\"es_ES\" \/>\n<meta property=\"og:type\" content=\"article\" \/>\n<meta property=\"og:title\" content=\"Webinar C\u00f3mo demostrar el retorno de la inversi\u00f3n en seguridad a la alta direcci\u00f3n\" \/>\n<meta property=\"og:description\" content=\"Webinar C\u00f3mo demostrar el retorno de la inversi\u00f3n en seguridad a la alta direcci\u00f3n\" \/>\n<meta property=\"og:url\" content=\"https:\/\/twind.io\/es\/webinar-como-demostrar-el-retorno-de-la-inversion-en-seguridad-a-la-alta-direccion\/\" \/>\n<meta property=\"og:site_name\" content=\"Twind - Plataforma de Coordinaci\u00f3n de Actividades Empresariales\" \/>\n<meta property=\"article:modified_time\" content=\"2026-01-30T11:24:17+00:00\" \/>\n<meta property=\"og:image\" content=\"https:\/\/twind.io\/es\/wp-content\/uploads\/2025\/10\/logos-grupo-ctaima.png\" \/>\n<meta name=\"twitter:card\" content=\"summary_large_image\" \/>\n<meta name=\"twitter:label1\" content=\"Tiempo de lectura\" \/>\n\t<meta name=\"twitter:data1\" content=\"3 minutos\" \/>\n<script type=\"application\/ld+json\" class=\"yoast-schema-graph\">{\"@context\":\"https:\\\/\\\/schema.org\",\"@graph\":[{\"@type\":\"WebPage\",\"@id\":\"https:\\\/\\\/twind.io\\\/es\\\/webinar-como-demostrar-el-retorno-de-la-inversion-en-seguridad-a-la-alta-direccion\\\/\",\"url\":\"https:\\\/\\\/twind.io\\\/es\\\/webinar-como-demostrar-el-retorno-de-la-inversion-en-seguridad-a-la-alta-direccion\\\/\",\"name\":\"Webinar C\u00f3mo demostrar el retorno de la inversi\u00f3n en seguridad a la alta direcci\u00f3n\",\"isPartOf\":{\"@id\":\"https:\\\/\\\/twind.io\\\/es\\\/#website\"},\"primaryImageOfPage\":{\"@id\":\"https:\\\/\\\/twind.io\\\/es\\\/webinar-como-demostrar-el-retorno-de-la-inversion-en-seguridad-a-la-alta-direccion\\\/#primaryimage\"},\"image\":{\"@id\":\"https:\\\/\\\/twind.io\\\/es\\\/webinar-como-demostrar-el-retorno-de-la-inversion-en-seguridad-a-la-alta-direccion\\\/#primaryimage\"},\"thumbnailUrl\":\"https:\\\/\\\/twind.io\\\/es\\\/wp-content\\\/uploads\\\/2025\\\/10\\\/logos-grupo-ctaima.png\",\"datePublished\":\"2025-09-29T14:51:38+00:00\",\"dateModified\":\"2026-01-30T11:24:17+00:00\",\"description\":\"Webinar C\u00f3mo demostrar el retorno de la inversi\u00f3n en seguridad a la alta direcci\u00f3n\",\"breadcrumb\":{\"@id\":\"https:\\\/\\\/twind.io\\\/es\\\/webinar-como-demostrar-el-retorno-de-la-inversion-en-seguridad-a-la-alta-direccion\\\/#breadcrumb\"},\"inLanguage\":\"es\",\"potentialAction\":[{\"@type\":\"ReadAction\",\"target\":[\"https:\\\/\\\/twind.io\\\/es\\\/webinar-como-demostrar-el-retorno-de-la-inversion-en-seguridad-a-la-alta-direccion\\\/\"]}]},{\"@type\":\"ImageObject\",\"inLanguage\":\"es\",\"@id\":\"https:\\\/\\\/twind.io\\\/es\\\/webinar-como-demostrar-el-retorno-de-la-inversion-en-seguridad-a-la-alta-direccion\\\/#primaryimage\",\"url\":\"https:\\\/\\\/twind.io\\\/es\\\/wp-content\\\/uploads\\\/2025\\\/10\\\/logos-grupo-ctaima.png\",\"contentUrl\":\"https:\\\/\\\/twind.io\\\/es\\\/wp-content\\\/uploads\\\/2025\\\/10\\\/logos-grupo-ctaima.png\",\"width\":750,\"height\":92},{\"@type\":\"BreadcrumbList\",\"@id\":\"https:\\\/\\\/twind.io\\\/es\\\/webinar-como-demostrar-el-retorno-de-la-inversion-en-seguridad-a-la-alta-direccion\\\/#breadcrumb\",\"itemListElement\":[{\"@type\":\"ListItem\",\"position\":1,\"name\":\"Portada\",\"item\":\"https:\\\/\\\/twind.io\\\/es\\\/\"},{\"@type\":\"ListItem\",\"position\":2,\"name\":\"Webinar C\u00f3mo demostrar el retorno de la inversi\u00f3n en seguridad a la alta direcci\u00f3n\"}]},{\"@type\":\"WebSite\",\"@id\":\"https:\\\/\\\/twind.io\\\/es\\\/#website\",\"url\":\"https:\\\/\\\/twind.io\\\/es\\\/\",\"name\":\"Twind - Plataforma de Coordinaci\u00f3n de Actividades Empresariales\",\"description\":\"Coordina los procesos de gesti\u00f3n documental y control de contratistas y proveedores, respetando la normativa en materia de Seguridad y Salud en el Trabajo.\",\"potentialAction\":[{\"@type\":\"SearchAction\",\"target\":{\"@type\":\"EntryPoint\",\"urlTemplate\":\"https:\\\/\\\/twind.io\\\/es\\\/?s={search_term_string}\"},\"query-input\":{\"@type\":\"PropertyValueSpecification\",\"valueRequired\":true,\"valueName\":\"search_term_string\"}}],\"inLanguage\":\"es\"}]}<\/script>\n<!-- \/ Yoast SEO plugin. -->","yoast_head_json":{"title":"Webinar C\u00f3mo demostrar el retorno de la inversi\u00f3n en seguridad a la alta direcci\u00f3n","description":"Webinar C\u00f3mo demostrar el retorno de la inversi\u00f3n en seguridad a la alta direcci\u00f3n","robots":{"index":"noindex","follow":"nofollow"},"og_locale":"es_ES","og_type":"article","og_title":"Webinar C\u00f3mo demostrar el retorno de la inversi\u00f3n en seguridad a la alta direcci\u00f3n","og_description":"Webinar C\u00f3mo demostrar el retorno de la inversi\u00f3n en seguridad a la alta direcci\u00f3n","og_url":"https:\/\/twind.io\/es\/webinar-como-demostrar-el-retorno-de-la-inversion-en-seguridad-a-la-alta-direccion\/","og_site_name":"Twind - Plataforma de Coordinaci\u00f3n de Actividades Empresariales","article_modified_time":"2026-01-30T11:24:17+00:00","og_image":[{"url":"https:\/\/twind.io\/es\/wp-content\/uploads\/2025\/10\/logos-grupo-ctaima.png","type":"","width":"","height":""}],"twitter_card":"summary_large_image","twitter_misc":{"Tiempo de lectura":"3 minutos"},"schema":{"@context":"https:\/\/schema.org","@graph":[{"@type":"WebPage","@id":"https:\/\/twind.io\/es\/webinar-como-demostrar-el-retorno-de-la-inversion-en-seguridad-a-la-alta-direccion\/","url":"https:\/\/twind.io\/es\/webinar-como-demostrar-el-retorno-de-la-inversion-en-seguridad-a-la-alta-direccion\/","name":"Webinar C\u00f3mo demostrar el retorno de la inversi\u00f3n en seguridad a la alta direcci\u00f3n","isPartOf":{"@id":"https:\/\/twind.io\/es\/#website"},"primaryImageOfPage":{"@id":"https:\/\/twind.io\/es\/webinar-como-demostrar-el-retorno-de-la-inversion-en-seguridad-a-la-alta-direccion\/#primaryimage"},"image":{"@id":"https:\/\/twind.io\/es\/webinar-como-demostrar-el-retorno-de-la-inversion-en-seguridad-a-la-alta-direccion\/#primaryimage"},"thumbnailUrl":"https:\/\/twind.io\/es\/wp-content\/uploads\/2025\/10\/logos-grupo-ctaima.png","datePublished":"2025-09-29T14:51:38+00:00","dateModified":"2026-01-30T11:24:17+00:00","description":"Webinar C\u00f3mo demostrar el retorno de la inversi\u00f3n en seguridad a la alta direcci\u00f3n","breadcrumb":{"@id":"https:\/\/twind.io\/es\/webinar-como-demostrar-el-retorno-de-la-inversion-en-seguridad-a-la-alta-direccion\/#breadcrumb"},"inLanguage":"es","potentialAction":[{"@type":"ReadAction","target":["https:\/\/twind.io\/es\/webinar-como-demostrar-el-retorno-de-la-inversion-en-seguridad-a-la-alta-direccion\/"]}]},{"@type":"ImageObject","inLanguage":"es","@id":"https:\/\/twind.io\/es\/webinar-como-demostrar-el-retorno-de-la-inversion-en-seguridad-a-la-alta-direccion\/#primaryimage","url":"https:\/\/twind.io\/es\/wp-content\/uploads\/2025\/10\/logos-grupo-ctaima.png","contentUrl":"https:\/\/twind.io\/es\/wp-content\/uploads\/2025\/10\/logos-grupo-ctaima.png","width":750,"height":92},{"@type":"BreadcrumbList","@id":"https:\/\/twind.io\/es\/webinar-como-demostrar-el-retorno-de-la-inversion-en-seguridad-a-la-alta-direccion\/#breadcrumb","itemListElement":[{"@type":"ListItem","position":1,"name":"Portada","item":"https:\/\/twind.io\/es\/"},{"@type":"ListItem","position":2,"name":"Webinar C\u00f3mo demostrar el retorno de la inversi\u00f3n en seguridad a la alta direcci\u00f3n"}]},{"@type":"WebSite","@id":"https:\/\/twind.io\/es\/#website","url":"https:\/\/twind.io\/es\/","name":"Twind - Plataforma de Coordinaci\u00f3n de Actividades Empresariales","description":"Coordina los procesos de gesti\u00f3n documental y control de contratistas y proveedores, respetando la normativa en materia de Seguridad y Salud en el Trabajo.","potentialAction":[{"@type":"SearchAction","target":{"@type":"EntryPoint","urlTemplate":"https:\/\/twind.io\/es\/?s={search_term_string}"},"query-input":{"@type":"PropertyValueSpecification","valueRequired":true,"valueName":"search_term_string"}}],"inLanguage":"es"}]}},"_links":{"self":[{"href":"https:\/\/twind.io\/es\/wp-json\/wp\/v2\/pages\/36545","targetHints":{"allow":["GET"]}}],"collection":[{"href":"https:\/\/twind.io\/es\/wp-json\/wp\/v2\/pages"}],"about":[{"href":"https:\/\/twind.io\/es\/wp-json\/wp\/v2\/types\/page"}],"author":[{"embeddable":true,"href":"https:\/\/twind.io\/es\/wp-json\/wp\/v2\/users\/1"}],"replies":[{"embeddable":true,"href":"https:\/\/twind.io\/es\/wp-json\/wp\/v2\/comments?post=36545"}],"version-history":[{"count":16,"href":"https:\/\/twind.io\/es\/wp-json\/wp\/v2\/pages\/36545\/revisions"}],"predecessor-version":[{"id":38000,"href":"https:\/\/twind.io\/es\/wp-json\/wp\/v2\/pages\/36545\/revisions\/38000"}],"wp:attachment":[{"href":"https:\/\/twind.io\/es\/wp-json\/wp\/v2\/media?parent=36545"}],"curies":[{"name":"wp","href":"https:\/\/api.w.org\/{rel}","templated":true}]}}