{"id":36777,"date":"2025-10-17T07:54:20","date_gmt":"2025-10-17T07:54:20","guid":{"rendered":"https:\/\/twind.io\/es\/?page_id=36777"},"modified":"2026-03-04T07:21:21","modified_gmt":"2026-03-04T07:21:21","slug":"nuevo-modelo-revision-documental","status":"publish","type":"page","link":"https:\/\/twind.io\/es\/nuevo-modelo-revision-documental\/","title":{"rendered":"Revisi\u00f3n Documental CAE"},"content":{"rendered":"<h1 style=\"text-align: center;\"><span>Gesti\u00f3n Documental CAE sin complicaciones:&nbsp;<\/span><span><\/span><span>Una tarifa fija que lo cambia todo<\/span><\/h1>\n<h2 style=\"text-align: center;\"><span><span><span>Revisamos toda la documentaci\u00f3n CAE de tus contratistas con una cuota fija, transparente y sin sorpresas en la factura. Un servicio ideal para empresas de cualquier tama\u00f1o.<\/span><\/span><\/span><\/h2>\n<p><span style=\"\"><\/span><span><img decoding=\"async\" alt=\"\" data-id=\"243\" title=\"5\" src=\"https:\/\/twind.io\/es\/wp-content\/uploads\/2023\/04\/5.svg\" data-width=\"40\" data-height=\"40\" style=\"aspect-ratio: auto 371 \/ 371;\" height=\"40\" width=\"40\" data-init-width=\"371\" data-init-height=\"371\" loading=\"lazy\"><\/span><\/p>\n<p style=\"text-align: center;\"><strong><span style=\"font-size: 50px !important; --tcb-applied-color: var$(--tcb-color-4) !important; color: var(--tcb-color-4) !important;\">24h<\/span><\/strong><\/p>\n<h3 style=\"text-align: center;\"><span>Revisi\u00f3n documental m\u00e1s r\u00e1pida<\/span><\/h3>\n<h3 style=\"text-align: center;\"><span style=\"font-weight: normal;\"><span>Procesamiento de documentaci\u00f3n CAE en tiempo r\u00e9cord para operaciones <em><\/em>urgentes.<\/span><\/span><\/h3>\n<p><span><img decoding=\"async\" alt=\"\" data-id=\"245\" title=\"7\" src=\"https:\/\/twind.io\/es\/wp-content\/uploads\/2023\/04\/7.svg\" data-width=\"40\" data-height=\"40\" style=\"aspect-ratio: auto 371 \/ 371;\" height=\"40\" width=\"40\" data-init-width=\"371\" data-init-height=\"371\" loading=\"lazy\"><\/span><\/p>\n<p style=\"text-align: center;\"><strong><span style=\"font-size: 50px !important; --tcb-applied-color: var$(--tcb-color-4) !important; color: var(--tcb-color-4) !important;\">500+<\/span><\/strong><\/p>\n<h3 style=\"text-align: center;\"><span style=\"\">Empresas que conf\u00edan<\/span><\/h3>\n<h3 style=\"text-align: center;\"><span style=\"font-weight: normal;\"><span>Organizaciones l\u00edderes de distintos sectores&nbsp; industriales respaldan nuestra soluci\u00f3n.<\/span><\/span><\/h3>\n<p><span><img decoding=\"async\" alt=\"\" data-id=\"244\" title=\"6\" src=\"https:\/\/twind.io\/es\/wp-content\/uploads\/2023\/04\/6.svg\" data-width=\"40\" data-height=\"40\" style=\"aspect-ratio: auto 371 \/ 371;\" height=\"40\" width=\"40\" data-init-width=\"371\" data-init-height=\"371\" loading=\"lazy\"><\/span><\/p>\n<p style=\"text-align: center;\"><strong><span style=\"font-size: 50px !important; --tcb-applied-color: var$(--tcb-color-4) !important; color: var(--tcb-color-4) !important;\">100%<\/span><\/strong><\/p>\n<h3 style=\"text-align: center;\"><span style=\"\">Documentos CAE&nbsp;<\/span><span style=\"\">incluidos<\/span><\/h3>\n<h3 style=\"text-align: center;\"><span style=\"font-weight: normal;\"><span>Cobertura completa de toda la documentaci\u00f3n CAE requerida por normativa.<\/span><\/span><\/h3>\n<p style=\"text-align: center;\"><strong>Desarrollado por CTAIMA<\/strong>, todos ellos ya conf\u00edan en nosotros<\/p>\n<p><span><img decoding=\"async\" alt=\"Nippon\" data-id=\"261\" width=\"160\" height=\"56\" title=\"Nippon\" src=\"https:\/\/twind.io\/es\/wp-content\/uploads\/2023\/04\/8-nippon-gases.svg\" data-src=\"https:\/\/twind.io\/es\/wp-content\/uploads\/2023\/04\/8-nippon-gases.svg\" data-sizes=\"{&quot;full&quot;:{&quot;url&quot;:&quot;https:\/\/twind.io\/es\/wp-content\/uploads\/2023\/04\/8-nippon-gases.svg&quot;}}\" style=\"\" data-width=\"160\" data-height=\"56\" data-init-width=\"\" data-init-height=\"\" loading=\"lazy\"><\/span><span><img decoding=\"async\" alt=\"Mango\" data-id=\"260\" width=\"\" height=\"undefined\" title=\"Mango\" src=\"https:\/\/twind.io\/es\/wp-content\/uploads\/2023\/04\/7-mango.svg\" data-src=\"https:\/\/twind.io\/es\/wp-content\/uploads\/2023\/04\/7-mango.svg\" data-sizes=\"{&quot;full&quot;:{&quot;url&quot;:&quot;https:\/\/twind.io\/es\/wp-content\/uploads\/2023\/04\/7-mango.svg&quot;}}\" style=\"\" loading=\"lazy\"><\/span><span><img decoding=\"async\" alt=\"Bayer\" data-id=\"259\" width=\"\" height=\"undefined\" title=\"Bayer\" src=\"https:\/\/twind.io\/es\/wp-content\/uploads\/2023\/04\/6-bayer.svg\" data-src=\"https:\/\/twind.io\/es\/wp-content\/uploads\/2023\/04\/6-bayer.svg\" data-sizes=\"{&quot;full&quot;:{&quot;url&quot;:&quot;https:\/\/twind.io\/es\/wp-content\/uploads\/2023\/04\/6-bayer.svg&quot;}}\" style=\"\" loading=\"lazy\"><\/span><span><img decoding=\"async\" alt=\"Mercedes\" data-id=\"257\" width=\"\" height=\"undefined\" title=\"Mercedes\" src=\"https:\/\/twind.io\/es\/wp-content\/uploads\/2023\/04\/4-mercedes-benz.svg\" data-src=\"https:\/\/twind.io\/es\/wp-content\/uploads\/2023\/04\/4-mercedes-benz.svg\" data-sizes=\"{&quot;full&quot;:{&quot;url&quot;:&quot;https:\/\/twind.io\/es\/wp-content\/uploads\/2023\/04\/4-mercedes-benz.svg&quot;}}\" style=\"\" loading=\"lazy\"><\/span><span><img decoding=\"async\" alt=\"Sodexo\" data-id=\"258\" width=\"\" height=\"undefined\" title=\"Sodexo\" src=\"https:\/\/twind.io\/es\/wp-content\/uploads\/2023\/04\/5-sodexo.svg\" data-src=\"https:\/\/twind.io\/es\/wp-content\/uploads\/2023\/04\/5-sodexo.svg\" data-sizes=\"{&quot;full&quot;:{&quot;url&quot;:&quot;https:\/\/twind.io\/es\/wp-content\/uploads\/2023\/04\/5-sodexo.svg&quot;}}\" style=\"\" loading=\"lazy\"><\/span><span><img decoding=\"async\" alt=\"Nestle\" data-id=\"256\" width=\"\" height=\"undefined\" title=\"Nestle\" src=\"https:\/\/twind.io\/es\/wp-content\/uploads\/2023\/04\/3-nestle.svg\" data-src=\"https:\/\/twind.io\/es\/wp-content\/uploads\/2023\/04\/3-nestle.svg\" data-sizes=\"{&quot;full&quot;:{&quot;url&quot;:&quot;https:\/\/twind.io\/es\/wp-content\/uploads\/2023\/04\/3-nestle.svg&quot;}}\" style=\"\" loading=\"lazy\"><\/span><span><img decoding=\"async\" alt=\"Adidas\" data-id=\"254\" width=\"\" height=\"undefined\" title=\"Adidas\" src=\"https:\/\/twind.io\/es\/wp-content\/uploads\/2023\/04\/1-adidas.svg\" data-src=\"https:\/\/twind.io\/es\/wp-content\/uploads\/2023\/04\/1-adidas.svg\" data-sizes=\"{&quot;full&quot;:{&quot;url&quot;:&quot;https:\/\/twind.io\/es\/wp-content\/uploads\/2023\/04\/1-adidas.svg&quot;}}\" style=\"\" loading=\"lazy\"><\/span><\/p>\n<h2 style=\"\"><span style=\"\">\u00bfQu\u00e9 es la <span style=\"--tcb-applied-color: var$(--tcb-skin-color-0) !important; color: var(--tcb-skin-color-0) !important;\">Gesti\u00f3n Documental CAE<\/span><\/span><span style=\"\">?<\/span><\/h2>\n<h2 style=\"text-align: left;\"><span><span><span><span style=\"font-weight: normal;\">Es nuestro<\/span> <strong>servicio de revisi\u00f3n documental<\/strong><span style=\"font-weight: normal;\">:<\/span> nos encargamos de recibir, revisar y validar todos los documentos exigidos a contratistas y subcontratistas.&nbsp;<\/span><\/span><\/span><span><span><span>Un <strong>equipo experto en normativa CAE<\/strong> analiza cada documento, verifica su cumplimiento con la legislaci\u00f3n vigente y aplica los criterios espec\u00edficos de tu empresa.<\/span><\/span><\/span><span><span><span>Si algo no cumple, <strong>notificamos directamente a tus contratistas<\/strong> a trav\u00e9s de la plataforma y les explicamos qu\u00e9 deben corregir y c\u00f3mo hacerlo, para que lleguen con la documentaci\u00f3n lista y en regla desde el primer d\u00eda.<\/span><\/span><\/span><span><span><span><\/span><\/span><\/span><\/h2>\n<h2 style=\"text-align: center;\"><strong>Tarifa plana para tu <span>Gesti\u00f3n Documental CAE<\/span><\/strong><\/h2>\n<h2 style=\"text-align: center;\"><span><span><span>Durante a\u00f1os, la gesti\u00f3n documental se ha trabajado con modelos de precio por documento, bolsas de documentos o consumos variables. Ahora lo simplificamos todo con un sistema mucho m\u00e1s claro, estable y eficiente.<\/span><\/span><\/span><span><span><span><\/span><\/span><\/span><\/h2>\n<p><!--! Font Awesome Free 6.7.1 by @fontawesome - https:\/\/fontawesome.com License - https:\/\/fontawesome.com\/license\/free (Icons: CC BY 4.0, Fonts: SIL OFL 1.1, Code: MIT License) Copyright 2024 Fonticons, Inc. --><\/p>\n<h3 style=\"\">Documentos ilimitados<\/h3>\n<p><strong> <\/strong><\/p>\n<p style=\"\">Revisamos todos los documentos sin l\u00edmites de cantidad.<\/p>\n<p><strong> <\/strong><\/p>\n<p><!--! Font Awesome Free 6.7.1 by @fontawesome - https:\/\/fontawesome.com License - https:\/\/fontawesome.com\/license\/free (Icons: CC BY 4.0, Fonts: SIL OFL 1.1, Code: MIT License) Copyright 2024 Fonticons, Inc. --><\/p>\n<h3 style=\"\">Coste predecible<\/h3>\n<p style=\"\">Sin consumos variables y sin sobrecostes por documentos invalidados.&nbsp;<\/p>\n<p><strong> <\/strong><\/p>\n<p><!--! Font Awesome Free 6.7.1 by @fontawesome - https:\/\/fontawesome.com License - https:\/\/fontawesome.com\/license\/free (Icons: CC BY 4.0, Fonts: SIL OFL 1.1, Code: MIT License) Copyright 2024 Fonticons, Inc. --><\/p>\n<h3 style=\"\">Cobertura global<\/h3>\n<p><strong> <\/strong><\/p>\n<p style=\"\">Documentos en m\u00faltiples idiomas incluidos sin costes adicionales.<\/p>\n<p><strong> <\/strong><\/p>\n<p><!--! Font Awesome Free 6.7.1 by @fontawesome - https:\/\/fontawesome.com License - https:\/\/fontawesome.com\/license\/free (Icons: CC BY 4.0, Fonts: SIL OFL 1.1, Code: MIT License) Copyright 2024 Fonticons, Inc. --><\/p>\n<h3 style=\"\"><strong>Equipo experto<\/strong><\/h3>\n<p style=\"\">Revisi\u00f3n centralizada realizada por un equipo de m\u00e1s de 300 expertos.<\/p>\n<p><strong> <\/strong><\/p>\n<p><strong> <\/strong><\/p>\n<h2 style=\"text-align: center;\">\u00bfC\u00f3mo funciona nuestro servicio de <span>Gesti\u00f3n Documental<\/span>?<\/h2>\n<p style=\"\">Elige cu\u00e1ntos contratistas gestionas.&nbsp;<\/p>\n<p><strong> <\/strong><\/p>\n<p style=\"\">Pagas una tarifa fija por el servicio de revisi\u00f3n documental.&nbsp;<\/p>\n<p><strong> <\/strong><\/p>\n<p style=\"\">Nuestro equipo recibe, revisa y valida la documentaci\u00f3n en un plazo de 24-48 horas. <\/p>\n<p><strong> <\/strong><\/p>\n<p style=\"\">Accede en tiempo real al estado de cada documento.&nbsp;<\/p>\n<p><strong> <\/strong><\/p>\n<h2 style=\"text-align: left;\"><span style=\"\">\u00bfQuieres ver c\u00f3mo podr\u00eda funcionar en tu empresa?<\/span><\/h2>\n<p style=\"\"><span style=\"--tcb-applied-color: rgb(26, 48, 55) !important; color: rgb(26, 48, 55) !important;\"><strong>La gesti\u00f3n documental no es solo un requisito legal:<\/strong> es un pilar fundamental para garantizar la seguridad, la trazabilidad y el cumplimiento normativo.<\/span><\/p>\n<p style=\"\"><strong><span style=\"--tcb-applied-color: rgb(26, 48, 55) !important; color: rgb(26, 48, 55) !important;\">Rellena el formulario para hablar con nuestro equipo.<\/span><\/strong><span style=\"color: rgb(26, 48, 55) !important;\"><span style=\"--tcb-applied-color: rgb(26, 48, 55) !important;\"><\/span><\/span><span style=\"font-weight: normal;\"><\/span><\/p>\n\n\t\t\t\t\t\t<script>\n\t\t\t\t\t\t\twindow.hsFormsOnReady = window.hsFormsOnReady || [];\n\t\t\t\t\t\t\twindow.hsFormsOnReady.push(()=>{\n\t\t\t\t\t\t\t\thbspt.forms.create({\n\t\t\t\t\t\t\t\t\tportalId: 146424663,\n\t\t\t\t\t\t\t\t\tformId: \"ff1caae1-1822-4204-9180-178e4dff625b\",\n\t\t\t\t\t\t\t\t\ttarget: \"#hbspt-form-1775314334000-2189401065\",\n\t\t\t\t\t\t\t\t\tregion: \"eu1\",\n\t\t\t\t\t\t\t\t\t\n\t\t\t\t\t\t\t})});\n\t\t\t\t\t\t<\/script>\n\t\t\t\t\t\t<div class=\"hbspt-form\" id=\"hbspt-form-1775314334000-2189401065\"><\/div>\n","protected":false},"excerpt":{"rendered":"<p>Gesti\u00f3n Documental CAE sin complicaciones:&nbsp;Una tarifa fija que lo cambia todo Revisamos toda la documentaci\u00f3n CAE de tus contratistas con una cuota fija, transparente y sin sorpresas en la factura. Un servicio ideal para empresas de cualquier tama\u00f1o. 24h Revisi\u00f3n documental m\u00e1s r\u00e1pida Procesamiento de documentaci\u00f3n CAE en tiempo r\u00e9cord para operaciones urgentes. 500+ Empresas [&hellip;]<\/p>\n","protected":false},"author":1,"featured_media":0,"parent":0,"menu_order":0,"comment_status":"closed","ping_status":"closed","template":"","meta":{"content-type":"","footnotes":""},"class_list":["post-36777","page","type-page","status-publish","hentry","post-wrapper","thrv_wrapper"],"yoast_head":"<!-- This site is optimized with the Yoast SEO plugin v27.3 - https:\/\/yoast.com\/product\/yoast-seo-wordpress\/ -->\n<title>Gesti\u00f3n Documental CAE Sin Sorpresas - Tarifa Fija | Twind<\/title>\n<meta name=\"description\" content=\"Revoluciona tu gesti\u00f3n documental CAE con tarifa fija: validaciones ilimitadas, sin sobrecostes ni sorpresas. Revisi\u00f3n en 24h por expertos.\" \/>\n<meta name=\"robots\" content=\"index, follow, max-snippet:-1, max-image-preview:large, max-video-preview:-1\" \/>\n<link rel=\"canonical\" href=\"https:\/\/twind.io\/es\/nuevo-modelo-revision-documental\/\" \/>\n<meta property=\"og:locale\" content=\"es_ES\" \/>\n<meta property=\"og:type\" content=\"article\" \/>\n<meta property=\"og:title\" content=\"Gesti\u00f3n Documental CAE Sin Sorpresas - Tarifa Fija | Twind\" \/>\n<meta property=\"og:description\" content=\"Revoluciona tu gesti\u00f3n documental CAE con tarifa fija: validaciones ilimitadas, sin sobrecostes ni sorpresas. Revisi\u00f3n en 24h por expertos.\" \/>\n<meta property=\"og:url\" content=\"https:\/\/twind.io\/es\/nuevo-modelo-revision-documental\/\" \/>\n<meta property=\"og:site_name\" content=\"Twind - Plataforma de Coordinaci\u00f3n de Actividades Empresariales\" \/>\n<meta property=\"article:modified_time\" content=\"2026-03-04T07:21:21+00:00\" \/>\n<meta property=\"og:image\" content=\"https:\/\/twind.io\/es\/wp-content\/uploads\/2023\/04\/5.svg\" \/>\n<meta name=\"twitter:card\" content=\"summary_large_image\" \/>\n<meta name=\"twitter:label1\" content=\"Tiempo de lectura\" \/>\n\t<meta name=\"twitter:data1\" content=\"7 minutos\" \/>\n<script type=\"application\/ld+json\" class=\"yoast-schema-graph\">{\"@context\":\"https:\\\/\\\/schema.org\",\"@graph\":[{\"@type\":\"WebPage\",\"@id\":\"https:\\\/\\\/twind.io\\\/es\\\/nuevo-modelo-revision-documental\\\/\",\"url\":\"https:\\\/\\\/twind.io\\\/es\\\/nuevo-modelo-revision-documental\\\/\",\"name\":\"Gesti\u00f3n Documental CAE Sin Sorpresas - Tarifa Fija | Twind\",\"isPartOf\":{\"@id\":\"https:\\\/\\\/twind.io\\\/es\\\/#website\"},\"primaryImageOfPage\":{\"@id\":\"https:\\\/\\\/twind.io\\\/es\\\/nuevo-modelo-revision-documental\\\/#primaryimage\"},\"image\":{\"@id\":\"https:\\\/\\\/twind.io\\\/es\\\/nuevo-modelo-revision-documental\\\/#primaryimage\"},\"thumbnailUrl\":\"https:\\\/\\\/twind.io\\\/es\\\/wp-content\\\/uploads\\\/2023\\\/04\\\/5.svg\",\"datePublished\":\"2025-10-17T07:54:20+00:00\",\"dateModified\":\"2026-03-04T07:21:21+00:00\",\"description\":\"Revoluciona tu gesti\u00f3n documental CAE con tarifa fija: validaciones ilimitadas, sin sobrecostes ni sorpresas. Revisi\u00f3n en 24h por expertos.\",\"breadcrumb\":{\"@id\":\"https:\\\/\\\/twind.io\\\/es\\\/nuevo-modelo-revision-documental\\\/#breadcrumb\"},\"inLanguage\":\"es\",\"potentialAction\":[{\"@type\":\"ReadAction\",\"target\":[\"https:\\\/\\\/twind.io\\\/es\\\/nuevo-modelo-revision-documental\\\/\"]}]},{\"@type\":\"ImageObject\",\"inLanguage\":\"es\",\"@id\":\"https:\\\/\\\/twind.io\\\/es\\\/nuevo-modelo-revision-documental\\\/#primaryimage\",\"url\":\"https:\\\/\\\/twind.io\\\/es\\\/wp-content\\\/uploads\\\/2023\\\/04\\\/5.svg\",\"contentUrl\":\"https:\\\/\\\/twind.io\\\/es\\\/wp-content\\\/uploads\\\/2023\\\/04\\\/5.svg\"},{\"@type\":\"BreadcrumbList\",\"@id\":\"https:\\\/\\\/twind.io\\\/es\\\/nuevo-modelo-revision-documental\\\/#breadcrumb\",\"itemListElement\":[{\"@type\":\"ListItem\",\"position\":1,\"name\":\"Portada\",\"item\":\"https:\\\/\\\/twind.io\\\/es\\\/\"},{\"@type\":\"ListItem\",\"position\":2,\"name\":\"Revisi\u00f3n Documental CAE\"}]},{\"@type\":\"WebSite\",\"@id\":\"https:\\\/\\\/twind.io\\\/es\\\/#website\",\"url\":\"https:\\\/\\\/twind.io\\\/es\\\/\",\"name\":\"Twind - Plataforma de Coordinaci\u00f3n de Actividades Empresariales\",\"description\":\"Coordina los procesos de gesti\u00f3n documental y control de contratistas y proveedores, respetando la normativa en materia de Seguridad y Salud en el Trabajo.\",\"potentialAction\":[{\"@type\":\"SearchAction\",\"target\":{\"@type\":\"EntryPoint\",\"urlTemplate\":\"https:\\\/\\\/twind.io\\\/es\\\/?s={search_term_string}\"},\"query-input\":{\"@type\":\"PropertyValueSpecification\",\"valueRequired\":true,\"valueName\":\"search_term_string\"}}],\"inLanguage\":\"es\"}]}<\/script>\n<!-- \/ Yoast SEO plugin. -->","yoast_head_json":{"title":"Gesti\u00f3n Documental CAE Sin Sorpresas - Tarifa Fija | Twind","description":"Revoluciona tu gesti\u00f3n documental CAE con tarifa fija: validaciones ilimitadas, sin sobrecostes ni sorpresas. Revisi\u00f3n en 24h por expertos.","robots":{"index":"index","follow":"follow","max-snippet":"max-snippet:-1","max-image-preview":"max-image-preview:large","max-video-preview":"max-video-preview:-1"},"canonical":"https:\/\/twind.io\/es\/nuevo-modelo-revision-documental\/","og_locale":"es_ES","og_type":"article","og_title":"Gesti\u00f3n Documental CAE Sin Sorpresas - Tarifa Fija | Twind","og_description":"Revoluciona tu gesti\u00f3n documental CAE con tarifa fija: validaciones ilimitadas, sin sobrecostes ni sorpresas. Revisi\u00f3n en 24h por expertos.","og_url":"https:\/\/twind.io\/es\/nuevo-modelo-revision-documental\/","og_site_name":"Twind - Plataforma de Coordinaci\u00f3n de Actividades Empresariales","article_modified_time":"2026-03-04T07:21:21+00:00","og_image":[{"url":"https:\/\/twind.io\/es\/wp-content\/uploads\/2023\/04\/5.svg","type":"","width":"","height":""}],"twitter_card":"summary_large_image","twitter_misc":{"Tiempo de lectura":"7 minutos"},"schema":{"@context":"https:\/\/schema.org","@graph":[{"@type":"WebPage","@id":"https:\/\/twind.io\/es\/nuevo-modelo-revision-documental\/","url":"https:\/\/twind.io\/es\/nuevo-modelo-revision-documental\/","name":"Gesti\u00f3n Documental CAE Sin Sorpresas - Tarifa Fija | Twind","isPartOf":{"@id":"https:\/\/twind.io\/es\/#website"},"primaryImageOfPage":{"@id":"https:\/\/twind.io\/es\/nuevo-modelo-revision-documental\/#primaryimage"},"image":{"@id":"https:\/\/twind.io\/es\/nuevo-modelo-revision-documental\/#primaryimage"},"thumbnailUrl":"https:\/\/twind.io\/es\/wp-content\/uploads\/2023\/04\/5.svg","datePublished":"2025-10-17T07:54:20+00:00","dateModified":"2026-03-04T07:21:21+00:00","description":"Revoluciona tu gesti\u00f3n documental CAE con tarifa fija: validaciones ilimitadas, sin sobrecostes ni sorpresas. Revisi\u00f3n en 24h por expertos.","breadcrumb":{"@id":"https:\/\/twind.io\/es\/nuevo-modelo-revision-documental\/#breadcrumb"},"inLanguage":"es","potentialAction":[{"@type":"ReadAction","target":["https:\/\/twind.io\/es\/nuevo-modelo-revision-documental\/"]}]},{"@type":"ImageObject","inLanguage":"es","@id":"https:\/\/twind.io\/es\/nuevo-modelo-revision-documental\/#primaryimage","url":"https:\/\/twind.io\/es\/wp-content\/uploads\/2023\/04\/5.svg","contentUrl":"https:\/\/twind.io\/es\/wp-content\/uploads\/2023\/04\/5.svg"},{"@type":"BreadcrumbList","@id":"https:\/\/twind.io\/es\/nuevo-modelo-revision-documental\/#breadcrumb","itemListElement":[{"@type":"ListItem","position":1,"name":"Portada","item":"https:\/\/twind.io\/es\/"},{"@type":"ListItem","position":2,"name":"Revisi\u00f3n Documental CAE"}]},{"@type":"WebSite","@id":"https:\/\/twind.io\/es\/#website","url":"https:\/\/twind.io\/es\/","name":"Twind - Plataforma de Coordinaci\u00f3n de Actividades Empresariales","description":"Coordina los procesos de gesti\u00f3n documental y control de contratistas y proveedores, respetando la normativa en materia de Seguridad y Salud en el Trabajo.","potentialAction":[{"@type":"SearchAction","target":{"@type":"EntryPoint","urlTemplate":"https:\/\/twind.io\/es\/?s={search_term_string}"},"query-input":{"@type":"PropertyValueSpecification","valueRequired":true,"valueName":"search_term_string"}}],"inLanguage":"es"}]}},"_links":{"self":[{"href":"https:\/\/twind.io\/es\/wp-json\/wp\/v2\/pages\/36777","targetHints":{"allow":["GET"]}}],"collection":[{"href":"https:\/\/twind.io\/es\/wp-json\/wp\/v2\/pages"}],"about":[{"href":"https:\/\/twind.io\/es\/wp-json\/wp\/v2\/types\/page"}],"author":[{"embeddable":true,"href":"https:\/\/twind.io\/es\/wp-json\/wp\/v2\/users\/1"}],"replies":[{"embeddable":true,"href":"https:\/\/twind.io\/es\/wp-json\/wp\/v2\/comments?post=36777"}],"version-history":[{"count":111,"href":"https:\/\/twind.io\/es\/wp-json\/wp\/v2\/pages\/36777\/revisions"}],"predecessor-version":[{"id":38316,"href":"https:\/\/twind.io\/es\/wp-json\/wp\/v2\/pages\/36777\/revisions\/38316"}],"wp:attachment":[{"href":"https:\/\/twind.io\/es\/wp-json\/wp\/v2\/media?parent=36777"}],"curies":[{"name":"wp","href":"https:\/\/api.w.org\/{rel}","templated":true}]}}