{"id":36912,"date":"2025-10-23T11:11:54","date_gmt":"2025-10-23T11:11:54","guid":{"rendered":"https:\/\/twind.io\/es\/?page_id=36912"},"modified":"2025-12-02T09:57:49","modified_gmt":"2025-12-02T09:57:49","slug":"calculadora-roi-twind","status":"publish","type":"page","link":"https:\/\/twind.io\/es\/calculadora-roi-twind\/","title":{"rendered":"Calculadora ROI Twind"},"content":{"rendered":"<p>    Calculadora de ROI &#8211; Twind  <!-- Poppins para UI -->                  <\/p>\n<h3 style=\"color: #7346ff; font-size:1.2em;\">Calculadora Retorno de la inversi\u00f3n (ROI) de Twind<\/h3>\n<h4 style=\"color: #000; font-size:0.9em;\">Descubre cu\u00e1nto dinero puedes ahorrar en la gesti\u00f3n de contratistas. Tu competencia ya est\u00e1 ahorrando miles de euros. \u00bfY t\u00fa?<\/h4>\n<p style=\"font-size:0.85em;\">Obt\u00e9n tu an\u00e1lisis personalizado en 2 minutos y descubre cu\u00e1nto tiempo y dinero te puedes ahorrar con Twind. M\u00e1s de 3.000 empresas ya est\u00e1n reduciendo costes y optimizando tiempo con nosotros.<\/p>\n<p>                  N\u00ba centros de trabajo:                              N\u00ba empresas externas (contratistas, incluido aut\u00f3nomos):                             \u00bfCu\u00e1nto tiempo dedicas a la CAE?        <\/p>\n<p style=\"font-size:0.85em;\">Tiempo medio por semana en tareas administrativas CAE: intercambio de emails, llamadas, archivo y registro en excel de seguimiento, verificaci\u00f3n de documentos<\/p>\n<p>                                      <img decoding=\"async\" role=\"img\" alt=\"\ud83d\udcca\" src=\"https:\/\/s.w.org\/images\/core\/emoji\/16.0.1\/svg\/1f4ca.svg\" loading=\"lazy\"> Diagn\u00f3stico CAE  en base a tus respuestas                                             Ver informe y cu\u00e1nto me puedo ahorrar               [tcb-script]    \/\/ Tablas de precios (extra\u00eddas del Excel)    const pricingByContractors = [      { min: 0, max: 25, price: 1667.22 },      { min: 25, max: 50, price: 1667.22 },      { min: 50, max: 100, price: 3334.44 },      { min: 100, max: 150, price: 6478.05 },      { min: 150, max: 200, price: 9430.30 },      { min: 200, max: 300, price: 12301.11 },      { min: 300, max: 400, price: 17936.84 },      { min: 400, max: 500, price: 23459.69 },      { min: 500, max: 750, price: 28875.56 },      { min: 750, max: 1000, price: 42008.06 },      { min: 1000, max: 2000, price: 55008.10 },      { min: 2000, max: Infinity, price: 105902.06 }    ];    const pricingByWorkCenters = {      1: 0, 2: 141.09, 3: 282.19, 4: 423.28, 5: 564.38,      6: 658.44, 7: 752.50, 8: 846.56, 9: 940.63, 10: 1034.69,      11: 1088.44, 12: 1142.19, 13: 1195.94, 14: 1249.69, 15: 1303.44,      16: 1357.19, 17: 1410.94, 18: 1464.69, 19: 1518.44, 20: 1572.19,      21: 1602.90, 22: 1633.61, 23: 1664.33, 24: 1695.04, 25: 1725.75,      26: 1756.46, 27: 1787.18, 28: 1817.89, 29: 1848.60, 30: 1879.32,      31: 1910.03, 32: 1940.74, 33: 1971.45, 34: 2002.17, 35: 2032.88,      36: 2063.59, 37: 2094.30, 38: 2125.02, 39: 2155.73, 40: 2186.44,      41: 2217.16, 42: 2247.87, 43: 2278.58, 44: 2309.29, 45: 2340.01,      46: 2370.72, 47: 2401.43, 48: 2432.14, 49: 2462.86, 50: 2493.57    };    \/\/ Objeto para almacenar todos los c\u00e1lculos de ROI    const roiData = {};    function getPlatformCost(contractors, workCenters) {      \/\/ Encontrar precio por n\u00famero de contratistas      let contractorsCost = pricingByContractors[0].price; \/\/ Default      for (let tier of pricingByContractors) {        if (contractors &gt;= tier.min &amp;&amp; contractors &lt; tier.max) {          contractorsCost = tier.price;          break;        }      }      \/\/ Encontrar precio por centros de trabajo      let centersCost = pricingByWorkCenters[workCenters] || 0;      if (workCenters &gt; 50) {        \/\/ Extrapolar para m\u00e1s de 50 centros        centersCost = 2493.57 + ((workCenters &#8211; 50) * 30.71);      }      return contractorsCost + centersCost;    }    function calculateROI() {      \/\/ Obtener valores de los inputs      const workCenters = parseFloat(document.getElementById(&#8216;workCenters&#8217;).value);      const contractors = parseFloat(document.getElementById(&#8216;contractors&#8217;).value);      const adminHoursPerWeek = parseFloat(document.getElementById(&#8216;adminHours&#8217;).value);            const downloadButton = document.getElementById(&#8216;downloadButton&#8217;);      const diagnosisBox = document.getElementById(&#8216;diagnosisBox&#8217;);      const diagnosisLevel = document.getElementById(&#8216;diagnosisLevel&#8217;);      const diagnosisDescription = document.getElementById(&#8216;diagnosisDescription&#8217;);      \/\/ Verificar que todos los campos est\u00e9n completos y sean v\u00e1lidos      const allFieldsValid = [workCenters, contractors, adminHoursPerWeek]        .every(value =&gt; !isNaN(value) &amp;&amp; value &gt; 0);            \/\/ Mostrar\/ocultar elementos seg\u00fan validez de los datos      downloadButton.style.display = allFieldsValid ? &#8216;block&#8217; : &#8216;none&#8217;;      diagnosisBox.style.display = allFieldsValid ? &#8216;block&#8217; : &#8216;none&#8217;;      if (!allFieldsValid) return;      \/\/ Constantes      const HOURLY_COST = 30; \/\/ \u20ac\/hora (coste tiempo TPRL)      const TIME_REDUCTION = 0.75; \/\/ 75% de reducci\u00f3n      const WEEKS_PER_YEAR = 52;      \/\/ 1. Calcular Tiempo Standard CAE (f\u00f3rmula del Excel)      const standardCAETime = (((contractors * 10) \/ 60) * (1 + (workCenters &#8211; 1) * 0.2));      \/\/ 2. Tiempo total SIN plataforma (tomar el mayor entre lo indicado y el standard)      const timeWithoutPlatform = Math.max(adminHoursPerWeek, standardCAETime);      const annualTimeWithoutPlatform = Math.round(timeWithoutPlatform * WEEKS_PER_YEAR);      \/\/ 3. Coste anual SIN plataforma      const annualCostWithoutPlatform = annualTimeWithoutPlatform * HOURLY_COST;      \/\/ 4. Tiempo CON plataforma (reducci\u00f3n del 75%)      const annualTimeWithPlatform = annualTimeWithoutPlatform * (1 &#8211; TIME_REDUCTION);      \/\/ 5. Coste de la plataforma (lookup din\u00e1mico)      const platformAnnualCost = getPlatformCost(contractors, workCenters);      \/\/ 6. Coste total CON plataforma      const annualCostWithPlatform = platformAnnualCost + (annualTimeWithPlatform * HOURLY_COST);      \/\/ 7. Ahorro en tiempo (horas)      const timeSavings = annualTimeWithoutPlatform &#8211; annualTimeWithPlatform;      \/\/ 8. Beneficio neto      const netBenefit = annualCostWithoutPlatform &#8211; annualCostWithPlatform;      \/\/ 9. ROI      const roiPercentage = (netBenefit \/ annualCostWithPlatform) * 100;      \/\/ 10. Diagn\u00f3stico CAE (celda B42)      const timeDifference = Math.round(adminHoursPerWeek &#8211; standardCAETime);      let caeAssessment = \u00abEn la media\u00bb;      if (timeDifference === 0) caeAssessment = \u00abEn la media\u00bb;      else if (timeDifference === 1) caeAssessment = \u00abTop 35%\u00bb;      else if (timeDifference === 2) caeAssessment = \u00abTop 15%\u00bb;      else if (timeDifference &gt;= 3) caeAssessment = \u00abTop 3%\u00bb;      else if (timeDifference === -1) caeAssessment = \u00ab35% m\u00e1s bajo\u00bb;      else if (timeDifference === -2) caeAssessment = \u00ab15% m\u00e1s bajo\u00bb;      else if (timeDifference &lt;= -3) caeAssessment = \u00ab3% m\u00e1s bajo\u00bb;      \/\/ 11. Descripci\u00f3n del diagn\u00f3stico (celda C42)      const adminRounded = Math.round(adminHoursPerWeek);      const standardRounded = Math.round(standardCAETime);      let caeDescription = \u00ab\u00bb;        if (adminRounded === standardRounded) {        caeDescription = \u00abProbablemente cumples correctamente con la normativa CAE. Tienes un buen potencial de ahorro al digitalizar el proceso.\u00bb;      } else if (adminRounded &#8211; standardRounded &gt;= 1) {        caeDescription = \u00abProbablemente cumples correctamente con la normativa CAE, y tienes un enorme potencial de ahorro al digitalizar el proceso.\u00bb;      } else if (standardRounded &#8211; adminRounded &gt;= 3) {        caeDescription = \u00abProbablemente est\u00e1s haciendo una CAE superficial y asumiendo riesgos innecesarios. Es altamente probable que, adem\u00e1s, no est\u00e9s registrando adecuadamente la dedicaci\u00f3n del equipo a la CAE y tengas costes ocultos.\u00bb;      } else if (standardRounded &#8211; adminRounded &gt;= 2) {        caeDescription = \u00abProbablemente est\u00e1s haciendo una CAE superficial y asumiendo riesgos innecesarios. Es probable que, adem\u00e1s, no est\u00e9s registrando adecuadamente la dedicaci\u00f3n del equipo a la CAE y tengas costes ocultos.\u00bb;      } else if (standardRounded &#8211; adminRounded &gt;= 1) {        caeDescription = \u00abProbablemente est\u00e1s haciendo una CAE superficial y asumiendo riesgos innecesarios. Es probable que, adem\u00e1s, no est\u00e9s registrando adecuadamente la dedicaci\u00f3n del equipo a la CAE y tengas costes ocultos.\u00bb;      }      \/\/ Actualizar los elementos del DOM con el diagn\u00f3stico      diagnosisLevel.textContent = caeAssessment;      diagnosisDescription.textContent = caeDescription;      \/\/ Guardar todos los c\u00e1lculos en el objeto roiData      roiData.workCenters = workCenters;      roiData.contractors = contractors;      roiData.adminHoursPerWeek = adminHoursPerWeek;      roiData.hourlyRate = HOURLY_COST;            \/\/ C\u00e1lculos intermedios      roiData.standardCAETime = standardCAETime.toFixed(2);      roiData.timeWithoutPlatform = timeWithoutPlatform.toFixed(2);      roiData.annualTimeWithoutPlatform = annualTimeWithoutPlatform;      roiData.annualCostWithoutPlatform = annualCostWithoutPlatform.toFixed(2);            \/\/ Con plataforma      roiData.annualTimeWithPlatform = annualTimeWithPlatform.toFixed(2);      roiData.platformAnnualCost = platformAnnualCost.toFixed(2);      roiData.annualCostWithPlatform = annualCostWithPlatform.toFixed(2);            \/\/ Resultados finales      roiData.timeSavings = timeSavings.toFixed(2);      roiData.netBenefit = netBenefit.toFixed(2);      roiData.roiPercentage = roiPercentage.toFixed(2);      roiData.caeAssessment = caeAssessment;      roiData.caeDescription = caeDescription;      \/\/ VALORES ESPEC\u00cdFICOS PARA EL PDF (nombres de celdas del Excel)      roiData.B15 = annualTimeWithoutPlatform; \/\/ Tiempo anual SIN plataforma (horas)      roiData.B19 = annualCostWithoutPlatform.toFixed(2); \/\/ Coste anual SIN plataforma (\u20ac)      roiData.B24 = annualTimeWithPlatform.toFixed(2); \/\/ Tiempo anual CON plataforma (horas)      roiData.B26 = annualCostWithPlatform.toFixed(2); \/\/ Coste anual CON plataforma (\u20ac)      roiData.B31 = timeSavings.toFixed(2); \/\/ Ahorro en tiempo (horas)      roiData.B33 = netBenefit.toFixed(2); \/\/ Beneficio neto (\u20ac)      roiData.B37 = roiPercentage.toFixed(2); \/\/ ROI %      console.log(&#8216;Datos de ROI calculados:&#8217;, roiData);    }    \/\/ Funci\u00f3n para manejar el clic del bot\u00f3n    function handleDownloadClick() {      \/\/ Almacenar los datos de ROI para uso posterior      if (typeof(Storage) !== \u00abundefined\u00bb) {        sessionStorage.setItem(&#8216;roiCalculatorData&#8217;, JSON.stringify(roiData));      }            \/\/ Buscar el bot\u00f3n \u00abClick Here Now\u00bb en la p\u00e1gina y hacer clic en \u00e9l      try {        \/\/ Buscar por el texto del bot\u00f3n        const clickHereButtons = Array.from(document.querySelectorAll(&#8216;a, button&#8217;)).filter(el =&gt;           el.textContent.trim().toLowerCase().includes(&#8216;click here now&#8217;)        );                if (clickHereButtons.length &gt; 0) {          console.log(&#8216;Encontrado bot\u00f3n \u00abClick Here Now\u00bb, haciendo clic&#8230;&#8217;);          clickHereButtons[0].click();          return;        }                \/\/ Buscar por atributos de Thrive        const thriveButton = document.querySelector(&#8216;[data-tcb-events*=\u00bbthrive_lightbox\u00bb]&#8217;);        if (thriveButton) {          console.log(&#8216;Encontrado bot\u00f3n Thrive, haciendo clic&#8230;&#8217;);          thriveButton.click();          return;        }                \/\/ Buscar por clase espec\u00edfica de Thrive        const thriveButtonByClass = document.querySelector(&#8216;.tve_evt_manager_listen.tve_et_click&#8217;);        if (thriveButtonByClass) {          console.log(&#8216;Encontrado bot\u00f3n por clase Thrive, haciendo clic&#8230;&#8217;);          thriveButtonByClass.click();          return;        }                \/\/ Si no encuentra ning\u00fan bot\u00f3n        console.log(&#8216;No se encontr\u00f3 el bot\u00f3n \u00abClick Here Now\u00bb&#8216;);        alert(&#8216;Por favor, haz clic en el bot\u00f3n \u00abClick Here Now\u00bb que aparece en la p\u00e1gina para descargar el informe ROI.&#8217;);              } catch (error) {        console.error(&#8216;Error al buscar bot\u00f3n:&#8217;, error);        alert(&#8216;Por favor, haz clic en el bot\u00f3n \u00abClick Here Now\u00bb que aparece en la p\u00e1gina para descargar el informe ROI.&#8217;);      }            console.log(&#8216;Datos de ROI guardados:&#8217;, roiData);    }    \/\/ Event listener para el bot\u00f3n de descarga    document.getElementById(&#8216;downloadButton&#8217;).addEventListener(&#8216;click&#8217;, handleDownloadClick);  [\/tcb-script]\n","protected":false},"excerpt":{"rendered":"<p>Calculadora de ROI &#8211; Twind Calculadora Retorno de la inversi\u00f3n (ROI) de Twind Descubre cu\u00e1nto dinero puedes ahorrar en la gesti\u00f3n de contratistas. Tu competencia ya est\u00e1 ahorrando miles de euros. \u00bfY t\u00fa? Obt\u00e9n tu an\u00e1lisis personalizado en 2 minutos y descubre cu\u00e1nto tiempo y dinero te puedes ahorrar con Twind. M\u00e1s de 3.000 empresas [&hellip;]<\/p>\n","protected":false},"author":1,"featured_media":0,"parent":0,"menu_order":0,"comment_status":"closed","ping_status":"closed","template":"","meta":{"content-type":"","footnotes":""},"class_list":["post-36912","page","type-page","status-publish","hentry","post-wrapper","thrv_wrapper"],"yoast_head":"<!-- This site is optimized with the Yoast SEO plugin v27.3 - https:\/\/yoast.com\/product\/yoast-seo-wordpress\/ -->\n<title>Calculadora ROI - Calcula el Retorno de Inversi\u00f3n con Twind<\/title>\n<meta name=\"description\" content=\"Prueba nuestra calculadora y descubre el Retorno de Inversi\u00f3n en tu Gesti\u00f3n de Contratistas utilizando nuestra plataforma Twind\" \/>\n<meta name=\"robots\" content=\"noindex, nofollow\" \/>\n<meta property=\"og:locale\" content=\"es_ES\" \/>\n<meta property=\"og:type\" content=\"article\" \/>\n<meta property=\"og:title\" content=\"Calculadora ROI - Calcula el Retorno de Inversi\u00f3n con Twind\" \/>\n<meta property=\"og:description\" content=\"Prueba nuestra calculadora y descubre el Retorno de Inversi\u00f3n en tu Gesti\u00f3n de Contratistas utilizando nuestra plataforma Twind\" \/>\n<meta property=\"og:url\" content=\"https:\/\/twind.io\/es\/calculadora-roi-twind\/\" \/>\n<meta property=\"og:site_name\" content=\"Twind - Plataforma de Coordinaci\u00f3n de Actividades Empresariales\" \/>\n<meta property=\"article:modified_time\" content=\"2025-12-02T09:57:49+00:00\" \/>\n<meta property=\"og:image\" content=\"https:\/\/s.w.org\/images\/core\/emoji\/16.0.1\/svg\/1f4ca.svg\" \/>\n<meta name=\"twitter:card\" content=\"summary_large_image\" \/>\n<meta name=\"twitter:label1\" content=\"Tiempo de lectura\" \/>\n\t<meta name=\"twitter:data1\" content=\"2 minutos\" \/>\n<script type=\"application\/ld+json\" class=\"yoast-schema-graph\">{\"@context\":\"https:\\\/\\\/schema.org\",\"@graph\":[{\"@type\":\"WebPage\",\"@id\":\"https:\\\/\\\/twind.io\\\/es\\\/calculadora-roi-twind\\\/\",\"url\":\"https:\\\/\\\/twind.io\\\/es\\\/calculadora-roi-twind\\\/\",\"name\":\"Calculadora ROI - Calcula el Retorno de Inversi\u00f3n con Twind\",\"isPartOf\":{\"@id\":\"https:\\\/\\\/twind.io\\\/es\\\/#website\"},\"primaryImageOfPage\":{\"@id\":\"https:\\\/\\\/twind.io\\\/es\\\/calculadora-roi-twind\\\/#primaryimage\"},\"image\":{\"@id\":\"https:\\\/\\\/twind.io\\\/es\\\/calculadora-roi-twind\\\/#primaryimage\"},\"thumbnailUrl\":\"https:\\\/\\\/s.w.org\\\/images\\\/core\\\/emoji\\\/16.0.1\\\/svg\\\/1f4ca.svg\",\"datePublished\":\"2025-10-23T11:11:54+00:00\",\"dateModified\":\"2025-12-02T09:57:49+00:00\",\"description\":\"Prueba nuestra calculadora y descubre el Retorno de Inversi\u00f3n en tu Gesti\u00f3n de Contratistas utilizando nuestra plataforma Twind\",\"breadcrumb\":{\"@id\":\"https:\\\/\\\/twind.io\\\/es\\\/calculadora-roi-twind\\\/#breadcrumb\"},\"inLanguage\":\"es\",\"potentialAction\":[{\"@type\":\"ReadAction\",\"target\":[\"https:\\\/\\\/twind.io\\\/es\\\/calculadora-roi-twind\\\/\"]}]},{\"@type\":\"ImageObject\",\"inLanguage\":\"es\",\"@id\":\"https:\\\/\\\/twind.io\\\/es\\\/calculadora-roi-twind\\\/#primaryimage\",\"url\":\"https:\\\/\\\/s.w.org\\\/images\\\/core\\\/emoji\\\/16.0.1\\\/svg\\\/1f4ca.svg\",\"contentUrl\":\"https:\\\/\\\/s.w.org\\\/images\\\/core\\\/emoji\\\/16.0.1\\\/svg\\\/1f4ca.svg\"},{\"@type\":\"BreadcrumbList\",\"@id\":\"https:\\\/\\\/twind.io\\\/es\\\/calculadora-roi-twind\\\/#breadcrumb\",\"itemListElement\":[{\"@type\":\"ListItem\",\"position\":1,\"name\":\"Portada\",\"item\":\"https:\\\/\\\/twind.io\\\/es\\\/\"},{\"@type\":\"ListItem\",\"position\":2,\"name\":\"Calculadora ROI Twind\"}]},{\"@type\":\"WebSite\",\"@id\":\"https:\\\/\\\/twind.io\\\/es\\\/#website\",\"url\":\"https:\\\/\\\/twind.io\\\/es\\\/\",\"name\":\"Twind - Plataforma de Coordinaci\u00f3n de Actividades Empresariales\",\"description\":\"Coordina los procesos de gesti\u00f3n documental y control de contratistas y proveedores, respetando la normativa en materia de Seguridad y Salud en el Trabajo.\",\"potentialAction\":[{\"@type\":\"SearchAction\",\"target\":{\"@type\":\"EntryPoint\",\"urlTemplate\":\"https:\\\/\\\/twind.io\\\/es\\\/?s={search_term_string}\"},\"query-input\":{\"@type\":\"PropertyValueSpecification\",\"valueRequired\":true,\"valueName\":\"search_term_string\"}}],\"inLanguage\":\"es\"}]}<\/script>\n<!-- \/ Yoast SEO plugin. -->","yoast_head_json":{"title":"Calculadora ROI - Calcula el Retorno de Inversi\u00f3n con Twind","description":"Prueba nuestra calculadora y descubre el Retorno de Inversi\u00f3n en tu Gesti\u00f3n de Contratistas utilizando nuestra plataforma Twind","robots":{"index":"noindex","follow":"nofollow"},"og_locale":"es_ES","og_type":"article","og_title":"Calculadora ROI - Calcula el Retorno de Inversi\u00f3n con Twind","og_description":"Prueba nuestra calculadora y descubre el Retorno de Inversi\u00f3n en tu Gesti\u00f3n de Contratistas utilizando nuestra plataforma Twind","og_url":"https:\/\/twind.io\/es\/calculadora-roi-twind\/","og_site_name":"Twind - Plataforma de Coordinaci\u00f3n de Actividades Empresariales","article_modified_time":"2025-12-02T09:57:49+00:00","og_image":[{"url":"https:\/\/s.w.org\/images\/core\/emoji\/16.0.1\/svg\/1f4ca.svg","type":"","width":"","height":""}],"twitter_card":"summary_large_image","twitter_misc":{"Tiempo de lectura":"2 minutos"},"schema":{"@context":"https:\/\/schema.org","@graph":[{"@type":"WebPage","@id":"https:\/\/twind.io\/es\/calculadora-roi-twind\/","url":"https:\/\/twind.io\/es\/calculadora-roi-twind\/","name":"Calculadora ROI - Calcula el Retorno de Inversi\u00f3n con Twind","isPartOf":{"@id":"https:\/\/twind.io\/es\/#website"},"primaryImageOfPage":{"@id":"https:\/\/twind.io\/es\/calculadora-roi-twind\/#primaryimage"},"image":{"@id":"https:\/\/twind.io\/es\/calculadora-roi-twind\/#primaryimage"},"thumbnailUrl":"https:\/\/s.w.org\/images\/core\/emoji\/16.0.1\/svg\/1f4ca.svg","datePublished":"2025-10-23T11:11:54+00:00","dateModified":"2025-12-02T09:57:49+00:00","description":"Prueba nuestra calculadora y descubre el Retorno de Inversi\u00f3n en tu Gesti\u00f3n de Contratistas utilizando nuestra plataforma Twind","breadcrumb":{"@id":"https:\/\/twind.io\/es\/calculadora-roi-twind\/#breadcrumb"},"inLanguage":"es","potentialAction":[{"@type":"ReadAction","target":["https:\/\/twind.io\/es\/calculadora-roi-twind\/"]}]},{"@type":"ImageObject","inLanguage":"es","@id":"https:\/\/twind.io\/es\/calculadora-roi-twind\/#primaryimage","url":"https:\/\/s.w.org\/images\/core\/emoji\/16.0.1\/svg\/1f4ca.svg","contentUrl":"https:\/\/s.w.org\/images\/core\/emoji\/16.0.1\/svg\/1f4ca.svg"},{"@type":"BreadcrumbList","@id":"https:\/\/twind.io\/es\/calculadora-roi-twind\/#breadcrumb","itemListElement":[{"@type":"ListItem","position":1,"name":"Portada","item":"https:\/\/twind.io\/es\/"},{"@type":"ListItem","position":2,"name":"Calculadora ROI Twind"}]},{"@type":"WebSite","@id":"https:\/\/twind.io\/es\/#website","url":"https:\/\/twind.io\/es\/","name":"Twind - Plataforma de Coordinaci\u00f3n de Actividades Empresariales","description":"Coordina los procesos de gesti\u00f3n documental y control de contratistas y proveedores, respetando la normativa en materia de Seguridad y Salud en el Trabajo.","potentialAction":[{"@type":"SearchAction","target":{"@type":"EntryPoint","urlTemplate":"https:\/\/twind.io\/es\/?s={search_term_string}"},"query-input":{"@type":"PropertyValueSpecification","valueRequired":true,"valueName":"search_term_string"}}],"inLanguage":"es"}]}},"_links":{"self":[{"href":"https:\/\/twind.io\/es\/wp-json\/wp\/v2\/pages\/36912","targetHints":{"allow":["GET"]}}],"collection":[{"href":"https:\/\/twind.io\/es\/wp-json\/wp\/v2\/pages"}],"about":[{"href":"https:\/\/twind.io\/es\/wp-json\/wp\/v2\/types\/page"}],"author":[{"embeddable":true,"href":"https:\/\/twind.io\/es\/wp-json\/wp\/v2\/users\/1"}],"replies":[{"embeddable":true,"href":"https:\/\/twind.io\/es\/wp-json\/wp\/v2\/comments?post=36912"}],"version-history":[{"count":69,"href":"https:\/\/twind.io\/es\/wp-json\/wp\/v2\/pages\/36912\/revisions"}],"predecessor-version":[{"id":37791,"href":"https:\/\/twind.io\/es\/wp-json\/wp\/v2\/pages\/36912\/revisions\/37791"}],"wp:attachment":[{"href":"https:\/\/twind.io\/es\/wp-json\/wp\/v2\/media?parent=36912"}],"curies":[{"name":"wp","href":"https:\/\/api.w.org\/{rel}","templated":true}]}}