{"id":37011,"date":"2025-11-03T16:11:09","date_gmt":"2025-11-03T16:11:09","guid":{"rendered":"https:\/\/twind.io\/es\/?page_id=37011"},"modified":"2025-12-18T07:25:02","modified_gmt":"2025-12-18T07:25:02","slug":"webinar-tendencias-2026-en-sst","status":"publish","type":"page","link":"https:\/\/twind.io\/es\/webinar-tendencias-2026-en-sst\/","title":{"rendered":"Webinar Tendencias de SST y gesti\u00f3n de contratistas en 2026"},"content":{"rendered":"<p><span style=\"\"><img loading=\"lazy\" decoding=\"async\" alt=\"\" data-id=\"36596\" width=\"456\" data-init-width=\"750\" height=\"56\" data-init-height=\"92\" title=\"\" src=\"https:\/\/twind.io\/es\/wp-content\/uploads\/2025\/10\/logos-grupo-ctaima.png\" data-width=\"456\" data-height=\"56\" style=\"aspect-ratio: auto 750 \/ 92;\" mt-d=\"-0.5313000000000017\" ml-d=\"0\" center-v-d=\"false\"><\/span><\/p>\n<p style=\"\">Webinar exclusivo<\/p>\n<p style=\"\">\n<p style=\"text-align: left;\"><span style=\"\"><span style=\"\">Tendencias y nuevas regulaciones que transformar\u00e1n la SST en 2026<\/span><\/span><span style=\"\"><span style=\"\"><\/span><\/span><\/p>\n<p style=\"\"><em><span style=\"font-weight: normal;\">Grabaci\u00f3n disponible<\/span><\/em><\/p>\n<p style=\"\">\n<p><span><img loading=\"lazy\" decoding=\"async\" alt=\"\" data-id=\"37030\" width=\"450\" data-init-width=\"1884\" height=\"226\" data-init-height=\"946\" title=\"SSt -EHS\" src=\"https:\/\/twind.io\/es\/wp-content\/uploads\/2025\/11\/Risorsa-13.png\" data-width=\"450\" data-height=\"226\" style=\"aspect-ratio: auto 1884 \/ 946;\"><\/span>\n\t\t\t\t\t\t<script>\n\t\t\t\t\t\t\twindow.hsFormsOnReady = window.hsFormsOnReady || [];\n\t\t\t\t\t\t\twindow.hsFormsOnReady.push(()=>{\n\t\t\t\t\t\t\t\thbspt.forms.create({\n\t\t\t\t\t\t\t\t\tportalId: 146424663,\n\t\t\t\t\t\t\t\t\tformId: \"3061f247-41e9-4b4e-a798-cccc4302ac28\",\n\t\t\t\t\t\t\t\t\ttarget: \"#hbspt-form-1775338855000-4509480854\",\n\t\t\t\t\t\t\t\t\tregion: \"eu1\",\n\t\t\t\t\t\t\t\t\t\n\t\t\t\t\t\t\t})});\n\t\t\t\t\t\t<\/script>\n\t\t\t\t\t\t<div class=\"hbspt-form\" id=\"hbspt-form-1775338855000-4509480854\"><\/div>\n<p style=\"\"><span><strong>Prep\u00e1rate para lo que viene: Descubre c\u00f3mo anticiparte a los nuevos retos en cumplimiento, sostenibilidad y gesti\u00f3n de riesgos<\/strong><\/span><\/p>\n<p style=\"\"><span style=\"\"><strong><span style=\"\">\u00bfEst\u00e1s realmente preparado para este nuevo paradigma?<\/span><\/strong><\/span><\/p>\n<p><span>El rol del experto en PRL ya no es solo prevenir riesgos. Hoy se espera que tambi\u00e9n garantices cumplimiento normativo, sostenibilidad operativa, resiliencia reputacional\u2026 y lo hagas con evidencias digitales, en entornos cada vez m\u00e1s complejos y fiscalizados.Este webinar te ofrece<strong>&nbsp;una mirada clara y estrat\u00e9gica sobre los cambios que marcar\u00e1n la Seguridad y Salud en el Trabajo y la gesti\u00f3n de contratistas en 2026.<\/strong> No es teor\u00eda: es lo que ya est\u00e1 ocurriendo en empresas l\u00edderes, y lo que t\u00fa tambi\u00e9n deber\u00edas estar integrando cuanto antes.<\/span><\/p>\n<p style=\"\"><span style=\"\"><strong><span style=\"\">Qu\u00e9 vas a aprender&nbsp;<\/span><\/strong><\/span><\/p>\n<ul>\n<li>Las<strong> 5 grandes tendencias<\/strong> que transformar\u00e1n la prevenci\u00f3n y la gesti\u00f3n de contratistas en los pr\u00f3ximos a\u00f1os.<\/li>\n<li>Qu\u00e9 implican <strong>nuevas regulaciones como la CSRD, CSDDD o EUDR,<\/strong> y c\u00f3mo prepararte para cumplir con sus exigencias (sin ahogarte en burocracia).<\/li>\n<li>C\u00f3mo <strong>adaptar tus sistemas para generar evidencias digitales<\/strong>, auditables y actualizadas.<\/li>\n<li>Por qu\u00e9 el <strong>prevencionista debe posicionarse como actor estrat\u00e9gico<\/strong>, con impacto directo en la sostenibilidad, el cumplimiento y la continuidad operativa.<\/li>\n<li><strong>Casos reales Telef\u00f3nica y Expedia<\/strong>: Empresas que ya est\u00e1n haciendo este cambio y c\u00f3mo lo est\u00e1n gestionando internamente.<\/li>\n<\/ul>\n<p style=\"\"><span style=\"\"><strong><span style=\"\">\u00bfPara qui\u00e9n?<\/span><\/strong><\/span><\/p>\n<p><span>Direcciones y responsables de HSE\/QHSE, Operaciones, Planta, Facility Management y RRHH que deben cumplir con est\u00e1ndares exigentes de seguridad, compliance, normativas internacionales y objetivos de sostenibilidad.<\/span><\/p>\n<\/p>\n<p style=\"\"><span style=\"\"><strong><span style=\"\"><img decoding=\"async\" role=\"img\" alt=\"\ud83c\udfa4\" src=\"https:\/\/s.w.org\/images\/core\/emoji\/17.0.2\/svg\/1f3a4.svg\"> Mesa redonda: De la teor\u00eda a la pr\u00e1ctica<\/span><\/strong><\/span><\/p>\n<p><span>Tras la ponencia de apertura, daremos paso al panel de expertos <em><strong>\u201cDe la teor\u00eda a la pr\u00e1ctica\u201d<\/strong><\/em>.<\/span><\/p>\n<\/p>\n<p><span>Un espacio donde profundizaremos en c\u00f3mo algunas de las empresas m\u00e1s exigentes ya est\u00e1n enfrentando este cambio de paradigma con soluciones concretas.Nuestros panelistas invitados:<strong>&#8211; Manuel Crespo:<\/strong> Chief Compliance Officer, Telef\u00f3nica<strong>&#8211; Mayte Mart\u00ednez:<\/strong> Health &amp; Safety Manager EMEA, ExpediaCompartir\u00e1n c\u00f3mo est\u00e1n gestionando desaf\u00edos como la trazabilidad, el control de riesgos y la colaboraci\u00f3n transversal en sus organizaciones.&nbsp;<\/span><\/p>\n<\/p>\n<p style=\"\"><a href=\"#tve-jump-19a4e847df8\" style=\"outline: none;\" spellcheck=\"false\"><span style=\"\"><strong><span style=\"\">Reg\u00edstrate gratis: Podr\u00e1s participar del vivo o acceder on demand<\/span><\/strong><\/span><\/a>&nbsp;<\/p>\n<p style=\"\"><span data-ccp-props=\"{&quot;201341983&quot;:0,&quot;335559739&quot;:160,&quot;335559740&quot;:259}\" style=\"\"><strong><strong>Panel de expertos:<\/strong><\/strong><\/span><\/p>\n<p><span style=\"\"><img loading=\"lazy\" decoding=\"async\" alt=\"\" data-id=\"37027\" width=\"121\" data-init-width=\"531\" height=\"140\" data-init-height=\"615\" title=\"Profile photo of Mayte Martinez\" src=\"https:\/\/twind.io\/es\/wp-content\/uploads\/2025\/11\/Profile-photo-of-Mayte-Martinez-e1762255226845.png\" data-width=\"121\" data-height=\"140\" style=\"aspect-ratio: auto 531 \/ 615;\" mt-d=\"-1.281000000000006\" ml-d=\"0\" center-v-d=\"false\" mt-t=\"-7.391000000000005\" ml-t=\"0\" center-h-d=\"false\" mt-m=\"-1.1089999999999947\" ml-m=\"0\"><\/span><\/p>\n<p style=\"text-align: left;\"><span data-ccp-props=\"{&quot;201341983&quot;:0,&quot;335559739&quot;:160,&quot;335559740&quot;:259}\" style=\"\"><strong><span style=\"--tcb-applied-color: var$(--tcb-skin-color-0) !important; color: var(--tcb-skin-color-0) !important;\">Mayte Mart\u00ednez<\/span><\/strong><\/span><\/p>\n<p style=\"text-align: left;\"><span data-ccp-props=\"{&quot;201341983&quot;:0,&quot;335559739&quot;:160,&quot;335559740&quot;:259}\" style=\"\">Health &amp; Safety Manager EMEA<strong>Expedia<\/strong><\/span><\/p>\n<p><span style=\"\"><img loading=\"lazy\" decoding=\"async\" alt=\"\" data-id=\"37026\" width=\"121\" data-init-width=\"625\" height=\"141\" data-init-height=\"729\" title=\"Manuel Crespo de la Mata\" src=\"https:\/\/twind.io\/es\/wp-content\/uploads\/2025\/11\/Profile-photo-of-Manuel-Crespo-de-la-Mata-e1762255185906.png\" data-width=\"121\" data-height=\"141\" style=\"aspect-ratio: auto 625 \/ 729;\" mt-d=\"-1.281000000000006\" ml-d=\"0\" center-v-d=\"false\" mt-t=\"-7.391000000000005\" ml-t=\"0\" center-h-d=\"false\" mt-m=\"-1.1089999999999947\" ml-m=\"0\"><\/span><\/p>\n<p style=\"text-align: left;\"><span data-ccp-props=\"{&quot;201341983&quot;:0,&quot;335559739&quot;:160,&quot;335559740&quot;:259}\"><strong><span style=\"--tcb-applied-color: var$(--tcb-skin-color-0) !important; color: var(--tcb-skin-color-0) !important;\">Manuel Crespo de la Mata<\/span><\/strong><\/span><\/p>\n<p style=\"text-align: left;\"><span data-ccp-props=\"{&quot;201341983&quot;:0,&quot;335559739&quot;:160,&quot;335559740&quot;:259}\">Chief Compliance Officer<strong>Telef\u00f3nica<\/strong><\/span><\/p>\n<p style=\"\"><span data-ccp-props=\"{&quot;201341983&quot;:0,&quot;335559739&quot;:160,&quot;335559740&quot;:259}\" style=\"\"><strong><strong>Conducido por:<\/strong><\/strong><\/span><\/p>\n<p><span style=\"\"><img loading=\"lazy\" decoding=\"async\" alt=\"\" data-id=\"36116\" width=\"123\" data-init-width=\"326\" height=\"123\" data-init-height=\"325\" title=\"Mask group-1\" src=\"https:\/\/twind.io\/es\/wp-content\/uploads\/2025\/07\/Mask-group-1.png\" data-width=\"123\" data-height=\"123\" style=\"aspect-ratio: auto 326 \/ 325;\" mt-d=\"0\" ml-d=\"0\" center-v-d=\"false\" mt-t=\"-7.391000000000005\" ml-t=\"0\" center-h-d=\"false\" mt-m=\"0\" ml-m=\"-7.688000000000002\"><\/span><\/p>\n<p style=\"text-align: left;\"><span data-ccp-props=\"{&quot;201341983&quot;:0,&quot;335559739&quot;:160,&quot;335559740&quot;:259}\" style=\"\"><strong><span style=\"--tcb-applied-color: var$(--tcb-skin-color-0) !important; color: var(--tcb-skin-color-0) !important;\">Enrique Escolar-Noriega<\/span><\/strong><\/span><\/p>\n<p style=\"text-align: left;\"><span data-ccp-props=\"{&quot;201341983&quot;:0,&quot;335559739&quot;:160,&quot;335559740&quot;:259}\" style=\"\"><span data-contrast=\"auto\" lang=\"PT-PT\" style=\"\">Head of Int. Growth<\/span><\/span><\/p>\n<p style=\"text-align: left;\"><span data-ccp-props=\"{&quot;201341983&quot;:0,&quot;335559739&quot;:160,&quot;335559740&quot;:259}\" style=\"\">CTAIMA<\/span><\/p>\n<p style=\"text-align: center;\">Ponentes del Congreso Prevencionar 2025<\/p>\n<h3 style=\"text-align: center;\"><\/h3>\n","protected":false},"excerpt":{"rendered":"<p>Webinar exclusivo Tendencias y nuevas regulaciones que transformar\u00e1n la SST en 2026 Grabaci\u00f3n disponible Prep\u00e1rate para lo que viene: Descubre c\u00f3mo anticiparte a los nuevos retos en cumplimiento, sostenibilidad y gesti\u00f3n de riesgos \u00bfEst\u00e1s realmente preparado para este nuevo paradigma? El rol del experto en PRL ya no es solo prevenir riesgos. Hoy se espera [&hellip;]<\/p>\n","protected":false},"author":1,"featured_media":0,"parent":0,"menu_order":0,"comment_status":"closed","ping_status":"closed","template":"","meta":{"content-type":"","footnotes":""},"class_list":["post-37011","page","type-page","status-publish","hentry","post-wrapper","thrv_wrapper"],"yoast_head":"<!-- This site is optimized with the Yoast SEO plugin v27.3 - https:\/\/yoast.com\/product\/yoast-seo-wordpress\/ -->\n<title>Webinar Tendencias 2026 en Seguridad y Salud en el Trabajo<\/title>\n<meta name=\"description\" content=\"Webinar gratuito sobre tendencias y nuevas exigencias regulatorias globales, que transformar\u00e1n la Seguridad y Salud en el Trabajo en 2026. Prepara tu estrategia HSE.\" \/>\n<meta name=\"robots\" content=\"index, nofollow, max-snippet:-1, max-image-preview:large, max-video-preview:-1\" \/>\n<link rel=\"canonical\" href=\"https:\/\/twind.io\/es\/webinar-tendencias-2026-en-sst\/\" \/>\n<meta property=\"og:locale\" content=\"es_ES\" \/>\n<meta property=\"og:type\" content=\"article\" \/>\n<meta property=\"og:title\" content=\"Webinar Tendencias 2026 en Seguridad y Salud en el Trabajo\" \/>\n<meta property=\"og:description\" content=\"Webinar gratuito sobre tendencias y nuevas exigencias regulatorias globales, que transformar\u00e1n la Seguridad y Salud en el Trabajo en 2026. Prepara tu estrategia HSE.\" \/>\n<meta property=\"og:url\" content=\"https:\/\/twind.io\/es\/webinar-tendencias-2026-en-sst\/\" \/>\n<meta property=\"og:site_name\" content=\"Twind - Plataforma de Coordinaci\u00f3n de Actividades Empresariales\" \/>\n<meta property=\"article:modified_time\" content=\"2025-12-18T07:25:02+00:00\" \/>\n<meta property=\"og:image\" content=\"https:\/\/twind.io\/es\/wp-content\/uploads\/2025\/10\/logos-grupo-ctaima.png\" \/>\n<meta name=\"twitter:card\" content=\"summary_large_image\" \/>\n<meta name=\"twitter:label1\" content=\"Tiempo de lectura\" \/>\n\t<meta name=\"twitter:data1\" content=\"3 minutos\" \/>\n<script type=\"application\/ld+json\" class=\"yoast-schema-graph\">{\"@context\":\"https:\\\/\\\/schema.org\",\"@graph\":[{\"@type\":\"WebPage\",\"@id\":\"https:\\\/\\\/twind.io\\\/es\\\/webinar-tendencias-2026-en-sst\\\/\",\"url\":\"https:\\\/\\\/twind.io\\\/es\\\/webinar-tendencias-2026-en-sst\\\/\",\"name\":\"Webinar Tendencias 2026 en Seguridad y Salud en el Trabajo\",\"isPartOf\":{\"@id\":\"https:\\\/\\\/twind.io\\\/es\\\/#website\"},\"primaryImageOfPage\":{\"@id\":\"https:\\\/\\\/twind.io\\\/es\\\/webinar-tendencias-2026-en-sst\\\/#primaryimage\"},\"image\":{\"@id\":\"https:\\\/\\\/twind.io\\\/es\\\/webinar-tendencias-2026-en-sst\\\/#primaryimage\"},\"thumbnailUrl\":\"https:\\\/\\\/twind.io\\\/es\\\/wp-content\\\/uploads\\\/2025\\\/10\\\/logos-grupo-ctaima.png\",\"datePublished\":\"2025-11-03T16:11:09+00:00\",\"dateModified\":\"2025-12-18T07:25:02+00:00\",\"description\":\"Webinar gratuito sobre tendencias y nuevas exigencias regulatorias globales, que transformar\u00e1n la Seguridad y Salud en el Trabajo en 2026. Prepara tu estrategia HSE.\",\"breadcrumb\":{\"@id\":\"https:\\\/\\\/twind.io\\\/es\\\/webinar-tendencias-2026-en-sst\\\/#breadcrumb\"},\"inLanguage\":\"es\",\"potentialAction\":[{\"@type\":\"ReadAction\",\"target\":[\"https:\\\/\\\/twind.io\\\/es\\\/webinar-tendencias-2026-en-sst\\\/\"]}]},{\"@type\":\"ImageObject\",\"inLanguage\":\"es\",\"@id\":\"https:\\\/\\\/twind.io\\\/es\\\/webinar-tendencias-2026-en-sst\\\/#primaryimage\",\"url\":\"https:\\\/\\\/twind.io\\\/es\\\/wp-content\\\/uploads\\\/2025\\\/10\\\/logos-grupo-ctaima.png\",\"contentUrl\":\"https:\\\/\\\/twind.io\\\/es\\\/wp-content\\\/uploads\\\/2025\\\/10\\\/logos-grupo-ctaima.png\",\"width\":750,\"height\":92},{\"@type\":\"BreadcrumbList\",\"@id\":\"https:\\\/\\\/twind.io\\\/es\\\/webinar-tendencias-2026-en-sst\\\/#breadcrumb\",\"itemListElement\":[{\"@type\":\"ListItem\",\"position\":1,\"name\":\"Portada\",\"item\":\"https:\\\/\\\/twind.io\\\/es\\\/\"},{\"@type\":\"ListItem\",\"position\":2,\"name\":\"Webinar Tendencias de SST y gesti\u00f3n de contratistas en 2026\"}]},{\"@type\":\"WebSite\",\"@id\":\"https:\\\/\\\/twind.io\\\/es\\\/#website\",\"url\":\"https:\\\/\\\/twind.io\\\/es\\\/\",\"name\":\"Twind - Plataforma de Coordinaci\u00f3n de Actividades Empresariales\",\"description\":\"Coordina los procesos de gesti\u00f3n documental y control de contratistas y proveedores, respetando la normativa en materia de Seguridad y Salud en el Trabajo.\",\"potentialAction\":[{\"@type\":\"SearchAction\",\"target\":{\"@type\":\"EntryPoint\",\"urlTemplate\":\"https:\\\/\\\/twind.io\\\/es\\\/?s={search_term_string}\"},\"query-input\":{\"@type\":\"PropertyValueSpecification\",\"valueRequired\":true,\"valueName\":\"search_term_string\"}}],\"inLanguage\":\"es\"}]}<\/script>\n<!-- \/ Yoast SEO plugin. -->","yoast_head_json":{"title":"Webinar Tendencias 2026 en Seguridad y Salud en el Trabajo","description":"Webinar gratuito sobre tendencias y nuevas exigencias regulatorias globales, que transformar\u00e1n la Seguridad y Salud en el Trabajo en 2026. Prepara tu estrategia HSE.","robots":{"index":"index","follow":"nofollow","max-snippet":"max-snippet:-1","max-image-preview":"max-image-preview:large","max-video-preview":"max-video-preview:-1"},"canonical":"https:\/\/twind.io\/es\/webinar-tendencias-2026-en-sst\/","og_locale":"es_ES","og_type":"article","og_title":"Webinar Tendencias 2026 en Seguridad y Salud en el Trabajo","og_description":"Webinar gratuito sobre tendencias y nuevas exigencias regulatorias globales, que transformar\u00e1n la Seguridad y Salud en el Trabajo en 2026. Prepara tu estrategia HSE.","og_url":"https:\/\/twind.io\/es\/webinar-tendencias-2026-en-sst\/","og_site_name":"Twind - Plataforma de Coordinaci\u00f3n de Actividades Empresariales","article_modified_time":"2025-12-18T07:25:02+00:00","og_image":[{"url":"https:\/\/twind.io\/es\/wp-content\/uploads\/2025\/10\/logos-grupo-ctaima.png","type":"","width":"","height":""}],"twitter_card":"summary_large_image","twitter_misc":{"Tiempo de lectura":"3 minutos"},"schema":{"@context":"https:\/\/schema.org","@graph":[{"@type":"WebPage","@id":"https:\/\/twind.io\/es\/webinar-tendencias-2026-en-sst\/","url":"https:\/\/twind.io\/es\/webinar-tendencias-2026-en-sst\/","name":"Webinar Tendencias 2026 en Seguridad y Salud en el Trabajo","isPartOf":{"@id":"https:\/\/twind.io\/es\/#website"},"primaryImageOfPage":{"@id":"https:\/\/twind.io\/es\/webinar-tendencias-2026-en-sst\/#primaryimage"},"image":{"@id":"https:\/\/twind.io\/es\/webinar-tendencias-2026-en-sst\/#primaryimage"},"thumbnailUrl":"https:\/\/twind.io\/es\/wp-content\/uploads\/2025\/10\/logos-grupo-ctaima.png","datePublished":"2025-11-03T16:11:09+00:00","dateModified":"2025-12-18T07:25:02+00:00","description":"Webinar gratuito sobre tendencias y nuevas exigencias regulatorias globales, que transformar\u00e1n la Seguridad y Salud en el Trabajo en 2026. Prepara tu estrategia HSE.","breadcrumb":{"@id":"https:\/\/twind.io\/es\/webinar-tendencias-2026-en-sst\/#breadcrumb"},"inLanguage":"es","potentialAction":[{"@type":"ReadAction","target":["https:\/\/twind.io\/es\/webinar-tendencias-2026-en-sst\/"]}]},{"@type":"ImageObject","inLanguage":"es","@id":"https:\/\/twind.io\/es\/webinar-tendencias-2026-en-sst\/#primaryimage","url":"https:\/\/twind.io\/es\/wp-content\/uploads\/2025\/10\/logos-grupo-ctaima.png","contentUrl":"https:\/\/twind.io\/es\/wp-content\/uploads\/2025\/10\/logos-grupo-ctaima.png","width":750,"height":92},{"@type":"BreadcrumbList","@id":"https:\/\/twind.io\/es\/webinar-tendencias-2026-en-sst\/#breadcrumb","itemListElement":[{"@type":"ListItem","position":1,"name":"Portada","item":"https:\/\/twind.io\/es\/"},{"@type":"ListItem","position":2,"name":"Webinar Tendencias de SST y gesti\u00f3n de contratistas en 2026"}]},{"@type":"WebSite","@id":"https:\/\/twind.io\/es\/#website","url":"https:\/\/twind.io\/es\/","name":"Twind - Plataforma de Coordinaci\u00f3n de Actividades Empresariales","description":"Coordina los procesos de gesti\u00f3n documental y control de contratistas y proveedores, respetando la normativa en materia de Seguridad y Salud en el Trabajo.","potentialAction":[{"@type":"SearchAction","target":{"@type":"EntryPoint","urlTemplate":"https:\/\/twind.io\/es\/?s={search_term_string}"},"query-input":{"@type":"PropertyValueSpecification","valueRequired":true,"valueName":"search_term_string"}}],"inLanguage":"es"}]}},"_links":{"self":[{"href":"https:\/\/twind.io\/es\/wp-json\/wp\/v2\/pages\/37011","targetHints":{"allow":["GET"]}}],"collection":[{"href":"https:\/\/twind.io\/es\/wp-json\/wp\/v2\/pages"}],"about":[{"href":"https:\/\/twind.io\/es\/wp-json\/wp\/v2\/types\/page"}],"author":[{"embeddable":true,"href":"https:\/\/twind.io\/es\/wp-json\/wp\/v2\/users\/1"}],"replies":[{"embeddable":true,"href":"https:\/\/twind.io\/es\/wp-json\/wp\/v2\/comments?post=37011"}],"version-history":[{"count":22,"href":"https:\/\/twind.io\/es\/wp-json\/wp\/v2\/pages\/37011\/revisions"}],"predecessor-version":[{"id":37842,"href":"https:\/\/twind.io\/es\/wp-json\/wp\/v2\/pages\/37011\/revisions\/37842"}],"wp:attachment":[{"href":"https:\/\/twind.io\/es\/wp-json\/wp\/v2\/media?parent=37011"}],"curies":[{"name":"wp","href":"https:\/\/api.w.org\/{rel}","templated":true}]}}