{"id":37160,"date":"2025-11-07T10:19:01","date_gmt":"2025-11-07T10:19:01","guid":{"rendered":"https:\/\/twind.io\/es\/?page_id=37160"},"modified":"2026-02-09T13:45:03","modified_gmt":"2026-02-09T13:45:03","slug":"gestion-documental-contratistas","status":"publish","type":"page","link":"https:\/\/twind.io\/es\/gestion-documental-contratistas\/","title":{"rendered":"Gestionamos tu documentaci\u00f3n CAE"},"content":{"rendered":"<h1 style=\"text-align: center;\"><strong><span><span>Gestionamos tu <span>documentaci\u00f3n CAE<\/span> con todos tus clientes<\/span><\/span><\/strong><strong><span><\/span><\/strong><span> <\/span><\/h1>\n<h6 style=\"text-align: center;\"><span style=\"font-weight: normal;\"><span data-contrast=\"none\" lang=\"ES-ES\" style=\"\"><span data-ccp-parastyle=\"heading 2\" style=\"\">Tus accesos siempre al d\u00eda. Sin perder tiempo en plataformas.Nos encargamos de cargar y actualizar tu documentaci\u00f3n CAE donde lo necesites. Con firma digital para tus trabajadores y seguimiento en tiempo real desde nuestra app.<\/span><\/span><\/span><\/h6>\n<p style=\"text-align: center;\">Unimos a <strong>m\u00e1s de 180.000 contratistas y proveedores<\/strong> con <strong>3.500 empresas titulares<\/strong> en todo el mundo<strong><\/strong><\/p>\n<p><span><img decoding=\"async\" alt=\"Adidas\" data-id=\"254\" title=\"Adidas\" src=\"https:\/\/twind.io\/es\/wp-content\/uploads\/2023\/04\/1-adidas.svg\" data-width=\"135\" data-height=\"48\" height=\"48\" width=\"135\" loading=\"lazy\"><\/span><span><img decoding=\"async\" alt=\"Nestle\" data-id=\"256\" title=\"Nestle\" src=\"https:\/\/twind.io\/es\/wp-content\/uploads\/2023\/04\/3-nestle.svg\" data-width=\"135\" data-height=\"48\" height=\"48\" width=\"135\" loading=\"lazy\"><\/span><span><img decoding=\"async\" alt=\"Mercedes\" data-id=\"257\" title=\"Mercedes\" src=\"https:\/\/twind.io\/es\/wp-content\/uploads\/2023\/04\/4-mercedes-benz.svg\" data-width=\"135\" data-height=\"48\" height=\"48\" width=\"135\" loading=\"lazy\"><\/span><span><img decoding=\"async\" alt=\"Sodexo\" data-id=\"258\" title=\"Sodexo\" src=\"https:\/\/twind.io\/es\/wp-content\/uploads\/2023\/04\/5-sodexo.svg\" data-width=\"135\" data-height=\"48\" height=\"48\" width=\"135\" loading=\"lazy\"><\/span><span><img decoding=\"async\" alt=\"Nippon\" data-id=\"261\" title=\"Nippon\" src=\"https:\/\/twind.io\/es\/wp-content\/uploads\/2023\/04\/8-nippon-gases.svg\" data-width=\"135\" data-height=\"48\" height=\"48\" width=\"135\" loading=\"lazy\"><\/span><span><img decoding=\"async\" alt=\"Mango\" data-id=\"260\" title=\"Mango\" src=\"https:\/\/twind.io\/es\/wp-content\/uploads\/2023\/04\/7-mango.svg\" data-width=\"135\" data-height=\"48\" height=\"48\" width=\"135\" loading=\"lazy\"><\/span>  <\/p>\n<h3 style=\"\"><span style=\"color: rgb(26, 48, 55); --tcb-applied-color: rgb(228, 8, 127) !important;\">Lo que dicen de <\/span><span style=\"color: rgb(0, 227, 132) !important; --tcb-applied-color: rgb(0, 227, 132) !important;\">nosotros<\/span><\/h3>\n<p style=\"\"><em>\u201cHemos conseguido, no solo delegar la gesti\u00f3n documental, sino dormir tranquilos. Es un servicio que recomendar\u00eda 100%, por la buena organizaci\u00f3n, r\u00e1pida respuesta y responsabilidad.\u201d<\/em><\/p>\n<p style=\"\"><em><\/em><strong>Victoria Gaido Cerezo, Directora de Servicio al cliente en E<\/strong><strong>ventalista<\/strong><\/p>\n<h3 style=\"text-align: center;\">As\u00ed gestionamos la documentaci\u00f3n CAE por ti<\/h3>\n<p><!--! Font Awesome Free 6.7.1 by @fontawesome - https:\/\/fontawesome.com License - https:\/\/fontawesome.com\/license\/free (Icons: CC BY 4.0, Fonts: SIL OFL 1.1, Code: MIT License) Copyright 2024 Fonticons, Inc. --><\/p>\n<p style=\"\">Subimos tu documentaci\u00f3n CAE en representaci\u00f3n de tu empresa, sea cual sea el medio de coordinaci\u00f3n: plataformas o por email.&nbsp;<\/p>\n<p><strong> <\/strong><\/p>\n<p><!--! Font Awesome Free 6.7.1 by @fontawesome - https:\/\/fontawesome.com License - https:\/\/fontawesome.com\/license\/free (Icons: CC BY 4.0, Fonts: SIL OFL 1.1, Code: MIT License) Copyright 2024 Fonticons, Inc. --><\/p>\n<p style=\"\">Damos de alta a tus trabajadores y\/o maquinarias; y tambi\u00e9n gestionamos altas y documentaci\u00f3n de tus subcontratistas.<\/p>\n<p><strong> <\/strong><\/p>\n<p><!--! Font Awesome Free 6.7.1 by @fontawesome - https:\/\/fontawesome.com License - https:\/\/fontawesome.com\/license\/free (Icons: CC BY 4.0, Fonts: SIL OFL 1.1, Code: MIT License) Copyright 2024 Fonticons, Inc. --><\/p>\n<p style=\"\">Pedimos directamente la firma digital de plantillas y registros a tus trabajadores o responsables.<\/p>\n<p><strong> <\/strong><\/p>\n<p><!--! Font Awesome Free 6.7.1 by @fontawesome - https:\/\/fontawesome.com License - https:\/\/fontawesome.com\/license\/free (Icons: CC BY 4.0, Fonts: SIL OFL 1.1, Code: MIT License) Copyright 2024 Fonticons, Inc. --><\/p>\n<p style=\"\">Te avisamos cuando el acceso est\u00e1 aprobado, para que puedas planificar tus trabajos sin sorpresas de \u00faltima hora.<\/p>\n<p><strong> <\/strong><\/p>\n<p><!--! Font Awesome Free 6.7.1 by @fontawesome - https:\/\/fontawesome.com License - https:\/\/fontawesome.com\/license\/free (Icons: CC BY 4.0, Fonts: SIL OFL 1.1, Code: MIT License) Copyright 2024 Fonticons, Inc. --><\/p>\n<p style=\"\">Mantenemos la documentaci\u00f3n al d\u00eda y controlamos vencimientos en las plataformas de tus clientes m\u00e1s importantes.<\/p>\n<p><strong> <\/strong><\/p>\n<h2 style=\"text-align: center;\"><span style=\"font-weight: normal;\">Innovaci\u00f3n que transforma la gesti\u00f3n<\/span><\/h2>\n<h3 style=\"text-align: center;\">&nbsp;<strong><span style=\"\"><span style=\"--tcb-applied-color: rgb(0, 227, 132) !important; color: rgb(0, 227, 132) !important;\">Mucho m\u00e1s<\/span>&nbsp;<\/span>que subir documentos<\/strong><\/h3>\n<p style=\"text-align: center;\"><strong>Firma digital<\/strong><\/p>\n<p style=\"text-align: center;\">Llevamos la digitalizaci\u00f3n al siguiente nivel, para ayudarte a planificar mejor tus operaciones y garantizar los accesos en verde.<\/p>\n<p><span style=\"\"><img decoding=\"async\" alt=\"\" data-id=\"28409\" width=\"400\" data-init-width=\"648\" height=\"248\" data-init-height=\"401\" title=\"firma-aqui-documenta-1\" src=\"https:\/\/twind.io\/es\/wp-content\/uploads\/2025\/11\/firma-aqui-documenta-1.webp\" data-width=\"400\" data-height=\"248\" style=\"aspect-ratio: auto 648 \/ 401;\" mt-d=\"0\" ml-d=\"0\" center-v-d=\"false\" center-h-d=\"false\" mt-m=\"0\" ml-m=\"0\" loading=\"lazy\"><\/span><\/p>\n<p style=\"text-align: center;\"><strong>Panel de control e informes<\/strong><\/p>\n<p style=\"text-align: center;\">Accede a informes e indicadores de nuestro servicio. Sabr\u00e1s a qu\u00e9 dedicamos el tiempo.<\/p>\n<p style=\"text-align: center;\">\n<p><span style=\"\"><img decoding=\"async\" alt=\"\" data-id=\"28408\" width=\"400\" data-init-width=\"750\" height=\"252\" data-init-height=\"472\" title=\"dashboard-documenta-1-768x483\" src=\"https:\/\/twind.io\/es\/wp-content\/uploads\/2025\/11\/dashboard-documenta-1-768x483-1-e1702550602237.webp\" data-width=\"400\" data-height=\"252\" style=\"aspect-ratio: auto 750 \/ 472;\" mt-d=\"0\" ml-d=\"0\" center-v-d=\"false\" center-h-d=\"false\" mt-m=\"0\" ml-m=\"0\" loading=\"lazy\"><\/span><\/p>\n<p style=\"text-align: center; color: rgb(26, 48, 55) !important; --tcb-applied-color: rgb(26, 48, 55) !important;\"><strong>App de seguimiento<\/strong><\/p>\n<p style=\"text-align: center;\">Prioriza, planifica y controla en tiempo real, v\u00eda nuestra app <strong>Check&amp;Go<\/strong>, los accesos y el estado documental de tus trabajadores.<\/p>\n<h2 style=\"text-align: center;\"><strong>Lo que ganas al delegar la gesti\u00f3n documental con nosotros<\/strong><\/h2>\n<p style=\"\"><strong>Ahorra tiempo y dinero<\/strong><\/p>\n<p><strong> <\/strong><\/p>\n<p><!--! Font Awesome Free 6.7.1 by @fontawesome - https:\/\/fontawesome.com License - https:\/\/fontawesome.com\/license\/free (Icons: CC BY 4.0, Fonts: SIL OFL 1.1, Code: MIT License) Copyright 2024 Fonticons, Inc. --><\/p>\n<p style=\"\"><strong>Asegura el cumplimiento<\/strong><\/p>\n<p><strong> <\/strong><\/p>\n<p style=\"\"><strong>Transmite una imagen profesional<\/strong><\/p>\n<p><strong> <\/strong><\/p>\n<h3 style=\"\">\u00bfQuieres saber si podemos ayudar a tu empresa con la <span style=\"--tcb-applied-color: rgb(0, 227, 132) !important; color: rgb(0, 227, 132) !important;\">gesti\u00f3n documental CAE<\/span>?<\/h3>\n<p style=\"\">Rellena el formulario para contactar con nosotros, sin compromiso.&nbsp;<\/p>\n\n\t\t\t\t\t\t<script>\n\t\t\t\t\t\t\twindow.hsFormsOnReady = window.hsFormsOnReady || [];\n\t\t\t\t\t\t\twindow.hsFormsOnReady.push(()=>{\n\t\t\t\t\t\t\t\thbspt.forms.create({\n\t\t\t\t\t\t\t\t\tportalId: 146424663,\n\t\t\t\t\t\t\t\t\tformId: \"9981d18f-9910-4efc-af92-1f6ba33c494c\",\n\t\t\t\t\t\t\t\t\ttarget: \"#hbspt-form-1775315539000-0215668534\",\n\t\t\t\t\t\t\t\t\tregion: \"eu1\",\n\t\t\t\t\t\t\t\t\t\n\t\t\t\t\t\t\t})});\n\t\t\t\t\t\t<\/script>\n\t\t\t\t\t\t<div class=\"hbspt-form\" id=\"hbspt-form-1775315539000-0215668534\"><\/div>\n","protected":false},"excerpt":{"rendered":"<p>Gestionamos tu documentaci\u00f3n CAE con todos tus clientes Tus accesos siempre al d\u00eda. Sin perder tiempo en plataformas.Nos encargamos de cargar y actualizar tu documentaci\u00f3n CAE donde lo necesites. Con firma digital para tus trabajadores y seguimiento en tiempo real desde nuestra app. Unimos a m\u00e1s de 180.000 contratistas y proveedores con 3.500 empresas titulares [&hellip;]<\/p>\n","protected":false},"author":1,"featured_media":0,"parent":0,"menu_order":0,"comment_status":"closed","ping_status":"closed","template":"","meta":{"content-type":"","footnotes":""},"class_list":["post-37160","page","type-page","status-publish","hentry","post-wrapper","thrv_wrapper"],"yoast_head":"<!-- This site is optimized with the Yoast SEO plugin v27.3 - https:\/\/yoast.com\/product\/yoast-seo-wordpress\/ -->\n<title>Gesti\u00f3n de documentaci\u00f3n CAE de contratistas | Twind<\/title>\n<meta name=\"description\" content=\"Subimos la documentaci\u00f3n CAE por ti a tus clientes, para que tengas el acceso siempre en verde en sus instalaciones.\" \/>\n<meta name=\"robots\" content=\"index, follow, max-snippet:-1, max-image-preview:large, max-video-preview:-1\" \/>\n<link rel=\"canonical\" href=\"https:\/\/twind.io\/es\/gestion-documental-contratistas\/\" \/>\n<meta property=\"og:locale\" content=\"es_ES\" \/>\n<meta property=\"og:type\" content=\"article\" \/>\n<meta property=\"og:title\" content=\"Gesti\u00f3n de documentaci\u00f3n CAE de contratistas | Twind\" \/>\n<meta property=\"og:description\" content=\"Subimos la documentaci\u00f3n CAE por ti a tus clientes, para que tengas el acceso siempre en verde en sus instalaciones.\" \/>\n<meta property=\"og:url\" content=\"https:\/\/twind.io\/es\/gestion-documental-contratistas\/\" \/>\n<meta property=\"og:site_name\" content=\"Twind - Plataforma de Coordinaci\u00f3n de Actividades Empresariales\" \/>\n<meta property=\"article:modified_time\" content=\"2026-02-09T13:45:03+00:00\" \/>\n<meta property=\"og:image\" content=\"https:\/\/twind.io\/es\/wp-content\/uploads\/2023\/04\/1-adidas.svg\" \/>\n<meta name=\"twitter:card\" content=\"summary_large_image\" \/>\n<meta name=\"twitter:label1\" content=\"Tiempo de lectura\" \/>\n\t<meta name=\"twitter:data1\" content=\"5 minutos\" \/>\n<script type=\"application\/ld+json\" class=\"yoast-schema-graph\">{\"@context\":\"https:\\\/\\\/schema.org\",\"@graph\":[{\"@type\":\"WebPage\",\"@id\":\"https:\\\/\\\/twind.io\\\/es\\\/gestion-documental-contratistas\\\/\",\"url\":\"https:\\\/\\\/twind.io\\\/es\\\/gestion-documental-contratistas\\\/\",\"name\":\"Gesti\u00f3n de documentaci\u00f3n CAE de contratistas | Twind\",\"isPartOf\":{\"@id\":\"https:\\\/\\\/twind.io\\\/es\\\/#website\"},\"primaryImageOfPage\":{\"@id\":\"https:\\\/\\\/twind.io\\\/es\\\/gestion-documental-contratistas\\\/#primaryimage\"},\"image\":{\"@id\":\"https:\\\/\\\/twind.io\\\/es\\\/gestion-documental-contratistas\\\/#primaryimage\"},\"thumbnailUrl\":\"https:\\\/\\\/twind.io\\\/es\\\/wp-content\\\/uploads\\\/2023\\\/04\\\/1-adidas.svg\",\"datePublished\":\"2025-11-07T10:19:01+00:00\",\"dateModified\":\"2026-02-09T13:45:03+00:00\",\"description\":\"Subimos la documentaci\u00f3n CAE por ti a tus clientes, para que tengas el acceso siempre en verde en sus instalaciones.\",\"breadcrumb\":{\"@id\":\"https:\\\/\\\/twind.io\\\/es\\\/gestion-documental-contratistas\\\/#breadcrumb\"},\"inLanguage\":\"es\",\"potentialAction\":[{\"@type\":\"ReadAction\",\"target\":[\"https:\\\/\\\/twind.io\\\/es\\\/gestion-documental-contratistas\\\/\"]}]},{\"@type\":\"ImageObject\",\"inLanguage\":\"es\",\"@id\":\"https:\\\/\\\/twind.io\\\/es\\\/gestion-documental-contratistas\\\/#primaryimage\",\"url\":\"https:\\\/\\\/twind.io\\\/es\\\/wp-content\\\/uploads\\\/2023\\\/04\\\/1-adidas.svg\",\"contentUrl\":\"https:\\\/\\\/twind.io\\\/es\\\/wp-content\\\/uploads\\\/2023\\\/04\\\/1-adidas.svg\",\"caption\":\"Adidas\"},{\"@type\":\"BreadcrumbList\",\"@id\":\"https:\\\/\\\/twind.io\\\/es\\\/gestion-documental-contratistas\\\/#breadcrumb\",\"itemListElement\":[{\"@type\":\"ListItem\",\"position\":1,\"name\":\"Portada\",\"item\":\"https:\\\/\\\/twind.io\\\/es\\\/\"},{\"@type\":\"ListItem\",\"position\":2,\"name\":\"Gestionamos tu documentaci\u00f3n CAE\"}]},{\"@type\":\"WebSite\",\"@id\":\"https:\\\/\\\/twind.io\\\/es\\\/#website\",\"url\":\"https:\\\/\\\/twind.io\\\/es\\\/\",\"name\":\"Twind - Plataforma de Coordinaci\u00f3n de Actividades Empresariales\",\"description\":\"Coordina los procesos de gesti\u00f3n documental y control de contratistas y proveedores, respetando la normativa en materia de Seguridad y Salud en el Trabajo.\",\"potentialAction\":[{\"@type\":\"SearchAction\",\"target\":{\"@type\":\"EntryPoint\",\"urlTemplate\":\"https:\\\/\\\/twind.io\\\/es\\\/?s={search_term_string}\"},\"query-input\":{\"@type\":\"PropertyValueSpecification\",\"valueRequired\":true,\"valueName\":\"search_term_string\"}}],\"inLanguage\":\"es\"}]}<\/script>\n<!-- \/ Yoast SEO plugin. -->","yoast_head_json":{"title":"Gesti\u00f3n de documentaci\u00f3n CAE de contratistas | Twind","description":"Subimos la documentaci\u00f3n CAE por ti a tus clientes, para que tengas el acceso siempre en verde en sus instalaciones.","robots":{"index":"index","follow":"follow","max-snippet":"max-snippet:-1","max-image-preview":"max-image-preview:large","max-video-preview":"max-video-preview:-1"},"canonical":"https:\/\/twind.io\/es\/gestion-documental-contratistas\/","og_locale":"es_ES","og_type":"article","og_title":"Gesti\u00f3n de documentaci\u00f3n CAE de contratistas | Twind","og_description":"Subimos la documentaci\u00f3n CAE por ti a tus clientes, para que tengas el acceso siempre en verde en sus instalaciones.","og_url":"https:\/\/twind.io\/es\/gestion-documental-contratistas\/","og_site_name":"Twind - Plataforma de Coordinaci\u00f3n de Actividades Empresariales","article_modified_time":"2026-02-09T13:45:03+00:00","og_image":[{"url":"https:\/\/twind.io\/es\/wp-content\/uploads\/2023\/04\/1-adidas.svg","type":"","width":"","height":""}],"twitter_card":"summary_large_image","twitter_misc":{"Tiempo de lectura":"5 minutos"},"schema":{"@context":"https:\/\/schema.org","@graph":[{"@type":"WebPage","@id":"https:\/\/twind.io\/es\/gestion-documental-contratistas\/","url":"https:\/\/twind.io\/es\/gestion-documental-contratistas\/","name":"Gesti\u00f3n de documentaci\u00f3n CAE de contratistas | Twind","isPartOf":{"@id":"https:\/\/twind.io\/es\/#website"},"primaryImageOfPage":{"@id":"https:\/\/twind.io\/es\/gestion-documental-contratistas\/#primaryimage"},"image":{"@id":"https:\/\/twind.io\/es\/gestion-documental-contratistas\/#primaryimage"},"thumbnailUrl":"https:\/\/twind.io\/es\/wp-content\/uploads\/2023\/04\/1-adidas.svg","datePublished":"2025-11-07T10:19:01+00:00","dateModified":"2026-02-09T13:45:03+00:00","description":"Subimos la documentaci\u00f3n CAE por ti a tus clientes, para que tengas el acceso siempre en verde en sus instalaciones.","breadcrumb":{"@id":"https:\/\/twind.io\/es\/gestion-documental-contratistas\/#breadcrumb"},"inLanguage":"es","potentialAction":[{"@type":"ReadAction","target":["https:\/\/twind.io\/es\/gestion-documental-contratistas\/"]}]},{"@type":"ImageObject","inLanguage":"es","@id":"https:\/\/twind.io\/es\/gestion-documental-contratistas\/#primaryimage","url":"https:\/\/twind.io\/es\/wp-content\/uploads\/2023\/04\/1-adidas.svg","contentUrl":"https:\/\/twind.io\/es\/wp-content\/uploads\/2023\/04\/1-adidas.svg","caption":"Adidas"},{"@type":"BreadcrumbList","@id":"https:\/\/twind.io\/es\/gestion-documental-contratistas\/#breadcrumb","itemListElement":[{"@type":"ListItem","position":1,"name":"Portada","item":"https:\/\/twind.io\/es\/"},{"@type":"ListItem","position":2,"name":"Gestionamos tu documentaci\u00f3n CAE"}]},{"@type":"WebSite","@id":"https:\/\/twind.io\/es\/#website","url":"https:\/\/twind.io\/es\/","name":"Twind - Plataforma de Coordinaci\u00f3n de Actividades Empresariales","description":"Coordina los procesos de gesti\u00f3n documental y control de contratistas y proveedores, respetando la normativa en materia de Seguridad y Salud en el Trabajo.","potentialAction":[{"@type":"SearchAction","target":{"@type":"EntryPoint","urlTemplate":"https:\/\/twind.io\/es\/?s={search_term_string}"},"query-input":{"@type":"PropertyValueSpecification","valueRequired":true,"valueName":"search_term_string"}}],"inLanguage":"es"}]}},"_links":{"self":[{"href":"https:\/\/twind.io\/es\/wp-json\/wp\/v2\/pages\/37160","targetHints":{"allow":["GET"]}}],"collection":[{"href":"https:\/\/twind.io\/es\/wp-json\/wp\/v2\/pages"}],"about":[{"href":"https:\/\/twind.io\/es\/wp-json\/wp\/v2\/types\/page"}],"author":[{"embeddable":true,"href":"https:\/\/twind.io\/es\/wp-json\/wp\/v2\/users\/1"}],"replies":[{"embeddable":true,"href":"https:\/\/twind.io\/es\/wp-json\/wp\/v2\/comments?post=37160"}],"version-history":[{"count":48,"href":"https:\/\/twind.io\/es\/wp-json\/wp\/v2\/pages\/37160\/revisions"}],"predecessor-version":[{"id":37985,"href":"https:\/\/twind.io\/es\/wp-json\/wp\/v2\/pages\/37160\/revisions\/37985"}],"wp:attachment":[{"href":"https:\/\/twind.io\/es\/wp-json\/wp\/v2\/media?parent=37160"}],"curies":[{"name":"wp","href":"https:\/\/api.w.org\/{rel}","templated":true}]}}