{"id":37410,"date":"2025-11-17T13:25:40","date_gmt":"2025-11-17T13:25:40","guid":{"rendered":"https:\/\/twind.io\/es\/?page_id=37410"},"modified":"2025-12-18T07:23:47","modified_gmt":"2025-12-18T07:23:47","slug":"webinar-plan-estrategico-de-la-inspeccion-de-trabajo-2025-2027","status":"publish","type":"page","link":"https:\/\/twind.io\/es\/webinar-plan-estrategico-de-la-inspeccion-de-trabajo-2025-2027\/","title":{"rendered":"Webinar Plan Estrat\u00e9gico de la Inspecci\u00f3n de Trabajo 2025-2027"},"content":{"rendered":"<p><span style=\"\"><img decoding=\"async\" alt=\"\" data-id=\"36596\" width=\"456\" data-init-width=\"750\" height=\"56\" data-init-height=\"92\" title=\"\" src=\"https:\/\/twind.io\/es\/wp-content\/uploads\/2025\/10\/logos-grupo-ctaima.png\" data-width=\"456\" data-height=\"56\" style=\"aspect-ratio: auto 750 \/ 92;\" mt-d=\"-0.5313000000000017\" ml-d=\"0\" center-v-d=\"false\" loading=\"lazy\"><\/span><\/p>\n<p style=\"\">Webinar exclusivo<\/p>\n<p style=\"\">\n<p style=\"text-align: left;\"><span><span>Plan Estrat\u00e9gico de la Inspecci\u00f3n de Trabajo 2025-2027<\/span><\/span><\/p>\n<p style=\"text-align: left;\"><span style=\"font-weight: normal;\"><span style=\"\"><em><span style=\"\">Accede a la grabaci\u00f3n<\/span><\/em><\/span><\/span><\/p>\n\n\t\t\t\t\t\t<script>\n\t\t\t\t\t\t\twindow.hsFormsOnReady = window.hsFormsOnReady || [];\n\t\t\t\t\t\t\twindow.hsFormsOnReady.push(()=>{\n\t\t\t\t\t\t\t\thbspt.forms.create({\n\t\t\t\t\t\t\t\t\tportalId: 146424663,\n\t\t\t\t\t\t\t\t\tformId: \"38d12c10-f26f-44ba-a58b-719e3024799e\",\n\t\t\t\t\t\t\t\t\ttarget: \"#hbspt-form-1775408028000-0310585646\",\n\t\t\t\t\t\t\t\t\tregion: \"eu1\",\n\t\t\t\t\t\t\t\t\t\n\t\t\t\t\t\t\t})});\n\t\t\t\t\t\t<\/script>\n\t\t\t\t\t\t<div class=\"hbspt-form\" id=\"hbspt-form-1775408028000-0310585646\"><\/div>\n<p style=\"\"><span style=\"\"><strong>Prep\u00e1rate para las inspecciones de trabajo con la visi\u00f3n completa del nuevo enfoque<\/strong><\/span><\/p>\n<p style=\"\"><span style=\"\"><strong><span style=\"\">Lo que tu empresa necesita saber ahora<\/span><\/strong><\/span><\/p>\n<p style=\"\"><span style=\"\">Con la publicaci\u00f3n del nuevo plan estrat\u00e9gico de la ITSS en septiembre de 2025, las inspecciones de trabajo se enfocar\u00e1n en nuevos aspectos cr\u00edticos de la seguridad y salud laboral. Este webinar gratuito te prepara para entender las novedades, desde la prevenci\u00f3n de accidentes hasta las medidas espec\u00edficas para el sector de PYMES y empleados de hogar.<\/span><\/p>\n<p style=\"\"><span style=\"\"><strong><span style=\"\">\u00bfQu\u00e9 aprender\u00e1s en este webinar?<\/span><\/strong><\/span><\/p>\n<p style=\"\"><strong><img decoding=\"async\" role=\"img\" alt=\"\u2714\ufe0f\" src=\"https:\/\/s.w.org\/images\/core\/emoji\/17.0.2\/svg\/2714.svg\" loading=\"lazy\"> Prevenci\u00f3n en sectores de alta siniestralidad:<\/strong>Analizaremos el contexto actual y las nuevas medidas que se implementar\u00e1n para prevenir accidentes de trabajo y enfermedades profesionales en los sectores m\u00e1s expuestos. Entender\u00e1s el marco legislativo vigente y las medidas permanentes que debes introducir en tu empresa.<strong><strong><img decoding=\"async\" role=\"img\" alt=\"\u2714\ufe0f\" src=\"https:\/\/s.w.org\/images\/core\/emoji\/17.0.2\/svg\/2714.svg\" loading=\"lazy\">&nbsp;<\/strong>Prevenci\u00f3n del c\u00e1ncer de origen profesional:<\/strong>Te explicaremos c\u00f3mo controlar los agentes cancer\u00edgenos, mut\u00e1genos y reproductivos en tu entorno laboral, y c\u00f3mo la ITSS centrar\u00e1 su atenci\u00f3n en estas \u00e1reas durante las inspecciones.<strong><strong><img decoding=\"async\" role=\"img\" alt=\"\u2714\ufe0f\" src=\"https:\/\/s.w.org\/images\/core\/emoji\/17.0.2\/svg\/2714.svg\" loading=\"lazy\">&nbsp;<\/strong>Actuaciones ante riesgos clim\u00e1ticos, demogr\u00e1ficos y digitales:<\/strong>C\u00f3mo afrontar los nuevos riesgos laborales derivados del cambio clim\u00e1tico (empleo verde), el envejecimiento de la poblaci\u00f3n, la discapacidad, y la digitalizaci\u00f3n (teletrabajo y plataformas digitales).<strong><strong><img decoding=\"async\" role=\"img\" alt=\"\u2714\ufe0f\" src=\"https:\/\/s.w.org\/images\/core\/emoji\/17.0.2\/svg\/2714.svg\" loading=\"lazy\">&nbsp;<\/strong>Acciones formativas y t\u00e9cnicas para adaptar puestos de trabajo:<\/strong>Descubre qu\u00e9 acciones formativas y de asistencia t\u00e9cnica necesitar\u00e1s implementar para adaptar los puestos de trabajo en situaciones de incapacidad temporal prolongada, y c\u00f3mo gestionar los mapas de riesgos y convenios colectivos en relaci\u00f3n con la seguridad y salud laboral.<strong><strong><img decoding=\"async\" role=\"img\" alt=\"\u2714\ufe0f\" src=\"https:\/\/s.w.org\/images\/core\/emoji\/17.0.2\/svg\/2714.svg\" loading=\"lazy\">&nbsp;<\/strong>Coordinaci\u00f3n de actividades empresariales (CAE):<\/strong>Conocer\u00e1s c\u00f3mo la ITSS supervisar\u00e1 la correcta coordinaci\u00f3n de actividades empresariales conforme al Art. 24 de la Ley 31\/1995 y el RD 171\/2004. Aseg\u00farate de cumplir con estas normativas clave para evitar sanciones.<\/p>\n<p style=\"\"><span style=\"\"><strong><span style=\"\">\u00bfPara qui\u00e9n?<\/span><\/strong><\/span><\/p>\n<p style=\"\"><span style=\"\">Direcciones y responsables de HSE\/QHSE, Operaciones, Planta, Facility Management y RRHH que deben cumplir con est\u00e1ndares exigentes de seguridad y compliance.&nbsp;<\/span><\/p>\n<p style=\"\"><a href=\"#tve-jump-19a4e847df8\" style=\"outline: none;\" spellcheck=\"false\"><span style=\"\"><strong><span style=\"\">Reg\u00edstrate gratis: Podr\u00e1s participar del vivo o acceder on demand<\/span><\/strong><\/span><\/a>&nbsp;<\/p>\n<p style=\"\"><span data-ccp-props=\"{&quot;201341983&quot;:0,&quot;335559739&quot;:160,&quot;335559740&quot;:259}\" style=\"\"><strong><strong>Presentado por:<\/strong><\/strong><\/span><\/p>\n<p><span style=\"\"><img decoding=\"async\" alt=\"Mario Gil, Inspector de Trabajo\" data-id=\"37419\" width=\"149\" data-init-width=\"500\" height=\"149\" data-init-height=\"500\" title=\"Mario Gil\" src=\"https:\/\/twind.io\/es\/wp-content\/uploads\/2025\/11\/Mario-Gil.png\" data-width=\"149\" data-height=\"149\" style=\"aspect-ratio: auto 500 \/ 500;\" mt-d=\"-1.281000000000006\" ml-d=\"0\" center-v-d=\"false\" mt-t=\"-7.391000000000005\" ml-t=\"0\" center-h-d=\"false\" mt-m=\"-1.1089999999999947\" ml-m=\"0\" loading=\"lazy\"><\/span><\/p>\n<p style=\"text-align: left;\"><span data-ccp-props=\"{&quot;201341983&quot;:0,&quot;335559739&quot;:160,&quot;335559740&quot;:259}\" style=\"\"><strong><span style=\"--tcb-applied-color: var$(--tcb-skin-color-0) !important; color: var(--tcb-skin-color-0) !important;\">Mario Gil<\/span><\/strong><\/span><\/p>\n<p style=\"text-align: left;\"><span data-ccp-props=\"{&quot;201341983&quot;:0,&quot;335559739&quot;:160,&quot;335559740&quot;:259}\" style=\"\">Inspector de Trabajo y Seguridad Social<strong>Min. de Trabajo y Econom\u00eda Social<\/strong><\/span><\/p>\n<h3 style=\"text-align: center;\"><\/h3>\n","protected":false},"excerpt":{"rendered":"<p>Webinar exclusivo Plan Estrat\u00e9gico de la Inspecci\u00f3n de Trabajo 2025-2027 Accede a la grabaci\u00f3n Prep\u00e1rate para las inspecciones de trabajo con la visi\u00f3n completa del nuevo enfoque Lo que tu empresa necesita saber ahora Con la publicaci\u00f3n del nuevo plan estrat\u00e9gico de la ITSS en septiembre de 2025, las inspecciones de trabajo se enfocar\u00e1n en [&hellip;]<\/p>\n","protected":false},"author":1,"featured_media":0,"parent":0,"menu_order":0,"comment_status":"closed","ping_status":"closed","template":"","meta":{"content-type":"","footnotes":""},"class_list":["post-37410","page","type-page","status-publish","hentry","post-wrapper","thrv_wrapper"],"yoast_head":"<!-- This site is optimized with the Yoast SEO plugin v27.3 - https:\/\/yoast.com\/product\/yoast-seo-wordpress\/ -->\n<title>Webinar Plan Estrat\u00e9gico de la Inspecci\u00f3n de Trabajo 2025-2027<\/title>\n<meta name=\"description\" content=\"Prep\u00e1rate para el Nuevo Plan Estrat\u00e9gico 2025-2027 de la ITSS. Este webinar ofrece una visi\u00f3n detallada del nuevo plan estrat\u00e9gico de la ITSS aprobado en septiembre de 2025.\" \/>\n<meta name=\"robots\" content=\"index, nofollow, max-snippet:-1, max-image-preview:large, max-video-preview:-1\" \/>\n<link rel=\"canonical\" href=\"https:\/\/twind.io\/es\/webinar-plan-estrategico-de-la-inspeccion-de-trabajo-2025-2027\/\" \/>\n<meta property=\"og:locale\" content=\"es_ES\" \/>\n<meta property=\"og:type\" content=\"article\" \/>\n<meta property=\"og:title\" content=\"Webinar Plan Estrat\u00e9gico de la Inspecci\u00f3n de Trabajo 2025-2027\" \/>\n<meta property=\"og:description\" content=\"Prep\u00e1rate para el Nuevo Plan Estrat\u00e9gico 2025-2027 de la ITSS. Este webinar ofrece una visi\u00f3n detallada del nuevo plan estrat\u00e9gico de la ITSS aprobado en septiembre de 2025.\" \/>\n<meta property=\"og:url\" content=\"https:\/\/twind.io\/es\/webinar-plan-estrategico-de-la-inspeccion-de-trabajo-2025-2027\/\" \/>\n<meta property=\"og:site_name\" content=\"Twind - Plataforma de Coordinaci\u00f3n de Actividades Empresariales\" \/>\n<meta property=\"article:modified_time\" content=\"2025-12-18T07:23:47+00:00\" \/>\n<meta property=\"og:image\" content=\"https:\/\/twind.io\/es\/wp-content\/uploads\/2025\/10\/logos-grupo-ctaima.png\" \/>\n<meta name=\"twitter:card\" content=\"summary_large_image\" \/>\n<meta name=\"twitter:label1\" content=\"Tiempo de lectura\" \/>\n\t<meta name=\"twitter:data1\" content=\"4 minutos\" \/>\n<script type=\"application\/ld+json\" class=\"yoast-schema-graph\">{\"@context\":\"https:\\\/\\\/schema.org\",\"@graph\":[{\"@type\":\"WebPage\",\"@id\":\"https:\\\/\\\/twind.io\\\/es\\\/webinar-plan-estrategico-de-la-inspeccion-de-trabajo-2025-2027\\\/\",\"url\":\"https:\\\/\\\/twind.io\\\/es\\\/webinar-plan-estrategico-de-la-inspeccion-de-trabajo-2025-2027\\\/\",\"name\":\"Webinar Plan Estrat\u00e9gico de la Inspecci\u00f3n de Trabajo 2025-2027\",\"isPartOf\":{\"@id\":\"https:\\\/\\\/twind.io\\\/es\\\/#website\"},\"primaryImageOfPage\":{\"@id\":\"https:\\\/\\\/twind.io\\\/es\\\/webinar-plan-estrategico-de-la-inspeccion-de-trabajo-2025-2027\\\/#primaryimage\"},\"image\":{\"@id\":\"https:\\\/\\\/twind.io\\\/es\\\/webinar-plan-estrategico-de-la-inspeccion-de-trabajo-2025-2027\\\/#primaryimage\"},\"thumbnailUrl\":\"https:\\\/\\\/twind.io\\\/es\\\/wp-content\\\/uploads\\\/2025\\\/10\\\/logos-grupo-ctaima.png\",\"datePublished\":\"2025-11-17T13:25:40+00:00\",\"dateModified\":\"2025-12-18T07:23:47+00:00\",\"description\":\"Prep\u00e1rate para el Nuevo Plan Estrat\u00e9gico 2025-2027 de la ITSS. Este webinar ofrece una visi\u00f3n detallada del nuevo plan estrat\u00e9gico de la ITSS aprobado en septiembre de 2025.\",\"breadcrumb\":{\"@id\":\"https:\\\/\\\/twind.io\\\/es\\\/webinar-plan-estrategico-de-la-inspeccion-de-trabajo-2025-2027\\\/#breadcrumb\"},\"inLanguage\":\"es\",\"potentialAction\":[{\"@type\":\"ReadAction\",\"target\":[\"https:\\\/\\\/twind.io\\\/es\\\/webinar-plan-estrategico-de-la-inspeccion-de-trabajo-2025-2027\\\/\"]}]},{\"@type\":\"ImageObject\",\"inLanguage\":\"es\",\"@id\":\"https:\\\/\\\/twind.io\\\/es\\\/webinar-plan-estrategico-de-la-inspeccion-de-trabajo-2025-2027\\\/#primaryimage\",\"url\":\"https:\\\/\\\/twind.io\\\/es\\\/wp-content\\\/uploads\\\/2025\\\/10\\\/logos-grupo-ctaima.png\",\"contentUrl\":\"https:\\\/\\\/twind.io\\\/es\\\/wp-content\\\/uploads\\\/2025\\\/10\\\/logos-grupo-ctaima.png\",\"width\":750,\"height\":92},{\"@type\":\"BreadcrumbList\",\"@id\":\"https:\\\/\\\/twind.io\\\/es\\\/webinar-plan-estrategico-de-la-inspeccion-de-trabajo-2025-2027\\\/#breadcrumb\",\"itemListElement\":[{\"@type\":\"ListItem\",\"position\":1,\"name\":\"Portada\",\"item\":\"https:\\\/\\\/twind.io\\\/es\\\/\"},{\"@type\":\"ListItem\",\"position\":2,\"name\":\"Webinar Plan Estrat\u00e9gico de la Inspecci\u00f3n de Trabajo 2025-2027\"}]},{\"@type\":\"WebSite\",\"@id\":\"https:\\\/\\\/twind.io\\\/es\\\/#website\",\"url\":\"https:\\\/\\\/twind.io\\\/es\\\/\",\"name\":\"Twind - Plataforma de Coordinaci\u00f3n de Actividades Empresariales\",\"description\":\"Coordina los procesos de gesti\u00f3n documental y control de contratistas y proveedores, respetando la normativa en materia de Seguridad y Salud en el Trabajo.\",\"potentialAction\":[{\"@type\":\"SearchAction\",\"target\":{\"@type\":\"EntryPoint\",\"urlTemplate\":\"https:\\\/\\\/twind.io\\\/es\\\/?s={search_term_string}\"},\"query-input\":{\"@type\":\"PropertyValueSpecification\",\"valueRequired\":true,\"valueName\":\"search_term_string\"}}],\"inLanguage\":\"es\"}]}<\/script>\n<!-- \/ Yoast SEO plugin. -->","yoast_head_json":{"title":"Webinar Plan Estrat\u00e9gico de la Inspecci\u00f3n de Trabajo 2025-2027","description":"Prep\u00e1rate para el Nuevo Plan Estrat\u00e9gico 2025-2027 de la ITSS. Este webinar ofrece una visi\u00f3n detallada del nuevo plan estrat\u00e9gico de la ITSS aprobado en septiembre de 2025.","robots":{"index":"index","follow":"nofollow","max-snippet":"max-snippet:-1","max-image-preview":"max-image-preview:large","max-video-preview":"max-video-preview:-1"},"canonical":"https:\/\/twind.io\/es\/webinar-plan-estrategico-de-la-inspeccion-de-trabajo-2025-2027\/","og_locale":"es_ES","og_type":"article","og_title":"Webinar Plan Estrat\u00e9gico de la Inspecci\u00f3n de Trabajo 2025-2027","og_description":"Prep\u00e1rate para el Nuevo Plan Estrat\u00e9gico 2025-2027 de la ITSS. Este webinar ofrece una visi\u00f3n detallada del nuevo plan estrat\u00e9gico de la ITSS aprobado en septiembre de 2025.","og_url":"https:\/\/twind.io\/es\/webinar-plan-estrategico-de-la-inspeccion-de-trabajo-2025-2027\/","og_site_name":"Twind - Plataforma de Coordinaci\u00f3n de Actividades Empresariales","article_modified_time":"2025-12-18T07:23:47+00:00","og_image":[{"url":"https:\/\/twind.io\/es\/wp-content\/uploads\/2025\/10\/logos-grupo-ctaima.png","type":"","width":"","height":""}],"twitter_card":"summary_large_image","twitter_misc":{"Tiempo de lectura":"4 minutos"},"schema":{"@context":"https:\/\/schema.org","@graph":[{"@type":"WebPage","@id":"https:\/\/twind.io\/es\/webinar-plan-estrategico-de-la-inspeccion-de-trabajo-2025-2027\/","url":"https:\/\/twind.io\/es\/webinar-plan-estrategico-de-la-inspeccion-de-trabajo-2025-2027\/","name":"Webinar Plan Estrat\u00e9gico de la Inspecci\u00f3n de Trabajo 2025-2027","isPartOf":{"@id":"https:\/\/twind.io\/es\/#website"},"primaryImageOfPage":{"@id":"https:\/\/twind.io\/es\/webinar-plan-estrategico-de-la-inspeccion-de-trabajo-2025-2027\/#primaryimage"},"image":{"@id":"https:\/\/twind.io\/es\/webinar-plan-estrategico-de-la-inspeccion-de-trabajo-2025-2027\/#primaryimage"},"thumbnailUrl":"https:\/\/twind.io\/es\/wp-content\/uploads\/2025\/10\/logos-grupo-ctaima.png","datePublished":"2025-11-17T13:25:40+00:00","dateModified":"2025-12-18T07:23:47+00:00","description":"Prep\u00e1rate para el Nuevo Plan Estrat\u00e9gico 2025-2027 de la ITSS. Este webinar ofrece una visi\u00f3n detallada del nuevo plan estrat\u00e9gico de la ITSS aprobado en septiembre de 2025.","breadcrumb":{"@id":"https:\/\/twind.io\/es\/webinar-plan-estrategico-de-la-inspeccion-de-trabajo-2025-2027\/#breadcrumb"},"inLanguage":"es","potentialAction":[{"@type":"ReadAction","target":["https:\/\/twind.io\/es\/webinar-plan-estrategico-de-la-inspeccion-de-trabajo-2025-2027\/"]}]},{"@type":"ImageObject","inLanguage":"es","@id":"https:\/\/twind.io\/es\/webinar-plan-estrategico-de-la-inspeccion-de-trabajo-2025-2027\/#primaryimage","url":"https:\/\/twind.io\/es\/wp-content\/uploads\/2025\/10\/logos-grupo-ctaima.png","contentUrl":"https:\/\/twind.io\/es\/wp-content\/uploads\/2025\/10\/logos-grupo-ctaima.png","width":750,"height":92},{"@type":"BreadcrumbList","@id":"https:\/\/twind.io\/es\/webinar-plan-estrategico-de-la-inspeccion-de-trabajo-2025-2027\/#breadcrumb","itemListElement":[{"@type":"ListItem","position":1,"name":"Portada","item":"https:\/\/twind.io\/es\/"},{"@type":"ListItem","position":2,"name":"Webinar Plan Estrat\u00e9gico de la Inspecci\u00f3n de Trabajo 2025-2027"}]},{"@type":"WebSite","@id":"https:\/\/twind.io\/es\/#website","url":"https:\/\/twind.io\/es\/","name":"Twind - Plataforma de Coordinaci\u00f3n de Actividades Empresariales","description":"Coordina los procesos de gesti\u00f3n documental y control de contratistas y proveedores, respetando la normativa en materia de Seguridad y Salud en el Trabajo.","potentialAction":[{"@type":"SearchAction","target":{"@type":"EntryPoint","urlTemplate":"https:\/\/twind.io\/es\/?s={search_term_string}"},"query-input":{"@type":"PropertyValueSpecification","valueRequired":true,"valueName":"search_term_string"}}],"inLanguage":"es"}]}},"_links":{"self":[{"href":"https:\/\/twind.io\/es\/wp-json\/wp\/v2\/pages\/37410","targetHints":{"allow":["GET"]}}],"collection":[{"href":"https:\/\/twind.io\/es\/wp-json\/wp\/v2\/pages"}],"about":[{"href":"https:\/\/twind.io\/es\/wp-json\/wp\/v2\/types\/page"}],"author":[{"embeddable":true,"href":"https:\/\/twind.io\/es\/wp-json\/wp\/v2\/users\/1"}],"replies":[{"embeddable":true,"href":"https:\/\/twind.io\/es\/wp-json\/wp\/v2\/comments?post=37410"}],"version-history":[{"count":13,"href":"https:\/\/twind.io\/es\/wp-json\/wp\/v2\/pages\/37410\/revisions"}],"predecessor-version":[{"id":37841,"href":"https:\/\/twind.io\/es\/wp-json\/wp\/v2\/pages\/37410\/revisions\/37841"}],"wp:attachment":[{"href":"https:\/\/twind.io\/es\/wp-json\/wp\/v2\/media?parent=37410"}],"curies":[{"name":"wp","href":"https:\/\/api.w.org\/{rel}","templated":true}]}}