{"id":37843,"date":"2025-12-19T08:26:59","date_gmt":"2025-12-19T08:26:59","guid":{"rendered":"https:\/\/twind.io\/es\/?page_id=37843"},"modified":"2026-01-30T11:28:06","modified_gmt":"2026-01-30T11:28:06","slug":"webinar-objetivos-de-sst-y-cumplimiento-de-contratistas","status":"publish","type":"page","link":"https:\/\/twind.io\/es\/webinar-objetivos-de-sst-y-cumplimiento-de-contratistas\/","title":{"rendered":"Webinar Objetivos de SST y cumplimiento de contratistas"},"content":{"rendered":"<p><span style=\"\"><img decoding=\"async\" alt=\"\" data-id=\"36596\" width=\"456\" data-init-width=\"750\" height=\"56\" data-init-height=\"92\" title=\"\" src=\"https:\/\/twind.io\/es\/wp-content\/uploads\/2025\/10\/logos-grupo-ctaima.png\" data-width=\"456\" data-height=\"56\" style=\"aspect-ratio: auto 750 \/ 92;\" mt-d=\"-0.5313000000000017\" ml-d=\"0\" center-v-d=\"false\" loading=\"lazy\"><\/span><\/p>\n<p style=\"\">Webinar exclusivo<\/p>\n<p style=\"text-align: left;\"><em><span style=\"font-size: 32px !important;\">Ve a por m\u00e1s en 2026:<\/span><\/em><span><span>Objetivos de SST y cumplimiento de contratistas<\/span><\/span><\/p>\n<p style=\"\"><span style=\"font-weight: normal;\"><span>Jueves 29 de enero<\/span><span>16:00h ES | 09:00 MX&nbsp;<\/span><\/span><\/p>\n<p style=\"text-align: left;\"><span style=\"font-weight: normal;\"><span><em><span>Podr\u00e1s acceder a la grabaci\u00f3n on demand<\/span><\/em><\/span><\/span><\/p>\n\n\t\t\t\t\t\t<script>\n\t\t\t\t\t\t\twindow.hsFormsOnReady = window.hsFormsOnReady || [];\n\t\t\t\t\t\t\twindow.hsFormsOnReady.push(()=>{\n\t\t\t\t\t\t\t\thbspt.forms.create({\n\t\t\t\t\t\t\t\t\tportalId: 146424663,\n\t\t\t\t\t\t\t\t\tformId: \"2fe01f98-2230-4ccb-ad09-540f8b6a224a\",\n\t\t\t\t\t\t\t\t\ttarget: \"#hbspt-form-1775408179000-1940510199\",\n\t\t\t\t\t\t\t\t\tregion: \"eu1\",\n\t\t\t\t\t\t\t\t\t\n\t\t\t\t\t\t\t})});\n\t\t\t\t\t\t<\/script>\n\t\t\t\t\t\t<div class=\"hbspt-form\" id=\"hbspt-form-1775408179000-1940510199\"><\/div>\n<p>2026 exigir\u00e1 m\u00e1s a la SST: m\u00e1s foco en contratistas, m\u00e1s presi\u00f3n regulatoria y m\u00e1s preguntas desde negocio.<\/p>\n<p>Este webinar est\u00e1 pensado para ayudarte a definir bien tus objetivos HSE para 2026, priorizar lo que realmente impacta y evitar planes que luego no se sostienen.<\/p>\n<p>Ver\u00e1s c\u00f3mo anticiparte a los cambios en Seguridad y Salud en el Trabajo y c\u00f3mo apoyarte en la digitalizaci\u00f3n para ganar eficiencia sin perder control.<\/p>\n<p>Si en 2026 no quieres ir apagando fuegos, este webinar es para ti.<\/p>\n<p style=\"\"><span style=\"\"><strong><span style=\"\">Lo que te llevar\u00e1s de este webinar (para usar al d\u00eda siguiente)<\/span><\/strong><\/span><\/p>\n<ul>\n<li style=\"\"><strong>C\u00f3mo plantear objetivos HSE para 2026<\/strong> que sean realistas, medibles y alineados con el negocio y la gesti\u00f3n de contratistas, usando <strong>criterios y herramientas de priorizaci\u00f3n<\/strong> que evitan planes inflados o inejecutables.<\/li>\n<li style=\"\"><strong>Qu\u00e9 cambios normativos y exigencias HSE<\/strong> deber\u00edas empezar a considerar ya, y c\u00f3mo traducirlos en objetivos claros de SST.<\/li>\n<li style=\"\"><strong>Qu\u00e9 decisiones estrat\u00e9gicas marcan la diferencia<\/strong> cuando gestionas m\u00faltiples contratistas y entornos operativos complejos, y qu\u00e9 herramientas ayudan a sostenerlas en el tiempo.<\/li>\n<li style=\"\"><strong>C\u00f3mo usar la digitalizaci\u00f3n para simplificar la gesti\u00f3n HSE<\/strong> sin perder trazabilidad ni control operativo, especialmente en la coordinaci\u00f3n de contratistas.<\/li>\n<li style=\"\"><strong>Qu\u00e9 aprendizajes reales deja la experiencia de Bunzl <\/strong>al definir y ajustar objetivos HSE en entornos multinacionales.<\/li>\n<\/ul>\n<p><span data-teams=\"true\"><\/p>\n<p><\/span><\/p>\n<p style=\"\"><span style=\"\"><strong><span style=\"\">\u00bfPara qui\u00e9n?<\/span><\/strong><\/span><\/p>\n<p><span>Direcciones HSE\/QHSE, Operaciones, Facility\/Planta y RRHH que gestionan contratistas y\/o deben cumplir requisitos de clientes.<\/span><\/p>\n<\/p>\n<p style=\"\"><span style=\"\"><strong><span style=\"\">Speaker invitado<\/span><\/strong><\/span><\/p>\n<p><span>Acomp\u00e1\u00f1anos junto a <strong>Antonio Alc\u00e1ntara Valero<\/strong>, <em>EHSQ Manager para Europa del Sur y Oriente Medio, de Bunzl<\/em>. <\/span><span>+15 a\u00f1os liderando transformaci\u00f3n de seguridad en 18 centros operativos; ganador de los VIII Premios de Seguridad y Salud Laboral.&nbsp;<\/span><\/p>\n<\/p>\n<p style=\"\"><a href=\"#lg-mfat9vc5\" style=\"outline: none;\" spellcheck=\"false\"><span style=\"\"><strong><span style=\"\">Reg\u00edstrate gratis: Podr\u00e1s participar del vivo o acceder on demand<\/span><\/strong><\/span><\/a>&nbsp;<\/p>\n<p style=\"\"><span data-ccp-props=\"{&quot;201341983&quot;:0,&quot;335559739&quot;:160,&quot;335559740&quot;:259}\" style=\"\"><strong><strong>Speakers:<\/strong><\/strong><\/span><\/p>\n<p><span style=\"\"><img decoding=\"async\" alt=\"\" data-id=\"36437\" width=\"128\" data-init-width=\"500\" height=\"128\" data-init-height=\"500\" title=\"TONI\" src=\"https:\/\/twind.io\/es\/wp-content\/uploads\/2025\/09\/TONI.png\" data-width=\"128\" data-height=\"128\" style=\"aspect-ratio: auto 500 \/ 500;\" mt-d=\"-1.281000000000006\" ml-d=\"0\" center-v-d=\"false\" mt-t=\"-7.391000000000005\" ml-t=\"0\" center-h-d=\"false\" mt-m=\"-1.1089999999999947\" ml-m=\"0\" loading=\"lazy\"><\/span><\/p>\n<p style=\"text-align: left;\"><span data-ccp-props=\"{&quot;201341983&quot;:0,&quot;335559739&quot;:160,&quot;335559740&quot;:259}\"><strong><span style=\"--tcb-applied-color: var$(--tcb-skin-color-0) !important; color: var(--tcb-skin-color-0) !important;\">Antonio Alc\u00e1ntara<\/span><\/strong><\/span><\/p>\n<p style=\"text-align: left;\"><span data-ccp-props=\"{&quot;201341983&quot;:0,&quot;335559739&quot;:160,&quot;335559740&quot;:259}\">EHSQ Manager SE&amp;ME<strong>Bunzl<\/strong><\/span><\/p>\n<p><span style=\"\"><img decoding=\"async\" alt=\"\" data-id=\"36436\" width=\"128\" data-init-width=\"500\" height=\"128\" data-init-height=\"500\" title=\"MARI PAU\" src=\"https:\/\/twind.io\/es\/wp-content\/uploads\/2025\/09\/MARI-PAU.png\" data-width=\"128\" data-height=\"128\" style=\"aspect-ratio: auto 500 \/ 500;\" mt-d=\"-1.1880000000000024\" ml-d=\"0\" center-v-d=\"false\" mt-t=\"-7.391000000000005\" ml-t=\"0\" center-h-d=\"false\" mt-m=\"0\" ml-m=\"-7.688000000000002\" loading=\"lazy\"><\/span><\/p>\n<p style=\"text-align: left;\"><span data-ccp-props=\"{&quot;201341983&quot;:0,&quot;335559739&quot;:160,&quot;335559740&quot;:259}\" style=\"\"><strong><span style=\"--tcb-applied-color: var$(--tcb-skin-color-0) !important; color: var(--tcb-skin-color-0) !important;\">M. Pau Moli<\/span><\/strong><\/span><\/p>\n<p style=\"text-align: left;\"><span data-ccp-props=\"{&quot;201341983&quot;:0,&quot;335559739&quot;:160,&quot;335559740&quot;:259}\" style=\"\"><span data-contrast=\"auto\" lang=\"PT-PT\">Product Marketing Manager<\/span><\/span><\/p>\n<p style=\"text-align: left;\"><span data-ccp-props=\"{&quot;201341983&quot;:0,&quot;335559739&quot;:160,&quot;335559740&quot;:259}\" style=\"\">CTAIMA<\/span><\/p>\n<h3 style=\"text-align: center;\"><\/h3>\n","protected":false},"excerpt":{"rendered":"<p>Webinar exclusivo Ve a por m\u00e1s en 2026:Objetivos de SST y cumplimiento de contratistas Jueves 29 de enero16:00h ES | 09:00 MX&nbsp; Podr\u00e1s acceder a la grabaci\u00f3n on demand 2026 exigir\u00e1 m\u00e1s a la SST: m\u00e1s foco en contratistas, m\u00e1s presi\u00f3n regulatoria y m\u00e1s preguntas desde negocio. Este webinar est\u00e1 pensado para ayudarte a definir [&hellip;]<\/p>\n","protected":false},"author":1,"featured_media":0,"parent":0,"menu_order":0,"comment_status":"closed","ping_status":"closed","template":"","meta":{"content-type":"","footnotes":""},"class_list":["post-37843","page","type-page","status-publish","hentry","post-wrapper","thrv_wrapper"],"yoast_head":"<!-- This site is optimized with the Yoast SEO plugin v27.3 - https:\/\/yoast.com\/product\/yoast-seo-wordpress\/ -->\n<title>Webinar Objetivos de SST y cumplimiento de contratistas<\/title>\n<meta name=\"description\" content=\"Webinar Objetivos de SST y cumplimiento de contratistas\" \/>\n<meta name=\"robots\" content=\"noindex, nofollow\" \/>\n<meta property=\"og:locale\" content=\"es_ES\" \/>\n<meta property=\"og:type\" content=\"article\" \/>\n<meta property=\"og:title\" content=\"Webinar Objetivos de SST y cumplimiento de contratistas\" \/>\n<meta property=\"og:description\" content=\"Webinar Objetivos de SST y cumplimiento de contratistas\" \/>\n<meta property=\"og:url\" content=\"https:\/\/twind.io\/es\/webinar-objetivos-de-sst-y-cumplimiento-de-contratistas\/\" \/>\n<meta property=\"og:site_name\" content=\"Twind - Plataforma de Coordinaci\u00f3n de Actividades Empresariales\" \/>\n<meta property=\"article:modified_time\" content=\"2026-01-30T11:28:06+00:00\" \/>\n<meta property=\"og:image\" content=\"https:\/\/twind.io\/es\/wp-content\/uploads\/2025\/10\/logos-grupo-ctaima.png\" \/>\n<meta name=\"twitter:card\" content=\"summary_large_image\" \/>\n<meta name=\"twitter:label1\" content=\"Tiempo de lectura\" \/>\n\t<meta name=\"twitter:data1\" content=\"3 minutos\" \/>\n<script type=\"application\/ld+json\" class=\"yoast-schema-graph\">{\"@context\":\"https:\\\/\\\/schema.org\",\"@graph\":[{\"@type\":\"WebPage\",\"@id\":\"https:\\\/\\\/twind.io\\\/es\\\/webinar-objetivos-de-sst-y-cumplimiento-de-contratistas\\\/\",\"url\":\"https:\\\/\\\/twind.io\\\/es\\\/webinar-objetivos-de-sst-y-cumplimiento-de-contratistas\\\/\",\"name\":\"Webinar Objetivos de SST y cumplimiento de contratistas\",\"isPartOf\":{\"@id\":\"https:\\\/\\\/twind.io\\\/es\\\/#website\"},\"primaryImageOfPage\":{\"@id\":\"https:\\\/\\\/twind.io\\\/es\\\/webinar-objetivos-de-sst-y-cumplimiento-de-contratistas\\\/#primaryimage\"},\"image\":{\"@id\":\"https:\\\/\\\/twind.io\\\/es\\\/webinar-objetivos-de-sst-y-cumplimiento-de-contratistas\\\/#primaryimage\"},\"thumbnailUrl\":\"https:\\\/\\\/twind.io\\\/es\\\/wp-content\\\/uploads\\\/2025\\\/10\\\/logos-grupo-ctaima.png\",\"datePublished\":\"2025-12-19T08:26:59+00:00\",\"dateModified\":\"2026-01-30T11:28:06+00:00\",\"description\":\"Webinar Objetivos de SST y cumplimiento de contratistas\",\"breadcrumb\":{\"@id\":\"https:\\\/\\\/twind.io\\\/es\\\/webinar-objetivos-de-sst-y-cumplimiento-de-contratistas\\\/#breadcrumb\"},\"inLanguage\":\"es\",\"potentialAction\":[{\"@type\":\"ReadAction\",\"target\":[\"https:\\\/\\\/twind.io\\\/es\\\/webinar-objetivos-de-sst-y-cumplimiento-de-contratistas\\\/\"]}]},{\"@type\":\"ImageObject\",\"inLanguage\":\"es\",\"@id\":\"https:\\\/\\\/twind.io\\\/es\\\/webinar-objetivos-de-sst-y-cumplimiento-de-contratistas\\\/#primaryimage\",\"url\":\"https:\\\/\\\/twind.io\\\/es\\\/wp-content\\\/uploads\\\/2025\\\/10\\\/logos-grupo-ctaima.png\",\"contentUrl\":\"https:\\\/\\\/twind.io\\\/es\\\/wp-content\\\/uploads\\\/2025\\\/10\\\/logos-grupo-ctaima.png\",\"width\":750,\"height\":92},{\"@type\":\"BreadcrumbList\",\"@id\":\"https:\\\/\\\/twind.io\\\/es\\\/webinar-objetivos-de-sst-y-cumplimiento-de-contratistas\\\/#breadcrumb\",\"itemListElement\":[{\"@type\":\"ListItem\",\"position\":1,\"name\":\"Portada\",\"item\":\"https:\\\/\\\/twind.io\\\/es\\\/\"},{\"@type\":\"ListItem\",\"position\":2,\"name\":\"Webinar Objetivos de SST y cumplimiento de contratistas\"}]},{\"@type\":\"WebSite\",\"@id\":\"https:\\\/\\\/twind.io\\\/es\\\/#website\",\"url\":\"https:\\\/\\\/twind.io\\\/es\\\/\",\"name\":\"Twind - Plataforma de Coordinaci\u00f3n de Actividades Empresariales\",\"description\":\"Coordina los procesos de gesti\u00f3n documental y control de contratistas y proveedores, respetando la normativa en materia de Seguridad y Salud en el Trabajo.\",\"potentialAction\":[{\"@type\":\"SearchAction\",\"target\":{\"@type\":\"EntryPoint\",\"urlTemplate\":\"https:\\\/\\\/twind.io\\\/es\\\/?s={search_term_string}\"},\"query-input\":{\"@type\":\"PropertyValueSpecification\",\"valueRequired\":true,\"valueName\":\"search_term_string\"}}],\"inLanguage\":\"es\"}]}<\/script>\n<!-- \/ Yoast SEO plugin. -->","yoast_head_json":{"title":"Webinar Objetivos de SST y cumplimiento de contratistas","description":"Webinar Objetivos de SST y cumplimiento de contratistas","robots":{"index":"noindex","follow":"nofollow"},"og_locale":"es_ES","og_type":"article","og_title":"Webinar Objetivos de SST y cumplimiento de contratistas","og_description":"Webinar Objetivos de SST y cumplimiento de contratistas","og_url":"https:\/\/twind.io\/es\/webinar-objetivos-de-sst-y-cumplimiento-de-contratistas\/","og_site_name":"Twind - Plataforma de Coordinaci\u00f3n de Actividades Empresariales","article_modified_time":"2026-01-30T11:28:06+00:00","og_image":[{"url":"https:\/\/twind.io\/es\/wp-content\/uploads\/2025\/10\/logos-grupo-ctaima.png","type":"","width":"","height":""}],"twitter_card":"summary_large_image","twitter_misc":{"Tiempo de lectura":"3 minutos"},"schema":{"@context":"https:\/\/schema.org","@graph":[{"@type":"WebPage","@id":"https:\/\/twind.io\/es\/webinar-objetivos-de-sst-y-cumplimiento-de-contratistas\/","url":"https:\/\/twind.io\/es\/webinar-objetivos-de-sst-y-cumplimiento-de-contratistas\/","name":"Webinar Objetivos de SST y cumplimiento de contratistas","isPartOf":{"@id":"https:\/\/twind.io\/es\/#website"},"primaryImageOfPage":{"@id":"https:\/\/twind.io\/es\/webinar-objetivos-de-sst-y-cumplimiento-de-contratistas\/#primaryimage"},"image":{"@id":"https:\/\/twind.io\/es\/webinar-objetivos-de-sst-y-cumplimiento-de-contratistas\/#primaryimage"},"thumbnailUrl":"https:\/\/twind.io\/es\/wp-content\/uploads\/2025\/10\/logos-grupo-ctaima.png","datePublished":"2025-12-19T08:26:59+00:00","dateModified":"2026-01-30T11:28:06+00:00","description":"Webinar Objetivos de SST y cumplimiento de contratistas","breadcrumb":{"@id":"https:\/\/twind.io\/es\/webinar-objetivos-de-sst-y-cumplimiento-de-contratistas\/#breadcrumb"},"inLanguage":"es","potentialAction":[{"@type":"ReadAction","target":["https:\/\/twind.io\/es\/webinar-objetivos-de-sst-y-cumplimiento-de-contratistas\/"]}]},{"@type":"ImageObject","inLanguage":"es","@id":"https:\/\/twind.io\/es\/webinar-objetivos-de-sst-y-cumplimiento-de-contratistas\/#primaryimage","url":"https:\/\/twind.io\/es\/wp-content\/uploads\/2025\/10\/logos-grupo-ctaima.png","contentUrl":"https:\/\/twind.io\/es\/wp-content\/uploads\/2025\/10\/logos-grupo-ctaima.png","width":750,"height":92},{"@type":"BreadcrumbList","@id":"https:\/\/twind.io\/es\/webinar-objetivos-de-sst-y-cumplimiento-de-contratistas\/#breadcrumb","itemListElement":[{"@type":"ListItem","position":1,"name":"Portada","item":"https:\/\/twind.io\/es\/"},{"@type":"ListItem","position":2,"name":"Webinar Objetivos de SST y cumplimiento de contratistas"}]},{"@type":"WebSite","@id":"https:\/\/twind.io\/es\/#website","url":"https:\/\/twind.io\/es\/","name":"Twind - Plataforma de Coordinaci\u00f3n de Actividades Empresariales","description":"Coordina los procesos de gesti\u00f3n documental y control de contratistas y proveedores, respetando la normativa en materia de Seguridad y Salud en el Trabajo.","potentialAction":[{"@type":"SearchAction","target":{"@type":"EntryPoint","urlTemplate":"https:\/\/twind.io\/es\/?s={search_term_string}"},"query-input":{"@type":"PropertyValueSpecification","valueRequired":true,"valueName":"search_term_string"}}],"inLanguage":"es"}]}},"_links":{"self":[{"href":"https:\/\/twind.io\/es\/wp-json\/wp\/v2\/pages\/37843","targetHints":{"allow":["GET"]}}],"collection":[{"href":"https:\/\/twind.io\/es\/wp-json\/wp\/v2\/pages"}],"about":[{"href":"https:\/\/twind.io\/es\/wp-json\/wp\/v2\/types\/page"}],"author":[{"embeddable":true,"href":"https:\/\/twind.io\/es\/wp-json\/wp\/v2\/users\/1"}],"replies":[{"embeddable":true,"href":"https:\/\/twind.io\/es\/wp-json\/wp\/v2\/comments?post=37843"}],"version-history":[{"count":15,"href":"https:\/\/twind.io\/es\/wp-json\/wp\/v2\/pages\/37843\/revisions"}],"predecessor-version":[{"id":37999,"href":"https:\/\/twind.io\/es\/wp-json\/wp\/v2\/pages\/37843\/revisions\/37999"}],"wp:attachment":[{"href":"https:\/\/twind.io\/es\/wp-json\/wp\/v2\/media?parent=37843"}],"curies":[{"name":"wp","href":"https:\/\/api.w.org\/{rel}","templated":true}]}}