{"id":38104,"date":"2026-02-10T07:44:08","date_gmt":"2026-02-10T07:44:08","guid":{"rendered":"https:\/\/twind.io\/es\/?page_id=38104"},"modified":"2026-02-10T09:34:23","modified_gmt":"2026-02-10T09:34:23","slug":"contacto-contratistas","status":"publish","type":"page","link":"https:\/\/twind.io\/es\/contacto-contratistas\/","title":{"rendered":"Contacto monetizaci\u00f3n contratistas"},"content":{"rendered":"<h1 style=\"text-align: center;\">Descubre <span style=\"--tcb-applied-color: var$(--tcb-color-4) !important; color: var(--tcb-color-4) !important;\">Twind<\/span><\/h1>\n<h2 style=\"text-align: center;\"><span><span><span data-teams=\"true\">Nuestro <strong>equipo de expertos te ayudar\u00e1<\/strong> a entender c\u00f3mo el Plan Core puede adaptarse a tu organizaci\u00f3n.&nbsp;<\/span><\/span><\/span><\/h2>\n<h2 style=\"text-align: center;\"><\/h2>\n<h2 style=\"text-align: center;\"><span><span><span data-teams=\"true\">Solo tienes que completar el formulario y <strong>nos pondremos en contacto contigo<\/strong>.<\/span><\/span><\/span><\/h2>\n<h2><\/h2>\n\n\t\t\t\t\t\t<script>\n\t\t\t\t\t\t\twindow.hsFormsOnReady = window.hsFormsOnReady || [];\n\t\t\t\t\t\t\twindow.hsFormsOnReady.push(()=>{\n\t\t\t\t\t\t\t\thbspt.forms.create({\n\t\t\t\t\t\t\t\t\tportalId: 146424663,\n\t\t\t\t\t\t\t\t\tformId: \"e842f046-c5c1-48b0-b289-cb6cd381dcbf\",\n\t\t\t\t\t\t\t\t\ttarget: \"#hbspt-form-1775324691000-4608766066\",\n\t\t\t\t\t\t\t\t\tregion: \"eu1\",\n\t\t\t\t\t\t\t\t\t\n\t\t\t\t\t\t\t})});\n\t\t\t\t\t\t<\/script>\n\t\t\t\t\t\t<div class=\"hbspt-form\" id=\"hbspt-form-1775324691000-4608766066\"><\/div>\n","protected":false},"excerpt":{"rendered":"<p>Descubre Twind Nuestro equipo de expertos te ayudar\u00e1 a entender c\u00f3mo el Plan Core puede adaptarse a tu organizaci\u00f3n.&nbsp; Solo tienes que completar el formulario y nos pondremos en contacto contigo.<\/p>\n","protected":false},"author":1,"featured_media":0,"parent":0,"menu_order":0,"comment_status":"closed","ping_status":"closed","template":"","meta":{"content-type":"","footnotes":""},"class_list":["post-38104","page","type-page","status-publish","hentry","post-wrapper","thrv_wrapper"],"yoast_head":"<!-- This site is optimized with the Yoast SEO plugin v27.3 - https:\/\/yoast.com\/product\/yoast-seo-wordpress\/ -->\n<title>Contacto contratistas - Twind<\/title>\n<meta name=\"description\" content=\"Contacta con nosotros para recibir m\u00e1s informaci\u00f3n sobre Twind\" \/>\n<meta name=\"robots\" content=\"noindex, nofollow\" \/>\n<meta property=\"og:locale\" content=\"es_ES\" \/>\n<meta property=\"og:type\" content=\"article\" \/>\n<meta property=\"og:title\" content=\"Contacto contratistas - Twind\" \/>\n<meta property=\"og:description\" content=\"Contacta con nosotros para recibir m\u00e1s informaci\u00f3n sobre Twind\" \/>\n<meta property=\"og:url\" content=\"https:\/\/twind.io\/es\/contacto-contratistas\/\" \/>\n<meta property=\"og:site_name\" content=\"Twind - Plataforma de Coordinaci\u00f3n de Actividades Empresariales\" \/>\n<meta property=\"article:modified_time\" content=\"2026-02-10T09:34:23+00:00\" \/>\n<meta name=\"twitter:card\" content=\"summary_large_image\" \/>\n<meta name=\"twitter:label1\" content=\"Tiempo de lectura\" \/>\n\t<meta name=\"twitter:data1\" content=\"2 minutos\" \/>\n<script type=\"application\/ld+json\" class=\"yoast-schema-graph\">{\"@context\":\"https:\\\/\\\/schema.org\",\"@graph\":[{\"@type\":\"WebPage\",\"@id\":\"https:\\\/\\\/twind.io\\\/es\\\/contacto-contratistas\\\/\",\"url\":\"https:\\\/\\\/twind.io\\\/es\\\/contacto-contratistas\\\/\",\"name\":\"Contacto contratistas - Twind\",\"isPartOf\":{\"@id\":\"https:\\\/\\\/twind.io\\\/es\\\/#website\"},\"datePublished\":\"2026-02-10T07:44:08+00:00\",\"dateModified\":\"2026-02-10T09:34:23+00:00\",\"description\":\"Contacta con nosotros para recibir m\u00e1s informaci\u00f3n sobre Twind\",\"breadcrumb\":{\"@id\":\"https:\\\/\\\/twind.io\\\/es\\\/contacto-contratistas\\\/#breadcrumb\"},\"inLanguage\":\"es\",\"potentialAction\":[{\"@type\":\"ReadAction\",\"target\":[\"https:\\\/\\\/twind.io\\\/es\\\/contacto-contratistas\\\/\"]}]},{\"@type\":\"BreadcrumbList\",\"@id\":\"https:\\\/\\\/twind.io\\\/es\\\/contacto-contratistas\\\/#breadcrumb\",\"itemListElement\":[{\"@type\":\"ListItem\",\"position\":1,\"name\":\"Portada\",\"item\":\"https:\\\/\\\/twind.io\\\/es\\\/\"},{\"@type\":\"ListItem\",\"position\":2,\"name\":\"Contacto monetizaci\u00f3n contratistas\"}]},{\"@type\":\"WebSite\",\"@id\":\"https:\\\/\\\/twind.io\\\/es\\\/#website\",\"url\":\"https:\\\/\\\/twind.io\\\/es\\\/\",\"name\":\"Twind - Plataforma de Coordinaci\u00f3n de Actividades Empresariales\",\"description\":\"Coordina los procesos de gesti\u00f3n documental y control de contratistas y proveedores, respetando la normativa en materia de Seguridad y Salud en el Trabajo.\",\"potentialAction\":[{\"@type\":\"SearchAction\",\"target\":{\"@type\":\"EntryPoint\",\"urlTemplate\":\"https:\\\/\\\/twind.io\\\/es\\\/?s={search_term_string}\"},\"query-input\":{\"@type\":\"PropertyValueSpecification\",\"valueRequired\":true,\"valueName\":\"search_term_string\"}}],\"inLanguage\":\"es\"}]}<\/script>\n<!-- \/ Yoast SEO plugin. -->","yoast_head_json":{"title":"Contacto contratistas - Twind","description":"Contacta con nosotros para recibir m\u00e1s informaci\u00f3n sobre Twind","robots":{"index":"noindex","follow":"nofollow"},"og_locale":"es_ES","og_type":"article","og_title":"Contacto contratistas - Twind","og_description":"Contacta con nosotros para recibir m\u00e1s informaci\u00f3n sobre Twind","og_url":"https:\/\/twind.io\/es\/contacto-contratistas\/","og_site_name":"Twind - Plataforma de Coordinaci\u00f3n de Actividades Empresariales","article_modified_time":"2026-02-10T09:34:23+00:00","twitter_card":"summary_large_image","twitter_misc":{"Tiempo de lectura":"2 minutos"},"schema":{"@context":"https:\/\/schema.org","@graph":[{"@type":"WebPage","@id":"https:\/\/twind.io\/es\/contacto-contratistas\/","url":"https:\/\/twind.io\/es\/contacto-contratistas\/","name":"Contacto contratistas - Twind","isPartOf":{"@id":"https:\/\/twind.io\/es\/#website"},"datePublished":"2026-02-10T07:44:08+00:00","dateModified":"2026-02-10T09:34:23+00:00","description":"Contacta con nosotros para recibir m\u00e1s informaci\u00f3n sobre Twind","breadcrumb":{"@id":"https:\/\/twind.io\/es\/contacto-contratistas\/#breadcrumb"},"inLanguage":"es","potentialAction":[{"@type":"ReadAction","target":["https:\/\/twind.io\/es\/contacto-contratistas\/"]}]},{"@type":"BreadcrumbList","@id":"https:\/\/twind.io\/es\/contacto-contratistas\/#breadcrumb","itemListElement":[{"@type":"ListItem","position":1,"name":"Portada","item":"https:\/\/twind.io\/es\/"},{"@type":"ListItem","position":2,"name":"Contacto monetizaci\u00f3n contratistas"}]},{"@type":"WebSite","@id":"https:\/\/twind.io\/es\/#website","url":"https:\/\/twind.io\/es\/","name":"Twind - Plataforma de Coordinaci\u00f3n de Actividades Empresariales","description":"Coordina los procesos de gesti\u00f3n documental y control de contratistas y proveedores, respetando la normativa en materia de Seguridad y Salud en el Trabajo.","potentialAction":[{"@type":"SearchAction","target":{"@type":"EntryPoint","urlTemplate":"https:\/\/twind.io\/es\/?s={search_term_string}"},"query-input":{"@type":"PropertyValueSpecification","valueRequired":true,"valueName":"search_term_string"}}],"inLanguage":"es"}]}},"_links":{"self":[{"href":"https:\/\/twind.io\/es\/wp-json\/wp\/v2\/pages\/38104","targetHints":{"allow":["GET"]}}],"collection":[{"href":"https:\/\/twind.io\/es\/wp-json\/wp\/v2\/pages"}],"about":[{"href":"https:\/\/twind.io\/es\/wp-json\/wp\/v2\/types\/page"}],"author":[{"embeddable":true,"href":"https:\/\/twind.io\/es\/wp-json\/wp\/v2\/users\/1"}],"replies":[{"embeddable":true,"href":"https:\/\/twind.io\/es\/wp-json\/wp\/v2\/comments?post=38104"}],"version-history":[{"count":3,"href":"https:\/\/twind.io\/es\/wp-json\/wp\/v2\/pages\/38104\/revisions"}],"predecessor-version":[{"id":38108,"href":"https:\/\/twind.io\/es\/wp-json\/wp\/v2\/pages\/38104\/revisions\/38108"}],"wp:attachment":[{"href":"https:\/\/twind.io\/es\/wp-json\/wp\/v2\/media?parent=38104"}],"curies":[{"name":"wp","href":"https:\/\/api.w.org\/{rel}","templated":true}]}}