{"id":38288,"date":"2026-02-27T11:13:36","date_gmt":"2026-02-27T11:13:36","guid":{"rendered":"https:\/\/twind.io\/es\/?page_id=38288"},"modified":"2026-03-26T14:36:38","modified_gmt":"2026-03-26T14:36:38","slug":"webinar-de-riesgo-laboral-a-cumplimiento-total-gestion-de-contratistas-con-twind","status":"publish","type":"page","link":"https:\/\/twind.io\/es\/webinar-de-riesgo-laboral-a-cumplimiento-total-gestion-de-contratistas-con-twind\/","title":{"rendered":"Webinar Latinoam\u00e9rica: De riesgo laboral a cumplimiento total con Twind"},"content":{"rendered":"<p><span style=\"\"><img decoding=\"async\" alt=\"Twind\" data-id=\"309\" width=\"186\" data-init-width=\"750\" height=\"48\" data-init-height=\"92\" title=\"Twind\" src=\"https:\/\/twind.io\/es\/wp-content\/uploads\/2023\/04\/Logo-Twind.svg\" data-width=\"186\" data-height=\"48\" style=\"aspect-ratio: auto 750 \/ 92;\" mt-d=\"0\" ml-d=\"0\" center-v-d=\"false\" mt-m=\"0\" ml-m=\"0\" loading=\"lazy\"><\/span><\/p>\n<p style=\"\">Webinar gratuito<span style=\"\"><\/span><\/p>\n<p style=\"\"><span style=\"\">Exclusivo LATAM<\/span><\/p>\n<p style=\"text-align: left;\"><span><span data-contrast=\"auto\" lang=\"ES-ES\"><span style=\"--tcb-applied-color: var$(--tcb-color-4) !important; color: var(--tcb-color-4) !important;\">De riesgo laboral a cumplimiento total:<\/span> Gesti\u00f3n de contratistas con Twind<\/span><\/span><\/p>\n<p><span style=\"\"><a href=\"https:\/\/twind.io\/es\/wp-content\/uploads\/2026\/02\/calendar-2.svg\" target=\"_blank\" rel=\"nofollow\"><img decoding=\"async\" alt=\"\" data-id=\"38084\" title=\"calendar (1)\" src=\"https:\/\/twind.io\/es\/wp-content\/uploads\/2026\/02\/calendar-1.svg\" data-link-wrap=\"true\" data-width=\"33\" data-height=\"33\" style=\"aspect-ratio: auto 33 \/ 33;\" mt-d=\"0\" ml-d=\"0\" height=\"33\" width=\"33\" data-init-width=\"33\" data-init-height=\"33\" loading=\"lazy\"><\/a><\/span><\/p>\n<p style=\"\"><span style=\"font-weight: normal;\">24 de marzo 2026<\/span><\/p>\n<p style=\"\"><span style=\"font-weight: normal;\">10:00h MX &nbsp;&#8211; 11:00h CO<\/span><\/p>\n<p lang=\"ES-ES\" style=\"\"><strong>Descubre c\u00f3mo cumplir con toda la normativa de seguridad y gesti\u00f3n de contratistas sin aumentar tu equipo ni vivir apagando incendios, gracias a la gesti\u00f3n simplificada y automatizada con Twind. <\/strong><\/p>\n<p lang=\"ES-ES\" style=\"\"><span data-ccp-props=\"{}\"><\/span><\/p>\n<p lang=\"ES-ES\" style=\"\"><span data-contrast=\"auto\" lang=\"EN-US\"><strong>En Latinoam\u00e9rica, las multas por incumplimientos en Seguridad y Salud y control documental de contratistas pueden superar los miles de d\u00f3lares por infracci\u00f3n.<\/strong> Y aumentar por reincidencia por cada trabajador afectado.<\/span><\/p>\n<p lang=\"ES-ES\" style=\"\"><\/p>\n<p lang=\"ES-ES\" style=\"\"><span data-contrast=\"auto\" lang=\"EN-US\"><\/span><span data-contrast=\"auto\" lang=\"EN-US\">Pero el verdadero problema no es la sanci\u00f3n: <strong>es no poder demostrar cumplimiento cuando llega la inspecci\u00f3n.<\/strong><\/span><\/p>\n<p lang=\"ES-ES\" style=\"\"><\/p>\n<p lang=\"ES-ES\" style=\"\"><span data-contrast=\"auto\" lang=\"EN-US\" style=\"font-family: Poppins; font-weight: 400; --tcb-applied-color: rgb(26, 48, 55) !important; color: rgb(26, 48, 55) !important;\"><\/span><span style=\"color: rgb(26, 48, 55) !important;\"><span style=\"--tcb-applied-color: rgb(26, 48, 55) !important;\"><span style=\"font-weight: 400;\"><span style=\"font-family: Poppins;\"><span data-contrast=\"auto\" lang=\"EN-US\">En este webinar, descubrir\u00e1s: &nbsp;&nbsp;<\/span><span data-ccp-props=\"{}\">&nbsp;<\/span><br \/><span data-ccp-props=\"{}\"><\/span><\/span><\/span><\/span><\/span><\/p>\n<ul>\n<li \"=\"\" 1\"=\"\" =\"\"=\"\" data-aria-posinset=\"1\" data-font=\"Symbol\" data-leveltext=\"\uf0b7\" data-list-defn-props=\"{&quot;335552541&quot;:1,&quot;335559683&quot;:0,&quot;335559684&quot;:-2,&quot;335559685&quot;:720,&quot;335559991&quot;:360,&quot;469769226&quot;:&quot;Symbol&quot;,&quot;469769242&quot;:[8226],&quot;469777803&quot;:&quot;left&quot;,&quot;469777804&quot;:&quot;\uf0b7&quot;,&quot;469777815&quot;:&quot;hybridMultilevel&quot;}\" data-listid=\"7\" style=\"\"><span style=\"color: rgb(26, 48, 55) !important;\"><span style=\"--tcb-applied-color: rgb(26, 48, 55) !important;\"><span style=\"font-weight: 400;\"><span style=\"font-family: Poppins;\"><span data-contrast=\"auto\" lang=\"EN-US\">Los errores m\u00e1s comunes detectados en auditor\u00edas y sanciones aplicadas. &nbsp;<\/span><\/span><\/span><\/span><span style=\"--tcb-applied-color: rgb(26, 48, 55) !important;\"><span style=\"font-weight: 400;\"><span style=\"font-family: Poppins;\"><span data-ccp-props=\"{}\">&nbsp;<\/span><\/span><\/span><\/span><\/span><\/li>\n<li \"=\"\" 1\"=\"\" =\"\"=\"\" data-aria-posinset=\"2\" data-font=\"Symbol\" data-leveltext=\"\uf0b7\" data-list-defn-props=\"{&quot;335552541&quot;:1,&quot;335559683&quot;:0,&quot;335559684&quot;:-2,&quot;335559685&quot;:720,&quot;335559991&quot;:360,&quot;469769226&quot;:&quot;Symbol&quot;,&quot;469769242&quot;:[8226],&quot;469777803&quot;:&quot;left&quot;,&quot;469777804&quot;:&quot;\uf0b7&quot;,&quot;469777815&quot;:&quot;hybridMultilevel&quot;}\" data-listid=\"7\" style=\"\"><span style=\"color: rgb(26, 48, 55) !important;\"><span style=\"--tcb-applied-color: rgb(26, 48, 55) !important;\"><span style=\"font-weight: 400;\"><span style=\"font-family: Poppins;\"><span data-contrast=\"auto\" lang=\"EN-US\">C\u00f3mo&nbsp;obtener&nbsp;visibilidad&nbsp;en&nbsp;tiempo&nbsp;real del&nbsp;estado&nbsp;del&nbsp;cumplimiento&nbsp;de&nbsp;trabajadores,&nbsp;empresas&nbsp;y&nbsp;recursos.&nbsp;&nbsp;<\/span><span data-ccp-props=\"{}\">&nbsp;<\/span><\/span><\/span><\/span><\/span><\/li>\n<li \"=\"\" 1\"=\"\" =\"\"=\"\" data-aria-posinset=\"3\" data-font=\"Symbol\" data-leveltext=\"\uf0b7\" data-list-defn-props=\"{&quot;335552541&quot;:1,&quot;335559683&quot;:0,&quot;335559684&quot;:-2,&quot;335559685&quot;:720,&quot;335559991&quot;:360,&quot;469769226&quot;:&quot;Symbol&quot;,&quot;469769242&quot;:[8226],&quot;469777803&quot;:&quot;left&quot;,&quot;469777804&quot;:&quot;\uf0b7&quot;,&quot;469777815&quot;:&quot;hybridMultilevel&quot;}\" data-listid=\"7\" style=\"\"><span style=\"color: rgb(26, 48, 55) !important;\"><span style=\"--tcb-applied-color: rgb(26, 48, 55) !important;\"><span style=\"font-weight: 400;\"><span style=\"font-family: Poppins;\"><span data-contrast=\"auto\" lang=\"EN-US\">C\u00f3mo&nbsp;generar&nbsp;evidencia&nbsp;inmediata&nbsp;ante&nbsp;auditor\u00edas&nbsp;e&nbsp;inspecciones.&nbsp;&nbsp;<\/span><\/span><\/span><\/span><span style=\"--tcb-applied-color: rgb(26, 48, 55) !important;\"><span style=\"font-weight: 400;\"><span style=\"font-family: Poppins;\"><span data-ccp-props=\"{}\">&nbsp;<\/span><\/span><\/span><\/span><\/span><\/li>\n<\/ul>\n<p lang=\"ES-ES\" style=\"\"><span style=\"color: rgb(26, 48, 55) !important;\"><span style=\"--tcb-applied-color: rgb(26, 48, 55) !important;\"><span style=\"font-weight: 400;\"><span style=\"font-family: Poppins;\"><span data-contrast=\"auto\" lang=\"EN-US\">Adem\u00e1s,&nbsp;ver\u00e1s&nbsp;c\u00f3mo&nbsp;empresas&nbsp;con alto&nbsp;volumen&nbsp;de&nbsp;contratistas&nbsp;operan&nbsp;con control total y&nbsp;trazabilidad&nbsp;completa,&nbsp;reduciendo&nbsp;riesgos,&nbsp;tiempo&nbsp;y&nbsp;costos&nbsp;gracias a la&nbsp;digitalizaci\u00f3n.<\/span><\/span><\/span><\/span><\/span><span data-ccp-props=\"{}\" style=\"font-family: Poppins; font-weight: 400; --tcb-applied-color: rgb(26, 48, 55) !important; color: rgb(26, 48, 55) !important;\">&nbsp;<\/span><\/p>\n<p style=\"\"><a href=\"#tve-jump-19c472e0423\" style=\"outline: none;\" spellcheck=\"false\" jump-animation=\"smooth\"><span style=\"\"><strong><span style=\"\">Reg\u00edstrate gratis: Podr\u00e1s participar del vivo o acceder on demand<\/span><\/strong><\/span><\/a>&nbsp;<\/p>\n<p style=\"text-align: center;\"><span data-ccp-props=\"{&quot;201341983&quot;:0,&quot;335559739&quot;:160,&quot;335559740&quot;:259}\" style=\"\"><strong><strong>Speakers:<\/strong><\/strong><\/span><\/p>\n<p><span style=\"\"><img decoding=\"async\" alt=\"\" data-id=\"38295\" width=\"128\" data-init-width=\"245\" height=\"128\" data-init-height=\"245\" title=\"Foto Quique\" src=\"https:\/\/twind.io\/es\/wp-content\/uploads\/2026\/02\/Foto-Quique.png\" data-width=\"128\" data-height=\"128\" style=\"aspect-ratio: auto 245 \/ 245;\" mt-d=\"0\" ml-d=\"0\" center-v-d=\"false\" mt-t=\"-7.391000000000005\" ml-t=\"0\" center-h-d=\"false\" mt-m=\"-1.1089999999999947\" ml-m=\"0\" loading=\"lazy\"><\/span><\/p>\n<p style=\"text-align: left;\"><span data-ccp-props=\"{&quot;201341983&quot;:0,&quot;335559739&quot;:160,&quot;335559740&quot;:259}\" style=\"\"><strong><span style=\"--tcb-applied-color: var$(--tcb-skin-color-0) !important; color: var(--tcb-skin-color-0) !important;\">Enrique Escolar-Noriega<\/span><\/strong><\/span><\/p>\n<p style=\"text-align: left;\"><span data-ccp-props=\"{&quot;201341983&quot;:0,&quot;335559739&quot;:160,&quot;335559740&quot;:259}\" style=\"\">Head of International Growth<\/span><\/p>\n<p style=\"text-align: left;\"><span data-ccp-props=\"{&quot;201341983&quot;:0,&quot;335559739&quot;:160,&quot;335559740&quot;:259}\" style=\"\"><strong><span style=\"\">CTAIMA<\/span><\/strong><br \/><\/span><\/p>\n<p><span style=\"\"><img decoding=\"async\" alt=\"\" data-id=\"38294\" width=\"128\" data-init-width=\"245\" height=\"128\" data-init-height=\"245\" title=\"Foto Andrea Estefania\" src=\"https:\/\/twind.io\/es\/wp-content\/uploads\/2026\/02\/Foto-Andrea-Estefania.png\" data-width=\"128\" data-height=\"128\" style=\"aspect-ratio: auto 245 \/ 245;\" mt-d=\"0\" ml-d=\"0\" center-v-d=\"false\" mt-t=\"-7.391000000000005\" ml-t=\"0\" center-h-d=\"false\" mt-m=\"0\" ml-m=\"-7.688000000000002\" loading=\"lazy\"><\/span><\/p>\n<p style=\"text-align: left;\"><span data-ccp-props=\"{&quot;201341983&quot;:0,&quot;335559739&quot;:160,&quot;335559740&quot;:259}\" style=\"\"><strong><span style=\"--tcb-applied-color: var$(--tcb-skin-color-0) !important; color: var(--tcb-skin-color-0) !important;\">Andrea Estefan\u00eda S\u00e1nchez Mora<\/span><\/strong><\/span><\/p>\n<p style=\"text-align: left;\"><span data-ccp-props=\"{&quot;201341983&quot;:0,&quot;335559739&quot;:160,&quot;335559740&quot;:259}\" style=\"\"><span data-contrast=\"auto\" lang=\"PT-PT\" style=\"\">HSEQ Manager<\/span><\/span><\/p>\n<p style=\"text-align: left;\"><span data-ccp-props=\"{&quot;201341983&quot;:0,&quot;335559739&quot;:160,&quot;335559740&quot;:259}\" style=\"\">CTAIMA<\/span><\/p>\n<p style=\"text-align: center;\"><span style=\"font-weight: normal;\"><span><span>Reg\u00edstrate ahora o mira el v\u00eddeo on demand cuando quieras.<\/span><em><span><\/span><\/em><\/span><\/span><\/p>\n\n\t\t\t\t\t\t<script>\n\t\t\t\t\t\t\twindow.hsFormsOnReady = window.hsFormsOnReady || [];\n\t\t\t\t\t\t\twindow.hsFormsOnReady.push(()=>{\n\t\t\t\t\t\t\t\thbspt.forms.create({\n\t\t\t\t\t\t\t\t\tportalId: 146424663,\n\t\t\t\t\t\t\t\t\tformId: \"3ca7a967-1aaa-44d0-8fdd-d6c70900f41f\",\n\t\t\t\t\t\t\t\t\ttarget: \"#hbspt-form-1775406265000-0875444722\",\n\t\t\t\t\t\t\t\t\tregion: \"eu1\",\n\t\t\t\t\t\t\t\t\t\n\t\t\t\t\t\t\t})});\n\t\t\t\t\t\t<\/script>\n\t\t\t\t\t\t<div class=\"hbspt-form\" id=\"hbspt-form-1775406265000-0875444722\"><\/div>\n<h3 style=\"text-align: center;\"><\/h3>\n","protected":false},"excerpt":{"rendered":"<p>Webinar gratuito Exclusivo LATAM De riesgo laboral a cumplimiento total: Gesti\u00f3n de contratistas con Twind 24 de marzo 2026 10:00h MX &nbsp;&#8211; 11:00h CO Descubre c\u00f3mo cumplir con toda la normativa de seguridad y gesti\u00f3n de contratistas sin aumentar tu equipo ni vivir apagando incendios, gracias a la gesti\u00f3n simplificada y automatizada con Twind. En [&hellip;]<\/p>\n","protected":false},"author":1,"featured_media":0,"parent":0,"menu_order":0,"comment_status":"closed","ping_status":"closed","template":"","meta":{"content-type":"","footnotes":""},"class_list":["post-38288","page","type-page","status-publish","hentry","post-wrapper","thrv_wrapper"],"yoast_head":"<!-- This site is optimized with the Yoast SEO plugin v27.3 - https:\/\/yoast.com\/product\/yoast-seo-wordpress\/ -->\n<title>Webinar de riesgo laboral a cumplimiento total: gesti\u00f3n de contratistas con Twind<\/title>\n<meta name=\"description\" content=\"Webinar de riesgo laboral a cumplimiento total: gesti\u00f3n de contratistas con Twind\" \/>\n<meta name=\"robots\" content=\"noindex, nofollow\" \/>\n<meta property=\"og:locale\" content=\"es_ES\" \/>\n<meta property=\"og:type\" content=\"article\" \/>\n<meta property=\"og:title\" content=\"Webinar de riesgo laboral a cumplimiento total: gesti\u00f3n de contratistas con Twind\" \/>\n<meta property=\"og:description\" content=\"Webinar de riesgo laboral a cumplimiento total: gesti\u00f3n de contratistas con Twind\" \/>\n<meta property=\"og:url\" content=\"https:\/\/twind.io\/es\/webinar-de-riesgo-laboral-a-cumplimiento-total-gestion-de-contratistas-con-twind\/\" \/>\n<meta property=\"og:site_name\" content=\"Twind - Plataforma de Coordinaci\u00f3n de Actividades Empresariales\" \/>\n<meta property=\"article:modified_time\" content=\"2026-03-26T14:36:38+00:00\" \/>\n<meta property=\"og:image\" content=\"https:\/\/twind.io\/es\/wp-content\/uploads\/2023\/04\/Logo-Twind.svg\" \/>\n<meta name=\"twitter:card\" content=\"summary_large_image\" \/>\n<meta name=\"twitter:label1\" content=\"Tiempo de lectura\" \/>\n\t<meta name=\"twitter:data1\" content=\"3 minutos\" \/>\n<script type=\"application\/ld+json\" class=\"yoast-schema-graph\">{\"@context\":\"https:\\\/\\\/schema.org\",\"@graph\":[{\"@type\":\"WebPage\",\"@id\":\"https:\\\/\\\/twind.io\\\/es\\\/webinar-de-riesgo-laboral-a-cumplimiento-total-gestion-de-contratistas-con-twind\\\/\",\"url\":\"https:\\\/\\\/twind.io\\\/es\\\/webinar-de-riesgo-laboral-a-cumplimiento-total-gestion-de-contratistas-con-twind\\\/\",\"name\":\"Webinar de riesgo laboral a cumplimiento total: gesti\u00f3n de contratistas con Twind\",\"isPartOf\":{\"@id\":\"https:\\\/\\\/twind.io\\\/es\\\/#website\"},\"primaryImageOfPage\":{\"@id\":\"https:\\\/\\\/twind.io\\\/es\\\/webinar-de-riesgo-laboral-a-cumplimiento-total-gestion-de-contratistas-con-twind\\\/#primaryimage\"},\"image\":{\"@id\":\"https:\\\/\\\/twind.io\\\/es\\\/webinar-de-riesgo-laboral-a-cumplimiento-total-gestion-de-contratistas-con-twind\\\/#primaryimage\"},\"thumbnailUrl\":\"https:\\\/\\\/twind.io\\\/es\\\/wp-content\\\/uploads\\\/2023\\\/04\\\/Logo-Twind.svg\",\"datePublished\":\"2026-02-27T11:13:36+00:00\",\"dateModified\":\"2026-03-26T14:36:38+00:00\",\"description\":\"Webinar de riesgo laboral a cumplimiento total: gesti\u00f3n de contratistas con Twind\",\"breadcrumb\":{\"@id\":\"https:\\\/\\\/twind.io\\\/es\\\/webinar-de-riesgo-laboral-a-cumplimiento-total-gestion-de-contratistas-con-twind\\\/#breadcrumb\"},\"inLanguage\":\"es\",\"potentialAction\":[{\"@type\":\"ReadAction\",\"target\":[\"https:\\\/\\\/twind.io\\\/es\\\/webinar-de-riesgo-laboral-a-cumplimiento-total-gestion-de-contratistas-con-twind\\\/\"]}]},{\"@type\":\"ImageObject\",\"inLanguage\":\"es\",\"@id\":\"https:\\\/\\\/twind.io\\\/es\\\/webinar-de-riesgo-laboral-a-cumplimiento-total-gestion-de-contratistas-con-twind\\\/#primaryimage\",\"url\":\"https:\\\/\\\/twind.io\\\/es\\\/wp-content\\\/uploads\\\/2023\\\/04\\\/Logo-Twind.svg\",\"contentUrl\":\"https:\\\/\\\/twind.io\\\/es\\\/wp-content\\\/uploads\\\/2023\\\/04\\\/Logo-Twind.svg\",\"caption\":\"Twind\"},{\"@type\":\"BreadcrumbList\",\"@id\":\"https:\\\/\\\/twind.io\\\/es\\\/webinar-de-riesgo-laboral-a-cumplimiento-total-gestion-de-contratistas-con-twind\\\/#breadcrumb\",\"itemListElement\":[{\"@type\":\"ListItem\",\"position\":1,\"name\":\"Portada\",\"item\":\"https:\\\/\\\/twind.io\\\/es\\\/\"},{\"@type\":\"ListItem\",\"position\":2,\"name\":\"Webinar Latinoam\u00e9rica: De riesgo laboral a cumplimiento total con Twind\"}]},{\"@type\":\"WebSite\",\"@id\":\"https:\\\/\\\/twind.io\\\/es\\\/#website\",\"url\":\"https:\\\/\\\/twind.io\\\/es\\\/\",\"name\":\"Twind - Plataforma de Coordinaci\u00f3n de Actividades Empresariales\",\"description\":\"Coordina los procesos de gesti\u00f3n documental y control de contratistas y proveedores, respetando la normativa en materia de Seguridad y Salud en el Trabajo.\",\"potentialAction\":[{\"@type\":\"SearchAction\",\"target\":{\"@type\":\"EntryPoint\",\"urlTemplate\":\"https:\\\/\\\/twind.io\\\/es\\\/?s={search_term_string}\"},\"query-input\":{\"@type\":\"PropertyValueSpecification\",\"valueRequired\":true,\"valueName\":\"search_term_string\"}}],\"inLanguage\":\"es\"}]}<\/script>\n<!-- \/ Yoast SEO plugin. -->","yoast_head_json":{"title":"Webinar de riesgo laboral a cumplimiento total: gesti\u00f3n de contratistas con Twind","description":"Webinar de riesgo laboral a cumplimiento total: gesti\u00f3n de contratistas con Twind","robots":{"index":"noindex","follow":"nofollow"},"og_locale":"es_ES","og_type":"article","og_title":"Webinar de riesgo laboral a cumplimiento total: gesti\u00f3n de contratistas con Twind","og_description":"Webinar de riesgo laboral a cumplimiento total: gesti\u00f3n de contratistas con Twind","og_url":"https:\/\/twind.io\/es\/webinar-de-riesgo-laboral-a-cumplimiento-total-gestion-de-contratistas-con-twind\/","og_site_name":"Twind - Plataforma de Coordinaci\u00f3n de Actividades Empresariales","article_modified_time":"2026-03-26T14:36:38+00:00","og_image":[{"url":"https:\/\/twind.io\/es\/wp-content\/uploads\/2023\/04\/Logo-Twind.svg","type":"","width":"","height":""}],"twitter_card":"summary_large_image","twitter_misc":{"Tiempo de lectura":"3 minutos"},"schema":{"@context":"https:\/\/schema.org","@graph":[{"@type":"WebPage","@id":"https:\/\/twind.io\/es\/webinar-de-riesgo-laboral-a-cumplimiento-total-gestion-de-contratistas-con-twind\/","url":"https:\/\/twind.io\/es\/webinar-de-riesgo-laboral-a-cumplimiento-total-gestion-de-contratistas-con-twind\/","name":"Webinar de riesgo laboral a cumplimiento total: gesti\u00f3n de contratistas con Twind","isPartOf":{"@id":"https:\/\/twind.io\/es\/#website"},"primaryImageOfPage":{"@id":"https:\/\/twind.io\/es\/webinar-de-riesgo-laboral-a-cumplimiento-total-gestion-de-contratistas-con-twind\/#primaryimage"},"image":{"@id":"https:\/\/twind.io\/es\/webinar-de-riesgo-laboral-a-cumplimiento-total-gestion-de-contratistas-con-twind\/#primaryimage"},"thumbnailUrl":"https:\/\/twind.io\/es\/wp-content\/uploads\/2023\/04\/Logo-Twind.svg","datePublished":"2026-02-27T11:13:36+00:00","dateModified":"2026-03-26T14:36:38+00:00","description":"Webinar de riesgo laboral a cumplimiento total: gesti\u00f3n de contratistas con Twind","breadcrumb":{"@id":"https:\/\/twind.io\/es\/webinar-de-riesgo-laboral-a-cumplimiento-total-gestion-de-contratistas-con-twind\/#breadcrumb"},"inLanguage":"es","potentialAction":[{"@type":"ReadAction","target":["https:\/\/twind.io\/es\/webinar-de-riesgo-laboral-a-cumplimiento-total-gestion-de-contratistas-con-twind\/"]}]},{"@type":"ImageObject","inLanguage":"es","@id":"https:\/\/twind.io\/es\/webinar-de-riesgo-laboral-a-cumplimiento-total-gestion-de-contratistas-con-twind\/#primaryimage","url":"https:\/\/twind.io\/es\/wp-content\/uploads\/2023\/04\/Logo-Twind.svg","contentUrl":"https:\/\/twind.io\/es\/wp-content\/uploads\/2023\/04\/Logo-Twind.svg","caption":"Twind"},{"@type":"BreadcrumbList","@id":"https:\/\/twind.io\/es\/webinar-de-riesgo-laboral-a-cumplimiento-total-gestion-de-contratistas-con-twind\/#breadcrumb","itemListElement":[{"@type":"ListItem","position":1,"name":"Portada","item":"https:\/\/twind.io\/es\/"},{"@type":"ListItem","position":2,"name":"Webinar Latinoam\u00e9rica: De riesgo laboral a cumplimiento total con Twind"}]},{"@type":"WebSite","@id":"https:\/\/twind.io\/es\/#website","url":"https:\/\/twind.io\/es\/","name":"Twind - Plataforma de Coordinaci\u00f3n de Actividades Empresariales","description":"Coordina los procesos de gesti\u00f3n documental y control de contratistas y proveedores, respetando la normativa en materia de Seguridad y Salud en el Trabajo.","potentialAction":[{"@type":"SearchAction","target":{"@type":"EntryPoint","urlTemplate":"https:\/\/twind.io\/es\/?s={search_term_string}"},"query-input":{"@type":"PropertyValueSpecification","valueRequired":true,"valueName":"search_term_string"}}],"inLanguage":"es"}]}},"_links":{"self":[{"href":"https:\/\/twind.io\/es\/wp-json\/wp\/v2\/pages\/38288","targetHints":{"allow":["GET"]}}],"collection":[{"href":"https:\/\/twind.io\/es\/wp-json\/wp\/v2\/pages"}],"about":[{"href":"https:\/\/twind.io\/es\/wp-json\/wp\/v2\/types\/page"}],"author":[{"embeddable":true,"href":"https:\/\/twind.io\/es\/wp-json\/wp\/v2\/users\/1"}],"replies":[{"embeddable":true,"href":"https:\/\/twind.io\/es\/wp-json\/wp\/v2\/comments?post=38288"}],"version-history":[{"count":18,"href":"https:\/\/twind.io\/es\/wp-json\/wp\/v2\/pages\/38288\/revisions"}],"predecessor-version":[{"id":38484,"href":"https:\/\/twind.io\/es\/wp-json\/wp\/v2\/pages\/38288\/revisions\/38484"}],"wp:attachment":[{"href":"https:\/\/twind.io\/es\/wp-json\/wp\/v2\/media?parent=38288"}],"curies":[{"name":"wp","href":"https:\/\/api.w.org\/{rel}","templated":true}]}}