{"id":38554,"date":"2026-04-09T08:48:45","date_gmt":"2026-04-09T08:48:45","guid":{"rendered":"https:\/\/twind.io\/es\/?page_id=38554"},"modified":"2026-05-07T12:58:21","modified_gmt":"2026-05-07T12:58:21","slug":"webinar-ia-aplicada-prl-cae","status":"publish","type":"page","link":"https:\/\/twind.io\/es\/webinar-ia-aplicada-prl-cae\/","title":{"rendered":"Webinar IA aplicada a PRL+CAE"},"content":{"rendered":"<p><span style=\"\"><img decoding=\"async\" alt=\"\" data-id=\"36596\" width=\"456\" data-init-width=\"750\" height=\"56\" data-init-height=\"92\" title=\"\" src=\"https:\/\/twind.io\/es\/wp-content\/uploads\/2025\/10\/logos-grupo-ctaima.png\" data-width=\"456\" data-height=\"56\" style=\"aspect-ratio: auto 750 \/ 92;\" mt-d=\"-0.5313000000000017\" ml-d=\"0\" center-v-d=\"false\" mt-m=\"0\" ml-m=\"0\" loading=\"lazy\"><\/span><\/p>\n<p style=\"\">Webinar gratuito<\/p>\n<p style=\"text-align: left;\"><span style=\"\"><span data-contrast=\"auto\" lang=\"ES-ES\" style=\"\">PRL y CAE en la era de la IA: Normativa, impacto y casos reales<\/span><\/span><span style=\"\"><span data-ccp-props=\"{}\" style=\"\">&nbsp;<\/span><\/span><\/p>\n<p><span style=\"\"><a href=\"https:\/\/twind.io\/es\/wp-content\/uploads\/2026\/02\/calendar-2.svg\" target=\"_blank\" rel=\"nofollow\"><img decoding=\"async\" alt=\"\" data-id=\"38084\" title=\"calendar (1)\" src=\"https:\/\/twind.io\/es\/wp-content\/uploads\/2026\/02\/calendar-1.svg\" data-link-wrap=\"true\" data-width=\"33\" data-height=\"33\" style=\"aspect-ratio: auto 33 \/ 33;\" mt-d=\"0\" ml-d=\"0\" height=\"33\" width=\"33\" data-init-width=\"33\" data-init-height=\"33\" loading=\"lazy\"><\/a><\/span><\/p>\n<p style=\"\"><span style=\"font-weight: normal; --tcb-applied-color: rgb(26, 48, 55) !important;\">Disponible <em>On Demand<\/em><\/span><\/p>\n<p><span data-teams=\"true\"><strong><span style=\"font-size: 20px !important; --tcb-applied-color: var$(--tcb-color-4) !important; color: var(--tcb-color-4) !important;\"><span data-contrast=\"none\" lang=\"EN-US\">Entre 2 y 4 horas diarias. Eso es lo que la gesti\u00f3n documental de contratistas consume al t\u00e9cnico PRL.&nbsp;<\/span><\/span><\/strong><\/span><span style=\"--tcb-applied-color: var$(--tcb-color-4) !important; color: var(--tcb-color-4) !important;\"><br \/><\/span><span data-teams=\"true\"><br \/><span data-contrast=\"none\" lang=\"ES-ES\">La&nbsp;Inteligencia Artificial&nbsp;est\u00e1 transformando la Prevenci\u00f3n de Riesgos Laborales: desde c\u00f3mo se identifican y eval\u00faan riesgos hasta c\u00f3mo se gestiona la documentaci\u00f3n de los contratistas. <\/span><\/span><\/p>\n<p><span data-teams=\"true\"><span data-contrast=\"none\" lang=\"ES-ES\">Pero tambi\u00e9n genera preguntas: \u00bfqui\u00e9n responde si el sistema falla? \u00bfC\u00f3mo aplica la normativa? \u00bfC\u00f3mo afecta a los equipos con menor alfabetizaci\u00f3n digital?<\/span><span data-ccp-props=\"{&quot;335559738&quot;:60,&quot;335559739&quot;:60}\">&nbsp;<\/span><\/span><br \/><span data-teams=\"true\"><br \/><span data-contrast=\"none\" lang=\"EN-US\">En este webinar repasaremos todas estas preguntas con un profesional del sector que lleva 20 a\u00f1os en PRL y conoce desde dentro lo que funciona y lo que todav\u00eda frena la adopci\u00f3n.<\/span><span data-ccp-props=\"{&quot;335559738&quot;:60,&quot;335559739&quot;:60}\">&nbsp;<\/span><\/span><\/p>\n<p style=\"\"><span style=\"\"><strong><span style=\"\">Lo que aprender\u00e1s en este webinar&nbsp;<\/span><\/strong><\/span><\/p>\n<ul>\n<li><strong>C\u00f3mo la IA est\u00e1 cambiando<\/strong> la identificaci\u00f3n, evaluaci\u00f3n y gesti\u00f3n de riesgos laborales, y qu\u00e9 implica para el t\u00e9cnico PRL<\/li>\n<li><strong>Por qu\u00e9 la revisi\u00f3n manual de documentos de contratistas no escala&nbsp;<\/strong>y c\u00f3mo la IA lo resuelve en CAE.<\/li>\n<li><strong><span data-contrast=\"auto\" lang=\"ES-ES\">Qu\u00e9 dice la normativa <\/span><\/strong><span data-contrast=\"auto\" lang=\"ES-ES\">sobre el uso de IA en decisiones PRL: AI Act, RGPD y criterios ITSS.<\/span><span data-contrast=\"auto\" lang=\"ES-ES\"><\/span><span data-ccp-props=\"{&quot;134233117&quot;:false,&quot;134233118&quot;:false,&quot;335551550&quot;:0,&quot;335551620&quot;:0,&quot;335559738&quot;:240,&quot;335559739&quot;:240}\"><\/span><\/li>\n<li><span data-contrast=\"auto\" lang=\"ES-ES\"><span data-contrast=\"auto\" lang=\"ES-ES\"><strong>C\u00f3mo gestionar el cambio<\/strong> en equipos con menor experiencia digital sin dejar a nadie atr\u00e1s..<\/span><span data-ccp-props=\"{&quot;134233117&quot;:false,&quot;134233118&quot;:false,&quot;335551550&quot;:0,&quot;335551620&quot;:0,&quot;335559738&quot;:240,&quot;335559739&quot;:240}\">&nbsp;<\/span><\/span><span data-ccp-props=\"{&quot;134233117&quot;:false,&quot;134233118&quot;:false,&quot;335551550&quot;:0,&quot;335551620&quot;:0,&quot;335559738&quot;:240,&quot;335559739&quot;:240}\">&nbsp;<\/span><\/li>\n<li><strong><span data-contrast=\"auto\" lang=\"ES-ES\">C\u00f3mo&nbsp;<\/span><\/strong><strong><span data-contrast=\"auto\" lang=\"ES-ES\">podemos aplicar la IA <\/span><\/strong><span data-contrast=\"auto\" lang=\"ES-ES\">al flujo de trabajo real en PRL y CAE<\/span><span data-contrast=\"auto\" lang=\"ES-ES\">.&nbsp;<\/span><span data-teams=\"true\">\n<p><\/p>\n<p><\/span><\/li>\n<\/ul>\n<p style=\"\"><a href=\"#tve-jump-19c472e0423\" style=\"outline: none;\" spellcheck=\"false\" jump-animation=\"smooth\"><span style=\"\"><strong><span style=\"\">Reg\u00edstrate gratis: Podr\u00e1s participar del vivo o acceder on demand<\/span><\/strong><\/span><\/a>&nbsp;<\/p>\n<p style=\"text-align: center;\"><span data-ccp-props=\"{&quot;201341983&quot;:0,&quot;335559739&quot;:160,&quot;335559740&quot;:259}\" style=\"\"><strong><strong>Speakers:<\/strong><\/strong><\/span><\/p>\n<p><span><img decoding=\"async\" alt=\"\" data-id=\"38625\" width=\"130\" data-init-width=\"221\" height=\"130\" data-init-height=\"221\" title=\"Jorge Arteagabeita\" src=\"https:\/\/twind.io\/es\/wp-content\/uploads\/2026\/04\/Jorge-Arteagabeita.png\" data-width=\"130\" data-height=\"130\" style=\"aspect-ratio: auto 221 \/ 221;\" loading=\"lazy\"><\/span><\/p>\n<p style=\"text-align: left;\"><span data-ccp-props=\"{&quot;201341983&quot;:0,&quot;335559739&quot;:160,&quot;335559740&quot;:259}\" style=\"\"><strong><span style=\"--tcb-applied-color: var$(--tcb-skin-color-0) !important; color: var(--tcb-skin-color-0) !important;\"><span data-contrast=\"none\" lang=\"EN-US\">Jorge&nbsp;Arteagabeitia<\/span><span data-ccp-props=\"{&quot;335559738&quot;:0,&quot;335559739&quot;:40}\">&nbsp;<\/span><\/span><\/strong><\/span><\/p>\n<p style=\"text-align: left;\"><span data-ccp-props=\"{&quot;201341983&quot;:0,&quot;335559739&quot;:160,&quot;335559740&quot;:259}\" style=\"\">Director Zona Arag\u00f3n<\/span><\/p>\n<p style=\"text-align: left;\"><span data-ccp-props=\"{&quot;201341983&quot;:0,&quot;335559739&quot;:160,&quot;335559740&quot;:259}\" style=\"\"><strong><span style=\"\">Avanta Prevenci\u00f3n&nbsp;<\/span><\/strong><br \/><\/span><\/p>\n<p><span><img decoding=\"async\" alt=\"\" data-id=\"38624\" width=\"130\" data-init-width=\"221\" height=\"130\" data-init-height=\"221\" title=\"Laura jimenez\" src=\"https:\/\/twind.io\/es\/wp-content\/uploads\/2026\/04\/Laura-jimenez.png\" data-width=\"130\" data-height=\"130\" style=\"aspect-ratio: auto 221 \/ 221;\" loading=\"lazy\"><\/span><\/p>\n<p style=\"text-align: left;\"><span data-ccp-props=\"{&quot;201341983&quot;:0,&quot;335559739&quot;:160,&quot;335559740&quot;:259}\" style=\"\"><strong><span style=\"--tcb-applied-color: var$(--tcb-skin-color-0) !important; color: var(--tcb-skin-color-0) !important;\">Laura Jim\u00e9nez&nbsp;<\/span><\/strong><\/span><\/p>\n<p style=\"text-align: left;\"><span data-ccp-props=\"{&quot;201341983&quot;:0,&quot;335559739&quot;:160,&quot;335559740&quot;:259}\" style=\"\"><span data-contrast=\"auto\" lang=\"PT-PT\" style=\"\">Head of Sales&nbsp;<\/span><\/span><\/p>\n<p style=\"text-align: left;\"><span data-ccp-props=\"{&quot;201341983&quot;:0,&quot;335559739&quot;:160,&quot;335559740&quot;:259}\" style=\"\">Twind<\/span><\/p>\n<p style=\"text-align: center;\"><span style=\"font-weight: normal;\"><span><span>Grabaci\u00f3n on demand disponible<\/span><em><span>&nbsp;<\/span><\/em><\/span><\/span><\/p>\n\n\t\t\t\t\t\t<script>\n\t\t\t\t\t\t\twindow.hsFormsOnReady = window.hsFormsOnReady || [];\n\t\t\t\t\t\t\twindow.hsFormsOnReady.push(()=>{\n\t\t\t\t\t\t\t\thbspt.forms.create({\n\t\t\t\t\t\t\t\t\tportalId: 146424663,\n\t\t\t\t\t\t\t\t\tformId: \"ecf87fb6-9c9c-40c8-aa7d-29039539760b\",\n\t\t\t\t\t\t\t\t\ttarget: \"#hbspt-form-1778182510000-5879600988\",\n\t\t\t\t\t\t\t\t\tregion: \"eu1\",\n\t\t\t\t\t\t\t\t\t\n\t\t\t\t\t\t\t})});\n\t\t\t\t\t\t<\/script>\n\t\t\t\t\t\t<div class=\"hbspt-form\" id=\"hbspt-form-1778182510000-5879600988\"><\/div>\n<h3 style=\"text-align: center;\"><\/h3>\n","protected":false},"excerpt":{"rendered":"<p>Webinar gratuito PRL y CAE en la era de la IA: Normativa, impacto y casos reales&nbsp; Disponible On Demand Entre 2 y 4 horas diarias. Eso es lo que la gesti\u00f3n documental de contratistas consume al t\u00e9cnico PRL.&nbsp;La&nbsp;Inteligencia Artificial&nbsp;est\u00e1 transformando la Prevenci\u00f3n de Riesgos Laborales: desde c\u00f3mo se identifican y eval\u00faan riesgos hasta c\u00f3mo se [&hellip;]<\/p>\n","protected":false},"author":5,"featured_media":0,"parent":0,"menu_order":0,"comment_status":"closed","ping_status":"closed","template":"","meta":{"content-type":"","footnotes":""},"class_list":["post-38554","page","type-page","status-publish","hentry","post-wrapper","thrv_wrapper"],"yoast_head":"<!-- This site is optimized with the Yoast SEO plugin v27.5 - https:\/\/yoast.com\/product\/yoast-seo-wordpress\/ -->\n<title>Webinar IA aplicada a PRL y CAE<\/title>\n<meta name=\"description\" content=\"Webinar gratuito sobre IA en PRL y coordinaci\u00f3n CAE. Normativa, impacto real en el t\u00e9cnico y demo en vivo. 29 de abril.\" \/>\n<meta name=\"robots\" content=\"noindex, nofollow\" \/>\n<meta property=\"og:locale\" content=\"es_ES\" \/>\n<meta property=\"og:type\" content=\"article\" \/>\n<meta property=\"og:title\" content=\"Webinar IA aplicada a PRL y CAE\" \/>\n<meta property=\"og:description\" content=\"Webinar gratuito sobre IA en PRL y coordinaci\u00f3n CAE. Normativa, impacto real en el t\u00e9cnico y demo en vivo. 29 de abril.\" \/>\n<meta property=\"og:url\" content=\"https:\/\/twind.io\/es\/webinar-ia-aplicada-prl-cae\/\" \/>\n<meta property=\"og:site_name\" content=\"Twind - Plataforma de Coordinaci\u00f3n de Actividades Empresariales\" \/>\n<meta property=\"article:modified_time\" content=\"2026-05-07T12:58:21+00:00\" \/>\n<meta property=\"og:image\" content=\"https:\/\/twind.io\/es\/wp-content\/uploads\/2025\/10\/logos-grupo-ctaima.png\" \/>\n<meta name=\"twitter:card\" content=\"summary_large_image\" \/>\n<meta name=\"twitter:label1\" content=\"Tiempo de lectura\" \/>\n\t<meta name=\"twitter:data1\" content=\"3 minutos\" \/>\n<script type=\"application\/ld+json\" class=\"yoast-schema-graph\">{\"@context\":\"https:\\\/\\\/schema.org\",\"@graph\":[{\"@type\":\"WebPage\",\"@id\":\"https:\\\/\\\/twind.io\\\/es\\\/webinar-ia-aplicada-prl-cae\\\/\",\"url\":\"https:\\\/\\\/twind.io\\\/es\\\/webinar-ia-aplicada-prl-cae\\\/\",\"name\":\"Webinar IA aplicada a PRL y CAE\",\"isPartOf\":{\"@id\":\"https:\\\/\\\/twind.io\\\/es\\\/#website\"},\"primaryImageOfPage\":{\"@id\":\"https:\\\/\\\/twind.io\\\/es\\\/webinar-ia-aplicada-prl-cae\\\/#primaryimage\"},\"image\":{\"@id\":\"https:\\\/\\\/twind.io\\\/es\\\/webinar-ia-aplicada-prl-cae\\\/#primaryimage\"},\"thumbnailUrl\":\"https:\\\/\\\/twind.io\\\/es\\\/wp-content\\\/uploads\\\/2025\\\/10\\\/logos-grupo-ctaima.png\",\"datePublished\":\"2026-04-09T08:48:45+00:00\",\"dateModified\":\"2026-05-07T12:58:21+00:00\",\"description\":\"Webinar gratuito sobre IA en PRL y coordinaci\u00f3n CAE. Normativa, impacto real en el t\u00e9cnico y demo en vivo. 29 de abril.\",\"breadcrumb\":{\"@id\":\"https:\\\/\\\/twind.io\\\/es\\\/webinar-ia-aplicada-prl-cae\\\/#breadcrumb\"},\"inLanguage\":\"es\",\"potentialAction\":[{\"@type\":\"ReadAction\",\"target\":[\"https:\\\/\\\/twind.io\\\/es\\\/webinar-ia-aplicada-prl-cae\\\/\"]}]},{\"@type\":\"ImageObject\",\"inLanguage\":\"es\",\"@id\":\"https:\\\/\\\/twind.io\\\/es\\\/webinar-ia-aplicada-prl-cae\\\/#primaryimage\",\"url\":\"https:\\\/\\\/twind.io\\\/es\\\/wp-content\\\/uploads\\\/2025\\\/10\\\/logos-grupo-ctaima.png\",\"contentUrl\":\"https:\\\/\\\/twind.io\\\/es\\\/wp-content\\\/uploads\\\/2025\\\/10\\\/logos-grupo-ctaima.png\",\"width\":750,\"height\":92},{\"@type\":\"BreadcrumbList\",\"@id\":\"https:\\\/\\\/twind.io\\\/es\\\/webinar-ia-aplicada-prl-cae\\\/#breadcrumb\",\"itemListElement\":[{\"@type\":\"ListItem\",\"position\":1,\"name\":\"Portada\",\"item\":\"https:\\\/\\\/twind.io\\\/es\\\/\"},{\"@type\":\"ListItem\",\"position\":2,\"name\":\"Webinar IA aplicada a PRL+CAE\"}]},{\"@type\":\"WebSite\",\"@id\":\"https:\\\/\\\/twind.io\\\/es\\\/#website\",\"url\":\"https:\\\/\\\/twind.io\\\/es\\\/\",\"name\":\"Twind - Plataforma de Coordinaci\u00f3n de Actividades Empresariales\",\"description\":\"Coordina los procesos de gesti\u00f3n documental y control de contratistas y proveedores, respetando la normativa en materia de Seguridad y Salud en el Trabajo.\",\"potentialAction\":[{\"@type\":\"SearchAction\",\"target\":{\"@type\":\"EntryPoint\",\"urlTemplate\":\"https:\\\/\\\/twind.io\\\/es\\\/?s={search_term_string}\"},\"query-input\":{\"@type\":\"PropertyValueSpecification\",\"valueRequired\":true,\"valueName\":\"search_term_string\"}}],\"inLanguage\":\"es\"}]}<\/script>\n<!-- \/ Yoast SEO plugin. -->","yoast_head_json":{"title":"Webinar IA aplicada a PRL y CAE","description":"Webinar gratuito sobre IA en PRL y coordinaci\u00f3n CAE. Normativa, impacto real en el t\u00e9cnico y demo en vivo. 29 de abril.","robots":{"index":"noindex","follow":"nofollow"},"og_locale":"es_ES","og_type":"article","og_title":"Webinar IA aplicada a PRL y CAE","og_description":"Webinar gratuito sobre IA en PRL y coordinaci\u00f3n CAE. Normativa, impacto real en el t\u00e9cnico y demo en vivo. 29 de abril.","og_url":"https:\/\/twind.io\/es\/webinar-ia-aplicada-prl-cae\/","og_site_name":"Twind - Plataforma de Coordinaci\u00f3n de Actividades Empresariales","article_modified_time":"2026-05-07T12:58:21+00:00","og_image":[{"url":"https:\/\/twind.io\/es\/wp-content\/uploads\/2025\/10\/logos-grupo-ctaima.png","type":"","width":"","height":""}],"twitter_card":"summary_large_image","twitter_misc":{"Tiempo de lectura":"3 minutos"},"schema":{"@context":"https:\/\/schema.org","@graph":[{"@type":"WebPage","@id":"https:\/\/twind.io\/es\/webinar-ia-aplicada-prl-cae\/","url":"https:\/\/twind.io\/es\/webinar-ia-aplicada-prl-cae\/","name":"Webinar IA aplicada a PRL y CAE","isPartOf":{"@id":"https:\/\/twind.io\/es\/#website"},"primaryImageOfPage":{"@id":"https:\/\/twind.io\/es\/webinar-ia-aplicada-prl-cae\/#primaryimage"},"image":{"@id":"https:\/\/twind.io\/es\/webinar-ia-aplicada-prl-cae\/#primaryimage"},"thumbnailUrl":"https:\/\/twind.io\/es\/wp-content\/uploads\/2025\/10\/logos-grupo-ctaima.png","datePublished":"2026-04-09T08:48:45+00:00","dateModified":"2026-05-07T12:58:21+00:00","description":"Webinar gratuito sobre IA en PRL y coordinaci\u00f3n CAE. Normativa, impacto real en el t\u00e9cnico y demo en vivo. 29 de abril.","breadcrumb":{"@id":"https:\/\/twind.io\/es\/webinar-ia-aplicada-prl-cae\/#breadcrumb"},"inLanguage":"es","potentialAction":[{"@type":"ReadAction","target":["https:\/\/twind.io\/es\/webinar-ia-aplicada-prl-cae\/"]}]},{"@type":"ImageObject","inLanguage":"es","@id":"https:\/\/twind.io\/es\/webinar-ia-aplicada-prl-cae\/#primaryimage","url":"https:\/\/twind.io\/es\/wp-content\/uploads\/2025\/10\/logos-grupo-ctaima.png","contentUrl":"https:\/\/twind.io\/es\/wp-content\/uploads\/2025\/10\/logos-grupo-ctaima.png","width":750,"height":92},{"@type":"BreadcrumbList","@id":"https:\/\/twind.io\/es\/webinar-ia-aplicada-prl-cae\/#breadcrumb","itemListElement":[{"@type":"ListItem","position":1,"name":"Portada","item":"https:\/\/twind.io\/es\/"},{"@type":"ListItem","position":2,"name":"Webinar IA aplicada a PRL+CAE"}]},{"@type":"WebSite","@id":"https:\/\/twind.io\/es\/#website","url":"https:\/\/twind.io\/es\/","name":"Twind - Plataforma de Coordinaci\u00f3n de Actividades Empresariales","description":"Coordina los procesos de gesti\u00f3n documental y control de contratistas y proveedores, respetando la normativa en materia de Seguridad y Salud en el Trabajo.","potentialAction":[{"@type":"SearchAction","target":{"@type":"EntryPoint","urlTemplate":"https:\/\/twind.io\/es\/?s={search_term_string}"},"query-input":{"@type":"PropertyValueSpecification","valueRequired":true,"valueName":"search_term_string"}}],"inLanguage":"es"}]}},"_links":{"self":[{"href":"https:\/\/twind.io\/es\/wp-json\/wp\/v2\/pages\/38554","targetHints":{"allow":["GET"]}}],"collection":[{"href":"https:\/\/twind.io\/es\/wp-json\/wp\/v2\/pages"}],"about":[{"href":"https:\/\/twind.io\/es\/wp-json\/wp\/v2\/types\/page"}],"author":[{"embeddable":true,"href":"https:\/\/twind.io\/es\/wp-json\/wp\/v2\/users\/5"}],"replies":[{"embeddable":true,"href":"https:\/\/twind.io\/es\/wp-json\/wp\/v2\/comments?post=38554"}],"version-history":[{"count":20,"href":"https:\/\/twind.io\/es\/wp-json\/wp\/v2\/pages\/38554\/revisions"}],"predecessor-version":[{"id":38963,"href":"https:\/\/twind.io\/es\/wp-json\/wp\/v2\/pages\/38554\/revisions\/38963"}],"wp:attachment":[{"href":"https:\/\/twind.io\/es\/wp-json\/wp\/v2\/media?parent=38554"}],"curies":[{"name":"wp","href":"https:\/\/api.w.org\/{rel}","templated":true}]}}