{"id":38747,"date":"2026-04-23T19:13:51","date_gmt":"2026-04-23T19:13:51","guid":{"rendered":"https:\/\/twind.io\/es\/?page_id=38747"},"modified":"2026-05-05T08:54:49","modified_gmt":"2026-05-05T08:54:49","slug":"webinar-riesgos-psicosociales-subcontratacion","status":"publish","type":"page","link":"https:\/\/twind.io\/es\/webinar-riesgos-psicosociales-subcontratacion\/","title":{"rendered":"Webinar Gesti\u00f3n de Riesgos Psicosociales en la Cadena de Subcontrataci\u00f3n"},"content":{"rendered":"<p><span style=\"\"><img decoding=\"async\" alt=\"Twind\" data-id=\"309\" width=\"186\" data-init-width=\"750\" height=\"48\" data-init-height=\"92\" title=\"Twind\" src=\"https:\/\/twind.io\/es\/wp-content\/uploads\/2023\/04\/Logo-Twind.svg\" data-width=\"186\" data-height=\"48\" style=\"aspect-ratio: auto 750 \/ 92;\" mt-d=\"0\" ml-d=\"0\" center-v-d=\"false\" mt-m=\"0\" ml-m=\"0\" loading=\"lazy\"><\/span><\/p>\n<p style=\"\">Webinar gratuito<span style=\"\"><\/span><\/p>\n<p style=\"text-align: left;\"><span><span data-contrast=\"auto\" lang=\"ES-ES\"><span style=\"--tcb-applied-color: var$(--tcb-color-4) !important; color: var(--tcb-color-4) !important;\">Gesti\u00f3n de Riesgos Psicosociales <\/span><span style=\"--tcb-applied-color: rgb(26, 48, 55) !important; color: rgb(26, 48, 55) !important;\">en la Cadena de Subcontrataci\u00f3n<\/span><\/span><\/span><\/p>\n<p><span style=\"\"><a href=\"https:\/\/twind.io\/es\/wp-content\/uploads\/2026\/02\/calendar-2.svg\" target=\"_blank\" rel=\"nofollow\"><img decoding=\"async\" alt=\"\" data-id=\"38084\" title=\"calendar (1)\" src=\"https:\/\/twind.io\/es\/wp-content\/uploads\/2026\/02\/calendar-1.svg\" data-link-wrap=\"true\" data-width=\"33\" data-height=\"33\" style=\"aspect-ratio: auto 33 \/ 33;\" mt-d=\"0\" ml-d=\"0\" height=\"33\" width=\"33\" data-init-width=\"33\" data-init-height=\"33\" loading=\"lazy\"><\/a><\/span><\/p>\n<p style=\"\"><span><strong>02 de junio de 2026<\/strong><\/span><span style=\"font-weight: normal;\">&nbsp;<\/span><\/p>\n<p style=\"\"><span style=\"font-weight: normal;\">12:00 h (ES)<\/span><\/p>\n<p lang=\"ES-ES\" style=\"\"><strong>Lo que tu CAE no est\u00e1 coordinando \u2014 y c\u00f3mo empezar a cambiarlo<\/strong><\/p>\n<p lang=\"ES-ES\"><\/p>\n<p lang=\"ES-ES\"><span data-contrast=\"auto\" lang=\"EN-US\">Cuando una actividad se externaliza, los riesgos psicosociales no desaparecen, sino que se redistribuyen entre cliente, contratistas y subcontratistas.&nbsp;<\/span><span data-contrast=\"auto\" lang=\"EN-US\">Las decisiones de contrataci\u00f3n, la coordinaci\u00f3n operativa y la convivencia diaria entre empresas pueden generar factores de estr\u00e9s, conflicto de rol, sobrecarga o falta de apoyo. Y todo eso afecta a las pers<\/span><span data-contrast=\"auto\" lang=\"EN-US\">onas y al rendimiento de la organizaci\u00f3n.<\/span><\/p>\n<p lang=\"ES-ES\"><span data-contrast=\"auto\" lang=\"EN-US\"><br \/>En esta sesi\u00f3n, <strong>Leandro Capece<\/strong> presenta un enfoque pr\u00e1ctico para integrar la gesti\u00f3n psicosocial en la relaci\u00f3n con empresas colaboradoras \u2014 con criterios alineados a ISO 45003 y aplicables desde la coordinaci\u00f3n preventiva habitual.<\/span><\/p>\n<p lang=\"ES-ES\"><\/p>\n<p lang=\"ES-ES\"><strong><span style=\"--tcb-applied-color: var$(--tcb-skin-color-0) !important; color: var(--tcb-skin-color-0) !important;\"><span data-contrast=\"auto\" lang=\"EN-US\">Qu\u00e9 vas a aprender<\/span><\/span><\/strong><\/p>\n<p lang=\"ES-ES\"><strong><span style=\"--tcb-applied-color: var$(--tcb-skin-color-0) !important; color: var(--tcb-skin-color-0) !important;\"><span data-contrast=\"auto\" lang=\"EN-US\"><\/span><\/span><\/strong><\/p>\n<ul>\n<li lang=\"ES-ES\"><strong><span style=\"font-size: 16px !important;\">Externalizaci\u00f3n y riesgos psicosociales<\/span><\/strong><span style=\"font-size: 16px !important;\"><br \/>Qu\u00e9 cambia cuando una actividad se contrata externamente y qu\u00e9 nuevas interfaces organizativas y relacionales aparecen.<\/span><\/li>\n<li lang=\"ES-ES\"><span style=\"font-size: 16px !important;\"><strong>Riesgos bidireccionales en la relaci\u00f3n cliente-contrata<\/strong><br \/>Del cliente hacia la contrata: urgencias, cambios, trato desigual. De la contrata hacia el cliente: rotaci\u00f3n, descoordinaci\u00f3n, tensi\u00f3n operativa.<\/span><\/li>\n<li lang=\"ES-ES\"><span style=\"font-size: 16px !important;\"><strong>Principales puntos cr\u00edticos<\/strong><br \/>Ambig\u00fcedad de roles, sobrecarga, comunicaci\u00f3n deficiente, integraci\u00f3n vs. exclusi\u00f3n del personal externo y diferencias culturales y preventivas.<\/span><\/li>\n<li lang=\"ES-ES\"><span style=\"font-size: 16px !important;\"><strong>C\u00f3mo integrar la perspectiva psicosocial en la CAE<\/strong><br \/>Antes del contrato, durante la operaci\u00f3n y en el seguimiento: selecci\u00f3n, canales, liderazgo, indicadores y mejora continua.<\/span><\/li>\n<li lang=\"ES-ES\"><span style=\"font-size: 16px !important;\"><strong>Buenas pr\u00e1cticas y casos aplicados&nbsp;<\/strong><br \/>Ejemplos reales y recomendaciones concretas para implantar mejoras desde el primer d\u00eda.<\/span><\/li>\n<\/ul>\n<p lang=\"ES-ES\" style=\"\"><strong><span style=\"--tcb-applied-color: var$(--tcb-color-4) !important; color: var(--tcb-color-4) !important;\">Para qui\u00e9n es este webinar<\/span><\/strong><\/p>\n<p lang=\"ES-ES\" style=\"\"><\/p>\n<p lang=\"ES-ES\" style=\"\"><strong><span style=\"--tcb-applied-color: var$(--tcb-color-4) !important; color: var(--tcb-color-4) !important;\"><\/span><\/strong>Responsables de Prevenci\u00f3n de Riesgos Laborales y Seguridad y Salud; Responsables de CAE y gesti\u00f3n de contratistas; Departamentos de Compras y Procurement; Responsables de Operaciones, Producci\u00f3n y Mantenimiento; Project Managers y responsables de servicios externalizados; Mandos intermedios con supervisi\u00f3n de personal externo; T\u00e9cnicos y consultores de gesti\u00f3n preventiva y compliance.<\/p>\n<p lang=\"ES-ES\" style=\"\"><\/p>\n<p lang=\"ES-ES\" style=\"\"><a href=\"#tve-jump-19dbbbf7e72\" jump-animation=\"smooth\" style=\"outline: none;\">Reg\u00edstrate gratis para participar del vivo o para verlo on demand<\/a><\/p>\n<p style=\"text-align: center;\"><span data-ccp-props=\"{&quot;201341983&quot;:0,&quot;335559739&quot;:160,&quot;335559740&quot;:259}\" style=\"\"><strong><strong>Speaker:<\/strong><\/strong><\/span><\/p>\n<p><span style=\"\"><img decoding=\"async\" alt=\"Speaker Leandro\" data-id=\"38749\" width=\"128\" data-init-width=\"247\" height=\"128\" data-init-height=\"247\" title=\"Speaker Leandro\" src=\"https:\/\/twind.io\/es\/wp-content\/uploads\/2026\/04\/Group-627.png\" data-width=\"128\" data-height=\"128\" style=\"aspect-ratio: auto 247 \/ 247;\" mt-d=\"0\" ml-d=\"0\" center-v-d=\"false\" mt-t=\"-7.391000000000005\" ml-t=\"0\" center-h-d=\"false\" mt-m=\"-1.1089999999999947\" ml-m=\"0\" loading=\"lazy\"><\/span><\/p>\n<p style=\"text-align: left;\"><span data-ccp-props=\"{&quot;201341983&quot;:0,&quot;335559739&quot;:160,&quot;335559740&quot;:259}\" style=\"\"><strong><span style=\"--tcb-applied-color: var$(--tcb-skin-color-0) !important; color: var(--tcb-skin-color-0) !important;\">Leandro Capece Fajardo<\/span><\/strong><\/span><\/p>\n<p style=\"text-align: left;\"><span data-ccp-props=\"{&quot;201341983&quot;:0,&quot;335559739&quot;:160,&quot;335559740&quot;:259}\" style=\"\">Auditor, docente y consultor<\/span><\/p>\n<p style=\"text-align: left;\"><span data-ccp-props=\"{&quot;201341983&quot;:0,&quot;335559739&quot;:160,&quot;335559740&quot;:259}\" style=\"\"><strong><span style=\"\">PDCA Focus<\/span><\/strong><br \/><\/span><\/p>\n<p style=\"text-align: center;\"><span style=\"font-weight: normal;\"><span><span>Reg\u00edstrate aqu\u00ed para participar del evento en vivo o recibir la grabaci\u00f3n en tu correo:<\/span><\/span><\/span><\/p>\n\n\t\t\t\t\t\t<script>\n\t\t\t\t\t\t\twindow.hsFormsOnReady = window.hsFormsOnReady || [];\n\t\t\t\t\t\t\twindow.hsFormsOnReady.push(()=>{\n\t\t\t\t\t\t\t\thbspt.forms.create({\n\t\t\t\t\t\t\t\t\tportalId: 146424663,\n\t\t\t\t\t\t\t\t\tformId: \"7ecce567-6759-4064-94a6-d65fc08f0b9c\",\n\t\t\t\t\t\t\t\t\ttarget: \"#hbspt-form-1778864663000-6226956885\",\n\t\t\t\t\t\t\t\t\tregion: \"eu1\",\n\t\t\t\t\t\t\t\t\t\n\t\t\t\t\t\t\t})});\n\t\t\t\t\t\t<\/script>\n\t\t\t\t\t\t<div class=\"hbspt-form\" id=\"hbspt-form-1778864663000-6226956885\"><\/div><!--! Font Awesome Free 6.7.1 by @fontawesome - https:\/\/fontawesome.com License - https:\/\/fontawesome.com\/license\/free (Icons: CC BY 4.0, Fonts: SIL OFL 1.1, Code: MIT License) Copyright 2024 Fonticons, Inc. --><\/p>\n<p><span><strong><span style=\"font-family: Poppins; --tcb-applied-color: rgb(26, 48, 55) !important; color: rgb(26, 48, 55) !important; font-size: 14px !important;\">Dedicado al D\u00eda Mundial de la Seguridad y Salud en el Trabajo<\/span><\/strong><\/span><span><span style=\"font-size: 14px !important;\"><span style=\"color: rgb(26, 48, 55) !important;\"><span style=\"--tcb-applied-color: rgb(26, 48, 55) !important;\"><span style=\"font-family: Poppins;\"><br \/>El 28 de abril es el D\u00eda Mundial de la Seguridad y la Salud en el Trabajo. En 2026, la OIT ha elegido los riesgos psicosociales como tema central de campa\u00f1a \u2014 la primera vez que ocupa ese lugar de forma espec\u00edfica. Para las empresas que trabajan con contratas y subcontratas, el mensaje es claro:&nbsp;<\/span><\/span><\/span><\/span><em><span style=\"font-family: Poppins; --tcb-applied-color: rgb(26, 48, 55) !important; color: rgb(26, 48, 55) !important; font-size: 14px !important;\">la responsabilidad sobre el entorno psicosocial no termina en tu plantilla.<\/span><\/em><\/span><\/p>\n<h3 style=\"text-align: center;\"><\/h3>\n","protected":false},"excerpt":{"rendered":"<p>Webinar gratuito Gesti\u00f3n de Riesgos Psicosociales en la Cadena de Subcontrataci\u00f3n 02 de junio de 2026&nbsp; 12:00 h (ES) Lo que tu CAE no est\u00e1 coordinando \u2014 y c\u00f3mo empezar a cambiarlo Cuando una actividad se externaliza, los riesgos psicosociales no desaparecen, sino que se redistribuyen entre cliente, contratistas y subcontratistas.&nbsp;Las decisiones de contrataci\u00f3n, la [&hellip;]<\/p>\n","protected":false},"author":7,"featured_media":0,"parent":0,"menu_order":0,"comment_status":"closed","ping_status":"closed","template":"","meta":{"content-type":"","footnotes":"","tve_updated_post":"","tve_custom_css":"","tve_user_custom_css":"","tve_globals":{},"tcb2_ready":1,"tcb_editor_enabled":1,"tve_landing_page":"tcb2-shapeshift-blank-page","_tve_header":"0","_tve_footer":"0"},"class_list":["post-38747","page","type-page","status-publish","hentry","post-wrapper","thrv_wrapper"],"yoast_head":"<!-- This site is optimized with the Yoast SEO plugin v27.6 - https:\/\/yoast.com\/product\/yoast-seo-wordpress\/ -->\n<title>Riesgos Psicosociales en Subcontrataci\u00f3n | Webinar con Leandro Capece<\/title>\n<meta name=\"description\" content=\"prende a gestionar los riesgos psicosociales en entornos con trabajo subcontratado. Webinar pr\u00e1ctico con Leandro Capece: CAE, ISO 45003 y medidas concretas para empresas con contratas. Reg\u00edstrate gratis.\" \/>\n<meta name=\"robots\" content=\"index, follow, max-snippet:-1, max-image-preview:large, max-video-preview:-1\" \/>\n<link rel=\"canonical\" href=\"https:\/\/twind.io\/es\/webinar-riesgos-psicosociales-subcontratacion\/\" \/>\n<meta property=\"og:locale\" content=\"es_ES\" \/>\n<meta property=\"og:type\" content=\"article\" \/>\n<meta property=\"og:title\" content=\"Riesgos Psicosociales en Subcontrataci\u00f3n | Webinar con Leandro Capece\" \/>\n<meta property=\"og:description\" content=\"prende a gestionar los riesgos psicosociales en entornos con trabajo subcontratado. Webinar pr\u00e1ctico con Leandro Capece: CAE, ISO 45003 y medidas concretas para empresas con contratas. Reg\u00edstrate gratis.\" \/>\n<meta property=\"og:url\" content=\"https:\/\/twind.io\/es\/webinar-riesgos-psicosociales-subcontratacion\/\" \/>\n<meta property=\"og:site_name\" content=\"Twind - Plataforma de Coordinaci\u00f3n de Actividades Empresariales\" \/>\n<meta property=\"article:modified_time\" content=\"2026-05-05T08:54:49+00:00\" \/>\n<meta property=\"og:image\" content=\"https:\/\/twind.io\/es\/wp-content\/uploads\/2023\/04\/Logo-Twind.svg\" \/>\n<meta name=\"twitter:card\" content=\"summary_large_image\" \/>\n<meta name=\"twitter:label1\" content=\"Tiempo de lectura\" \/>\n\t<meta name=\"twitter:data1\" content=\"2 minutos\" \/>\n<script type=\"application\/ld+json\" class=\"yoast-schema-graph\">{\"@context\":\"https:\\\/\\\/schema.org\",\"@graph\":[{\"@type\":\"WebPage\",\"@id\":\"https:\\\/\\\/twind.io\\\/es\\\/webinar-riesgos-psicosociales-subcontratacion\\\/\",\"url\":\"https:\\\/\\\/twind.io\\\/es\\\/webinar-riesgos-psicosociales-subcontratacion\\\/\",\"name\":\"Riesgos Psicosociales en Subcontrataci\u00f3n | Webinar con Leandro Capece\",\"isPartOf\":{\"@id\":\"https:\\\/\\\/twind.io\\\/es\\\/#website\"},\"primaryImageOfPage\":{\"@id\":\"https:\\\/\\\/twind.io\\\/es\\\/webinar-riesgos-psicosociales-subcontratacion\\\/#primaryimage\"},\"image\":{\"@id\":\"https:\\\/\\\/twind.io\\\/es\\\/webinar-riesgos-psicosociales-subcontratacion\\\/#primaryimage\"},\"thumbnailUrl\":\"https:\\\/\\\/twind.io\\\/es\\\/wp-content\\\/uploads\\\/2023\\\/04\\\/Logo-Twind.svg\",\"datePublished\":\"2026-04-23T19:13:51+00:00\",\"dateModified\":\"2026-05-05T08:54:49+00:00\",\"description\":\"prende a gestionar los riesgos psicosociales en entornos con trabajo subcontratado. Webinar pr\u00e1ctico con Leandro Capece: CAE, ISO 45003 y medidas concretas para empresas con contratas. Reg\u00edstrate gratis.\",\"breadcrumb\":{\"@id\":\"https:\\\/\\\/twind.io\\\/es\\\/webinar-riesgos-psicosociales-subcontratacion\\\/#breadcrumb\"},\"inLanguage\":\"es\",\"potentialAction\":[{\"@type\":\"ReadAction\",\"target\":[\"https:\\\/\\\/twind.io\\\/es\\\/webinar-riesgos-psicosociales-subcontratacion\\\/\"]}]},{\"@type\":\"ImageObject\",\"inLanguage\":\"es\",\"@id\":\"https:\\\/\\\/twind.io\\\/es\\\/webinar-riesgos-psicosociales-subcontratacion\\\/#primaryimage\",\"url\":\"https:\\\/\\\/twind.io\\\/es\\\/wp-content\\\/uploads\\\/2023\\\/04\\\/Logo-Twind.svg\",\"contentUrl\":\"https:\\\/\\\/twind.io\\\/es\\\/wp-content\\\/uploads\\\/2023\\\/04\\\/Logo-Twind.svg\",\"caption\":\"Twind\"},{\"@type\":\"BreadcrumbList\",\"@id\":\"https:\\\/\\\/twind.io\\\/es\\\/webinar-riesgos-psicosociales-subcontratacion\\\/#breadcrumb\",\"itemListElement\":[{\"@type\":\"ListItem\",\"position\":1,\"name\":\"Portada\",\"item\":\"https:\\\/\\\/twind.io\\\/es\\\/\"},{\"@type\":\"ListItem\",\"position\":2,\"name\":\"Webinar Gesti\u00f3n de Riesgos Psicosociales en la Cadena de Subcontrataci\u00f3n\"}]},{\"@type\":\"WebSite\",\"@id\":\"https:\\\/\\\/twind.io\\\/es\\\/#website\",\"url\":\"https:\\\/\\\/twind.io\\\/es\\\/\",\"name\":\"Twind - Plataforma de Coordinaci\u00f3n de Actividades Empresariales\",\"description\":\"Coordina los procesos de gesti\u00f3n documental y control de contratistas y proveedores, respetando la normativa en materia de Seguridad y Salud en el Trabajo.\",\"potentialAction\":[{\"@type\":\"SearchAction\",\"target\":{\"@type\":\"EntryPoint\",\"urlTemplate\":\"https:\\\/\\\/twind.io\\\/es\\\/?s={search_term_string}\"},\"query-input\":{\"@type\":\"PropertyValueSpecification\",\"valueRequired\":true,\"valueName\":\"search_term_string\"}}],\"inLanguage\":\"es\"}]}<\/script>\n<!-- \/ Yoast SEO plugin. -->","yoast_head_json":{"title":"Riesgos Psicosociales en Subcontrataci\u00f3n | Webinar con Leandro Capece","description":"prende a gestionar los riesgos psicosociales en entornos con trabajo subcontratado. Webinar pr\u00e1ctico con Leandro Capece: CAE, ISO 45003 y medidas concretas para empresas con contratas. Reg\u00edstrate gratis.","robots":{"index":"index","follow":"follow","max-snippet":"max-snippet:-1","max-image-preview":"max-image-preview:large","max-video-preview":"max-video-preview:-1"},"canonical":"https:\/\/twind.io\/es\/webinar-riesgos-psicosociales-subcontratacion\/","og_locale":"es_ES","og_type":"article","og_title":"Riesgos Psicosociales en Subcontrataci\u00f3n | Webinar con Leandro Capece","og_description":"prende a gestionar los riesgos psicosociales en entornos con trabajo subcontratado. Webinar pr\u00e1ctico con Leandro Capece: CAE, ISO 45003 y medidas concretas para empresas con contratas. Reg\u00edstrate gratis.","og_url":"https:\/\/twind.io\/es\/webinar-riesgos-psicosociales-subcontratacion\/","og_site_name":"Twind - Plataforma de Coordinaci\u00f3n de Actividades Empresariales","article_modified_time":"2026-05-05T08:54:49+00:00","og_image":[{"url":"https:\/\/twind.io\/es\/wp-content\/uploads\/2023\/04\/Logo-Twind.svg","type":"","width":"","height":""}],"twitter_card":"summary_large_image","twitter_misc":{"Tiempo de lectura":"2 minutos"},"schema":{"@context":"https:\/\/schema.org","@graph":[{"@type":"WebPage","@id":"https:\/\/twind.io\/es\/webinar-riesgos-psicosociales-subcontratacion\/","url":"https:\/\/twind.io\/es\/webinar-riesgos-psicosociales-subcontratacion\/","name":"Riesgos Psicosociales en Subcontrataci\u00f3n | Webinar con Leandro Capece","isPartOf":{"@id":"https:\/\/twind.io\/es\/#website"},"primaryImageOfPage":{"@id":"https:\/\/twind.io\/es\/webinar-riesgos-psicosociales-subcontratacion\/#primaryimage"},"image":{"@id":"https:\/\/twind.io\/es\/webinar-riesgos-psicosociales-subcontratacion\/#primaryimage"},"thumbnailUrl":"https:\/\/twind.io\/es\/wp-content\/uploads\/2023\/04\/Logo-Twind.svg","datePublished":"2026-04-23T19:13:51+00:00","dateModified":"2026-05-05T08:54:49+00:00","description":"prende a gestionar los riesgos psicosociales en entornos con trabajo subcontratado. Webinar pr\u00e1ctico con Leandro Capece: CAE, ISO 45003 y medidas concretas para empresas con contratas. Reg\u00edstrate gratis.","breadcrumb":{"@id":"https:\/\/twind.io\/es\/webinar-riesgos-psicosociales-subcontratacion\/#breadcrumb"},"inLanguage":"es","potentialAction":[{"@type":"ReadAction","target":["https:\/\/twind.io\/es\/webinar-riesgos-psicosociales-subcontratacion\/"]}]},{"@type":"ImageObject","inLanguage":"es","@id":"https:\/\/twind.io\/es\/webinar-riesgos-psicosociales-subcontratacion\/#primaryimage","url":"https:\/\/twind.io\/es\/wp-content\/uploads\/2023\/04\/Logo-Twind.svg","contentUrl":"https:\/\/twind.io\/es\/wp-content\/uploads\/2023\/04\/Logo-Twind.svg","caption":"Twind"},{"@type":"BreadcrumbList","@id":"https:\/\/twind.io\/es\/webinar-riesgos-psicosociales-subcontratacion\/#breadcrumb","itemListElement":[{"@type":"ListItem","position":1,"name":"Portada","item":"https:\/\/twind.io\/es\/"},{"@type":"ListItem","position":2,"name":"Webinar Gesti\u00f3n de Riesgos Psicosociales en la Cadena de Subcontrataci\u00f3n"}]},{"@type":"WebSite","@id":"https:\/\/twind.io\/es\/#website","url":"https:\/\/twind.io\/es\/","name":"Twind - Plataforma de Coordinaci\u00f3n de Actividades Empresariales","description":"Coordina los procesos de gesti\u00f3n documental y control de contratistas y proveedores, respetando la normativa en materia de Seguridad y Salud en el Trabajo.","potentialAction":[{"@type":"SearchAction","target":{"@type":"EntryPoint","urlTemplate":"https:\/\/twind.io\/es\/?s={search_term_string}"},"query-input":{"@type":"PropertyValueSpecification","valueRequired":true,"valueName":"search_term_string"}}],"inLanguage":"es"}]}},"_links":{"self":[{"href":"https:\/\/twind.io\/es\/wp-json\/wp\/v2\/pages\/38747","targetHints":{"allow":["GET"]}}],"collection":[{"href":"https:\/\/twind.io\/es\/wp-json\/wp\/v2\/pages"}],"about":[{"href":"https:\/\/twind.io\/es\/wp-json\/wp\/v2\/types\/page"}],"author":[{"embeddable":true,"href":"https:\/\/twind.io\/es\/wp-json\/wp\/v2\/users\/7"}],"replies":[{"embeddable":true,"href":"https:\/\/twind.io\/es\/wp-json\/wp\/v2\/comments?post=38747"}],"version-history":[{"count":8,"href":"https:\/\/twind.io\/es\/wp-json\/wp\/v2\/pages\/38747\/revisions"}],"predecessor-version":[{"id":38921,"href":"https:\/\/twind.io\/es\/wp-json\/wp\/v2\/pages\/38747\/revisions\/38921"}],"wp:attachment":[{"href":"https:\/\/twind.io\/es\/wp-json\/wp\/v2\/media?parent=38747"}],"curies":[{"name":"wp","href":"https:\/\/api.w.org\/{rel}","templated":true}]}}