{"id":3994,"date":"2025-05-13T15:21:09","date_gmt":"2025-05-13T15:21:09","guid":{"rendered":"https:\/\/twind.io\/es\/?page_id=3994"},"modified":"2026-04-01T09:08:09","modified_gmt":"2026-04-01T09:08:09","slug":"checklist-cumplimiento-iso-45001","status":"publish","type":"page","link":"https:\/\/twind.io\/es\/checklist-cumplimiento-iso-45001\/","title":{"rendered":"Checklist de Certificaci\u00f3n en la\u00a0Norma ISO 45001"},"content":{"rendered":"<p><a rel=\"nofollow\" target=\"_blank\" href=\"#\" data-id-d=\"0\" data-img-style=\"\"><img decoding=\"async\" src=\"https:\/\/twind.io\/es\/wp-content\/uploads\/2023\/04\/logo.png\" height=\"75\" width=\"220\" alt=\"twind\" style=\"\" loading=\"lazy\"><\/img><\/a><\/p>\n<h1 style=\"text-align: center;\">Checklist Gratuita<\/h1>\n<h1 style=\"text-align: center;\">Auditor\u00eda de Certificaci\u00f3n en la <span style=\"--tcb-applied-color: var$(--tcb-color-4) !important; color: var(--tcb-color-4) !important;\">Norma ISO 45001<\/span><\/h1>\n<h1 style=\"text-align: center;\"><span style=\"font-weight: normal;\">Identifica f\u00e1cilmente los puntos cr\u00edticos de tu sistema de gesti\u00f3n de seguridad y salud en el trabajo<\/span><\/h1>\n<p><span style=\"\"><img decoding=\"async\" alt=\"\" data-id=\"4046\" width=\"590\" data-init-width=\"865\" height=\"730\" data-init-height=\"1070\" title=\"checklist ISO 45001 - Vertical\" src=\"https:\/\/twind.io\/es\/wp-content\/uploads\/2025\/05\/mockup-checklist-ISO-45001-Vertical.png\" data-width=\"590\" data-height=\"730\" style=\"aspect-ratio: auto 865 \/ 1070;\" mt-d=\"0\" ml-d=\"0\" center-v-d=\"false\" loading=\"lazy\"><\/span><\/p>\n<p><strong><span style=\"font-size: 19px !important;\">Descubre si est\u00e1s cumpliendo con los requisitos clave de la norma<\/span><\/strong><\/p>\n<p>Implantar un sistema de gesti\u00f3n de la seguridad y salud en el trabajo seg\u00fan la norma ISO 45001 es mucho m\u00e1s que una obligaci\u00f3n: es una apuesta estrat\u00e9gica por un entorno laboral m\u00e1s seguro, saludable y eficiente.<\/p>\n<p><strong>\u00bfEst\u00e1s seguro de estar cumpliendo con todos los requisitos?<\/strong> Con esta checklist gratuita, podr\u00e1s realizar una revisi\u00f3n completa, pr\u00e1ctica y r\u00e1pida de tu sistema de gesti\u00f3n.<\/p>\n<p>Desc\u00e1rgala y <strong>comprueba si est\u00e1s alineado<\/strong> con los puntos m\u00e1s importantes de la norma.<\/p>\n\n\t\t\t\t\t\t<script>\n\t\t\t\t\t\t\twindow.hsFormsOnReady = window.hsFormsOnReady || [];\n\t\t\t\t\t\t\twindow.hsFormsOnReady.push(()=>{\n\t\t\t\t\t\t\t\thbspt.forms.create({\n\t\t\t\t\t\t\t\t\tportalId: 146424663,\n\t\t\t\t\t\t\t\t\tformId: \"d19699c8-3f37-4780-8c20-a0da7b7e28e4\",\n\t\t\t\t\t\t\t\t\ttarget: \"#hbspt-form-1775342498000-7802748887\",\n\t\t\t\t\t\t\t\t\tregion: \"eu1\",\n\t\t\t\t\t\t\t\t\t\n\t\t\t\t\t\t\t})});\n\t\t\t\t\t\t<\/script>\n\t\t\t\t\t\t<div class=\"hbspt-form\" id=\"hbspt-form-1775342498000-7802748887\"><\/div>\n<p style=\"\"><strong>Audita f\u00e1cilmente todas las \u00e1reas<\/strong><br \/><strong>clave de la norma<\/strong><span style=\"font-size: 15px !important;\"><\/span><\/p>\n<p style=\"\"><span style=\"font-size: 15px !important;\">La checklist abarca todos los cap\u00edtulos importantes de la ISO 45001, desde el contexto de la organizaci\u00f3n hasta la mejora continua. Entre ellos:<\/span><\/p>\n<ul>\n<li><span style=\"font-size: 15px !important;\">Participaci\u00f3n de trabajadores y liderazgo preventivo<\/span><\/li>\n<li><span><span><span style=\"font-size: 15px !important;\">Identificaci\u00f3n de peligros y evaluaci\u00f3n de riesgos<\/span><\/span><\/span><\/li>\n<li><span><span><span style=\"font-size: 15px !important;\">Objetivos y planificaci\u00f3n de acciones preventivas<\/span><\/span><\/span><\/li>\n<li><span><span><span style=\"font-size: 15px !important;\">Control operativo y gesti\u00f3n del cambio<\/span><\/span><\/span><\/li>\n<li><span><span><span style=\"font-size: 15px !important;\">Preparaci\u00f3n y respuesta ante emergencias<\/span><\/span><\/span><\/li>\n<li><span><span><span style=\"font-size: 15px !important;\">Evaluaci\u00f3n del desempe\u00f1o y auditor\u00edas internas<\/span><\/span><\/span><span style=\"font-size: 15px !important;\"><\/span><\/li>\n<li><span style=\"font-size: 15px !important;\">Coordinaci\u00f3n de actividades empresariales con contratistas<\/span><\/li>\n<\/ul>\n<p tve-u-196ce0bc247\"\"=\"\" style=\"\"><span style=\"font-size: 15px !important;\"><\/span><span style=\"font-size: 15px !important;\"><strong>Todo lo que necesitas revisar, en un solo documento.<\/strong><\/span><\/p>\n<p><span><img decoding=\"async\" alt=\"\" data-id=\"4045\" width=\"768\" data-init-width=\"1183\" height=\"579\" data-init-height=\"892\" title=\"checklist ISO 45001 - Horizontal\" src=\"https:\/\/twind.io\/es\/wp-content\/uploads\/2025\/05\/mockup-checklist-ISO-45001-Horizontal.png\" data-width=\"768\" data-height=\"579\" style=\"aspect-ratio: auto 1183 \/ 892;\" loading=\"lazy\"><\/span><\/p>\n<h3 data-block-id=\"block-f2d77e39-d974-43f8-bf1d-585d078661de\" style=\"text-align: center;\"><strong><span style=\"--tcb-applied-color: var$(--tcb-color-4) !important; color: var(--tcb-color-4) !important;\">\u00bfPor qu\u00e9 deber\u00edas descargar este e-book?<\/span><\/strong><\/h3>\n<p><span data-contrast=\"auto\" lang=\"ES-ES\" style=\"--tcb-applied-color: rgb(26, 48, 55) !important; color: rgb(26, 48, 55) !important; font-size: 14px !important;\"><img decoding=\"async\" role=\"img\" alt=\"\u2714\ufe0f\" src=\"https:\/\/s.w.org\/images\/core\/emoji\/15.1.0\/svg\/2714.svg\" loading=\"lazy\"> Evita accidentes y no conformidades&nbsp;<\/span><span style=\"font-size: 14px !important;\"><span style=\"color: rgb(26, 48, 55) !important;\"><span style=\"--tcb-applied-color: rgb(26, 48, 55) !important;\"><span data-ccp-props=\"{}\">&nbsp;<\/span><\/span><\/span><\/span><\/p>\n<p 1\"=\"\" data-aria-posinset=\"6\" data-font=\"Symbol\" data-leveltext=\"\uf0b7\" data-list-defn-props=\"{&quot;335552541&quot;:1,&quot;335559685&quot;:720,&quot;335559991&quot;:360,&quot;469769226&quot;:&quot;Symbol&quot;,&quot;469769242&quot;:[8226],&quot;469777803&quot;:&quot;left&quot;,&quot;469777804&quot;:&quot;\uf0b7&quot;,&quot;469777815&quot;:&quot;hybridMultilevel&quot;}\" data-listid=\"1\" \"=\"\"><span style=\"font-size: 14px !important;\"><span style=\"color: rgb(26, 48, 55) !important;\"><span style=\"--tcb-applied-color: rgb(26, 48, 55) !important;\"><span data-contrast=\"auto\" lang=\"ES-ES\"><img decoding=\"async\" role=\"img\" alt=\"\u2714\ufe0f\" src=\"https:\/\/s.w.org\/images\/core\/emoji\/15.1.0\/svg\/2714.svg\" loading=\"lazy\"> Destaca las oportunidades de mejora<\/span><span data-ccp-props=\"{}\">&nbsp;<\/span><\/span><\/span><\/span><\/p>\n<p 1\"=\"\" data-aria-posinset=\"7\" data-font=\"Symbol\" data-leveltext=\"\uf0b7\" data-list-defn-props=\"{&quot;335552541&quot;:1,&quot;335559685&quot;:720,&quot;335559991&quot;:360,&quot;469769226&quot;:&quot;Symbol&quot;,&quot;469769242&quot;:[8226],&quot;469777803&quot;:&quot;left&quot;,&quot;469777804&quot;:&quot;\uf0b7&quot;,&quot;469777815&quot;:&quot;hybridMultilevel&quot;}\" data-listid=\"1\" \"=\"\"><span style=\"font-size: 14px !important;\"><span style=\"color: rgb(26, 48, 55) !important;\"><span style=\"--tcb-applied-color: rgb(26, 48, 55) !important;\"><span data-contrast=\"auto\" lang=\"ES-ES\"><img decoding=\"async\" role=\"img\" alt=\"\u2714\ufe0f\" src=\"https:\/\/s.w.org\/images\/core\/emoji\/15.1.0\/svg\/2714.svg\" loading=\"lazy\"> Evita olvidarte de abordar alg\u00fan tema, hacer alguna pregunta o revisar un proceso.<\/span><span data-ccp-props=\"{}\">&nbsp;<\/span><\/span><\/span><\/span><\/p>\n<p 1\"=\"\" data-aria-posinset=\"8\" data-font=\"Symbol\" data-leveltext=\"\uf0b7\" data-list-defn-props=\"{&quot;335552541&quot;:1,&quot;335559685&quot;:720,&quot;335559991&quot;:360,&quot;469769226&quot;:&quot;Symbol&quot;,&quot;469769242&quot;:[8226],&quot;469777803&quot;:&quot;left&quot;,&quot;469777804&quot;:&quot;\uf0b7&quot;,&quot;469777815&quot;:&quot;hybridMultilevel&quot;}\" data-listid=\"1\" \"=\"\"><span style=\"font-size: 14px !important;\"><span style=\"color: rgb(26, 48, 55) !important;\"><span style=\"--tcb-applied-color: rgb(26, 48, 55) !important;\"><span data-contrast=\"auto\" lang=\"ES-ES\"><img decoding=\"async\" role=\"img\" alt=\"\u2714\ufe0f\" src=\"https:\/\/s.w.org\/images\/core\/emoji\/15.1.0\/svg\/2714.svg\" loading=\"lazy\"> Mejora tu comunicaci\u00f3n preventiva<\/span><span data-ccp-props=\"{}\">&nbsp;<\/span><\/span><\/span><\/span><\/p>\n<p 1\"=\"\" data-aria-posinset=\"9\" data-font=\"Symbol\" data-leveltext=\"\uf0b7\" data-list-defn-props=\"{&quot;335552541&quot;:1,&quot;335559685&quot;:720,&quot;335559991&quot;:360,&quot;469769226&quot;:&quot;Symbol&quot;,&quot;469769242&quot;:[8226],&quot;469777803&quot;:&quot;left&quot;,&quot;469777804&quot;:&quot;\uf0b7&quot;,&quot;469777815&quot;:&quot;hybridMultilevel&quot;}\" data-listid=\"1\" \"=\"\"><span style=\"font-size: 14px !important;\"><span style=\"color: rgb(26, 48, 55) !important;\"><span style=\"--tcb-applied-color: rgb(26, 48, 55) !important;\"><span data-contrast=\"auto\" lang=\"ES-ES\"><img decoding=\"async\" role=\"img\" alt=\"\u2714\ufe0f\" src=\"https:\/\/s.w.org\/images\/core\/emoji\/15.1.0\/svg\/2714.svg\" loading=\"lazy\"> Compila y registra las evidencias adecuadas<\/span><span data-ccp-props=\"{}\">&nbsp;<\/span><\/span><\/span><\/span><\/p>\n<p 1\"=\"\" data-aria-posinset=\"10\" data-font=\"Symbol\" data-leveltext=\"\uf0b7\" data-list-defn-props=\"{&quot;335552541&quot;:1,&quot;335559685&quot;:720,&quot;335559991&quot;:360,&quot;469769226&quot;:&quot;Symbol&quot;,&quot;469769242&quot;:[8226],&quot;469777803&quot;:&quot;left&quot;,&quot;469777804&quot;:&quot;\uf0b7&quot;,&quot;469777815&quot;:&quot;hybridMultilevel&quot;}\" data-listid=\"1\" \"=\"\"><span style=\"font-size: 14px !important;\"><span style=\"color: rgb(26, 48, 55) !important;\"><span style=\"--tcb-applied-color: rgb(26, 48, 55) !important;\"><span data-contrast=\"auto\" lang=\"ES-ES\"><img decoding=\"async\" role=\"img\" alt=\"\u2714\ufe0f\" src=\"https:\/\/s.w.org\/images\/core\/emoji\/15.1.0\/svg\/2714.svg\" loading=\"lazy\"> Crea cultura preventiva<\/span><span data-ccp-props=\"{}\">&nbsp;y mejora la imagen de tu empresa<\/span><\/span><\/span><\/span><\/p>\n<p 1\"=\"\" data-aria-posinset=\"11\" data-font=\"Symbol\" data-leveltext=\"\uf0b7\" data-list-defn-props=\"{&quot;335552541&quot;:1,&quot;335559685&quot;:720,&quot;335559991&quot;:360,&quot;469769226&quot;:&quot;Symbol&quot;,&quot;469769242&quot;:[8226],&quot;469777803&quot;:&quot;left&quot;,&quot;469777804&quot;:&quot;\uf0b7&quot;,&quot;469777815&quot;:&quot;hybridMultilevel&quot;}\" data-listid=\"1\" \"=\"\"><span style=\"font-size: 14px !important;\"><span style=\"color: rgb(26, 48, 55) !important;\"><span style=\"--tcb-applied-color: rgb(26, 48, 55) !important;\"><span data-contrast=\"auto\" lang=\"ES-ES\"><img decoding=\"async\" role=\"img\" alt=\"\u2714\ufe0f\" src=\"https:\/\/s.w.org\/images\/core\/emoji\/15.1.0\/svg\/2714.svg\" loading=\"lazy\"> Trabaja los puntos d\u00e9biles y potencia los puntos fuertes<\/span><span data-ccp-props=\"{&quot;134233117&quot;:false,&quot;134233118&quot;:false,&quot;201341983&quot;:0,&quot;335551550&quot;:1,&quot;335551620&quot;:1,&quot;335559685&quot;:720,&quot;335559737&quot;:0,&quot;335559738&quot;:0,&quot;335559739&quot;:160,&quot;335559740&quot;:259,&quot;335559991&quot;:360}\">&nbsp;<\/span><\/span><\/span><\/span><\/p>\n<p 1\"=\"\" data-aria-posinset=\"12\" data-font=\"Symbol\" data-leveltext=\"\uf0b7\" data-list-defn-props=\"{&quot;335552541&quot;:1,&quot;335559685&quot;:720,&quot;335559991&quot;:360,&quot;469769226&quot;:&quot;Symbol&quot;,&quot;469769242&quot;:[8226],&quot;469777803&quot;:&quot;left&quot;,&quot;469777804&quot;:&quot;\uf0b7&quot;,&quot;469777815&quot;:&quot;hybridMultilevel&quot;}\" data-listid=\"1\" \"=\"\"><span style=\"font-size: 14px !important;\"><span style=\"color: rgb(26, 48, 55) !important;\"><span style=\"--tcb-applied-color: rgb(26, 48, 55) !important;\"><span data-contrast=\"auto\" lang=\"ES-ES\"><img decoding=\"async\" role=\"img\" alt=\"\u2714\ufe0f\" src=\"https:\/\/s.w.org\/images\/core\/emoji\/15.1.0\/svg\/2714.svg\" loading=\"lazy\"> Dedica mucho menos tiempo al sistema de gesti\u00f3n<\/span><span data-ccp-props=\"{}\">&nbsp;<\/span><\/span><\/span><\/span><\/p>\n<p 1\"=\"\" data-aria-posinset=\"14\" data-font=\"Symbol\" data-leveltext=\"\uf0b7\" data-list-defn-props=\"{&quot;335552541&quot;:1,&quot;335559685&quot;:720,&quot;335559991&quot;:360,&quot;469769226&quot;:&quot;Symbol&quot;,&quot;469769242&quot;:[8226],&quot;469777803&quot;:&quot;left&quot;,&quot;469777804&quot;:&quot;\uf0b7&quot;,&quot;469777815&quot;:&quot;hybridMultilevel&quot;}\" data-listid=\"1\" \"=\"\"><span style=\"font-size: 14px !important;\"><span style=\"color: rgb(26, 48, 55) !important;\"><span style=\"--tcb-applied-color: rgb(26, 48, 55) !important;\"><span data-contrast=\"auto\" lang=\"ES-ES\"><img decoding=\"async\" role=\"img\" alt=\"\u2714\ufe0f\" src=\"https:\/\/s.w.org\/images\/core\/emoji\/15.1.0\/svg\/2714.svg\" loading=\"lazy\"> Supera con \u00e9xito la auditor\u00eda de certificaci\u00f3n<\/span><span data-ccp-props=\"{}\">&nbsp;<\/span><\/span><\/span><\/span><span style=\"font-size: 14px !important;\"><span style=\"color: rgb(26, 48, 55) !important;\"><span style=\"--tcb-applied-color: rgb(26, 48, 55) !important;\"><span data-contrast=\"auto\" lang=\"ES-ES\"><\/span><\/span><\/span><\/span><\/p>\n<p><span style=\"font-size: 15px !important;\"><span style=\"color: rgb(26, 48, 55) !important;\"><span style=\"--tcb-applied-color: rgb(26, 48, 55) !important;\">Una gesti\u00f3n preventiva s\u00f3lida te da tranquilidad, confianza y control.<\/span><\/span><\/span><\/p>\n<p style=\"text-align: center;\"><strong><span style=\"font-size: 28px !important;\">\u00bfTrabajas con empresas contratistas?<\/span><\/strong><\/p>\n<p style=\"text-align: center;\">Aplicar la norma ISO 45001 te ayuda a proteger la salud de las personas trabajadoras.<br \/>Y si tu empresa trabaja con contratistas, la norma tambi\u00e9n contempla requisitos espec\u00edficos de coordinaci\u00f3n, evaluaci\u00f3n de riesgos compartidos y control de documentaci\u00f3n.<\/p>\n","protected":false},"excerpt":{"rendered":"<p>Checklist Gratuita Auditor\u00eda de Certificaci\u00f3n en la Norma ISO 45001 Identifica f\u00e1cilmente los puntos cr\u00edticos de tu sistema de gesti\u00f3n de seguridad y salud en el trabajo Descubre si est\u00e1s cumpliendo con los requisitos clave de la norma Implantar un sistema de gesti\u00f3n de la seguridad y salud en el trabajo seg\u00fan la norma ISO [&hellip;]<\/p>\n","protected":false},"author":1,"featured_media":0,"parent":0,"menu_order":0,"comment_status":"closed","ping_status":"closed","template":"","meta":{"content-type":"","footnotes":""},"class_list":["post-3994","page","type-page","status-publish","hentry","post-wrapper","thrv_wrapper"],"yoast_head":"<!-- This site is optimized with the Yoast SEO plugin v27.3 - https:\/\/yoast.com\/product\/yoast-seo-wordpress\/ -->\n<title>Checklist Gratis | Comprueba tu cumplimiento en ISO 45001<\/title>\n<meta name=\"description\" content=\"Comprueba tu cumplimiento en ISO 45001. Auditor\u00eda de Certificaci\u00f3n en la Norma ISO 45001\" \/>\n<meta name=\"robots\" content=\"index, follow, max-snippet:-1, max-image-preview:large, max-video-preview:-1\" \/>\n<link rel=\"canonical\" href=\"https:\/\/twind.io\/es\/checklist-cumplimiento-iso-45001\/\" \/>\n<meta property=\"og:locale\" content=\"es_ES\" \/>\n<meta property=\"og:type\" content=\"article\" \/>\n<meta property=\"og:title\" content=\"Checklist Gratis | Comprueba tu cumplimiento en ISO 45001\" \/>\n<meta property=\"og:description\" content=\"Comprueba tu cumplimiento en ISO 45001. Auditor\u00eda de Certificaci\u00f3n en la Norma ISO 45001\" \/>\n<meta property=\"og:url\" content=\"https:\/\/twind.io\/es\/checklist-cumplimiento-iso-45001\/\" \/>\n<meta property=\"og:site_name\" content=\"Twind - Plataforma de Coordinaci\u00f3n de Actividades Empresariales\" \/>\n<meta property=\"article:modified_time\" content=\"2026-04-01T09:08:09+00:00\" \/>\n<meta property=\"og:image\" content=\"https:\/\/twind.io\/es\/wp-content\/uploads\/2023\/04\/logo.png\" \/>\n<meta name=\"twitter:card\" content=\"summary_large_image\" \/>\n<meta name=\"twitter:label1\" content=\"Tiempo de lectura\" \/>\n\t<meta name=\"twitter:data1\" content=\"5 minutos\" \/>\n<script type=\"application\/ld+json\" class=\"yoast-schema-graph\">{\"@context\":\"https:\\\/\\\/schema.org\",\"@graph\":[{\"@type\":\"WebPage\",\"@id\":\"https:\\\/\\\/twind.io\\\/es\\\/checklist-cumplimiento-iso-45001\\\/\",\"url\":\"https:\\\/\\\/twind.io\\\/es\\\/checklist-cumplimiento-iso-45001\\\/\",\"name\":\"Checklist Gratis | Comprueba tu cumplimiento en ISO 45001\",\"isPartOf\":{\"@id\":\"https:\\\/\\\/twind.io\\\/es\\\/#website\"},\"primaryImageOfPage\":{\"@id\":\"https:\\\/\\\/twind.io\\\/es\\\/checklist-cumplimiento-iso-45001\\\/#primaryimage\"},\"image\":{\"@id\":\"https:\\\/\\\/twind.io\\\/es\\\/checklist-cumplimiento-iso-45001\\\/#primaryimage\"},\"thumbnailUrl\":\"https:\\\/\\\/twind.io\\\/es\\\/wp-content\\\/uploads\\\/2023\\\/04\\\/logo.png\",\"datePublished\":\"2025-05-13T15:21:09+00:00\",\"dateModified\":\"2026-04-01T09:08:09+00:00\",\"description\":\"Comprueba tu cumplimiento en ISO 45001. Auditor\u00eda de Certificaci\u00f3n en la Norma ISO 45001\",\"breadcrumb\":{\"@id\":\"https:\\\/\\\/twind.io\\\/es\\\/checklist-cumplimiento-iso-45001\\\/#breadcrumb\"},\"inLanguage\":\"es\",\"potentialAction\":[{\"@type\":\"ReadAction\",\"target\":[\"https:\\\/\\\/twind.io\\\/es\\\/checklist-cumplimiento-iso-45001\\\/\"]}]},{\"@type\":\"ImageObject\",\"inLanguage\":\"es\",\"@id\":\"https:\\\/\\\/twind.io\\\/es\\\/checklist-cumplimiento-iso-45001\\\/#primaryimage\",\"url\":\"https:\\\/\\\/twind.io\\\/es\\\/wp-content\\\/uploads\\\/2023\\\/04\\\/logo.png\",\"contentUrl\":\"https:\\\/\\\/twind.io\\\/es\\\/wp-content\\\/uploads\\\/2023\\\/04\\\/logo.png\",\"width\":220,\"height\":75,\"caption\":\"twind\"},{\"@type\":\"BreadcrumbList\",\"@id\":\"https:\\\/\\\/twind.io\\\/es\\\/checklist-cumplimiento-iso-45001\\\/#breadcrumb\",\"itemListElement\":[{\"@type\":\"ListItem\",\"position\":1,\"name\":\"Portada\",\"item\":\"https:\\\/\\\/twind.io\\\/es\\\/\"},{\"@type\":\"ListItem\",\"position\":2,\"name\":\"Checklist de Certificaci\u00f3n en la\u00a0Norma ISO 45001\"}]},{\"@type\":\"WebSite\",\"@id\":\"https:\\\/\\\/twind.io\\\/es\\\/#website\",\"url\":\"https:\\\/\\\/twind.io\\\/es\\\/\",\"name\":\"Twind - Plataforma de Coordinaci\u00f3n de Actividades Empresariales\",\"description\":\"Coordina los procesos de gesti\u00f3n documental y control de contratistas y proveedores, respetando la normativa en materia de Seguridad y Salud en el Trabajo.\",\"potentialAction\":[{\"@type\":\"SearchAction\",\"target\":{\"@type\":\"EntryPoint\",\"urlTemplate\":\"https:\\\/\\\/twind.io\\\/es\\\/?s={search_term_string}\"},\"query-input\":{\"@type\":\"PropertyValueSpecification\",\"valueRequired\":true,\"valueName\":\"search_term_string\"}}],\"inLanguage\":\"es\"}]}<\/script>\n<!-- \/ Yoast SEO plugin. -->","yoast_head_json":{"title":"Checklist Gratis | Comprueba tu cumplimiento en ISO 45001","description":"Comprueba tu cumplimiento en ISO 45001. Auditor\u00eda de Certificaci\u00f3n en la Norma ISO 45001","robots":{"index":"index","follow":"follow","max-snippet":"max-snippet:-1","max-image-preview":"max-image-preview:large","max-video-preview":"max-video-preview:-1"},"canonical":"https:\/\/twind.io\/es\/checklist-cumplimiento-iso-45001\/","og_locale":"es_ES","og_type":"article","og_title":"Checklist Gratis | Comprueba tu cumplimiento en ISO 45001","og_description":"Comprueba tu cumplimiento en ISO 45001. Auditor\u00eda de Certificaci\u00f3n en la Norma ISO 45001","og_url":"https:\/\/twind.io\/es\/checklist-cumplimiento-iso-45001\/","og_site_name":"Twind - Plataforma de Coordinaci\u00f3n de Actividades Empresariales","article_modified_time":"2026-04-01T09:08:09+00:00","og_image":[{"url":"https:\/\/twind.io\/es\/wp-content\/uploads\/2023\/04\/logo.png","type":"","width":"","height":""}],"twitter_card":"summary_large_image","twitter_misc":{"Tiempo de lectura":"5 minutos"},"schema":{"@context":"https:\/\/schema.org","@graph":[{"@type":"WebPage","@id":"https:\/\/twind.io\/es\/checklist-cumplimiento-iso-45001\/","url":"https:\/\/twind.io\/es\/checklist-cumplimiento-iso-45001\/","name":"Checklist Gratis | Comprueba tu cumplimiento en ISO 45001","isPartOf":{"@id":"https:\/\/twind.io\/es\/#website"},"primaryImageOfPage":{"@id":"https:\/\/twind.io\/es\/checklist-cumplimiento-iso-45001\/#primaryimage"},"image":{"@id":"https:\/\/twind.io\/es\/checklist-cumplimiento-iso-45001\/#primaryimage"},"thumbnailUrl":"https:\/\/twind.io\/es\/wp-content\/uploads\/2023\/04\/logo.png","datePublished":"2025-05-13T15:21:09+00:00","dateModified":"2026-04-01T09:08:09+00:00","description":"Comprueba tu cumplimiento en ISO 45001. Auditor\u00eda de Certificaci\u00f3n en la Norma ISO 45001","breadcrumb":{"@id":"https:\/\/twind.io\/es\/checklist-cumplimiento-iso-45001\/#breadcrumb"},"inLanguage":"es","potentialAction":[{"@type":"ReadAction","target":["https:\/\/twind.io\/es\/checklist-cumplimiento-iso-45001\/"]}]},{"@type":"ImageObject","inLanguage":"es","@id":"https:\/\/twind.io\/es\/checklist-cumplimiento-iso-45001\/#primaryimage","url":"https:\/\/twind.io\/es\/wp-content\/uploads\/2023\/04\/logo.png","contentUrl":"https:\/\/twind.io\/es\/wp-content\/uploads\/2023\/04\/logo.png","width":220,"height":75,"caption":"twind"},{"@type":"BreadcrumbList","@id":"https:\/\/twind.io\/es\/checklist-cumplimiento-iso-45001\/#breadcrumb","itemListElement":[{"@type":"ListItem","position":1,"name":"Portada","item":"https:\/\/twind.io\/es\/"},{"@type":"ListItem","position":2,"name":"Checklist de Certificaci\u00f3n en la\u00a0Norma ISO 45001"}]},{"@type":"WebSite","@id":"https:\/\/twind.io\/es\/#website","url":"https:\/\/twind.io\/es\/","name":"Twind - Plataforma de Coordinaci\u00f3n de Actividades Empresariales","description":"Coordina los procesos de gesti\u00f3n documental y control de contratistas y proveedores, respetando la normativa en materia de Seguridad y Salud en el Trabajo.","potentialAction":[{"@type":"SearchAction","target":{"@type":"EntryPoint","urlTemplate":"https:\/\/twind.io\/es\/?s={search_term_string}"},"query-input":{"@type":"PropertyValueSpecification","valueRequired":true,"valueName":"search_term_string"}}],"inLanguage":"es"}]}},"_links":{"self":[{"href":"https:\/\/twind.io\/es\/wp-json\/wp\/v2\/pages\/3994","targetHints":{"allow":["GET"]}}],"collection":[{"href":"https:\/\/twind.io\/es\/wp-json\/wp\/v2\/pages"}],"about":[{"href":"https:\/\/twind.io\/es\/wp-json\/wp\/v2\/types\/page"}],"author":[{"embeddable":true,"href":"https:\/\/twind.io\/es\/wp-json\/wp\/v2\/users\/1"}],"replies":[{"embeddable":true,"href":"https:\/\/twind.io\/es\/wp-json\/wp\/v2\/comments?post=3994"}],"version-history":[{"count":37,"href":"https:\/\/twind.io\/es\/wp-json\/wp\/v2\/pages\/3994\/revisions"}],"predecessor-version":[{"id":38515,"href":"https:\/\/twind.io\/es\/wp-json\/wp\/v2\/pages\/3994\/revisions\/38515"}],"wp:attachment":[{"href":"https:\/\/twind.io\/es\/wp-json\/wp\/v2\/media?parent=3994"}],"curies":[{"name":"wp","href":"https:\/\/api.w.org\/{rel}","templated":true}]}}