{"id":686,"date":"2023-05-02T06:23:05","date_gmt":"2023-05-02T06:23:05","guid":{"rendered":"https:\/\/twind.io\/cl\/?page_id=686"},"modified":"2025-12-01T16:35:49","modified_gmt":"2025-12-01T16:35:49","slug":"sobre-nosotros","status":"publish","type":"page","link":"https:\/\/twind.io\/es\/sobre-nosotros\/","title":{"rendered":"Sobre nosotros"},"content":{"rendered":"<h1 style=\"text-align: center;\"><strong><span>Queremos que trabajes <span style=\"--tcb-applied-color: var$(--tcb-color-4) !important; color: var(--tcb-color-4) !important;\">seguro y tranquilo<\/span><\/span><\/strong><\/h1>\n<h2 style=\"\"><strong>Por qu\u00e9 lo hacemos<\/strong><\/h2>\n<p><span data-contrast=\"none\" lang=\"ES-ES\"><strong>Ser prevencionista es un reto constante: <\/strong>situaciones de riesgo y alta responsabilidad, cambios de normativas, factores humanos, gesti\u00f3n de personas, tr\u00e1mites burocr\u00e1ticos, alta presi\u00f3n\u2026Y todo ello desde una posici\u00f3n a menudo malentendida como de penumbra.Para nosotros, el prevencionista es un h\u00e9roe, un l\u00edder al que queremos ayudar a resolver los problemas de forma innovadora, elevando su rol a la posici\u00f3n reconocida y admirada que merece.Por eso, <strong>CTAIMA y e-coordina evolucionamos juntos para ofrecerte la primera plataforma CAE de nueva generaci\u00f3n en Espa\u00f1a y Portugal.<\/strong> Una soluci\u00f3n que combina m\u00e1s de 20 a\u00f1os de experiencia con tecnolog\u00eda de vanguardia para simplificar la gesti\u00f3n documental y garantizar el cumplimiento normativo.<\/span><\/p>\n<h2 style=\"text-align: center; color: rgb(26, 48, 55) !important; --tcb-applied-color: rgb(26, 48, 55) !important;\"><span data-contrast=\"none\" lang=\"ES-ES\" style=\"--tcb-applied-color: rgb(26, 48, 55) !important;\"><span data-contrast=\"none\" lang=\"ES-ES\" style=\"--tcb-applied-color: rgb(26, 48, 55) !important;\"><span data-contrast=\"none\" lang=\"ES-ES\" style=\"--tcb-applied-color: rgb(26, 48, 55) !important;\">Nuestros <\/span><\/span><span data-contrast=\"none\" lang=\"ES-ES\" style=\"--tcb-applied-color: var$(--tcb-color-4) !important;\"><span data-contrast=\"none\" lang=\"ES-ES\" style=\"color: var(--tcb-color-4) !important;\">Valores<\/span><\/span><span data-contrast=\"none\" lang=\"ES-ES\" style=\"--tcb-applied-color: rgb(26, 48, 55) !important;\"><span data-contrast=\"none\" lang=\"ES-ES\" style=\"--tcb-applied-color: rgb(26, 48, 55) !important;\"><\/span><\/span><\/span><\/h2>\n<p><span><img decoding=\"async\" alt=\"\" data-id=\"3598\" width=\"70\" data-init-width=\"256\" height=\"70\" data-init-height=\"256\" title=\"protesta\" loading=\"lazy\" src=\"https:\/\/twind.io\/es\/wp-content\/uploads\/2025\/04\/protesta.png\" data-width=\"70\" data-height=\"70\" style=\"aspect-ratio: auto 256 \/ 256;\"><\/span><\/p>\n<p style=\"text-align: center;\"><strong>Demostramos ownership<\/strong><\/p>\n<p><span><img decoding=\"async\" alt=\"\" data-id=\"3595\" width=\"70\" data-init-width=\"256\" height=\"70\" data-init-height=\"256\" title=\"bombilla-de-idea\" loading=\"lazy\" src=\"https:\/\/twind.io\/es\/wp-content\/uploads\/2025\/04\/bombilla-de-idea.png\" data-width=\"70\" data-height=\"70\" style=\"aspect-ratio: auto 256 \/ 256;\"><\/span><\/p>\n<p style=\"text-align: center;\"><strong>Priorizamos el crecimiento<\/strong><\/p>\n<p><span><img decoding=\"async\" alt=\"\" data-id=\"3596\" width=\"70\" data-init-width=\"256\" height=\"70\" data-init-height=\"256\" title=\"clasificacion\" loading=\"lazy\" src=\"https:\/\/twind.io\/es\/wp-content\/uploads\/2025\/04\/clasificacion.png\" data-width=\"70\" data-height=\"70\" style=\"aspect-ratio: auto 256 \/ 256;\"><\/span><\/p>\n<p style=\"text-align: center;\"><strong>Ponemos alcliente primero<\/strong><\/p>\n<p><span><img decoding=\"async\" alt=\"\" data-id=\"3597\" width=\"70\" data-init-width=\"256\" height=\"70\" data-init-height=\"256\" title=\"creatividad (1)\" loading=\"lazy\" src=\"https:\/\/twind.io\/es\/wp-content\/uploads\/2025\/04\/creatividad-1.png\" data-width=\"70\" data-height=\"70\" style=\"aspect-ratio: auto 256 \/ 256;\"><\/span><\/p>\n<p style=\"text-align: center;\"><strong>Somos entusiastas<\/strong><\/p>\n<p><span><img decoding=\"async\" alt=\"\" data-id=\"3599\" width=\"70\" data-init-width=\"256\" height=\"70\" data-init-height=\"256\" title=\"solucion\" loading=\"lazy\" src=\"https:\/\/twind.io\/es\/wp-content\/uploads\/2025\/04\/solucion.png\" data-width=\"70\" data-height=\"70\" style=\"aspect-ratio: auto 256 \/ 256;\"><\/span><\/p>\n<p style=\"text-align: center;\"><strong>\u00a1Resolvemos!<\/strong><\/p>\n<h2 style=\"\"><span style=\"\">M\u00e1s de 20 a\u00f1os de experiencia<\/span><\/h2>\n<h2 style=\"text-align: left;\"><span data-contrast=\"none\" lang=\"ES-ES\"><span data-contrast=\"none\" lang=\"ES-ES\"><span data-contrast=\"none\" lang=\"ES-ES\">Nueva plataforma, mismo compromiso<\/span><\/span><\/span><\/h2>\n<p><span data-ccp-props=\"{&quot;201341983&quot;:0,&quot;335559739&quot;:160,&quot;335559740&quot;:259}\"><span data-contrast=\"none\" lang=\"ES-ES\">Tras su adopci\u00f3n en Latinoam\u00e9rica e Italia, Twind ha demostrado su capacidad para transformar la gesti\u00f3n de la CAE. Ahora, llega a Espa\u00f1a con una propuesta renovada, preparada para llevar la coordinaci\u00f3n de actividades empresariales a otro nivel.<strong>Si ya eres cliente de CTAIMACAE o e-coordina, descubre todo sobre la actualizaci\u00f3n&nbsp;<\/strong><\/span><\/span><strong><a href=\"https:\/\/twind.io\/es\/ctaima-ecoordina-evolucionamos-a-twind\" style=\"outline: none;\"><span style=\"text-decoration: underline;\"><span data-ccp-props=\"{&quot;201341983&quot;:0,&quot;335559739&quot;:160,&quot;335559740&quot;:259}\">aqu\u00ed<\/span><\/span><\/a><\/strong><span data-ccp-props=\"{&quot;201341983&quot;:0,&quot;335559739&quot;:160,&quot;335559740&quot;:259}\"><span data-contrast=\"none\" lang=\"ES-ES\"><strong>.<\/strong> <\/span><\/span><\/p>\n<p><span style=\"\"><img decoding=\"async\" alt=\"\" data-id=\"3378\" title=\"Mockup LOGIN\" loading=\"lazy\" src=\"https:\/\/twind.io\/es\/wp-content\/uploads\/2025\/03\/Mockup-LOGIN.png\" data-link-wrap=\"true\" data-width=\"581\" width=\"581\" data-init-width=\"1269\" data-height=\"403\" style=\"aspect-ratio: auto 1269 \/ 880;\" height=\"403\" data-init-height=\"880\" ml-d=\"-23.639999999999986\" mt-d=\"0\" center-h-d=\"false\" ml-m=\"-21\" mt-m=\"0\" center-h-m=\"false\"><\/span><span><img decoding=\"async\" alt=\"ISO 9001\" data-id=\"726\" width=\"115\" data-init-width=\"1000\" height=\"117\" data-init-height=\"1021\" title=\"ISO 9001\" loading=\"lazy\" src=\"https:\/\/twind.io\/cl\/wp-content\/uploads\/2023\/05\/ISO_9001-2015.webp\" data-width=\"115\" style=\"aspect-ratio: auto 1000 \/ 1021;\" data-height=\"117\"><\/span><span><img decoding=\"async\" alt=\"ISO 27001\" data-id=\"736\" width=\"195\" data-init-width=\"650\" height=\"120\" data-init-height=\"400\" title=\"ISO 27001\" loading=\"lazy\" src=\"https:\/\/twind.io\/cl\/wp-content\/uploads\/2023\/05\/ISO-27001.webp\" data-width=\"195\" style=\"aspect-ratio: auto 650 \/ 400;\" data-height=\"120\"><\/span><span><img decoding=\"async\" alt=\"ISO 45001\" data-id=\"739\" width=\"150\" data-init-width=\"646\" height=\"151\" data-init-height=\"651\" title=\"ISO 45001\" loading=\"lazy\" src=\"https:\/\/twind.io\/cl\/wp-content\/uploads\/2023\/05\/iso-45001.webp\" data-width=\"150\" style=\"aspect-ratio: auto 646 \/ 651;\" data-height=\"151\"><\/span><span><img decoding=\"async\" alt=\"PYME innovadora\" data-id=\"793\" width=\"150\" data-init-width=\"230\" height=\"196\" data-init-height=\"300\" title=\"PYME innovadora\" loading=\"lazy\" src=\"https:\/\/twind.io\/cl\/wp-content\/uploads\/2023\/05\/pyme_innovadora_meic-SP_web-230x300-1.webp\" data-width=\"150\" style=\"aspect-ratio: auto 230 \/ 300;\" data-height=\"196\"><\/span><span><img decoding=\"async\" alt=\"Premio Empresa Feliz\" data-id=\"731\" width=\"198\" data-init-width=\"300\" height=\"198\" data-init-height=\"300\" title=\"Premio Empresa Feliz\" loading=\"lazy\" src=\"https:\/\/twind.io\/cl\/wp-content\/uploads\/2023\/05\/premioEmpresaFeliz.webp\" data-width=\"198\" style=\"aspect-ratio: auto 300 \/ 300;\" data-height=\"198\"><\/span><span><img decoding=\"async\" alt=\"Gold Parthner Microsoft\" data-id=\"791\" width=\"198\" data-init-width=\"300\" height=\"198\" data-init-height=\"300\" title=\"Gold Parthner Microsoft\" loading=\"lazy\" src=\"https:\/\/twind.io\/cl\/wp-content\/uploads\/2023\/05\/gold-parthner-microsoft.webp\" data-width=\"198\" style=\"aspect-ratio: auto 300 \/ 300;\" data-height=\"198\"><\/span><\/p>\n","protected":false},"excerpt":{"rendered":"<p>Queremos que trabajes seguro y tranquilo Por qu\u00e9 lo hacemos Ser prevencionista es un reto constante: situaciones de riesgo y alta responsabilidad, cambios de normativas, factores humanos, gesti\u00f3n de personas, tr\u00e1mites burocr\u00e1ticos, alta presi\u00f3n\u2026Y todo ello desde una posici\u00f3n a menudo malentendida como de penumbra.Para nosotros, el prevencionista es un h\u00e9roe, un l\u00edder al que [&hellip;]<\/p>\n","protected":false},"author":1,"featured_media":203,"parent":0,"menu_order":0,"comment_status":"closed","ping_status":"closed","template":"","meta":{"content-type":"","footnotes":""},"class_list":["post-686","page","type-page","status-publish","has-post-thumbnail","hentry","post-wrapper","thrv_wrapper"],"yoast_head":"<!-- This site is optimized with the Yoast SEO plugin v27.3 - https:\/\/yoast.com\/product\/yoast-seo-wordpress\/ -->\n<title>Sobre nosotros - Plataforma CAE Twind<\/title>\n<meta name=\"description\" content=\"Descubre Twind la mejor plataforma de Coordinaci\u00f3n de Actividades Empresariales\" \/>\n<meta name=\"robots\" content=\"index, follow, max-snippet:-1, max-image-preview:large, max-video-preview:-1\" \/>\n<link rel=\"canonical\" href=\"https:\/\/twind.io\/es\/sobre-nosotros\/\" \/>\n<meta property=\"og:locale\" content=\"es_ES\" \/>\n<meta property=\"og:type\" content=\"article\" \/>\n<meta property=\"og:title\" content=\"Sobre nosotros - Plataforma CAE Twind\" \/>\n<meta property=\"og:description\" content=\"Descubre Twind la mejor plataforma de Coordinaci\u00f3n de Actividades Empresariales\" \/>\n<meta property=\"og:url\" content=\"https:\/\/twind.io\/es\/sobre-nosotros\/\" \/>\n<meta property=\"og:site_name\" content=\"Twind - Plataforma de Coordinaci\u00f3n de Actividades Empresariales\" \/>\n<meta property=\"article:modified_time\" content=\"2025-12-01T16:35:49+00:00\" \/>\n<meta name=\"twitter:card\" content=\"summary_large_image\" \/>\n<meta name=\"twitter:label1\" content=\"Tiempo de lectura\" \/>\n\t<meta name=\"twitter:data1\" content=\"5 minutos\" \/>\n<script type=\"application\/ld+json\" class=\"yoast-schema-graph\">{\"@context\":\"https:\\\/\\\/schema.org\",\"@graph\":[{\"@type\":\"WebPage\",\"@id\":\"https:\\\/\\\/twind.io\\\/es\\\/sobre-nosotros\\\/\",\"url\":\"https:\\\/\\\/twind.io\\\/es\\\/sobre-nosotros\\\/\",\"name\":\"Sobre nosotros - Plataforma CAE Twind\",\"isPartOf\":{\"@id\":\"https:\\\/\\\/twind.io\\\/es\\\/#website\"},\"primaryImageOfPage\":{\"@id\":\"https:\\\/\\\/twind.io\\\/es\\\/sobre-nosotros\\\/#primaryimage\"},\"image\":{\"@id\":\"https:\\\/\\\/twind.io\\\/es\\\/sobre-nosotros\\\/#primaryimage\"},\"thumbnailUrl\":\"https:\\\/\\\/twind.io\\\/es\\\/wp-content\\\/uploads\\\/2023\\\/04\\\/1-built-for-multi.svg\",\"datePublished\":\"2023-05-02T06:23:05+00:00\",\"dateModified\":\"2025-12-01T16:35:49+00:00\",\"description\":\"Descubre Twind la mejor plataforma de Coordinaci\u00f3n de Actividades Empresariales\",\"breadcrumb\":{\"@id\":\"https:\\\/\\\/twind.io\\\/es\\\/sobre-nosotros\\\/#breadcrumb\"},\"inLanguage\":\"es\",\"potentialAction\":[{\"@type\":\"ReadAction\",\"target\":[\"https:\\\/\\\/twind.io\\\/es\\\/sobre-nosotros\\\/\"]}]},{\"@type\":\"ImageObject\",\"inLanguage\":\"es\",\"@id\":\"https:\\\/\\\/twind.io\\\/es\\\/sobre-nosotros\\\/#primaryimage\",\"url\":\"https:\\\/\\\/twind.io\\\/es\\\/wp-content\\\/uploads\\\/2023\\\/04\\\/1-built-for-multi.svg\",\"contentUrl\":\"https:\\\/\\\/twind.io\\\/es\\\/wp-content\\\/uploads\\\/2023\\\/04\\\/1-built-for-multi.svg\",\"caption\":\"Twind\"},{\"@type\":\"BreadcrumbList\",\"@id\":\"https:\\\/\\\/twind.io\\\/es\\\/sobre-nosotros\\\/#breadcrumb\",\"itemListElement\":[{\"@type\":\"ListItem\",\"position\":1,\"name\":\"Portada\",\"item\":\"https:\\\/\\\/twind.io\\\/es\\\/\"},{\"@type\":\"ListItem\",\"position\":2,\"name\":\"Sobre nosotros\"}]},{\"@type\":\"WebSite\",\"@id\":\"https:\\\/\\\/twind.io\\\/es\\\/#website\",\"url\":\"https:\\\/\\\/twind.io\\\/es\\\/\",\"name\":\"Twind - Plataforma de Coordinaci\u00f3n de Actividades Empresariales\",\"description\":\"Coordina los procesos de gesti\u00f3n documental y control de contratistas y proveedores, respetando la normativa en materia de Seguridad y Salud en el Trabajo.\",\"potentialAction\":[{\"@type\":\"SearchAction\",\"target\":{\"@type\":\"EntryPoint\",\"urlTemplate\":\"https:\\\/\\\/twind.io\\\/es\\\/?s={search_term_string}\"},\"query-input\":{\"@type\":\"PropertyValueSpecification\",\"valueRequired\":true,\"valueName\":\"search_term_string\"}}],\"inLanguage\":\"es\"}]}<\/script>\n<!-- \/ Yoast SEO plugin. -->","yoast_head_json":{"title":"Sobre nosotros - Plataforma CAE Twind","description":"Descubre Twind la mejor plataforma de Coordinaci\u00f3n de Actividades Empresariales","robots":{"index":"index","follow":"follow","max-snippet":"max-snippet:-1","max-image-preview":"max-image-preview:large","max-video-preview":"max-video-preview:-1"},"canonical":"https:\/\/twind.io\/es\/sobre-nosotros\/","og_locale":"es_ES","og_type":"article","og_title":"Sobre nosotros - Plataforma CAE Twind","og_description":"Descubre Twind la mejor plataforma de Coordinaci\u00f3n de Actividades Empresariales","og_url":"https:\/\/twind.io\/es\/sobre-nosotros\/","og_site_name":"Twind - Plataforma de Coordinaci\u00f3n de Actividades Empresariales","article_modified_time":"2025-12-01T16:35:49+00:00","twitter_card":"summary_large_image","twitter_misc":{"Tiempo de lectura":"5 minutos"},"schema":{"@context":"https:\/\/schema.org","@graph":[{"@type":"WebPage","@id":"https:\/\/twind.io\/es\/sobre-nosotros\/","url":"https:\/\/twind.io\/es\/sobre-nosotros\/","name":"Sobre nosotros - Plataforma CAE Twind","isPartOf":{"@id":"https:\/\/twind.io\/es\/#website"},"primaryImageOfPage":{"@id":"https:\/\/twind.io\/es\/sobre-nosotros\/#primaryimage"},"image":{"@id":"https:\/\/twind.io\/es\/sobre-nosotros\/#primaryimage"},"thumbnailUrl":"https:\/\/twind.io\/es\/wp-content\/uploads\/2023\/04\/1-built-for-multi.svg","datePublished":"2023-05-02T06:23:05+00:00","dateModified":"2025-12-01T16:35:49+00:00","description":"Descubre Twind la mejor plataforma de Coordinaci\u00f3n de Actividades Empresariales","breadcrumb":{"@id":"https:\/\/twind.io\/es\/sobre-nosotros\/#breadcrumb"},"inLanguage":"es","potentialAction":[{"@type":"ReadAction","target":["https:\/\/twind.io\/es\/sobre-nosotros\/"]}]},{"@type":"ImageObject","inLanguage":"es","@id":"https:\/\/twind.io\/es\/sobre-nosotros\/#primaryimage","url":"https:\/\/twind.io\/es\/wp-content\/uploads\/2023\/04\/1-built-for-multi.svg","contentUrl":"https:\/\/twind.io\/es\/wp-content\/uploads\/2023\/04\/1-built-for-multi.svg","caption":"Twind"},{"@type":"BreadcrumbList","@id":"https:\/\/twind.io\/es\/sobre-nosotros\/#breadcrumb","itemListElement":[{"@type":"ListItem","position":1,"name":"Portada","item":"https:\/\/twind.io\/es\/"},{"@type":"ListItem","position":2,"name":"Sobre nosotros"}]},{"@type":"WebSite","@id":"https:\/\/twind.io\/es\/#website","url":"https:\/\/twind.io\/es\/","name":"Twind - Plataforma de Coordinaci\u00f3n de Actividades Empresariales","description":"Coordina los procesos de gesti\u00f3n documental y control de contratistas y proveedores, respetando la normativa en materia de Seguridad y Salud en el Trabajo.","potentialAction":[{"@type":"SearchAction","target":{"@type":"EntryPoint","urlTemplate":"https:\/\/twind.io\/es\/?s={search_term_string}"},"query-input":{"@type":"PropertyValueSpecification","valueRequired":true,"valueName":"search_term_string"}}],"inLanguage":"es"}]}},"_links":{"self":[{"href":"https:\/\/twind.io\/es\/wp-json\/wp\/v2\/pages\/686","targetHints":{"allow":["GET"]}}],"collection":[{"href":"https:\/\/twind.io\/es\/wp-json\/wp\/v2\/pages"}],"about":[{"href":"https:\/\/twind.io\/es\/wp-json\/wp\/v2\/types\/page"}],"author":[{"embeddable":true,"href":"https:\/\/twind.io\/es\/wp-json\/wp\/v2\/users\/1"}],"replies":[{"embeddable":true,"href":"https:\/\/twind.io\/es\/wp-json\/wp\/v2\/comments?post=686"}],"version-history":[{"count":41,"href":"https:\/\/twind.io\/es\/wp-json\/wp\/v2\/pages\/686\/revisions"}],"predecessor-version":[{"id":37798,"href":"https:\/\/twind.io\/es\/wp-json\/wp\/v2\/pages\/686\/revisions\/37798"}],"wp:featuredmedia":[{"embeddable":true,"href":"https:\/\/twind.io\/es\/wp-json\/wp\/v2\/media\/203"}],"wp:attachment":[{"href":"https:\/\/twind.io\/es\/wp-json\/wp\/v2\/media?parent=686"}],"curies":[{"name":"wp","href":"https:\/\/api.w.org\/{rel}","templated":true}]}}