{"id":1010,"date":"2026-03-04T07:58:42","date_gmt":"2026-03-04T07:58:42","guid":{"rendered":"https:\/\/twind.io\/fr\/?page_id=1010"},"modified":"2026-03-17T15:48:09","modified_gmt":"2026-03-17T15:48:09","slug":"gestion-des-documents","status":"publish","type":"page","link":"https:\/\/twind.io\/fr\/gestion-des-documents\/","title":{"rendered":"Gestion des documents"},"content":{"rendered":"<h1 style=\"text-align: center;\"><span _msttexthash=\"988390\" _msthash=\"0\">Gestion documentaire <span style=\"--tcb-applied-color: var$(--tcb-color-3) !important; color: var(--tcb-color-3) !important;\">et coordination des entreprises ext\u00e9rieures<\/span><\/span><\/h1>\n<h1 style=\"text-align: center;\">Pr\u00e9venez les risques sous-traitants<\/h1>\n<p style=\"text-align: center;\">Nous v\u00e9rifions l&rsquo;int\u00e9gralit\u00e9 de la documentation de vos sous-traitants pour un tarif fixe et transparent, sans surprise sur la facture, id\u00e9al pour les entreprises de toutes tailles.<\/p>\n<h2 style=\"text-align: center;\"><span><span><span>.<\/span><\/span><\/span><\/h2>\n<p><span style=\"\"><\/span><span><img decoding=\"async\" alt=\"\" data-id=\"243\" title=\"5\" src=\"https:\/\/twind.io\/fr\/wp-content\/uploads\/2026\/03\/5.svg\" data-width=\"40\" data-height=\"40\" style=\"aspect-ratio: auto 371 \/ 371;\" height=\"40\" width=\"40\" data-init-width=\"371\" data-init-height=\"371\" loading=\"lazy\"><\/span><\/p>\n<p style=\"text-align: center; color: rgb(26, 48, 55) !important; --tcb-applied-color: rgb(26, 48, 55) !important;\"><strong><span style=\"font-size: 50px !important; --tcb-applied-color: rgb(26, 48, 55) !important;\">24h<\/span><\/strong><\/p>\n<h3 style=\"text-align: center;\"><span _msttexthash=\"801502\" _msthash=\"3\">Examen rapide des documents<\/span><\/h3>\n<h3 style=\"text-align: center;\"><span style=\"font-weight: normal;\"><span _msttexthash=\"3958968\" _msthash=\"4\">Traitement en temps record de la documentation pour les op\u00e9rations<em _istranslated=\"1\"><\/em> urgentes.<\/span><\/span><\/h3>\n<p><span><img decoding=\"async\" alt=\"\" data-id=\"245\" title=\"7\" src=\"https:\/\/twind.io\/fr\/wp-content\/uploads\/2026\/03\/7.svg\" data-width=\"40\" data-height=\"40\" style=\"aspect-ratio: auto 371 \/ 371;\" height=\"40\" width=\"40\" data-init-width=\"371\" data-init-height=\"371\" loading=\"lazy\"><\/span><\/p>\n<p style=\"text-align: center; color: var(--tcb-color-1) !important; --tcb-applied-color: var$(--tcb-color-1) !important;\"><strong><span style=\"font-size: 50px !important; --tcb-applied-color: var$(--tcb-color-1) !important;\">500+<\/span><\/strong><\/p>\n<h3 style=\"text-align: center;\"><span style=\"\">Entreprises nous font confiance<\/span><\/h3>\n<h3 style=\"text-align: center;\"><span style=\"font-weight: normal;\"><span _msttexthash=\"6732349\" _msthash=\"5\">Des organisations &nbsp;de diff\u00e9rents secteurs utilisent notre solution.<\/span><\/span><\/h3>\n<p><span><img decoding=\"async\" alt=\"\" data-id=\"244\" title=\"6\" src=\"https:\/\/twind.io\/fr\/wp-content\/uploads\/2026\/03\/6.svg\" data-width=\"40\" data-height=\"40\" style=\"aspect-ratio: auto 371 \/ 371;\" height=\"40\" width=\"40\" data-init-width=\"371\" data-init-height=\"371\" loading=\"lazy\"><\/span><\/p>\n<p style=\"text-align: center;\"><strong><span style=\"font-size: 50px !important;\">100%<\/span><\/strong><\/p>\n<h3 style=\"text-align: center;\" _msttexthash=\"434642\" _msthash=\"6\"><span style=\"\" _istranslated=\"1\">Documents de sous-traitance inclus&nbsp;<\/span><span style=\"\" _istranslated=\"1\"><\/span><\/h3>\n<h3 style=\"text-align: center;\"><span style=\"font-weight: normal;\"><span _msttexthash=\"4073004\" _msthash=\"7\">Couverture compl\u00e8te de toute la documentation requise par la r\u00e9glementation.<\/span><\/span><\/h3>\n<p style=\"text-align: center;\" _msttexthash=\"1833650\" _msthash=\"8\"><strong _istranslated=\"1\">D\u00e9velopp\u00e9 par CTAIMA,<\/strong> ils nous font confiance<\/p>\n<p><span><img decoding=\"async\" alt=\"Nippon\" data-id=\"261\" width=\"160\" height=\"56\" title=\"Nippon\" src=\"https:\/\/twind.io\/fr\/wp-content\/uploads\/2026\/03\/8-nippon-gases-1.svg\" data-src=\"https:\/\/twind.io\/fr\/wp-content\/uploads\/2026\/03\/8-nippon-gases-1.svg\" data-sizes=\"{&quot;full&quot;:{&quot;url&quot;:&quot;https:\/\/twind.io\/fr\/wp-content\/uploads\/2026\/03\/8-nippon-gases-1.svg&quot;}}\" style=\"\" data-width=\"160\" data-height=\"56\" data-init-width=\"\" data-init-height=\"\" loading=\"lazy\"><\/span><span><img decoding=\"async\" alt=\"Mango\" data-id=\"260\" width=\"\" height=\"undefined\" title=\"Mango\" src=\"https:\/\/twind.io\/fr\/wp-content\/uploads\/2026\/03\/7-mango-1.svg\" data-src=\"https:\/\/twind.io\/fr\/wp-content\/uploads\/2026\/03\/7-mango-1.svg\" data-sizes=\"{&quot;full&quot;:{&quot;url&quot;:&quot;https:\/\/twind.io\/fr\/wp-content\/uploads\/2026\/03\/7-mango-1.svg&quot;}}\" style=\"\" loading=\"lazy\"><\/span><span><img decoding=\"async\" alt=\"Bayer\" data-id=\"259\" width=\"\" height=\"undefined\" title=\"Bayer\" src=\"https:\/\/twind.io\/fr\/wp-content\/uploads\/2026\/03\/6-bayer-1.svg\" data-src=\"https:\/\/twind.io\/fr\/wp-content\/uploads\/2026\/03\/6-bayer-1.svg\" data-sizes=\"{&quot;full&quot;:{&quot;url&quot;:&quot;https:\/\/twind.io\/fr\/wp-content\/uploads\/2026\/03\/6-bayer-1.svg&quot;}}\" style=\"\" loading=\"lazy\"><\/span><span><img decoding=\"async\" alt=\"Mercedes\" data-id=\"257\" width=\"\" height=\"undefined\" title=\"Mercedes\" src=\"https:\/\/twind.io\/fr\/wp-content\/uploads\/2026\/03\/4-mercedes-benz-1.svg\" data-src=\"https:\/\/twind.io\/fr\/wp-content\/uploads\/2026\/03\/4-mercedes-benz-1.svg\" data-sizes=\"{&quot;full&quot;:{&quot;url&quot;:&quot;https:\/\/twind.io\/fr\/wp-content\/uploads\/2026\/03\/4-mercedes-benz-1.svg&quot;}}\" style=\"\" loading=\"lazy\"><\/span><span><img decoding=\"async\" alt=\"Sodexo\" data-id=\"258\" width=\"\" height=\"undefined\" title=\"Sodexo\" src=\"https:\/\/twind.io\/fr\/wp-content\/uploads\/2026\/03\/5-sodexo-1.svg\" data-src=\"https:\/\/twind.io\/fr\/wp-content\/uploads\/2026\/03\/5-sodexo-1.svg\" data-sizes=\"{&quot;full&quot;:{&quot;url&quot;:&quot;https:\/\/twind.io\/fr\/wp-content\/uploads\/2026\/03\/5-sodexo-1.svg&quot;}}\" style=\"\" loading=\"lazy\"><\/span><span><img decoding=\"async\" alt=\"Nestle\" data-id=\"256\" width=\"\" height=\"undefined\" title=\"Nestle\" src=\"https:\/\/twind.io\/fr\/wp-content\/uploads\/2026\/03\/3-nestle-1.svg\" data-src=\"https:\/\/twind.io\/fr\/wp-content\/uploads\/2026\/03\/3-nestle-1.svg\" data-sizes=\"{&quot;full&quot;:{&quot;url&quot;:&quot;https:\/\/twind.io\/fr\/wp-content\/uploads\/2026\/03\/3-nestle-1.svg&quot;}}\" style=\"\" loading=\"lazy\"><\/span><span><img decoding=\"async\" alt=\"Adidas\" data-id=\"254\" width=\"\" height=\"undefined\" title=\"Adidas\" src=\"https:\/\/twind.io\/fr\/wp-content\/uploads\/2026\/03\/1-adidas-1.svg\" data-src=\"https:\/\/twind.io\/fr\/wp-content\/uploads\/2026\/03\/1-adidas-1.svg\" data-sizes=\"{&quot;full&quot;:{&quot;url&quot;:&quot;https:\/\/twind.io\/fr\/wp-content\/uploads\/2026\/03\/1-adidas-1.svg&quot;}}\" style=\"\" loading=\"lazy\"><\/span><\/p>\n<h2>Gestion documentaire <span style=\"--tcb-applied-color: var$(--tcb-color-3) !important; color: var(--tcb-color-3) !important;\">de la sous-traitance &nbsp;<\/span><\/h2>\n<p style=\"color: var(--tcb-color-3) !important; --tcb-applied-color: var$(--tcb-color-3) !important;\">Notre service de v\u00e9rification documentaire vous lib\u00e8re de la charge administrative : nous collectons, contr\u00f4lons et validons l&rsquo;ensemble des documents requis aupr\u00e8s de vos sous-traitants. Une \u00e9quipe d\u00e9di\u00e9e analyse chaque pi\u00e8ce au regard de la r\u00e9glementation en vigueur et de vos exigences sp\u00e9cifiques. Lorsqu&rsquo;un document est non conforme, nous prenons contact directement avec le sous-traitant concern\u00e9 pour lui expliquer les corrections attendues. R\u00e9sultat : une documentation compl\u00e8te et valide d\u00e8s le premier jour.<\/p>\n<h2>Tarif forfaitaire pour la <span style=\"--tcb-applied-color: var$(--tcb-color-1) !important; color: var(--tcb-color-1) !important;\">gestion documentaire<\/span> de vos sous-traitants<\/h2>\n<p>Depuis de nombreuses ann\u00e9es, la gestion documentaire repose sur des mod\u00e8les de tarification \u00e0 l&rsquo;unit\u00e9, des offres group\u00e9es ou une consommation variable. D\u00e9sormais, nous simplifions tout gr\u00e2ce \u00e0 un syst\u00e8me beaucoup plus clair, plus stable et plus efficace :<\/p>\n<p><!--! Font Awesome Free 6.7.1 by @fontawesome - https:\/\/fontawesome.com License - https:\/\/fontawesome.com\/license\/free (Icons: CC BY 4.0, Fonts: SIL OFL 1.1, Code: MIT License) Copyright 2024 Fonticons, Inc. --><\/p>\n<h3 style=\"\" _msttexthash=\"430638\" _msthash=\"11\">Documents illimit\u00e9s<\/h3>\n<p><strong> <\/strong><\/p>\n<p style=\"\" _msttexthash=\"2271295\" _msthash=\"15\">Nous examinons tous les documents sans limite de volume<\/p>\n<p><strong> <\/strong><\/p>\n<p><!--! Font Awesome Free 6.7.1 by @fontawesome - https:\/\/fontawesome.com License - https:\/\/fontawesome.com\/license\/free (Icons: CC BY 4.0, Fonts: SIL OFL 1.1, Code: MIT License) Copyright 2024 Fonticons, Inc. --><\/p>\n<h3 style=\"\" _msttexthash=\"300209\" _msthash=\"12\">Co\u00fbt pr\u00e9visible<\/h3>\n<p style=\"\">Aucune consommation variable et aucun co\u00fbt suppl\u00e9mentaire pour les documents invalid\u00e9s.<\/p>\n<p style=\"\" _msttexthash=\"5154396\" _msthash=\"16\">&nbsp;<\/p>\n<p style=\"display: none;\" _msttexthash=\"5154396\" _msthash=\"16\">Pas de consommation variable et pas de co\u00fbts suppl\u00e9mentaires dus \u00e0 des documents invalides.<\/p>\n<p style=\"display: none;\" _msttexthash=\"5154396\" _msthash=\"16\">Pas de consommation variable et pas de co\u00fbts suppl\u00e9mentaires dus \u00e0 des documents invalides.<\/p>\n<p style=\"display: none;\" _msttexthash=\"5154396\" _msthash=\"16\">Pas de consommation variable et pas de co\u00fbts suppl\u00e9mentaires dus \u00e0 des documents invalides.<\/p>\n<p style=\"display: none;\" _msttexthash=\"5154396\" _msthash=\"16\">Pas de consommation variable et pas de co\u00fbts suppl\u00e9mentaires dus \u00e0 des documents invalides.<\/p>\n<p style=\"display: none;\" _msttexthash=\"5154396\" _msthash=\"16\">Pas de consommation variable et pas de co\u00fbts suppl\u00e9mentaires dus \u00e0 des documents invalides.<\/p>\n<p style=\"display: none;\" _msttexthash=\"5154396\" _msthash=\"16\">Pas de consommation variable et pas de co\u00fbts suppl\u00e9mentaires dus \u00e0 des documents invalides.<\/p>\n<p style=\"display: none;\" _msttexthash=\"5154396\" _msthash=\"16\">Pas de consommation variable et pas de co\u00fbts suppl\u00e9mentaires dus \u00e0 des documents invalides.<\/p>\n<p style=\"display: none;\" _msttexthash=\"5154396\" _msthash=\"16\">Pas de consommation variable et pas de co\u00fbts suppl\u00e9mentaires dus \u00e0 des documents invalides.<\/p>\n<p style=\"display: none;\" _msttexthash=\"5154396\" _msthash=\"16\">Pas de consommation variable et pas de co\u00fbts suppl\u00e9mentaires dus \u00e0 des documents invalides.<\/p>\n<p style=\"display: none;\"><strong> <\/strong><\/p>\n<p><strong> <\/strong><\/p>\n<p><!--! Font Awesome Free 6.7.1 by @fontawesome - https:\/\/fontawesome.com License - https:\/\/fontawesome.com\/license\/free (Icons: CC BY 4.0, Fonts: SIL OFL 1.1, Code: MIT License) Copyright 2024 Fonticons, Inc. --><\/p>\n<h3 style=\"\" _msttexthash=\"386477\" _msthash=\"13\">Couverture mondiale<\/h3>\n<p><strong> <\/strong><\/p>\n<p style=\"\">Documents en plusieurs langues inclus sans frais suppl\u00e9mentaires.<\/p>\n<p><strong> <\/strong><\/p>\n<p><!--! Font Awesome Free 6.7.1 by @fontawesome - https:\/\/fontawesome.com License - https:\/\/fontawesome.com\/license\/free (Icons: CC BY 4.0, Fonts: SIL OFL 1.1, Code: MIT License) Copyright 2024 Fonticons, Inc. --><\/p>\n<h3 style=\"\"><strong _msttexthash=\"1784302\" _msthash=\"14\">\u00c9quipe d\u2019experts<\/strong><\/h3>\n<p style=\"\">Un contr\u00f4le centralis\u00e9, assur\u00e9 par plus de 300 experts<\/p>\n<p><strong> <\/strong><\/p>\n<p><strong> <\/strong><\/p>\n<h2>Comment fonctionne notre solution de gestion documentaire ?<\/h2>\n<p style=\"\">D\u00e9finissez le p\u00e9rim\u00e8tre de sous-traitants \u00e0 couvrir.<\/p>\n<p><strong> <\/strong><\/p>\n<p style=\"\">Optez pour un forfait fixe, sans co\u00fbt variable.<\/p>\n<p><strong> <\/strong><\/p>\n<p>Nos experts traitent et valident vos documents sous 24 \u00e0 48h<\/p>\n<p><strong> <\/strong><\/p>\n<p style=\"\">Suivez l\u2019avancement de vos contr\u00f4les en temps r\u00e9el&nbsp;<\/p>\n<p><strong> <\/strong><\/p>\n<h2>Optimisez la gestion documentaire de vos sous-traitants d\u00e8s aujourd&rsquo;hui<\/h2>\n<p style=\"\"><strong>La gestion documentaire n&rsquo;est pas seulement une obligation l\u00e9gale :<\/strong> c&rsquo;est un pilier fondamental pour assurer la s\u00e9curit\u00e9, la tra\u00e7abilit\u00e9 et la conformit\u00e9 de votre entreprise et de vos sous traitants aux r\u00e9glementations en vigueur.<\/p>\n<p style=\"\"><strong>Remplissez le formulaire pour \u00e9changer avec notre \u00e9quipe.<\/strong><\/p>\n\n\t\t\t\t\t\t<script>\n\t\t\t\t\t\t\twindow.hsFormsOnReady = window.hsFormsOnReady || [];\n\t\t\t\t\t\t\twindow.hsFormsOnReady.push(()=>{\n\t\t\t\t\t\t\t\thbspt.forms.create({\n\t\t\t\t\t\t\t\t\tportalId: 146424663,\n\t\t\t\t\t\t\t\t\tformId: \"597313a8-d2fa-4da5-9acc-e0c126d71eaa\",\n\t\t\t\t\t\t\t\t\ttarget: \"#hbspt-form-1775276332000-9121964066\",\n\t\t\t\t\t\t\t\t\tregion: \"eu1\",\n\t\t\t\t\t\t\t\t\t\n\t\t\t\t\t\t\t})});\n\t\t\t\t\t\t<\/script>\n\t\t\t\t\t\t<div class=\"hbspt-form\" id=\"hbspt-form-1775276332000-9121964066\"><\/div>\n","protected":false},"excerpt":{"rendered":"<p>Gestion documentaire et coordination des entreprises ext\u00e9rieures Pr\u00e9venez les risques sous-traitants Nous v\u00e9rifions l&rsquo;int\u00e9gralit\u00e9 de la documentation de vos sous-traitants pour un tarif fixe et transparent, sans surprise sur la facture, id\u00e9al pour les entreprises de toutes tailles. . 24h Examen rapide des documents Traitement en temps record de la documentation pour les op\u00e9rations urgentes. [&hellip;]<\/p>\n","protected":false},"author":1,"featured_media":0,"parent":0,"menu_order":0,"comment_status":"closed","ping_status":"closed","template":"","meta":{"content-type":"","footnotes":""},"class_list":["post-1010","page","type-page","status-publish","hentry","post-wrapper","thrv_wrapper"],"yoast_head":"<!-- This site is optimized with the Yoast SEO plugin v27.3 - https:\/\/yoast.com\/product\/yoast-seo-wordpress\/ -->\n<title>Contr\u00f4le documentaire prestataires &amp; sous-traitants | Twind<\/title>\n<meta name=\"description\" content=\"Habilitations expir\u00e9es, attestations manquantes, certifications non valides : Twind centralise et v\u00e9rifie automatiquement les documents de toutes vos entreprises ext\u00e9rieures, sur tous vos sites.\" \/>\n<meta name=\"robots\" content=\"index, follow, max-snippet:-1, max-image-preview:large, max-video-preview:-1\" \/>\n<link rel=\"canonical\" href=\"https:\/\/twind.io\/fr\/gestion-des-documents\/\" \/>\n<meta property=\"og:locale\" content=\"fr_FR\" \/>\n<meta property=\"og:type\" content=\"article\" \/>\n<meta property=\"og:title\" content=\"Contr\u00f4le documentaire prestataires &amp; sous-traitants | Twind\" \/>\n<meta property=\"og:description\" content=\"Habilitations expir\u00e9es, attestations manquantes, certifications non valides : Twind centralise et v\u00e9rifie automatiquement les documents de toutes vos entreprises ext\u00e9rieures, sur tous vos sites.\" \/>\n<meta property=\"og:url\" content=\"https:\/\/twind.io\/fr\/gestion-des-documents\/\" \/>\n<meta property=\"og:site_name\" content=\"Twind - Logiciel de gestion des fournisseurs et pr\u00e9stataires\" \/>\n<meta property=\"article:modified_time\" content=\"2026-03-17T15:48:09+00:00\" \/>\n<meta property=\"og:image\" content=\"https:\/\/twind.io\/fr\/wp-content\/uploads\/2026\/03\/5.svg\" \/>\n<meta name=\"twitter:card\" content=\"summary_large_image\" \/>\n<meta name=\"twitter:label1\" content=\"Dur\u00e9e de lecture estim\u00e9e\" \/>\n\t<meta name=\"twitter:data1\" content=\"6 minutes\" \/>\n<script type=\"application\/ld+json\" class=\"yoast-schema-graph\">{\"@context\":\"https:\\\/\\\/schema.org\",\"@graph\":[{\"@type\":\"WebPage\",\"@id\":\"https:\\\/\\\/twind.io\\\/fr\\\/gestion-des-documents\\\/\",\"url\":\"https:\\\/\\\/twind.io\\\/fr\\\/gestion-des-documents\\\/\",\"name\":\"Contr\u00f4le documentaire prestataires & sous-traitants | Twind\",\"isPartOf\":{\"@id\":\"https:\\\/\\\/twind.io\\\/fr\\\/#website\"},\"primaryImageOfPage\":{\"@id\":\"https:\\\/\\\/twind.io\\\/fr\\\/gestion-des-documents\\\/#primaryimage\"},\"image\":{\"@id\":\"https:\\\/\\\/twind.io\\\/fr\\\/gestion-des-documents\\\/#primaryimage\"},\"thumbnailUrl\":\"https:\\\/\\\/twind.io\\\/fr\\\/wp-content\\\/uploads\\\/2026\\\/03\\\/5.svg\",\"datePublished\":\"2026-03-04T07:58:42+00:00\",\"dateModified\":\"2026-03-17T15:48:09+00:00\",\"description\":\"Habilitations expir\u00e9es, attestations manquantes, certifications non valides : Twind centralise et v\u00e9rifie automatiquement les documents de toutes vos entreprises ext\u00e9rieures, sur tous vos sites.\",\"breadcrumb\":{\"@id\":\"https:\\\/\\\/twind.io\\\/fr\\\/gestion-des-documents\\\/#breadcrumb\"},\"inLanguage\":\"fr-FR\",\"potentialAction\":[{\"@type\":\"ReadAction\",\"target\":[\"https:\\\/\\\/twind.io\\\/fr\\\/gestion-des-documents\\\/\"]}]},{\"@type\":\"ImageObject\",\"inLanguage\":\"fr-FR\",\"@id\":\"https:\\\/\\\/twind.io\\\/fr\\\/gestion-des-documents\\\/#primaryimage\",\"url\":\"https:\\\/\\\/twind.io\\\/fr\\\/wp-content\\\/uploads\\\/2026\\\/03\\\/5.svg\",\"contentUrl\":\"https:\\\/\\\/twind.io\\\/fr\\\/wp-content\\\/uploads\\\/2026\\\/03\\\/5.svg\"},{\"@type\":\"BreadcrumbList\",\"@id\":\"https:\\\/\\\/twind.io\\\/fr\\\/gestion-des-documents\\\/#breadcrumb\",\"itemListElement\":[{\"@type\":\"ListItem\",\"position\":1,\"name\":\"Portada\",\"item\":\"https:\\\/\\\/twind.io\\\/fr\\\/\"},{\"@type\":\"ListItem\",\"position\":2,\"name\":\"Gestion des documents\"}]},{\"@type\":\"WebSite\",\"@id\":\"https:\\\/\\\/twind.io\\\/fr\\\/#website\",\"url\":\"https:\\\/\\\/twind.io\\\/fr\\\/\",\"name\":\"Twind - Logiciel de gestion des fournisseurs et pr\u00e9stataires\",\"description\":\"Le logiciel de gestion des sous-traitants de Twind optimise vos op\u00e9rations et am\u00e9liore l&#039;efficacit\u00e9\",\"publisher\":{\"@id\":\"https:\\\/\\\/twind.io\\\/fr\\\/#organization\"},\"potentialAction\":[{\"@type\":\"SearchAction\",\"target\":{\"@type\":\"EntryPoint\",\"urlTemplate\":\"https:\\\/\\\/twind.io\\\/fr\\\/?s={search_term_string}\"},\"query-input\":{\"@type\":\"PropertyValueSpecification\",\"valueRequired\":true,\"valueName\":\"search_term_string\"}}],\"inLanguage\":\"fr-FR\"},{\"@type\":\"Organization\",\"@id\":\"https:\\\/\\\/twind.io\\\/fr\\\/#organization\",\"name\":\"Twind - Logiciel de gestion des fournisseurs et pr\u00e9stataires\",\"url\":\"https:\\\/\\\/twind.io\\\/fr\\\/\",\"logo\":{\"@type\":\"ImageObject\",\"inLanguage\":\"fr-FR\",\"@id\":\"https:\\\/\\\/twind.io\\\/fr\\\/#\\\/schema\\\/logo\\\/image\\\/\",\"url\":\"https:\\\/\\\/twind.io\\\/wp-content\\\/uploads\\\/2023\\\/04\\\/Logo-Twind.svg\",\"contentUrl\":\"https:\\\/\\\/twind.io\\\/wp-content\\\/uploads\\\/2023\\\/04\\\/Logo-Twind.svg\",\"width\":1,\"height\":1,\"caption\":\"Twind - Logiciel de gestion des fournisseurs et pr\u00e9stataires\"},\"image\":{\"@id\":\"https:\\\/\\\/twind.io\\\/fr\\\/#\\\/schema\\\/logo\\\/image\\\/\"}}]}<\/script>\n<!-- \/ Yoast SEO plugin. -->","yoast_head_json":{"title":"Contr\u00f4le documentaire prestataires & sous-traitants | Twind","description":"Habilitations expir\u00e9es, attestations manquantes, certifications non valides : Twind centralise et v\u00e9rifie automatiquement les documents de toutes vos entreprises ext\u00e9rieures, sur tous vos sites.","robots":{"index":"index","follow":"follow","max-snippet":"max-snippet:-1","max-image-preview":"max-image-preview:large","max-video-preview":"max-video-preview:-1"},"canonical":"https:\/\/twind.io\/fr\/gestion-des-documents\/","og_locale":"fr_FR","og_type":"article","og_title":"Contr\u00f4le documentaire prestataires & sous-traitants | Twind","og_description":"Habilitations expir\u00e9es, attestations manquantes, certifications non valides : Twind centralise et v\u00e9rifie automatiquement les documents de toutes vos entreprises ext\u00e9rieures, sur tous vos sites.","og_url":"https:\/\/twind.io\/fr\/gestion-des-documents\/","og_site_name":"Twind - Logiciel de gestion des fournisseurs et pr\u00e9stataires","article_modified_time":"2026-03-17T15:48:09+00:00","og_image":[{"url":"https:\/\/twind.io\/fr\/wp-content\/uploads\/2026\/03\/5.svg","type":"","width":"","height":""}],"twitter_card":"summary_large_image","twitter_misc":{"Dur\u00e9e de lecture estim\u00e9e":"6 minutes"},"schema":{"@context":"https:\/\/schema.org","@graph":[{"@type":"WebPage","@id":"https:\/\/twind.io\/fr\/gestion-des-documents\/","url":"https:\/\/twind.io\/fr\/gestion-des-documents\/","name":"Contr\u00f4le documentaire prestataires & sous-traitants | Twind","isPartOf":{"@id":"https:\/\/twind.io\/fr\/#website"},"primaryImageOfPage":{"@id":"https:\/\/twind.io\/fr\/gestion-des-documents\/#primaryimage"},"image":{"@id":"https:\/\/twind.io\/fr\/gestion-des-documents\/#primaryimage"},"thumbnailUrl":"https:\/\/twind.io\/fr\/wp-content\/uploads\/2026\/03\/5.svg","datePublished":"2026-03-04T07:58:42+00:00","dateModified":"2026-03-17T15:48:09+00:00","description":"Habilitations expir\u00e9es, attestations manquantes, certifications non valides : Twind centralise et v\u00e9rifie automatiquement les documents de toutes vos entreprises ext\u00e9rieures, sur tous vos sites.","breadcrumb":{"@id":"https:\/\/twind.io\/fr\/gestion-des-documents\/#breadcrumb"},"inLanguage":"fr-FR","potentialAction":[{"@type":"ReadAction","target":["https:\/\/twind.io\/fr\/gestion-des-documents\/"]}]},{"@type":"ImageObject","inLanguage":"fr-FR","@id":"https:\/\/twind.io\/fr\/gestion-des-documents\/#primaryimage","url":"https:\/\/twind.io\/fr\/wp-content\/uploads\/2026\/03\/5.svg","contentUrl":"https:\/\/twind.io\/fr\/wp-content\/uploads\/2026\/03\/5.svg"},{"@type":"BreadcrumbList","@id":"https:\/\/twind.io\/fr\/gestion-des-documents\/#breadcrumb","itemListElement":[{"@type":"ListItem","position":1,"name":"Portada","item":"https:\/\/twind.io\/fr\/"},{"@type":"ListItem","position":2,"name":"Gestion des documents"}]},{"@type":"WebSite","@id":"https:\/\/twind.io\/fr\/#website","url":"https:\/\/twind.io\/fr\/","name":"Twind - Logiciel de gestion des fournisseurs et pr\u00e9stataires","description":"Le logiciel de gestion des sous-traitants de Twind optimise vos op\u00e9rations et am\u00e9liore l&#039;efficacit\u00e9","publisher":{"@id":"https:\/\/twind.io\/fr\/#organization"},"potentialAction":[{"@type":"SearchAction","target":{"@type":"EntryPoint","urlTemplate":"https:\/\/twind.io\/fr\/?s={search_term_string}"},"query-input":{"@type":"PropertyValueSpecification","valueRequired":true,"valueName":"search_term_string"}}],"inLanguage":"fr-FR"},{"@type":"Organization","@id":"https:\/\/twind.io\/fr\/#organization","name":"Twind - Logiciel de gestion des fournisseurs et pr\u00e9stataires","url":"https:\/\/twind.io\/fr\/","logo":{"@type":"ImageObject","inLanguage":"fr-FR","@id":"https:\/\/twind.io\/fr\/#\/schema\/logo\/image\/","url":"https:\/\/twind.io\/wp-content\/uploads\/2023\/04\/Logo-Twind.svg","contentUrl":"https:\/\/twind.io\/wp-content\/uploads\/2023\/04\/Logo-Twind.svg","width":1,"height":1,"caption":"Twind - Logiciel de gestion des fournisseurs et pr\u00e9stataires"},"image":{"@id":"https:\/\/twind.io\/fr\/#\/schema\/logo\/image\/"}}]}},"_links":{"self":[{"href":"https:\/\/twind.io\/fr\/wp-json\/wp\/v2\/pages\/1010","targetHints":{"allow":["GET"]}}],"collection":[{"href":"https:\/\/twind.io\/fr\/wp-json\/wp\/v2\/pages"}],"about":[{"href":"https:\/\/twind.io\/fr\/wp-json\/wp\/v2\/types\/page"}],"author":[{"embeddable":true,"href":"https:\/\/twind.io\/fr\/wp-json\/wp\/v2\/users\/1"}],"replies":[{"embeddable":true,"href":"https:\/\/twind.io\/fr\/wp-json\/wp\/v2\/comments?post=1010"}],"version-history":[{"count":10,"href":"https:\/\/twind.io\/fr\/wp-json\/wp\/v2\/pages\/1010\/revisions"}],"predecessor-version":[{"id":1092,"href":"https:\/\/twind.io\/fr\/wp-json\/wp\/v2\/pages\/1010\/revisions\/1092"}],"wp:attachment":[{"href":"https:\/\/twind.io\/fr\/wp-json\/wp\/v2\/media?parent=1010"}],"curies":[{"name":"wp","href":"https:\/\/api.w.org\/{rel}","templated":true}]}}