{"id":1028,"date":"2026-03-04T08:00:46","date_gmt":"2026-03-04T08:00:46","guid":{"rendered":"https:\/\/twind.io\/fr\/?page_id=1028"},"modified":"2026-04-01T06:13:33","modified_gmt":"2026-04-01T06:13:33","slug":"permis-de-travail","status":"publish","type":"page","link":"https:\/\/twind.io\/fr\/permis-de-travail\/","title":{"rendered":"Permis de travail"},"content":{"rendered":"<h1 style=\"text-align: center;\">Permis de travail d\u00e9mat\u00e9rialis\u00e9s<\/h1>\n<h1 align=\"center\" style=\"\">S\u00e9curisez vos interventions, <br \/>z\u00e9ro papier<\/h1>\n<p style=\"text-align: center;\">Le module <strong>permis de travail<\/strong> de Twind simplifie la gestion des autorisations pour les travaux \u00e0 haut risque. D\u00e9mat\u00e9rialisez vos <strong>permis de travail<\/strong>, automatisez vos processus et centralisez les informations critiques. &nbsp;S\u00e9curisez votre entreprise, vos \u00e9quipes et vos sous-traitants \u00e0 chaque \u00e9tape.<\/p>\n<h2 style=\"text-align: left;\" _msttexthash=\"8819122\" _msthash=\"2\">Avec Twind, la gestion des permis de travail n\u2019a jamais \u00e9t\u00e9 aussi efficace<\/h2>\n<p style=\"\"><span style=\"font-family: Poppins; font-weight: 400; --tcb-applied-color: var$(--tcb-skin-color-22) !important; color: var(--tcb-skin-color-22) !important; font-size: 15px !important;\" _msttexthash=\"13802204\" _msthash=\"3\">Le permis de travail est un document essentiel pour encadrer les activit\u00e9s \u00e0 haut risque. &nbsp;Avec Twind, r\u00e9duisez &nbsp;la charge administrative excessive de vos \u00e9quipes et passez \u00e0 une gestion 100% d\u00e9mat\u00e9rialis\u00e9e.<\/span><\/p>\n<ul>\n<li><strong><strong>S\u00e9curisez chaque intervention \u00e0 risque<br \/>Prot\u00e9gez vos employ\u00e9s, vos sous-traitants.<\/strong><\/strong><\/li>\n<li><strong><strong>Centralisez toutes vos autorisations<br \/>Acc\u00e9dez \u00e0 l&rsquo;ensemble de vos autorisations en temps r\u00e9el.<\/strong><\/strong><\/li>\n<li style=\"\"><strong><strong>Personnalisez vos formulaires<br \/>Adaptez les \u00e0 vos besoins sp\u00e9cifiques.<br \/><\/strong><\/strong><\/li>\n<\/ul>\n<p><span style=\"\"><img decoding=\"async\" alt=\"\" data-id=\"1080\" width=\"550\" data-init-width=\"1676\" height=\"322\" data-init-height=\"980\" title=\"Captura de pantalla 2026-02-17 a las 14.49.37 (1)\" loading=\"lazy\" src=\"https:\/\/twind.io\/fr\/wp-content\/uploads\/2026\/03\/Captura-de-pantalla-2026-02-17-a-las-14.49.37-1.png\" data-width=\"550\" data-height=\"322\" style=\"aspect-ratio: auto 1676 \/ 980;\" mt-d=\"0\" ml-d=\"0\" center-v-d=\"false\" ml-m=\"0\" mt-m=\"0\" center-h-d=\"false\"><\/span><span style=\"\"><img decoding=\"async\" alt=\"\" data-id=\"1081\" width=\"550\" data-init-width=\"1660\" height=\"325\" data-init-height=\"980\" title=\"Captura de pantalla 2026-02-17 a las 14.49.47 (2)\" loading=\"lazy\" src=\"https:\/\/twind.io\/fr\/wp-content\/uploads\/2026\/03\/Captura-de-pantalla-2026-02-17-a-las-14.49.47-2.png\" data-width=\"550\" data-height=\"325\" style=\"aspect-ratio: auto 1660 \/ 980;\" mt-d=\"0\" ml-d=\"0\" center-v-d=\"false\"><\/span><\/p>\n<h2 style=\"text-align: left;\" _msttexthash=\"2009150\" _msthash=\"4\">Une solution compl\u00e8te pour la gestion des permis de travail<\/h2>\n<p style=\"text-align: left;\">Vos permis de travail, int\u00e9gr\u00e9s \u00e0 la gestion de vos &nbsp;sous-traitants., dans le respect des normes de sant\u00e9 et s\u00e9curit\u00e9 au travail.<br \/>&#8211; Notifications en temps r\u00e9el : Soyez alert\u00e9 \u00e0 chaque modification de vos permis de travail.<\/p>\n<p>&#8211; Signature multi-parties : Recueillez la validation de tous les intervenants concern\u00e9s, en un seul circuit.<\/p>\n<p>&#8211; Suivi des modifications : Tracez chaque changement de statut d&rsquo;un permis avec commentaires et justifications.<\/p>\n<h2 style=\"text-align: center;\"><span style=\"--tcb-applied-color: rgb(106, 107, 108)  !important; color: rgb(33, 37, 41);\"><\/span><span _mstmutation=\"1\" _istranslated=\"1\">Avantages du <\/span> module <span _mstmutation=\"1\" _istranslated=\"1\">Permis de Travail<\/span><\/h2>\n<p>Avec le module permis de travail de Twind, \u00e9liminez la gestion papier, r\u00e9duisez la charge administrative et assurez une tra\u00e7abilit\u00e9 compl\u00e8te de vos autorisations de travail. Ces documents sont essentiels pour encadrer les interventions \u00e0 risques pour v\u00e9rifier les conditions de s\u00e9curit\u00e9, les proc\u00e9dures techniques et les mesures de pr\u00e9vention avant et pendant chaque intervention. Gr\u00e2ce \u00e0 un module intuitif, s\u00e9curisez vos interventions et renforcez la pr\u00e9vention des accidents du travail au quotidien.<\/p>\n<p style=\"text-align: center;\">.<\/p>\n<p style=\"text-align: center;\"><strong><strong _msttexthash=\"2773368\" _msthash=\"6\">Permis de travail et s\u00e9curit\u00e9 des intervenants<\/strong><\/strong><\/p>\n<p style=\"text-align: left;\" _msttexthash=\"111443007\" _msthash=\"7\">Prot\u00e9gez vos collaborateurs, vos sous-traitants et vos sites. Le module permis de travail de Twind vous permet d&rsquo;encadrer chaque intervention \u00e0 risques et de r\u00e9duire votre taux d&rsquo;accidents du travail. <strong><strong>&nbsp;Pilotez vos risques professionnels en toute simplicit\u00e9.<\/strong><\/strong><\/p>\n<p style=\"text-align: center;\"><strong><strong _msttexthash=\"938444\" _msthash=\"8\">Conformit\u00e9, tra\u00e7abilit\u00e9 et audit<\/strong><\/strong><\/p>\n<p style=\"text-align: left;\" _msttexthash=\"125866507\" _msthash=\"9\">Assurez-vous que chaque intervenant sur vos sites respecte les proc\u00e9dures de sant\u00e9 et s\u00e9curit\u00e9 au travail (SST). D\u00e9mat\u00e9rialisez le contr\u00f4le et l&rsquo;\u00e9valuation de l&rsquo;ensemble des exigences pour assurer une s\u00e9curit\u00e9 et une efficacit\u00e9 maximales. Chaque \u00e9tape du processus, de l&rsquo;\u00e9mission du permis de travail \u00e0 la signature est enti\u00e8rement tra\u00e7able et auditable.<\/p>\n<p style=\"text-align: center;\"><strong><strong _msttexthash=\"1153958\" _msthash=\"10\">Des permis de travail adapt\u00e9s \u00e0 vos besoins<\/strong><\/strong><\/p>\n<p style=\"text-align: left;\" _msttexthash=\"134548440\" _msthash=\"11\">Cr\u00e9ez vos permis de travail sur mesure ou partez de mod\u00e8les pr\u00e9d\u00e9finis, Twind s&rsquo;adapte \u00e0 vos processus. Choisissez parmi plusieurs types de permis de travail, et renseignez les d\u00e9tails de chaque intervention : ordres de travail, horaires, conditions d&rsquo;ex\u00e9cution.<\/p>\n<p style=\"text-align: center;\"><strong><strong _msttexthash=\"5404295\" _msthash=\"12\">Supervisez&nbsp; l\u2019approbation de vos permis de travail<\/strong><\/strong><\/p>\n<p style=\"text-align: left;\">Les permis de travail doivent \u00eatre approuv\u00e9s et g\u00e9r\u00e9s de mani\u00e8re rigoureuse. Avec Twind, identifiez clairement chaque intervenant et d\u00e9finissez ses responsabilit\u00e9s dans le processus. B\u00e9n\u00e9ficiez d&rsquo;un suivi transparent avec notifications automatiques et alertes pour garantir le respect de l&rsquo;ensemble des exigences.<\/p>\n<p style=\"text-align: left;\"><\/p>\n<p style=\"text-align: center;\"><strong><strong _msttexthash=\"3306979\" _msthash=\"14\">S\u00e9curit\u00e9 et performance op\u00e9rationnelle<\/strong><\/strong><\/p>\n<p style=\"text-align: left;\" _msttexthash=\"164783268\" _msthash=\"13\">Avec Twind, partagez les informations essentielles de vos permis de travail avec vos sous-traitants, prestataires et \u00e9quipes internes en toute simplicit\u00e9. Fini les retards op\u00e9rationnels, les arr\u00eats impr\u00e9vus et les interruptions li\u00e9s \u00e0 la gestion papier, r\u00e9duisez vos risques d&rsquo;accidents du travail tout en fluidifiant vos op\u00e9rations..<\/p>\n<p style=\"text-align: center;\"><strong><strong _msttexthash=\"1348373\" _msthash=\"15\">Meilleures pratiques multi-sectorielles<\/strong><\/strong><\/p>\n<p style=\"text-align: left;\">Un module con\u00e7u \u00e9galement pour les industries \u00e0 risque. Notre solution int\u00e8gre les meilleures pratiques des secteurs du p\u00e9trole et gaz, de l&rsquo;\u00e9nergie, de la chimie et de la pharmacie. Elle s&rsquo;adapte \u00e9galement aux exigences des industries mini\u00e8res, des services publics, de l&rsquo;automobile, de la manufacture, \u00e9tablissement SEVESO&#8230;<\/p>\n<p style=\"text-align: left;\"><\/p>\n<p style=\"text-align: left;\"><\/p>\n<h2 style=\"text-align: center;\" _msttexthash=\"1008579\" _msthash=\"16\"><span style=\"--tcb-applied-color: rgb(26, 48, 55) !important; color: rgb(26, 48, 55) !important;\" _istranslated=\"1\">D\u00e9couvrez le<\/span> module Permis de travail<\/h2>\n<p style=\"text-align: center;\"><strong><\/strong><strong _mstmutation=\"1\" _istranslated=\"1\">Remplissez le formulaire<\/strong> pour obtenir plus d\u2019informations <\/p>\n\n\t\t\t\t\t\t<script>\n\t\t\t\t\t\t\twindow.hsFormsOnReady = window.hsFormsOnReady || [];\n\t\t\t\t\t\t\twindow.hsFormsOnReady.push(()=>{\n\t\t\t\t\t\t\t\thbspt.forms.create({\n\t\t\t\t\t\t\t\t\tportalId: 146424663,\n\t\t\t\t\t\t\t\t\tformId: \"597313a8-d2fa-4da5-9acc-e0c126d71eaa\",\n\t\t\t\t\t\t\t\t\ttarget: \"#hbspt-form-1775276349000-4776437750\",\n\t\t\t\t\t\t\t\t\tregion: \"eu1\",\n\t\t\t\t\t\t\t\t\t\n\t\t\t\t\t\t\t})});\n\t\t\t\t\t\t<\/script>\n\t\t\t\t\t\t<div class=\"hbspt-form\" id=\"hbspt-form-1775276349000-4776437750\"><\/div>\n","protected":false},"excerpt":{"rendered":"<p>Permis de travail d\u00e9mat\u00e9rialis\u00e9s S\u00e9curisez vos interventions, z\u00e9ro papier Le module permis de travail de Twind simplifie la gestion des autorisations pour les travaux \u00e0 haut risque. D\u00e9mat\u00e9rialisez vos permis de travail, automatisez vos processus et centralisez les informations critiques. &nbsp;S\u00e9curisez votre entreprise, vos \u00e9quipes et vos sous-traitants \u00e0 chaque \u00e9tape. Avec Twind, la gestion [&hellip;]<\/p>\n","protected":false},"author":1,"featured_media":0,"parent":0,"menu_order":0,"comment_status":"closed","ping_status":"closed","template":"","meta":{"content-type":"","footnotes":""},"class_list":["post-1028","page","type-page","status-publish","hentry","post-wrapper","thrv_wrapper"],"yoast_head":"<!-- This site is optimized with the Yoast SEO plugin v27.3 - https:\/\/yoast.com\/product\/yoast-seo-wordpress\/ -->\n<title>Logiciel plan de pr\u00e9vention digitalis\u00e9 pour EE | Twind<\/title>\n<meta name=\"description\" content=\"R\u00e9digez, faites signer et archivez vos plans de pr\u00e9vention en ligne avec Twind. Suivi des renouvellements, relances automatiques des entreprises ext\u00e9rieures (sous-traitants, prestataires...) et tra\u00e7abilit\u00e9 juridique.\" \/>\n<meta name=\"robots\" content=\"index, follow, max-snippet:-1, max-image-preview:large, max-video-preview:-1\" \/>\n<link rel=\"canonical\" href=\"https:\/\/twind.io\/fr\/permis-de-travail\/\" \/>\n<meta property=\"og:locale\" content=\"fr_FR\" \/>\n<meta property=\"og:type\" content=\"article\" \/>\n<meta property=\"og:title\" content=\"Logiciel plan de pr\u00e9vention digitalis\u00e9 pour EE | Twind\" \/>\n<meta property=\"og:description\" content=\"R\u00e9digez, faites signer et archivez vos plans de pr\u00e9vention en ligne avec Twind. Suivi des renouvellements, relances automatiques des entreprises ext\u00e9rieures (sous-traitants, prestataires...) et tra\u00e7abilit\u00e9 juridique.\" \/>\n<meta property=\"og:url\" content=\"https:\/\/twind.io\/fr\/permis-de-travail\/\" \/>\n<meta property=\"og:site_name\" content=\"Twind - Logiciel de gestion des fournisseurs et pr\u00e9stataires\" \/>\n<meta property=\"article:modified_time\" content=\"2026-04-01T06:13:33+00:00\" \/>\n<meta property=\"og:image\" content=\"https:\/\/twind.io\/fr\/wp-content\/uploads\/2026\/03\/Captura-de-pantalla-2026-02-17-a-las-14.49.37-1.png\" \/>\n<meta name=\"twitter:card\" content=\"summary_large_image\" \/>\n<meta name=\"twitter:label1\" content=\"Dur\u00e9e de lecture estim\u00e9e\" \/>\n\t<meta name=\"twitter:data1\" content=\"5 minutes\" \/>\n<script type=\"application\/ld+json\" class=\"yoast-schema-graph\">{\"@context\":\"https:\\\/\\\/schema.org\",\"@graph\":[{\"@type\":\"WebPage\",\"@id\":\"https:\\\/\\\/twind.io\\\/fr\\\/permis-de-travail\\\/\",\"url\":\"https:\\\/\\\/twind.io\\\/fr\\\/permis-de-travail\\\/\",\"name\":\"Logiciel plan de pr\u00e9vention digitalis\u00e9 pour EE | Twind\",\"isPartOf\":{\"@id\":\"https:\\\/\\\/twind.io\\\/fr\\\/#website\"},\"primaryImageOfPage\":{\"@id\":\"https:\\\/\\\/twind.io\\\/fr\\\/permis-de-travail\\\/#primaryimage\"},\"image\":{\"@id\":\"https:\\\/\\\/twind.io\\\/fr\\\/permis-de-travail\\\/#primaryimage\"},\"thumbnailUrl\":\"https:\\\/\\\/twind.io\\\/fr\\\/wp-content\\\/uploads\\\/2026\\\/03\\\/Captura-de-pantalla-2026-02-17-a-las-14.49.37-1.png\",\"datePublished\":\"2026-03-04T08:00:46+00:00\",\"dateModified\":\"2026-04-01T06:13:33+00:00\",\"description\":\"R\u00e9digez, faites signer et archivez vos plans de pr\u00e9vention en ligne avec Twind. Suivi des renouvellements, relances automatiques des entreprises ext\u00e9rieures (sous-traitants, prestataires...) et tra\u00e7abilit\u00e9 juridique.\",\"breadcrumb\":{\"@id\":\"https:\\\/\\\/twind.io\\\/fr\\\/permis-de-travail\\\/#breadcrumb\"},\"inLanguage\":\"fr-FR\",\"potentialAction\":[{\"@type\":\"ReadAction\",\"target\":[\"https:\\\/\\\/twind.io\\\/fr\\\/permis-de-travail\\\/\"]}]},{\"@type\":\"ImageObject\",\"inLanguage\":\"fr-FR\",\"@id\":\"https:\\\/\\\/twind.io\\\/fr\\\/permis-de-travail\\\/#primaryimage\",\"url\":\"https:\\\/\\\/twind.io\\\/fr\\\/wp-content\\\/uploads\\\/2026\\\/03\\\/Captura-de-pantalla-2026-02-17-a-las-14.49.37-1.png\",\"contentUrl\":\"https:\\\/\\\/twind.io\\\/fr\\\/wp-content\\\/uploads\\\/2026\\\/03\\\/Captura-de-pantalla-2026-02-17-a-las-14.49.37-1.png\",\"width\":1676,\"height\":980},{\"@type\":\"BreadcrumbList\",\"@id\":\"https:\\\/\\\/twind.io\\\/fr\\\/permis-de-travail\\\/#breadcrumb\",\"itemListElement\":[{\"@type\":\"ListItem\",\"position\":1,\"name\":\"Portada\",\"item\":\"https:\\\/\\\/twind.io\\\/fr\\\/\"},{\"@type\":\"ListItem\",\"position\":2,\"name\":\"Permis de travail\"}]},{\"@type\":\"WebSite\",\"@id\":\"https:\\\/\\\/twind.io\\\/fr\\\/#website\",\"url\":\"https:\\\/\\\/twind.io\\\/fr\\\/\",\"name\":\"Twind - Logiciel de gestion des fournisseurs et pr\u00e9stataires\",\"description\":\"Le logiciel de gestion des sous-traitants de Twind optimise vos op\u00e9rations et am\u00e9liore l&#039;efficacit\u00e9\",\"publisher\":{\"@id\":\"https:\\\/\\\/twind.io\\\/fr\\\/#organization\"},\"potentialAction\":[{\"@type\":\"SearchAction\",\"target\":{\"@type\":\"EntryPoint\",\"urlTemplate\":\"https:\\\/\\\/twind.io\\\/fr\\\/?s={search_term_string}\"},\"query-input\":{\"@type\":\"PropertyValueSpecification\",\"valueRequired\":true,\"valueName\":\"search_term_string\"}}],\"inLanguage\":\"fr-FR\"},{\"@type\":\"Organization\",\"@id\":\"https:\\\/\\\/twind.io\\\/fr\\\/#organization\",\"name\":\"Twind - Logiciel de gestion des fournisseurs et pr\u00e9stataires\",\"url\":\"https:\\\/\\\/twind.io\\\/fr\\\/\",\"logo\":{\"@type\":\"ImageObject\",\"inLanguage\":\"fr-FR\",\"@id\":\"https:\\\/\\\/twind.io\\\/fr\\\/#\\\/schema\\\/logo\\\/image\\\/\",\"url\":\"https:\\\/\\\/twind.io\\\/wp-content\\\/uploads\\\/2023\\\/04\\\/Logo-Twind.svg\",\"contentUrl\":\"https:\\\/\\\/twind.io\\\/wp-content\\\/uploads\\\/2023\\\/04\\\/Logo-Twind.svg\",\"width\":1,\"height\":1,\"caption\":\"Twind - Logiciel de gestion des fournisseurs et pr\u00e9stataires\"},\"image\":{\"@id\":\"https:\\\/\\\/twind.io\\\/fr\\\/#\\\/schema\\\/logo\\\/image\\\/\"}}]}<\/script>\n<!-- \/ Yoast SEO plugin. -->","yoast_head_json":{"title":"Logiciel plan de pr\u00e9vention digitalis\u00e9 pour EE | Twind","description":"R\u00e9digez, faites signer et archivez vos plans de pr\u00e9vention en ligne avec Twind. Suivi des renouvellements, relances automatiques des entreprises ext\u00e9rieures (sous-traitants, prestataires...) et tra\u00e7abilit\u00e9 juridique.","robots":{"index":"index","follow":"follow","max-snippet":"max-snippet:-1","max-image-preview":"max-image-preview:large","max-video-preview":"max-video-preview:-1"},"canonical":"https:\/\/twind.io\/fr\/permis-de-travail\/","og_locale":"fr_FR","og_type":"article","og_title":"Logiciel plan de pr\u00e9vention digitalis\u00e9 pour EE | Twind","og_description":"R\u00e9digez, faites signer et archivez vos plans de pr\u00e9vention en ligne avec Twind. Suivi des renouvellements, relances automatiques des entreprises ext\u00e9rieures (sous-traitants, prestataires...) et tra\u00e7abilit\u00e9 juridique.","og_url":"https:\/\/twind.io\/fr\/permis-de-travail\/","og_site_name":"Twind - Logiciel de gestion des fournisseurs et pr\u00e9stataires","article_modified_time":"2026-04-01T06:13:33+00:00","og_image":[{"url":"https:\/\/twind.io\/fr\/wp-content\/uploads\/2026\/03\/Captura-de-pantalla-2026-02-17-a-las-14.49.37-1.png","type":"","width":"","height":""}],"twitter_card":"summary_large_image","twitter_misc":{"Dur\u00e9e de lecture estim\u00e9e":"5 minutes"},"schema":{"@context":"https:\/\/schema.org","@graph":[{"@type":"WebPage","@id":"https:\/\/twind.io\/fr\/permis-de-travail\/","url":"https:\/\/twind.io\/fr\/permis-de-travail\/","name":"Logiciel plan de pr\u00e9vention digitalis\u00e9 pour EE | Twind","isPartOf":{"@id":"https:\/\/twind.io\/fr\/#website"},"primaryImageOfPage":{"@id":"https:\/\/twind.io\/fr\/permis-de-travail\/#primaryimage"},"image":{"@id":"https:\/\/twind.io\/fr\/permis-de-travail\/#primaryimage"},"thumbnailUrl":"https:\/\/twind.io\/fr\/wp-content\/uploads\/2026\/03\/Captura-de-pantalla-2026-02-17-a-las-14.49.37-1.png","datePublished":"2026-03-04T08:00:46+00:00","dateModified":"2026-04-01T06:13:33+00:00","description":"R\u00e9digez, faites signer et archivez vos plans de pr\u00e9vention en ligne avec Twind. Suivi des renouvellements, relances automatiques des entreprises ext\u00e9rieures (sous-traitants, prestataires...) et tra\u00e7abilit\u00e9 juridique.","breadcrumb":{"@id":"https:\/\/twind.io\/fr\/permis-de-travail\/#breadcrumb"},"inLanguage":"fr-FR","potentialAction":[{"@type":"ReadAction","target":["https:\/\/twind.io\/fr\/permis-de-travail\/"]}]},{"@type":"ImageObject","inLanguage":"fr-FR","@id":"https:\/\/twind.io\/fr\/permis-de-travail\/#primaryimage","url":"https:\/\/twind.io\/fr\/wp-content\/uploads\/2026\/03\/Captura-de-pantalla-2026-02-17-a-las-14.49.37-1.png","contentUrl":"https:\/\/twind.io\/fr\/wp-content\/uploads\/2026\/03\/Captura-de-pantalla-2026-02-17-a-las-14.49.37-1.png","width":1676,"height":980},{"@type":"BreadcrumbList","@id":"https:\/\/twind.io\/fr\/permis-de-travail\/#breadcrumb","itemListElement":[{"@type":"ListItem","position":1,"name":"Portada","item":"https:\/\/twind.io\/fr\/"},{"@type":"ListItem","position":2,"name":"Permis de travail"}]},{"@type":"WebSite","@id":"https:\/\/twind.io\/fr\/#website","url":"https:\/\/twind.io\/fr\/","name":"Twind - Logiciel de gestion des fournisseurs et pr\u00e9stataires","description":"Le logiciel de gestion des sous-traitants de Twind optimise vos op\u00e9rations et am\u00e9liore l&#039;efficacit\u00e9","publisher":{"@id":"https:\/\/twind.io\/fr\/#organization"},"potentialAction":[{"@type":"SearchAction","target":{"@type":"EntryPoint","urlTemplate":"https:\/\/twind.io\/fr\/?s={search_term_string}"},"query-input":{"@type":"PropertyValueSpecification","valueRequired":true,"valueName":"search_term_string"}}],"inLanguage":"fr-FR"},{"@type":"Organization","@id":"https:\/\/twind.io\/fr\/#organization","name":"Twind - Logiciel de gestion des fournisseurs et pr\u00e9stataires","url":"https:\/\/twind.io\/fr\/","logo":{"@type":"ImageObject","inLanguage":"fr-FR","@id":"https:\/\/twind.io\/fr\/#\/schema\/logo\/image\/","url":"https:\/\/twind.io\/wp-content\/uploads\/2023\/04\/Logo-Twind.svg","contentUrl":"https:\/\/twind.io\/wp-content\/uploads\/2023\/04\/Logo-Twind.svg","width":1,"height":1,"caption":"Twind - Logiciel de gestion des fournisseurs et pr\u00e9stataires"},"image":{"@id":"https:\/\/twind.io\/fr\/#\/schema\/logo\/image\/"}}]}},"_links":{"self":[{"href":"https:\/\/twind.io\/fr\/wp-json\/wp\/v2\/pages\/1028","targetHints":{"allow":["GET"]}}],"collection":[{"href":"https:\/\/twind.io\/fr\/wp-json\/wp\/v2\/pages"}],"about":[{"href":"https:\/\/twind.io\/fr\/wp-json\/wp\/v2\/types\/page"}],"author":[{"embeddable":true,"href":"https:\/\/twind.io\/fr\/wp-json\/wp\/v2\/users\/1"}],"replies":[{"embeddable":true,"href":"https:\/\/twind.io\/fr\/wp-json\/wp\/v2\/comments?post=1028"}],"version-history":[{"count":12,"href":"https:\/\/twind.io\/fr\/wp-json\/wp\/v2\/pages\/1028\/revisions"}],"predecessor-version":[{"id":1216,"href":"https:\/\/twind.io\/fr\/wp-json\/wp\/v2\/pages\/1028\/revisions\/1216"}],"wp:attachment":[{"href":"https:\/\/twind.io\/fr\/wp-json\/wp\/v2\/media?parent=1028"}],"curies":[{"name":"wp","href":"https:\/\/api.w.org\/{rel}","templated":true}]}}