{"id":1129,"date":"2026-03-24T12:39:19","date_gmt":"2026-03-24T12:39:19","guid":{"rendered":"https:\/\/twind.io\/fr\/?page_id=1129"},"modified":"2026-03-24T13:01:39","modified_gmt":"2026-03-24T13:01:39","slug":"calculatrice-roi","status":"publish","type":"page","link":"https:\/\/twind.io\/fr\/calculatrice-roi\/","title":{"rendered":"Calculatrice ROI"},"content":{"rendered":"<p>    Calculateur ROI &#8211; Twind  <!-- Poppins pour UI -->                  <\/p>\n<h3 style=\"color: #7346ff; font-size:1.2em;\">Calculateur de Retour sur Investissement (ROI) de Twind<\/h3>\n<h4 style=\"color: #000; font-size:0.9em;\">D\u00e9couvrez combien vous pouvez \u00e9conomiser dans la gestion de vos sous-traitants. Vos concurrents \u00e9conomisent d\u00e9j\u00e0 des milliers d&rsquo;euros. Et vous ?<\/h4>\n<p style=\"font-size:0.85em;\">Obtenez votre analyse personnalis\u00e9e en 2 minutes et d\u00e9couvrez combien de temps et d&rsquo;argent vous pouvez \u00e9conomiser avec Twind. Plus de 3 000 entreprises r\u00e9duisent d\u00e9j\u00e0 leurs co\u00fbts et optimisent leur temps avec nous.<\/p>\n<p>                  Nbre de sites de travail :                              Nbre d&rsquo;entreprises externes (sous-traitants, y compris ind\u00e9pendants) :                             Combien de temps consacrez-vous \u00e0 la gestion des sous-traitants ?        <\/p>\n<p style=\"font-size:0.85em;\">Temps moyen par semaine consacr\u00e9 aux t\u00e2ches administratives de gestion des sous-traitants : \u00e9changes d&rsquo;e-mails, appels t\u00e9l\u00e9phoniques, archivage et suivi sur Excel, v\u00e9rification des documents<\/p>\n<p>                                      <img decoding=\"async\" role=\"img\" alt=\"\ud83d\udcca\" src=\"https:\/\/s.w.org\/images\/core\/emoji\/16.0.1\/svg\/1f4ca.svg\" loading=\"lazy\"> Diagnostic gestion des sous-traitants selon vos r\u00e9ponses                                            Voir le rapport et mes \u00e9conomies potentielles              [tcb-script]    \/\/ Tablas de precios (extra\u00eddas del Excel)    const pricingByContractors = [      { min: 0, max: 25, price: 1667.22 },      { min: 25, max: 50, price: 1667.22 },      { min: 50, max: 100, price: 3334.44 },      { min: 100, max: 150, price: 6478.05 },      { min: 150, max: 200, price: 9430.30 },      { min: 200, max: 300, price: 12301.11 },      { min: 300, max: 400, price: 17936.84 },      { min: 400, max: 500, price: 23459.69 },      { min: 500, max: 750, price: 28875.56 },      { min: 750, max: 1000, price: 42008.06 },      { min: 1000, max: 2000, price: 55008.10 },      { min: 2000, max: Infinity, price: 105902.06 }    ];    const pricingByWorkCenters = {      1: 0, 2: 141.09, 3: 282.19, 4: 423.28, 5: 564.38,      6: 658.44, 7: 752.50, 8: 846.56, 9: 940.63, 10: 1034.69,      11: 1088.44, 12: 1142.19, 13: 1195.94, 14: 1249.69, 15: 1303.44,      16: 1357.19, 17: 1410.94, 18: 1464.69, 19: 1518.44, 20: 1572.19,      21: 1602.90, 22: 1633.61, 23: 1664.33, 24: 1695.04, 25: 1725.75,      26: 1756.46, 27: 1787.18, 28: 1817.89, 29: 1848.60, 30: 1879.32,      31: 1910.03, 32: 1940.74, 33: 1971.45, 34: 2002.17, 35: 2032.88,      36: 2063.59, 37: 2094.30, 38: 2125.02, 39: 2155.73, 40: 2186.44,      41: 2217.16, 42: 2247.87, 43: 2278.58, 44: 2309.29, 45: 2340.01,      46: 2370.72, 47: 2401.43, 48: 2432.14, 49: 2462.86, 50: 2493.57    };    \/\/ Objeto para almacenar todos los c\u00e1lculos de ROI    const roiData = {};    function getPlatformCost(contractors, workCenters) {      \/\/ Encontrar precio por n\u00famero de contratistas      let contractorsCost = pricingByContractors[0].price; \/\/ Default      for (let tier of pricingByContractors) {        if (contractors &gt;= tier.min &amp;&amp; contractors &lt; tier.max) {          contractorsCost = tier.price;          break;        }      }      \/\/ Encontrar precio por centros de trabajo      let centersCost = pricingByWorkCenters[workCenters] || 0;      if (workCenters &gt; 50) {        \/\/ Extrapolar para m\u00e1s de 50 centros        centersCost = 2493.57 + ((workCenters &#8211; 50) * 30.71);      }      return contractorsCost + centersCost;    }    function calculateROI() {      \/\/ Obtener valores de los inputs      const workCenters = parseFloat(document.getElementById(&lsquo;workCenters&rsquo;).value);      const contractors = parseFloat(document.getElementById(&lsquo;contractors&rsquo;).value);      const adminHoursPerWeek = parseFloat(document.getElementById(&lsquo;adminHours&rsquo;).value);            const downloadButton = document.getElementById(&lsquo;downloadButton&rsquo;);      const diagnosisBox = document.getElementById(&lsquo;diagnosisBox&rsquo;);      const diagnosisLevel = document.getElementById(&lsquo;diagnosisLevel&rsquo;);      const diagnosisDescription = document.getElementById(&lsquo;diagnosisDescription&rsquo;);      \/\/ Verificar que todos los campos est\u00e9n completos y sean v\u00e1lidos      const allFieldsValid = [workCenters, contractors, adminHoursPerWeek]        .every(value =&gt; !isNaN(value) &amp;&amp; value &gt; 0);            \/\/ Mostrar\/ocultar elementos seg\u00fan validez de los datos      downloadButton.style.display = allFieldsValid ? &lsquo;block&rsquo; : &lsquo;none&rsquo;;      diagnosisBox.style.display = allFieldsValid ? &lsquo;block&rsquo; : &lsquo;none&rsquo;;      if (!allFieldsValid) return;      \/\/ Constantes      const HOURLY_COST = 30; \/\/ \u20ac\/hora (coste tiempo TPRL)      const TIME_REDUCTION = 0.75; \/\/ 75% de reducci\u00f3n      const WEEKS_PER_YEAR = 52;      \/\/ 1. Calcular Tiempo Standard CAE (f\u00f3rmula del Excel)      const standardCAETime = (((contractors * 10) \/ 60) * (1 + (workCenters &#8211; 1) * 0.2));      \/\/ 2. Tiempo total SIN plataforma (tomar el mayor entre lo indicado y el standard)      const timeWithoutPlatform = Math.max(adminHoursPerWeek, standardCAETime);      const annualTimeWithoutPlatform = Math.round(timeWithoutPlatform * WEEKS_PER_YEAR);      \/\/ 3. Coste anual SIN plataforma      const annualCostWithoutPlatform = annualTimeWithoutPlatform * HOURLY_COST;      \/\/ 4. Tiempo CON plataforma (reducci\u00f3n del 75%)      const annualTimeWithPlatform = annualTimeWithoutPlatform * (1 &#8211; TIME_REDUCTION);      \/\/ 5. Coste de la plataforma (lookup din\u00e1mico)      const platformAnnualCost = getPlatformCost(contractors, workCenters);      \/\/ 6. Coste total CON plataforma      const annualCostWithPlatform = platformAnnualCost + (annualTimeWithPlatform * HOURLY_COST);      \/\/ 7. Ahorro en tiempo (horas)      const timeSavings = annualTimeWithoutPlatform &#8211; annualTimeWithPlatform;      \/\/ 8. Beneficio neto      const netBenefit = annualCostWithoutPlatform &#8211; annualCostWithPlatform;      \/\/ 9. ROI      const roiPercentage = (netBenefit \/ annualCostWithPlatform) * 100;      \/\/ 10. Diagn\u00f3stico CAE (celda B42)      const timeDifference = Math.round(adminHoursPerWeek &#8211; standardCAETime);      let caeAssessment = \u00ab\u00a0Dans la moyenne\u00a0\u00bb;      if (timeDifference === 0) caeAssessment = \u00ab\u00a0Dans la moyenne\u00a0\u00bb;      else if (timeDifference === 1) caeAssessment = \u00ab\u00a0Top 35%\u00a0\u00bb;      else if (timeDifference === 2) caeAssessment = \u00ab\u00a0Top 15%\u00a0\u00bb;      else if (timeDifference &gt;= 3) caeAssessment = \u00ab\u00a0Top 3%\u00a0\u00bb;      else if (timeDifference === -1) caeAssessment = \u00ab\u00a035% en dessous\u00a0\u00bb;      else if (timeDifference === -2) caeAssessment = \u00ab\u00a015% en dessous\u00a0\u00bb;      else if (timeDifference &lt;= -3) caeAssessment = \u00ab\u00a03% en dessous\u00a0\u00bb;      \/\/ 11. Descripci\u00f3n del diagn\u00f3stico (celda C42)      const adminRounded = Math.round(adminHoursPerWeek);      const standardRounded = Math.round(standardCAETime);      let caeDescription = \u00ab\u00a0\u00a0\u00bb;            if (adminRounded === standardRounded) {        caeDescription = \u00ab\u00a0Vous g\u00e9rez probablement correctement la gestion des sous-traitants. Vous avez un bon potentiel d&rsquo;\u00e9conomies en digitalisant le processus.\u00a0\u00bb;      } else if (adminRounded &#8211; standardRounded &gt;= 1) {        caeDescription = \u00ab\u00a0Vous g\u00e9rez probablement correctement la gestion des sous-traitants, et vous avez un \u00e9norme potentiel d&rsquo;\u00e9conomies en digitalisant le processus.\u00a0\u00bb;      } else if (standardRounded &#8211; adminRounded &gt;= 3) {        caeDescription = \u00ab\u00a0Vous effectuez probablement une gestion des sous-traitants superficielle et prenez des risques inutiles. Il est tr\u00e8s probable que vous ne suiviez pas correctement le temps consacr\u00e9 par votre \u00e9quipe \u00e0 la gestion des sous-traitants et que vous ayez des co\u00fbts cach\u00e9s.\u00a0\u00bb;      } else if (standardRounded &#8211; adminRounded &gt;= 2) {        caeDescription = \u00ab\u00a0Vous effectuez probablement une gestion des sous-traitants superficielle et prenez des risques inutiles. Il est probable que vous ne suiviez pas correctement le temps consacr\u00e9 par votre \u00e9quipe \u00e0 la gestion des sous-traitants et que vous ayez des co\u00fbts cach\u00e9s.\u00a0\u00bb;      } else if (standardRounded &#8211; adminRounded &gt;= 1) {        caeDescription = \u00ab\u00a0Vous effectuez probablement une gestion des sous-traitants superficielle et prenez des risques inutiles. Il est probable que vous ne suiviez pas correctement le temps consacr\u00e9 par votre \u00e9quipe \u00e0 la gestion des sous-traitants et que vous ayez des co\u00fbts cach\u00e9s.\u00a0\u00bb;      }      \/\/ Actualizar los elementos del DOM con el diagn\u00f3stico      diagnosisLevel.textContent = caeAssessment;      diagnosisDescription.textContent = caeDescription;      \/\/ Guardar todos los c\u00e1lculos en el objeto roiData      roiData.workCenters = workCenters;      roiData.contractors = contractors;      roiData.adminHoursPerWeek = adminHoursPerWeek;      roiData.hourlyRate = HOURLY_COST;            \/\/ C\u00e1lculos intermedios      roiData.standardCAETime = standardCAETime.toFixed(2);      roiData.timeWithoutPlatform = timeWithoutPlatform.toFixed(2);      roiData.annualTimeWithoutPlatform = annualTimeWithoutPlatform;      roiData.annualCostWithoutPlatform = annualCostWithoutPlatform.toFixed(2);            \/\/ Con plataforma      roiData.annualTimeWithPlatform = annualTimeWithPlatform.toFixed(2);      roiData.platformAnnualCost = platformAnnualCost.toFixed(2);      roiData.annualCostWithPlatform = annualCostWithPlatform.toFixed(2);            \/\/ Resultados finales      roiData.timeSavings = timeSavings.toFixed(2);      roiData.netBenefit = netBenefit.toFixed(2);      roiData.roiPercentage = roiPercentage.toFixed(2);      roiData.caeAssessment = caeAssessment;      roiData.caeDescription = caeDescription;      \/\/ VALORES ESPEC\u00cdFICOS PARA EL PDF (nombres de celdas del Excel)      roiData.B15 = annualTimeWithoutPlatform; \/\/ Tiempo anual SIN plataforma (horas)      roiData.B19 = annualCostWithoutPlatform.toFixed(2); \/\/ Coste anual SIN plataforma (\u20ac)      roiData.B24 = annualTimeWithPlatform.toFixed(2); \/\/ Tiempo anual CON plataforma (horas)      roiData.B26 = annualCostWithPlatform.toFixed(2); \/\/ Coste anual CON plataforma (\u20ac)      roiData.B31 = timeSavings.toFixed(2); \/\/ Ahorro en tiempo (horas)      roiData.B33 = netBenefit.toFixed(2); \/\/ Beneficio neto (\u20ac)      roiData.B37 = roiPercentage.toFixed(2); \/\/ ROI %      console.log(&lsquo;Datos de ROI calculados:&rsquo;, roiData);    }    \/\/ Funci\u00f3n para manejar el clic del bot\u00f3n    function handleDownloadClick() {      \/\/ Almacenar los datos de ROI para uso posterior      if (typeof(Storage) !== \u00ab\u00a0undefined\u00a0\u00bb) {        sessionStorage.setItem(&lsquo;roiCalculatorData&rsquo;, JSON.stringify(roiData));      }            \/\/ Buscar el bot\u00f3n \u00ab\u00a0Click Here Now\u00a0\u00bb en la p\u00e1gina y hacer clic en \u00e9l      try {        \/\/ Buscar por el texto del bot\u00f3n        const clickHereButtons = Array.from(document.querySelectorAll(&lsquo;a, button&rsquo;)).filter(el =&gt;           el.textContent.trim().toLowerCase().includes(&lsquo;click here now&rsquo;)        );                if (clickHereButtons.length &gt; 0) {          console.log(&lsquo;Encontrado bot\u00f3n \u00ab\u00a0Click Here Now\u00a0\u00bb, haciendo clic&#8230;&rsquo;);          clickHereButtons[0].click();          return;        }                \/\/ Buscar por atributos de Thrive        const thriveButton = document.querySelector(&lsquo;[data-tcb-events*=\u00a0\u00bbthrive_lightbox\u00a0\u00bb]&rsquo;);        if (thriveButton) {          console.log(&lsquo;Encontrado bot\u00f3n Thrive, haciendo clic&#8230;&rsquo;);          thriveButton.click();          return;        }                \/\/ Buscar por clase espec\u00edfica de Thrive        const thriveButtonByClass = document.querySelector(&lsquo;.tve_evt_manager_listen.tve_et_click&rsquo;);        if (thriveButtonByClass) {          console.log(&lsquo;Encontrado bot\u00f3n por clase Thrive, haciendo clic&#8230;&rsquo;);          thriveButtonByClass.click();          return;        }                \/\/ Si no encuentra ning\u00fan bot\u00f3n        console.log(&lsquo;No se encontr\u00f3 el bot\u00f3n \u00ab\u00a0Click Here Now\u00a0\u00bb&lsquo;);        alert(&lsquo;Veuillez cliquer sur le bouton \u00ab\u00a0Click Here Now\u00a0\u00bb qui appara\u00eet sur la page pour t\u00e9l\u00e9charger le rapport ROI.&rsquo;);              } catch (error) {        console.error(&lsquo;Error al buscar bot\u00f3n:&rsquo;, error);        alert(&lsquo;Veuillez cliquer sur le bouton \u00ab\u00a0Click Here Now\u00a0\u00bb qui appara\u00eet sur la page pour t\u00e9l\u00e9charger le rapport ROI.&rsquo;);      }            console.log(&lsquo;Datos de ROI guardados:&rsquo;, roiData);    }    \/\/ Event listener para el bot\u00f3n de descarga    document.getElementById(&lsquo;downloadButton&rsquo;).addEventListener(&lsquo;click&rsquo;, handleDownloadClick);  [\/tcb-script]<\/p>\n","protected":false},"excerpt":{"rendered":"<p>Calculateur ROI &#8211; Twind Calculateur de Retour sur Investissement (ROI) de Twind D\u00e9couvrez combien vous pouvez \u00e9conomiser dans la gestion de vos sous-traitants. Vos concurrents \u00e9conomisent d\u00e9j\u00e0 des milliers d&rsquo;euros. Et vous ? Obtenez votre analyse personnalis\u00e9e en 2 minutes et d\u00e9couvrez combien de temps et d&rsquo;argent vous pouvez \u00e9conomiser avec Twind. Plus de 3 [&hellip;]<\/p>\n","protected":false},"author":1,"featured_media":0,"parent":0,"menu_order":0,"comment_status":"closed","ping_status":"closed","template":"","meta":{"content-type":"","footnotes":""},"class_list":["post-1129","page","type-page","status-publish","hentry","post-wrapper","thrv_wrapper"],"yoast_head":"<!-- This site is optimized with the Yoast SEO plugin v27.3 - https:\/\/yoast.com\/product\/yoast-seo-wordpress\/ -->\n<title>Calculatrice ROI - Twind - Logiciel de gestion des fournisseurs et pr\u00e9stataires<\/title>\n<meta name=\"robots\" content=\"noindex, nofollow\" \/>\n<meta property=\"og:locale\" content=\"fr_FR\" \/>\n<meta property=\"og:type\" content=\"article\" \/>\n<meta property=\"og:title\" content=\"Calculatrice ROI - Twind - Logiciel de gestion des fournisseurs et pr\u00e9stataires\" \/>\n<meta property=\"og:description\" content=\"Calculateur ROI &#8211; Twind Calculateur de Retour sur Investissement (ROI) de Twind D\u00e9couvrez combien vous pouvez \u00e9conomiser dans la gestion de vos sous-traitants. Vos concurrents \u00e9conomisent d\u00e9j\u00e0 des milliers d&rsquo;euros. Et vous ? Obtenez votre analyse personnalis\u00e9e en 2 minutes et d\u00e9couvrez combien de temps et d&rsquo;argent vous pouvez \u00e9conomiser avec Twind. Plus de 3 [&hellip;]\" \/>\n<meta property=\"og:url\" content=\"https:\/\/twind.io\/fr\/calculatrice-roi\/\" \/>\n<meta property=\"og:site_name\" content=\"Twind - Logiciel de gestion des fournisseurs et pr\u00e9stataires\" \/>\n<meta property=\"article:modified_time\" content=\"2026-03-24T13:01:39+00:00\" \/>\n<meta property=\"og:image\" content=\"https:\/\/s.w.org\/images\/core\/emoji\/16.0.1\/svg\/1f4ca.svg\" \/>\n<meta name=\"twitter:card\" content=\"summary_large_image\" \/>\n<meta name=\"twitter:label1\" content=\"Dur\u00e9e de lecture estim\u00e9e\" \/>\n\t<meta name=\"twitter:data1\" content=\"1 minute\" \/>\n<script type=\"application\/ld+json\" class=\"yoast-schema-graph\">{\"@context\":\"https:\\\/\\\/schema.org\",\"@graph\":[{\"@type\":\"WebPage\",\"@id\":\"https:\\\/\\\/twind.io\\\/fr\\\/calculatrice-roi\\\/\",\"url\":\"https:\\\/\\\/twind.io\\\/fr\\\/calculatrice-roi\\\/\",\"name\":\"Calculatrice ROI - Twind - Logiciel de gestion des fournisseurs et pr\u00e9stataires\",\"isPartOf\":{\"@id\":\"https:\\\/\\\/twind.io\\\/fr\\\/#website\"},\"primaryImageOfPage\":{\"@id\":\"https:\\\/\\\/twind.io\\\/fr\\\/calculatrice-roi\\\/#primaryimage\"},\"image\":{\"@id\":\"https:\\\/\\\/twind.io\\\/fr\\\/calculatrice-roi\\\/#primaryimage\"},\"thumbnailUrl\":\"https:\\\/\\\/s.w.org\\\/images\\\/core\\\/emoji\\\/16.0.1\\\/svg\\\/1f4ca.svg\",\"datePublished\":\"2026-03-24T12:39:19+00:00\",\"dateModified\":\"2026-03-24T13:01:39+00:00\",\"breadcrumb\":{\"@id\":\"https:\\\/\\\/twind.io\\\/fr\\\/calculatrice-roi\\\/#breadcrumb\"},\"inLanguage\":\"fr-FR\",\"potentialAction\":[{\"@type\":\"ReadAction\",\"target\":[\"https:\\\/\\\/twind.io\\\/fr\\\/calculatrice-roi\\\/\"]}]},{\"@type\":\"ImageObject\",\"inLanguage\":\"fr-FR\",\"@id\":\"https:\\\/\\\/twind.io\\\/fr\\\/calculatrice-roi\\\/#primaryimage\",\"url\":\"https:\\\/\\\/s.w.org\\\/images\\\/core\\\/emoji\\\/16.0.1\\\/svg\\\/1f4ca.svg\",\"contentUrl\":\"https:\\\/\\\/s.w.org\\\/images\\\/core\\\/emoji\\\/16.0.1\\\/svg\\\/1f4ca.svg\"},{\"@type\":\"BreadcrumbList\",\"@id\":\"https:\\\/\\\/twind.io\\\/fr\\\/calculatrice-roi\\\/#breadcrumb\",\"itemListElement\":[{\"@type\":\"ListItem\",\"position\":1,\"name\":\"Portada\",\"item\":\"https:\\\/\\\/twind.io\\\/fr\\\/\"},{\"@type\":\"ListItem\",\"position\":2,\"name\":\"Calculatrice ROI\"}]},{\"@type\":\"WebSite\",\"@id\":\"https:\\\/\\\/twind.io\\\/fr\\\/#website\",\"url\":\"https:\\\/\\\/twind.io\\\/fr\\\/\",\"name\":\"Twind - Logiciel de gestion des fournisseurs et pr\u00e9stataires\",\"description\":\"Le logiciel de gestion des sous-traitants de Twind optimise vos op\u00e9rations et am\u00e9liore l&#039;efficacit\u00e9\",\"publisher\":{\"@id\":\"https:\\\/\\\/twind.io\\\/fr\\\/#organization\"},\"potentialAction\":[{\"@type\":\"SearchAction\",\"target\":{\"@type\":\"EntryPoint\",\"urlTemplate\":\"https:\\\/\\\/twind.io\\\/fr\\\/?s={search_term_string}\"},\"query-input\":{\"@type\":\"PropertyValueSpecification\",\"valueRequired\":true,\"valueName\":\"search_term_string\"}}],\"inLanguage\":\"fr-FR\"},{\"@type\":\"Organization\",\"@id\":\"https:\\\/\\\/twind.io\\\/fr\\\/#organization\",\"name\":\"Twind - Logiciel de gestion des fournisseurs et pr\u00e9stataires\",\"url\":\"https:\\\/\\\/twind.io\\\/fr\\\/\",\"logo\":{\"@type\":\"ImageObject\",\"inLanguage\":\"fr-FR\",\"@id\":\"https:\\\/\\\/twind.io\\\/fr\\\/#\\\/schema\\\/logo\\\/image\\\/\",\"url\":\"https:\\\/\\\/twind.io\\\/wp-content\\\/uploads\\\/2023\\\/04\\\/Logo-Twind.svg\",\"contentUrl\":\"https:\\\/\\\/twind.io\\\/wp-content\\\/uploads\\\/2023\\\/04\\\/Logo-Twind.svg\",\"width\":1,\"height\":1,\"caption\":\"Twind - Logiciel de gestion des fournisseurs et pr\u00e9stataires\"},\"image\":{\"@id\":\"https:\\\/\\\/twind.io\\\/fr\\\/#\\\/schema\\\/logo\\\/image\\\/\"}}]}<\/script>\n<!-- \/ Yoast SEO plugin. -->","yoast_head_json":{"title":"Calculatrice ROI - Twind - Logiciel de gestion des fournisseurs et pr\u00e9stataires","robots":{"index":"noindex","follow":"nofollow"},"og_locale":"fr_FR","og_type":"article","og_title":"Calculatrice ROI - Twind - Logiciel de gestion des fournisseurs et pr\u00e9stataires","og_description":"Calculateur ROI &#8211; Twind Calculateur de Retour sur Investissement (ROI) de Twind D\u00e9couvrez combien vous pouvez \u00e9conomiser dans la gestion de vos sous-traitants. Vos concurrents \u00e9conomisent d\u00e9j\u00e0 des milliers d&rsquo;euros. Et vous ? Obtenez votre analyse personnalis\u00e9e en 2 minutes et d\u00e9couvrez combien de temps et d&rsquo;argent vous pouvez \u00e9conomiser avec Twind. Plus de 3 [&hellip;]","og_url":"https:\/\/twind.io\/fr\/calculatrice-roi\/","og_site_name":"Twind - Logiciel de gestion des fournisseurs et pr\u00e9stataires","article_modified_time":"2026-03-24T13:01:39+00:00","og_image":[{"url":"https:\/\/s.w.org\/images\/core\/emoji\/16.0.1\/svg\/1f4ca.svg","type":"","width":"","height":""}],"twitter_card":"summary_large_image","twitter_misc":{"Dur\u00e9e de lecture estim\u00e9e":"1 minute"},"schema":{"@context":"https:\/\/schema.org","@graph":[{"@type":"WebPage","@id":"https:\/\/twind.io\/fr\/calculatrice-roi\/","url":"https:\/\/twind.io\/fr\/calculatrice-roi\/","name":"Calculatrice ROI - Twind - Logiciel de gestion des fournisseurs et pr\u00e9stataires","isPartOf":{"@id":"https:\/\/twind.io\/fr\/#website"},"primaryImageOfPage":{"@id":"https:\/\/twind.io\/fr\/calculatrice-roi\/#primaryimage"},"image":{"@id":"https:\/\/twind.io\/fr\/calculatrice-roi\/#primaryimage"},"thumbnailUrl":"https:\/\/s.w.org\/images\/core\/emoji\/16.0.1\/svg\/1f4ca.svg","datePublished":"2026-03-24T12:39:19+00:00","dateModified":"2026-03-24T13:01:39+00:00","breadcrumb":{"@id":"https:\/\/twind.io\/fr\/calculatrice-roi\/#breadcrumb"},"inLanguage":"fr-FR","potentialAction":[{"@type":"ReadAction","target":["https:\/\/twind.io\/fr\/calculatrice-roi\/"]}]},{"@type":"ImageObject","inLanguage":"fr-FR","@id":"https:\/\/twind.io\/fr\/calculatrice-roi\/#primaryimage","url":"https:\/\/s.w.org\/images\/core\/emoji\/16.0.1\/svg\/1f4ca.svg","contentUrl":"https:\/\/s.w.org\/images\/core\/emoji\/16.0.1\/svg\/1f4ca.svg"},{"@type":"BreadcrumbList","@id":"https:\/\/twind.io\/fr\/calculatrice-roi\/#breadcrumb","itemListElement":[{"@type":"ListItem","position":1,"name":"Portada","item":"https:\/\/twind.io\/fr\/"},{"@type":"ListItem","position":2,"name":"Calculatrice ROI"}]},{"@type":"WebSite","@id":"https:\/\/twind.io\/fr\/#website","url":"https:\/\/twind.io\/fr\/","name":"Twind - Logiciel de gestion des fournisseurs et pr\u00e9stataires","description":"Le logiciel de gestion des sous-traitants de Twind optimise vos op\u00e9rations et am\u00e9liore l&#039;efficacit\u00e9","publisher":{"@id":"https:\/\/twind.io\/fr\/#organization"},"potentialAction":[{"@type":"SearchAction","target":{"@type":"EntryPoint","urlTemplate":"https:\/\/twind.io\/fr\/?s={search_term_string}"},"query-input":{"@type":"PropertyValueSpecification","valueRequired":true,"valueName":"search_term_string"}}],"inLanguage":"fr-FR"},{"@type":"Organization","@id":"https:\/\/twind.io\/fr\/#organization","name":"Twind - Logiciel de gestion des fournisseurs et pr\u00e9stataires","url":"https:\/\/twind.io\/fr\/","logo":{"@type":"ImageObject","inLanguage":"fr-FR","@id":"https:\/\/twind.io\/fr\/#\/schema\/logo\/image\/","url":"https:\/\/twind.io\/wp-content\/uploads\/2023\/04\/Logo-Twind.svg","contentUrl":"https:\/\/twind.io\/wp-content\/uploads\/2023\/04\/Logo-Twind.svg","width":1,"height":1,"caption":"Twind - Logiciel de gestion des fournisseurs et pr\u00e9stataires"},"image":{"@id":"https:\/\/twind.io\/fr\/#\/schema\/logo\/image\/"}}]}},"_links":{"self":[{"href":"https:\/\/twind.io\/fr\/wp-json\/wp\/v2\/pages\/1129","targetHints":{"allow":["GET"]}}],"collection":[{"href":"https:\/\/twind.io\/fr\/wp-json\/wp\/v2\/pages"}],"about":[{"href":"https:\/\/twind.io\/fr\/wp-json\/wp\/v2\/types\/page"}],"author":[{"embeddable":true,"href":"https:\/\/twind.io\/fr\/wp-json\/wp\/v2\/users\/1"}],"replies":[{"embeddable":true,"href":"https:\/\/twind.io\/fr\/wp-json\/wp\/v2\/comments?post=1129"}],"version-history":[{"count":6,"href":"https:\/\/twind.io\/fr\/wp-json\/wp\/v2\/pages\/1129\/revisions"}],"predecessor-version":[{"id":1151,"href":"https:\/\/twind.io\/fr\/wp-json\/wp\/v2\/pages\/1129\/revisions\/1151"}],"wp:attachment":[{"href":"https:\/\/twind.io\/fr\/wp-json\/wp\/v2\/media?parent=1129"}],"curies":[{"name":"wp","href":"https:\/\/api.w.org\/{rel}","templated":true}]}}