{"id":1166,"date":"2026-03-31T09:13:49","date_gmt":"2026-03-31T09:13:49","guid":{"rendered":"https:\/\/twind.io\/fr\/?page_id=1166"},"modified":"2026-04-01T10:34:04","modified_gmt":"2026-04-01T10:34:04","slug":"nos-clients","status":"publish","type":"page","link":"https:\/\/twind.io\/fr\/nos-clients\/","title":{"rendered":"Nos clients"},"content":{"rendered":"<h1 style=\"text-align: center;\"><strong><span><span><\/span><span>Que pensent nos<span style=\"--tcb-applied-color: var$(--tcb-color-1) !important; color: var(--tcb-color-1) !important;\"> clients<\/span> ?<\/span><\/span><\/strong><\/h1>\n<h6 style=\"text-align: center;\"><span style=\"font-weight: normal;\"><span data-contrast=\"none\" lang=\"ES-ES\" style=\"\"><span data-ccp-parastyle=\"heading 2\" style=\"\">Des responsables et des techniciens comme vous partagent leur vision de Twind et de l&rsquo;exp\u00e9rience de travailler avec nous<\/span><\/span><\/span><\/h6>\n<h2><span>Transports Marva<\/span><\/h2>\n<p>Avec plus de <strong>3 500 employ\u00e9s et un r\u00e9seau de 15 entreprises sous-traitantes<\/strong>, Transports Marva op\u00e8re dans un secteur o\u00f9 la tra\u00e7abilit\u00e9 documentaire est essentielle pour respecter la r\u00e9glementation et garantir la continuit\u00e9 op\u00e9rationnelle. Chaque ann\u00e9e,<strong> plus de 200 travailleurs externes acc\u00e8dent \u00e0 ses installations.<\/strong> Organiser et contr\u00f4ler toute cette documentation manuellement n&rsquo;\u00e9tait plus une option viable.<\/p>\n<p>\u00ab Ce que j&rsquo;appr\u00e9cie le plus, c&rsquo;est que Twind stocke toutes les informations que les fournisseurs t\u00e9l\u00e9chargent. Cela me garantit s\u00e9curit\u00e9 et organisation. \u00bb<br \/>Reyna Paola Amador Cano, responsable de l&rsquo;administration et des contrats chez Transportes Marva<\/p>\n<p><span><img decoding=\"async\" alt=\"\" data-id=\"3534\" width=\"294\" data-init-width=\"2378\" height=\"189\" data-init-height=\"1527\" title=\"TRANSPORTES MARVA S.A. de C.V.LOGOTIPO_MARVACOMMX-ALTA - copia\" src=\"https:\/\/twind.io\/mx\/wp-content\/uploads\/2025\/05\/TRANSPORTES-MARVA-S.A.-de-C.V.LOGOTIPO_MARVACOMMX-ALTA-copia.png\" data-width=\"294\" data-height=\"189\" style=\"aspect-ratio: auto 2378 \/ 1527;\" loading=\"lazy\"><\/span><\/p>\n<h2>ITP AERO<\/h2>\n<p>ITP Aero est l&rsquo;une des entreprises leaders du secteur a\u00e9ronautique, avec plus de 1 200 employ\u00e9s et une orientation strat\u00e9gique vers l&rsquo;innovation et l&rsquo;efficacit\u00e9 op\u00e9rationnelle. <strong>Avec 54 entreprises sous-traitantes et plus de 60 travailleurs externes acc\u00e9dant chaque ann\u00e9e<\/strong> \u00e0 ses installations, ils avaient besoin d&rsquo;une solution qui \u00e9limine les frictions dans la gestion documentaire, offre une tra\u00e7abilit\u00e9 et permette un <strong>contr\u00f4le pr\u00e9cis des acc\u00e8s au site.<\/strong><\/p>\n<p>\u00ab Nous avons pu combiner les modules REPSE et S\u00e9curit\u00e9 et Hygi\u00e8ne sur une plateforme unique. Tout est plus clair et beaucoup plus rapide. \u00bb<\/p>\n<p>Samuel Licea, directeur \u00e9conomique et financier chez ITP Aero<\/p>\n<p><span><img decoding=\"async\" alt=\"\" data-id=\"3510\" width=\"362\" data-init-width=\"284\" height=\"162\" data-init-height=\"127\" title=\"itp aero\" src=\"https:\/\/twind.io\/fr\/wp-content\/uploads\/2026\/03\/itp-aero.png\" data-width=\"362\" data-height=\"162\" style=\"aspect-ratio: auto 284 \/ 127;\" loading=\"lazy\"><\/span><\/p>\n<h1><span>RONAL Group<\/span><\/h1>\n<p>RONAL Group est une r\u00e9f\u00e9rence dans l&rsquo;industrie automobile, sp\u00e9cialis\u00e9 dans la fabrication de jantes pour v\u00e9hicules. Chaque ann\u00e9e, <strong>plus de 2 000 travailleurs externes acc\u00e8dent \u00e0 ses installations<\/strong>, ce qui rendait indispensable la mise en place d&rsquo;un syst\u00e8me centralis\u00e9, agile et tra\u00e7able.<\/p>\n<p>\u00ab Avant Twind, la gestion \u00e9tait enti\u00e8rement manuelle et nous d\u00e9pendions de dossiers physiques. D\u00e9sormais, le processus est transparent , s\u00e9curis\u00e9 et beaucoup plus rapide. Nous avons \u00e9t\u00e9 surpris par la flexibilit\u00e9 de Twind . C&rsquo;est une plateforme qui s&rsquo;adapte parfaitement \u00e0 nos besoins et qui facilite grandement la gestion des documents des sous-traitants. \u00bb<\/p>\n<p>Fernando Cruz Ortega, responsable de la conformit\u00e9 et de la protection des donn\u00e9es chez RONAL<\/p>\n<p><span style=\"\"><img decoding=\"async\" alt=\"\" data-id=\"3426\" width=\"355\" data-init-width=\"968\" height=\"68\" data-init-height=\"186\" title=\"ronal\" src=\"https:\/\/twind.io\/fr\/wp-content\/uploads\/2026\/03\/ronal.png\" data-width=\"355\" data-height=\"68\" style=\"aspect-ratio: auto 968 \/ 186;\" ml-d=\"0\" mt-d=\"0\" center-h-d=\"false\" loading=\"lazy\"><\/span><\/p>\n<h2 style=\"\"><span>Kawasaki Motors<\/span><\/h2>\n<p style=\"\">Kawasaki Moteurs S.A. de C.V. est une entreprise leader dans le secteur automobile, d\u00e9di\u00e9e \u00e0 la fabrication et \u00e0 la distribution de motos et d&rsquo;autres produits motoris\u00e9s \u00e0 haute performance. <strong>Dans un environnement hautement r\u00e9glement\u00e9 comme celui de l&rsquo;automobile, la s\u00e9curit\u00e9 et la conformit\u00e9 ne sont pas optionnelles : elles sont une priorit\u00e9.<\/strong><\/p>\n<p style=\"\">\u00ab Twind nous a permis de mieux contr\u00f4ler le personnel externe et d&rsquo;acc\u00e9der plus rapidement \u00e0 nos installations. D\u00e9sormais, notre \u00e9quipe peut se concentrer sur des t\u00e2ches strat\u00e9giques plut\u00f4t que sur des processus manuels de v\u00e9rification de documents. \u00bb<\/p>\n<p>Juana Hern\u00e1ndez M\u00e9ndez, coordinatrice EHS chez Kawasaki Motors du Mexique<\/p>\n<p><span><img decoding=\"async\" alt=\"\" data-id=\"3421\" width=\"362\" data-init-width=\"1067\" height=\"57\" data-init-height=\"168\" title=\"Kawasaki_Motors_logo\" src=\"https:\/\/twind.io\/fr\/wp-content\/uploads\/2026\/03\/Kawasaki_Motors_logo.png\" data-width=\"362\" data-height=\"57\" style=\"aspect-ratio: auto 1067 \/ 168;\" loading=\"lazy\"><\/span><\/p>\n<h1 style=\"\"><span>Cumbres Santa Fe<\/span><\/h1>\n<p style=\"\">Situ\u00e9 au Mexique, <strong>Cumbres Santa Fe<\/strong> est un complexe r\u00e9sidentiel exclusif qui travaille avec six entreprises sous-traitantes pour g\u00e9rer des services cl\u00e9s tels que le nettoyage et le jardinage. Le principal d\u00e9fi \u00e9tait la collecte d&rsquo;informations aupr\u00e8s des fournisseurs et la conformit\u00e9 au REPSE.<\/p>\n<p style=\"\">\u00ab Des semaines enti\u00e8res \u00e0 seulement deux heures par mois : Twind nous a permis de reprendre le contr\u00f4le de notre temps et de retrouver la s\u00e9r\u00e9nit\u00e9 dans notre gestion. \u00bb<\/p>\n<p>Iv\u00e1n S\u00e1nchez Mart\u00ednez, agent des ressources humaines chez Cumbres Santa Fe<\/p>\n<p><span style=\"\"><img decoding=\"async\" alt=\"\" data-id=\"3434\" width=\"178\" data-init-width=\"569\" height=\"219\" data-init-height=\"700\" title=\"Cumbre de santa fe\" src=\"https:\/\/twind.io\/fr\/wp-content\/uploads\/2026\/03\/Cumbre-de-santa-fe.png\" data-width=\"178\" data-height=\"219\" style=\"aspect-ratio: auto 569 \/ 700;\" ml-d=\"0\" mt-d=\"0\" center-h-d=\"false\" loading=\"lazy\"><\/span><\/p>\n<h2 style=\"\"><span>Aldesa<\/span><\/h2>\n<p style=\"\">Aldesa Concesiones \u00e9tait confront\u00e9e \u00e0 une gestion inefficace de la documentation et des protocoles de s\u00e9curit\u00e9. D\u00e9couvrez leur vision de Twind et l&rsquo;exp\u00e9rience de travailler avec nous.<\/p>\n<p style=\"\">\u00ab Le stockage des documents, la facilit\u00e9 avec laquelle les sous-traitants peuvent t\u00e9l\u00e9charger des informations et les statistiques obtenues \u00e0 partir de la documentation sont les trois principaux avantages que nous avons constat\u00e9s avec Twind. \u00bb<\/p>\n<p>Cristian Alejandro Becerra P\u00e9rez, sp\u00e9cialiste en pr\u00e9vention des risques chez Aldesa Chile<\/p>\n<p><span><img decoding=\"async\" alt=\"\" data-id=\"3435\" width=\"323\" data-init-width=\"768\" height=\"54\" data-init-height=\"129\" title=\"aldesa\" src=\"https:\/\/twind.io\/fr\/wp-content\/uploads\/2026\/03\/aldesa.png\" data-width=\"323\" data-height=\"54\" style=\"aspect-ratio: auto 768 \/ 129;\" loading=\"lazy\"><\/span><\/p>\n<h2 style=\"\"><span>Quimetal<\/span><\/h2>\n<p style=\"\"><strong>Quimetal<\/strong> \u00e9tait confront\u00e9e \u00e0 des d\u00e9fis complexes dans le contr\u00f4le des sous-traitants et la gestion documentaire li\u00e9e \u00e0 la conformit\u00e9 aux r\u00e9glementations fiscales, de sous-traitance et de sant\u00e9 et s\u00e9curit\u00e9 au travail.<\/p>\n<p style=\"\">\u00ab Si je devais recommander Twind \u00e0 quelqu&rsquo;un de mon secteur, je dirais que c&rsquo;est une excellente solution pour la gestion des sous-traitants. C&rsquo;est un outil tr\u00e8s intuitif, facile \u00e0 mettre en \u0153uvre et tr\u00e8s abordable. Il s&rsquo;est av\u00e9r\u00e9 pr\u00e9cieux et simplifie efficacement le contr\u00f4le des sous-traitants. \u00bb<\/p>\n<p>Ricardo Arenas Mu\u00f1oz, responsable des services g\u00e9n\u00e9raux chez Quimetal<\/p>\n<p><span style=\"\"><img decoding=\"async\" alt=\"\" data-id=\"3436\" width=\"259\" data-init-width=\"723\" height=\"165\" data-init-height=\"461\" title=\"quimetal-black\" src=\"https:\/\/twind.io\/fr\/wp-content\/uploads\/2026\/03\/quimetal-black.png\" data-width=\"259\" data-height=\"165\" style=\"aspect-ratio: auto 723 \/ 461;\" ml-d=\"-11.984999999999985\" mt-d=\"0\" center-h-d=\"false\" ml-m=\"0\" mt-m=\"0\" loading=\"lazy\"><\/span><\/p>\n<h2 style=\"\"><span>Gonvarri<\/span><\/h2>\n<p style=\"\"><strong>Gonvarri <\/strong>\u00e9tait confront\u00e9e \u00e0 des d\u00e9fis li\u00e9s \u00e0 la gestion manuelle des sous-traitants et des fournisseurs, ce qui se traduisait par des processus lents, des erreurs et un manque de clart\u00e9 dans les proc\u00e9dures. <\/p>\n<p>\u00ab Gr\u00e2ce \u00e0 Twind, Gonvarri a r\u00e9ussi \u00e0 am\u00e9liorer son efficacit\u00e9 op\u00e9rationnelle, \u00e0 r\u00e9duire les erreurs et \u00e0 accro\u00eetre la qualit\u00e9 de ses processus de gestion des sous-traitants . \u00bb<\/p>\n<p><span style=\"\"><img decoding=\"async\" alt=\"\" data-id=\"3437\" width=\"361\" data-init-width=\"2560\" height=\"152\" data-init-height=\"1073\" title=\"gonvarri\" src=\"https:\/\/twind.io\/fr\/wp-content\/uploads\/2026\/03\/gonvarri-scaled-1.jpg\" data-width=\"361\" data-height=\"152\" style=\"aspect-ratio: auto 2560 \/ 1073;\" ml-d=\"0\" mt-d=\"0\" loading=\"lazy\"><span style=\"\"><\/span><\/span><\/p>\n","protected":false},"excerpt":{"rendered":"<p>Que pensent nos clients ? Des responsables et des techniciens comme vous partagent leur vision de Twind et de l&rsquo;exp\u00e9rience de travailler avec nous Transports Marva Avec plus de 3 500 employ\u00e9s et un r\u00e9seau de 15 entreprises sous-traitantes, Transports Marva op\u00e8re dans un secteur o\u00f9 la tra\u00e7abilit\u00e9 documentaire est essentielle pour respecter la r\u00e9glementation [&hellip;]<\/p>\n","protected":false},"author":1,"featured_media":0,"parent":0,"menu_order":0,"comment_status":"closed","ping_status":"closed","template":"","meta":{"content-type":"","footnotes":""},"class_list":["post-1166","page","type-page","status-publish","hentry","post-wrapper","thrv_wrapper"],"yoast_head":"<!-- This site is optimized with the Yoast SEO plugin v27.3 - https:\/\/yoast.com\/product\/yoast-seo-wordpress\/ -->\n<title>Nos clients - Twind - Logiciel de gestion des fournisseurs et pr\u00e9stataires<\/title>\n<meta name=\"robots\" content=\"noindex, nofollow\" \/>\n<meta property=\"og:locale\" content=\"fr_FR\" \/>\n<meta property=\"og:type\" content=\"article\" \/>\n<meta property=\"og:title\" content=\"Nos clients - Twind - Logiciel de gestion des fournisseurs et pr\u00e9stataires\" \/>\n<meta property=\"og:description\" content=\"Que pensent nos clients ? Des responsables et des techniciens comme vous partagent leur vision de Twind et de l&rsquo;exp\u00e9rience de travailler avec nous Transports Marva Avec plus de 3 500 employ\u00e9s et un r\u00e9seau de 15 entreprises sous-traitantes, Transports Marva op\u00e8re dans un secteur o\u00f9 la tra\u00e7abilit\u00e9 documentaire est essentielle pour respecter la r\u00e9glementation [&hellip;]\" \/>\n<meta property=\"og:url\" content=\"https:\/\/twind.io\/fr\/nos-clients\/\" \/>\n<meta property=\"og:site_name\" content=\"Twind - Logiciel de gestion des fournisseurs et pr\u00e9stataires\" \/>\n<meta property=\"article:modified_time\" content=\"2026-04-01T10:34:04+00:00\" \/>\n<meta property=\"og:image\" content=\"https:\/\/twind.io\/mx\/wp-content\/uploads\/2025\/05\/TRANSPORTES-MARVA-S.A.-de-C.V.LOGOTIPO_MARVACOMMX-ALTA-copia.png\" \/>\n<meta name=\"twitter:card\" content=\"summary_large_image\" \/>\n<meta name=\"twitter:label1\" content=\"Dur\u00e9e de lecture estim\u00e9e\" \/>\n\t<meta name=\"twitter:data1\" content=\"1 minute\" \/>\n<script type=\"application\/ld+json\" class=\"yoast-schema-graph\">{\"@context\":\"https:\\\/\\\/schema.org\",\"@graph\":[{\"@type\":\"WebPage\",\"@id\":\"https:\\\/\\\/twind.io\\\/fr\\\/nos-clients\\\/\",\"url\":\"https:\\\/\\\/twind.io\\\/fr\\\/nos-clients\\\/\",\"name\":\"Nos clients - Twind - Logiciel de gestion des fournisseurs et pr\u00e9stataires\",\"isPartOf\":{\"@id\":\"https:\\\/\\\/twind.io\\\/fr\\\/#website\"},\"primaryImageOfPage\":{\"@id\":\"https:\\\/\\\/twind.io\\\/fr\\\/nos-clients\\\/#primaryimage\"},\"image\":{\"@id\":\"https:\\\/\\\/twind.io\\\/fr\\\/nos-clients\\\/#primaryimage\"},\"thumbnailUrl\":\"https:\\\/\\\/twind.io\\\/mx\\\/wp-content\\\/uploads\\\/2025\\\/05\\\/TRANSPORTES-MARVA-S.A.-de-C.V.LOGOTIPO_MARVACOMMX-ALTA-copia.png\",\"datePublished\":\"2026-03-31T09:13:49+00:00\",\"dateModified\":\"2026-04-01T10:34:04+00:00\",\"breadcrumb\":{\"@id\":\"https:\\\/\\\/twind.io\\\/fr\\\/nos-clients\\\/#breadcrumb\"},\"inLanguage\":\"fr-FR\",\"potentialAction\":[{\"@type\":\"ReadAction\",\"target\":[\"https:\\\/\\\/twind.io\\\/fr\\\/nos-clients\\\/\"]}]},{\"@type\":\"ImageObject\",\"inLanguage\":\"fr-FR\",\"@id\":\"https:\\\/\\\/twind.io\\\/fr\\\/nos-clients\\\/#primaryimage\",\"url\":\"https:\\\/\\\/twind.io\\\/mx\\\/wp-content\\\/uploads\\\/2025\\\/05\\\/TRANSPORTES-MARVA-S.A.-de-C.V.LOGOTIPO_MARVACOMMX-ALTA-copia.png\",\"contentUrl\":\"https:\\\/\\\/twind.io\\\/mx\\\/wp-content\\\/uploads\\\/2025\\\/05\\\/TRANSPORTES-MARVA-S.A.-de-C.V.LOGOTIPO_MARVACOMMX-ALTA-copia.png\"},{\"@type\":\"BreadcrumbList\",\"@id\":\"https:\\\/\\\/twind.io\\\/fr\\\/nos-clients\\\/#breadcrumb\",\"itemListElement\":[{\"@type\":\"ListItem\",\"position\":1,\"name\":\"Portada\",\"item\":\"https:\\\/\\\/twind.io\\\/fr\\\/\"},{\"@type\":\"ListItem\",\"position\":2,\"name\":\"Nos clients\"}]},{\"@type\":\"WebSite\",\"@id\":\"https:\\\/\\\/twind.io\\\/fr\\\/#website\",\"url\":\"https:\\\/\\\/twind.io\\\/fr\\\/\",\"name\":\"Twind - Logiciel de gestion des fournisseurs et pr\u00e9stataires\",\"description\":\"Le logiciel de gestion des sous-traitants de Twind optimise vos op\u00e9rations et am\u00e9liore l&#039;efficacit\u00e9\",\"publisher\":{\"@id\":\"https:\\\/\\\/twind.io\\\/fr\\\/#organization\"},\"potentialAction\":[{\"@type\":\"SearchAction\",\"target\":{\"@type\":\"EntryPoint\",\"urlTemplate\":\"https:\\\/\\\/twind.io\\\/fr\\\/?s={search_term_string}\"},\"query-input\":{\"@type\":\"PropertyValueSpecification\",\"valueRequired\":true,\"valueName\":\"search_term_string\"}}],\"inLanguage\":\"fr-FR\"},{\"@type\":\"Organization\",\"@id\":\"https:\\\/\\\/twind.io\\\/fr\\\/#organization\",\"name\":\"Twind - Logiciel de gestion des fournisseurs et pr\u00e9stataires\",\"url\":\"https:\\\/\\\/twind.io\\\/fr\\\/\",\"logo\":{\"@type\":\"ImageObject\",\"inLanguage\":\"fr-FR\",\"@id\":\"https:\\\/\\\/twind.io\\\/fr\\\/#\\\/schema\\\/logo\\\/image\\\/\",\"url\":\"https:\\\/\\\/twind.io\\\/wp-content\\\/uploads\\\/2023\\\/04\\\/Logo-Twind.svg\",\"contentUrl\":\"https:\\\/\\\/twind.io\\\/wp-content\\\/uploads\\\/2023\\\/04\\\/Logo-Twind.svg\",\"width\":1,\"height\":1,\"caption\":\"Twind - Logiciel de gestion des fournisseurs et pr\u00e9stataires\"},\"image\":{\"@id\":\"https:\\\/\\\/twind.io\\\/fr\\\/#\\\/schema\\\/logo\\\/image\\\/\"}}]}<\/script>\n<!-- \/ Yoast SEO plugin. -->","yoast_head_json":{"title":"Nos clients - Twind - Logiciel de gestion des fournisseurs et pr\u00e9stataires","robots":{"index":"noindex","follow":"nofollow"},"og_locale":"fr_FR","og_type":"article","og_title":"Nos clients - Twind - Logiciel de gestion des fournisseurs et pr\u00e9stataires","og_description":"Que pensent nos clients ? Des responsables et des techniciens comme vous partagent leur vision de Twind et de l&rsquo;exp\u00e9rience de travailler avec nous Transports Marva Avec plus de 3 500 employ\u00e9s et un r\u00e9seau de 15 entreprises sous-traitantes, Transports Marva op\u00e8re dans un secteur o\u00f9 la tra\u00e7abilit\u00e9 documentaire est essentielle pour respecter la r\u00e9glementation [&hellip;]","og_url":"https:\/\/twind.io\/fr\/nos-clients\/","og_site_name":"Twind - Logiciel de gestion des fournisseurs et pr\u00e9stataires","article_modified_time":"2026-04-01T10:34:04+00:00","og_image":[{"url":"https:\/\/twind.io\/mx\/wp-content\/uploads\/2025\/05\/TRANSPORTES-MARVA-S.A.-de-C.V.LOGOTIPO_MARVACOMMX-ALTA-copia.png","type":"","width":"","height":""}],"twitter_card":"summary_large_image","twitter_misc":{"Dur\u00e9e de lecture estim\u00e9e":"1 minute"},"schema":{"@context":"https:\/\/schema.org","@graph":[{"@type":"WebPage","@id":"https:\/\/twind.io\/fr\/nos-clients\/","url":"https:\/\/twind.io\/fr\/nos-clients\/","name":"Nos clients - Twind - Logiciel de gestion des fournisseurs et pr\u00e9stataires","isPartOf":{"@id":"https:\/\/twind.io\/fr\/#website"},"primaryImageOfPage":{"@id":"https:\/\/twind.io\/fr\/nos-clients\/#primaryimage"},"image":{"@id":"https:\/\/twind.io\/fr\/nos-clients\/#primaryimage"},"thumbnailUrl":"https:\/\/twind.io\/mx\/wp-content\/uploads\/2025\/05\/TRANSPORTES-MARVA-S.A.-de-C.V.LOGOTIPO_MARVACOMMX-ALTA-copia.png","datePublished":"2026-03-31T09:13:49+00:00","dateModified":"2026-04-01T10:34:04+00:00","breadcrumb":{"@id":"https:\/\/twind.io\/fr\/nos-clients\/#breadcrumb"},"inLanguage":"fr-FR","potentialAction":[{"@type":"ReadAction","target":["https:\/\/twind.io\/fr\/nos-clients\/"]}]},{"@type":"ImageObject","inLanguage":"fr-FR","@id":"https:\/\/twind.io\/fr\/nos-clients\/#primaryimage","url":"https:\/\/twind.io\/mx\/wp-content\/uploads\/2025\/05\/TRANSPORTES-MARVA-S.A.-de-C.V.LOGOTIPO_MARVACOMMX-ALTA-copia.png","contentUrl":"https:\/\/twind.io\/mx\/wp-content\/uploads\/2025\/05\/TRANSPORTES-MARVA-S.A.-de-C.V.LOGOTIPO_MARVACOMMX-ALTA-copia.png"},{"@type":"BreadcrumbList","@id":"https:\/\/twind.io\/fr\/nos-clients\/#breadcrumb","itemListElement":[{"@type":"ListItem","position":1,"name":"Portada","item":"https:\/\/twind.io\/fr\/"},{"@type":"ListItem","position":2,"name":"Nos clients"}]},{"@type":"WebSite","@id":"https:\/\/twind.io\/fr\/#website","url":"https:\/\/twind.io\/fr\/","name":"Twind - Logiciel de gestion des fournisseurs et pr\u00e9stataires","description":"Le logiciel de gestion des sous-traitants de Twind optimise vos op\u00e9rations et am\u00e9liore l&#039;efficacit\u00e9","publisher":{"@id":"https:\/\/twind.io\/fr\/#organization"},"potentialAction":[{"@type":"SearchAction","target":{"@type":"EntryPoint","urlTemplate":"https:\/\/twind.io\/fr\/?s={search_term_string}"},"query-input":{"@type":"PropertyValueSpecification","valueRequired":true,"valueName":"search_term_string"}}],"inLanguage":"fr-FR"},{"@type":"Organization","@id":"https:\/\/twind.io\/fr\/#organization","name":"Twind - Logiciel de gestion des fournisseurs et pr\u00e9stataires","url":"https:\/\/twind.io\/fr\/","logo":{"@type":"ImageObject","inLanguage":"fr-FR","@id":"https:\/\/twind.io\/fr\/#\/schema\/logo\/image\/","url":"https:\/\/twind.io\/wp-content\/uploads\/2023\/04\/Logo-Twind.svg","contentUrl":"https:\/\/twind.io\/wp-content\/uploads\/2023\/04\/Logo-Twind.svg","width":1,"height":1,"caption":"Twind - Logiciel de gestion des fournisseurs et pr\u00e9stataires"},"image":{"@id":"https:\/\/twind.io\/fr\/#\/schema\/logo\/image\/"}}]}},"_links":{"self":[{"href":"https:\/\/twind.io\/fr\/wp-json\/wp\/v2\/pages\/1166","targetHints":{"allow":["GET"]}}],"collection":[{"href":"https:\/\/twind.io\/fr\/wp-json\/wp\/v2\/pages"}],"about":[{"href":"https:\/\/twind.io\/fr\/wp-json\/wp\/v2\/types\/page"}],"author":[{"embeddable":true,"href":"https:\/\/twind.io\/fr\/wp-json\/wp\/v2\/users\/1"}],"replies":[{"embeddable":true,"href":"https:\/\/twind.io\/fr\/wp-json\/wp\/v2\/comments?post=1166"}],"version-history":[{"count":20,"href":"https:\/\/twind.io\/fr\/wp-json\/wp\/v2\/pages\/1166\/revisions"}],"predecessor-version":[{"id":1265,"href":"https:\/\/twind.io\/fr\/wp-json\/wp\/v2\/pages\/1166\/revisions\/1265"}],"wp:attachment":[{"href":"https:\/\/twind.io\/fr\/wp-json\/wp\/v2\/media?parent=1166"}],"curies":[{"name":"wp","href":"https:\/\/api.w.org\/{rel}","templated":true}]}}