{"id":1224,"date":"2026-04-01T09:09:14","date_gmt":"2026-04-01T09:09:14","guid":{"rendered":"https:\/\/twind.io\/fr\/?page_id=1224"},"modified":"2026-04-01T09:44:19","modified_gmt":"2026-04-01T09:44:19","slug":"checklist-iso-45001","status":"publish","type":"page","link":"https:\/\/twind.io\/fr\/checklist-iso-45001\/","title":{"rendered":"Checklist ISO 45001"},"content":{"rendered":"<p><a rel=\"nofollow\" target=\"_blank\" href=\"#\" data-id-d=\"0\" data-img-style=\"\"><img loading=\"lazy\" decoding=\"async\" src=\"https:\/\/twind.io\/fr\/wp-content\/uploads\/2023\/04\/logo.png\" height=\"75\" width=\"220\" alt=\"twind\" style=\"\"><\/img><\/a><\/p>\n<h1 style=\"text-align: center;\">Checklist Gratuite<\/h1>\n<h1 style=\"text-align: center; color: var(--tcb-color-3) !important; --tcb-applied-color: var$(--tcb-color-3) !important;\"><span style=\"--tcb-applied-color: var$(--tcb-color-3) !important;\"><span style=\"color: var(--tcb-color-3) !important;\">Audit de Certification selon la<\/span><span style=\"font-weight: normal; color: var(--tcb-color-3) !important;\">&nbsp;<\/span>Norme ISO 45001<\/span><\/h1>\n<h1 style=\"text-align: center;\"><span style=\"font-weight: normal;\">Identifie facilement les points critiques de ton syst\u00e8me de management de la sant\u00e9 et de la s\u00e9curit\u00e9 au travail<\/span><\/h1>\n<p><span style=\"\"><img decoding=\"async\" alt=\"Identifie facilement les points critiques de ton syst\u00e8me de management de la sant\u00e9 et de la s\u00e9curit\u00e9 au travail\" data-id=\"1250\" width=\"549\" data-init-width=\"776\" height=\"679\" data-init-height=\"960\" title=\"Audit de Certification selon la Norme ISO 45001\" src=\"https:\/\/twind.io\/fr\/wp-content\/uploads\/2026\/04\/tw_fr_checklistiso45001_mockup2_1x.png\" data-width=\"549\" data-height=\"679\" style=\"aspect-ratio: auto 776 \/ 960;\" mt-d=\"0\" ml-d=\"0\" center-v-d=\"false\" loading=\"lazy\"><\/span><\/p>\n<p><strong><span style=\"font-size: 19px !important;\">D\u00e9couvre si tu respectes les exigences cl\u00e9s de la norme<\/span><\/strong><\/p>\n<p><strong><\/strong><\/p>\n<p style=\"\">Mettre en place un syst\u00e8me de management de la sant\u00e9 et de la s\u00e9curit\u00e9 au travail selon la norme ISO 45001, c&rsquo;est bien plus qu&rsquo;une obligation : c&rsquo;est un choix strat\u00e9gique en faveur d&rsquo;un environnement de travail plus s\u00fbr, plus sain et plus efficace.<\/p>\n<p><strong>Es-tu s\u00fbr de respecter toutes les exigences ?<\/strong> Gr\u00e2ce \u00e0 cette checklist gratuite, tu pourras r\u00e9aliser un audit complet, pratique et rapide de ton syst\u00e8me de management.<\/p>\n<p>T\u00e9l\u00e9charge-la et<strong> v\u00e9rifie si tu es align\u00e9<\/strong> avec les points les plus importants de la norme.<\/p>\n\n\t\t\t\t\t\t<script>\n\t\t\t\t\t\t\twindow.hsFormsOnReady = window.hsFormsOnReady || [];\n\t\t\t\t\t\t\twindow.hsFormsOnReady.push(()=>{\n\t\t\t\t\t\t\t\thbspt.forms.create({\n\t\t\t\t\t\t\t\t\tportalId: 146424663,\n\t\t\t\t\t\t\t\t\tformId: \"cc2b01a3-e761-4286-ad3f-53b2474963aa\",\n\t\t\t\t\t\t\t\t\ttarget: \"#hbspt-form-1775275833000-7019388669\",\n\t\t\t\t\t\t\t\t\tregion: \"eu1\",\n\t\t\t\t\t\t\t\t\t\n\t\t\t\t\t\t\t})});\n\t\t\t\t\t\t<\/script>\n\t\t\t\t\t\t<div class=\"hbspt-form\" id=\"hbspt-form-1775275833000-7019388669\"><\/div>\n<p style=\"\"><strong><\/strong><strong>Audite facilement tous les domaines cl\u00e9s de la norme<\/strong><\/p>\n<p><span style=\"--tcb-applied-color: var$(--tcb-color-3) !important; color: var(--tcb-color-3) !important;\">La checklist couvre tous les chapitres importants de l&rsquo;ISO 45001, du contexte de l&rsquo;organisation \u00e0 l&rsquo;am\u00e9lioration continue. Parmi eux :<\/span><\/p>\n<ul>\n<li><span style=\"color: var(--tcb-color-3) !important;\"><span style=\"--tcb-applied-color: var$(--tcb-color-3) !important;\">Participation des travailleurs et leadership en mati\u00e8re de pr\u00e9vention<\/span><\/span><\/li>\n<li style=\"\"><span style=\"color: var(--tcb-color-3) !important;\"><span style=\"--tcb-applied-color: var$(--tcb-color-3) !important;\">Identification des dangers et \u00e9valuation des risques<\/span><\/span><\/li>\n<li><span style=\"color: var(--tcb-color-3) !important;\"><span style=\"--tcb-applied-color: var$(--tcb-color-3) !important;\">Objectifs et planification des actions pr\u00e9ventives<\/span><\/span><\/li>\n<li><span style=\"color: var(--tcb-color-3) !important;\"><span style=\"--tcb-applied-color: var$(--tcb-color-3) !important;\">Ma\u00eetrise op\u00e9rationnelle et gestion du changement<\/span><\/span><\/li>\n<li><span style=\"color: var(--tcb-color-3) !important;\"><span style=\"--tcb-applied-color: var$(--tcb-color-3) !important;\">Pr\u00e9paration et r\u00e9ponse aux situations d&rsquo;urgence<\/span><\/span><\/li>\n<li><span style=\"color: var(--tcb-color-3) !important;\"><span style=\"--tcb-applied-color: var$(--tcb-color-3) !important;\">\u00c9valuation des performances et audits internes<\/span><\/span><\/li>\n<li><span style=\"color: var(--tcb-color-3) !important;\"><span style=\"--tcb-applied-color: var$(--tcb-color-3) !important;\">Coordination des activit\u00e9s d&rsquo;entreprise avec les sous-traitants<\/span><\/span><\/li>\n<\/ul>\n<p><strong><span style=\"--tcb-applied-color: var$(--tcb-color-3) !important; color: var(--tcb-color-3) !important;\">Tout ce que tu dois v\u00e9rifier, dans un seul document.<\/span><\/strong><\/p>\n<p><span><img decoding=\"async\" alt=\"La checklist couvre tous les chapitres importants de l'ISO 45001, du contexte de l'organisation \u00e0 l'am\u00e9lioration continue. Parmi eux\" data-id=\"1251\" width=\"768\" data-init-width=\"716\" height=\"579\" data-init-height=\"540\" title=\"Audite facilement tous les domaines cl\u00e9s de la norme\" src=\"https:\/\/twind.io\/fr\/wp-content\/uploads\/2026\/04\/tw_fr_checklistiso45001_mockup1_1x.png\" data-width=\"768\" data-height=\"579\" style=\"aspect-ratio: auto 716 \/ 540;\" loading=\"lazy\"><\/span><\/p>\n<h3 data-block-id=\"block-f2d77e39-d974-43f8-bf1d-585d078661de\" style=\"text-align: center;\"><strong><span style=\"--tcb-applied-color: var$(--tcb-color-4) !important; color: var(--tcb-color-4) !important;\">Pourquoi devrais-tu t\u00e9l\u00e9charger cet e-book ?<\/span><\/strong><\/h3>\n<p><span data-contrast=\"auto\" lang=\"ES-ES\" style=\"--tcb-applied-color: rgb(26, 48, 55) !important; color: rgb(26, 48, 55) !important; font-size: 14px !important;\"><img decoding=\"async\" role=\"img\" alt=\"\u2714\ufe0f\" src=\"https:\/\/s.w.org\/images\/core\/emoji\/15.1.0\/svg\/2714.svg\">&nbsp;\u00c9vite les accidents et les non-conformit\u00e9s<\/span><\/p>\n<p 1\"=\"\" data-aria-posinset=\"6\" data-font=\"Symbol\" data-leveltext=\"\uf0b7\" data-list-defn-props=\"{&quot;335552541&quot;:1,&quot;335559685&quot;:720,&quot;335559991&quot;:360,&quot;469769226&quot;:&quot;Symbol&quot;,&quot;469769242&quot;:[8226],&quot;469777803&quot;:&quot;left&quot;,&quot;469777804&quot;:&quot;\uf0b7&quot;,&quot;469777815&quot;:&quot;hybridMultilevel&quot;}\" data-listid=\"1\" \"=\"\"><span style=\"font-size: 14px !important;\"><span style=\"color: rgb(26, 48, 55) !important;\"><span style=\"--tcb-applied-color: rgb(26, 48, 55) !important;\"><span data-contrast=\"auto\" lang=\"ES-ES\"><img decoding=\"async\" role=\"img\" alt=\"\u2714\ufe0f\" src=\"https:\/\/s.w.org\/images\/core\/emoji\/15.1.0\/svg\/2714.svg\">&nbsp;Mets en \u00e9vidence les opportunit\u00e9s d&rsquo;am\u00e9lioration<\/span><\/span><\/span><\/span><\/p>\n<p 1\"=\"\" data-aria-posinset=\"7\" data-font=\"Symbol\" data-leveltext=\"\uf0b7\" data-list-defn-props=\"{&quot;335552541&quot;:1,&quot;335559685&quot;:720,&quot;335559991&quot;:360,&quot;469769226&quot;:&quot;Symbol&quot;,&quot;469769242&quot;:[8226],&quot;469777803&quot;:&quot;left&quot;,&quot;469777804&quot;:&quot;\uf0b7&quot;,&quot;469777815&quot;:&quot;hybridMultilevel&quot;}\" data-listid=\"1\" \"=\"\"><span style=\"font-size: 14px !important;\"><span style=\"color: rgb(26, 48, 55) !important;\"><span style=\"--tcb-applied-color: rgb(26, 48, 55) !important;\"><span data-contrast=\"auto\" lang=\"ES-ES\"><img decoding=\"async\" role=\"img\" alt=\"\u2714\ufe0f\" src=\"https:\/\/s.w.org\/images\/core\/emoji\/15.1.0\/svg\/2714.svg\">&nbsp;\u00c9vite d&rsquo;oublier d&rsquo;aborder un sujet, de poser une question ou de v\u00e9rifier un processus<\/span><span data-ccp-props=\"{}\">&nbsp;<\/span><\/span><\/span><\/span><\/p>\n<p 1\"=\"\" data-aria-posinset=\"8\" data-font=\"Symbol\" data-leveltext=\"\uf0b7\" data-list-defn-props=\"{&quot;335552541&quot;:1,&quot;335559685&quot;:720,&quot;335559991&quot;:360,&quot;469769226&quot;:&quot;Symbol&quot;,&quot;469769242&quot;:[8226],&quot;469777803&quot;:&quot;left&quot;,&quot;469777804&quot;:&quot;\uf0b7&quot;,&quot;469777815&quot;:&quot;hybridMultilevel&quot;}\" data-listid=\"1\" \"=\"\"><span style=\"font-size: 14px !important;\"><span style=\"color: rgb(26, 48, 55) !important;\"><span style=\"--tcb-applied-color: rgb(26, 48, 55) !important;\"><span data-contrast=\"auto\" lang=\"ES-ES\"><img decoding=\"async\" role=\"img\" alt=\"\u2714\ufe0f\" src=\"https:\/\/s.w.org\/images\/core\/emoji\/15.1.0\/svg\/2714.svg\">&nbsp;Am\u00e9liore ta communication en mati\u00e8re de pr\u00e9vention<\/span><\/span><\/span><\/span><\/p>\n<p 1\"=\"\" data-aria-posinset=\"9\" data-font=\"Symbol\" data-leveltext=\"\uf0b7\" data-list-defn-props=\"{&quot;335552541&quot;:1,&quot;335559685&quot;:720,&quot;335559991&quot;:360,&quot;469769226&quot;:&quot;Symbol&quot;,&quot;469769242&quot;:[8226],&quot;469777803&quot;:&quot;left&quot;,&quot;469777804&quot;:&quot;\uf0b7&quot;,&quot;469777815&quot;:&quot;hybridMultilevel&quot;}\" data-listid=\"1\" \"=\"\"><span style=\"font-size: 14px !important;\"><span style=\"color: rgb(26, 48, 55) !important;\"><span style=\"--tcb-applied-color: rgb(26, 48, 55) !important;\"><span data-contrast=\"auto\" lang=\"ES-ES\"><img decoding=\"async\" role=\"img\" alt=\"\u2714\ufe0f\" src=\"https:\/\/s.w.org\/images\/core\/emoji\/15.1.0\/svg\/2714.svg\">&nbsp;Compile et enregistre les preuves ad\u00e9quates<\/span><span data-ccp-props=\"{}\">&nbsp;<\/span><\/span><\/span><\/span><\/p>\n<p 1\"=\"\" data-aria-posinset=\"10\" data-font=\"Symbol\" data-leveltext=\"\uf0b7\" data-list-defn-props=\"{&quot;335552541&quot;:1,&quot;335559685&quot;:720,&quot;335559991&quot;:360,&quot;469769226&quot;:&quot;Symbol&quot;,&quot;469769242&quot;:[8226],&quot;469777803&quot;:&quot;left&quot;,&quot;469777804&quot;:&quot;\uf0b7&quot;,&quot;469777815&quot;:&quot;hybridMultilevel&quot;}\" data-listid=\"1\" \"=\"\"><span style=\"font-size: 14px !important;\"><span style=\"color: rgb(26, 48, 55) !important;\"><span style=\"--tcb-applied-color: rgb(26, 48, 55) !important;\"><span data-contrast=\"auto\" lang=\"ES-ES\"><img decoding=\"async\" role=\"img\" alt=\"\u2714\ufe0f\" src=\"https:\/\/s.w.org\/images\/core\/emoji\/15.1.0\/svg\/2714.svg\">&nbsp;Cr\u00e9e une culture de pr\u00e9vention et am\u00e9liore l&rsquo;image de ton entreprise<\/span><\/span><\/span><\/span><\/p>\n<p 1\"=\"\" data-aria-posinset=\"11\" data-font=\"Symbol\" data-leveltext=\"\uf0b7\" data-list-defn-props=\"{&quot;335552541&quot;:1,&quot;335559685&quot;:720,&quot;335559991&quot;:360,&quot;469769226&quot;:&quot;Symbol&quot;,&quot;469769242&quot;:[8226],&quot;469777803&quot;:&quot;left&quot;,&quot;469777804&quot;:&quot;\uf0b7&quot;,&quot;469777815&quot;:&quot;hybridMultilevel&quot;}\" data-listid=\"1\" \"=\"\"><span style=\"font-size: 14px !important;\"><span style=\"color: rgb(26, 48, 55) !important;\"><span style=\"--tcb-applied-color: rgb(26, 48, 55) !important;\"><span data-contrast=\"auto\" lang=\"ES-ES\"><img decoding=\"async\" role=\"img\" alt=\"\u2714\ufe0f\" src=\"https:\/\/s.w.org\/images\/core\/emoji\/15.1.0\/svg\/2714.svg\">&nbsp;Travaille les points faibles et renforce les points forts<\/span><\/span><\/span><\/span><\/p>\n<p 1\"=\"\" data-aria-posinset=\"12\" data-font=\"Symbol\" data-leveltext=\"\uf0b7\" data-list-defn-props=\"{&quot;335552541&quot;:1,&quot;335559685&quot;:720,&quot;335559991&quot;:360,&quot;469769226&quot;:&quot;Symbol&quot;,&quot;469769242&quot;:[8226],&quot;469777803&quot;:&quot;left&quot;,&quot;469777804&quot;:&quot;\uf0b7&quot;,&quot;469777815&quot;:&quot;hybridMultilevel&quot;}\" data-listid=\"1\" \"=\"\"><span style=\"font-size: 14px !important;\"><span style=\"color: rgb(26, 48, 55) !important;\"><span style=\"--tcb-applied-color: rgb(26, 48, 55) !important;\"><span data-contrast=\"auto\" lang=\"ES-ES\"><img decoding=\"async\" role=\"img\" alt=\"\u2714\ufe0f\" src=\"https:\/\/s.w.org\/images\/core\/emoji\/15.1.0\/svg\/2714.svg\">&nbsp;Consacre beaucoup moins de temps au syst\u00e8me de management<\/span><\/span><\/span><\/span><\/p>\n<p 1\"=\"\" data-aria-posinset=\"14\" data-font=\"Symbol\" data-leveltext=\"\uf0b7\" data-list-defn-props=\"{&quot;335552541&quot;:1,&quot;335559685&quot;:720,&quot;335559991&quot;:360,&quot;469769226&quot;:&quot;Symbol&quot;,&quot;469769242&quot;:[8226],&quot;469777803&quot;:&quot;left&quot;,&quot;469777804&quot;:&quot;\uf0b7&quot;,&quot;469777815&quot;:&quot;hybridMultilevel&quot;}\" data-listid=\"1\" \"=\"\"><span style=\"font-size: 14px !important;\"><span style=\"color: rgb(26, 48, 55) !important;\"><span style=\"--tcb-applied-color: rgb(26, 48, 55) !important;\"><span data-contrast=\"auto\" lang=\"ES-ES\"><img decoding=\"async\" role=\"img\" alt=\"\u2714\ufe0f\" src=\"https:\/\/s.w.org\/images\/core\/emoji\/15.1.0\/svg\/2714.svg\">&nbsp;R\u00e9ussis avec succ\u00e8s l&rsquo;audit de certification<\/span><span data-ccp-props=\"{}\">&nbsp;<\/span><\/span><\/span><\/span><\/p>\n<p><span style=\"font-size: 15px !important;\"><span style=\"color: rgb(26, 48, 55) !important;\"><span style=\"--tcb-applied-color: rgb(26, 48, 55) !important;\">Une gestion pr\u00e9ventive solide t&rsquo;apporte s\u00e9r\u00e9nit\u00e9, confiance et contr\u00f4le.<\/span><\/span><\/span><\/p>\n<p style=\"text-align: center;\"><strong><span style=\"font-size: 28px !important;\">Tu travailles avec des entreprises sous-traitantes ?<\/span><\/strong><\/p>\n<p style=\"text-align: center;\">Appliquer la norme ISO 45001 t&rsquo;aide \u00e0 prot\u00e9ger la sant\u00e9 des travailleurs. Et si ton entreprise travaille avec des sous-traitants, la norme pr\u00e9voit \u00e9galement des exigences sp\u00e9cifiques en mati\u00e8re de coordination, d&rsquo;\u00e9valuation des risques partag\u00e9s et de contr\u00f4le de la documentation<\/p>\n","protected":false},"excerpt":{"rendered":"<p>Checklist Gratuite Audit de Certification selon la&nbsp;Norme ISO 45001 Identifie facilement les points critiques de ton syst\u00e8me de management de la sant\u00e9 et de la s\u00e9curit\u00e9 au travail D\u00e9couvre si tu respectes les exigences cl\u00e9s de la norme Mettre en place un syst\u00e8me de management de la sant\u00e9 et de la s\u00e9curit\u00e9 au travail selon [&hellip;]<\/p>\n","protected":false},"author":1,"featured_media":0,"parent":0,"menu_order":0,"comment_status":"closed","ping_status":"closed","template":"","meta":{"content-type":"","footnotes":""},"class_list":["post-1224","page","type-page","status-publish","hentry","post-wrapper","thrv_wrapper"],"yoast_head":"<!-- This site is optimized with the Yoast SEO plugin v27.3 - https:\/\/yoast.com\/product\/yoast-seo-wordpress\/ -->\n<title>Checklist ISO 45001<\/title>\n<meta name=\"description\" content=\"Checklist ISO 45001\" \/>\n<meta name=\"robots\" content=\"index, follow, max-snippet:-1, max-image-preview:large, max-video-preview:-1\" \/>\n<link rel=\"canonical\" href=\"https:\/\/twind.io\/fr\/checklist-iso-45001\/\" \/>\n<meta property=\"og:locale\" content=\"fr_FR\" \/>\n<meta property=\"og:type\" content=\"article\" \/>\n<meta property=\"og:title\" content=\"Checklist ISO 45001\" \/>\n<meta property=\"og:description\" content=\"Checklist ISO 45001\" \/>\n<meta property=\"og:url\" content=\"https:\/\/twind.io\/fr\/checklist-iso-45001\/\" \/>\n<meta property=\"og:site_name\" content=\"Twind - Logiciel de gestion des fournisseurs et pr\u00e9stataires\" \/>\n<meta property=\"article:modified_time\" content=\"2026-04-01T09:44:19+00:00\" \/>\n<meta property=\"og:image\" content=\"https:\/\/twind.io\/fr\/wp-content\/uploads\/2023\/04\/logo.png\" \/>\n<meta name=\"twitter:card\" content=\"summary_large_image\" \/>\n<meta name=\"twitter:label1\" content=\"Dur\u00e9e de lecture estim\u00e9e\" \/>\n\t<meta name=\"twitter:data1\" content=\"1 minute\" \/>\n<script type=\"application\/ld+json\" class=\"yoast-schema-graph\">{\"@context\":\"https:\\\/\\\/schema.org\",\"@graph\":[{\"@type\":\"WebPage\",\"@id\":\"https:\\\/\\\/twind.io\\\/fr\\\/checklist-iso-45001\\\/\",\"url\":\"https:\\\/\\\/twind.io\\\/fr\\\/checklist-iso-45001\\\/\",\"name\":\"Checklist ISO 45001\",\"isPartOf\":{\"@id\":\"https:\\\/\\\/twind.io\\\/fr\\\/#website\"},\"primaryImageOfPage\":{\"@id\":\"https:\\\/\\\/twind.io\\\/fr\\\/checklist-iso-45001\\\/#primaryimage\"},\"image\":{\"@id\":\"https:\\\/\\\/twind.io\\\/fr\\\/checklist-iso-45001\\\/#primaryimage\"},\"thumbnailUrl\":\"https:\\\/\\\/twind.io\\\/fr\\\/wp-content\\\/uploads\\\/2023\\\/04\\\/logo.png\",\"datePublished\":\"2026-04-01T09:09:14+00:00\",\"dateModified\":\"2026-04-01T09:44:19+00:00\",\"description\":\"Checklist ISO 45001\",\"breadcrumb\":{\"@id\":\"https:\\\/\\\/twind.io\\\/fr\\\/checklist-iso-45001\\\/#breadcrumb\"},\"inLanguage\":\"fr-FR\",\"potentialAction\":[{\"@type\":\"ReadAction\",\"target\":[\"https:\\\/\\\/twind.io\\\/fr\\\/checklist-iso-45001\\\/\"]}]},{\"@type\":\"ImageObject\",\"inLanguage\":\"fr-FR\",\"@id\":\"https:\\\/\\\/twind.io\\\/fr\\\/checklist-iso-45001\\\/#primaryimage\",\"url\":\"https:\\\/\\\/twind.io\\\/fr\\\/wp-content\\\/uploads\\\/2023\\\/04\\\/logo.png\",\"contentUrl\":\"https:\\\/\\\/twind.io\\\/fr\\\/wp-content\\\/uploads\\\/2023\\\/04\\\/logo.png\",\"width\":220,\"height\":75},{\"@type\":\"BreadcrumbList\",\"@id\":\"https:\\\/\\\/twind.io\\\/fr\\\/checklist-iso-45001\\\/#breadcrumb\",\"itemListElement\":[{\"@type\":\"ListItem\",\"position\":1,\"name\":\"Portada\",\"item\":\"https:\\\/\\\/twind.io\\\/fr\\\/\"},{\"@type\":\"ListItem\",\"position\":2,\"name\":\"Checklist ISO 45001\"}]},{\"@type\":\"WebSite\",\"@id\":\"https:\\\/\\\/twind.io\\\/fr\\\/#website\",\"url\":\"https:\\\/\\\/twind.io\\\/fr\\\/\",\"name\":\"Twind - Logiciel de gestion des fournisseurs et pr\u00e9stataires\",\"description\":\"Le logiciel de gestion des sous-traitants de Twind optimise vos op\u00e9rations et am\u00e9liore l&#039;efficacit\u00e9\",\"publisher\":{\"@id\":\"https:\\\/\\\/twind.io\\\/fr\\\/#organization\"},\"potentialAction\":[{\"@type\":\"SearchAction\",\"target\":{\"@type\":\"EntryPoint\",\"urlTemplate\":\"https:\\\/\\\/twind.io\\\/fr\\\/?s={search_term_string}\"},\"query-input\":{\"@type\":\"PropertyValueSpecification\",\"valueRequired\":true,\"valueName\":\"search_term_string\"}}],\"inLanguage\":\"fr-FR\"},{\"@type\":\"Organization\",\"@id\":\"https:\\\/\\\/twind.io\\\/fr\\\/#organization\",\"name\":\"Twind - Logiciel de gestion des fournisseurs et pr\u00e9stataires\",\"url\":\"https:\\\/\\\/twind.io\\\/fr\\\/\",\"logo\":{\"@type\":\"ImageObject\",\"inLanguage\":\"fr-FR\",\"@id\":\"https:\\\/\\\/twind.io\\\/fr\\\/#\\\/schema\\\/logo\\\/image\\\/\",\"url\":\"https:\\\/\\\/twind.io\\\/wp-content\\\/uploads\\\/2023\\\/04\\\/Logo-Twind.svg\",\"contentUrl\":\"https:\\\/\\\/twind.io\\\/wp-content\\\/uploads\\\/2023\\\/04\\\/Logo-Twind.svg\",\"width\":1,\"height\":1,\"caption\":\"Twind - Logiciel de gestion des fournisseurs et pr\u00e9stataires\"},\"image\":{\"@id\":\"https:\\\/\\\/twind.io\\\/fr\\\/#\\\/schema\\\/logo\\\/image\\\/\"}}]}<\/script>\n<!-- \/ Yoast SEO plugin. -->","yoast_head_json":{"title":"Checklist ISO 45001","description":"Checklist ISO 45001","robots":{"index":"index","follow":"follow","max-snippet":"max-snippet:-1","max-image-preview":"max-image-preview:large","max-video-preview":"max-video-preview:-1"},"canonical":"https:\/\/twind.io\/fr\/checklist-iso-45001\/","og_locale":"fr_FR","og_type":"article","og_title":"Checklist ISO 45001","og_description":"Checklist ISO 45001","og_url":"https:\/\/twind.io\/fr\/checklist-iso-45001\/","og_site_name":"Twind - Logiciel de gestion des fournisseurs et pr\u00e9stataires","article_modified_time":"2026-04-01T09:44:19+00:00","og_image":[{"url":"https:\/\/twind.io\/fr\/wp-content\/uploads\/2023\/04\/logo.png","type":"","width":"","height":""}],"twitter_card":"summary_large_image","twitter_misc":{"Dur\u00e9e de lecture estim\u00e9e":"1 minute"},"schema":{"@context":"https:\/\/schema.org","@graph":[{"@type":"WebPage","@id":"https:\/\/twind.io\/fr\/checklist-iso-45001\/","url":"https:\/\/twind.io\/fr\/checklist-iso-45001\/","name":"Checklist ISO 45001","isPartOf":{"@id":"https:\/\/twind.io\/fr\/#website"},"primaryImageOfPage":{"@id":"https:\/\/twind.io\/fr\/checklist-iso-45001\/#primaryimage"},"image":{"@id":"https:\/\/twind.io\/fr\/checklist-iso-45001\/#primaryimage"},"thumbnailUrl":"https:\/\/twind.io\/fr\/wp-content\/uploads\/2023\/04\/logo.png","datePublished":"2026-04-01T09:09:14+00:00","dateModified":"2026-04-01T09:44:19+00:00","description":"Checklist ISO 45001","breadcrumb":{"@id":"https:\/\/twind.io\/fr\/checklist-iso-45001\/#breadcrumb"},"inLanguage":"fr-FR","potentialAction":[{"@type":"ReadAction","target":["https:\/\/twind.io\/fr\/checklist-iso-45001\/"]}]},{"@type":"ImageObject","inLanguage":"fr-FR","@id":"https:\/\/twind.io\/fr\/checklist-iso-45001\/#primaryimage","url":"https:\/\/twind.io\/fr\/wp-content\/uploads\/2023\/04\/logo.png","contentUrl":"https:\/\/twind.io\/fr\/wp-content\/uploads\/2023\/04\/logo.png","width":220,"height":75},{"@type":"BreadcrumbList","@id":"https:\/\/twind.io\/fr\/checklist-iso-45001\/#breadcrumb","itemListElement":[{"@type":"ListItem","position":1,"name":"Portada","item":"https:\/\/twind.io\/fr\/"},{"@type":"ListItem","position":2,"name":"Checklist ISO 45001"}]},{"@type":"WebSite","@id":"https:\/\/twind.io\/fr\/#website","url":"https:\/\/twind.io\/fr\/","name":"Twind - Logiciel de gestion des fournisseurs et pr\u00e9stataires","description":"Le logiciel de gestion des sous-traitants de Twind optimise vos op\u00e9rations et am\u00e9liore l&#039;efficacit\u00e9","publisher":{"@id":"https:\/\/twind.io\/fr\/#organization"},"potentialAction":[{"@type":"SearchAction","target":{"@type":"EntryPoint","urlTemplate":"https:\/\/twind.io\/fr\/?s={search_term_string}"},"query-input":{"@type":"PropertyValueSpecification","valueRequired":true,"valueName":"search_term_string"}}],"inLanguage":"fr-FR"},{"@type":"Organization","@id":"https:\/\/twind.io\/fr\/#organization","name":"Twind - Logiciel de gestion des fournisseurs et pr\u00e9stataires","url":"https:\/\/twind.io\/fr\/","logo":{"@type":"ImageObject","inLanguage":"fr-FR","@id":"https:\/\/twind.io\/fr\/#\/schema\/logo\/image\/","url":"https:\/\/twind.io\/wp-content\/uploads\/2023\/04\/Logo-Twind.svg","contentUrl":"https:\/\/twind.io\/wp-content\/uploads\/2023\/04\/Logo-Twind.svg","width":1,"height":1,"caption":"Twind - Logiciel de gestion des fournisseurs et pr\u00e9stataires"},"image":{"@id":"https:\/\/twind.io\/fr\/#\/schema\/logo\/image\/"}}]}},"_links":{"self":[{"href":"https:\/\/twind.io\/fr\/wp-json\/wp\/v2\/pages\/1224","targetHints":{"allow":["GET"]}}],"collection":[{"href":"https:\/\/twind.io\/fr\/wp-json\/wp\/v2\/pages"}],"about":[{"href":"https:\/\/twind.io\/fr\/wp-json\/wp\/v2\/types\/page"}],"author":[{"embeddable":true,"href":"https:\/\/twind.io\/fr\/wp-json\/wp\/v2\/users\/1"}],"replies":[{"embeddable":true,"href":"https:\/\/twind.io\/fr\/wp-json\/wp\/v2\/comments?post=1224"}],"version-history":[{"count":10,"href":"https:\/\/twind.io\/fr\/wp-json\/wp\/v2\/pages\/1224\/revisions"}],"predecessor-version":[{"id":1252,"href":"https:\/\/twind.io\/fr\/wp-json\/wp\/v2\/pages\/1224\/revisions\/1252"}],"wp:attachment":[{"href":"https:\/\/twind.io\/fr\/wp-json\/wp\/v2\/media?parent=1224"}],"curies":[{"name":"wp","href":"https:\/\/api.w.org\/{rel}","templated":true}]}}