{"id":424,"date":"2023-04-13T07:46:10","date_gmt":"2023-04-13T07:46:10","guid":{"rendered":"https:\/\/twind.io\/?page_id=424"},"modified":"2026-04-01T09:35:59","modified_gmt":"2026-04-01T09:35:59","slug":"faqs","status":"publish","type":"page","link":"https:\/\/twind.io\/fr\/faqs\/","title":{"rendered":"FAQs"},"content":{"rendered":"<h1 style=\"text-align: center;\"><strong><span><span style=\"--tcb-applied-color: var$(--tcb-color-3) !important; color: var(--tcb-color-3);\">FAQs.<\/span> Des questions?<\/span><\/strong><\/h1>\n","protected":false},"excerpt":{"rendered":"<p>FAQs. Des questions?<\/p>\n","protected":false},"author":1,"featured_media":0,"parent":0,"menu_order":0,"comment_status":"closed","ping_status":"closed","template":"","meta":{"content-type":"","footnotes":""},"class_list":["post-424","page","type-page","status-publish","hentry","post-wrapper","thrv_wrapper"],"yoast_head":"<!-- This site is optimized with the Yoast SEO plugin v27.3 - https:\/\/yoast.com\/product\/yoast-seo-wordpress\/ -->\n<title>FAQs - Obtenez des r\u00e9ponses \u00e0 vos questions - Twind<\/title>\n<meta name=\"description\" content=\"Trouvez les r\u00e9ponses aux questions fr\u00e9quemment pos\u00e9es sur le logiciel de gestion des sous-traitants de Twind. En savoir plus sur notre puissante solution.\" \/>\n<meta name=\"robots\" content=\"index, follow, max-snippet:-1, max-image-preview:large, max-video-preview:-1\" \/>\n<link rel=\"canonical\" href=\"https:\/\/twind.io\/fr\/faqs\/\" \/>\n<meta property=\"og:locale\" content=\"fr_FR\" \/>\n<meta property=\"og:type\" content=\"article\" \/>\n<meta property=\"og:title\" content=\"FAQs - Obtenez des r\u00e9ponses \u00e0 vos questions - Twind\" \/>\n<meta property=\"og:description\" content=\"Trouvez les r\u00e9ponses aux questions fr\u00e9quemment pos\u00e9es sur le logiciel de gestion des sous-traitants de Twind. En savoir plus sur notre puissante solution.\" \/>\n<meta property=\"og:url\" content=\"https:\/\/twind.io\/fr\/faqs\/\" \/>\n<meta property=\"og:site_name\" content=\"Twind - Logiciel de gestion des fournisseurs et pr\u00e9stataires\" \/>\n<meta property=\"article:modified_time\" content=\"2026-04-01T09:35:59+00:00\" \/>\n<meta name=\"twitter:card\" content=\"summary_large_image\" \/>\n<meta name=\"twitter:label1\" content=\"Dur\u00e9e de lecture estim\u00e9e\" \/>\n\t<meta name=\"twitter:data1\" content=\"1 minute\" \/>\n<script type=\"application\/ld+json\" class=\"yoast-schema-graph\">{\"@context\":\"https:\\\/\\\/schema.org\",\"@graph\":[{\"@type\":\"WebPage\",\"@id\":\"https:\\\/\\\/twind.io\\\/fr\\\/faqs\\\/\",\"url\":\"https:\\\/\\\/twind.io\\\/fr\\\/faqs\\\/\",\"name\":\"FAQs - Obtenez des r\u00e9ponses \u00e0 vos questions - Twind\",\"isPartOf\":{\"@id\":\"https:\\\/\\\/twind.io\\\/fr\\\/#website\"},\"datePublished\":\"2023-04-13T07:46:10+00:00\",\"dateModified\":\"2026-04-01T09:35:59+00:00\",\"description\":\"Trouvez les r\u00e9ponses aux questions fr\u00e9quemment pos\u00e9es sur le logiciel de gestion des sous-traitants de Twind. En savoir plus sur notre puissante solution.\",\"breadcrumb\":{\"@id\":\"https:\\\/\\\/twind.io\\\/fr\\\/faqs\\\/#breadcrumb\"},\"inLanguage\":\"fr-FR\",\"potentialAction\":[{\"@type\":\"ReadAction\",\"target\":[\"https:\\\/\\\/twind.io\\\/fr\\\/faqs\\\/\"]}]},{\"@type\":\"BreadcrumbList\",\"@id\":\"https:\\\/\\\/twind.io\\\/fr\\\/faqs\\\/#breadcrumb\",\"itemListElement\":[{\"@type\":\"ListItem\",\"position\":1,\"name\":\"Portada\",\"item\":\"https:\\\/\\\/twind.io\\\/fr\\\/\"},{\"@type\":\"ListItem\",\"position\":2,\"name\":\"FAQs\"}]},{\"@type\":\"WebSite\",\"@id\":\"https:\\\/\\\/twind.io\\\/fr\\\/#website\",\"url\":\"https:\\\/\\\/twind.io\\\/fr\\\/\",\"name\":\"Twind - Logiciel de gestion des fournisseurs et pr\u00e9stataires\",\"description\":\"Le logiciel de gestion des sous-traitants de Twind optimise vos op\u00e9rations et am\u00e9liore l&#039;efficacit\u00e9\",\"publisher\":{\"@id\":\"https:\\\/\\\/twind.io\\\/fr\\\/#organization\"},\"potentialAction\":[{\"@type\":\"SearchAction\",\"target\":{\"@type\":\"EntryPoint\",\"urlTemplate\":\"https:\\\/\\\/twind.io\\\/fr\\\/?s={search_term_string}\"},\"query-input\":{\"@type\":\"PropertyValueSpecification\",\"valueRequired\":true,\"valueName\":\"search_term_string\"}}],\"inLanguage\":\"fr-FR\"},{\"@type\":\"Organization\",\"@id\":\"https:\\\/\\\/twind.io\\\/fr\\\/#organization\",\"name\":\"Twind - Logiciel de gestion des fournisseurs et pr\u00e9stataires\",\"url\":\"https:\\\/\\\/twind.io\\\/fr\\\/\",\"logo\":{\"@type\":\"ImageObject\",\"inLanguage\":\"fr-FR\",\"@id\":\"https:\\\/\\\/twind.io\\\/fr\\\/#\\\/schema\\\/logo\\\/image\\\/\",\"url\":\"https:\\\/\\\/twind.io\\\/wp-content\\\/uploads\\\/2023\\\/04\\\/Logo-Twind.svg\",\"contentUrl\":\"https:\\\/\\\/twind.io\\\/wp-content\\\/uploads\\\/2023\\\/04\\\/Logo-Twind.svg\",\"width\":1,\"height\":1,\"caption\":\"Twind - Logiciel de gestion des fournisseurs et pr\u00e9stataires\"},\"image\":{\"@id\":\"https:\\\/\\\/twind.io\\\/fr\\\/#\\\/schema\\\/logo\\\/image\\\/\"}}]}<\/script>\n<!-- \/ Yoast SEO plugin. -->","yoast_head_json":{"title":"FAQs - Obtenez des r\u00e9ponses \u00e0 vos questions - Twind","description":"Trouvez les r\u00e9ponses aux questions fr\u00e9quemment pos\u00e9es sur le logiciel de gestion des sous-traitants de Twind. En savoir plus sur notre puissante solution.","robots":{"index":"index","follow":"follow","max-snippet":"max-snippet:-1","max-image-preview":"max-image-preview:large","max-video-preview":"max-video-preview:-1"},"canonical":"https:\/\/twind.io\/fr\/faqs\/","og_locale":"fr_FR","og_type":"article","og_title":"FAQs - Obtenez des r\u00e9ponses \u00e0 vos questions - Twind","og_description":"Trouvez les r\u00e9ponses aux questions fr\u00e9quemment pos\u00e9es sur le logiciel de gestion des sous-traitants de Twind. En savoir plus sur notre puissante solution.","og_url":"https:\/\/twind.io\/fr\/faqs\/","og_site_name":"Twind - Logiciel de gestion des fournisseurs et pr\u00e9stataires","article_modified_time":"2026-04-01T09:35:59+00:00","twitter_card":"summary_large_image","twitter_misc":{"Dur\u00e9e de lecture estim\u00e9e":"1 minute"},"schema":{"@context":"https:\/\/schema.org","@graph":[{"@type":"WebPage","@id":"https:\/\/twind.io\/fr\/faqs\/","url":"https:\/\/twind.io\/fr\/faqs\/","name":"FAQs - Obtenez des r\u00e9ponses \u00e0 vos questions - Twind","isPartOf":{"@id":"https:\/\/twind.io\/fr\/#website"},"datePublished":"2023-04-13T07:46:10+00:00","dateModified":"2026-04-01T09:35:59+00:00","description":"Trouvez les r\u00e9ponses aux questions fr\u00e9quemment pos\u00e9es sur le logiciel de gestion des sous-traitants de Twind. En savoir plus sur notre puissante solution.","breadcrumb":{"@id":"https:\/\/twind.io\/fr\/faqs\/#breadcrumb"},"inLanguage":"fr-FR","potentialAction":[{"@type":"ReadAction","target":["https:\/\/twind.io\/fr\/faqs\/"]}]},{"@type":"BreadcrumbList","@id":"https:\/\/twind.io\/fr\/faqs\/#breadcrumb","itemListElement":[{"@type":"ListItem","position":1,"name":"Portada","item":"https:\/\/twind.io\/fr\/"},{"@type":"ListItem","position":2,"name":"FAQs"}]},{"@type":"WebSite","@id":"https:\/\/twind.io\/fr\/#website","url":"https:\/\/twind.io\/fr\/","name":"Twind - Logiciel de gestion des fournisseurs et pr\u00e9stataires","description":"Le logiciel de gestion des sous-traitants de Twind optimise vos op\u00e9rations et am\u00e9liore l&#039;efficacit\u00e9","publisher":{"@id":"https:\/\/twind.io\/fr\/#organization"},"potentialAction":[{"@type":"SearchAction","target":{"@type":"EntryPoint","urlTemplate":"https:\/\/twind.io\/fr\/?s={search_term_string}"},"query-input":{"@type":"PropertyValueSpecification","valueRequired":true,"valueName":"search_term_string"}}],"inLanguage":"fr-FR"},{"@type":"Organization","@id":"https:\/\/twind.io\/fr\/#organization","name":"Twind - Logiciel de gestion des fournisseurs et pr\u00e9stataires","url":"https:\/\/twind.io\/fr\/","logo":{"@type":"ImageObject","inLanguage":"fr-FR","@id":"https:\/\/twind.io\/fr\/#\/schema\/logo\/image\/","url":"https:\/\/twind.io\/wp-content\/uploads\/2023\/04\/Logo-Twind.svg","contentUrl":"https:\/\/twind.io\/wp-content\/uploads\/2023\/04\/Logo-Twind.svg","width":1,"height":1,"caption":"Twind - Logiciel de gestion des fournisseurs et pr\u00e9stataires"},"image":{"@id":"https:\/\/twind.io\/fr\/#\/schema\/logo\/image\/"}}]}},"_links":{"self":[{"href":"https:\/\/twind.io\/fr\/wp-json\/wp\/v2\/pages\/424","targetHints":{"allow":["GET"]}}],"collection":[{"href":"https:\/\/twind.io\/fr\/wp-json\/wp\/v2\/pages"}],"about":[{"href":"https:\/\/twind.io\/fr\/wp-json\/wp\/v2\/types\/page"}],"author":[{"embeddable":true,"href":"https:\/\/twind.io\/fr\/wp-json\/wp\/v2\/users\/1"}],"replies":[{"embeddable":true,"href":"https:\/\/twind.io\/fr\/wp-json\/wp\/v2\/comments?post=424"}],"version-history":[{"count":15,"href":"https:\/\/twind.io\/fr\/wp-json\/wp\/v2\/pages\/424\/revisions"}],"predecessor-version":[{"id":1247,"href":"https:\/\/twind.io\/fr\/wp-json\/wp\/v2\/pages\/424\/revisions\/1247"}],"wp:attachment":[{"href":"https:\/\/twind.io\/fr\/wp-json\/wp\/v2\/media?parent=424"}],"curies":[{"name":"wp","href":"https:\/\/api.w.org\/{rel}","templated":true}]}}