{"id":428,"date":"2023-04-13T07:52:21","date_gmt":"2023-04-13T07:52:21","guid":{"rendered":"https:\/\/twind.io\/?page_id=428"},"modified":"2026-02-26T00:08:25","modified_gmt":"2026-02-26T00:08:25","slug":"tarification","status":"publish","type":"page","link":"https:\/\/twind.io\/fr\/tarification\/","title":{"rendered":"Tarification"},"content":{"rendered":"<h1 style=\"text-align: center;\"><strong><span style=\"--tcb-applied-color: var$(--tcb-skin-color-0)  !important; color: var(--tcb-skin-color-0);\">Tarification <\/span><span style=\"color: var(--tcb-color-3); --tcb-applied-color: var$(--tcb-skin-color-0) !important;\">Twind<\/span><\/strong><\/h1>\n<p style=\"text-align: center;\"><span dir=\"ltr\">Des Packages transparents adapt\u00e9s \u00e0 toutes entreprises.<\/span><\/p>\n<p><a href=\"#\" style=\"\"><span style=\"\"><span style=\"\">Pricing<\/span><\/span><\/a><\/p>\n<h4 style=\"text-align: left;\"><\/h4>\n<p style=\"text-align: left;\">\n<p style=\"text-align: left;\">\n<p style=\"text-align: left;\"><strong>FEATURES INCLUSES<\/strong><\/p>\n<p style=\"text-align: left;\"><strong>VARIABLES&nbsp;<\/strong><\/p>\n<p style=\"text-align: left;\"><strong>Usuarios<\/strong><\/p>\n<p style=\"text-align: left;\"><strong>Utilisateurs<\/strong><\/p>\n<p style=\"text-align: left;\"><strong>Entreprises<\/strong><\/p>\n<p style=\"text-align: left;\"><strong>Sites de travail<\/strong><\/p>\n<p style=\"text-align: left;\"><strong>APIs<\/strong><\/p>\n<p style=\"text-align: left;\"><strong>SERVICES<\/strong><\/p>\n<p style=\"text-align: left;\"><strong>Assistance aux utilisateurs<\/strong><\/p>\n<p style=\"text-align: left;\"><strong>Assistance aux fournisseurs<\/strong><\/p>\n<p style=\"\">\n<h4 style=\"text-align: center;\">LITE<\/h4>\n<p style=\"text-align: center;\">Unifiez l&rsquo;ensemble des soci\u00e9t\u00e9s de votre groupe<\/p>\n<p style=\"text-align: center;\"><strong><strong>INCLUDED VARIABLES<\/strong><\/strong><\/p>\n<p style=\"text-align: center;\"><strong>Utilisateurs<\/strong><\/p>\n<p style=\"text-align: center;\"><strong>Illimit\u00e9<\/strong><\/p>\n<p style=\"text-align: center;\"><strong><strong>Entreprises<\/strong><\/strong><\/p>\n<p style=\"\">1<\/p>\n<p style=\"text-align: center;\"><strong>Sites de travail<\/strong><\/p>\n<p style=\"\">1<\/p>\n<p style=\"text-align: center;\"><strong>APIs<\/strong><\/p>\n<p style=\"\">Non disponible<\/p>\n<p style=\"\">\n<p style=\"text-align: center;\"><strong>SERVICES<\/strong><\/p>\n<p style=\"text-align: center;\"><strong><strong>Assistance aux utilisateurs<\/strong><\/strong><\/p>\n<p><span>Support via Email et Chat de 9h \u00e0 15h<\/span><\/p>\n<p style=\"text-align: center;\"><strong><strong>Assistance aux fournisseurs<\/strong><\/strong><\/p>\n<p style=\"\">Non disponible<\/p>\n<p style=\"\">\n<p style=\"text-align: center;\"><strong>Popular<\/strong><\/p>\n<h4 style=\"text-align: center;\">PRO<\/h4>\n<p style=\"text-align: center;\">Obtenez une vue transversale \u00e0 travers plusieurs g\u00e9ographies<\/p>\n<p style=\"text-align: center;\"><strong><strong>INCLUDED VARIABLES<\/strong><\/strong><\/p>\n<p style=\"text-align: center;\"><strong>Utilisateurs<\/strong><\/p>\n<p style=\"\"><strong>Illimit\u00e9<\/strong><\/p>\n<p style=\"text-align: center;\"><strong>Entreprises<\/strong><\/p>\n<p style=\"\"><strong><span style=\"font-size: 15px;\">1<\/span><\/strong><strong><\/strong><\/p>\n<p style=\"text-align: center;\"><strong>Sites de travail<\/strong><\/p>\n<p style=\"\"><strong>1-3<\/strong><\/p>\n<p style=\"text-align: center;\"><strong>APIs<\/strong><\/p>\n<p style=\"\"><strong>Standard (support non inclus)<\/strong><\/p>\n<p style=\"\">\n<p style=\"text-align: center;\"><strong>SERVICES<\/strong><\/p>\n<p style=\"text-align: center;\"><strong><strong>Assistance aux utilisateurs<\/strong><\/strong><\/p>\n<p style=\"\"><span style=\"font-size: 15px;\">Support via Email et Chat de 9h \u00e0 19h (hors APIs)<\/span><\/p>\n<p style=\"text-align: center;\"><strong><strong>Assistance aux fournisseurs<\/strong><\/strong><\/p>\n<p style=\"\"><span style=\"font-size: 15px;\">Support aux fournisseurs via Email (SLA 24h)<\/span><\/p>\n<h4 style=\"text-align: center;\">PREMIUM<\/h4>\n<p style=\"text-align: center;\">Ajoutez tous vos sites par pays et par entit\u00e9<\/p>\n<p style=\"text-align: center;\"><strong><strong>INCLUDED VARIABLES<\/strong><\/strong><\/p>\n<p style=\"text-align: center;\"><strong>Utilisateurs<\/strong><\/p>\n<p style=\"\"><strong>Illimit\u00e9<\/strong><\/p>\n<p style=\"text-align: center;\"><strong><strong>Entreprises<\/strong><\/strong><\/p>\n<p style=\"\"><strong>Illimit\u00e9<\/strong><\/p>\n<p style=\"text-align: center;\"><strong>Sites de travail<\/strong><\/p>\n<p style=\"\"><strong>Illimit\u00e9<\/strong><\/p>\n<p style=\"text-align: center;\"><strong>APIs<\/strong><\/p>\n<p style=\"\"><strong>Personnalis\u00e9s<\/strong><\/p>\n<p style=\"\">\n<p style=\"text-align: center;\"><strong>SERVICES<\/strong><\/p>\n<p style=\"text-align: center;\"><strong><strong>Assistance aux utilisateurs<\/strong><\/strong><\/p>\n<p style=\"\"><span style=\"font-size: 15px;\">Support via Email, Chat, et T\u00e9l\u00e9phone de 9h \u00e0 19h<\/span><\/p>\n<p style=\"text-align: center;\"><strong><strong>Assistance aux fournisseurs<\/strong><\/strong><\/p>\n<p style=\"\">Support aux fournisseurs via Email, Chat, et T\u00e9l\u00e9phone (SLA 24h)<\/p>\n","protected":false},"excerpt":{"rendered":"<p>Tarification Twind Des Packages transparents adapt\u00e9s \u00e0 toutes entreprises. Pricing FEATURES INCLUSES VARIABLES&nbsp; Usuarios Utilisateurs Entreprises Sites de travail APIs SERVICES Assistance aux utilisateurs Assistance aux fournisseurs LITE Unifiez l&rsquo;ensemble des soci\u00e9t\u00e9s de votre groupe INCLUDED VARIABLES Utilisateurs Illimit\u00e9 Entreprises 1 Sites de travail 1 APIs Non disponible SERVICES Assistance aux utilisateurs Support via Email [&hellip;]<\/p>\n","protected":false},"author":1,"featured_media":0,"parent":0,"menu_order":0,"comment_status":"closed","ping_status":"closed","template":"","meta":{"content-type":"","footnotes":""},"class_list":["post-428","page","type-page","status-publish","hentry","post-wrapper","thrv_wrapper"],"yoast_head":"<!-- This site is optimized with the Yoast SEO plugin v27.3 - https:\/\/yoast.com\/product\/yoast-seo-wordpress\/ -->\n<title>Tarifs - Twind - Logiciel de gestion des sous-traitants pour les entreprises<\/title>\n<meta name=\"description\" content=\"Tarifs - Twind - Logiciel de gestion des sous-traitants pour les entreprises\" \/>\n<meta name=\"robots\" content=\"index, follow, max-snippet:-1, max-image-preview:large, max-video-preview:-1\" \/>\n<link rel=\"canonical\" href=\"https:\/\/twind.io\/fr\/tarification\/\" \/>\n<meta property=\"og:locale\" content=\"fr_FR\" \/>\n<meta property=\"og:type\" content=\"article\" \/>\n<meta property=\"og:title\" content=\"Tarifs - Twind - Logiciel de gestion des sous-traitants pour les entreprises\" \/>\n<meta property=\"og:description\" content=\"Tarifs - Twind - Logiciel de gestion des sous-traitants pour les entreprises\" \/>\n<meta property=\"og:url\" content=\"https:\/\/twind.io\/fr\/tarification\/\" \/>\n<meta property=\"og:site_name\" content=\"Twind - Logiciel de gestion des fournisseurs et pr\u00e9stataires\" \/>\n<meta property=\"article:modified_time\" content=\"2026-02-26T00:08:25+00:00\" \/>\n<meta name=\"twitter:card\" content=\"summary_large_image\" \/>\n<meta name=\"twitter:label1\" content=\"Dur\u00e9e de lecture estim\u00e9e\" \/>\n\t<meta name=\"twitter:data1\" content=\"1 minute\" \/>\n<script type=\"application\/ld+json\" class=\"yoast-schema-graph\">{\"@context\":\"https:\\\/\\\/schema.org\",\"@graph\":[{\"@type\":\"WebPage\",\"@id\":\"https:\\\/\\\/twind.io\\\/fr\\\/tarification\\\/\",\"url\":\"https:\\\/\\\/twind.io\\\/fr\\\/tarification\\\/\",\"name\":\"Tarifs - Twind - Logiciel de gestion des sous-traitants pour les entreprises\",\"isPartOf\":{\"@id\":\"https:\\\/\\\/twind.io\\\/fr\\\/#website\"},\"datePublished\":\"2023-04-13T07:52:21+00:00\",\"dateModified\":\"2026-02-26T00:08:25+00:00\",\"description\":\"Tarifs - Twind - Logiciel de gestion des sous-traitants pour les entreprises\",\"breadcrumb\":{\"@id\":\"https:\\\/\\\/twind.io\\\/fr\\\/tarification\\\/#breadcrumb\"},\"inLanguage\":\"fr-FR\",\"potentialAction\":[{\"@type\":\"ReadAction\",\"target\":[\"https:\\\/\\\/twind.io\\\/fr\\\/tarification\\\/\"]}]},{\"@type\":\"BreadcrumbList\",\"@id\":\"https:\\\/\\\/twind.io\\\/fr\\\/tarification\\\/#breadcrumb\",\"itemListElement\":[{\"@type\":\"ListItem\",\"position\":1,\"name\":\"Portada\",\"item\":\"https:\\\/\\\/twind.io\\\/fr\\\/\"},{\"@type\":\"ListItem\",\"position\":2,\"name\":\"Tarification\"}]},{\"@type\":\"WebSite\",\"@id\":\"https:\\\/\\\/twind.io\\\/fr\\\/#website\",\"url\":\"https:\\\/\\\/twind.io\\\/fr\\\/\",\"name\":\"Twind - Logiciel de gestion des fournisseurs et pr\u00e9stataires\",\"description\":\"Le logiciel de gestion des sous-traitants de Twind optimise vos op\u00e9rations et am\u00e9liore l&#039;efficacit\u00e9\",\"publisher\":{\"@id\":\"https:\\\/\\\/twind.io\\\/fr\\\/#organization\"},\"potentialAction\":[{\"@type\":\"SearchAction\",\"target\":{\"@type\":\"EntryPoint\",\"urlTemplate\":\"https:\\\/\\\/twind.io\\\/fr\\\/?s={search_term_string}\"},\"query-input\":{\"@type\":\"PropertyValueSpecification\",\"valueRequired\":true,\"valueName\":\"search_term_string\"}}],\"inLanguage\":\"fr-FR\"},{\"@type\":\"Organization\",\"@id\":\"https:\\\/\\\/twind.io\\\/fr\\\/#organization\",\"name\":\"Twind - Logiciel de gestion des fournisseurs et pr\u00e9stataires\",\"url\":\"https:\\\/\\\/twind.io\\\/fr\\\/\",\"logo\":{\"@type\":\"ImageObject\",\"inLanguage\":\"fr-FR\",\"@id\":\"https:\\\/\\\/twind.io\\\/fr\\\/#\\\/schema\\\/logo\\\/image\\\/\",\"url\":\"https:\\\/\\\/twind.io\\\/wp-content\\\/uploads\\\/2023\\\/04\\\/Logo-Twind.svg\",\"contentUrl\":\"https:\\\/\\\/twind.io\\\/wp-content\\\/uploads\\\/2023\\\/04\\\/Logo-Twind.svg\",\"width\":1,\"height\":1,\"caption\":\"Twind - Logiciel de gestion des fournisseurs et pr\u00e9stataires\"},\"image\":{\"@id\":\"https:\\\/\\\/twind.io\\\/fr\\\/#\\\/schema\\\/logo\\\/image\\\/\"}}]}<\/script>\n<!-- \/ Yoast SEO plugin. -->","yoast_head_json":{"title":"Tarifs - Twind - Logiciel de gestion des sous-traitants pour les entreprises","description":"Tarifs - Twind - Logiciel de gestion des sous-traitants pour les entreprises","robots":{"index":"index","follow":"follow","max-snippet":"max-snippet:-1","max-image-preview":"max-image-preview:large","max-video-preview":"max-video-preview:-1"},"canonical":"https:\/\/twind.io\/fr\/tarification\/","og_locale":"fr_FR","og_type":"article","og_title":"Tarifs - Twind - Logiciel de gestion des sous-traitants pour les entreprises","og_description":"Tarifs - Twind - Logiciel de gestion des sous-traitants pour les entreprises","og_url":"https:\/\/twind.io\/fr\/tarification\/","og_site_name":"Twind - Logiciel de gestion des fournisseurs et pr\u00e9stataires","article_modified_time":"2026-02-26T00:08:25+00:00","twitter_card":"summary_large_image","twitter_misc":{"Dur\u00e9e de lecture estim\u00e9e":"1 minute"},"schema":{"@context":"https:\/\/schema.org","@graph":[{"@type":"WebPage","@id":"https:\/\/twind.io\/fr\/tarification\/","url":"https:\/\/twind.io\/fr\/tarification\/","name":"Tarifs - Twind - Logiciel de gestion des sous-traitants pour les entreprises","isPartOf":{"@id":"https:\/\/twind.io\/fr\/#website"},"datePublished":"2023-04-13T07:52:21+00:00","dateModified":"2026-02-26T00:08:25+00:00","description":"Tarifs - Twind - Logiciel de gestion des sous-traitants pour les entreprises","breadcrumb":{"@id":"https:\/\/twind.io\/fr\/tarification\/#breadcrumb"},"inLanguage":"fr-FR","potentialAction":[{"@type":"ReadAction","target":["https:\/\/twind.io\/fr\/tarification\/"]}]},{"@type":"BreadcrumbList","@id":"https:\/\/twind.io\/fr\/tarification\/#breadcrumb","itemListElement":[{"@type":"ListItem","position":1,"name":"Portada","item":"https:\/\/twind.io\/fr\/"},{"@type":"ListItem","position":2,"name":"Tarification"}]},{"@type":"WebSite","@id":"https:\/\/twind.io\/fr\/#website","url":"https:\/\/twind.io\/fr\/","name":"Twind - Logiciel de gestion des fournisseurs et pr\u00e9stataires","description":"Le logiciel de gestion des sous-traitants de Twind optimise vos op\u00e9rations et am\u00e9liore l&#039;efficacit\u00e9","publisher":{"@id":"https:\/\/twind.io\/fr\/#organization"},"potentialAction":[{"@type":"SearchAction","target":{"@type":"EntryPoint","urlTemplate":"https:\/\/twind.io\/fr\/?s={search_term_string}"},"query-input":{"@type":"PropertyValueSpecification","valueRequired":true,"valueName":"search_term_string"}}],"inLanguage":"fr-FR"},{"@type":"Organization","@id":"https:\/\/twind.io\/fr\/#organization","name":"Twind - Logiciel de gestion des fournisseurs et pr\u00e9stataires","url":"https:\/\/twind.io\/fr\/","logo":{"@type":"ImageObject","inLanguage":"fr-FR","@id":"https:\/\/twind.io\/fr\/#\/schema\/logo\/image\/","url":"https:\/\/twind.io\/wp-content\/uploads\/2023\/04\/Logo-Twind.svg","contentUrl":"https:\/\/twind.io\/wp-content\/uploads\/2023\/04\/Logo-Twind.svg","width":1,"height":1,"caption":"Twind - Logiciel de gestion des fournisseurs et pr\u00e9stataires"},"image":{"@id":"https:\/\/twind.io\/fr\/#\/schema\/logo\/image\/"}}]}},"_links":{"self":[{"href":"https:\/\/twind.io\/fr\/wp-json\/wp\/v2\/pages\/428","targetHints":{"allow":["GET"]}}],"collection":[{"href":"https:\/\/twind.io\/fr\/wp-json\/wp\/v2\/pages"}],"about":[{"href":"https:\/\/twind.io\/fr\/wp-json\/wp\/v2\/types\/page"}],"author":[{"embeddable":true,"href":"https:\/\/twind.io\/fr\/wp-json\/wp\/v2\/users\/1"}],"replies":[{"embeddable":true,"href":"https:\/\/twind.io\/fr\/wp-json\/wp\/v2\/comments?post=428"}],"version-history":[{"count":20,"href":"https:\/\/twind.io\/fr\/wp-json\/wp\/v2\/pages\/428\/revisions"}],"predecessor-version":[{"id":870,"href":"https:\/\/twind.io\/fr\/wp-json\/wp\/v2\/pages\/428\/revisions\/870"}],"wp:attachment":[{"href":"https:\/\/twind.io\/fr\/wp-json\/wp\/v2\/media?parent=428"}],"curies":[{"name":"wp","href":"https:\/\/api.w.org\/{rel}","templated":true}]}}