{"id":554,"date":"2023-05-02T06:39:03","date_gmt":"2023-05-02T06:39:03","guid":{"rendered":"https:\/\/twind.io\/?page_id=554"},"modified":"2026-04-01T09:20:46","modified_gmt":"2026-04-01T09:20:46","slug":"a-propos","status":"publish","type":"page","link":"https:\/\/twind.io\/fr\/a-propos\/","title":{"rendered":"\u00c0 propos de nous"},"content":{"rendered":"<h1 style=\"text-align: center;\"><strong><span style=\"color: var(--tcb-color-3); --tcb-applied-color: var$(--tcb-skin-color-0)  !important;\">Nous vous aidons \u00e0 mettre en place un processus de gestion des sous-traitants et prestataires&nbsp;<\/span><span style=\"color: var(--tcb-color-1); --tcb-applied-color: var$(--tcb-skin-color-0) !important;\">plus efficace et plus durable.<\/span><\/strong><\/h1>\n<h2><span><span data-contrast=\"auto\" lang=\"EN-US\">Plus de 20 ans d&rsquo;exp\u00e9rience<\/span><span data-ccp-props=\"{&quot;201341983&quot;:0,&quot;335559739&quot;:160,&quot;335559740&quot;:259}\">&nbsp;<\/span><\/span><\/h2>\n<h2 style=\"\"><span data-contrast=\"none\" lang=\"ES-ES\"><span data-contrast=\"none\" lang=\"ES-ES\">Nous vous aidons \u00e0 pr\u00e9venir les risques pour votre entreprise<\/span><\/span><\/h2>\n<p><span data-contrast=\"auto\" lang=\"EN-US\">Dans un environnement o\u00f9 s\u00e9curit\u00e9, conformit\u00e9 SST et performance sont indissociables, nous aidons les entreprises \u00e0 structurer une gestion des risques professionnels plus proactive, fond\u00e9e sur la pr\u00e9vention des incidents.<\/p>\n<p>Partenaire de confiance, nous s\u00e9curisons la gestion des sous-traitants et la gestion des prestataires gr\u00e2ce \u00e0 des solutions digitales fiables, innovantes et \u00e9volutives qui facilitent la mise en \u0153uvre des plans de pr\u00e9vention, le suivi des permis de travail, la tra\u00e7abilit\u00e9 documentaire ou encore le contr\u00f4le d&rsquo;acc\u00e8s sur site des intervenants externes.<\/p>\n<p>En \u00e9quipant les \u00e9quipes QHSE,SST, les directions achats, les responsables de site, les offices managers et \u00e9quipes op\u00e9rationelles d\u2019outils de pilotage, nous simplifions le suivi des exigences r\u00e9glementaires, l\u2019optimisation des processus et la ma\u00eetrise des risques sur le terrain.<\/p>\n<p>Notre ambition : faire de la sant\u00e9 et s\u00e9curit\u00e9 au travail un levier de performance durable, au service de la productivit\u00e9, de la conformit\u00e9 et de la croissance.<\/span><\/p>\n<p><span><img decoding=\"async\" alt=\"Twind\" data-id=\"203\" title=\"Twind\" loading=\"lazy\" src=\"https:\/\/twind.io\/wp-content\/uploads\/2023\/04\/1-built-for-multi.svg\" data-link-wrap=\"true\" data-width=\"357\" style=\"aspect-ratio: auto 100 \/ 100;\" width=\"357\" data-init-width=\"100\" height=\"199\" data-init-height=\"100\" data-height=\"199\"><\/span><\/p>\n<h2 style=\"\"><span data-contrast=\"none\" lang=\"ES-ES\" style=\"\"><span data-contrast=\"none\" lang=\"ES-ES\" style=\"\"><span data-contrast=\"auto\" lang=\"EN-US\">Orient\u00e9 vers le client<\/span><\/span><\/span><\/h2>\n<p style=\"\"><span data-contrast=\"auto\" lang=\"ES-ES\" style=\"\"><span data-contrast=\"auto\" lang=\"EN-US\" style=\"\"><\/span><span data-ccp-props=\"{&quot;201341983&quot;:0,&quot;335559739&quot;:160,&quot;335559740&quot;:259}\" style=\"\">Nos clients sont nos partenaires en mati\u00e8re de s\u00e9curit\u00e9 et nous travaillons en \u00e9troite collaboration avec eux pour comprendre leurs besoins sp\u00e9cifiques et d\u00e9velopper des solutions qui les aident \u00e0 atteindre leurs objectifs de s\u00e9curit\u00e9, \u00e0 prot\u00e9ger leurs collaborateurs et \u00e0 construire des cha\u00eenes d&rsquo;approvisionnement durables.<\/span><\/span><\/p>\n<h2 style=\"\"><span data-contrast=\"none\" lang=\"ES-ES\" style=\"\"><span data-contrast=\"none\" lang=\"ES-ES\" style=\"\"><span data-contrast=\"auto\" lang=\"EN-US\">Excellence<\/span><span data-ccp-props=\"{&quot;201341983&quot;:0,&quot;335559739&quot;:160,&quot;335559740&quot;:259}\">&nbsp;<\/span><\/span><\/span><\/h2>\n<p style=\"\"><span data-ccp-props=\"{&quot;201341983&quot;:0,&quot;335559739&quot;:160,&quot;335559740&quot;:259}\"><span data-contrast=\"auto\" lang=\"ES-ES\"><span data-contrast=\"auto\" lang=\"EN-US\"><\/span><span data-ccp-props=\"{&quot;201341983&quot;:0,&quot;335559739&quot;:160,&quot;335559740&quot;:259}\">Notre engagement envers l&rsquo;excellence se traduit par une recherche constante d&rsquo;am\u00e9lioration de nos solutions et services. Nous sollicitons r\u00e9guli\u00e8rement les commentaires de nos clients et utilisons ces pr\u00e9cieuses informations pour peaufiner notre offre, en veillant \u00e0 r\u00e9pondre \u00e0 leurs besoins sp\u00e9cifiques et \u00e0 d\u00e9passer leurs attentes.<\/span><\/span><\/span><\/p>\n<h2 style=\"\"><span data-contrast=\"none\" lang=\"ES-ES\" style=\"\"><span data-contrast=\"none\" lang=\"ES-ES\" style=\"\"><span data-contrast=\"auto\" lang=\"EN-US\">Int\u00e9grit\u00e9<\/span><span data-ccp-props=\"{&quot;201341983&quot;:0,&quot;335559739&quot;:160,&quot;335559740&quot;:259}\">&nbsp;<\/span><\/span><\/span><\/h2>\n<p style=\"\"><span data-ccp-props=\"{&quot;201341983&quot;:0,&quot;335559739&quot;:160,&quot;335559740&quot;:259}\"><span data-contrast=\"auto\" lang=\"ES-ES\"><span data-ccp-props=\"{&quot;201341983&quot;:0,&quot;335559739&quot;:160,&quot;335559740&quot;:259}\"><span data-contrast=\"auto\" lang=\"EN-US\"><\/span><span data-ccp-props=\"{&quot;201341983&quot;:0,&quot;335559739&quot;:160,&quot;335559740&quot;:259}\">Nous sommes fermement convaincus que l&rsquo;int\u00e9grit\u00e9 constitue le socle de la confiance, un \u00e9l\u00e9ment essentiel pour \u00e9tablir des relations solides et durables avec nos clients.<\/span><\/span><\/span><\/span><\/p>\n<p style=\"\"><\/p>\n<p style=\"\"><\/p>\n<p style=\"\"><\/p>\n<h2 style=\"\"><span data-contrast=\"none\" lang=\"ES-ES\" style=\"\"><span data-contrast=\"none\" lang=\"ES-ES\" style=\"\"><span data-contrast=\"auto\" lang=\"EN-US\">Tavail d&rsquo;\u00e9quipe<\/span><span data-ccp-props=\"{&quot;201341983&quot;:0,&quot;335559739&quot;:160,&quot;335559740&quot;:259}\">&nbsp;<\/span><\/span><\/span><\/h2>\n<p style=\"\"><span data-ccp-props=\"{&quot;201341983&quot;:0,&quot;335559739&quot;:160,&quot;335559740&quot;:259}\"><span data-contrast=\"auto\" lang=\"ES-ES\"><span data-ccp-props=\"{&quot;201341983&quot;:0,&quot;335559739&quot;:160,&quot;335559740&quot;:259}\"><span data-ccp-props=\"{&quot;201341983&quot;:0,&quot;335559739&quot;:160,&quot;335559740&quot;:259}\">Nous sommes constamment \u00e0 la recherche de m\u00e9thodes permettant de travailler en \u00e9troite collaboration avec nos clients et partenaires, dans le but de parvenir \u00e0 des r\u00e9sultats exceptionnels qui profitent \u00e0 tous les intervenants.<\/span><\/span><\/span><\/span><\/p>\n<p style=\"\"><\/p>\n<p style=\"\"><\/p>\n<h2 style=\"\"><span><span data-contrast=\"auto\" lang=\"EN-US\">Qui sommes-nous ?<\/span><\/span><\/h2>\n<h2 style=\"\"><span data-contrast=\"none\" lang=\"ES-ES\"><span data-contrast=\"none\" lang=\"ES-ES\"><span data-contrast=\"none\" lang=\"ES-ES\"><span data-contrast=\"auto\" lang=\"EN-US\">Nous travaillons avec plus de 3000 soci\u00e9t\u00e9s clientes dans le monde entier.<\/span><\/span><\/span><\/span><\/h2>\n<p><span data-ccp-props=\"{&quot;201341983&quot;:0,&quot;335559739&quot;:160,&quot;335559740&quot;:259}\"><span data-ccp-props=\"{&quot;201341983&quot;:0,&quot;335559739&quot;:160,&quot;335559740&quot;:259}\">Depuis plus de 20 ans, CTAIMA accompagne les entreprises \u00e9voluant dans des environnements industriels complexes et fortement r\u00e9glement\u00e9s en mati\u00e8re de sant\u00e9 et s\u00e9curit\u00e9 au travail (SST) et de pr\u00e9vention des risques professionnels.<\/p>\n<p>Twind est le produit de cette expertise terrain. Con\u00e7ue par CTAIMA, la plateforme r\u00e9pond aux enjeux op\u00e9rationnels des \u00e9quipes HSE, QHSE, directions achats et responsables de site confront\u00e9es aux exigences de gestion des sous-traitant.<\/p>\n<p>S\u2019appuyant sur les meilleures pratiques et technologies actuelles, Twind permet de structurer la gestion des risques et de et de s\u00e9curiser les op\u00e9rations sur site en assurant la conformit\u00e9 r\u00e9glementaire, la centralisation de documentations, le pilotage des plans de pr\u00e9vention&#8230;<\/p>\n<p>Quelle que soit la complexit\u00e9 de votre organisation ou le niveau de r\u00e9glementation de votre secteur, Twind transforme vos obligations en un levier de performance durable, de s\u00e9curit\u00e9 op\u00e9rationnelle et d\u2019efficacit\u00e9 organisationnelle.<\/span><\/span><\/p>\n<p><span><img decoding=\"async\" alt=\"Nous travaillons avec plus de 1 000 soci\u00e9t\u00e9s clientes dans le monde entier.\" data-id=\"803\" title=\"Nous travaillons avec plus de 1 000 soci\u00e9t\u00e9s clientes dans le monde entier.\" loading=\"lazy\" src=\"https:\/\/twind.io\/wp-content\/uploads\/2023\/05\/History-1.svg\" data-link-wrap=\"true\" data-width=\"357\" width=\"357\" data-init-width=\"332\" data-height=\"275\" height=\"275\"><\/span><span><img decoding=\"async\" alt=\"ISO 9001\" data-id=\"726\" width=\"115\" data-init-width=\"1000\" height=\"1021\" data-init-height=\"1021\" title=\"ISO 9001\" loading=\"lazy\" src=\"https:\/\/twind.io\/wp-content\/uploads\/2023\/05\/ISO_9001-2015-1.webp\" data-width=\"115\" style=\"aspect-ratio: auto 1000 \/ 1021;\"><\/span><span><img decoding=\"async\" alt=\"ISO 27001\" data-id=\"736\" width=\"195\" data-init-width=\"650\" height=\"400\" data-init-height=\"400\" title=\"ISO 27001\" loading=\"lazy\" src=\"https:\/\/twind.io\/wp-content\/uploads\/2023\/05\/ISO-27001-1.webp\" data-width=\"195\" style=\"aspect-ratio: auto 650 \/ 400;\"><\/span><span><img decoding=\"async\" alt=\"ISO 45001\" data-id=\"739\" width=\"150\" data-init-width=\"646\" height=\"651\" data-init-height=\"651\" title=\"ISO 45001\" loading=\"lazy\" src=\"https:\/\/twind.io\/wp-content\/uploads\/2023\/05\/iso-45001-1.webp\" data-width=\"150\" style=\"aspect-ratio: auto 646 \/ 651;\"><\/span><span><img decoding=\"async\" alt=\"PYME innovadora\" data-id=\"793\" width=\"150\" data-init-width=\"230\" height=\"300\" data-init-height=\"300\" title=\"PYME innovadora\" loading=\"lazy\" src=\"https:\/\/twind.io\/wp-content\/uploads\/2023\/05\/pyme_innovadora_meic-SP_web-230x300-1-1.webp\" data-width=\"150\" style=\"aspect-ratio: auto 230 \/ 300;\"><\/span><span><img decoding=\"async\" alt=\"Premio Empresa Feliz\" data-id=\"731\" width=\"198\" data-init-width=\"300\" height=\"300\" data-init-height=\"300\" title=\"Premio Empresa Feliz\" loading=\"lazy\" src=\"https:\/\/twind.io\/wp-content\/uploads\/2023\/05\/premioEmpresaFeliz-1.webp\" data-width=\"198\" style=\"aspect-ratio: auto 300 \/ 300;\"><\/span><span><img decoding=\"async\" alt=\"Gold Parthner Microsoft\" data-id=\"791\" width=\"198\" data-init-width=\"300\" height=\"300\" data-init-height=\"300\" title=\"Gold Parthner Microsoft\" loading=\"lazy\" src=\"https:\/\/twind.io\/wp-content\/uploads\/2023\/05\/gold-parthner-microsoft-1.webp\" data-width=\"198\" style=\"aspect-ratio: auto 300 \/ 300;\"><\/span><\/p>\n","protected":false},"excerpt":{"rendered":"<p>Nous vous aidons \u00e0 mettre en place un processus de gestion des sous-traitants et prestataires&nbsp;plus efficace et plus durable. Plus de 20 ans d&rsquo;exp\u00e9rience&nbsp; Nous vous aidons \u00e0 pr\u00e9venir les risques pour votre entreprise Dans un environnement o\u00f9 s\u00e9curit\u00e9, conformit\u00e9 SST et performance sont indissociables, nous aidons les entreprises \u00e0 structurer une gestion des risques [&hellip;]<\/p>\n","protected":false},"author":1,"featured_media":578,"parent":0,"menu_order":0,"comment_status":"closed","ping_status":"closed","template":"","meta":{"content-type":"","footnotes":""},"class_list":["post-554","page","type-page","status-publish","has-post-thumbnail","hentry","post-wrapper","thrv_wrapper"],"yoast_head":"<!-- This site is optimized with the Yoast SEO plugin v27.3 - https:\/\/yoast.com\/product\/yoast-seo-wordpress\/ -->\n<title>\u00c0 propos de nous - En savoir plus sur notre logiciel de gestion des sous-traitants<\/title>\n<meta name=\"description\" content=\"En savoir plus sur Twind. D\u00e9couvrez l&#039;histoire, les valeurs et l&#039;engagement de notre entreprise \u00e0 fournir la meilleure solution pour votre entreprise.\" \/>\n<meta name=\"robots\" content=\"index, follow, max-snippet:-1, max-image-preview:large, max-video-preview:-1\" \/>\n<link rel=\"canonical\" href=\"https:\/\/twind.io\/fr\/a-propos\/\" \/>\n<meta property=\"og:locale\" content=\"fr_FR\" \/>\n<meta property=\"og:type\" content=\"article\" \/>\n<meta property=\"og:title\" content=\"\u00c0 propos de nous - En savoir plus sur notre logiciel de gestion des sous-traitants\" \/>\n<meta property=\"og:description\" content=\"En savoir plus sur Twind. D\u00e9couvrez l&#039;histoire, les valeurs et l&#039;engagement de notre entreprise \u00e0 fournir la meilleure solution pour votre entreprise.\" \/>\n<meta property=\"og:url\" content=\"https:\/\/twind.io\/fr\/a-propos\/\" \/>\n<meta property=\"og:site_name\" content=\"Twind - Logiciel de gestion des fournisseurs et pr\u00e9stataires\" \/>\n<meta property=\"article:modified_time\" content=\"2026-04-01T09:20:46+00:00\" \/>\n<meta name=\"twitter:card\" content=\"summary_large_image\" \/>\n<meta name=\"twitter:label1\" content=\"Dur\u00e9e de lecture estim\u00e9e\" \/>\n\t<meta name=\"twitter:data1\" content=\"5 minutes\" \/>\n<script type=\"application\/ld+json\" class=\"yoast-schema-graph\">{\"@context\":\"https:\\\/\\\/schema.org\",\"@graph\":[{\"@type\":\"WebPage\",\"@id\":\"https:\\\/\\\/twind.io\\\/fr\\\/a-propos\\\/\",\"url\":\"https:\\\/\\\/twind.io\\\/fr\\\/a-propos\\\/\",\"name\":\"\u00c0 propos de nous - En savoir plus sur notre logiciel de gestion des sous-traitants\",\"isPartOf\":{\"@id\":\"https:\\\/\\\/twind.io\\\/fr\\\/#website\"},\"primaryImageOfPage\":{\"@id\":\"https:\\\/\\\/twind.io\\\/fr\\\/a-propos\\\/#primaryimage\"},\"image\":{\"@id\":\"https:\\\/\\\/twind.io\\\/fr\\\/a-propos\\\/#primaryimage\"},\"thumbnailUrl\":\"https:\\\/\\\/twind.io\\\/fr\\\/wp-content\\\/uploads\\\/2023\\\/05\\\/History-1.svg\",\"datePublished\":\"2023-05-02T06:39:03+00:00\",\"dateModified\":\"2026-04-01T09:20:46+00:00\",\"description\":\"En savoir plus sur Twind. D\u00e9couvrez l'histoire, les valeurs et l'engagement de notre entreprise \u00e0 fournir la meilleure solution pour votre entreprise.\",\"breadcrumb\":{\"@id\":\"https:\\\/\\\/twind.io\\\/fr\\\/a-propos\\\/#breadcrumb\"},\"inLanguage\":\"fr-FR\",\"potentialAction\":[{\"@type\":\"ReadAction\",\"target\":[\"https:\\\/\\\/twind.io\\\/fr\\\/a-propos\\\/\"]}]},{\"@type\":\"ImageObject\",\"inLanguage\":\"fr-FR\",\"@id\":\"https:\\\/\\\/twind.io\\\/fr\\\/a-propos\\\/#primaryimage\",\"url\":\"https:\\\/\\\/twind.io\\\/fr\\\/wp-content\\\/uploads\\\/2023\\\/05\\\/History-1.svg\",\"contentUrl\":\"https:\\\/\\\/twind.io\\\/fr\\\/wp-content\\\/uploads\\\/2023\\\/05\\\/History-1.svg\"},{\"@type\":\"BreadcrumbList\",\"@id\":\"https:\\\/\\\/twind.io\\\/fr\\\/a-propos\\\/#breadcrumb\",\"itemListElement\":[{\"@type\":\"ListItem\",\"position\":1,\"name\":\"Portada\",\"item\":\"https:\\\/\\\/twind.io\\\/fr\\\/\"},{\"@type\":\"ListItem\",\"position\":2,\"name\":\"\u00c0 propos de nous\"}]},{\"@type\":\"WebSite\",\"@id\":\"https:\\\/\\\/twind.io\\\/fr\\\/#website\",\"url\":\"https:\\\/\\\/twind.io\\\/fr\\\/\",\"name\":\"Twind - Logiciel de gestion des fournisseurs et pr\u00e9stataires\",\"description\":\"Le logiciel de gestion des sous-traitants de Twind optimise vos op\u00e9rations et am\u00e9liore l&#039;efficacit\u00e9\",\"publisher\":{\"@id\":\"https:\\\/\\\/twind.io\\\/fr\\\/#organization\"},\"potentialAction\":[{\"@type\":\"SearchAction\",\"target\":{\"@type\":\"EntryPoint\",\"urlTemplate\":\"https:\\\/\\\/twind.io\\\/fr\\\/?s={search_term_string}\"},\"query-input\":{\"@type\":\"PropertyValueSpecification\",\"valueRequired\":true,\"valueName\":\"search_term_string\"}}],\"inLanguage\":\"fr-FR\"},{\"@type\":\"Organization\",\"@id\":\"https:\\\/\\\/twind.io\\\/fr\\\/#organization\",\"name\":\"Twind - Logiciel de gestion des fournisseurs et pr\u00e9stataires\",\"url\":\"https:\\\/\\\/twind.io\\\/fr\\\/\",\"logo\":{\"@type\":\"ImageObject\",\"inLanguage\":\"fr-FR\",\"@id\":\"https:\\\/\\\/twind.io\\\/fr\\\/#\\\/schema\\\/logo\\\/image\\\/\",\"url\":\"https:\\\/\\\/twind.io\\\/wp-content\\\/uploads\\\/2023\\\/04\\\/Logo-Twind.svg\",\"contentUrl\":\"https:\\\/\\\/twind.io\\\/wp-content\\\/uploads\\\/2023\\\/04\\\/Logo-Twind.svg\",\"width\":1,\"height\":1,\"caption\":\"Twind - Logiciel de gestion des fournisseurs et pr\u00e9stataires\"},\"image\":{\"@id\":\"https:\\\/\\\/twind.io\\\/fr\\\/#\\\/schema\\\/logo\\\/image\\\/\"}}]}<\/script>\n<!-- \/ Yoast SEO plugin. -->","yoast_head_json":{"title":"\u00c0 propos de nous - En savoir plus sur notre logiciel de gestion des sous-traitants","description":"En savoir plus sur Twind. D\u00e9couvrez l'histoire, les valeurs et l'engagement de notre entreprise \u00e0 fournir la meilleure solution pour votre entreprise.","robots":{"index":"index","follow":"follow","max-snippet":"max-snippet:-1","max-image-preview":"max-image-preview:large","max-video-preview":"max-video-preview:-1"},"canonical":"https:\/\/twind.io\/fr\/a-propos\/","og_locale":"fr_FR","og_type":"article","og_title":"\u00c0 propos de nous - En savoir plus sur notre logiciel de gestion des sous-traitants","og_description":"En savoir plus sur Twind. D\u00e9couvrez l'histoire, les valeurs et l'engagement de notre entreprise \u00e0 fournir la meilleure solution pour votre entreprise.","og_url":"https:\/\/twind.io\/fr\/a-propos\/","og_site_name":"Twind - Logiciel de gestion des fournisseurs et pr\u00e9stataires","article_modified_time":"2026-04-01T09:20:46+00:00","twitter_card":"summary_large_image","twitter_misc":{"Dur\u00e9e de lecture estim\u00e9e":"5 minutes"},"schema":{"@context":"https:\/\/schema.org","@graph":[{"@type":"WebPage","@id":"https:\/\/twind.io\/fr\/a-propos\/","url":"https:\/\/twind.io\/fr\/a-propos\/","name":"\u00c0 propos de nous - En savoir plus sur notre logiciel de gestion des sous-traitants","isPartOf":{"@id":"https:\/\/twind.io\/fr\/#website"},"primaryImageOfPage":{"@id":"https:\/\/twind.io\/fr\/a-propos\/#primaryimage"},"image":{"@id":"https:\/\/twind.io\/fr\/a-propos\/#primaryimage"},"thumbnailUrl":"https:\/\/twind.io\/fr\/wp-content\/uploads\/2023\/05\/History-1.svg","datePublished":"2023-05-02T06:39:03+00:00","dateModified":"2026-04-01T09:20:46+00:00","description":"En savoir plus sur Twind. D\u00e9couvrez l'histoire, les valeurs et l'engagement de notre entreprise \u00e0 fournir la meilleure solution pour votre entreprise.","breadcrumb":{"@id":"https:\/\/twind.io\/fr\/a-propos\/#breadcrumb"},"inLanguage":"fr-FR","potentialAction":[{"@type":"ReadAction","target":["https:\/\/twind.io\/fr\/a-propos\/"]}]},{"@type":"ImageObject","inLanguage":"fr-FR","@id":"https:\/\/twind.io\/fr\/a-propos\/#primaryimage","url":"https:\/\/twind.io\/fr\/wp-content\/uploads\/2023\/05\/History-1.svg","contentUrl":"https:\/\/twind.io\/fr\/wp-content\/uploads\/2023\/05\/History-1.svg"},{"@type":"BreadcrumbList","@id":"https:\/\/twind.io\/fr\/a-propos\/#breadcrumb","itemListElement":[{"@type":"ListItem","position":1,"name":"Portada","item":"https:\/\/twind.io\/fr\/"},{"@type":"ListItem","position":2,"name":"\u00c0 propos de nous"}]},{"@type":"WebSite","@id":"https:\/\/twind.io\/fr\/#website","url":"https:\/\/twind.io\/fr\/","name":"Twind - Logiciel de gestion des fournisseurs et pr\u00e9stataires","description":"Le logiciel de gestion des sous-traitants de Twind optimise vos op\u00e9rations et am\u00e9liore l&#039;efficacit\u00e9","publisher":{"@id":"https:\/\/twind.io\/fr\/#organization"},"potentialAction":[{"@type":"SearchAction","target":{"@type":"EntryPoint","urlTemplate":"https:\/\/twind.io\/fr\/?s={search_term_string}"},"query-input":{"@type":"PropertyValueSpecification","valueRequired":true,"valueName":"search_term_string"}}],"inLanguage":"fr-FR"},{"@type":"Organization","@id":"https:\/\/twind.io\/fr\/#organization","name":"Twind - Logiciel de gestion des fournisseurs et pr\u00e9stataires","url":"https:\/\/twind.io\/fr\/","logo":{"@type":"ImageObject","inLanguage":"fr-FR","@id":"https:\/\/twind.io\/fr\/#\/schema\/logo\/image\/","url":"https:\/\/twind.io\/wp-content\/uploads\/2023\/04\/Logo-Twind.svg","contentUrl":"https:\/\/twind.io\/wp-content\/uploads\/2023\/04\/Logo-Twind.svg","width":1,"height":1,"caption":"Twind - Logiciel de gestion des fournisseurs et pr\u00e9stataires"},"image":{"@id":"https:\/\/twind.io\/fr\/#\/schema\/logo\/image\/"}}]}},"_links":{"self":[{"href":"https:\/\/twind.io\/fr\/wp-json\/wp\/v2\/pages\/554","targetHints":{"allow":["GET"]}}],"collection":[{"href":"https:\/\/twind.io\/fr\/wp-json\/wp\/v2\/pages"}],"about":[{"href":"https:\/\/twind.io\/fr\/wp-json\/wp\/v2\/types\/page"}],"author":[{"embeddable":true,"href":"https:\/\/twind.io\/fr\/wp-json\/wp\/v2\/users\/1"}],"replies":[{"embeddable":true,"href":"https:\/\/twind.io\/fr\/wp-json\/wp\/v2\/comments?post=554"}],"version-history":[{"count":33,"href":"https:\/\/twind.io\/fr\/wp-json\/wp\/v2\/pages\/554\/revisions"}],"predecessor-version":[{"id":1236,"href":"https:\/\/twind.io\/fr\/wp-json\/wp\/v2\/pages\/554\/revisions\/1236"}],"wp:featuredmedia":[{"embeddable":true,"href":"https:\/\/twind.io\/fr\/wp-json\/wp\/v2\/media\/578"}],"wp:attachment":[{"href":"https:\/\/twind.io\/fr\/wp-json\/wp\/v2\/media?parent=554"}],"curies":[{"name":"wp","href":"https:\/\/api.w.org\/{rel}","templated":true}]}}