{"id":982,"date":"2026-03-04T07:26:54","date_gmt":"2026-03-04T07:26:54","guid":{"rendered":"https:\/\/twind.io\/fr\/?page_id=982"},"modified":"2026-03-17T15:45:46","modified_gmt":"2026-03-17T15:45:46","slug":"controle-dacces","status":"publish","type":"page","link":"https:\/\/twind.io\/fr\/controle-dacces\/","title":{"rendered":"Contr\u00f4le d&rsquo;acc\u00e8s"},"content":{"rendered":"<h1 style=\"text-align: center;\"><span data-ccp-parastyle=\"heading 3\">Contr\u00f4le d&rsquo;acc\u00e8s<\/span><\/h1>\n<h2 style=\"text-align: center;\">Autorisez l&rsquo;acc\u00e8s \u00e0 vos sites uniquement aux sous-traitants qui respectent vos pr\u00e9requis s\u00e9curit\u00e9 et obligations r\u00e9glementaires.<\/h2>\n<p>Notre module de contr\u00f4le d&rsquo;acc\u00e8s vous permet de v\u00e9rifier en temps r\u00e9el que vos sous-traitants et intervenants ext\u00e9rieurs respectent vos pr\u00e9requis s\u00e9curit\u00e9 et obligations r\u00e9glementaires avant d&rsquo;acc\u00e9der \u00e0 vos sites. Identifiez \u00e0 tout moment qui est pr\u00e9sent, &nbsp;avec quel niveau d&rsquo;habilitation et de conformit\u00e9. Une visibilit\u00e9 indispensable pour pr\u00e9venir les accidents, g\u00e9rer une \u00e9vacuation ou s\u00e9curiser vos audits.<\/p>\n<h2><span data-contrast=\"none\" lang=\"ES-ES\"><span data-ccp-parastyle=\"heading 3\">Module de controle d&rsquo;acc\u00e8s<\/span><\/span><\/h2>\n<p>Twind permet de contr\u00f4ler instantan\u00e9ment le statut des personnes physiques et morales pour autoriser ou refuser l&rsquo;acc\u00e8s au site ( travailleurs, \u00e9quipes, v\u00e9hicules ou entreprises sous-traitantes ). En cas de refus, la plateforme indique le motif de non-conformit\u00e9.<\/p>\n<ul>\n<li><span style=\"font-weight: normal;\">Consultation en temps r\u00e9el : Identifiez en un coup d\u2019\u0153il, les intervenants conformes aux exigences.<\/span><\/li>\n<li><span style=\"font-weight: normal;\">Enregistrement des entr\u00e9es et sorties : Un simple clic suffit pour enregistrer la pr\u00e9sence d&rsquo;un intervenant sur le site concern\u00e9.<\/span><\/li>\n<li><span style=\"font-weight: normal;\"><span data-contrast=\"auto\" lang=\"ES-ES\">Tra\u00e7abilit\u00e9 compl\u00e8te : Consultez l&rsquo;historique des acc\u00e8s gr\u00e2ce aux rapports disponibles : qui est entr\u00e9, quand et pour combien de temps.<\/span><span data-contrast=\"auto\" lang=\"ES-ES\"><span data-contrast=\"auto\" lang=\"ES-ES\"><\/span><\/span><\/span><\/li>\n<\/ul>\n<p><span><img decoding=\"async\" alt=\"\" data-id=\"832\" width=\"620\" data-init-width=\"1180\" height=\"598\" data-init-height=\"1138\" title=\"acce\u0300s\" src=\"https:\/\/twind.io\/fr\/wp-content\/uploads\/2026\/02\/acces.png\" data-width=\"620\" data-height=\"598\" style=\"aspect-ratio: auto 1180 \/ 1138;\" loading=\"lazy\"><\/span><span><img decoding=\"async\" alt=\"\" data-id=\"1068\" width=\"561\" data-init-width=\"1180\" height=\"541\" data-init-height=\"1138\" title=\"rapports\" src=\"https:\/\/twind.io\/fr\/wp-content\/uploads\/2026\/03\/rapports.png\" data-width=\"561\" data-height=\"541\" style=\"aspect-ratio: auto 1180 \/ 1138;\" loading=\"lazy\"><\/span><\/p>\n<h2><span data-contrast=\"none\" lang=\"ES-ES\"><span data-ccp-parastyle=\"heading 3\">Gestion des visites&nbsp;<\/span><\/span><\/h2>\n<p style=\"\"><span data-contrast=\"auto\" lang=\"ES-ES\" style=\"\">Twind facilite la gestion des visites, du pr\u00e9-enregistrement \u00e0 la sortie. Le module centralise les informations et assure une tra\u00e7abilit\u00e9 compl\u00e8te des entr\u00e9es et sorties pour un suivi clair et structur\u00e9.- Suivi en temps r\u00e9el : Visualisez \u00e0 tout moment les visiteurs pr\u00e9sents sur vos sites : identit\u00e9, entreprise, personne visit\u00e9e, heure d\u2019arriv\u00e9e.- Organisation flexible : Personnalisez votre tableau de suivi (colonnes, filtres, tri par site ou par date) pour adapter l\u2019affichage \u00e0 vos besoins.- Rapports exportables,: T\u00e9l\u00e9chargez des rapports d\u00e9taill\u00e9s au format Excel, avec filtres par p\u00e9riode et par site.<\/span><\/p>\n<h2 style=\"text-align: center;\">Avantages du module de <span style=\"--tcb-applied-color: var$(--tcb-skin-color-0) !important; color: var(--tcb-skin-color-0) !important;\">contr\u00f4le d&rsquo;acc\u00e8s<\/span><\/h2>\n<p style=\"text-align: center;\"><span style=\"--tcb-applied-color: var$(--tcb-color-3) !important; color: var(--tcb-color-3) !important;\">Notre <strong>syst\u00e8me de contr\u00f4le d&rsquo;acc\u00e8s<\/strong> vous permet de consulter les informations de vos intervenants <strong>m\u00eame sans connexion internet (mode hors ligne)<\/strong> : &nbsp;Twind synchronise les donn\u00e9es depuis nos serveurs et les stocke localement, le logiciel peut ainsi v\u00e9rifier les informations des travailleurs externes m\u00eame en l&rsquo;absence de connexion.<\/span><\/p>\n<p style=\"text-align: center;\"><span style=\"--tcb-applied-color: var$(--tcb-color-3) !important; color: var(--tcb-color-3) !important;\">Twind <strong>s&rsquo;int\u00e8gre via API \u00e0 tout syst\u00e8me de contr\u00f4le d&rsquo;acc\u00e8s physique<\/strong> (tourniquets, lecteurs de badges, dispositifs biom\u00e9triques) pour lier l&rsquo;autorisation d&rsquo;acc\u00e8s au statut documentaire des employ\u00e9s, v\u00e9hicules et \u00e9quipements.<\/span><\/p>\n<p style=\"text-align: center;\"><span data-ccp-props=\"{&quot;201341983&quot;:0,&quot;335559739&quot;:160,&quot;335559740&quot;:259}\"><span data-contrast=\"auto\" lang=\"ES-ES\">\u202f\u202f\u202f<\/span><span data-ccp-props=\"{&quot;201341983&quot;:0,&quot;335559739&quot;:160,&quot;335559740&quot;:259}\">&nbsp;<\/span><\/span><\/p>\n<p style=\"text-align: center;\"><strong><span data-contrast=\"auto\" lang=\"ES-ES\"><strong><span data-contrast=\"auto\" lang=\"ES-ES\">Automatisation<\/span><\/strong><\/span><\/strong><\/p>\n<p style=\"color: var(--tcb-color-3) !important; --tcb-applied-color: var$(--tcb-color-3) !important;\">Simplifiez l&rsquo;acc\u00e8s s\u00e9curis\u00e9 \u00e0 vos sites pour les visiteurs et sous-traitants. R\u00e9duisez le temps de gestion administrative et le risque d&rsquo;erreur humaine.<\/p>\n<p style=\"text-align: left;\">\n<p style=\"text-align: center;\"><strong><span data-contrast=\"auto\" lang=\"ES-ES\"><strong><span data-contrast=\"auto\" lang=\"ES-ES\">Mode hors ligne<\/span><\/strong><\/span><\/strong><\/p>\n<p style=\"color: var(--tcb-color-3) !important; --tcb-applied-color: var$(--tcb-color-3) !important;\">L&rsquo;application fonctionne m\u00eame sans connexion internet, y compris dans les zones \u00e0 faible couverture. Le contr\u00f4le d&rsquo;acc\u00e8s reste op\u00e9rationnel en toutes circonstances.<\/p>\n<p>\u200b<span data-contrast=\"auto\" lang=\"ES-ES\">\u202f<\/span><span data-ccp-props=\"{&quot;201341983&quot;:0,&quot;335559739&quot;:160,&quot;335559740&quot;:259}\">&nbsp;<\/span><\/p>\n<p style=\"text-align: center;\"><strong><span data-contrast=\"auto\" lang=\"ES-ES\"><strong><span data-contrast=\"auto\" lang=\"ES-ES\">Facilit\u00e9 d&rsquo;utilisation<\/span><\/strong><\/span><\/strong><\/p>\n<p style=\"\">Interface intuitive pour les visiteurs, prestataires et \u00e9quipes internes. Une prise en main rapide qui favorise l&rsquo;adoption.<\/p>\n<p style=\"text-align: center;\"><strong><span data-contrast=\"auto\" lang=\"ES-ES\"><strong><span data-contrast=\"auto\" lang=\"ES-ES\">Conformit\u00e9 r\u00e9glementaire<\/span><\/strong><\/span><\/strong><\/p>\n<p style=\"\">Automatisez vos processus et g\u00e9n\u00e9rez des rapports d\u00e9taill\u00e9s pour assurer le respect des normes en vigueur.<\/p>\n<p style=\"text-align: center;\"><strong><span data-contrast=\"auto\" lang=\"ES-ES\"><strong><span data-contrast=\"auto\" lang=\"ES-ES\">Notifications automatiques<\/span><\/strong><\/span><\/strong><\/p>\n<p style=\"\">Alertez vos sous-traitants lorsqu&rsquo;un document est manquant ou non conforme. \u00c9vitez les refus d&rsquo;acc\u00e8s et les retards op\u00e9rationnels.<\/p>\n<p style=\"text-align: center;\"><strong><span data-contrast=\"auto\" lang=\"ES-ES\"><strong><span data-contrast=\"auto\" lang=\"ES-ES\">Protection des donn\u00e9es<\/span><\/strong><\/span><\/strong><\/p>\n<p style=\"color: var(--tcb-color-3) !important; --tcb-applied-color: var$(--tcb-color-3) !important;\">Les informations sont trait\u00e9es dans le respect des normes de confidentialit\u00e9 et de s\u00e9curit\u00e9 (RGPD).<\/p>\n<p style=\"text-align: left;\"><span data-contrast=\"auto\" lang=\"ES-ES\"><\/span><\/p>\n<h2 style=\"text-align: center;\">D\u00e9couvrez le module de <span style=\"--tcb-applied-color: var$(--tcb-color-1) !important; color: var(--tcb-color-1) !important;\">contr\u00f4le d&rsquo;acc\u00e8s<\/span><\/h2>\n<p style=\"text-align: center;\"><strong>Remplissez le formulaire<\/strong> pour recevoir plus d&rsquo;informations.<\/p>\n\n\t\t\t\t\t\t<script>\n\t\t\t\t\t\t\twindow.hsFormsOnReady = window.hsFormsOnReady || [];\n\t\t\t\t\t\t\twindow.hsFormsOnReady.push(()=>{\n\t\t\t\t\t\t\t\thbspt.forms.create({\n\t\t\t\t\t\t\t\t\tportalId: 146424663,\n\t\t\t\t\t\t\t\t\tformId: \"597313a8-d2fa-4da5-9acc-e0c126d71eaa\",\n\t\t\t\t\t\t\t\t\ttarget: \"#hbspt-form-1775276286000-5355408406\",\n\t\t\t\t\t\t\t\t\tregion: \"eu1\",\n\t\t\t\t\t\t\t\t\t\n\t\t\t\t\t\t\t})});\n\t\t\t\t\t\t<\/script>\n\t\t\t\t\t\t<div class=\"hbspt-form\" id=\"hbspt-form-1775276286000-5355408406\"><\/div>\n","protected":false},"excerpt":{"rendered":"<p>Contr\u00f4le d&rsquo;acc\u00e8s Autorisez l&rsquo;acc\u00e8s \u00e0 vos sites uniquement aux sous-traitants qui respectent vos pr\u00e9requis s\u00e9curit\u00e9 et obligations r\u00e9glementaires. Notre module de contr\u00f4le d&rsquo;acc\u00e8s vous permet de v\u00e9rifier en temps r\u00e9el que vos sous-traitants et intervenants ext\u00e9rieurs respectent vos pr\u00e9requis s\u00e9curit\u00e9 et obligations r\u00e9glementaires avant d&rsquo;acc\u00e9der \u00e0 vos sites. Identifiez \u00e0 tout moment qui est pr\u00e9sent, [&hellip;]<\/p>\n","protected":false},"author":1,"featured_media":0,"parent":0,"menu_order":0,"comment_status":"closed","ping_status":"closed","template":"","meta":{"content-type":"","footnotes":""},"class_list":["post-982","page","type-page","status-publish","hentry","post-wrapper","thrv_wrapper"],"yoast_head":"<!-- This site is optimized with the Yoast SEO plugin v27.3 - https:\/\/yoast.com\/product\/yoast-seo-wordpress\/ -->\n<title>Contr\u00f4le d&#039;acc\u00e8s sous-traitants connect\u00e9 aux habilitations | Twind<\/title>\n<meta name=\"description\" content=\"Bloquez l&#039;acc\u00e8s \u00e0 vos sites aux intervenants non qualifi\u00e9s. Twind synchronise v\u00e9rification des habilitations et contr\u00f4le d&#039;acc\u00e8s physique en temps r\u00e9el \u2014 sans action manuelle\" \/>\n<meta name=\"robots\" content=\"index, follow, max-snippet:-1, max-image-preview:large, max-video-preview:-1\" \/>\n<link rel=\"canonical\" href=\"https:\/\/twind.io\/fr\/controle-dacces\/\" \/>\n<meta property=\"og:locale\" content=\"fr_FR\" \/>\n<meta property=\"og:type\" content=\"article\" \/>\n<meta property=\"og:title\" content=\"Contr\u00f4le d&#039;acc\u00e8s sous-traitants connect\u00e9 aux habilitations | Twind\" \/>\n<meta property=\"og:description\" content=\"Bloquez l&#039;acc\u00e8s \u00e0 vos sites aux intervenants non qualifi\u00e9s. Twind synchronise v\u00e9rification des habilitations et contr\u00f4le d&#039;acc\u00e8s physique en temps r\u00e9el \u2014 sans action manuelle\" \/>\n<meta property=\"og:url\" content=\"https:\/\/twind.io\/fr\/controle-dacces\/\" \/>\n<meta property=\"og:site_name\" content=\"Twind - Logiciel de gestion des fournisseurs et pr\u00e9stataires\" \/>\n<meta property=\"article:modified_time\" content=\"2026-03-17T15:45:46+00:00\" \/>\n<meta property=\"og:image\" content=\"https:\/\/twind.io\/fr\/wp-content\/uploads\/2026\/02\/acces.png\" \/>\n<meta name=\"twitter:card\" content=\"summary_large_image\" \/>\n<meta name=\"twitter:label1\" content=\"Dur\u00e9e de lecture estim\u00e9e\" \/>\n\t<meta name=\"twitter:data1\" content=\"4 minutes\" \/>\n<script type=\"application\/ld+json\" class=\"yoast-schema-graph\">{\"@context\":\"https:\\\/\\\/schema.org\",\"@graph\":[{\"@type\":\"WebPage\",\"@id\":\"https:\\\/\\\/twind.io\\\/fr\\\/controle-dacces\\\/\",\"url\":\"https:\\\/\\\/twind.io\\\/fr\\\/controle-dacces\\\/\",\"name\":\"Contr\u00f4le d'acc\u00e8s sous-traitants connect\u00e9 aux habilitations | Twind\",\"isPartOf\":{\"@id\":\"https:\\\/\\\/twind.io\\\/fr\\\/#website\"},\"primaryImageOfPage\":{\"@id\":\"https:\\\/\\\/twind.io\\\/fr\\\/controle-dacces\\\/#primaryimage\"},\"image\":{\"@id\":\"https:\\\/\\\/twind.io\\\/fr\\\/controle-dacces\\\/#primaryimage\"},\"thumbnailUrl\":\"https:\\\/\\\/twind.io\\\/fr\\\/wp-content\\\/uploads\\\/2026\\\/02\\\/acces.png\",\"datePublished\":\"2026-03-04T07:26:54+00:00\",\"dateModified\":\"2026-03-17T15:45:46+00:00\",\"description\":\"Bloquez l'acc\u00e8s \u00e0 vos sites aux intervenants non qualifi\u00e9s. Twind synchronise v\u00e9rification des habilitations et contr\u00f4le d'acc\u00e8s physique en temps r\u00e9el \u2014 sans action manuelle\",\"breadcrumb\":{\"@id\":\"https:\\\/\\\/twind.io\\\/fr\\\/controle-dacces\\\/#breadcrumb\"},\"inLanguage\":\"fr-FR\",\"potentialAction\":[{\"@type\":\"ReadAction\",\"target\":[\"https:\\\/\\\/twind.io\\\/fr\\\/controle-dacces\\\/\"]}]},{\"@type\":\"ImageObject\",\"inLanguage\":\"fr-FR\",\"@id\":\"https:\\\/\\\/twind.io\\\/fr\\\/controle-dacces\\\/#primaryimage\",\"url\":\"https:\\\/\\\/twind.io\\\/fr\\\/wp-content\\\/uploads\\\/2026\\\/02\\\/acces.png\",\"contentUrl\":\"https:\\\/\\\/twind.io\\\/fr\\\/wp-content\\\/uploads\\\/2026\\\/02\\\/acces.png\",\"width\":1180,\"height\":1138},{\"@type\":\"BreadcrumbList\",\"@id\":\"https:\\\/\\\/twind.io\\\/fr\\\/controle-dacces\\\/#breadcrumb\",\"itemListElement\":[{\"@type\":\"ListItem\",\"position\":1,\"name\":\"Portada\",\"item\":\"https:\\\/\\\/twind.io\\\/fr\\\/\"},{\"@type\":\"ListItem\",\"position\":2,\"name\":\"Contr\u00f4le d&rsquo;acc\u00e8s\"}]},{\"@type\":\"WebSite\",\"@id\":\"https:\\\/\\\/twind.io\\\/fr\\\/#website\",\"url\":\"https:\\\/\\\/twind.io\\\/fr\\\/\",\"name\":\"Twind - Logiciel de gestion des fournisseurs et pr\u00e9stataires\",\"description\":\"Le logiciel de gestion des sous-traitants de Twind optimise vos op\u00e9rations et am\u00e9liore l&#039;efficacit\u00e9\",\"publisher\":{\"@id\":\"https:\\\/\\\/twind.io\\\/fr\\\/#organization\"},\"potentialAction\":[{\"@type\":\"SearchAction\",\"target\":{\"@type\":\"EntryPoint\",\"urlTemplate\":\"https:\\\/\\\/twind.io\\\/fr\\\/?s={search_term_string}\"},\"query-input\":{\"@type\":\"PropertyValueSpecification\",\"valueRequired\":true,\"valueName\":\"search_term_string\"}}],\"inLanguage\":\"fr-FR\"},{\"@type\":\"Organization\",\"@id\":\"https:\\\/\\\/twind.io\\\/fr\\\/#organization\",\"name\":\"Twind - Logiciel de gestion des fournisseurs et pr\u00e9stataires\",\"url\":\"https:\\\/\\\/twind.io\\\/fr\\\/\",\"logo\":{\"@type\":\"ImageObject\",\"inLanguage\":\"fr-FR\",\"@id\":\"https:\\\/\\\/twind.io\\\/fr\\\/#\\\/schema\\\/logo\\\/image\\\/\",\"url\":\"https:\\\/\\\/twind.io\\\/wp-content\\\/uploads\\\/2023\\\/04\\\/Logo-Twind.svg\",\"contentUrl\":\"https:\\\/\\\/twind.io\\\/wp-content\\\/uploads\\\/2023\\\/04\\\/Logo-Twind.svg\",\"width\":1,\"height\":1,\"caption\":\"Twind - Logiciel de gestion des fournisseurs et pr\u00e9stataires\"},\"image\":{\"@id\":\"https:\\\/\\\/twind.io\\\/fr\\\/#\\\/schema\\\/logo\\\/image\\\/\"}}]}<\/script>\n<!-- \/ Yoast SEO plugin. -->","yoast_head_json":{"title":"Contr\u00f4le d'acc\u00e8s sous-traitants connect\u00e9 aux habilitations | Twind","description":"Bloquez l'acc\u00e8s \u00e0 vos sites aux intervenants non qualifi\u00e9s. Twind synchronise v\u00e9rification des habilitations et contr\u00f4le d'acc\u00e8s physique en temps r\u00e9el \u2014 sans action manuelle","robots":{"index":"index","follow":"follow","max-snippet":"max-snippet:-1","max-image-preview":"max-image-preview:large","max-video-preview":"max-video-preview:-1"},"canonical":"https:\/\/twind.io\/fr\/controle-dacces\/","og_locale":"fr_FR","og_type":"article","og_title":"Contr\u00f4le d'acc\u00e8s sous-traitants connect\u00e9 aux habilitations | Twind","og_description":"Bloquez l'acc\u00e8s \u00e0 vos sites aux intervenants non qualifi\u00e9s. Twind synchronise v\u00e9rification des habilitations et contr\u00f4le d'acc\u00e8s physique en temps r\u00e9el \u2014 sans action manuelle","og_url":"https:\/\/twind.io\/fr\/controle-dacces\/","og_site_name":"Twind - Logiciel de gestion des fournisseurs et pr\u00e9stataires","article_modified_time":"2026-03-17T15:45:46+00:00","og_image":[{"url":"https:\/\/twind.io\/fr\/wp-content\/uploads\/2026\/02\/acces.png","type":"","width":"","height":""}],"twitter_card":"summary_large_image","twitter_misc":{"Dur\u00e9e de lecture estim\u00e9e":"4 minutes"},"schema":{"@context":"https:\/\/schema.org","@graph":[{"@type":"WebPage","@id":"https:\/\/twind.io\/fr\/controle-dacces\/","url":"https:\/\/twind.io\/fr\/controle-dacces\/","name":"Contr\u00f4le d'acc\u00e8s sous-traitants connect\u00e9 aux habilitations | Twind","isPartOf":{"@id":"https:\/\/twind.io\/fr\/#website"},"primaryImageOfPage":{"@id":"https:\/\/twind.io\/fr\/controle-dacces\/#primaryimage"},"image":{"@id":"https:\/\/twind.io\/fr\/controle-dacces\/#primaryimage"},"thumbnailUrl":"https:\/\/twind.io\/fr\/wp-content\/uploads\/2026\/02\/acces.png","datePublished":"2026-03-04T07:26:54+00:00","dateModified":"2026-03-17T15:45:46+00:00","description":"Bloquez l'acc\u00e8s \u00e0 vos sites aux intervenants non qualifi\u00e9s. Twind synchronise v\u00e9rification des habilitations et contr\u00f4le d'acc\u00e8s physique en temps r\u00e9el \u2014 sans action manuelle","breadcrumb":{"@id":"https:\/\/twind.io\/fr\/controle-dacces\/#breadcrumb"},"inLanguage":"fr-FR","potentialAction":[{"@type":"ReadAction","target":["https:\/\/twind.io\/fr\/controle-dacces\/"]}]},{"@type":"ImageObject","inLanguage":"fr-FR","@id":"https:\/\/twind.io\/fr\/controle-dacces\/#primaryimage","url":"https:\/\/twind.io\/fr\/wp-content\/uploads\/2026\/02\/acces.png","contentUrl":"https:\/\/twind.io\/fr\/wp-content\/uploads\/2026\/02\/acces.png","width":1180,"height":1138},{"@type":"BreadcrumbList","@id":"https:\/\/twind.io\/fr\/controle-dacces\/#breadcrumb","itemListElement":[{"@type":"ListItem","position":1,"name":"Portada","item":"https:\/\/twind.io\/fr\/"},{"@type":"ListItem","position":2,"name":"Contr\u00f4le d&rsquo;acc\u00e8s"}]},{"@type":"WebSite","@id":"https:\/\/twind.io\/fr\/#website","url":"https:\/\/twind.io\/fr\/","name":"Twind - Logiciel de gestion des fournisseurs et pr\u00e9stataires","description":"Le logiciel de gestion des sous-traitants de Twind optimise vos op\u00e9rations et am\u00e9liore l&#039;efficacit\u00e9","publisher":{"@id":"https:\/\/twind.io\/fr\/#organization"},"potentialAction":[{"@type":"SearchAction","target":{"@type":"EntryPoint","urlTemplate":"https:\/\/twind.io\/fr\/?s={search_term_string}"},"query-input":{"@type":"PropertyValueSpecification","valueRequired":true,"valueName":"search_term_string"}}],"inLanguage":"fr-FR"},{"@type":"Organization","@id":"https:\/\/twind.io\/fr\/#organization","name":"Twind - Logiciel de gestion des fournisseurs et pr\u00e9stataires","url":"https:\/\/twind.io\/fr\/","logo":{"@type":"ImageObject","inLanguage":"fr-FR","@id":"https:\/\/twind.io\/fr\/#\/schema\/logo\/image\/","url":"https:\/\/twind.io\/wp-content\/uploads\/2023\/04\/Logo-Twind.svg","contentUrl":"https:\/\/twind.io\/wp-content\/uploads\/2023\/04\/Logo-Twind.svg","width":1,"height":1,"caption":"Twind - Logiciel de gestion des fournisseurs et pr\u00e9stataires"},"image":{"@id":"https:\/\/twind.io\/fr\/#\/schema\/logo\/image\/"}}]}},"_links":{"self":[{"href":"https:\/\/twind.io\/fr\/wp-json\/wp\/v2\/pages\/982","targetHints":{"allow":["GET"]}}],"collection":[{"href":"https:\/\/twind.io\/fr\/wp-json\/wp\/v2\/pages"}],"about":[{"href":"https:\/\/twind.io\/fr\/wp-json\/wp\/v2\/types\/page"}],"author":[{"embeddable":true,"href":"https:\/\/twind.io\/fr\/wp-json\/wp\/v2\/users\/1"}],"replies":[{"embeddable":true,"href":"https:\/\/twind.io\/fr\/wp-json\/wp\/v2\/comments?post=982"}],"version-history":[{"count":10,"href":"https:\/\/twind.io\/fr\/wp-json\/wp\/v2\/pages\/982\/revisions"}],"predecessor-version":[{"id":1069,"href":"https:\/\/twind.io\/fr\/wp-json\/wp\/v2\/pages\/982\/revisions\/1069"}],"wp:attachment":[{"href":"https:\/\/twind.io\/fr\/wp-json\/wp\/v2\/media?parent=982"}],"curies":[{"name":"wp","href":"https:\/\/api.w.org\/{rel}","templated":true}]}}