{"id":1393,"date":"2024-01-17T15:13:54","date_gmt":"2024-01-17T15:13:54","guid":{"rendered":"https:\/\/twind.io\/it\/?page_id=1393"},"modified":"2025-11-05T10:49:59","modified_gmt":"2025-11-05T10:49:59","slug":"creatore-di-preventivi-ehs","status":"publish","type":"page","link":"https:\/\/twind.io\/it\/creatore-di-preventivi-ehs\/","title":{"rendered":"Creatore di Preventivi EHS"},"content":{"rendered":"<p><a href=\"https:\/\/twind.io\" data-id-d=\"0\" data-dynamic-link=\"thrive_global_shortcode_url\" data-shortcode-id=\"5\" data-img-style=\"width: 100%;\"><img loading=\"lazy\" decoding=\"async\" src=\"https:\/\/twind.io\/it\/wp-content\/uploads\/2023\/04\/logo.png\" height=\"75\" width=\"220\" alt=\"twind\" style=\"width: 100%;\"><\/img><\/a><\/p>\n<h2 style=\"text-align: center; color: var(--tcb-color-1) !important; --tcb-applied-color: var$(--tcb-color-1) !important;\"><strong>Crea i tuoi preventivi per <span style=\"--tcb-applied-color: var$(--tcb-color-4) !important; color: var(--tcb-color-4) !important;\">Salute e Sicurezza sul Lavoro<\/span> con il nostro modello pronto all\u2019uso<\/strong><\/h2>\n<p><span><img decoding=\"async\" alt=\"\" data-id=\"1445\" width=\"417\" data-init-width=\"1815\" height=\"588\" data-init-height=\"2560\" title=\"portada planificador ITALIA\" loading=\"lazy\" src=\"https:\/\/twind.io\/it\/wp-content\/uploads\/2024\/01\/portada-planificador-ITALIA-1-scaled.jpg\" data-width=\"417\" data-height=\"588\" style=\"aspect-ratio: auto 1815 \/ 2560;\"><\/span><\/p>\n<p style=\"text-align: center;\">Compila il form<\/p>\n<p style=\"text-align: center;\">Scarica il modello e crea f\u00e1cilmente un preventivo che ti aiuti nella gestione della prevenzione<\/p>\n\n\t\t\t\t\t\t<script>\n\t\t\t\t\t\t\twindow.hsFormsOnReady = window.hsFormsOnReady || [];\n\t\t\t\t\t\t\twindow.hsFormsOnReady.push(()=>{\n\t\t\t\t\t\t\t\thbspt.forms.create({\n\t\t\t\t\t\t\t\t\tportalId: 146424663,\n\t\t\t\t\t\t\t\t\tformId: \"256fff4b-fd9d-43d7-b52f-088d75f314b1\",\n\t\t\t\t\t\t\t\t\ttarget: \"#hbspt-form-1776425750000-2265748125\",\n\t\t\t\t\t\t\t\t\tregion: \"eu1\",\n\t\t\t\t\t\t\t\t\t\n\t\t\t\t\t\t\t})});\n\t\t\t\t\t\t<\/script>\n\t\t\t\t\t\t<div class=\"hbspt-form\" id=\"hbspt-form-1776425750000-2265748125\"><\/div>\n<p style=\"\"><strong><span style=\"font-size: 16px !important;\">Semplifica il tuo lavoro e ottimizza il tuo preventivo EHS con i nostri modelli pronti all\u2019uso<\/span><\/strong><\/p>\n<p><span style=\"font-size: 16px !important;\">Avere a disposizione un solido preventivo \u00e8 un elemento fondamentale nella gestione efficace della Sicurezza e della Salute sul Lavoro. Ti permette di pianificare e controllare le risorse finanziarie necessarie per far fronte alle tue attivit\u00e0 di prevenzione in modo efficace.<\/span><\/p>\n<p><span style=\"font-size: 16px !important;\">Per questo, da CTAIMA, ti presentiamo il Creatore di Preventivi EHS, un modello gratuito disegnato per facilitarti nell\u2019elaborazione di un preventivo che supporti le tue iniziative di prevenzione e digitalizzazione.<\/span><\/p>\n<p style=\"\"><span style=\"font-size: 16px !important;\"><strong>Non preoccuparti per tutte le questioni economiche, siamo qui per semplificarle.<\/strong><\/span><\/p>\n<p><span style=\"font-size: 16px !important;\">Siamo ben consapevoli della difficolt\u00e0 che pu\u00f2 generare l\u2019elaborazione di un preventivo EHS che includa tutte le informazioni necessarie. Se non sei sicuro di come farlo pu\u00f2 essere un problema. Ma siamo qui per aiutarti a semplificare questo compito ed a gestire con tranquillit\u00e0 &nbsp;il tuo lavoro di prevenzione.<\/span><\/p>\n<p style=\"\">Come ti aiuter\u00e0 il Creatore di Preventivi EHS?<\/p>\n<p style=\"\">Il nostro modello \u00e8 stato disegnato proprio da esperti in prevenzione come te. Ti guider\u00e0 passo dopo passo nella creazione di un preventivo EHS solido e adattabile alle necessit\u00e0 del tuo dipartimento. Utilizzando il nostro modello potrai:<\/p>\n<ul>\n<li style=\"\">Risparmiare tempo: Non perdere pi\u00f9 tempo nella creazione di preventivi partendo da zero. Questo modello ti offre una struttura gi\u00e0 pronta da compilare.<\/li>\n<li style=\"\">Personalizza il tuo preventivo: Aggiungi le tue categorie di spesa, adatta i numeri alle tue esigenze e ottieni un preventivo su misura per la tua azienda.<\/li>\n<li style=\"\">Impara mentre procedi: Oltre ad essere uno strumento pratico, migliorerai le tue abilit\u00e0 nella creazione di preventivi EHS.<\/li>\n<\/ul>\n<p style=\"\">Aumenta la produttivit\u00e0 del tuo team di Prevenzione<\/p>\n<p style=\"\">Sentiti sicuro e professionale quando presenti il preventivo ai tuoi capi.<\/p>\n<p style=\"\">Scarica ora gratis e inizia ad organizzare la prevenzione e la digitalizzazione EHS con successo.<\/p>\n<p><span><img decoding=\"async\" alt=\"\" data-id=\"1446\" width=\"400\" data-init-width=\"1530\" height=\"502\" data-init-height=\"1919\" title=\"Mockup planificador italia\" loading=\"lazy\" src=\"https:\/\/twind.io\/it\/wp-content\/uploads\/2024\/01\/Mockup-planificador-italia.png\" data-width=\"400\" data-height=\"502\" style=\"aspect-ratio: auto 1530 \/ 1919;\"><\/span><\/p>\n<p style=\"text-align: center;\">Aumenta la produttivit\u00e0 del tuo team di Prevenzione<\/p>\n<p style=\"text-align: center;\">Sentiti sicuro e professionale quando presenti il preventivo ai tuoi capi. Scarica ora gratis e inizia ad organizzare la prevenzione e la digitalizzazione EHS con successo.<\/p>\n","protected":false},"excerpt":{"rendered":"<p>Crea i tuoi preventivi per Salute e Sicurezza sul Lavoro con il nostro modello pronto all\u2019uso Compila il form Scarica il modello e crea f\u00e1cilmente un preventivo che ti aiuti nella gestione della prevenzione Semplifica il tuo lavoro e ottimizza il tuo preventivo EHS con i nostri modelli pronti all\u2019uso Avere a disposizione un solido [&hellip;]<\/p>\n","protected":false},"author":1,"featured_media":284,"parent":0,"menu_order":0,"comment_status":"closed","ping_status":"closed","template":"","meta":{"content-type":"","footnotes":""},"class_list":["post-1393","page","type-page","status-publish","has-post-thumbnail","hentry","post-wrapper","thrv_wrapper"],"yoast_head":"<!-- This site is optimized with the Yoast SEO plugin v27.2 - https:\/\/yoast.com\/product\/yoast-seo-wordpress\/ -->\n<title>Creatore di Preventivi EHS: Salute e Sicurezza sul Lavoro - Twind<\/title>\n<meta name=\"description\" content=\"Genera i tuoi preventivi EHS con semplicit\u00e0. Scopri lo strumento di Twind che semplifica la creazione di preventivi in ambito Salute, Sicurezza e Ambiente.\" \/>\n<meta name=\"robots\" content=\"index, follow, max-snippet:-1, max-image-preview:large, max-video-preview:-1\" \/>\n<link rel=\"canonical\" href=\"https:\/\/twind.io\/it\/creatore-di-preventivi-ehs\/\" \/>\n<meta property=\"og:locale\" content=\"it_IT\" \/>\n<meta property=\"og:type\" content=\"article\" \/>\n<meta property=\"og:title\" content=\"Creatore di Preventivi EHS: Salute e Sicurezza sul Lavoro - Twind\" \/>\n<meta property=\"og:description\" content=\"Genera i tuoi preventivi EHS con semplicit\u00e0. Scopri lo strumento di Twind che semplifica la creazione di preventivi in ambito Salute, Sicurezza e Ambiente.\" \/>\n<meta property=\"og:url\" content=\"https:\/\/twind.io\/it\/creatore-di-preventivi-ehs\/\" \/>\n<meta property=\"og:site_name\" content=\"Twind \u2013 Piattaforma per la Gestione di Appaltatori e Fornitori\" \/>\n<meta property=\"article:modified_time\" content=\"2025-11-05T10:49:59+00:00\" \/>\n<meta name=\"twitter:card\" content=\"summary_large_image\" \/>\n<meta name=\"twitter:label1\" content=\"Tempo di lettura stimato\" \/>\n\t<meta name=\"twitter:data1\" content=\"4 minuti\" \/>\n<script type=\"application\/ld+json\" class=\"yoast-schema-graph\">{\"@context\":\"https:\/\/schema.org\",\"@graph\":[{\"@type\":\"WebPage\",\"@id\":\"https:\/\/twind.io\/it\/creatore-di-preventivi-ehs\/\",\"url\":\"https:\/\/twind.io\/it\/creatore-di-preventivi-ehs\/\",\"name\":\"Creatore di Preventivi EHS: Salute e Sicurezza sul Lavoro - Twind\",\"isPartOf\":{\"@id\":\"https:\/\/twind.io\/it\/#website\"},\"primaryImageOfPage\":{\"@id\":\"https:\/\/twind.io\/it\/creatore-di-preventivi-ehs\/#primaryimage\"},\"image\":{\"@id\":\"https:\/\/twind.io\/it\/creatore-di-preventivi-ehs\/#primaryimage\"},\"thumbnailUrl\":\"https:\/\/twind.io\/it\/wp-content\/uploads\/2023\/04\/6-global.svg\",\"datePublished\":\"2024-01-17T15:13:54+00:00\",\"dateModified\":\"2025-11-05T10:49:59+00:00\",\"description\":\"Genera i tuoi preventivi EHS con semplicit\u00e0. Scopri lo strumento di Twind che semplifica la creazione di preventivi in ambito Salute, Sicurezza e Ambiente.\",\"breadcrumb\":{\"@id\":\"https:\/\/twind.io\/it\/creatore-di-preventivi-ehs\/#breadcrumb\"},\"inLanguage\":\"it-IT\",\"potentialAction\":[{\"@type\":\"ReadAction\",\"target\":[\"https:\/\/twind.io\/it\/creatore-di-preventivi-ehs\/\"]}]},{\"@type\":\"ImageObject\",\"inLanguage\":\"it-IT\",\"@id\":\"https:\/\/twind.io\/it\/creatore-di-preventivi-ehs\/#primaryimage\",\"url\":\"https:\/\/twind.io\/it\/wp-content\/uploads\/2023\/04\/6-global.svg\",\"contentUrl\":\"https:\/\/twind.io\/it\/wp-content\/uploads\/2023\/04\/6-global.svg\",\"caption\":\"Contacto\"},{\"@type\":\"BreadcrumbList\",\"@id\":\"https:\/\/twind.io\/it\/creatore-di-preventivi-ehs\/#breadcrumb\",\"itemListElement\":[{\"@type\":\"ListItem\",\"position\":1,\"name\":\"Portada\",\"item\":\"https:\/\/twind.io\/it\/\"},{\"@type\":\"ListItem\",\"position\":2,\"name\":\"Creatore di Preventivi EHS\"}]},{\"@type\":\"WebSite\",\"@id\":\"https:\/\/twind.io\/it\/#website\",\"url\":\"https:\/\/twind.io\/it\/\",\"name\":\"Twind \u2013 Piattaforma per la Gestione di Appaltatori e Fornitori\",\"description\":\"Automatizza la gestione di appaltatori e fornitori con Twind. Semplifica tutta la documentazione con AI. Monitora accessi e conformit\u00e0 in tempo reale.\",\"publisher\":{\"@id\":\"https:\/\/twind.io\/it\/#organization\"},\"potentialAction\":[{\"@type\":\"SearchAction\",\"target\":{\"@type\":\"EntryPoint\",\"urlTemplate\":\"https:\/\/twind.io\/it\/?s={search_term_string}\"},\"query-input\":{\"@type\":\"PropertyValueSpecification\",\"valueRequired\":true,\"valueName\":\"search_term_string\"}}],\"inLanguage\":\"it-IT\"},{\"@type\":\"Organization\",\"@id\":\"https:\/\/twind.io\/it\/#organization\",\"name\":\"Twind \u2013 Piattaforma per la Gestione di Appaltatori e Fornitori\",\"url\":\"https:\/\/twind.io\/it\/\",\"logo\":{\"@type\":\"ImageObject\",\"inLanguage\":\"it-IT\",\"@id\":\"https:\/\/twind.io\/it\/#\/schema\/logo\/image\/\",\"url\":\"https:\/\/twind.io\/it\/wp-content\/uploads\/2023\/04\/Logo-Twind.svg\",\"contentUrl\":\"https:\/\/twind.io\/it\/wp-content\/uploads\/2023\/04\/Logo-Twind.svg\",\"width\":1,\"height\":1,\"caption\":\"Twind \u2013 Piattaforma per la Gestione di Appaltatori e Fornitori\"},\"image\":{\"@id\":\"https:\/\/twind.io\/it\/#\/schema\/logo\/image\/\"}}]}<\/script>\n<!-- \/ Yoast SEO plugin. -->","yoast_head_json":{"title":"Creatore di Preventivi EHS: Salute e Sicurezza sul Lavoro - Twind","description":"Genera i tuoi preventivi EHS con semplicit\u00e0. Scopri lo strumento di Twind che semplifica la creazione di preventivi in ambito Salute, Sicurezza e Ambiente.","robots":{"index":"index","follow":"follow","max-snippet":"max-snippet:-1","max-image-preview":"max-image-preview:large","max-video-preview":"max-video-preview:-1"},"canonical":"https:\/\/twind.io\/it\/creatore-di-preventivi-ehs\/","og_locale":"it_IT","og_type":"article","og_title":"Creatore di Preventivi EHS: Salute e Sicurezza sul Lavoro - Twind","og_description":"Genera i tuoi preventivi EHS con semplicit\u00e0. Scopri lo strumento di Twind che semplifica la creazione di preventivi in ambito Salute, Sicurezza e Ambiente.","og_url":"https:\/\/twind.io\/it\/creatore-di-preventivi-ehs\/","og_site_name":"Twind \u2013 Piattaforma per la Gestione di Appaltatori e Fornitori","article_modified_time":"2025-11-05T10:49:59+00:00","twitter_card":"summary_large_image","twitter_misc":{"Tempo di lettura stimato":"4 minuti"},"schema":{"@context":"https:\/\/schema.org","@graph":[{"@type":"WebPage","@id":"https:\/\/twind.io\/it\/creatore-di-preventivi-ehs\/","url":"https:\/\/twind.io\/it\/creatore-di-preventivi-ehs\/","name":"Creatore di Preventivi EHS: Salute e Sicurezza sul Lavoro - Twind","isPartOf":{"@id":"https:\/\/twind.io\/it\/#website"},"primaryImageOfPage":{"@id":"https:\/\/twind.io\/it\/creatore-di-preventivi-ehs\/#primaryimage"},"image":{"@id":"https:\/\/twind.io\/it\/creatore-di-preventivi-ehs\/#primaryimage"},"thumbnailUrl":"https:\/\/twind.io\/it\/wp-content\/uploads\/2023\/04\/6-global.svg","datePublished":"2024-01-17T15:13:54+00:00","dateModified":"2025-11-05T10:49:59+00:00","description":"Genera i tuoi preventivi EHS con semplicit\u00e0. Scopri lo strumento di Twind che semplifica la creazione di preventivi in ambito Salute, Sicurezza e Ambiente.","breadcrumb":{"@id":"https:\/\/twind.io\/it\/creatore-di-preventivi-ehs\/#breadcrumb"},"inLanguage":"it-IT","potentialAction":[{"@type":"ReadAction","target":["https:\/\/twind.io\/it\/creatore-di-preventivi-ehs\/"]}]},{"@type":"ImageObject","inLanguage":"it-IT","@id":"https:\/\/twind.io\/it\/creatore-di-preventivi-ehs\/#primaryimage","url":"https:\/\/twind.io\/it\/wp-content\/uploads\/2023\/04\/6-global.svg","contentUrl":"https:\/\/twind.io\/it\/wp-content\/uploads\/2023\/04\/6-global.svg","caption":"Contacto"},{"@type":"BreadcrumbList","@id":"https:\/\/twind.io\/it\/creatore-di-preventivi-ehs\/#breadcrumb","itemListElement":[{"@type":"ListItem","position":1,"name":"Portada","item":"https:\/\/twind.io\/it\/"},{"@type":"ListItem","position":2,"name":"Creatore di Preventivi EHS"}]},{"@type":"WebSite","@id":"https:\/\/twind.io\/it\/#website","url":"https:\/\/twind.io\/it\/","name":"Twind \u2013 Piattaforma per la Gestione di Appaltatori e Fornitori","description":"Automatizza la gestione di appaltatori e fornitori con Twind. Semplifica tutta la documentazione con AI. Monitora accessi e conformit\u00e0 in tempo reale.","publisher":{"@id":"https:\/\/twind.io\/it\/#organization"},"potentialAction":[{"@type":"SearchAction","target":{"@type":"EntryPoint","urlTemplate":"https:\/\/twind.io\/it\/?s={search_term_string}"},"query-input":{"@type":"PropertyValueSpecification","valueRequired":true,"valueName":"search_term_string"}}],"inLanguage":"it-IT"},{"@type":"Organization","@id":"https:\/\/twind.io\/it\/#organization","name":"Twind \u2013 Piattaforma per la Gestione di Appaltatori e Fornitori","url":"https:\/\/twind.io\/it\/","logo":{"@type":"ImageObject","inLanguage":"it-IT","@id":"https:\/\/twind.io\/it\/#\/schema\/logo\/image\/","url":"https:\/\/twind.io\/it\/wp-content\/uploads\/2023\/04\/Logo-Twind.svg","contentUrl":"https:\/\/twind.io\/it\/wp-content\/uploads\/2023\/04\/Logo-Twind.svg","width":1,"height":1,"caption":"Twind \u2013 Piattaforma per la Gestione di Appaltatori e Fornitori"},"image":{"@id":"https:\/\/twind.io\/it\/#\/schema\/logo\/image\/"}}]}},"_links":{"self":[{"href":"https:\/\/twind.io\/it\/wp-json\/wp\/v2\/pages\/1393","targetHints":{"allow":["GET"]}}],"collection":[{"href":"https:\/\/twind.io\/it\/wp-json\/wp\/v2\/pages"}],"about":[{"href":"https:\/\/twind.io\/it\/wp-json\/wp\/v2\/types\/page"}],"author":[{"embeddable":true,"href":"https:\/\/twind.io\/it\/wp-json\/wp\/v2\/users\/1"}],"replies":[{"embeddable":true,"href":"https:\/\/twind.io\/it\/wp-json\/wp\/v2\/comments?post=1393"}],"version-history":[{"count":85,"href":"https:\/\/twind.io\/it\/wp-json\/wp\/v2\/pages\/1393\/revisions"}],"predecessor-version":[{"id":3887,"href":"https:\/\/twind.io\/it\/wp-json\/wp\/v2\/pages\/1393\/revisions\/3887"}],"wp:featuredmedia":[{"embeddable":true,"href":"https:\/\/twind.io\/it\/wp-json\/wp\/v2\/media\/284"}],"wp:attachment":[{"href":"https:\/\/twind.io\/it\/wp-json\/wp\/v2\/media?parent=1393"}],"curies":[{"name":"wp","href":"https:\/\/api.w.org\/{rel}","templated":true}]}}