{"id":1572,"date":"2024-02-13T10:16:01","date_gmt":"2024-02-13T10:16:01","guid":{"rendered":"https:\/\/twind.io\/it\/?page_id=1572"},"modified":"2025-11-12T10:40:20","modified_gmt":"2025-11-12T10:40:20","slug":"cosa-devi-sapere-prima-di-scegliere-un-software-per-la-gestione","status":"publish","type":"page","link":"https:\/\/twind.io\/it\/cosa-devi-sapere-prima-di-scegliere-un-software-per-la-gestione\/","title":{"rendered":"LM &#8211; Cosa devi sapere prima di scegliere un software CAE"},"content":{"rendered":"<p><a href=\"https:\/\/twind.io\/it\/webinar-ed-ebook-2\/\" data-id-d=\"0\" data-dynamic-link=\"thrive_global_shortcode_url\" data-shortcode-id=\"5\" data-img-style=\"width: 100%;\"><img decoding=\"async\" src=\"https:\/\/twind.io\/it\/wp-content\/uploads\/2023\/04\/logo.png\" height=\"75\" width=\"220\" alt=\"twind\" style=\"width: 100%;\" loading=\"lazy\"><\/img><\/a><\/p>\n<h1 style=\"text-align: center; color: var(--tcb-color-1) !important; --tcb-applied-color: var$(--tcb-color-1) !important;\">Sai come scegliere il miglior Software per la <span style=\"--tcb-applied-color: var$(--tcb-color-4) !important; color: var(--tcb-color-4) !important;\">Gestione di Fornitori ed Appaltatori<\/span>? <span style=\"--tcb-applied-color: var$(--tcb-color-1) !important; color: var(--tcb-color-1) !important;\">Scarica <\/span><span style=\"--tcb-applied-color: var$(--tcb-color-4) !important; color: var(--tcb-color-4) !important;\">gratis<\/span><span style=\"--tcb-applied-color: var$(--tcb-color-1) !important; color: var(--tcb-color-1) !important;\"> la nostra guida<\/span><\/h1>\n<p><span><a href=\"#tve-jump-18d9cf1fabb\"><img decoding=\"async\" alt=\"\" data-id=\"1575\" width=\"417\" data-init-width=\"1810\" height=\"590\" data-init-height=\"2560\" title=\"Que debes saber antes de contratar un SCAE TWIND ITALIA\" src=\"https:\/\/twind.io\/it\/wp-content\/uploads\/2024\/02\/Que-debes-saber-antes-de-contratar-un-SCAE-TWIND-ITALIA-scaled.jpg\" data-width=\"417\" data-height=\"590\" style=\"aspect-ratio: auto 1810 \/ 2560;\" data-link-wrap=\"true\" loading=\"lazy\"><\/a><\/span>\n\t\t\t\t\t\t<script>\n\t\t\t\t\t\t\twindow.hsFormsOnReady = window.hsFormsOnReady || [];\n\t\t\t\t\t\t\twindow.hsFormsOnReady.push(()=>{\n\t\t\t\t\t\t\t\thbspt.forms.create({\n\t\t\t\t\t\t\t\t\tportalId: 146424663,\n\t\t\t\t\t\t\t\t\tformId: \"14a18ede-5b2d-4359-b57c-06f1d93ad012\",\n\t\t\t\t\t\t\t\t\ttarget: \"#hbspt-form-1776411635000-7759076435\",\n\t\t\t\t\t\t\t\t\tregion: \"eu1\",\n\t\t\t\t\t\t\t\t\t\n\t\t\t\t\t\t\t})});\n\t\t\t\t\t\t<\/script>\n\t\t\t\t\t\t<div class=\"hbspt-form\" id=\"hbspt-form-1776411635000-7759076435\"><\/div><\/p>\n<p style=\"\">Attualmente, digitalizzare la gestione documentale tra Clienti, Fornitori ed Appaltatori \u00e8 alla portata di tutti. Tuttavia, la parte pi\u00f9 complicata non \u00e8 l&#8217;automatizzazione, ma scegliere il software che pi\u00f9 si adegui alle tue esigenze nella grande variet\u00e0 di soluzioni esistenti.<\/p>\n<h2 style=\"\"><span style=\"\"><strong><span style=\"\">Prenderai la migliore decisione<\/span><\/strong><\/span><\/h2>\n<p><span data-contrast=\"auto\" lang=\"ES-ES\"><img decoding=\"async\" role=\"img\" alt=\"\u2705\" src=\"https:\/\/s.w.org\/images\/core\/emoji\/14.0.0\/svg\/2705.svg\" loading=\"lazy\">&nbsp;Identificherai le tue necessit\u00e0 in materia di Sicurezza sul lavoro e Gestione Documentale<\/span><\/p>\n<p style=\"color: var(--tcb-skin-color-21) !important; --tcb-applied-color: var$(--tcb-skin-color-21) !important;\"><img decoding=\"async\" role=\"img\" alt=\"\u2705\" src=\"https:\/\/s.w.org\/images\/core\/emoji\/14.0.0\/svg\/2705.svg\" loading=\"lazy\">&nbsp;Scoprirai quali funzionalit\u00e0 e strumenti cercare<\/p>\n<p><img decoding=\"async\" role=\"img\" alt=\"\u2705\" src=\"https:\/\/s.w.org\/images\/core\/emoji\/14.0.0\/svg\/2705.svg\" loading=\"lazy\">&nbsp;Avrai un Modello di Checklist per valutare le Piattaforme pi\u00f9 popolari del mercato<\/p>\n<p><span><img decoding=\"async\" alt=\"\" data-id=\"1579\" width=\"581\" data-init-width=\"2726\" height=\"380\" data-init-height=\"1784\" title=\"Mockup Checklist Software Italia 2\" src=\"https:\/\/twind.io\/it\/wp-content\/uploads\/2024\/02\/Mockup-Checklist-Software-Italia-2.png\" data-width=\"581\" data-height=\"380\" style=\"aspect-ratio: auto 2726 \/ 1784;\" loading=\"lazy\"><\/span><\/p>\n<p style=\"text-align: center;\">Impara come valutare e scegliere il miglior Software di Gestione Aziendale adatto alle tue esigenze<\/p>\n<p style=\"text-align: center;\">Scopri quali sono le funzionalit\u00e0 pi\u00f9 utili e quelle superflue di ogni piattaforma.&nbsp;<\/p>\n","protected":false},"excerpt":{"rendered":"<p>Sai come scegliere il miglior Software per la Gestione di Fornitori ed Appaltatori? Scarica gratis la nostra guida Attualmente, digitalizzare la gestione documentale tra Clienti, Fornitori ed Appaltatori \u00e8 alla portata di tutti. Tuttavia, la parte pi\u00f9 complicata non \u00e8 l&#8217;automatizzazione, ma scegliere il software che pi\u00f9 si adegui alle tue esigenze nella grande variet\u00e0 [&hellip;]<\/p>\n","protected":false},"author":1,"featured_media":284,"parent":0,"menu_order":0,"comment_status":"closed","ping_status":"closed","template":"","meta":{"content-type":"","footnotes":""},"class_list":["post-1572","page","type-page","status-publish","has-post-thumbnail","hentry","post-wrapper","thrv_wrapper"],"yoast_head":"<!-- This site is optimized with the Yoast SEO plugin v27.2 - https:\/\/yoast.com\/product\/yoast-seo-wordpress\/ -->\n<title>Checklist gratis per scegliere un Software di Gestione Appaltatori<\/title>\n<meta name=\"description\" content=\"Scarica gratis la checklist per valutare software di gestione documentale HSE: conformit\u00e0 normativa, automazioni, integrazioni, sicurezza e costi previsti.\" \/>\n<meta name=\"robots\" content=\"index, follow, max-snippet:-1, max-image-preview:large, max-video-preview:-1\" \/>\n<link rel=\"canonical\" href=\"https:\/\/twind.io\/it\/cosa-devi-sapere-prima-di-scegliere-un-software-per-la-gestione\/\" \/>\n<meta property=\"og:locale\" content=\"it_IT\" \/>\n<meta property=\"og:type\" content=\"article\" \/>\n<meta property=\"og:title\" content=\"Checklist gratis per scegliere un Software di Gestione Appaltatori\" \/>\n<meta property=\"og:description\" content=\"Scarica gratis la checklist per valutare software di gestione documentale HSE: conformit\u00e0 normativa, automazioni, integrazioni, sicurezza e costi previsti.\" \/>\n<meta property=\"og:url\" content=\"https:\/\/twind.io\/it\/cosa-devi-sapere-prima-di-scegliere-un-software-per-la-gestione\/\" \/>\n<meta property=\"og:site_name\" content=\"Twind \u2013 Piattaforma per la Gestione di Appaltatori e Fornitori\" \/>\n<meta property=\"article:modified_time\" content=\"2025-11-12T10:40:20+00:00\" \/>\n<meta name=\"twitter:card\" content=\"summary_large_image\" \/>\n<meta name=\"twitter:label1\" content=\"Tempo di lettura stimato\" \/>\n\t<meta name=\"twitter:data1\" content=\"3 minuti\" \/>\n<script type=\"application\/ld+json\" class=\"yoast-schema-graph\">{\"@context\":\"https:\/\/schema.org\",\"@graph\":[{\"@type\":\"WebPage\",\"@id\":\"https:\/\/twind.io\/it\/cosa-devi-sapere-prima-di-scegliere-un-software-per-la-gestione\/\",\"url\":\"https:\/\/twind.io\/it\/cosa-devi-sapere-prima-di-scegliere-un-software-per-la-gestione\/\",\"name\":\"Checklist gratis per scegliere un Software di Gestione Appaltatori\",\"isPartOf\":{\"@id\":\"https:\/\/twind.io\/it\/#website\"},\"primaryImageOfPage\":{\"@id\":\"https:\/\/twind.io\/it\/cosa-devi-sapere-prima-di-scegliere-un-software-per-la-gestione\/#primaryimage\"},\"image\":{\"@id\":\"https:\/\/twind.io\/it\/cosa-devi-sapere-prima-di-scegliere-un-software-per-la-gestione\/#primaryimage\"},\"thumbnailUrl\":\"https:\/\/twind.io\/it\/wp-content\/uploads\/2023\/04\/6-global.svg\",\"datePublished\":\"2024-02-13T10:16:01+00:00\",\"dateModified\":\"2025-11-12T10:40:20+00:00\",\"description\":\"Scarica gratis la checklist per valutare software di gestione documentale HSE: conformit\u00e0 normativa, automazioni, integrazioni, sicurezza e costi previsti.\",\"breadcrumb\":{\"@id\":\"https:\/\/twind.io\/it\/cosa-devi-sapere-prima-di-scegliere-un-software-per-la-gestione\/#breadcrumb\"},\"inLanguage\":\"it-IT\",\"potentialAction\":[{\"@type\":\"ReadAction\",\"target\":[\"https:\/\/twind.io\/it\/cosa-devi-sapere-prima-di-scegliere-un-software-per-la-gestione\/\"]}]},{\"@type\":\"ImageObject\",\"inLanguage\":\"it-IT\",\"@id\":\"https:\/\/twind.io\/it\/cosa-devi-sapere-prima-di-scegliere-un-software-per-la-gestione\/#primaryimage\",\"url\":\"https:\/\/twind.io\/it\/wp-content\/uploads\/2023\/04\/6-global.svg\",\"contentUrl\":\"https:\/\/twind.io\/it\/wp-content\/uploads\/2023\/04\/6-global.svg\",\"caption\":\"Contacto\"},{\"@type\":\"BreadcrumbList\",\"@id\":\"https:\/\/twind.io\/it\/cosa-devi-sapere-prima-di-scegliere-un-software-per-la-gestione\/#breadcrumb\",\"itemListElement\":[{\"@type\":\"ListItem\",\"position\":1,\"name\":\"Portada\",\"item\":\"https:\/\/twind.io\/it\/\"},{\"@type\":\"ListItem\",\"position\":2,\"name\":\"LM &#8211; Cosa devi sapere prima di scegliere un software CAE\"}]},{\"@type\":\"WebSite\",\"@id\":\"https:\/\/twind.io\/it\/#website\",\"url\":\"https:\/\/twind.io\/it\/\",\"name\":\"Twind \u2013 Piattaforma per la Gestione di Appaltatori e Fornitori\",\"description\":\"Automatizza la gestione di appaltatori e fornitori con Twind. Semplifica tutta la documentazione con AI. Monitora accessi e conformit\u00e0 in tempo reale.\",\"publisher\":{\"@id\":\"https:\/\/twind.io\/it\/#organization\"},\"potentialAction\":[{\"@type\":\"SearchAction\",\"target\":{\"@type\":\"EntryPoint\",\"urlTemplate\":\"https:\/\/twind.io\/it\/?s={search_term_string}\"},\"query-input\":{\"@type\":\"PropertyValueSpecification\",\"valueRequired\":true,\"valueName\":\"search_term_string\"}}],\"inLanguage\":\"it-IT\"},{\"@type\":\"Organization\",\"@id\":\"https:\/\/twind.io\/it\/#organization\",\"name\":\"Twind \u2013 Piattaforma per la Gestione di Appaltatori e Fornitori\",\"url\":\"https:\/\/twind.io\/it\/\",\"logo\":{\"@type\":\"ImageObject\",\"inLanguage\":\"it-IT\",\"@id\":\"https:\/\/twind.io\/it\/#\/schema\/logo\/image\/\",\"url\":\"https:\/\/twind.io\/it\/wp-content\/uploads\/2023\/04\/Logo-Twind.svg\",\"contentUrl\":\"https:\/\/twind.io\/it\/wp-content\/uploads\/2023\/04\/Logo-Twind.svg\",\"width\":1,\"height\":1,\"caption\":\"Twind \u2013 Piattaforma per la Gestione di Appaltatori e Fornitori\"},\"image\":{\"@id\":\"https:\/\/twind.io\/it\/#\/schema\/logo\/image\/\"}}]}<\/script>\n<!-- \/ Yoast SEO plugin. -->","yoast_head_json":{"title":"Checklist gratis per scegliere un Software di Gestione Appaltatori","description":"Scarica gratis la checklist per valutare software di gestione documentale HSE: conformit\u00e0 normativa, automazioni, integrazioni, sicurezza e costi previsti.","robots":{"index":"index","follow":"follow","max-snippet":"max-snippet:-1","max-image-preview":"max-image-preview:large","max-video-preview":"max-video-preview:-1"},"canonical":"https:\/\/twind.io\/it\/cosa-devi-sapere-prima-di-scegliere-un-software-per-la-gestione\/","og_locale":"it_IT","og_type":"article","og_title":"Checklist gratis per scegliere un Software di Gestione Appaltatori","og_description":"Scarica gratis la checklist per valutare software di gestione documentale HSE: conformit\u00e0 normativa, automazioni, integrazioni, sicurezza e costi previsti.","og_url":"https:\/\/twind.io\/it\/cosa-devi-sapere-prima-di-scegliere-un-software-per-la-gestione\/","og_site_name":"Twind \u2013 Piattaforma per la Gestione di Appaltatori e Fornitori","article_modified_time":"2025-11-12T10:40:20+00:00","twitter_card":"summary_large_image","twitter_misc":{"Tempo di lettura stimato":"3 minuti"},"schema":{"@context":"https:\/\/schema.org","@graph":[{"@type":"WebPage","@id":"https:\/\/twind.io\/it\/cosa-devi-sapere-prima-di-scegliere-un-software-per-la-gestione\/","url":"https:\/\/twind.io\/it\/cosa-devi-sapere-prima-di-scegliere-un-software-per-la-gestione\/","name":"Checklist gratis per scegliere un Software di Gestione Appaltatori","isPartOf":{"@id":"https:\/\/twind.io\/it\/#website"},"primaryImageOfPage":{"@id":"https:\/\/twind.io\/it\/cosa-devi-sapere-prima-di-scegliere-un-software-per-la-gestione\/#primaryimage"},"image":{"@id":"https:\/\/twind.io\/it\/cosa-devi-sapere-prima-di-scegliere-un-software-per-la-gestione\/#primaryimage"},"thumbnailUrl":"https:\/\/twind.io\/it\/wp-content\/uploads\/2023\/04\/6-global.svg","datePublished":"2024-02-13T10:16:01+00:00","dateModified":"2025-11-12T10:40:20+00:00","description":"Scarica gratis la checklist per valutare software di gestione documentale HSE: conformit\u00e0 normativa, automazioni, integrazioni, sicurezza e costi previsti.","breadcrumb":{"@id":"https:\/\/twind.io\/it\/cosa-devi-sapere-prima-di-scegliere-un-software-per-la-gestione\/#breadcrumb"},"inLanguage":"it-IT","potentialAction":[{"@type":"ReadAction","target":["https:\/\/twind.io\/it\/cosa-devi-sapere-prima-di-scegliere-un-software-per-la-gestione\/"]}]},{"@type":"ImageObject","inLanguage":"it-IT","@id":"https:\/\/twind.io\/it\/cosa-devi-sapere-prima-di-scegliere-un-software-per-la-gestione\/#primaryimage","url":"https:\/\/twind.io\/it\/wp-content\/uploads\/2023\/04\/6-global.svg","contentUrl":"https:\/\/twind.io\/it\/wp-content\/uploads\/2023\/04\/6-global.svg","caption":"Contacto"},{"@type":"BreadcrumbList","@id":"https:\/\/twind.io\/it\/cosa-devi-sapere-prima-di-scegliere-un-software-per-la-gestione\/#breadcrumb","itemListElement":[{"@type":"ListItem","position":1,"name":"Portada","item":"https:\/\/twind.io\/it\/"},{"@type":"ListItem","position":2,"name":"LM &#8211; Cosa devi sapere prima di scegliere un software CAE"}]},{"@type":"WebSite","@id":"https:\/\/twind.io\/it\/#website","url":"https:\/\/twind.io\/it\/","name":"Twind \u2013 Piattaforma per la Gestione di Appaltatori e Fornitori","description":"Automatizza la gestione di appaltatori e fornitori con Twind. Semplifica tutta la documentazione con AI. Monitora accessi e conformit\u00e0 in tempo reale.","publisher":{"@id":"https:\/\/twind.io\/it\/#organization"},"potentialAction":[{"@type":"SearchAction","target":{"@type":"EntryPoint","urlTemplate":"https:\/\/twind.io\/it\/?s={search_term_string}"},"query-input":{"@type":"PropertyValueSpecification","valueRequired":true,"valueName":"search_term_string"}}],"inLanguage":"it-IT"},{"@type":"Organization","@id":"https:\/\/twind.io\/it\/#organization","name":"Twind \u2013 Piattaforma per la Gestione di Appaltatori e Fornitori","url":"https:\/\/twind.io\/it\/","logo":{"@type":"ImageObject","inLanguage":"it-IT","@id":"https:\/\/twind.io\/it\/#\/schema\/logo\/image\/","url":"https:\/\/twind.io\/it\/wp-content\/uploads\/2023\/04\/Logo-Twind.svg","contentUrl":"https:\/\/twind.io\/it\/wp-content\/uploads\/2023\/04\/Logo-Twind.svg","width":1,"height":1,"caption":"Twind \u2013 Piattaforma per la Gestione di Appaltatori e Fornitori"},"image":{"@id":"https:\/\/twind.io\/it\/#\/schema\/logo\/image\/"}}]}},"_links":{"self":[{"href":"https:\/\/twind.io\/it\/wp-json\/wp\/v2\/pages\/1572","targetHints":{"allow":["GET"]}}],"collection":[{"href":"https:\/\/twind.io\/it\/wp-json\/wp\/v2\/pages"}],"about":[{"href":"https:\/\/twind.io\/it\/wp-json\/wp\/v2\/types\/page"}],"author":[{"embeddable":true,"href":"https:\/\/twind.io\/it\/wp-json\/wp\/v2\/users\/1"}],"replies":[{"embeddable":true,"href":"https:\/\/twind.io\/it\/wp-json\/wp\/v2\/comments?post=1572"}],"version-history":[{"count":32,"href":"https:\/\/twind.io\/it\/wp-json\/wp\/v2\/pages\/1572\/revisions"}],"predecessor-version":[{"id":4225,"href":"https:\/\/twind.io\/it\/wp-json\/wp\/v2\/pages\/1572\/revisions\/4225"}],"wp:featuredmedia":[{"embeddable":true,"href":"https:\/\/twind.io\/it\/wp-json\/wp\/v2\/media\/284"}],"wp:attachment":[{"href":"https:\/\/twind.io\/it\/wp-json\/wp\/v2\/media?parent=1572"}],"curies":[{"name":"wp","href":"https:\/\/api.w.org\/{rel}","templated":true}]}}