{"id":1774,"date":"2024-03-26T10:28:10","date_gmt":"2024-03-26T10:28:10","guid":{"rendered":"https:\/\/twind.io\/it\/?page_id=1774"},"modified":"2024-12-05T11:31:51","modified_gmt":"2024-12-05T11:31:51","slug":"webinar-gestioni-dei-fornitori-twind","status":"publish","type":"page","link":"https:\/\/twind.io\/it\/webinar-gestioni-dei-fornitori-twind\/","title":{"rendered":"Webinar comercial Twind"},"content":{"rendered":"<p><span style=\"\"><img decoding=\"async\" alt=\"Logo twind by ctaima\" data-id=\"1293\" width=\"245\" data-init-width=\"697\" height=\"73\" data-init-height=\"209\" title=\"Logo twind by ctaima\" src=\"https:\/\/twind.io\/it\/wp-content\/uploads\/2024\/03\/logo-twind-by-ctaima.png\" data-width=\"245\" data-height=\"73\" style=\"aspect-ratio: auto 697 \/ 209;\" mt-d=\"0\" ml-d=\"0\" center-v-d=\"false\" loading=\"lazy\"><\/span><\/p>\n<p style=\"text-align: center;\">Webinar gratuito<\/p>\n<h2 style=\"text-align: center;\"><strong><span dir=\"ltr\">La Gestione dei Fornitori: Vantaggi della Digitalizzazione<\/span><\/strong><\/h2>\n<p><span data-ccp-props=\"{&quot;201341983&quot;:0,&quot;335559739&quot;:160,&quot;335559740&quot;:259}\">Mantenere aggiornato il programma di sicurezza della tua organizzazione rappresenta una sfida importante, specialmente quando ci sono fornitori, appaltatori e prestatori di servizi nel tuo luogo di lavoro. Le responsabilit\u00e0 nella gestione dei fornitori e della sicurezza sono numerose, le informazioni sono abbondanti e ricordare tutto pu\u00f2 diventare complicato.Senza gli strumenti adeguati per identificare i rischi, verificare la conformit\u00e0 normativa dei tuoi fornitori e monitorare la documentazione fiscale, lavorativa e di sicurezza, la gestione pu\u00f2 diventare contorto.<\/span><\/p>\n<p><strong><span data-ccp-props=\"{&quot;201341983&quot;:0,&quot;335559739&quot;:160,&quot;335559740&quot;:259}\">Unisciti a noi per conoscere Twind, la nostra soluzione per il controllo gestione dei fornitori. Scopri come il nostro software pu\u00f3 aiutarti a migliorare l&#8217;efficienza e la compliance monitorando scadenze, requisiti, permessi di lavoro, controllo accessi e molto altro.<\/span><\/strong><\/p>\n<p style=\"\"><strong><span data-contrast=\"auto\" lang=\"ES-ES\">Cosa imparerai?<\/span><\/strong><\/p>\n<ul>\n<li style=\"color: var(--tcb-skin-color-23) !important; --tcb-applied-color: var$(--tcb-skin-color-23) !important;\"><span data-contrast=\"auto\" lang=\"ES-ES\" style=\"--tcb-applied-color: var$(--tcb-skin-color-23) !important;\">Introduzione alla gestione dei fornitori nel settore della salute e sicurezza sul lavoro.<\/span><\/li>\n<li style=\"color: var(--tcb-skin-color-23) !important; --tcb-applied-color: var$(--tcb-skin-color-23) !important;\"><span data-contrast=\"auto\" lang=\"ES-ES\" style=\"--tcb-applied-color: var$(--tcb-skin-color-23) !important;\">Analisi delle sfide comuni nella gestione dei fornitori e delle soluzioni.<\/span><\/li>\n<li style=\"color: var(--tcb-skin-color-23) !important; --tcb-applied-color: var$(--tcb-skin-color-23) !important;\"><span data-contrast=\"auto\" lang=\"ES-ES\" style=\"--tcb-applied-color: var$(--tcb-skin-color-23) !important;\">Dimostrazione pratica di Twind.<\/span><\/li>\n<li style=\"color: var(--tcb-skin-color-23) !important; --tcb-applied-color: var$(--tcb-skin-color-23) !important;\"><span data-contrast=\"auto\" lang=\"ES-ES\" style=\"--tcb-applied-color: var$(--tcb-skin-color-23) !important;\">Come migliorerebbe il lavoro quotidiano apportando comunicazione efficace, trasparenza e collaborazione con i tuoi fornitori.<\/span><\/li>\n<li style=\"color: var(--tcb-skin-color-23) !important; --tcb-applied-color: var$(--tcb-skin-color-23) !important;\"><span data-contrast=\"auto\" lang=\"ES-ES\" style=\"--tcb-applied-color: var$(--tcb-skin-color-23) !important;\">Sperimenta quanto pu\u00f3 essere facile garantire conformi\u00e0 normativa alla tua azienda.<\/span><\/li>\n<\/ul>\n<p style=\"color: var(--tcb-skin-color-23) !important; --tcb-applied-color: var$(--tcb-skin-color-23) !important;\">Inoltre, esamineremo gli aggiornamenti pi\u00f9 recenti che includono le ultime tecnologie di <strong>Machine Learning o Intelligenza Artificiale<\/strong>.<\/p>\n<h3 style=\"text-align: center;\">Compila il form<\/h3>\n<p style=\"text-align: center;\">Ti invieremo l&#8217;accesso via e-mail<\/p>\n<h3 style=\"text-align: center;\"><\/h3>\n<p style=\"text-align: center;\"><span data-ccp-props=\"{&quot;201341983&quot;:0,&quot;335559739&quot;:160,&quot;335559740&quot;:259}\" style=\"\"><strong><strong>Presentato da:<\/strong><\/strong><\/span><\/p>\n<p><span style=\"\"><img decoding=\"async\" alt=\"\" data-id=\"1804\" width=\"144\" data-init-width=\"386\" height=\"187\" data-init-height=\"502\" title=\"rosanna\" src=\"https:\/\/twind.io\/it\/wp-content\/uploads\/2024\/03\/rosanna.png\" data-width=\"144\" data-height=\"187\" style=\"aspect-ratio: auto 386 \/ 502;\" mt-d=\"-22.64099999999999\" ml-d=\"0\" center-v-d=\"false\" mt-t=\"-7.391000000000005\" ml-t=\"0\" loading=\"lazy\"><\/span><\/p>\n<p style=\"text-align: left;\"><span data-ccp-props=\"{&quot;201341983&quot;:0,&quot;335559739&quot;:160,&quot;335559740&quot;:259}\"><strong><span style=\"font-size: 16px !important; --tcb-applied-color: var$(--tcb-skin-color-0) !important; color: var(--tcb-skin-color-0) !important;\">Rosanna Buffolino<\/span><\/strong><\/span><\/p>\n<p style=\"text-align: left;\"><span data-ccp-props=\"{&quot;201341983&quot;:0,&quot;335559739&quot;:160,&quot;335559740&quot;:259}\" style=\"font-size: 14px !important;\">Account Executive<\/span><\/p>\n<p style=\"text-align: left;\"><span data-ccp-props=\"{&quot;201341983&quot;:0,&quot;335559739&quot;:160,&quot;335559740&quot;:259}\" style=\"font-size: 14px !important;\">Twind<\/span><\/p>\n<p><span><img decoding=\"async\" alt=\"\" data-id=\"1805\" width=\"144\" data-init-width=\"278\" height=\"146\" data-init-height=\"281\" title=\"Selena\" src=\"https:\/\/twind.io\/it\/wp-content\/uploads\/2024\/03\/Selena.png\" data-width=\"144\" data-height=\"146\" style=\"aspect-ratio: auto 278 \/ 281;\" loading=\"lazy\"><\/span><\/p>\n<p style=\"text-align: left;\"><span data-ccp-props=\"{&quot;201341983&quot;:0,&quot;335559739&quot;:160,&quot;335559740&quot;:259}\"><strong><span style=\"font-size: 16px !important; --tcb-applied-color: var$(--tcb-skin-color-0) !important; color: var(--tcb-skin-color-0) !important;\">Selena Aleotti<\/span><\/strong><\/span><\/p>\n<p style=\"text-align: left;\"><span data-ccp-props=\"{&quot;201341983&quot;:0,&quot;335559739&quot;:160,&quot;335559740&quot;:259}\" style=\"font-size: 14px !important;\">Consultant<\/span><\/p>\n<p style=\"text-align: left;\"><span data-ccp-props=\"{&quot;201341983&quot;:0,&quot;335559739&quot;:160,&quot;335559740&quot;:259}\" style=\"font-size: 14px !important;\">Twind<\/span><\/p>\n","protected":false},"excerpt":{"rendered":"<p>Webinar gratuito La Gestione dei Fornitori: Vantaggi della Digitalizzazione Mantenere aggiornato il programma di sicurezza della tua organizzazione rappresenta una sfida importante, specialmente quando ci sono fornitori, appaltatori e prestatori di servizi nel tuo luogo di lavoro. Le responsabilit\u00e0 nella gestione dei fornitori e della sicurezza sono numerose, le informazioni sono abbondanti e ricordare tutto [&hellip;]<\/p>\n","protected":false},"author":1,"featured_media":0,"parent":0,"menu_order":0,"comment_status":"closed","ping_status":"closed","template":"","meta":{"content-type":"","footnotes":""},"class_list":["post-1774","page","type-page","status-publish","hentry","post-wrapper","thrv_wrapper"],"yoast_head":"<!-- This site is optimized with the Yoast SEO plugin v27.5 - https:\/\/yoast.com\/product\/yoast-seo-wordpress\/ -->\n<title>Webinar gestioni dei fornitori - Twind<\/title>\n<meta name=\"description\" content=\"Webinar gestioni dei fornitori - Twind\" \/>\n<meta name=\"robots\" content=\"index, follow, max-snippet:-1, max-image-preview:large, max-video-preview:-1\" \/>\n<link rel=\"canonical\" href=\"https:\/\/twind.io\/it\/webinar-gestioni-dei-fornitori-twind\/\" \/>\n<meta property=\"og:locale\" content=\"it_IT\" \/>\n<meta property=\"og:type\" content=\"article\" \/>\n<meta property=\"og:title\" content=\"Webinar gestioni dei fornitori - Twind\" \/>\n<meta property=\"og:description\" content=\"Webinar gestioni dei fornitori - Twind\" \/>\n<meta property=\"og:url\" content=\"https:\/\/twind.io\/it\/webinar-gestioni-dei-fornitori-twind\/\" \/>\n<meta property=\"og:site_name\" content=\"Twind \u2013 Piattaforma per la Gestione di Appaltatori e Fornitori\" \/>\n<meta property=\"article:modified_time\" content=\"2024-12-05T11:31:51+00:00\" \/>\n<meta property=\"og:image\" content=\"https:\/\/twind.io\/it\/wp-content\/uploads\/2024\/03\/logo-twind-by-ctaima.png\" \/>\n<meta name=\"twitter:card\" content=\"summary_large_image\" \/>\n<meta name=\"twitter:label1\" content=\"Tempo di lettura stimato\" \/>\n\t<meta name=\"twitter:data1\" content=\"3 minuti\" \/>\n<script type=\"application\/ld+json\" class=\"yoast-schema-graph\">{\"@context\":\"https:\\\/\\\/schema.org\",\"@graph\":[{\"@type\":\"WebPage\",\"@id\":\"https:\\\/\\\/twind.io\\\/it\\\/webinar-gestioni-dei-fornitori-twind\\\/\",\"url\":\"https:\\\/\\\/twind.io\\\/it\\\/webinar-gestioni-dei-fornitori-twind\\\/\",\"name\":\"Webinar gestioni dei fornitori - Twind\",\"isPartOf\":{\"@id\":\"https:\\\/\\\/twind.io\\\/it\\\/#website\"},\"primaryImageOfPage\":{\"@id\":\"https:\\\/\\\/twind.io\\\/it\\\/webinar-gestioni-dei-fornitori-twind\\\/#primaryimage\"},\"image\":{\"@id\":\"https:\\\/\\\/twind.io\\\/it\\\/webinar-gestioni-dei-fornitori-twind\\\/#primaryimage\"},\"thumbnailUrl\":\"https:\\\/\\\/twind.io\\\/it\\\/wp-content\\\/uploads\\\/2024\\\/03\\\/logo-twind-by-ctaima.png\",\"datePublished\":\"2024-03-26T10:28:10+00:00\",\"dateModified\":\"2024-12-05T11:31:51+00:00\",\"description\":\"Webinar gestioni dei fornitori - Twind\",\"breadcrumb\":{\"@id\":\"https:\\\/\\\/twind.io\\\/it\\\/webinar-gestioni-dei-fornitori-twind\\\/#breadcrumb\"},\"inLanguage\":\"it-IT\",\"potentialAction\":[{\"@type\":\"ReadAction\",\"target\":[\"https:\\\/\\\/twind.io\\\/it\\\/webinar-gestioni-dei-fornitori-twind\\\/\"]}]},{\"@type\":\"ImageObject\",\"inLanguage\":\"it-IT\",\"@id\":\"https:\\\/\\\/twind.io\\\/it\\\/webinar-gestioni-dei-fornitori-twind\\\/#primaryimage\",\"url\":\"https:\\\/\\\/twind.io\\\/it\\\/wp-content\\\/uploads\\\/2024\\\/03\\\/logo-twind-by-ctaima.png\",\"contentUrl\":\"https:\\\/\\\/twind.io\\\/it\\\/wp-content\\\/uploads\\\/2024\\\/03\\\/logo-twind-by-ctaima.png\",\"width\":697,\"height\":209},{\"@type\":\"BreadcrumbList\",\"@id\":\"https:\\\/\\\/twind.io\\\/it\\\/webinar-gestioni-dei-fornitori-twind\\\/#breadcrumb\",\"itemListElement\":[{\"@type\":\"ListItem\",\"position\":1,\"name\":\"Portada\",\"item\":\"https:\\\/\\\/twind.io\\\/it\\\/\"},{\"@type\":\"ListItem\",\"position\":2,\"name\":\"Webinar comercial Twind\"}]},{\"@type\":\"WebSite\",\"@id\":\"https:\\\/\\\/twind.io\\\/it\\\/#website\",\"url\":\"https:\\\/\\\/twind.io\\\/it\\\/\",\"name\":\"Twind \u2013 Piattaforma per la Gestione di Appaltatori e Fornitori\",\"description\":\"Automatizza la gestione di appaltatori e fornitori con Twind. Semplifica tutta la documentazione con AI. Monitora accessi e conformit\u00e0 in tempo reale.\",\"publisher\":{\"@id\":\"https:\\\/\\\/twind.io\\\/it\\\/#organization\"},\"potentialAction\":[{\"@type\":\"SearchAction\",\"target\":{\"@type\":\"EntryPoint\",\"urlTemplate\":\"https:\\\/\\\/twind.io\\\/it\\\/?s={search_term_string}\"},\"query-input\":{\"@type\":\"PropertyValueSpecification\",\"valueRequired\":true,\"valueName\":\"search_term_string\"}}],\"inLanguage\":\"it-IT\"},{\"@type\":\"Organization\",\"@id\":\"https:\\\/\\\/twind.io\\\/it\\\/#organization\",\"name\":\"Twind \u2013 Piattaforma per la Gestione di Appaltatori e Fornitori\",\"url\":\"https:\\\/\\\/twind.io\\\/it\\\/\",\"logo\":{\"@type\":\"ImageObject\",\"inLanguage\":\"it-IT\",\"@id\":\"https:\\\/\\\/twind.io\\\/it\\\/#\\\/schema\\\/logo\\\/image\\\/\",\"url\":\"https:\\\/\\\/twind.io\\\/it\\\/wp-content\\\/uploads\\\/2023\\\/04\\\/Logo-Twind.svg\",\"contentUrl\":\"https:\\\/\\\/twind.io\\\/it\\\/wp-content\\\/uploads\\\/2023\\\/04\\\/Logo-Twind.svg\",\"width\":1,\"height\":1,\"caption\":\"Twind \u2013 Piattaforma per la Gestione di Appaltatori e Fornitori\"},\"image\":{\"@id\":\"https:\\\/\\\/twind.io\\\/it\\\/#\\\/schema\\\/logo\\\/image\\\/\"}}]}<\/script>\n<!-- \/ Yoast SEO plugin. -->","yoast_head_json":{"title":"Webinar gestioni dei fornitori - Twind","description":"Webinar gestioni dei fornitori - Twind","robots":{"index":"index","follow":"follow","max-snippet":"max-snippet:-1","max-image-preview":"max-image-preview:large","max-video-preview":"max-video-preview:-1"},"canonical":"https:\/\/twind.io\/it\/webinar-gestioni-dei-fornitori-twind\/","og_locale":"it_IT","og_type":"article","og_title":"Webinar gestioni dei fornitori - Twind","og_description":"Webinar gestioni dei fornitori - Twind","og_url":"https:\/\/twind.io\/it\/webinar-gestioni-dei-fornitori-twind\/","og_site_name":"Twind \u2013 Piattaforma per la Gestione di Appaltatori e Fornitori","article_modified_time":"2024-12-05T11:31:51+00:00","og_image":[{"url":"https:\/\/twind.io\/it\/wp-content\/uploads\/2024\/03\/logo-twind-by-ctaima.png","type":"","width":"","height":""}],"twitter_card":"summary_large_image","twitter_misc":{"Tempo di lettura stimato":"3 minuti"},"schema":{"@context":"https:\/\/schema.org","@graph":[{"@type":"WebPage","@id":"https:\/\/twind.io\/it\/webinar-gestioni-dei-fornitori-twind\/","url":"https:\/\/twind.io\/it\/webinar-gestioni-dei-fornitori-twind\/","name":"Webinar gestioni dei fornitori - Twind","isPartOf":{"@id":"https:\/\/twind.io\/it\/#website"},"primaryImageOfPage":{"@id":"https:\/\/twind.io\/it\/webinar-gestioni-dei-fornitori-twind\/#primaryimage"},"image":{"@id":"https:\/\/twind.io\/it\/webinar-gestioni-dei-fornitori-twind\/#primaryimage"},"thumbnailUrl":"https:\/\/twind.io\/it\/wp-content\/uploads\/2024\/03\/logo-twind-by-ctaima.png","datePublished":"2024-03-26T10:28:10+00:00","dateModified":"2024-12-05T11:31:51+00:00","description":"Webinar gestioni dei fornitori - Twind","breadcrumb":{"@id":"https:\/\/twind.io\/it\/webinar-gestioni-dei-fornitori-twind\/#breadcrumb"},"inLanguage":"it-IT","potentialAction":[{"@type":"ReadAction","target":["https:\/\/twind.io\/it\/webinar-gestioni-dei-fornitori-twind\/"]}]},{"@type":"ImageObject","inLanguage":"it-IT","@id":"https:\/\/twind.io\/it\/webinar-gestioni-dei-fornitori-twind\/#primaryimage","url":"https:\/\/twind.io\/it\/wp-content\/uploads\/2024\/03\/logo-twind-by-ctaima.png","contentUrl":"https:\/\/twind.io\/it\/wp-content\/uploads\/2024\/03\/logo-twind-by-ctaima.png","width":697,"height":209},{"@type":"BreadcrumbList","@id":"https:\/\/twind.io\/it\/webinar-gestioni-dei-fornitori-twind\/#breadcrumb","itemListElement":[{"@type":"ListItem","position":1,"name":"Portada","item":"https:\/\/twind.io\/it\/"},{"@type":"ListItem","position":2,"name":"Webinar comercial Twind"}]},{"@type":"WebSite","@id":"https:\/\/twind.io\/it\/#website","url":"https:\/\/twind.io\/it\/","name":"Twind \u2013 Piattaforma per la Gestione di Appaltatori e Fornitori","description":"Automatizza la gestione di appaltatori e fornitori con Twind. Semplifica tutta la documentazione con AI. Monitora accessi e conformit\u00e0 in tempo reale.","publisher":{"@id":"https:\/\/twind.io\/it\/#organization"},"potentialAction":[{"@type":"SearchAction","target":{"@type":"EntryPoint","urlTemplate":"https:\/\/twind.io\/it\/?s={search_term_string}"},"query-input":{"@type":"PropertyValueSpecification","valueRequired":true,"valueName":"search_term_string"}}],"inLanguage":"it-IT"},{"@type":"Organization","@id":"https:\/\/twind.io\/it\/#organization","name":"Twind \u2013 Piattaforma per la Gestione di Appaltatori e Fornitori","url":"https:\/\/twind.io\/it\/","logo":{"@type":"ImageObject","inLanguage":"it-IT","@id":"https:\/\/twind.io\/it\/#\/schema\/logo\/image\/","url":"https:\/\/twind.io\/it\/wp-content\/uploads\/2023\/04\/Logo-Twind.svg","contentUrl":"https:\/\/twind.io\/it\/wp-content\/uploads\/2023\/04\/Logo-Twind.svg","width":1,"height":1,"caption":"Twind \u2013 Piattaforma per la Gestione di Appaltatori e Fornitori"},"image":{"@id":"https:\/\/twind.io\/it\/#\/schema\/logo\/image\/"}}]}},"_links":{"self":[{"href":"https:\/\/twind.io\/it\/wp-json\/wp\/v2\/pages\/1774","targetHints":{"allow":["GET"]}}],"collection":[{"href":"https:\/\/twind.io\/it\/wp-json\/wp\/v2\/pages"}],"about":[{"href":"https:\/\/twind.io\/it\/wp-json\/wp\/v2\/types\/page"}],"author":[{"embeddable":true,"href":"https:\/\/twind.io\/it\/wp-json\/wp\/v2\/users\/1"}],"replies":[{"embeddable":true,"href":"https:\/\/twind.io\/it\/wp-json\/wp\/v2\/comments?post=1774"}],"version-history":[{"count":45,"href":"https:\/\/twind.io\/it\/wp-json\/wp\/v2\/pages\/1774\/revisions"}],"predecessor-version":[{"id":2596,"href":"https:\/\/twind.io\/it\/wp-json\/wp\/v2\/pages\/1774\/revisions\/2596"}],"wp:attachment":[{"href":"https:\/\/twind.io\/it\/wp-json\/wp\/v2\/media?parent=1774"}],"curies":[{"name":"wp","href":"https:\/\/api.w.org\/{rel}","templated":true}]}}