{"id":1888,"date":"2024-04-15T10:39:04","date_gmt":"2024-04-15T10:39:04","guid":{"rendered":"https:\/\/twind.io\/it\/?page_id=1888"},"modified":"2025-11-12T10:42:30","modified_gmt":"2025-11-12T10:42:30","slug":"permessi-di-lavoro-digitalizzati","status":"publish","type":"page","link":"https:\/\/twind.io\/it\/permessi-di-lavoro-digitalizzati\/","title":{"rendered":"LM &#8211; Permessi di lavoro digitalizzati"},"content":{"rendered":"<p><a href=\"https:\/\/twind.io\/it\/webinar-ed-ebook-2\/\" data-id-d=\"0\" data-dynamic-link=\"thrive_global_shortcode_url\" data-shortcode-id=\"5\" data-img-style=\"width: 100%;\"><img decoding=\"async\" src=\"https:\/\/twind.io\/it\/wp-content\/uploads\/2023\/04\/logo.png\" height=\"75\" width=\"220\" alt=\"twind\" style=\"width: 100%;\" loading=\"lazy\"><\/img><\/a><\/p>\n<h1 style=\"text-align: center;\">Come Evitare Sanzioni e Incidenti con <span style=\"--tcb-applied-color: var$(--tcb-color-4) !important; color: var(--tcb-color-4) !important;\">Permessi di Lavoro Digitalizzati<\/span><\/h1>\n<p><span><img decoding=\"async\" alt=\"\" data-id=\"1896\" width=\"413\" data-init-width=\"2480\" height=\"584\" data-init-height=\"3507\" title=\"Portada 2 - Come evitare sanzioni e incidenti con Permessi di Lavoro Digitalizzati\" src=\"https:\/\/twind.io\/it\/wp-content\/uploads\/2024\/04\/Portada-2-Come-evitare-sanzioni-e-incidenti-con-Permessi-di-Lavoro-Digitalizzati.png\" data-width=\"413\" data-height=\"584\" style=\"aspect-ratio: auto 2480 \/ 3507;\" data-link-wrap=\"true\" loading=\"lazy\"><\/span><\/p>\n<p style=\"text-align: center;\">Compila il form<\/p>\n<p style=\"text-align: center;\">Scarica gratis la nostra guida<\/p>\n\n\t\t\t\t\t\t<script>\n\t\t\t\t\t\t\twindow.hsFormsOnReady = window.hsFormsOnReady || [];\n\t\t\t\t\t\t\twindow.hsFormsOnReady.push(()=>{\n\t\t\t\t\t\t\t\thbspt.forms.create({\n\t\t\t\t\t\t\t\t\tportalId: 146424663,\n\t\t\t\t\t\t\t\t\tformId: \"b4269ee2-5a71-45af-9418-a61fb68fc795\",\n\t\t\t\t\t\t\t\t\ttarget: \"#hbspt-form-1776425750000-3359956011\",\n\t\t\t\t\t\t\t\t\tregion: \"eu1\",\n\t\t\t\t\t\t\t\t\t\n\t\t\t\t\t\t\t})});\n\t\t\t\t\t\t<\/script>\n\t\t\t\t\t\t<div class=\"hbspt-form\" id=\"hbspt-form-1776425750000-3359956011\"><\/div>\n<p style=\"\">In un mondo dove <strong>la sicurezza e la salute sul luogo di lavoro sono prioritarie<\/strong>, la gestione efficace di questi aspetti diventa cruciale per il successo e la sostenibilit\u00e0 di qualsiasi azienda. Questa sfida si intensifica negli ambienti dove \u00e8 necessaria la coordinazione con molteplici aziende, come nel caso della gestione di subappaltatori e fornitori.<\/p>\n<p style=\"\">L&#8217;Italia, come altri paesi, affronta sfide normative in materia di sicurezza sul lavoro. L&#8217;implementazione recente di misure come la patente a punti nella costruzione sottolinea l&#8217;importanza di adottare sistemi di gestione dei permessi di lavoro efficienti e conformi alla legislazione vigente.<\/p>\n<p style=\"\">I <strong>permessi di lavoro sono strumenti cruciali per prevenire rischi in ambienti lavorativi <\/strong>dove la presenza di molteplici lavoratori pu\u00f2 rappresentare una sfida. \u00c8 quindi fondamentale avere un sistema ben consolidato che garantisca la sicurezza e il rispetto delle normative.<\/p>\n<h2 style=\"\"><span style=\"--tcb-applied-color: var$(--tcb-skin-color-2) !important; color: var(--tcb-skin-color-2) !important; font-size: 23px !important;\">Cosa tratteremo in questo documento?<\/span><\/h2>\n<p><span data-contrast=\"auto\" lang=\"ES-ES\"><img decoding=\"async\" role=\"img\" alt=\"\u2705\" src=\"https:\/\/s.w.org\/images\/core\/emoji\/15.0.3\/svg\/2705.svg\" loading=\"lazy\"> <\/span><span data-contrast=\"auto\" lang=\"ES-ES\">Como gestire i permessi di lavoro in modo efficiente <\/span><\/p>\n<p><span data-contrast=\"auto\" lang=\"ES-ES\"><img decoding=\"async\" role=\"img\" alt=\"\u2705\" src=\"https:\/\/s.w.org\/images\/core\/emoji\/15.0.3\/svg\/2705.svg\" loading=\"lazy\">&nbsp;Segnali di avvertimento di un sistema di permessi di lavoro inefficace <\/span><\/p>\n<p><span data-contrast=\"auto\" lang=\"ES-ES\"><img decoding=\"async\" role=\"img\" alt=\"\u2705\" src=\"https:\/\/s.w.org\/images\/core\/emoji\/15.0.3\/svg\/2705.svg\" loading=\"lazy\">&nbsp;Come garantire la sicurezza in ogni passo e senza carta<\/span><\/p>\n<p><span data-contrast=\"auto\" lang=\"ES-ES\"><img decoding=\"async\" role=\"img\" alt=\"\u2705\" src=\"https:\/\/s.w.org\/images\/core\/emoji\/15.0.3\/svg\/2705.svg\" loading=\"lazy\"> Scaricabile: Procedura per i permessi di lavoro speciali<\/span><\/p>\n<p><span><img decoding=\"async\" alt=\"\" data-id=\"1898\" width=\"759\" data-init-width=\"2765\" height=\"490\" data-init-height=\"1784\" title=\"Frame 3\" src=\"https:\/\/twind.io\/it\/wp-content\/uploads\/2024\/04\/Frame-3.png\" data-width=\"759\" data-height=\"490\" style=\"aspect-ratio: auto 2765 \/ 1784;\" loading=\"lazy\"><\/span><\/p>\n<h2 style=\"text-align: center;\">Evita sanzioni e incidenti con permessi di lavoro digitalizzati!<\/h2>\n<p style=\"text-align: center;\">Scopri quali sono le funzionalit\u00e0 pi\u00f9 utili e quelle superflue di ogni piattaforma.&nbsp;<\/p>\n","protected":false},"excerpt":{"rendered":"<p>Come Evitare Sanzioni e Incidenti con Permessi di Lavoro Digitalizzati Compila il form Scarica gratis la nostra guida In un mondo dove la sicurezza e la salute sul luogo di lavoro sono prioritarie, la gestione efficace di questi aspetti diventa cruciale per il successo e la sostenibilit\u00e0 di qualsiasi azienda. Questa sfida si intensifica negli [&hellip;]<\/p>\n","protected":false},"author":1,"featured_media":0,"parent":0,"menu_order":0,"comment_status":"closed","ping_status":"closed","template":"","meta":{"content-type":"","footnotes":""},"class_list":["post-1888","page","type-page","status-publish","hentry","post-wrapper","thrv_wrapper"],"yoast_head":"<!-- This site is optimized with the Yoast SEO plugin v27.2 - https:\/\/yoast.com\/product\/yoast-seo-wordpress\/ -->\n<title>Permessi di Lavoro Digitalizzati: evita incidenti e sanzioni \u2013 Twind<\/title>\n<meta name=\"description\" content=\"Guida pratica ai permessi di lavoro digitali: gestisci accessi, attivit\u00e0 e responsabilit\u00e0. Pi\u00f9 sicurezza, meno incidenti e piena conformit\u00e0 normativa.\" \/>\n<meta name=\"robots\" content=\"index, follow, max-snippet:-1, max-image-preview:large, max-video-preview:-1\" \/>\n<link rel=\"canonical\" href=\"https:\/\/twind.io\/it\/permessi-di-lavoro-digitalizzati\/\" \/>\n<meta property=\"og:locale\" content=\"it_IT\" \/>\n<meta property=\"og:type\" content=\"article\" \/>\n<meta property=\"og:title\" content=\"Permessi di Lavoro Digitalizzati: evita incidenti e sanzioni \u2013 Twind\" \/>\n<meta property=\"og:description\" content=\"Guida pratica ai permessi di lavoro digitali: gestisci accessi, attivit\u00e0 e responsabilit\u00e0. Pi\u00f9 sicurezza, meno incidenti e piena conformit\u00e0 normativa.\" \/>\n<meta property=\"og:url\" content=\"https:\/\/twind.io\/it\/permessi-di-lavoro-digitalizzati\/\" \/>\n<meta property=\"og:site_name\" content=\"Twind \u2013 Piattaforma per la Gestione di Appaltatori e Fornitori\" \/>\n<meta property=\"article:modified_time\" content=\"2025-11-12T10:42:30+00:00\" \/>\n<meta property=\"og:image\" content=\"https:\/\/twind.io\/it\/wp-content\/uploads\/2023\/04\/logo.png\" \/>\n<meta name=\"twitter:card\" content=\"summary_large_image\" \/>\n<meta name=\"twitter:label1\" content=\"Tempo di lettura stimato\" \/>\n\t<meta name=\"twitter:data1\" content=\"3 minuti\" \/>\n<script type=\"application\/ld+json\" class=\"yoast-schema-graph\">{\"@context\":\"https:\/\/schema.org\",\"@graph\":[{\"@type\":\"WebPage\",\"@id\":\"https:\/\/twind.io\/it\/permessi-di-lavoro-digitalizzati\/\",\"url\":\"https:\/\/twind.io\/it\/permessi-di-lavoro-digitalizzati\/\",\"name\":\"Permessi di Lavoro Digitalizzati: evita incidenti e sanzioni \u2013 Twind\",\"isPartOf\":{\"@id\":\"https:\/\/twind.io\/it\/#website\"},\"primaryImageOfPage\":{\"@id\":\"https:\/\/twind.io\/it\/permessi-di-lavoro-digitalizzati\/#primaryimage\"},\"image\":{\"@id\":\"https:\/\/twind.io\/it\/permessi-di-lavoro-digitalizzati\/#primaryimage\"},\"thumbnailUrl\":\"https:\/\/twind.io\/it\/wp-content\/uploads\/2023\/04\/logo.png\",\"datePublished\":\"2024-04-15T10:39:04+00:00\",\"dateModified\":\"2025-11-12T10:42:30+00:00\",\"description\":\"Guida pratica ai permessi di lavoro digitali: gestisci accessi, attivit\u00e0 e responsabilit\u00e0. Pi\u00f9 sicurezza, meno incidenti e piena conformit\u00e0 normativa.\",\"breadcrumb\":{\"@id\":\"https:\/\/twind.io\/it\/permessi-di-lavoro-digitalizzati\/#breadcrumb\"},\"inLanguage\":\"it-IT\",\"potentialAction\":[{\"@type\":\"ReadAction\",\"target\":[\"https:\/\/twind.io\/it\/permessi-di-lavoro-digitalizzati\/\"]}]},{\"@type\":\"ImageObject\",\"inLanguage\":\"it-IT\",\"@id\":\"https:\/\/twind.io\/it\/permessi-di-lavoro-digitalizzati\/#primaryimage\",\"url\":\"https:\/\/twind.io\/it\/wp-content\/uploads\/2023\/04\/logo.png\",\"contentUrl\":\"https:\/\/twind.io\/it\/wp-content\/uploads\/2023\/04\/logo.png\",\"width\":220,\"height\":75,\"caption\":\"twind\"},{\"@type\":\"BreadcrumbList\",\"@id\":\"https:\/\/twind.io\/it\/permessi-di-lavoro-digitalizzati\/#breadcrumb\",\"itemListElement\":[{\"@type\":\"ListItem\",\"position\":1,\"name\":\"Portada\",\"item\":\"https:\/\/twind.io\/it\/\"},{\"@type\":\"ListItem\",\"position\":2,\"name\":\"LM &#8211; Permessi di lavoro digitalizzati\"}]},{\"@type\":\"WebSite\",\"@id\":\"https:\/\/twind.io\/it\/#website\",\"url\":\"https:\/\/twind.io\/it\/\",\"name\":\"Twind \u2013 Piattaforma per la Gestione di Appaltatori e Fornitori\",\"description\":\"Automatizza la gestione di appaltatori e fornitori con Twind. Semplifica tutta la documentazione con AI. Monitora accessi e conformit\u00e0 in tempo reale.\",\"publisher\":{\"@id\":\"https:\/\/twind.io\/it\/#organization\"},\"potentialAction\":[{\"@type\":\"SearchAction\",\"target\":{\"@type\":\"EntryPoint\",\"urlTemplate\":\"https:\/\/twind.io\/it\/?s={search_term_string}\"},\"query-input\":{\"@type\":\"PropertyValueSpecification\",\"valueRequired\":true,\"valueName\":\"search_term_string\"}}],\"inLanguage\":\"it-IT\"},{\"@type\":\"Organization\",\"@id\":\"https:\/\/twind.io\/it\/#organization\",\"name\":\"Twind \u2013 Piattaforma per la Gestione di Appaltatori e Fornitori\",\"url\":\"https:\/\/twind.io\/it\/\",\"logo\":{\"@type\":\"ImageObject\",\"inLanguage\":\"it-IT\",\"@id\":\"https:\/\/twind.io\/it\/#\/schema\/logo\/image\/\",\"url\":\"https:\/\/twind.io\/it\/wp-content\/uploads\/2023\/04\/Logo-Twind.svg\",\"contentUrl\":\"https:\/\/twind.io\/it\/wp-content\/uploads\/2023\/04\/Logo-Twind.svg\",\"width\":1,\"height\":1,\"caption\":\"Twind \u2013 Piattaforma per la Gestione di Appaltatori e Fornitori\"},\"image\":{\"@id\":\"https:\/\/twind.io\/it\/#\/schema\/logo\/image\/\"}}]}<\/script>\n<!-- \/ Yoast SEO plugin. -->","yoast_head_json":{"title":"Permessi di Lavoro Digitalizzati: evita incidenti e sanzioni \u2013 Twind","description":"Guida pratica ai permessi di lavoro digitali: gestisci accessi, attivit\u00e0 e responsabilit\u00e0. Pi\u00f9 sicurezza, meno incidenti e piena conformit\u00e0 normativa.","robots":{"index":"index","follow":"follow","max-snippet":"max-snippet:-1","max-image-preview":"max-image-preview:large","max-video-preview":"max-video-preview:-1"},"canonical":"https:\/\/twind.io\/it\/permessi-di-lavoro-digitalizzati\/","og_locale":"it_IT","og_type":"article","og_title":"Permessi di Lavoro Digitalizzati: evita incidenti e sanzioni \u2013 Twind","og_description":"Guida pratica ai permessi di lavoro digitali: gestisci accessi, attivit\u00e0 e responsabilit\u00e0. Pi\u00f9 sicurezza, meno incidenti e piena conformit\u00e0 normativa.","og_url":"https:\/\/twind.io\/it\/permessi-di-lavoro-digitalizzati\/","og_site_name":"Twind \u2013 Piattaforma per la Gestione di Appaltatori e Fornitori","article_modified_time":"2025-11-12T10:42:30+00:00","og_image":[{"url":"https:\/\/twind.io\/it\/wp-content\/uploads\/2023\/04\/logo.png","type":"","width":"","height":""}],"twitter_card":"summary_large_image","twitter_misc":{"Tempo di lettura stimato":"3 minuti"},"schema":{"@context":"https:\/\/schema.org","@graph":[{"@type":"WebPage","@id":"https:\/\/twind.io\/it\/permessi-di-lavoro-digitalizzati\/","url":"https:\/\/twind.io\/it\/permessi-di-lavoro-digitalizzati\/","name":"Permessi di Lavoro Digitalizzati: evita incidenti e sanzioni \u2013 Twind","isPartOf":{"@id":"https:\/\/twind.io\/it\/#website"},"primaryImageOfPage":{"@id":"https:\/\/twind.io\/it\/permessi-di-lavoro-digitalizzati\/#primaryimage"},"image":{"@id":"https:\/\/twind.io\/it\/permessi-di-lavoro-digitalizzati\/#primaryimage"},"thumbnailUrl":"https:\/\/twind.io\/it\/wp-content\/uploads\/2023\/04\/logo.png","datePublished":"2024-04-15T10:39:04+00:00","dateModified":"2025-11-12T10:42:30+00:00","description":"Guida pratica ai permessi di lavoro digitali: gestisci accessi, attivit\u00e0 e responsabilit\u00e0. Pi\u00f9 sicurezza, meno incidenti e piena conformit\u00e0 normativa.","breadcrumb":{"@id":"https:\/\/twind.io\/it\/permessi-di-lavoro-digitalizzati\/#breadcrumb"},"inLanguage":"it-IT","potentialAction":[{"@type":"ReadAction","target":["https:\/\/twind.io\/it\/permessi-di-lavoro-digitalizzati\/"]}]},{"@type":"ImageObject","inLanguage":"it-IT","@id":"https:\/\/twind.io\/it\/permessi-di-lavoro-digitalizzati\/#primaryimage","url":"https:\/\/twind.io\/it\/wp-content\/uploads\/2023\/04\/logo.png","contentUrl":"https:\/\/twind.io\/it\/wp-content\/uploads\/2023\/04\/logo.png","width":220,"height":75,"caption":"twind"},{"@type":"BreadcrumbList","@id":"https:\/\/twind.io\/it\/permessi-di-lavoro-digitalizzati\/#breadcrumb","itemListElement":[{"@type":"ListItem","position":1,"name":"Portada","item":"https:\/\/twind.io\/it\/"},{"@type":"ListItem","position":2,"name":"LM &#8211; Permessi di lavoro digitalizzati"}]},{"@type":"WebSite","@id":"https:\/\/twind.io\/it\/#website","url":"https:\/\/twind.io\/it\/","name":"Twind \u2013 Piattaforma per la Gestione di Appaltatori e Fornitori","description":"Automatizza la gestione di appaltatori e fornitori con Twind. Semplifica tutta la documentazione con AI. Monitora accessi e conformit\u00e0 in tempo reale.","publisher":{"@id":"https:\/\/twind.io\/it\/#organization"},"potentialAction":[{"@type":"SearchAction","target":{"@type":"EntryPoint","urlTemplate":"https:\/\/twind.io\/it\/?s={search_term_string}"},"query-input":{"@type":"PropertyValueSpecification","valueRequired":true,"valueName":"search_term_string"}}],"inLanguage":"it-IT"},{"@type":"Organization","@id":"https:\/\/twind.io\/it\/#organization","name":"Twind \u2013 Piattaforma per la Gestione di Appaltatori e Fornitori","url":"https:\/\/twind.io\/it\/","logo":{"@type":"ImageObject","inLanguage":"it-IT","@id":"https:\/\/twind.io\/it\/#\/schema\/logo\/image\/","url":"https:\/\/twind.io\/it\/wp-content\/uploads\/2023\/04\/Logo-Twind.svg","contentUrl":"https:\/\/twind.io\/it\/wp-content\/uploads\/2023\/04\/Logo-Twind.svg","width":1,"height":1,"caption":"Twind \u2013 Piattaforma per la Gestione di Appaltatori e Fornitori"},"image":{"@id":"https:\/\/twind.io\/it\/#\/schema\/logo\/image\/"}}]}},"_links":{"self":[{"href":"https:\/\/twind.io\/it\/wp-json\/wp\/v2\/pages\/1888","targetHints":{"allow":["GET"]}}],"collection":[{"href":"https:\/\/twind.io\/it\/wp-json\/wp\/v2\/pages"}],"about":[{"href":"https:\/\/twind.io\/it\/wp-json\/wp\/v2\/types\/page"}],"author":[{"embeddable":true,"href":"https:\/\/twind.io\/it\/wp-json\/wp\/v2\/users\/1"}],"replies":[{"embeddable":true,"href":"https:\/\/twind.io\/it\/wp-json\/wp\/v2\/comments?post=1888"}],"version-history":[{"count":30,"href":"https:\/\/twind.io\/it\/wp-json\/wp\/v2\/pages\/1888\/revisions"}],"predecessor-version":[{"id":4227,"href":"https:\/\/twind.io\/it\/wp-json\/wp\/v2\/pages\/1888\/revisions\/4227"}],"wp:attachment":[{"href":"https:\/\/twind.io\/it\/wp-json\/wp\/v2\/media?parent=1888"}],"curies":[{"name":"wp","href":"https:\/\/api.w.org\/{rel}","templated":true}]}}