{"id":2003,"date":"2024-05-28T14:07:13","date_gmt":"2024-05-28T14:07:13","guid":{"rendered":"https:\/\/twind.io\/it\/?page_id=2003"},"modified":"2025-11-12T11:09:29","modified_gmt":"2025-11-12T11:09:29","slug":"webinar-episodio1-francesco-dal-caos-alla-tutela","status":"publish","type":"page","link":"https:\/\/twind.io\/it\/webinar-episodio1-francesco-dal-caos-alla-tutela\/","title":{"rendered":"Webinar Episodio 1 Francesco"},"content":{"rendered":"<p><span style=\"\"><img decoding=\"async\" alt=\"Logo twind by ctaima\" data-id=\"1293\" width=\"180\" data-init-width=\"697\" height=\"54\" data-init-height=\"209\" title=\"Logo twind by ctaima\" src=\"https:\/\/twind.io\/it\/wp-content\/uploads\/2024\/03\/logo-twind-by-ctaima.png\" data-width=\"180\" data-height=\"54\" style=\"aspect-ratio: auto 697 \/ 209;\" mt-d=\"-0.5469000000000008\" ml-d=\"0\" center-v-d=\"false\" loading=\"lazy\"><\/span><\/p>\n<p style=\"text-align: center;\">Webinar Gratuito<span style=\"font-weight: normal;\"> | Episodio 1<\/span><\/p>\n<h2 style=\"text-align: center;\"><strong><span dir=\"ltr\">Dal caos alla tutela: <\/span><\/strong><\/h2>\n<h2 style=\"text-align: center;\"><strong><span dir=\"ltr\">Come destreggiarsi tra organizzazione, compliance, patente a punti e altri fardelli<\/span><\/strong><\/h2>\n<p style=\"\"><strong>Twind si unisce a Francesco Sgaramella, il &#8220;Safety U-nfluencer&#8221;, per una serie di 4 appuntamenti, con interviste approfondite ad esperti in Sicurezza e Salute sul Lavoro.<\/strong><\/p>\n<p style=\"\">In questo primo episodio, avremo il piacere di ospitare <strong>Pietro Maria Di Giovanni<\/strong>, Avvocato presso Di Giovanni &amp; Partners con sedi a Rimini, Pescara e Roma.<span data-ccp-props=\"{&quot;201341983&quot;:0,&quot;335559739&quot;:160,&quot;335559740&quot;:259}\">Unisciti al nostro webinar esclusivo e scopri le migliori pratiche per una gestione documentale impeccabile in materia di sicurezza sul lavoro. Impara come una solida compliance documentale non solo protegge i lavoratori, ma funge anche da potente scudo per la tua azienda.Durante questo evento, esploreremo:<img decoding=\"async\" role=\"img\" alt=\"\ud83c\udfaf\" src=\"https:\/\/s.w.org\/images\/core\/emoji\/15.0.3\/svg\/1f3af.svg\"> <strong>Gli adempimenti amministrativi necessari:<\/strong> Capiremo quali sono e come affrontarli con efficienza.<\/span><\/p>\n<p style=\"\"><span data-ccp-props=\"{&quot;201341983&quot;:0,&quot;335559739&quot;:160,&quot;335559740&quot;:259}\"><img decoding=\"async\" role=\"img\" alt=\"\ud83c\udfaf\" src=\"https:\/\/s.w.org\/images\/core\/emoji\/15.0.3\/svg\/1f3af.svg\"> <strong>Strategie efficaci per il controllo della documentazione: <\/strong>Scoprirai metodi pratici per mantenere tutto sotto controllo.<\/span><\/p>\n<p style=\"\"><span data-ccp-props=\"{&quot;201341983&quot;:0,&quot;335559739&quot;:160,&quot;335559740&quot;:259}\"><img decoding=\"async\" role=\"img\" alt=\"\ud83c\udfaf\" src=\"https:\/\/s.w.org\/images\/core\/emoji\/15.0.3\/svg\/1f3af.svg\"> <strong>Limitare le responsabilit\u00e0 aziendali:<\/strong> Imparerai a ridurre i rischi legali e garantire un ambiente di lavoro sicuro e conforme alle normative.<\/span><\/p>\n<\/p>\n<p><span data-ccp-props=\"{&quot;201341983&quot;:0,&quot;335559739&quot;:160,&quot;335559740&quot;:259}\">Il nostro obiettivo \u00e8 fornirti strumenti pratici e conoscenze approfondite per prevenire rischi e migliorare la tua competenza nella gestione della sicurezza sul lavoro.&nbsp;<\/span><\/p>\n<p><strong><span data-contrast=\"auto\" lang=\"ES-ES\">Cosa imparerai?<\/span><\/strong><\/p>\n<ul>\n<li style=\"color: var(--tcb-skin-color-23) !important; --tcb-applied-color: var$(--tcb-skin-color-23) !important;\"><span data-contrast=\"auto\" lang=\"ES-ES\" style=\"--tcb-applied-color: var$(--tcb-skin-color-23) !important;\">Le buone pratiche nella gestione documentale in materia di sicurezza sul lavoro.<\/span><\/li>\n<li style=\"color: var(--tcb-skin-color-23) !important; --tcb-applied-color: var$(--tcb-skin-color-23) !important;\"><span data-contrast=\"auto\" lang=\"ES-ES\" style=\"--tcb-applied-color: var$(--tcb-skin-color-23) !important;\">Compliance documentale quale strumento di difesa dell&#8217;azienda.<\/span><\/li>\n<li style=\"color: var(--tcb-skin-color-23) !important; --tcb-applied-color: var$(--tcb-skin-color-23) !important;\"><span data-contrast=\"auto\" lang=\"ES-ES\" style=\"--tcb-applied-color: var$(--tcb-skin-color-23) !important;\">Adempimenti amministrativi.<\/span><\/li>\n<li style=\"color: var(--tcb-skin-color-23) !important; --tcb-applied-color: var$(--tcb-skin-color-23) !important;\"><span data-contrast=\"auto\" lang=\"ES-ES\" style=\"--tcb-applied-color: var$(--tcb-skin-color-23) !important;\">Controllo della documentazione.<\/span><\/li>\n<li style=\"color: var(--tcb-skin-color-23) !important; --tcb-applied-color: var$(--tcb-skin-color-23) !important;\"><span data-contrast=\"auto\" lang=\"ES-ES\" style=\"--tcb-applied-color: var$(--tcb-skin-color-23) !important;\">Limitare le responsabilit\u00e0 aziendali.<\/span><span data-contrast=\"auto\" lang=\"ES-ES\" style=\"--tcb-applied-color: var$(--tcb-skin-color-23) !important;\"><\/span><\/li>\n<\/ul>\n<p tve-u-66557c34edcd99\"=\"\" style=\"text-align: left;\" \"=\"\"><span data-contrast=\"auto\" lang=\"ES-ES\" style=\"\"><\/span><span data-contrast=\"auto\" lang=\"ES-ES\" style=\"\"><\/span><span data-contrast=\"auto\" lang=\"ES-ES\" style=\"\">Questo webinar \u00e8 un&#8217;opportunit\u00e0 imperdibile per chiunque voglia assicurarsi che le pratiche aziendali siano allineate con le pi\u00f9 recenti direttive e standard di sicurezza.<\/span><\/p>\n<h3 style=\"text-align: center;\">Compila il form<\/h3>\n<p style=\"text-align: center;\">Ti invieremo l&#8217;accesso via e-mail<\/p>\n\n\t\t\t\t\t\t<script>\n\t\t\t\t\t\t\twindow.hsFormsOnReady = window.hsFormsOnReady || [];\n\t\t\t\t\t\t\twindow.hsFormsOnReady.push(()=>{\n\t\t\t\t\t\t\t\thbspt.forms.create({\n\t\t\t\t\t\t\t\t\tportalId: 146424663,\n\t\t\t\t\t\t\t\t\tformId: \"2569a2d3-3561-4578-9919-edfdda3db260\",\n\t\t\t\t\t\t\t\t\ttarget: \"#hbspt-form-1776425546000-6741349822\",\n\t\t\t\t\t\t\t\t\tregion: \"eu1\",\n\t\t\t\t\t\t\t\t\t\n\t\t\t\t\t\t\t})});\n\t\t\t\t\t\t<\/script>\n\t\t\t\t\t\t<div class=\"hbspt-form\" id=\"hbspt-form-1776425546000-6741349822\"><\/div>\n<h3 style=\"text-align: center;\"><\/h3>\n<p style=\"text-align: center;\"><span data-ccp-props=\"{&quot;201341983&quot;:0,&quot;335559739&quot;:160,&quot;335559740&quot;:259}\" style=\"\"><strong><strong>Presentato da:<\/strong><\/strong><\/span><\/p>\n<p><span style=\"\"><img decoding=\"async\" alt=\"\" data-id=\"2004\" width=\"177\" data-init-width=\"406\" height=\"147\" data-init-height=\"336\" title=\"Francesco ok1\" src=\"https:\/\/twind.io\/it\/wp-content\/uploads\/2024\/05\/Francesco-ok1.png\" data-width=\"177\" data-height=\"147\" style=\"aspect-ratio: auto 406 \/ 336;\" mt-d=\"0\" ml-d=\"-8\" center-v-d=\"false\" mt-t=\"-7.391000000000005\" ml-t=\"0\" loading=\"lazy\" center-h-d=\"false\" ml-m=\"-3.203000000000003\" mt-m=\"0\"><\/span><\/p>\n<p style=\"text-align: left;\"><span data-ccp-props=\"{&quot;201341983&quot;:0,&quot;335559739&quot;:160,&quot;335559740&quot;:259}\"><strong><span style=\"font-size: 16px !important; --tcb-applied-color: var$(--tcb-skin-color-0) !important; color: var(--tcb-skin-color-0) !important;\">Francesco Sgaramella<\/span><\/strong><\/span><\/p>\n<p style=\"text-align: left;\"><span data-ccp-props=\"{&quot;201341983&quot;:0,&quot;335559739&quot;:160,&quot;335559740&quot;:259}\" style=\"font-size: 14px !important;\">Safety U-nfluencer<strong>Libero professionista<\/strong><\/span><\/p>\n<p><span><img decoding=\"async\" alt=\"\" data-id=\"2005\" width=\"144\" data-init-width=\"309\" height=\"144\" data-init-height=\"310\" title=\"Pietro\" src=\"https:\/\/twind.io\/it\/wp-content\/uploads\/2024\/05\/pietro.png\" data-width=\"144\" data-height=\"144\" style=\"aspect-ratio: auto 309 \/ 310;\" loading=\"lazy\"><\/span><\/p>\n<p style=\"text-align: left;\"><span data-ccp-props=\"{&quot;201341983&quot;:0,&quot;335559739&quot;:160,&quot;335559740&quot;:259}\"><strong><span style=\"font-size: 16px !important; --tcb-applied-color: var$(--tcb-skin-color-0) !important; color: var(--tcb-skin-color-0) !important;\">Pietro Maria Di Giovanni<\/span><\/strong><\/span><\/p>\n<p style=\"text-align: left;\"><span data-ccp-props=\"{&quot;201341983&quot;:0,&quot;335559739&quot;:160,&quot;335559740&quot;:259}\" style=\"font-size: 14px !important;\">Avvocato<strong>Di Giovanni &amp; Partners&nbsp;<\/strong><\/span><\/p>\n","protected":false},"excerpt":{"rendered":"<p>Webinar Gratuito | Episodio 1 Dal caos alla tutela: Come destreggiarsi tra organizzazione, compliance, patente a punti e altri fardelli Twind si unisce a Francesco Sgaramella, il &#8220;Safety U-nfluencer&#8221;, per una serie di 4 appuntamenti, con interviste approfondite ad esperti in Sicurezza e Salute sul Lavoro. In questo primo episodio, avremo il piacere di ospitare [&hellip;]<\/p>\n","protected":false},"author":1,"featured_media":0,"parent":0,"menu_order":0,"comment_status":"closed","ping_status":"closed","template":"","meta":{"content-type":"","footnotes":""},"class_list":["post-2003","page","type-page","status-publish","hentry","post-wrapper","thrv_wrapper"],"yoast_head":"<!-- This site is optimized with the Yoast SEO plugin v27.2 - https:\/\/yoast.com\/product\/yoast-seo-wordpress\/ -->\n<title>WEBINAR Dal caos alla tutela: Come destreggiarsi tra organizzazione<\/title>\n<meta name=\"description\" content=\"&quot;Dal caos alla tutela&quot;: Come destreggiarsi tra organizzazione, compliance, patente a punti e altri fardelli.\" \/>\n<meta name=\"robots\" content=\"noindex, nofollow\" \/>\n<meta property=\"og:locale\" content=\"it_IT\" \/>\n<meta property=\"og:type\" content=\"article\" \/>\n<meta property=\"og:title\" content=\"WEBINAR Dal caos alla tutela: Come destreggiarsi tra organizzazione\" \/>\n<meta property=\"og:description\" content=\"&quot;Dal caos alla tutela&quot;: Come destreggiarsi tra organizzazione, compliance, patente a punti e altri fardelli.\" \/>\n<meta property=\"og:url\" content=\"https:\/\/twind.io\/it\/webinar-episodio1-francesco-dal-caos-alla-tutela\/\" \/>\n<meta property=\"og:site_name\" content=\"Twind \u2013 Piattaforma per la Gestione di Appaltatori e Fornitori\" \/>\n<meta property=\"article:modified_time\" content=\"2025-11-12T11:09:29+00:00\" \/>\n<meta property=\"og:image\" content=\"https:\/\/twind.io\/it\/wp-content\/uploads\/2024\/03\/logo-twind-by-ctaima.png\" \/>\n<meta name=\"twitter:card\" content=\"summary_large_image\" \/>\n<meta name=\"twitter:label1\" content=\"Tempo di lettura stimato\" \/>\n\t<meta name=\"twitter:data1\" content=\"3 minuti\" \/>\n<script type=\"application\/ld+json\" class=\"yoast-schema-graph\">{\"@context\":\"https:\/\/schema.org\",\"@graph\":[{\"@type\":\"WebPage\",\"@id\":\"https:\/\/twind.io\/it\/webinar-episodio1-francesco-dal-caos-alla-tutela\/\",\"url\":\"https:\/\/twind.io\/it\/webinar-episodio1-francesco-dal-caos-alla-tutela\/\",\"name\":\"WEBINAR Dal caos alla tutela: Come destreggiarsi tra organizzazione\",\"isPartOf\":{\"@id\":\"https:\/\/twind.io\/it\/#website\"},\"primaryImageOfPage\":{\"@id\":\"https:\/\/twind.io\/it\/webinar-episodio1-francesco-dal-caos-alla-tutela\/#primaryimage\"},\"image\":{\"@id\":\"https:\/\/twind.io\/it\/webinar-episodio1-francesco-dal-caos-alla-tutela\/#primaryimage\"},\"thumbnailUrl\":\"https:\/\/twind.io\/it\/wp-content\/uploads\/2024\/03\/logo-twind-by-ctaima.png\",\"datePublished\":\"2024-05-28T14:07:13+00:00\",\"dateModified\":\"2025-11-12T11:09:29+00:00\",\"description\":\"\\\"Dal caos alla tutela\\\": Come destreggiarsi tra organizzazione, compliance, patente a punti e altri fardelli.\",\"breadcrumb\":{\"@id\":\"https:\/\/twind.io\/it\/webinar-episodio1-francesco-dal-caos-alla-tutela\/#breadcrumb\"},\"inLanguage\":\"it-IT\",\"potentialAction\":[{\"@type\":\"ReadAction\",\"target\":[\"https:\/\/twind.io\/it\/webinar-episodio1-francesco-dal-caos-alla-tutela\/\"]}]},{\"@type\":\"ImageObject\",\"inLanguage\":\"it-IT\",\"@id\":\"https:\/\/twind.io\/it\/webinar-episodio1-francesco-dal-caos-alla-tutela\/#primaryimage\",\"url\":\"https:\/\/twind.io\/it\/wp-content\/uploads\/2024\/03\/logo-twind-by-ctaima.png\",\"contentUrl\":\"https:\/\/twind.io\/it\/wp-content\/uploads\/2024\/03\/logo-twind-by-ctaima.png\",\"width\":697,\"height\":209},{\"@type\":\"BreadcrumbList\",\"@id\":\"https:\/\/twind.io\/it\/webinar-episodio1-francesco-dal-caos-alla-tutela\/#breadcrumb\",\"itemListElement\":[{\"@type\":\"ListItem\",\"position\":1,\"name\":\"Portada\",\"item\":\"https:\/\/twind.io\/it\/\"},{\"@type\":\"ListItem\",\"position\":2,\"name\":\"Webinar Episodio 1 Francesco\"}]},{\"@type\":\"WebSite\",\"@id\":\"https:\/\/twind.io\/it\/#website\",\"url\":\"https:\/\/twind.io\/it\/\",\"name\":\"Twind \u2013 Piattaforma per la Gestione di Appaltatori e Fornitori\",\"description\":\"Automatizza la gestione di appaltatori e fornitori con Twind. Semplifica tutta la documentazione con AI. Monitora accessi e conformit\u00e0 in tempo reale.\",\"publisher\":{\"@id\":\"https:\/\/twind.io\/it\/#organization\"},\"potentialAction\":[{\"@type\":\"SearchAction\",\"target\":{\"@type\":\"EntryPoint\",\"urlTemplate\":\"https:\/\/twind.io\/it\/?s={search_term_string}\"},\"query-input\":{\"@type\":\"PropertyValueSpecification\",\"valueRequired\":true,\"valueName\":\"search_term_string\"}}],\"inLanguage\":\"it-IT\"},{\"@type\":\"Organization\",\"@id\":\"https:\/\/twind.io\/it\/#organization\",\"name\":\"Twind \u2013 Piattaforma per la Gestione di Appaltatori e Fornitori\",\"url\":\"https:\/\/twind.io\/it\/\",\"logo\":{\"@type\":\"ImageObject\",\"inLanguage\":\"it-IT\",\"@id\":\"https:\/\/twind.io\/it\/#\/schema\/logo\/image\/\",\"url\":\"https:\/\/twind.io\/it\/wp-content\/uploads\/2023\/04\/Logo-Twind.svg\",\"contentUrl\":\"https:\/\/twind.io\/it\/wp-content\/uploads\/2023\/04\/Logo-Twind.svg\",\"width\":1,\"height\":1,\"caption\":\"Twind \u2013 Piattaforma per la Gestione di Appaltatori e Fornitori\"},\"image\":{\"@id\":\"https:\/\/twind.io\/it\/#\/schema\/logo\/image\/\"}}]}<\/script>\n<!-- \/ Yoast SEO plugin. -->","yoast_head_json":{"title":"WEBINAR Dal caos alla tutela: Come destreggiarsi tra organizzazione","description":"\"Dal caos alla tutela\": Come destreggiarsi tra organizzazione, compliance, patente a punti e altri fardelli.","robots":{"index":"noindex","follow":"nofollow"},"og_locale":"it_IT","og_type":"article","og_title":"WEBINAR Dal caos alla tutela: Come destreggiarsi tra organizzazione","og_description":"\"Dal caos alla tutela\": Come destreggiarsi tra organizzazione, compliance, patente a punti e altri fardelli.","og_url":"https:\/\/twind.io\/it\/webinar-episodio1-francesco-dal-caos-alla-tutela\/","og_site_name":"Twind \u2013 Piattaforma per la Gestione di Appaltatori e Fornitori","article_modified_time":"2025-11-12T11:09:29+00:00","og_image":[{"url":"https:\/\/twind.io\/it\/wp-content\/uploads\/2024\/03\/logo-twind-by-ctaima.png","type":"","width":"","height":""}],"twitter_card":"summary_large_image","twitter_misc":{"Tempo di lettura stimato":"3 minuti"},"schema":{"@context":"https:\/\/schema.org","@graph":[{"@type":"WebPage","@id":"https:\/\/twind.io\/it\/webinar-episodio1-francesco-dal-caos-alla-tutela\/","url":"https:\/\/twind.io\/it\/webinar-episodio1-francesco-dal-caos-alla-tutela\/","name":"WEBINAR Dal caos alla tutela: Come destreggiarsi tra organizzazione","isPartOf":{"@id":"https:\/\/twind.io\/it\/#website"},"primaryImageOfPage":{"@id":"https:\/\/twind.io\/it\/webinar-episodio1-francesco-dal-caos-alla-tutela\/#primaryimage"},"image":{"@id":"https:\/\/twind.io\/it\/webinar-episodio1-francesco-dal-caos-alla-tutela\/#primaryimage"},"thumbnailUrl":"https:\/\/twind.io\/it\/wp-content\/uploads\/2024\/03\/logo-twind-by-ctaima.png","datePublished":"2024-05-28T14:07:13+00:00","dateModified":"2025-11-12T11:09:29+00:00","description":"\"Dal caos alla tutela\": Come destreggiarsi tra organizzazione, compliance, patente a punti e altri fardelli.","breadcrumb":{"@id":"https:\/\/twind.io\/it\/webinar-episodio1-francesco-dal-caos-alla-tutela\/#breadcrumb"},"inLanguage":"it-IT","potentialAction":[{"@type":"ReadAction","target":["https:\/\/twind.io\/it\/webinar-episodio1-francesco-dal-caos-alla-tutela\/"]}]},{"@type":"ImageObject","inLanguage":"it-IT","@id":"https:\/\/twind.io\/it\/webinar-episodio1-francesco-dal-caos-alla-tutela\/#primaryimage","url":"https:\/\/twind.io\/it\/wp-content\/uploads\/2024\/03\/logo-twind-by-ctaima.png","contentUrl":"https:\/\/twind.io\/it\/wp-content\/uploads\/2024\/03\/logo-twind-by-ctaima.png","width":697,"height":209},{"@type":"BreadcrumbList","@id":"https:\/\/twind.io\/it\/webinar-episodio1-francesco-dal-caos-alla-tutela\/#breadcrumb","itemListElement":[{"@type":"ListItem","position":1,"name":"Portada","item":"https:\/\/twind.io\/it\/"},{"@type":"ListItem","position":2,"name":"Webinar Episodio 1 Francesco"}]},{"@type":"WebSite","@id":"https:\/\/twind.io\/it\/#website","url":"https:\/\/twind.io\/it\/","name":"Twind \u2013 Piattaforma per la Gestione di Appaltatori e Fornitori","description":"Automatizza la gestione di appaltatori e fornitori con Twind. Semplifica tutta la documentazione con AI. Monitora accessi e conformit\u00e0 in tempo reale.","publisher":{"@id":"https:\/\/twind.io\/it\/#organization"},"potentialAction":[{"@type":"SearchAction","target":{"@type":"EntryPoint","urlTemplate":"https:\/\/twind.io\/it\/?s={search_term_string}"},"query-input":{"@type":"PropertyValueSpecification","valueRequired":true,"valueName":"search_term_string"}}],"inLanguage":"it-IT"},{"@type":"Organization","@id":"https:\/\/twind.io\/it\/#organization","name":"Twind \u2013 Piattaforma per la Gestione di Appaltatori e Fornitori","url":"https:\/\/twind.io\/it\/","logo":{"@type":"ImageObject","inLanguage":"it-IT","@id":"https:\/\/twind.io\/it\/#\/schema\/logo\/image\/","url":"https:\/\/twind.io\/it\/wp-content\/uploads\/2023\/04\/Logo-Twind.svg","contentUrl":"https:\/\/twind.io\/it\/wp-content\/uploads\/2023\/04\/Logo-Twind.svg","width":1,"height":1,"caption":"Twind \u2013 Piattaforma per la Gestione di Appaltatori e Fornitori"},"image":{"@id":"https:\/\/twind.io\/it\/#\/schema\/logo\/image\/"}}]}},"_links":{"self":[{"href":"https:\/\/twind.io\/it\/wp-json\/wp\/v2\/pages\/2003","targetHints":{"allow":["GET"]}}],"collection":[{"href":"https:\/\/twind.io\/it\/wp-json\/wp\/v2\/pages"}],"about":[{"href":"https:\/\/twind.io\/it\/wp-json\/wp\/v2\/types\/page"}],"author":[{"embeddable":true,"href":"https:\/\/twind.io\/it\/wp-json\/wp\/v2\/users\/1"}],"replies":[{"embeddable":true,"href":"https:\/\/twind.io\/it\/wp-json\/wp\/v2\/comments?post=2003"}],"version-history":[{"count":28,"href":"https:\/\/twind.io\/it\/wp-json\/wp\/v2\/pages\/2003\/revisions"}],"predecessor-version":[{"id":4240,"href":"https:\/\/twind.io\/it\/wp-json\/wp\/v2\/pages\/2003\/revisions\/4240"}],"wp:attachment":[{"href":"https:\/\/twind.io\/it\/wp-json\/wp\/v2\/media?parent=2003"}],"curies":[{"name":"wp","href":"https:\/\/api.w.org\/{rel}","templated":true}]}}